{"id":2891,"date":"2026-01-23T20:19:59","date_gmt":"2026-01-23T12:19:59","guid":{"rendered":"https:\/\/alexathletics1982.com\/?post_type=product&#038;p=2891"},"modified":"2026-04-10T22:29:29","modified_gmt":"2026-04-10T14:29:29","slug":"bar-olimpic-t2","status":"publish","type":"product","link":"https:\/\/alexathletics1982.com\/ro\/olympic-bar-t2\/","title":{"rendered":"Bar\u0103 olimpic\u0103-T2"},"content":{"rendered":"<h2>Superioritate tactil\u0103: Bara hibrid\u0103 cu acoperire electric\u0103 (T2)<\/h2>\n<p>Pentru puri\u0219tii care iubesc senza\u021bia de knurling brut, dar ur\u0103sc \u00eentre\u021binerea o\u021belului gol, Olympic Bar-T2 (Electro-Coating Hybrid Bar) este r\u0103spunsul. Electro-Coating (E-Coat) este o tehnologie dezvoltat\u0103 ini\u021bial pentru industria auto pentru a oferi un strat anti-coroziune sub\u021bire, incredibil de durabil. Spre deosebire de cromarea groas\u0103, care poate umple canelurile \u0219i face ca o bar\u0103 s\u0103 fie alunecoas\u0103, E-Coat este aplicat sub\u021bire la microscop. Acest lucru permite adev\u0103ratei texturi agresive a niturilor diamantate s\u0103 str\u0103luceasc\u0103, oferind o aderen\u021b\u0103 fenomenal\u0103 care se simte foarte aproape de o\u021belul brut, oferind \u00een acela\u0219i timp o protec\u021bie superioar\u0103 \u00eempotriva ruginii. Finisajul este un negru profund, satinat, care arat\u0103 agresiv \u0219i profesional.<\/p>\n<p>Din punct de vedere mecanic, T2 este o arm\u0103 de lucru construit\u0103 pentru versatilitate. Arborele este fabricat din o\u021bel aliat 42Cr cu o rezisten\u021b\u0103 la trac\u021biune de 170.000 PSI, capabil s\u0103 suporte o sarcin\u0103 static\u0103 de 1.000 lb. Sistemul de rota\u021bie al man\u0219onului prezint\u0103 o configura\u021bie hibrid\u0103 robust\u0103: buc\u0219e durabile din alam\u0103 sus\u021binute de 2 rulmen\u021bi de precizie. Acest lucru asigur\u0103 c\u0103 bara se rote\u0219te suficient de liber pentru cleans \u0219i snatches, dar r\u0103m\u00e2ne stabil\u0103 pentru presa de banc\u0103. O caracteristic\u0103 estetic\u0103 unic\u0103 a T2 este reprezentat\u0103 de man\u0219oanele din zinc alb. Acest finisaj str\u0103lucitor contrasteaz\u0103 puternic cu arborele negru, f\u0103c\u00e2nd u\u0219or de v\u0103zut mi\u0219carea pl\u0103cii \u0219i ad\u0103ug\u00e2nd un aspect clasic \u00een dou\u0103 tonuri la rack-ul dvs. Fie c\u0103 m\u0103cina\u021bi un program de powerlifting, T2 ofer\u0103 aderen\u021ba \u0219i fiabilitatea de care ave\u021bi nevoie.<\/p>\n<h3>1. Acoperire electric\u0103 de \u00eenalt\u0103 performan\u021b\u0103 (E-Coat)<\/h3>\n<p>E-Coat este caracteristica vedet\u0103 aici. Acesta ofer\u0103 o rezisten\u021b\u0103 excelent\u0103 la coroziune - mult mai bun\u0103 dec\u00e2t oxidul negru - f\u0103r\u0103 grosimea cromului sau a zincului. Acest lucru \u00eenseamn\u0103 c\u0103 zim\u021barea este mai \u201cascu\u021bit\u0103\u201d \u0219i mai sigur\u0103. Este un finisaj aplicat electric care se leag\u0103 de o\u021bel la nivel molecular, rezist\u00e2nd la a\u0219chiere \u0219i zg\u00e2riere chiar \u0219i \u00een condi\u021bii de utilizare intens\u0103. Este alegerea ideal\u0103 pentru s\u0103lile de sport din garaje umede, unde rugina este un inamic constant.<\/p>\n<h3>2. Knurling adev\u0103rat<\/h3>\n<p>Deoarece E-Coat este at\u00e2t de sub\u021bire, zim\u021barea diamantat\u0103 cu pas de 1,2 mm se simte exact a\u0219a cum a inten\u021bionat mecanicul. Ob\u021bine\u021bi o prindere sigur\u0103, antiderapant\u0103, care nu se bazeaz\u0103 pe cret\u0103 excesiv\u0103. Ad\u00e2ncimea medie (0,2 ~ 0,3 mm) este perfect\u0103 pentru antrenamentul general - suficient de aderent\u0103 pentru tragerile grele, dar nu at\u00e2t de ascu\u021bit\u0103 \u00eenc\u00e2t s\u0103 v\u0103 rup\u0103 m\u00e2inile \u00een timpul mi\u0219c\u0103rilor cu repet\u0103ri mari.<\/p>\n<h3>3. Zinc alb Contrast m\u00e2nec\u0103<\/h3>\n<p>T2 are man\u0219oane finisate \u00een zinc alb. Acesta ofer\u0103 o acoperire durabil\u0103, sacrificial\u0103, care protejeaz\u0103 o\u021belul de baz\u0103 de abraziunea constant\u0103 a pl\u0103cilor glisante. Vizual, man\u0219oanele argintii str\u0103lucitoare fa\u021b\u0103 de arborele negru creeaz\u0103 un contrast uimitor, f\u0103c\u00e2nd bara un punct de atrac\u021bie al oric\u0103rei s\u0103li de sport. De asemenea, ajut\u0103 antrenorii s\u0103 vizualizeze traseul barei de la distan\u021b\u0103.<\/p>\n<h3>4. Rota\u021bie hibrid\u0103 versatil\u0103<\/h3>\n<p>Echipat\u0103 cu 2 rulmen\u021bi \u0219i buc\u0219e din alam\u0103, T2 este conceput\u0103 pentru antrenamente \u201chibride\u201d. Nu se rote\u0219te la fel de repede ca o bar\u0103 pur cu rulmen\u021bi cu ace (care poate fi instabil\u0103 pentru benching), dar se rote\u0219te mult mai bine dec\u00e2t o bar\u0103 pur cu buc\u0219e. Aceast\u0103 pozi\u021bie intermediar\u0103 o face solu\u021bia perfect\u0103 pentru \u201co singur\u0103 bar\u0103\u201d pentru sportivii care \u00eembin\u0103 powerliftingul, culturismul \u0219i ridicarea olimpic\u0103 moderat\u0103.<\/p>\n<h3>5. Durabilitate 170,000 PSI<\/h3>\n<p>Miezul din o\u021bel aliat 42Cr asigur\u0103 c\u0103 bara are rezisten\u021ba \u0219i \u201cbiciul\u201d necesare pentru utilizarea comercial\u0103. Revine la o rectitudine real\u0103 dup\u0103 ce a fost \u00eenc\u0103rcat\u0103 \u0219i ofer\u0103 o senza\u021bie consistent\u0103. Cu o capacitate de 1.000 lb, aceasta dep\u0103\u0219e\u0219te nevoile a 99% de liftieri, oferind o marj\u0103 de siguran\u021b\u0103 care asigur\u0103 longevitatea.<\/p>\n<h3>Pentru cine este aceasta?<\/h3>\n<ul style=\"list-style-position: inside; padding-left: 0;\">\n<li>Ridicatori care acord\u0103 prioritate \u201csenza\u021biei de prindere\u201d \u0219i ascu\u021bimii nodurilor.<\/li>\n<li>Proprietarii de s\u0103li de garaj care au nevoie de o rezisten\u021b\u0103 ridicat\u0103 la coroziune (E-Coat).<\/li>\n<li>Instala\u021bii care doresc o bar\u0103 durabil\u0103, de uz general, de tip \u201cbeater\u201d.<\/li>\n<li>Sportivii care apreciaz\u0103 estetica negru \u0219i argintiu.<\/li>\n<\/ul>\n<h3>Specifica\u021biile produsului<\/h3>\n<table border=\"1\" width=\"100%\" cellspacing=\"0\" cellpadding=\"5\">\n<tbody>\n<tr>\n<td><strong>Model<\/strong><\/td>\n<td>Bar\u0103 olimpic\u0103-T2 (W01CB016)<\/td>\n<\/tr>\n<tr>\n<td><strong>Finisaj arbore<\/strong><\/td>\n<td>Acoperire electric\u0103 neagr\u0103 (E-Coat)<\/td>\n<\/tr>\n<tr>\n<td><strong>Finisaj man\u0219on<\/strong><\/td>\n<td>Zinc alb<\/td>\n<\/tr>\n<tr>\n<td><strong>Rezisten\u021ba la trac\u021biune<\/strong><\/td>\n<td>170.000 PSI<\/td>\n<\/tr>\n<tr>\n<td><strong>Rotire<\/strong><\/td>\n<td>Buc\u0219\u0103 de alam\u0103 \u0219i 2 rulmen\u021bi<\/td>\n<\/tr>\n<tr>\n<td><strong>Capacitate de \u00eenc\u0103rcare<\/strong><\/td>\n<td>1,000 lbs<\/td>\n<\/tr>\n<\/tbody>\n<\/table>","protected":false},"excerpt":{"rendered":"<p>Olympic Bar-T2 de la Alex Athletics ofer\u0103 combina\u021bia perfect\u0103 de aderen\u021b\u0103 \u0219i durabilitate cu tehnologia sa Electro-Coating (E-Coat). Acest finisaj negru ultra-sub\u021bire protejeaz\u0103 \u00eempotriva ruginii, permi\u021b\u00e2nd \u00een acela\u0219i timp texturii ascu\u021bite a canelurilor s\u0103 str\u0103luceasc\u0103 pentru o aderen\u021b\u0103 superioar\u0103. Dispun\u00e2nd de man\u0219oane distincte din zinc alb \u0219i un sistem de rota\u021bie hibrid (2 rulmen\u021bi + buc\u0219e), acesta ofer\u0103 performan\u021be versatile at\u00e2t pentru ridic\u0103ri lente, c\u00e2t \u0219i rapide. Construit din o\u021bel aliat de 170.000 PSI cu o capacitate de 1.000 lb, T2 este un cal de munc\u0103 robust, \u00een dou\u0103 tonuri, ideal pentru s\u0103lile de garaj \u0219i sportivii de fitness func\u021bional care solicit\u0103 precizie tactil\u0103.<\/p>","protected":false},"featured_media":3404,"comment_status":"open","ping_status":"closed","template":"","meta":{"inline_featured_image":false,"site-sidebar-layout":"default","site-content-layout":"","ast-site-content-layout":"default","site-content-style":"default","site-sidebar-style":"default","ast-global-header-display":"","ast-banner-title-visibility":"","ast-main-header-display":"","ast-hfb-above-header-display":"","ast-hfb-below-header-display":"","ast-hfb-mobile-header-display":"","site-post-title":"","ast-breadcrumbs-content":"","ast-featured-img":"","footer-sml-layout":"","ast-disable-related-posts":"","theme-transparent-header-meta":"default","adv-header-id-meta":"","stick-header-meta":"default","header-above-stick-meta":"","header-main-stick-meta":"","header-below-stick-meta":"","astra-migrate-meta-layouts":"set","ast-page-background-enabled":"default","ast-page-background-meta":{"desktop":{"background-color":"","background-image":"","background-repeat":"repeat","background-position":"center center","background-size":"auto","background-attachment":"scroll","background-type":"","background-media":"","overlay-type":"","overlay-color":"","overlay-opacity":"","overlay-gradient":""},"tablet":{"background-color":"","background-image":"","background-repeat":"repeat","background-position":"center center","background-size":"auto","background-attachment":"scroll","background-type":"","background-media":"","overlay-type":"","overlay-color":"","overlay-opacity":"","overlay-gradient":""},"mobile":{"background-color":"","background-image":"","background-repeat":"repeat","background-position":"center center","background-size":"auto","background-attachment":"scroll","background-type":"","background-media":"","overlay-type":"","overlay-color":"","overlay-opacity":"","overlay-gradient":""}},"ast-content-background-meta":{"desktop":{"background-color":"var(--ast-global-color-5)","background-image":"","background-repeat":"repeat","background-position":"center center","background-size":"auto","background-attachment":"scroll","background-type":"","background-media":"","overlay-type":"","overlay-color":"","overlay-opacity":"","overlay-gradient":""},"tablet":{"background-color":"var(--ast-global-color-5)","background-image":"","background-repeat":"repeat","background-position":"center center","background-size":"auto","background-attachment":"scroll","background-type":"","background-media":"","overlay-type":"","overlay-color":"","overlay-opacity":"","overlay-gradient":""},"mobile":{"background-color":"var(--ast-global-color-5)","background-image":"","background-repeat":"repeat","background-position":"center center","background-size":"auto","background-attachment":"scroll","background-type":"","background-media":"","overlay-type":"","overlay-color":"","overlay-opacity":"","overlay-gradient":""}}},"product_brand":[],"product_cat":[55],"product_tag":[58],"class_list":{"0":"post-2891","1":"product","2":"type-product","3":"status-publish","4":"has-post-thumbnail","6":"product_cat-free-weight-training","7":"product_tag-carry-bars","8":"desktop-align-left","9":"tablet-align-left","10":"mobile-align-left","12":"first","13":"instock","14":"shipping-taxable","15":"purchasable","16":"product-type-simple"},"_links":{"self":[{"href":"https:\/\/alexathletics1982.com\/ro\/wp-json\/wp\/v2\/product\/2891","targetHints":{"allow":["GET"]}}],"collection":[{"href":"https:\/\/alexathletics1982.com\/ro\/wp-json\/wp\/v2\/product"}],"about":[{"href":"https:\/\/alexathletics1982.com\/ro\/wp-json\/wp\/v2\/types\/product"}],"replies":[{"embeddable":true,"href":"https:\/\/alexathletics1982.com\/ro\/wp-json\/wp\/v2\/comments?post=2891"}],"wp:featuredmedia":[{"embeddable":true,"href":"https:\/\/alexathletics1982.com\/ro\/wp-json\/wp\/v2\/media\/3404"}],"wp:attachment":[{"href":"https:\/\/alexathletics1982.com\/ro\/wp-json\/wp\/v2\/media?parent=2891"}],"wp:term":[{"taxonomy":"product_brand","embeddable":true,"href":"https:\/\/alexathletics1982.com\/ro\/wp-json\/wp\/v2\/product_brand?post=2891"},{"taxonomy":"product_cat","embeddable":true,"href":"https:\/\/alexathletics1982.com\/ro\/wp-json\/wp\/v2\/product_cat?post=2891"},{"taxonomy":"product_tag","embeddable":true,"href":"https:\/\/alexathletics1982.com\/ro\/wp-json\/wp\/v2\/product_tag?post=2891"}],"curies":[{"name":"wp","href":"https:\/\/api.w.org\/{rel}","templated":true}]}}