{"id":2892,"date":"2026-01-23T20:19:59","date_gmt":"2026-01-23T12:19:59","guid":{"rendered":"https:\/\/alexathletics1982.com\/?post_type=product&#038;p=2892"},"modified":"2026-04-10T22:45:06","modified_gmt":"2026-04-10T14:45:06","slug":"bar-olimpic-t3","status":"publish","type":"product","link":"https:\/\/alexathletics1982.com\/ro\/olympic-bar-t3\/","title":{"rendered":"Bar\u0103 olimpic\u0103-T3"},"content":{"rendered":"<h2>Spinnerul: Bar\u0103 olimpic\u0103-T3<\/h2>\n<p>C\u00e2nd ridicarea dinamic\u0103 este prioritar\u0103, viteza de rota\u021bie a barei devine factorul critic. Bara olimpic\u0103 T3 de la Alex Athletics preia funda\u021bia durabil\u0103 a barei T2 \u0219i o supraalimenteaz\u0103 cu un sistem de rulmen\u021bi \u00eembun\u0103t\u0103\u021bit. \u00cen loc de configura\u021bia standard cu 2 rulmen\u021bi, T3 este echipat\u0103 cu <strong>4 rulmen\u021bi de precizie<\/strong> per man\u0219on (plus buc\u0219e). Acest upgrade reduce semnificativ frecarea, permi\u021b\u00e2nd man\u0219oanelor s\u0103 se roteasc\u0103 mai repede \u0219i mai liber. Pentru atlet, acest lucru \u00eenseamn\u0103 o rota\u021bie mai lin\u0103 \u00een timpul Snatch \u0219i Clean &amp; Jerk, ceea ce duce la mai pu\u021bin stres asupra \u00eencheieturilor \u0219i coatelor \u0219i o rat\u0103 mai mare de succes la ridic\u0103rile maxime. Se creeaz\u0103 un sentiment de \u201cimponderabilitate\u201d pe m\u0103sur\u0103 ce sportivul se trage sub bar\u0103.<\/p>\n<p>La fel ca \u0219i fratele s\u0103u, modelul T3 are o acoperire electrolitic\u0103 premium (E-Coat) pe ax. Aceasta ofer\u0103 aceea\u0219i rezisten\u021b\u0103 superioar\u0103 la coroziune \u0219i senza\u021bia de \u201co\u021bel brut\u201d pe care o iubesc lifterii serio\u0219i. Cu toate acestea, T3 \u00eembun\u0103t\u0103\u021be\u0219te man\u0219oanele la Chemical Chrome cu un finisaj lustruit. Aceasta este o suprafa\u021b\u0103 mai dur\u0103 \u0219i mai rezistent\u0103 la zg\u00e2rieturi dec\u00e2t zincul, conceput\u0103 pentru a rezista la alunecarea pl\u0103cilor de protec\u021bie de-a lungul anilor de utilizare comercial\u0103 f\u0103r\u0103 a prezenta uzur\u0103.<\/p>\n<h3>1. Sistem actualizat de rota\u021bie cu 4 rulmen\u021bi<\/h3>\n<p>Preten\u021bia la faim\u0103 a T3 este rotirea sa. Cu 4 rulmen\u021bi \u00een ansamblu, iner\u021bia rota\u021bional\u0103 este minimizat\u0103. Aceasta este o diferen\u021b\u0103 tangibil\u0103 pe care o pute\u021bi sim\u021bi \u00een timpul mi\u0219c\u0103rilor explozive. Greut\u0103\u021bile se rotesc independent de arbore cu o rezisten\u021b\u0103 minim\u0103, protej\u00e2ndu-v\u0103 articula\u021biile \u0219i permi\u021b\u00e2nd o tranzi\u021bie f\u0103r\u0103 probleme de la faza de tragere la cea de prindere a unei ridic\u0103ri olimpice.<\/p>\n<h3>2. E-Coat pentru aderen\u021b\u0103 maxim\u0103<\/h3>\n<p>Acoperirea electric\u0103 neagr\u0103 este aplicat\u0103 sub\u021bire \u0219i uniform, p\u0103str\u00e2nd geometria canelurilor diamantate. Acest lucru asigur\u0103 o prindere sigur\u0103 \u0219i constant\u0103 chiar \u0219i atunci c\u00e2nd m\u00e2inile sunt transpirate, f\u0103r\u0103 senza\u021bia alunecoas\u0103 a cromului decorativ gros. Aceasta combin\u0103 \u00eentre\u021binerea redus\u0103 a unei bare acoperite cu performan\u021ba unei bare brute.<\/p>\n<h3>3. Man\u0219oane durabile cu crom chimic<\/h3>\n<p>Man\u0219oanele de pe T3 au un finisaj de crom chimic. Aceast\u0103 placare industrial\u0103 este extrem de dur\u0103 \u0219i neted\u0103. Ofer\u0103 mai pu\u021bin\u0103 frecare dec\u00e2t zincul, facilit\u00e2nd \u00eenc\u0103rcarea pl\u0103cilor, \u0219i este foarte rezistent la zg\u00e2rieturile \u0219i cicatricile care apar de la inser\u021biile de pl\u0103ci metalice. Astfel, bara p\u0103streaz\u0103 un aspect profesional \u0219i nou pentru mai mult timp.<\/p>\n<h3>4. 170,000 PSI O\u021bel aliat<\/h3>\n<p>Miezul barei este din o\u021bel aliat 42Cr. Aceast\u0103 metalurgie ofer\u0103 echilibrul perfect \u00eentre rigiditate \u0219i biciul elastic. Este suficient de rezistent\u0103 pentru a face fa\u021b\u0103 abuzurilor zilnice \u00eentr-un mediu de sal\u0103 comercial\u0103, dar suficient de receptiv\u0103 pentru a oferi feedback cinetic \u00een timpul ridic\u0103rilor dinamice. Indicele static de 1.000 lb este o dovad\u0103 a integrit\u0103\u021bii sale structurale.<\/p>\n<h3>5. Specialistul \u00een formare \u00eencruci\u0219at\u0103<\/h3>\n<p>\u00cen timp ce T1 \u0219i T2 sunt generaliste, T3 este o bar\u0103 specializat\u0103 pentru mi\u0219c\u0103ri dinamice. Aceasta face leg\u0103tura \u00eentre o bar\u0103 standard de sal\u0103 \u0219i o bar\u0103 de haltere dedicat\u0103 competi\u021biilor $800. Ofer\u0103 rota\u021bia necesar\u0103 pentru o practic\u0103 serioas\u0103 de ridicare Oly la un pre\u021b accesibil pentru s\u0103lile de sport de garaj.<\/p>\n<h3>Pentru cine este aceasta?<\/h3>\n<ul style=\"list-style-position: inside; padding-left: 0;\">\n<li>Halterofilii care au nevoie de o bar\u0103 de antrenament cu rota\u021bie ridicat\u0103.<\/li>\n<li>s\u0103li de sport care doresc s\u0103 \u00ee\u0219i \u00eembun\u0103t\u0103\u021beasc\u0103 stocul general de bare cu ceva mai rapid.<\/li>\n<li>Lifters care apreciaz\u0103 durabilitatea man\u0219oanelor Chemical Chrome.<\/li>\n<li>Oricine se confrunt\u0103 cu dureri la \u00eencheietura m\u00e2inii de la barele care se rotesc lent.<\/li>\n<\/ul>\n<h3>Specifica\u021biile produsului<\/h3>\n<table border=\"1\" width=\"100%\" cellspacing=\"0\" cellpadding=\"5\">\n<tbody>\n<tr>\n<td><strong>Model<\/strong><\/td>\n<td>Bar\u0103 olimpic\u0103-T3 (W01CB017)<\/td>\n<\/tr>\n<tr>\n<td><strong>Finisaj arbore<\/strong><\/td>\n<td>Acoperire electric\u0103 neagr\u0103 (E-Coat)<\/td>\n<\/tr>\n<tr>\n<td><strong>Finisaj man\u0219on<\/strong><\/td>\n<td>Crom chimic \u0219i lustruit<\/td>\n<\/tr>\n<tr>\n<td><strong>Rezisten\u021ba la trac\u021biune<\/strong><\/td>\n<td>170.000 PSI<\/td>\n<\/tr>\n<tr>\n<td><strong>Rotire<\/strong><\/td>\n<td>Buc\u0219\u0103 din alam\u0103 &amp; <strong>4 Rulmen\u021bi<\/strong><\/td>\n<\/tr>\n<tr>\n<td><strong>Capacitate de \u00eenc\u0103rcare<\/strong><\/td>\n<td>1,000 lbs<\/td>\n<\/tr>\n<\/tbody>\n<\/table>","protected":false},"excerpt":{"rendered":"<p>Olympic Bar-T3 de la Alex Athletics este o bar\u0103 axat\u0103 pe performan\u021b\u0103, proiectat\u0103 pentru vitez\u0103 \u0219i dinamic\u0103. Actualizat\u0103 cu un sistem de rota\u021bie cu 4 rulmen\u021bi, aceasta ofer\u0103 o rota\u021bie superioar\u0103 pentru halterele olimpice, reduc\u00e2nd cuplul \u00eencheieturii m\u00e2inii \u0219i \u00eembun\u0103t\u0103\u021bind viteza de rota\u021bie. Arborele are o acoperire durabil\u0103 Electro-Coat (E-Coat) pentru o textur\u0103 excelent\u0103 de prindere \u0219i rezisten\u021b\u0103 la rugin\u0103, \u00een timp ce man\u0219oanele sunt finisate \u00een crom chimic rezistent. Cu o rezisten\u021b\u0103 la trac\u021biune de 170.000 PSI \u0219i o capacitate de 1.000 lb, T3 este alegerea ideal\u0103 pentru sportivii care solicit\u0103 o halter\u0103 mai rapid\u0103 \u0219i mai receptiv\u0103.<\/p>","protected":false},"featured_media":3788,"comment_status":"open","ping_status":"closed","template":"","meta":{"inline_featured_image":false,"site-sidebar-layout":"default","site-content-layout":"","ast-site-content-layout":"default","site-content-style":"default","site-sidebar-style":"default","ast-global-header-display":"","ast-banner-title-visibility":"","ast-main-header-display":"","ast-hfb-above-header-display":"","ast-hfb-below-header-display":"","ast-hfb-mobile-header-display":"","site-post-title":"","ast-breadcrumbs-content":"","ast-featured-img":"","footer-sml-layout":"","ast-disable-related-posts":"","theme-transparent-header-meta":"default","adv-header-id-meta":"","stick-header-meta":"default","header-above-stick-meta":"","header-main-stick-meta":"","header-below-stick-meta":"","astra-migrate-meta-layouts":"set","ast-page-background-enabled":"default","ast-page-background-meta":{"desktop":{"background-color":"","background-image":"","background-repeat":"repeat","background-position":"center center","background-size":"auto","background-attachment":"scroll","background-type":"","background-media":"","overlay-type":"","overlay-color":"","overlay-opacity":"","overlay-gradient":""},"tablet":{"background-color":"","background-image":"","background-repeat":"repeat","background-position":"center center","background-size":"auto","background-attachment":"scroll","background-type":"","background-media":"","overlay-type":"","overlay-color":"","overlay-opacity":"","overlay-gradient":""},"mobile":{"background-color":"","background-image":"","background-repeat":"repeat","background-position":"center center","background-size":"auto","background-attachment":"scroll","background-type":"","background-media":"","overlay-type":"","overlay-color":"","overlay-opacity":"","overlay-gradient":""}},"ast-content-background-meta":{"desktop":{"background-color":"var(--ast-global-color-5)","background-image":"","background-repeat":"repeat","background-position":"center center","background-size":"auto","background-attachment":"scroll","background-type":"","background-media":"","overlay-type":"","overlay-color":"","overlay-opacity":"","overlay-gradient":""},"tablet":{"background-color":"var(--ast-global-color-5)","background-image":"","background-repeat":"repeat","background-position":"center center","background-size":"auto","background-attachment":"scroll","background-type":"","background-media":"","overlay-type":"","overlay-color":"","overlay-opacity":"","overlay-gradient":""},"mobile":{"background-color":"var(--ast-global-color-5)","background-image":"","background-repeat":"repeat","background-position":"center center","background-size":"auto","background-attachment":"scroll","background-type":"","background-media":"","overlay-type":"","overlay-color":"","overlay-opacity":"","overlay-gradient":""}}},"product_brand":[],"product_cat":[55],"product_tag":[58],"class_list":{"0":"post-2892","1":"product","2":"type-product","3":"status-publish","4":"has-post-thumbnail","6":"product_cat-free-weight-training","7":"product_tag-carry-bars","8":"desktop-align-left","9":"tablet-align-left","10":"mobile-align-left","12":"first","13":"instock","14":"shipping-taxable","15":"purchasable","16":"product-type-simple"},"_links":{"self":[{"href":"https:\/\/alexathletics1982.com\/ro\/wp-json\/wp\/v2\/product\/2892","targetHints":{"allow":["GET"]}}],"collection":[{"href":"https:\/\/alexathletics1982.com\/ro\/wp-json\/wp\/v2\/product"}],"about":[{"href":"https:\/\/alexathletics1982.com\/ro\/wp-json\/wp\/v2\/types\/product"}],"replies":[{"embeddable":true,"href":"https:\/\/alexathletics1982.com\/ro\/wp-json\/wp\/v2\/comments?post=2892"}],"wp:featuredmedia":[{"embeddable":true,"href":"https:\/\/alexathletics1982.com\/ro\/wp-json\/wp\/v2\/media\/3788"}],"wp:attachment":[{"href":"https:\/\/alexathletics1982.com\/ro\/wp-json\/wp\/v2\/media?parent=2892"}],"wp:term":[{"taxonomy":"product_brand","embeddable":true,"href":"https:\/\/alexathletics1982.com\/ro\/wp-json\/wp\/v2\/product_brand?post=2892"},{"taxonomy":"product_cat","embeddable":true,"href":"https:\/\/alexathletics1982.com\/ro\/wp-json\/wp\/v2\/product_cat?post=2892"},{"taxonomy":"product_tag","embeddable":true,"href":"https:\/\/alexathletics1982.com\/ro\/wp-json\/wp\/v2\/product_tag?post=2892"}],"curies":[{"name":"wp","href":"https:\/\/api.w.org\/{rel}","templated":true}]}}