{"id":2929,"date":"2026-01-23T20:20:20","date_gmt":"2026-01-23T12:20:20","guid":{"rendered":"https:\/\/alexathletics1982.com\/?post_type=product&#038;p=2929"},"modified":"2026-04-08T23:46:19","modified_gmt":"2026-04-08T15:46:19","slug":"dodecagon-cpu-acoperit-dumbbell-imprimare-uv","status":"publish","type":"product","link":"https:\/\/alexathletics1982.com\/ro\/dodecagon-cpu-coated-dumbbell-uv-printing\/","title":{"rendered":"Dodecagon CPU halter\u0103 acoperit\u0103 (imprimare UV)"},"content":{"rendered":"<h2>Greutatea suprem\u0103: Dodecagon CPU Coated Dumbbell<\/h2>\n<p>Pentru ridicarea grea, durabilitatea \u0219i stabilitatea nu sunt negociabile. Dodecagon CPU Coated Dumbbell de la Alex Athletics reprezint\u0103 apogeul designului greut\u0103\u021bilor libere grele. \u201cCPU\u201d vine de la Cast Polyurethane, cel mai \u00eenalt grad de uretan disponibil. Este semnificativ mai dur\u0103 dec\u00e2t TPU sau cauciucul, oferind o rezisten\u021b\u0103 de neegalat la t\u0103iere, impact \u0219i hidroliz\u0103 (descompunerea din cauza umidit\u0103\u021bii). Acest lucru face ca aceste haltere s\u0103 fie practic indestructibile, capabile s\u0103 reziste la abuzul unei s\u0103li de greut\u0103\u021bi comerciale aglomerate timp de decenii. Forma unic\u0103 a capului \u201cDodecagon\u201d (cu 12 fe\u021be) este o inova\u021bie func\u021bional\u0103 str\u0103lucit\u0103. Ofer\u0103 stabilitatea anti-rulare a unei haltere hexagonale cu confortul \u0219i profilul f\u0103r\u0103 ag\u0103\u021b\u0103ri al unei haltere rotunde. Pute\u021bi s\u0103 le a\u0219eza\u021bi pe podea \u00eentre seturi cu \u00eencrederea c\u0103 nu se vor rostogoli, dar numeroasele fa\u021bete permit un contact mai neted cu coapsele \u00een timpul preg\u0103tirii pentru presele grele.<\/p>\n<p>M\u00e2nerul este o capodoper\u0103 a ingineriei: un arbore solid din o\u021bel finisat \u00een crom dur. Aceast\u0103 placare este ultra-durabil\u0103 \u0219i rezistent\u0103 la rugin\u0103. Mofturile sunt precise \u0219i aderente, asigur\u00e2nd o prindere sigur\u0103 chiar \u0219i atunci c\u00e2nd se manipuleaz\u0103 greut\u0103\u021bi masive de 50 kg. Conexiunea dintre capul CPU \u0219i m\u00e2ner este blocat\u0103 mecanic \u0219i lipit\u0103 chimic, garantat\u0103 \u00eempotriva separ\u0103rii. Cu o gam\u0103 de greut\u0103\u021bi care se \u00eentinde de la 2 kg p\u00e2n\u0103 la 50 kg, aceste gantere sunt construite pentru antrenamente serioase de for\u021b\u0103 - prese toracice, r\u00e2nduri, fand\u0103ri \u0219i smulsuri. Acestea ofer\u0103 aspectul profesional, senza\u021bia \u0219i performan\u021ba celor mai bune s\u0103li de sport din lume.<\/p>\n<h3>1. Material Elite CPU (uretan turnat)<\/h3>\n<p>CPU este regele materialelor. Este mai dur, mai dens \u0219i mai durabil dec\u00e2t cauciucul sau uretanul standard. Nu se fisureaz\u0103, nu se coje\u0219te \u0219i nu se decoloreaz\u0103. Nu are niciun miros. Cel mai important, v\u0103 protejeaz\u0103 celelalte echipamente; nu va marca b\u0103ncile sau podelele a\u0219a cum o poate face cauciucul negru. Este o investi\u021bie \u00een permanen\u021b\u0103.<\/p>\n<h3>2. Design antiruliu cu 12 fe\u021be<\/h3>\n<p>Forma Dodecagon ofer\u0103 ce este mai bun din ambele lumi. Nu se va rostogoli ca o halter\u0103 rotund\u0103, ceea ce reprezint\u0103 un pericol pentru siguran\u021b\u0103 \u00eentr-o sal\u0103 de sport aglomerat\u0103. Cu toate acestea, unghiurile sunt suficient de obtuze \u00eenc\u00e2t s\u0103 nu aib\u0103 marginile ascu\u021bite \u0219i incomode ale unei haltere hexagonale. Se a\u0219eaz\u0103 confortabil pe coapse \u00eenainte de a lovi cu piciorul \u00een sus pentru o pres\u0103 la banc\u0103.<\/p>\n<h3>3. M\u00e2ner zim\u021bat cromat dur<\/h3>\n<p>Interfa\u021ba este crucial\u0103. M\u00e2nerul are un diametru de 32 mm (tipic pentru clopotele grele) cu un finisaj cromat dur. Aceasta este cea mai durabil\u0103 placare disponibil\u0103, rezist\u00e2nd la coroziunea produs\u0103 de transpira\u021bie \u0219i cret\u0103. Knurling-ul este suficient de agresiv pentru o prindere grea de deadlift, dar suficient de rafinat pentru a nu rupe pielea.<\/p>\n<h3>4. Capacitate de greutate mare (p\u00e2n\u0103 la 50 kg)<\/h3>\n<p>Aceast\u0103 serie este construit\u0103 pentru for\u021b\u0103. Ajung\u00e2nd p\u00e2n\u0103 la 50 kg, se potrive\u0219te lifterilor de elit\u0103. Materialul CPU permite capetelor s\u0103 r\u0103m\u00e2n\u0103 relativ compacte chiar \u0219i la greut\u0103\u021bi mari, men\u021bin\u00e2nd centrul de greutate str\u00e2ns \u0219i haltera manevrabil\u0103 \u00een timpul mi\u0219c\u0103rilor precum presa de umeri.<\/p>\n<h3>5. Stabilitatea exerci\u021biilor pe baz\u0103 de podea<\/h3>\n<p>Fa\u021betele plate ale capului cu 12 fe\u021be fac ca aceste haltere s\u0103 fie excelente pentru exerci\u021biile pe podea, cum ar fi renegade rows sau push-ups. Acestea ofer\u0103 o platform\u0103 stabil\u0103 care nu se va cl\u0103tina sau r\u0103suci sub greutatea dvs., ad\u0103ug\u00e2nd versatilitate de antrenament func\u021bional la utilizarea lor principal\u0103.<\/p>\n<h3>Pentru cine este aceasta?<\/h3>\n<ul style=\"list-style-position: inside; padding-left: 0;\">\n<li>s\u0103li de sport comerciale care necesit\u0103 echipamente \u201crezistente la bombe\u201d.<\/li>\n<li>Powerlifters \u0219i culturisti serio\u0219i.<\/li>\n<li>Instala\u021bii care doresc o estetic\u0103 premium, uniform\u0103.<\/li>\n<li>Proprietarii de s\u0103li de sport la domiciliu care doresc s\u0103 cumpere gantere o dat\u0103 \u0219i niciodat\u0103 din nou.<\/li>\n<li>Sportivi care fac pres\u0103ri \u0219i r\u00e2nduri grele cu haltere.<\/li>\n<\/ul>\n<h3>Specifica\u021biile produsului<\/h3>\n<table border=\"1\" width=\"100%\" cellspacing=\"0\" cellpadding=\"5\">\n<tbody>\n<tr>\n<td><strong>Model<\/strong><\/td>\n<td>W03AC005<\/td>\n<\/tr>\n<tr>\n<td><strong>Material<\/strong><\/td>\n<td>O\u021bel, CPU (poliuretan turnat)<\/td>\n<\/tr>\n<tr>\n<td><strong>Form\u0103<\/strong><\/td>\n<td>Dodecagon (12 fe\u021be)<\/td>\n<\/tr>\n<tr>\n<td><strong>M\u00e2ner<\/strong><\/td>\n<td>Crom dur, canelat (Dia. 32mm)<\/td>\n<\/tr>\n<tr>\n<td><strong>Interval de greutate<\/strong><\/td>\n<td>2 ~ 50 kg<\/td>\n<\/tr>\n<\/tbody>\n<\/table>","protected":false},"excerpt":{"rendered":"<p>Dodecagon CPU Coated Dumbbell de la Alex Athletics este cea mai bun\u0103 greutate liber\u0103 de grad comercial. \u00cenvelit\u0103 \u00een elite Cast Polyurethane (CPU), ofer\u0103 o durabilitate de neegalat, rezist\u00e2nd la t\u0103ieturi, exfoliere \u0219i miros. Designul inovator cu 12 fe\u021be previne rostogolirea pentru siguran\u021b\u0103, oferind \u00een acela\u0219i timp un profil confortabil pentru ridicarea grea. Dispun\u00e2nd de un m\u00e2ner cromat dur zim\u021bat pentru o prindere sigur\u0103, aceast\u0103 serie variaz\u0103 p\u00e2n\u0103 la 50 kg, ceea ce o face perfect\u0103 pentru antrenamente serioase de for\u021b\u0103 \u00een facilit\u0103\u021bi profesionale \u0219i s\u0103li de sport premium acas\u0103.<\/p>","protected":false},"featured_media":3664,"comment_status":"open","ping_status":"closed","template":"","meta":{"inline_featured_image":false,"site-sidebar-layout":"default","site-content-layout":"","ast-site-content-layout":"default","site-content-style":"default","site-sidebar-style":"default","ast-global-header-display":"","ast-banner-title-visibility":"","ast-main-header-display":"","ast-hfb-above-header-display":"","ast-hfb-below-header-display":"","ast-hfb-mobile-header-display":"","site-post-title":"","ast-breadcrumbs-content":"","ast-featured-img":"","footer-sml-layout":"","ast-disable-related-posts":"","theme-transparent-header-meta":"default","adv-header-id-meta":"","stick-header-meta":"default","header-above-stick-meta":"","header-main-stick-meta":"","header-below-stick-meta":"","astra-migrate-meta-layouts":"set","ast-page-background-enabled":"default","ast-page-background-meta":{"desktop":{"background-color":"","background-image":"","background-repeat":"repeat","background-position":"center center","background-size":"auto","background-attachment":"scroll","background-type":"","background-media":"","overlay-type":"","overlay-color":"","overlay-opacity":"","overlay-gradient":""},"tablet":{"background-color":"","background-image":"","background-repeat":"repeat","background-position":"center center","background-size":"auto","background-attachment":"scroll","background-type":"","background-media":"","overlay-type":"","overlay-color":"","overlay-opacity":"","overlay-gradient":""},"mobile":{"background-color":"","background-image":"","background-repeat":"repeat","background-position":"center center","background-size":"auto","background-attachment":"scroll","background-type":"","background-media":"","overlay-type":"","overlay-color":"","overlay-opacity":"","overlay-gradient":""}},"ast-content-background-meta":{"desktop":{"background-color":"var(--ast-global-color-5)","background-image":"","background-repeat":"repeat","background-position":"center center","background-size":"auto","background-attachment":"scroll","background-type":"","background-media":"","overlay-type":"","overlay-color":"","overlay-opacity":"","overlay-gradient":""},"tablet":{"background-color":"var(--ast-global-color-5)","background-image":"","background-repeat":"repeat","background-position":"center center","background-size":"auto","background-attachment":"scroll","background-type":"","background-media":"","overlay-type":"","overlay-color":"","overlay-opacity":"","overlay-gradient":""},"mobile":{"background-color":"var(--ast-global-color-5)","background-image":"","background-repeat":"repeat","background-position":"center center","background-size":"auto","background-attachment":"scroll","background-type":"","background-media":"","overlay-type":"","overlay-color":"","overlay-opacity":"","overlay-gradient":""}}},"product_brand":[],"product_cat":[55],"product_tag":[60],"class_list":{"0":"post-2929","1":"product","2":"type-product","3":"status-publish","4":"has-post-thumbnail","6":"product_cat-free-weight-training","7":"product_tag-dumbbell","8":"desktop-align-left","9":"tablet-align-left","10":"mobile-align-left","12":"first","13":"instock","14":"shipping-taxable","15":"purchasable","16":"product-type-simple"},"_links":{"self":[{"href":"https:\/\/alexathletics1982.com\/ro\/wp-json\/wp\/v2\/product\/2929","targetHints":{"allow":["GET"]}}],"collection":[{"href":"https:\/\/alexathletics1982.com\/ro\/wp-json\/wp\/v2\/product"}],"about":[{"href":"https:\/\/alexathletics1982.com\/ro\/wp-json\/wp\/v2\/types\/product"}],"replies":[{"embeddable":true,"href":"https:\/\/alexathletics1982.com\/ro\/wp-json\/wp\/v2\/comments?post=2929"}],"wp:featuredmedia":[{"embeddable":true,"href":"https:\/\/alexathletics1982.com\/ro\/wp-json\/wp\/v2\/media\/3664"}],"wp:attachment":[{"href":"https:\/\/alexathletics1982.com\/ro\/wp-json\/wp\/v2\/media?parent=2929"}],"wp:term":[{"taxonomy":"product_brand","embeddable":true,"href":"https:\/\/alexathletics1982.com\/ro\/wp-json\/wp\/v2\/product_brand?post=2929"},{"taxonomy":"product_cat","embeddable":true,"href":"https:\/\/alexathletics1982.com\/ro\/wp-json\/wp\/v2\/product_cat?post=2929"},{"taxonomy":"product_tag","embeddable":true,"href":"https:\/\/alexathletics1982.com\/ro\/wp-json\/wp\/v2\/product_tag?post=2929"}],"curies":[{"name":"wp","href":"https:\/\/api.w.org\/{rel}","templated":true}]}}