{"id":2932,"date":"2026-01-23T20:20:40","date_gmt":"2026-01-23T12:20:40","guid":{"rendered":"https:\/\/alexathletics1982.com\/?post_type=product&#038;p=2932"},"modified":"2026-04-08T23:33:59","modified_gmt":"2026-04-08T15:33:59","slug":"gantere-fixe-tpu","status":"publish","type":"product","link":"https:\/\/alexathletics1982.com\/ro\/tpu-fixed-dumbbell\/","title":{"rendered":"TPU fix Dumbbell"},"content":{"rendered":"<h2>Standardul de aur comercial: Premium TPU fix Dumbbell<\/h2>\n<p>Pentru facilit\u0103\u021bile comerciale high-end \u0219i s\u0103lile de sport de lux de acas\u0103, cauciucul standard nu este suficient. Dumbbell TPU de la Alex Athletics utilizeaz\u0103 poliuretan termoplastic (TPU), un polimer superior care dep\u0103\u0219e\u0219te cauciucul \u00een ceea ce prive\u0219te durabilitatea, igiena \u0219i estetica. TPU este inert din punct de vedere chimic, ceea ce \u00eenseamn\u0103 c\u0103 este complet inodor - un avantaj masiv pentru spa\u021biile mici, \u00eenchise, unde mirosul de cauciuc poate fi cople\u0219itor. De asemenea, este extrem de rezistent la abraziune, rupere \u0219i \u00eemb\u0103tr\u00e2nire din cauza mediului (lumin\u0103 UV\/c\u0103ldur\u0103). Aceste haltere \u00ee\u0219i vor men\u021bine culoarea vibrant\u0103 \u0219i integritatea structural\u0103 timp de ani de zile, rezist\u00e2nd la cojirea \u0219i cr\u0103parea care afecteaz\u0103 adesea greut\u0103\u021bile tradi\u021bionale din cauciuc.<\/p>\n<p>Construc\u021bia este de grad industrial. Capetele TPU sunt lipite chimic \u0219i blocate mecanic de un m\u00e2ner din o\u021bel masiv, cre\u00e2nd o unitate unificat\u0103, f\u0103r\u0103 \u00eentre\u021binere. M\u00e2nerul are un finisaj cromat dur, care este mai dur \u0219i mai neted dec\u00e2t cromul decorativ standard, oferind rezisten\u021b\u0103 maxim\u0103 la rugin\u0103. Cu o gam\u0103 masiv\u0103 de greut\u0103\u021bi, de la 2,5 kg p\u00e2n\u0103 la 60 kg, aceast\u0103 serie este conceput\u0103 pentru a se potrivi tuturor, de la pacien\u021bi reabilita\u021bi p\u00e2n\u0103 la culturisti de elit\u0103. Natura compact\u0103 a TPU permite ca capetele s\u0103 fie mai mici la greut\u0103\u021bi mai mari, \u00eembun\u0103t\u0103\u021bind gama de mi\u0219care \u0219i manevrarea. Aceasta este alegerea \u201cbuy it for life\u201d pentru cei care cer ce este mai bun.<\/p>\n<h3>1. Tehnologie TPU f\u0103r\u0103 miros<\/h3>\n<p>Cel mai imediat beneficiu al TPU este ceea ce \u00eei lipse\u0219te: mirosul. Spre deosebire de cauciuc, care eman\u0103 gaze, TPU este lipsit de miros. Acest lucru \u00eel face singura alegere logic\u0103 pentru dormitoare, s\u0103li de sport din hoteluri sau studiouri neventilate. Acesta creeaz\u0103 o atmosfer\u0103 mai curat\u0103, mai premium pentru utilizatori.<\/p>\n<h3>2. Durabilitate \u0219i duritate extreme<\/h3>\n<p>TPU este mai rezistent dec\u00e2t cauciucul. Rezist\u0103 t\u0103ieturilor provocate de obiecte ascu\u021bite \u0219i nu se va destr\u0103ma sau sf\u0103r\u00e2ma dup\u0103 ani de c\u0103deri. Este impermeabil la transpira\u021bie \u0219i uleiuri, care pot deteriora cauciucul \u00een timp. Aceast\u0103 longevitate \u00eel face o investi\u021bie rentabil\u0103 pentru s\u0103lile de sport comerciale care doresc s\u0103 reduc\u0103 costurile de \u00eenlocuire.<\/p>\n<h3>3. M\u00e2ner de precizie cromat dur<\/h3>\n<p>M\u00e2nerul este finisat \u00een crom dur, o placare industrial\u0103 utilizat\u0103 pentru rezisten\u021b\u0103 la uzur\u0103. Acesta ofer\u0103 o senza\u021bie elegant\u0103, profesional\u0103 \u0219i u\u0219or de igienizat. Mozaicarea este precis\u0103 - suficient de aderent\u0103 pentru trageri grele, dar suficient de rafinat\u0103 pentru a nu rupe m\u00e2inile \u00een timpul lucrului \u00een volum mare.<\/p>\n<h3>4. Gama larg\u0103 de greut\u0103\u021bi (2,5-60 kg)<\/h3>\n<p>Aceast\u0103 serie este un instrument serios de for\u021b\u0103. Ajung\u00e2nd p\u00e2n\u0103 la 60 kg, suport\u0103 mi\u0219c\u0103ri grele de ap\u0103sare \u0219i rotire. Designul consecvent \u00een \u00eentreaga gam\u0103 asigur\u0103 faptul c\u0103 haltera de 2,5 kg arat\u0103 \u0219i se simte ca f\u0103c\u00e2nd parte din acela\u0219i set ca monstrul de 60 kg, oferind o estetic\u0103 coerent\u0103 a s\u0103lii de sport.<\/p>\n<h3>5. Profil compact al capului<\/h3>\n<p>Densitatea ridicat\u0103 a TPU permite ob\u021binerea unor capete mai mici. Acest lucru este important din punct de vedere func\u021bional pentru exerci\u021bii precum presa pe umeri sau presa pe banc\u0103, unde halterele voluminoase se pot ciocni \u0219i pot limita gama de mi\u0219c\u0103ri. Designul compact v\u0103 permite s\u0103 aduce\u021bi greut\u0103\u021bile mai aproape de linia median\u0103 pentru o contrac\u021bie mai bun\u0103.<\/p>\n<h3>Pentru cine este aceasta?<\/h3>\n<ul style=\"list-style-position: inside; padding-left: 0;\">\n<li>Cluburi de s\u0103n\u0103tate de lux \u0219i studiouri de tip boutique.<\/li>\n<li>Proprietari sensibili la mirosuri.<\/li>\n<li>s\u0103li de sport comerciale care doresc s\u0103 reduc\u0103 \u00eentre\u021binerea.<\/li>\n<li>Culturistii serio\u0219i care au nevoie de haltere grele (p\u00e2n\u0103 la 60 kg).<\/li>\n<li>Instala\u021bii care prioritizeaz\u0103 o estetic\u0103 vizual\u0103 premium.<\/li>\n<\/ul>\n<h3>Specifica\u021biile produsului<\/h3>\n<table border=\"1\" width=\"100%\" cellspacing=\"0\" cellpadding=\"5\">\n<tbody>\n<tr>\n<td><strong>Model<\/strong><\/td>\n<td>W03AA007<\/td>\n<\/tr>\n<tr>\n<td><strong>Material<\/strong><\/td>\n<td>TPU (poliuretan termoplastic)<\/td>\n<\/tr>\n<tr>\n<td><strong>M\u00e2ner<\/strong><\/td>\n<td>Crom dur<\/td>\n<\/tr>\n<tr>\n<td><strong>Interval de greutate<\/strong><\/td>\n<td>2,5 ~ 60 kg<\/td>\n<\/tr>\n<tr>\n<td><strong>Caracteristic\u0103<\/strong><\/td>\n<td>Inodor, ultrarezistent<\/td>\n<\/tr>\n<\/tbody>\n<\/table>","protected":false},"excerpt":{"rendered":"<p>Dumbbell TPU de la Alex Athletics reprezint\u0103 apogeul greut\u0103\u021bilor libere comerciale. Fabricate din poliuretan termoplastic avansat (TPU), aceste haltere sunt complet inodore, ultradurabile \u0219i rezistente la exfoliere sau decolorare. Dispun\u00e2nd de un m\u00e2ner Hard Chrome pentru o protec\u021bie superioar\u0103 \u00eempotriva ruginii \u0219i o prindere sigur\u0103, acestea nu necesit\u0103 \u00eentre\u021binere \u0219i sunt construite pentru a dura. Cu un interval de greutate de p\u00e2n\u0103 la 60 kg \u0219i un profil compact, acestea ofer\u0103 performan\u021be de elit\u0103 \u0219i o estetic\u0103 premium pentru cele mai exigente s\u0103li de sport.<\/p>","protected":false},"featured_media":3485,"comment_status":"open","ping_status":"closed","template":"","meta":{"inline_featured_image":false,"site-sidebar-layout":"default","site-content-layout":"","ast-site-content-layout":"default","site-content-style":"default","site-sidebar-style":"default","ast-global-header-display":"","ast-banner-title-visibility":"","ast-main-header-display":"","ast-hfb-above-header-display":"","ast-hfb-below-header-display":"","ast-hfb-mobile-header-display":"","site-post-title":"","ast-breadcrumbs-content":"","ast-featured-img":"","footer-sml-layout":"","ast-disable-related-posts":"","theme-transparent-header-meta":"default","adv-header-id-meta":"","stick-header-meta":"default","header-above-stick-meta":"","header-main-stick-meta":"","header-below-stick-meta":"","astra-migrate-meta-layouts":"set","ast-page-background-enabled":"default","ast-page-background-meta":{"desktop":{"background-color":"","background-image":"","background-repeat":"repeat","background-position":"center center","background-size":"auto","background-attachment":"scroll","background-type":"","background-media":"","overlay-type":"","overlay-color":"","overlay-opacity":"","overlay-gradient":""},"tablet":{"background-color":"","background-image":"","background-repeat":"repeat","background-position":"center center","background-size":"auto","background-attachment":"scroll","background-type":"","background-media":"","overlay-type":"","overlay-color":"","overlay-opacity":"","overlay-gradient":""},"mobile":{"background-color":"","background-image":"","background-repeat":"repeat","background-position":"center center","background-size":"auto","background-attachment":"scroll","background-type":"","background-media":"","overlay-type":"","overlay-color":"","overlay-opacity":"","overlay-gradient":""}},"ast-content-background-meta":{"desktop":{"background-color":"var(--ast-global-color-5)","background-image":"","background-repeat":"repeat","background-position":"center center","background-size":"auto","background-attachment":"scroll","background-type":"","background-media":"","overlay-type":"","overlay-color":"","overlay-opacity":"","overlay-gradient":""},"tablet":{"background-color":"var(--ast-global-color-5)","background-image":"","background-repeat":"repeat","background-position":"center center","background-size":"auto","background-attachment":"scroll","background-type":"","background-media":"","overlay-type":"","overlay-color":"","overlay-opacity":"","overlay-gradient":""},"mobile":{"background-color":"var(--ast-global-color-5)","background-image":"","background-repeat":"repeat","background-position":"center center","background-size":"auto","background-attachment":"scroll","background-type":"","background-media":"","overlay-type":"","overlay-color":"","overlay-opacity":"","overlay-gradient":""}}},"product_brand":[],"product_cat":[55],"product_tag":[60],"class_list":{"0":"post-2932","1":"product","2":"type-product","3":"status-publish","4":"has-post-thumbnail","6":"product_cat-free-weight-training","7":"product_tag-dumbbell","8":"desktop-align-left","9":"tablet-align-left","10":"mobile-align-left","12":"first","13":"instock","14":"shipping-taxable","15":"purchasable","16":"product-type-simple"},"_links":{"self":[{"href":"https:\/\/alexathletics1982.com\/ro\/wp-json\/wp\/v2\/product\/2932","targetHints":{"allow":["GET"]}}],"collection":[{"href":"https:\/\/alexathletics1982.com\/ro\/wp-json\/wp\/v2\/product"}],"about":[{"href":"https:\/\/alexathletics1982.com\/ro\/wp-json\/wp\/v2\/types\/product"}],"replies":[{"embeddable":true,"href":"https:\/\/alexathletics1982.com\/ro\/wp-json\/wp\/v2\/comments?post=2932"}],"wp:featuredmedia":[{"embeddable":true,"href":"https:\/\/alexathletics1982.com\/ro\/wp-json\/wp\/v2\/media\/3485"}],"wp:attachment":[{"href":"https:\/\/alexathletics1982.com\/ro\/wp-json\/wp\/v2\/media?parent=2932"}],"wp:term":[{"taxonomy":"product_brand","embeddable":true,"href":"https:\/\/alexathletics1982.com\/ro\/wp-json\/wp\/v2\/product_brand?post=2932"},{"taxonomy":"product_cat","embeddable":true,"href":"https:\/\/alexathletics1982.com\/ro\/wp-json\/wp\/v2\/product_cat?post=2932"},{"taxonomy":"product_tag","embeddable":true,"href":"https:\/\/alexathletics1982.com\/ro\/wp-json\/wp\/v2\/product_tag?post=2932"}],"curies":[{"name":"wp","href":"https:\/\/api.w.org\/{rel}","templated":true}]}}