{"id":2954,"date":"2026-01-23T20:21:01","date_gmt":"2026-01-23T12:21:01","guid":{"rendered":"https:\/\/alexathletics1982.com\/?post_type=product&#038;p=2954"},"modified":"2026-04-08T11:17:28","modified_gmt":"2026-04-08T03:17:28","slug":"suport-revolver","status":"publish","type":"product","link":"https:\/\/alexathletics1982.com\/ro\/revolver-rack\/","title":{"rendered":"Raft pentru revolvere"},"content":{"rendered":"<h2>Acces la 360 de grade: Raftul pentru revolvere<\/h2>\n<p>\u00cen limitele str\u00e2nse ale unei sta\u021bii de \u00eencruci\u0219are a cablurilor sau \u00eentr-un col\u021b aglomerat de accesorii, spa\u021biul de pe perete este adesea indisponibil. Rack-ul Revolver de la Alex Athletics rezolv\u0103 aceast\u0103 problem\u0103 cu un design rotativ genial. Acest turn de sine st\u0103t\u0103tor are o parte superioar\u0103 rotativ\u0103 de tip carusel (\u0219i poten\u021bial o sec\u021biune median\u0103) care permite accesul la echipamentul dvs. la 360 de grade. Acesta este proiectat \u00een principal pentru ata\u0219amentele de cablu - bare de lat, fr\u00e2nghii tricep, m\u00e2nere D \u0219i bare V - ag\u0103\u021b\u00e2ndu-le vertical pentru a economisi spa\u021biu \u0219i a preveni \u00eencurcarea. \u00cen loc s\u0103 s\u0103pa\u021bi printr-un co\u0219 de gunoi sau s\u0103 merge\u021bi \u00eenainte \u0219i \u00eenapoi de-a lungul unui raft lung de perete, pur \u0219i simplu sta\u021bi \u00eentr-un loc \u0219i roti\u021bi raftul pentru a g\u0103si instrumentul de care ave\u021bi nevoie. Aceasta este defini\u021bia \u201cdepozit\u0103rii de \u00eenalt\u0103 densitate\u201d.\u201d<\/p>\n<p>Construit din o\u021bel greu cu o baz\u0103 cu greutate, raftul pentru revolvere este incredibil de stabil. Nu se va r\u0103sturna, chiar \u0219i atunci c\u00e2nd este \u00eenc\u0103rcat neuniform cu accesorii grele din o\u021bel. Mecanismul de rota\u021bie este neted \u0219i durabil, proiectat pentru a rezista utiliz\u0103rii constante \u00eentr-un mediu comercial aglomerat. Amprenta la sol este minim\u0103, ceea ce \u00eel face un accesoriu ideal pentru centrul unei zone de antrenament func\u021bional sau l\u00e2ng\u0103 un aparat cu mai multe jonglerii. Transform\u0103 o gr\u0103mad\u0103 haotic\u0103 de m\u00e2nere metalice \u00eentr-un afi\u0219aj organizat, impresionant, care invit\u0103 membrii s\u0103 le foloseasc\u0103. V\u0103 protejeaz\u0103 accesoriile costisitoare de deteriorarea cauzat\u0103 de c\u0103derea sau stivuirea unele peste altele.<\/p>\n<h3>1. Design rotativ care economise\u0219te spa\u021biu<\/h3>\n<p>Mecanismul \u201cRevolver\u201d este un economizor de spa\u021biu. Prin utilizarea unei axe verticale \u0219i a rota\u021biei, acesta stocheaz\u0103 zeci de articole \u00eentr-un spa\u021biu pu\u021bin mai mare dec\u00e2t o singur\u0103 plac\u0103 de greut\u0103\u021bi. Nu ave\u021bi nevoie de spa\u021biu pe perete. \u00cel pute\u021bi plasa \u00eentr-un col\u021b sau \u00eentre aparate, maximiz\u00e2nd utilitatea \u201cspa\u021biului mort\u201d de pe podeaua s\u0103lii de sport.<\/p>\n<h3>2. Acces u\u0219or \u0219i selec\u021bie<\/h3>\n<p>G\u0103sirea m\u00e2nerului potrivit este instantanee. O rotire rapid\u0103 v\u0103 dezv\u0103luie toate op\u021biunile. Acest lucru \u00eembun\u0103t\u0103\u021be\u0219te experien\u021ba utilizatorului \u0219i accelereaz\u0103 fluxul de antrenament. Se evit\u0103 frustrarea de a desc\u00e2lci fr\u00e2nghiile sau de a c\u0103uta o pereche de m\u00e2nere D potrivite pe fundul unei cutii.<\/p>\n<h3>3. Stabilitate pentru sarcini grele<\/h3>\n<p>\u00cen\u0103l\u021bimea necesit\u0103 stabilitate. Baza raftului Revolver este lat\u0103 \u0219i grea, ancor\u00e2nd unitatea la sol. Este proiectat pentru a rezista la r\u0103sturnare chiar dac\u0103 at\u00e2rna\u021bi o bar\u0103 lat grea pe o parte \u0219i nimic pe cealalt\u0103. Este sigur pentru mediile comerciale aglomerate.<\/p>\n<h3>4. Protejeaz\u0103 ata\u0219amentele cablurilor<\/h3>\n<p>Accesoriile pentru cabluri sunt scumpe. Depozitarea lor pe podea deterioreaz\u0103 finisajul cromat \u0219i rupe cablurile. Ag\u0103\u021barea corect\u0103 a acestora pe Raftul Revolver le prelunge\u0219te durata de via\u021b\u0103, men\u021bin\u00e2nd mozaicurile ascu\u021bite \u0219i pivo\u021bii netezi. V\u0103 protejeaz\u0103 investi\u021bia.<\/p>\n<h3>5. Prezentare profesional\u0103<\/h3>\n<p>Organizarea implic\u0103 calitate. Un raft Revolver complet \u00eenc\u0103rcat arat\u0103 ca o sculptur\u0103 din o\u021bel. Acesta v\u0103 pune \u00een valoare selec\u021bia de echipamente, f\u0103c\u00e2nd sala de sport s\u0103 par\u0103 bine echipat\u0103 \u0219i gestionat\u0103 profesional. \u00cencurajeaz\u0103 membrii s\u0103 rearanjeze articolele, deoarece locul de depozitare este evident \u0219i accesibil.<\/p>\n<h3>Pentru cine este aceasta?<\/h3>\n<ul style=\"list-style-position: inside; padding-left: 0;\">\n<li>Gimnasii comerciale cu jungle de cabluri.<\/li>\n<li>s\u0103li de sport acas\u0103 cu spa\u021biu limitat pe pere\u021bi.<\/li>\n<li>Studiouri de antrenament cu colec\u021bii mari de accesorii.<\/li>\n<li>Instala\u021bii care doresc s\u0103 \u00eembun\u0103t\u0103\u021beasc\u0103 durata de via\u021b\u0103 a echipamentelor.<\/li>\n<li>Oricine caut\u0103 un organizator compact, de mare capacitate.<\/li>\n<\/ul>\n<h3>Specifica\u021biile produsului<\/h3>\n<table border=\"1\" width=\"100%\" cellspacing=\"0\" cellpadding=\"5\">\n<tbody>\n<tr>\n<td><strong>Model<\/strong><\/td>\n<td>F12AC002<\/td>\n<\/tr>\n<tr>\n<td><strong>Tip<\/strong><\/td>\n<td>Spa\u021biu rotativ de depozitare a accesoriilor<\/td>\n<\/tr>\n<tr>\n<td><strong>Material<\/strong><\/td>\n<td>O\u021bel, acoperit cu pulbere<\/td>\n<\/tr>\n<tr>\n<td><strong>Mecanism<\/strong><\/td>\n<td>Carusel rotativ la 360\u00b0<\/td>\n<\/tr>\n<tr>\n<td><strong>Capacitate<\/strong><\/td>\n<td>Densitate ridicat\u0103 (c\u00e2rlige multiple)<\/td>\n<\/tr>\n<\/tbody>\n<\/table>","protected":false},"excerpt":{"rendered":"<p>Raftul Revolver de la Alex Athletics este o solu\u021bie de depozitare rotativ\u0103 de \u00eenalt\u0103 densitate pentru accesoriile de gimnastic\u0103. Designul s\u0103u rotativ la 360 de grade permite accesul instantaneu la accesoriile pentru cabluri, benzi \u0219i curele, ocup\u00e2nd \u00een acela\u0219i timp o amprent\u0103 minim\u0103 pe podea. Construit cu o baz\u0103 grea \u0219i stabil\u0103 \u0219i c\u00e2rlige robuste din o\u021bel, acesta previne r\u0103sturnarea \u0219i v\u0103 protejeaz\u0103 echipamentul de deterior\u0103ri. Ideal pentru zonele de ma\u0219ini cu cablu \u0219i s\u0103lile de sport aglomerate, transform\u0103 haosul accesoriilor \u00eentr-un afi\u0219aj organizat, accesibil \u0219i profesional.<\/p>","protected":false},"featured_media":3457,"comment_status":"open","ping_status":"closed","template":"","meta":{"inline_featured_image":false,"site-sidebar-layout":"default","site-content-layout":"","ast-site-content-layout":"default","site-content-style":"default","site-sidebar-style":"default","ast-global-header-display":"","ast-banner-title-visibility":"","ast-main-header-display":"","ast-hfb-above-header-display":"","ast-hfb-below-header-display":"","ast-hfb-mobile-header-display":"","site-post-title":"","ast-breadcrumbs-content":"","ast-featured-img":"","footer-sml-layout":"","ast-disable-related-posts":"","theme-transparent-header-meta":"default","adv-header-id-meta":"","stick-header-meta":"default","header-above-stick-meta":"","header-main-stick-meta":"","header-below-stick-meta":"","astra-migrate-meta-layouts":"set","ast-page-background-enabled":"default","ast-page-background-meta":{"desktop":{"background-color":"","background-image":"","background-repeat":"repeat","background-position":"center center","background-size":"auto","background-attachment":"scroll","background-type":"","background-media":"","overlay-type":"","overlay-color":"","overlay-opacity":"","overlay-gradient":""},"tablet":{"background-color":"","background-image":"","background-repeat":"repeat","background-position":"center center","background-size":"auto","background-attachment":"scroll","background-type":"","background-media":"","overlay-type":"","overlay-color":"","overlay-opacity":"","overlay-gradient":""},"mobile":{"background-color":"","background-image":"","background-repeat":"repeat","background-position":"center center","background-size":"auto","background-attachment":"scroll","background-type":"","background-media":"","overlay-type":"","overlay-color":"","overlay-opacity":"","overlay-gradient":""}},"ast-content-background-meta":{"desktop":{"background-color":"var(--ast-global-color-5)","background-image":"","background-repeat":"repeat","background-position":"center center","background-size":"auto","background-attachment":"scroll","background-type":"","background-media":"","overlay-type":"","overlay-color":"","overlay-opacity":"","overlay-gradient":""},"tablet":{"background-color":"var(--ast-global-color-5)","background-image":"","background-repeat":"repeat","background-position":"center center","background-size":"auto","background-attachment":"scroll","background-type":"","background-media":"","overlay-type":"","overlay-color":"","overlay-opacity":"","overlay-gradient":""},"mobile":{"background-color":"var(--ast-global-color-5)","background-image":"","background-repeat":"repeat","background-position":"center center","background-size":"auto","background-attachment":"scroll","background-type":"","background-media":"","overlay-type":"","overlay-color":"","overlay-opacity":"","overlay-gradient":""}}},"product_brand":[],"product_cat":[55],"product_tag":[63],"class_list":{"0":"post-2954","1":"product","2":"type-product","3":"status-publish","4":"has-post-thumbnail","6":"product_cat-free-weight-training","7":"product_tag-rack-storage","8":"desktop-align-left","9":"tablet-align-left","10":"mobile-align-left","12":"first","13":"instock","14":"shipping-taxable","15":"purchasable","16":"product-type-simple"},"_links":{"self":[{"href":"https:\/\/alexathletics1982.com\/ro\/wp-json\/wp\/v2\/product\/2954","targetHints":{"allow":["GET"]}}],"collection":[{"href":"https:\/\/alexathletics1982.com\/ro\/wp-json\/wp\/v2\/product"}],"about":[{"href":"https:\/\/alexathletics1982.com\/ro\/wp-json\/wp\/v2\/types\/product"}],"replies":[{"embeddable":true,"href":"https:\/\/alexathletics1982.com\/ro\/wp-json\/wp\/v2\/comments?post=2954"}],"wp:featuredmedia":[{"embeddable":true,"href":"https:\/\/alexathletics1982.com\/ro\/wp-json\/wp\/v2\/media\/3457"}],"wp:attachment":[{"href":"https:\/\/alexathletics1982.com\/ro\/wp-json\/wp\/v2\/media?parent=2954"}],"wp:term":[{"taxonomy":"product_brand","embeddable":true,"href":"https:\/\/alexathletics1982.com\/ro\/wp-json\/wp\/v2\/product_brand?post=2954"},{"taxonomy":"product_cat","embeddable":true,"href":"https:\/\/alexathletics1982.com\/ro\/wp-json\/wp\/v2\/product_cat?post=2954"},{"taxonomy":"product_tag","embeddable":true,"href":"https:\/\/alexathletics1982.com\/ro\/wp-json\/wp\/v2\/product_tag?post=2954"}],"curies":[{"name":"wp","href":"https:\/\/api.w.org\/{rel}","templated":true}]}}