{"id":2965,"date":"2026-01-23T20:21:02","date_gmt":"2026-01-23T12:21:02","guid":{"rendered":"https:\/\/alexathletics1982.com\/?post_type=product&#038;p=2965"},"modified":"2026-04-08T11:09:35","modified_gmt":"2026-04-08T03:09:35","slug":"jumatate-de-raft","status":"publish","type":"product","link":"https:\/\/alexathletics1982.com\/ro\/half-rack\/","title":{"rendered":"Jum\u0103tate de raft"},"content":{"rendered":"<h2>Lovitura grea: Jum\u0103tate de raft comercial<\/h2>\n<p>Half Rack de la Alex Athletics este piesa central\u0103 a unei instala\u021bii serioase de antrenament de for\u021b\u0103. F\u0103c\u00e2nd o punte \u00eentre o cu\u0219c\u0103 de for\u021b\u0103 complet\u0103 \u0219i un stand de ghemuit, acesta ofer\u0103 stabilitatea \u0219i siguran\u021ba unei cu\u0219ti cu amprenta de acces deschis a unui stand. Construit din tuburi p\u0103trate masive de o\u021bel de 75 x 75 mm cu o grosime a peretelui de 3 mm, acest suport este construit ca un tanc. Se m\u00e2ndre\u0219te cu o capacitate de \u00eenc\u0103rcare uimitoare de 800 kg, ceea ce \u00eenseamn\u0103 c\u0103 va face fa\u021b\u0103 oric\u0103rei greut\u0103\u021bi pe care o poate ridica un om - \u0219i \u00eenc\u0103 ceva. Designul \u201cHalf Rack\u201d are o parte frontal\u0103 deschis\u0103, care este ideal\u0103 pentru mi\u0219c\u0103rile de ridicare olimpice (cum ar fi presa deasupra capului) care necesit\u0103 spa\u021biu liber vertical, oferind \u00een acela\u0219i timp o incint\u0103 sigur\u0103 pentru genuflexiuni \u0219i presa pe banc\u0103.<\/p>\n<p>Func\u021bionalitatea este maximizat\u0103 cu ata\u0219amente premium. Raftul vine standard cu c\u00e2rlige J de calitate comercial\u0103 \u0219i bra\u021be de siguran\u021b\u0103 pentru spotter. Acestea sunt c\u0103ptu\u0219ite cu garnituri HDPE pentru a proteja canelurile halterelor dvs. de contactul metal pe metal, p\u0103str\u00e2nd investi\u021bia dvs. Ambele ata\u0219amente dispun de un mecanism de eliberare rapid\u0103 cu numerotare t\u0103iat\u0103 cu laser pe montan\u021bi, ceea ce face ca reglajele \u00een\u0103l\u021bimii s\u0103 fie rapide \u0219i precise. Partea din spate a raftului este echipat\u0103 cu 8 coarne de depozitare a pl\u0103cilor, permi\u021b\u00e2ndu-v\u0103 s\u0103 depozita\u021bi tone de greutate, ad\u0103ug\u00e2nd \u00een acela\u0219i timp stabilitate suplimentar\u0103 unit\u0103\u021bii. Cu o bar\u0103 de trac\u021biune integrat\u0103 \u0219i o capacitate de cuiere pentru band\u0103, Alex Half Rack este o sta\u021bie de nivel profesional pentru powerlifters, sportivi \u0219i proprietari serio\u0219i de s\u0103li de sport acas\u0103.<\/p>\n<h3>1. Capacitate de \u00eenc\u0103rcare masiv\u0103 de 800 kg<\/h3>\n<p>Acesta nu este un raft bugetar. Cadrul din o\u021bel de 75x75x3 mm este de calitate industrial\u0103. Ofer\u0103 rigiditate absolut\u0103 - nu se clatin\u0103 sau tremur\u0103 atunci c\u00e2nd trage\u021bi un squat greu. Capacitatea de 800 kg asigur\u0103 c\u0103 poate suporta sarcini de record mondial, oferind o marj\u0103 de siguran\u021b\u0103 care inspir\u0103 \u00eencredere total\u0103.<\/p>\n<h3>2. C\u00e2rlige J cu eliberare rapid\u0103 \u0219i siguran\u021be<\/h3>\n<p>Viteza \u0219i u\u0219urin\u021ba \u00een utilizare sunt esen\u021biale. C\u00e2rligele J \u0219i bra\u021bele de siguran\u021b\u0103 pot fi ajustate \u00een c\u00e2teva secunde, f\u0103r\u0103 unelte. Numerotarea t\u0103iat\u0103 cu laser de pe montan\u021bi \u00eenseamn\u0103 c\u0103 nu trebuie s\u0103 ghici\u021bi niciodat\u0103 dac\u0103 bara este nivelat\u0103. Bra\u021bele de siguran\u021b\u0103 sunt suficient de lungi pentru a prinde o ridicare e\u0219uat\u0103, ac\u021bion\u00e2nd ca un observator de \u00eencredere pentru antrenamentul solo.<\/p>\n<h3>3. Protec\u021bie pentru bar\u0103 (HDPE)<\/h3>\n<p>Barbell-ul dvs. este cea mai important\u0103 unealt\u0103. Punctele de contact de pe c\u00e2rligele J \u0219i siguran\u021bele sunt c\u0103ptu\u0219ite cu polietilen\u0103 de \u00eenalt\u0103 densitate (HDPE). Acest strat de plastic absoarbe impactul \u0219i \u00eempiedic\u0103 zim\u021barea ascu\u021bit\u0103 a barei dvs. s\u0103 fie aplatizat\u0103 \u00eempotriva o\u021belului dur. Astfel, bara dvs. continu\u0103 s\u0103 arate \u0219i s\u0103 func\u021bioneze ca nou\u0103.<\/p>\n<h3>4. Depozitare integrat\u0103 a pl\u0103cilor<\/h3>\n<p>Suportul are 8 coarne de greutate pe montan\u021bii din spate. Acest sistem de stocare v\u0103 men\u021bine pl\u0103cile organizate \u0219i departe de podea. Mai important, greutatea pl\u0103cilor stocate ancoreaz\u0103 raftul la sol, sporindu-i stabilitatea \u00een timpul mi\u0219c\u0103rilor dinamice, cum ar fi trac\u021biunile kipping sau ridicarea greut\u0103\u021bilor mari.<\/p>\n<h3>5. Versatilitate fa\u021b\u0103 deschis\u0103<\/h3>\n<p>Designul Half Rack ofer\u0103 libertate. F\u0103r\u0103 st\u00e2lpi frontali care s\u0103 v\u0103 blocheze, pute\u021bi s\u0103 scoate\u021bi cu u\u0219urin\u021b\u0103 bara pentru fand\u0103ri sau s\u0103 efectua\u021bi ap\u0103s\u0103ri deasupra capului f\u0103r\u0103 s\u0103 v\u0103 lovi\u021bi de tavanul unei cu\u0219ti. Acesta permite utilizarea unei platforme de ridicare direct \u00een fa\u021ba rack-ului pentru ridic\u0103ri mortale \u0219i ridic\u0103ri olimpice.<\/p>\n<h3>Pentru cine este aceasta?<\/h3>\n<ul style=\"list-style-position: inside; padding-left: 0;\">\n<li>Elite Powerlifting \u0219i s\u0103li de haltere.<\/li>\n<li>Proprietarii de s\u0103li de sport high-end care doresc ce e mai bun.<\/li>\n<li>Echipe sportive colegiale \u0219i profesioniste.<\/li>\n<li>Lifters care se antreneaz\u0103 singuri \u0219i au nevoie de siguran\u021b\u0103 fiabil\u0103.<\/li>\n<li>Instala\u021bii care prioritizeaz\u0103 durabilitatea echipamentelor.<\/li>\n<\/ul>\n<h3>Specifica\u021biile produsului<\/h3>\n<table border=\"1\" width=\"100%\" cellspacing=\"0\" cellpadding=\"5\">\n<tbody>\n<tr>\n<td><strong>Model<\/strong><\/td>\n<td>W13AA029<\/td>\n<\/tr>\n<tr>\n<td><strong>Material<\/strong><\/td>\n<td>O\u021bel (tub 75x75x3mm)<\/td>\n<\/tr>\n<tr>\n<td><strong>Capacitate de \u00eenc\u0103rcare<\/strong><\/td>\n<td>800 kg<\/td>\n<\/tr>\n<tr>\n<td><strong>Dimensiuni<\/strong><\/td>\n<td>L 1906 x l 1829 x h 2438 mm<\/td>\n<\/tr>\n<tr>\n<td><strong>Caracteristici<\/strong><\/td>\n<td>C\u0103ptu\u0219eli HDPE, depozitare pl\u0103ci, bra\u021be Spotter<\/td>\n<\/tr>\n<\/tbody>\n<\/table>","protected":false},"excerpt":{"rendered":"<p>Half Rack de la Alex Athletics este o putere de nivel comercial pentru ridic\u0103ri grele. Construit din tuburi masive de o\u021bel de 75x75 mm, suport\u0103 o sarcin\u0103 imens\u0103 de 800 kg cu stabilitate absolut\u0103. Av\u00e2nd c\u00e2rlige J cu eliberare rapid\u0103 \u0219i bra\u021be de siguran\u021b\u0103 c\u0103ptu\u0219ite cu HDPE pentru a v\u0103 proteja haltera, acesta asigur\u0103 un antrenament solo sigur. Designul cu fa\u021b\u0103 deschis\u0103 permite o mi\u0219care versatil\u0103, \u00een timp ce depozitarea integrat\u0103 a pl\u0103cilor v\u0103 men\u021bine sala organizat\u0103. Este cea mai bun\u0103 sta\u021bie profesional\u0103 pentru squats, prese \u0219i trac\u021biuni.<\/p>","protected":false},"featured_media":3321,"comment_status":"open","ping_status":"closed","template":"","meta":{"inline_featured_image":false,"site-sidebar-layout":"default","site-content-layout":"","ast-site-content-layout":"default","site-content-style":"default","site-sidebar-style":"default","ast-global-header-display":"","ast-banner-title-visibility":"","ast-main-header-display":"","ast-hfb-above-header-display":"","ast-hfb-below-header-display":"","ast-hfb-mobile-header-display":"","site-post-title":"","ast-breadcrumbs-content":"","ast-featured-img":"","footer-sml-layout":"","ast-disable-related-posts":"","theme-transparent-header-meta":"default","adv-header-id-meta":"","stick-header-meta":"default","header-above-stick-meta":"","header-main-stick-meta":"","header-below-stick-meta":"","astra-migrate-meta-layouts":"set","ast-page-background-enabled":"default","ast-page-background-meta":{"desktop":{"background-color":"","background-image":"","background-repeat":"repeat","background-position":"center center","background-size":"auto","background-attachment":"scroll","background-type":"","background-media":"","overlay-type":"","overlay-color":"","overlay-opacity":"","overlay-gradient":""},"tablet":{"background-color":"","background-image":"","background-repeat":"repeat","background-position":"center center","background-size":"auto","background-attachment":"scroll","background-type":"","background-media":"","overlay-type":"","overlay-color":"","overlay-opacity":"","overlay-gradient":""},"mobile":{"background-color":"","background-image":"","background-repeat":"repeat","background-position":"center center","background-size":"auto","background-attachment":"scroll","background-type":"","background-media":"","overlay-type":"","overlay-color":"","overlay-opacity":"","overlay-gradient":""}},"ast-content-background-meta":{"desktop":{"background-color":"var(--ast-global-color-5)","background-image":"","background-repeat":"repeat","background-position":"center center","background-size":"auto","background-attachment":"scroll","background-type":"","background-media":"","overlay-type":"","overlay-color":"","overlay-opacity":"","overlay-gradient":""},"tablet":{"background-color":"var(--ast-global-color-5)","background-image":"","background-repeat":"repeat","background-position":"center center","background-size":"auto","background-attachment":"scroll","background-type":"","background-media":"","overlay-type":"","overlay-color":"","overlay-opacity":"","overlay-gradient":""},"mobile":{"background-color":"var(--ast-global-color-5)","background-image":"","background-repeat":"repeat","background-position":"center center","background-size":"auto","background-attachment":"scroll","background-type":"","background-media":"","overlay-type":"","overlay-color":"","overlay-opacity":"","overlay-gradient":""}}},"product_brand":[],"product_cat":[55],"product_tag":[63],"class_list":{"0":"post-2965","1":"product","2":"type-product","3":"status-publish","4":"has-post-thumbnail","6":"product_cat-free-weight-training","7":"product_tag-rack-storage","8":"desktop-align-left","9":"tablet-align-left","10":"mobile-align-left","12":"first","13":"instock","14":"shipping-taxable","15":"purchasable","16":"product-type-simple"},"_links":{"self":[{"href":"https:\/\/alexathletics1982.com\/ro\/wp-json\/wp\/v2\/product\/2965","targetHints":{"allow":["GET"]}}],"collection":[{"href":"https:\/\/alexathletics1982.com\/ro\/wp-json\/wp\/v2\/product"}],"about":[{"href":"https:\/\/alexathletics1982.com\/ro\/wp-json\/wp\/v2\/types\/product"}],"replies":[{"embeddable":true,"href":"https:\/\/alexathletics1982.com\/ro\/wp-json\/wp\/v2\/comments?post=2965"}],"wp:featuredmedia":[{"embeddable":true,"href":"https:\/\/alexathletics1982.com\/ro\/wp-json\/wp\/v2\/media\/3321"}],"wp:attachment":[{"href":"https:\/\/alexathletics1982.com\/ro\/wp-json\/wp\/v2\/media?parent=2965"}],"wp:term":[{"taxonomy":"product_brand","embeddable":true,"href":"https:\/\/alexathletics1982.com\/ro\/wp-json\/wp\/v2\/product_brand?post=2965"},{"taxonomy":"product_cat","embeddable":true,"href":"https:\/\/alexathletics1982.com\/ro\/wp-json\/wp\/v2\/product_cat?post=2965"},{"taxonomy":"product_tag","embeddable":true,"href":"https:\/\/alexathletics1982.com\/ro\/wp-json\/wp\/v2\/product_tag?post=2965"}],"curies":[{"name":"wp","href":"https:\/\/api.w.org\/{rel}","templated":true}]}}