{"id":3839,"date":"2026-04-10T21:07:43","date_gmt":"2026-04-10T13:07:43","guid":{"rendered":"https:\/\/alexathletics1982.com\/?post_type=product&#038;p=3839"},"modified":"2026-04-17T22:15:37","modified_gmt":"2026-04-17T14:15:37","slug":"power-strider-xc2","status":"publish","type":"product","link":"https:\/\/alexathletics1982.com\/ro\/power-strider-xc2\/","title":{"rendered":"Power Strider XC2"},"content":{"rendered":"<div class=\"ast-oembed-container\" style=\"height: 100%;\"><iframe title=\"POWER STRIDER XC2\" width=\"500\" height=\"281\" src=\"https:\/\/www.youtube.com\/embed\/zfenkYAfFfE?feature=oembed\" frameborder=\"0\" allow=\"accelerometer; autoplay; clipboard-write; encrypted-media; gyroscope; picture-in-picture; web-share\" referrerpolicy=\"strict-origin-when-cross-origin\" allowfullscreen><\/iframe><\/div>\n<h2><img fetchpriority=\"high\" decoding=\"async\" class=\"alignnone wp-image-3828 size-full\" src=\"https:\/\/alexathletics1982.com\/wp-content\/uploads\/2026\/04\/XC2_\u4fee_01.webp\" alt=\"\" width=\"1600\" height=\"1938\" title=\"\" srcset=\"https:\/\/alexathletics1982.com\/wp-content\/uploads\/2026\/04\/XC2_\u4fee_01.webp 1600w, https:\/\/alexathletics1982.com\/wp-content\/uploads\/2026\/04\/XC2_\u4fee_01-248x300.webp 248w, https:\/\/alexathletics1982.com\/wp-content\/uploads\/2026\/04\/XC2_\u4fee_01-845x1024.webp 845w, https:\/\/alexathletics1982.com\/wp-content\/uploads\/2026\/04\/XC2_\u4fee_01-768x930.webp 768w, https:\/\/alexathletics1982.com\/wp-content\/uploads\/2026\/04\/XC2_\u4fee_01-1268x1536.webp 1268w, https:\/\/alexathletics1982.com\/wp-content\/uploads\/2026\/04\/XC2_\u4fee_01-600x727.webp 600w\" sizes=\"(max-width: 1600px) 100vw, 1600px\" \/> <img decoding=\"async\" class=\"alignnone wp-image-3834 size-full\" src=\"https:\/\/alexathletics1982.com\/wp-content\/uploads\/2026\/04\/XC2_\u4fee_07.webp\" alt=\"\" width=\"1600\" height=\"979\" title=\"\" srcset=\"https:\/\/alexathletics1982.com\/wp-content\/uploads\/2026\/04\/XC2_\u4fee_07.webp 1600w, https:\/\/alexathletics1982.com\/wp-content\/uploads\/2026\/04\/XC2_\u4fee_07-300x184.webp 300w, https:\/\/alexathletics1982.com\/wp-content\/uploads\/2026\/04\/XC2_\u4fee_07-1024x627.webp 1024w, https:\/\/alexathletics1982.com\/wp-content\/uploads\/2026\/04\/XC2_\u4fee_07-768x470.webp 768w, https:\/\/alexathletics1982.com\/wp-content\/uploads\/2026\/04\/XC2_\u4fee_07-1536x940.webp 1536w, https:\/\/alexathletics1982.com\/wp-content\/uploads\/2026\/04\/XC2_\u4fee_07-600x367.webp 600w\" sizes=\"(max-width: 1600px) 100vw, 1600px\" \/> <img decoding=\"async\" class=\"alignnone wp-image-3833 size-full\" src=\"https:\/\/alexathletics1982.com\/wp-content\/uploads\/2026\/04\/XC2_\u4fee_06.webp\" alt=\"\" width=\"1600\" height=\"979\" title=\"\" srcset=\"https:\/\/alexathletics1982.com\/wp-content\/uploads\/2026\/04\/XC2_\u4fee_06.webp 1600w, https:\/\/alexathletics1982.com\/wp-content\/uploads\/2026\/04\/XC2_\u4fee_06-300x184.webp 300w, https:\/\/alexathletics1982.com\/wp-content\/uploads\/2026\/04\/XC2_\u4fee_06-1024x627.webp 1024w, https:\/\/alexathletics1982.com\/wp-content\/uploads\/2026\/04\/XC2_\u4fee_06-768x470.webp 768w, https:\/\/alexathletics1982.com\/wp-content\/uploads\/2026\/04\/XC2_\u4fee_06-1536x940.webp 1536w, https:\/\/alexathletics1982.com\/wp-content\/uploads\/2026\/04\/XC2_\u4fee_06-600x367.webp 600w\" sizes=\"(max-width: 1600px) 100vw, 1600px\" \/> <img loading=\"lazy\" decoding=\"async\" class=\"alignnone wp-image-3832 size-full\" src=\"https:\/\/alexathletics1982.com\/wp-content\/uploads\/2026\/04\/XC2_\u4fee_05.webp\" alt=\"\" width=\"1600\" height=\"1344\" title=\"\" srcset=\"https:\/\/alexathletics1982.com\/wp-content\/uploads\/2026\/04\/XC2_\u4fee_05.webp 1600w, https:\/\/alexathletics1982.com\/wp-content\/uploads\/2026\/04\/XC2_\u4fee_05-300x252.webp 300w, https:\/\/alexathletics1982.com\/wp-content\/uploads\/2026\/04\/XC2_\u4fee_05-1024x860.webp 1024w, https:\/\/alexathletics1982.com\/wp-content\/uploads\/2026\/04\/XC2_\u4fee_05-768x645.webp 768w, https:\/\/alexathletics1982.com\/wp-content\/uploads\/2026\/04\/XC2_\u4fee_05-1536x1290.webp 1536w, https:\/\/alexathletics1982.com\/wp-content\/uploads\/2026\/04\/XC2_\u4fee_05-600x504.webp 600w\" sizes=\"(max-width: 1600px) 100vw, 1600px\" \/> <img loading=\"lazy\" decoding=\"async\" class=\"alignnone wp-image-3831 size-full\" src=\"https:\/\/alexathletics1982.com\/wp-content\/uploads\/2026\/04\/XC2_\u4fee_04.webp\" alt=\"\" width=\"1600\" height=\"1104\" title=\"\" srcset=\"https:\/\/alexathletics1982.com\/wp-content\/uploads\/2026\/04\/XC2_\u4fee_04.webp 1600w, https:\/\/alexathletics1982.com\/wp-content\/uploads\/2026\/04\/XC2_\u4fee_04-300x207.webp 300w, https:\/\/alexathletics1982.com\/wp-content\/uploads\/2026\/04\/XC2_\u4fee_04-1024x707.webp 1024w, https:\/\/alexathletics1982.com\/wp-content\/uploads\/2026\/04\/XC2_\u4fee_04-768x530.webp 768w, https:\/\/alexathletics1982.com\/wp-content\/uploads\/2026\/04\/XC2_\u4fee_04-1536x1060.webp 1536w, https:\/\/alexathletics1982.com\/wp-content\/uploads\/2026\/04\/XC2_\u4fee_04-600x414.webp 600w\" sizes=\"(max-width: 1600px) 100vw, 1600px\" \/> <img loading=\"lazy\" decoding=\"async\" class=\"alignnone wp-image-3830 size-full\" src=\"https:\/\/alexathletics1982.com\/wp-content\/uploads\/2026\/04\/XC2_\u4fee_03.webp\" alt=\"\" width=\"1600\" height=\"1451\" title=\"\" srcset=\"https:\/\/alexathletics1982.com\/wp-content\/uploads\/2026\/04\/XC2_\u4fee_03.webp 1600w, https:\/\/alexathletics1982.com\/wp-content\/uploads\/2026\/04\/XC2_\u4fee_03-300x272.webp 300w, https:\/\/alexathletics1982.com\/wp-content\/uploads\/2026\/04\/XC2_\u4fee_03-1024x929.webp 1024w, https:\/\/alexathletics1982.com\/wp-content\/uploads\/2026\/04\/XC2_\u4fee_03-768x696.webp 768w, https:\/\/alexathletics1982.com\/wp-content\/uploads\/2026\/04\/XC2_\u4fee_03-1536x1393.webp 1536w, https:\/\/alexathletics1982.com\/wp-content\/uploads\/2026\/04\/XC2_\u4fee_03-600x544.webp 600w\" sizes=\"(max-width: 1600px) 100vw, 1600px\" \/> <img loading=\"lazy\" decoding=\"async\" class=\"alignnone wp-image-3829 size-full\" src=\"https:\/\/alexathletics1982.com\/wp-content\/uploads\/2026\/04\/XC2_\u4fee_02.webp\" alt=\"\" width=\"1600\" height=\"2012\" title=\"\" srcset=\"https:\/\/alexathletics1982.com\/wp-content\/uploads\/2026\/04\/XC2_\u4fee_02.webp 1600w, https:\/\/alexathletics1982.com\/wp-content\/uploads\/2026\/04\/XC2_\u4fee_02-239x300.webp 239w, https:\/\/alexathletics1982.com\/wp-content\/uploads\/2026\/04\/XC2_\u4fee_02-814x1024.webp 814w, https:\/\/alexathletics1982.com\/wp-content\/uploads\/2026\/04\/XC2_\u4fee_02-768x966.webp 768w, https:\/\/alexathletics1982.com\/wp-content\/uploads\/2026\/04\/XC2_\u4fee_02-1221x1536.webp 1221w, https:\/\/alexathletics1982.com\/wp-content\/uploads\/2026\/04\/XC2_\u4fee_02-600x755.webp 600w\" sizes=\"(max-width: 1600px) 100vw, 1600px\" \/><\/h2>\n<h2>\u00cencredere \u00een mi\u0219care: Power Strider XC2<\/h2>\n<p>Power Strider XC2 de la Alexandave Industries Ltd este o band\u0103 de alergare revolu\u021bionar\u0103 cu control multimodal, proiectat\u0103 pentru a \u00eembina precizia biomecanic\u0103 cu versatilitatea adaptiv\u0103. Conceput\u0103 special pentru sportivi, fizioterapeu\u021bi \u0219i speciali\u0219ti \u00een reabilitare, aceasta ofer\u0103 un control f\u0103r\u0103 precedent asupra mecanicii mi\u0219c\u0103rii. Prin combinarea propulsiei \u00eenainte, a controlului excentric invers \u0219i a unui sistem avansat de suspensie pneumatic\u0103 \u00een cadrul unei platforme adaptive, XC2 redefine\u0219te posibilit\u0103\u021bile de performan\u021b\u0103 pe band\u0103 rulant\u0103 \u0219i de antrenament de reabilitare. Fie c\u0103 se recupereaz\u0103 dup\u0103 o interven\u021bie chirurgical\u0103 sau se antreneaz\u0103 pentru o putere exploziv\u0103 de elit\u0103, aceast\u0103 band\u0103 de alergare se adapteaz\u0103 exact la nevoile clinice \u0219i atletice ale utilizatorului.<\/p>\n<p>Siguran\u021ba \u0219i accesibilitatea sunt \u00een prim-planul designului XC2. Acesta dispune de o vitez\u0103 de pornire ultra-redus\u0103 de 0,1 km\/h, permi\u021b\u00e2nd ini\u021bierea mi\u0219c\u0103rii lin\u0103 \u0219i controlat\u0103 care minimizeaz\u0103 riscul de c\u0103dere pentru pacien\u021bii vulnerabili. Integrarea unui ham cu suspensie pneumatic\u0103 ofer\u0103 p\u00e2n\u0103 la 35 kg de reducere reglabil\u0103 a greut\u0103\u021bii corporale, reduc\u00e2nd stresul articular \u0219i \u00eembun\u0103t\u0103\u021bind stabilitatea posturii \u00een timpul mi\u0219c\u0103rilor multidirec\u021bionale. Cu o centur\u0103 de rulare foarte lat\u0103 de 56 cm, balustrade extinse \u0219i un design deschis lateral pentru acces u\u0219or la antrenor, acesta ofer\u0103 un mediu sigur, care inspir\u0103 \u00eencredere at\u00e2t pentru pacient, c\u00e2t \u0219i pentru practician.<\/p>\n<h3>1. Sistem de ac\u021bionare multimodal<\/h3>\n<p>XC2 nu este o band\u0103 de alergare standard. Are un sistem de propulsie bidirec\u021bional care permite alergarea aerobic\u0103 \u00eenainte \u0219i antrenamentul excentric \u00eenapoi. Cel mai impresionant este faptul c\u0103 include un mod PUSH dedicat care simuleaz\u0103 propulsia grea a saniei. Acest lucru permite sportivilor s\u0103 dezvolte for\u021ba exploziv\u0103 a p\u0103r\u021bii inferioare a corpului \u0219i accelera\u021bia \u00een siguran\u021b\u0103 \u00een interior, f\u0103r\u0103 a avea nevoie de o pist\u0103 de gazon dedicat\u0103.<\/p>\n<h3>2. Formare \u00een suspensie pneumatic\u0103<\/h3>\n<p>Sistemul integrat de suspensie pneumatic\u0103 schimb\u0103 regulile jocului pentru reabilitare \u0219i condi\u021bionare de \u00eenalt\u0103 performan\u021b\u0103. Prin desc\u0103rcarea a p\u00e2n\u0103 la 35 kg din greutatea corporal\u0103 a utilizatorului, acesta permite controlul mi\u0219c\u0103rilor reactive, cu impact redus. Acest lucru permite executarea \u00een siguran\u021b\u0103 a mi\u0219c\u0103rilor avansate, cum ar fi mersul retro suspendat, pa\u0219ii de reac\u021bie excentric\u0103 \u0219i salturile antigravita\u021bionale, reduc\u00e2nd distan\u021ba dintre terapia fizic\u0103 delicat\u0103 \u0219i performan\u021ba sportiv\u0103 dinamic\u0103.<\/p>\n<h3>3. Caracteristici de siguran\u021b\u0103 de grad clinic<\/h3>\n<p>Un sistem de protec\u021bie activ\u0103 cu dou\u0103 straturi asigur\u0103 siguran\u021ba absolut\u0103 \u00een toate modurile de antrenament. Acesta include un buton de oprire de urgen\u021b\u0103 cu r\u0103spuns imediat \u0219i un sistem de cleme de siguran\u021b\u0103 deta\u0219abile care opre\u0219te centura dac\u0103 utilizatorul \u00ee\u0219i pierde echilibrul. \u00cen plus, balustradele extinse \u0219i arhitectura lateral\u0103 deschis\u0103 permit personalului clinic s\u0103 intervin\u0103 \u0219i s\u0103 ajute la instruirea mersului f\u0103r\u0103 probleme \u0219i \u00een siguran\u021b\u0103.<\/p>\n<h3>4. Afi\u0219aj multidirec\u021bional \u0219i feedback<\/h3>\n<p>Consola este montat\u0103 pe un ecran multiaxial reglabil, permi\u021b\u00e2nd vizualizarea u\u0219oar\u0103 \u0219i operarea f\u0103r\u0103 \u00eentreruperi de c\u0103tre terapeu\u021bi sau personalul clinic care se afl\u0103 l\u00e2ng\u0103 aparat, \u00een loc s\u0103 se \u00eentind\u0103 deasupra pacientului. Senzorii de ritm cardiac integra\u021bi pe baz\u0103 de contact de pe m\u00e2nerele frontale ofer\u0103 feedback fiziologic \u00een timp real, permi\u021b\u00e2nd gestionarea precis\u0103 a intensit\u0103\u021bii \u00een timpul protocoalelor cardiovasculare sau de recuperare.<\/p>\n<h3>5. \u00cenclina\u021bie de 6\u00b0 \u0219i suprafa\u021b\u0103 cu pas larg<\/h3>\n<p>Banda de alergare ofer\u0103 o \u00eenclina\u021bie de 6\u00b0 (aprox. 10.5%) pentru condi\u021bionarea rezisten\u021bei la urcare \u0219i dezvoltarea for\u021bei. Banda de alergare generoas\u0103, cu o l\u0103\u021bime de 56 cm, asigur\u0103 stabilitate optim\u0103 \u0219i libertate de pas, acomod\u00e2ndu-se at\u00e2t cu mersul nesigur \u0219i larg al unui pacient \u00een curs de reabilitare, c\u00e2t \u0219i cu pasul puternic \u0219i alungit al unui atlet de sprint.<\/p>\n<h3>Pentru cine este aceasta?<\/h3>\n<ul style=\"list-style-position: inside; padding-left: 0;\">\n<li>Clinici de terapie fizic\u0103 \u0219i centre de reabilitare clinic\u0103.<\/li>\n<li>Facilit\u0103\u021bi de performan\u021b\u0103 sportiv\u0103 de elit\u0103 care antreneaz\u0103 puterea exploziv\u0103 \u0219i viteza.<\/li>\n<li>Persoane \u00een v\u00e2rst\u0103 care au nevoie de plimb\u0103ri sigure, cu impact redus, sus\u021binute de greutatea corporal\u0103.<\/li>\n<li>Sportivii care au nevoie de antrenament excentric dedicat (\u00eenapoi) \u0219i \u00eempingere cu sania.<\/li>\n<li>Spitale care necesit\u0103 viteze de pornire foarte mici pentru recuperare neurologic\u0103 sau post-operatorie.<\/li>\n<\/ul>\n<h3>Specifica\u021biile produsului<\/h3>\n<table border=\"1\" width=\"100%\" cellspacing=\"0\" cellpadding=\"5\">\n<tbody>\n<tr>\n<td><strong>Model<\/strong><\/td>\n<td>H02BB002 (Power Strider XC2)<\/td>\n<\/tr>\n<tr>\n<td><strong>Gama de viteze<\/strong><\/td>\n<td>\u00cenainte 0,1-20 km\/h \/ \u00cenapoi 0,1-20 km\/h<\/td>\n<\/tr>\n<tr>\n<td><strong>Interval de \u00eenclinare<\/strong><\/td>\n<td>0 - 6\u00b0 (aprox. 10.5%)<\/td>\n<\/tr>\n<tr>\n<td><strong>Suspensie<\/strong><\/td>\n<td>0 - 35 kg Reducerea greut\u0103\u021bii corporale<\/td>\n<\/tr>\n<tr>\n<td><strong>Dimensiunea centurii<\/strong><\/td>\n<td>56 cm x 156 cm<\/td>\n<\/tr>\n<tr>\n<td><strong>Greutatea maxim\u0103 a utilizatorului<\/strong><\/td>\n<td>150 kg<\/td>\n<\/tr>\n<\/tbody>\n<\/table>","protected":false},"excerpt":{"rendered":"<p>Power Strider XC2 de la Alexandave Industries Ltd este o band\u0103 de alergare multimodal\u0103 revolu\u021bionar\u0103 care integreaz\u0103 precizia biomecanic\u0103 cu un sistem de suspensie pneumatic\u0103. Conceput\u0103 pentru sportivii de elit\u0103 \u0219i pentru reabilitarea clinic\u0103, aceasta dispune de modurile \u00eenainte, \u00eenapoi \u0219i \u00eempingere cu sania, \u00eempreun\u0103 cu o reducere reglabil\u0103 a greut\u0103\u021bii corporale de p\u00e2n\u0103 la 35 kg. Cu o vitez\u0103 de pornire ultra-sc\u0103zut\u0103 de 0,1 km\/h, o band\u0103 de alergare extins\u0103 de 56 cm \u0219i caracteristici de siguran\u021b\u0103 complete, aceasta ofer\u0103 un control de neegalat pentru un antrenament sigur, func\u021bional \u0219i cu mi\u0219c\u0103ri explozive.<\/p>","protected":false},"featured_media":3824,"comment_status":"open","ping_status":"closed","template":"","meta":{"inline_featured_image":false,"site-sidebar-layout":"default","site-content-layout":"","ast-site-content-layout":"default","site-content-style":"default","site-sidebar-style":"default","ast-global-header-display":"","ast-banner-title-visibility":"","ast-main-header-display":"","ast-hfb-above-header-display":"","ast-hfb-below-header-display":"","ast-hfb-mobile-header-display":"","site-post-title":"","ast-breadcrumbs-content":"","ast-featured-img":"","footer-sml-layout":"","ast-disable-related-posts":"","theme-transparent-header-meta":"default","adv-header-id-meta":"","stick-header-meta":"default","header-above-stick-meta":"","header-main-stick-meta":"","header-below-stick-meta":"","astra-migrate-meta-layouts":"set","ast-page-background-enabled":"default","ast-page-background-meta":{"desktop":{"background-color":"","background-image":"","background-repeat":"repeat","background-position":"center center","background-size":"auto","background-attachment":"scroll","background-type":"","background-media":"","overlay-type":"","overlay-color":"","overlay-opacity":"","overlay-gradient":""},"tablet":{"background-color":"","background-image":"","background-repeat":"repeat","background-position":"center center","background-size":"auto","background-attachment":"scroll","background-type":"","background-media":"","overlay-type":"","overlay-color":"","overlay-opacity":"","overlay-gradient":""},"mobile":{"background-color":"","background-image":"","background-repeat":"repeat","background-position":"center center","background-size":"auto","background-attachment":"scroll","background-type":"","background-media":"","overlay-type":"","overlay-color":"","overlay-opacity":"","overlay-gradient":""}},"ast-content-background-meta":{"desktop":{"background-color":"var(--ast-global-color-5)","background-image":"","background-repeat":"repeat","background-position":"center center","background-size":"auto","background-attachment":"scroll","background-type":"","background-media":"","overlay-type":"","overlay-color":"","overlay-opacity":"","overlay-gradient":""},"tablet":{"background-color":"var(--ast-global-color-5)","background-image":"","background-repeat":"repeat","background-position":"center center","background-size":"auto","background-attachment":"scroll","background-type":"","background-media":"","overlay-type":"","overlay-color":"","overlay-opacity":"","overlay-gradient":""},"mobile":{"background-color":"var(--ast-global-color-5)","background-image":"","background-repeat":"repeat","background-position":"center center","background-size":"auto","background-attachment":"scroll","background-type":"","background-media":"","overlay-type":"","overlay-color":"","overlay-opacity":"","overlay-gradient":""}}},"product_brand":[],"product_cat":[54],"product_tag":[56],"class_list":{"0":"post-3839","1":"product","2":"type-product","3":"status-publish","4":"has-post-thumbnail","6":"product_cat-strength-equipment","7":"product_tag-functional-equipment","8":"desktop-align-left","9":"tablet-align-left","10":"mobile-align-left","12":"first","13":"instock","14":"shipping-taxable","15":"purchasable","16":"product-type-simple"},"_links":{"self":[{"href":"https:\/\/alexathletics1982.com\/ro\/wp-json\/wp\/v2\/product\/3839","targetHints":{"allow":["GET"]}}],"collection":[{"href":"https:\/\/alexathletics1982.com\/ro\/wp-json\/wp\/v2\/product"}],"about":[{"href":"https:\/\/alexathletics1982.com\/ro\/wp-json\/wp\/v2\/types\/product"}],"replies":[{"embeddable":true,"href":"https:\/\/alexathletics1982.com\/ro\/wp-json\/wp\/v2\/comments?post=3839"}],"wp:featuredmedia":[{"embeddable":true,"href":"https:\/\/alexathletics1982.com\/ro\/wp-json\/wp\/v2\/media\/3824"}],"wp:attachment":[{"href":"https:\/\/alexathletics1982.com\/ro\/wp-json\/wp\/v2\/media?parent=3839"}],"wp:term":[{"taxonomy":"product_brand","embeddable":true,"href":"https:\/\/alexathletics1982.com\/ro\/wp-json\/wp\/v2\/product_brand?post=3839"},{"taxonomy":"product_cat","embeddable":true,"href":"https:\/\/alexathletics1982.com\/ro\/wp-json\/wp\/v2\/product_cat?post=3839"},{"taxonomy":"product_tag","embeddable":true,"href":"https:\/\/alexathletics1982.com\/ro\/wp-json\/wp\/v2\/product_tag?post=3839"}],"curies":[{"name":"wp","href":"https:\/\/api.w.org\/{rel}","templated":true}]}}