{"id":2845,"date":"2026-01-23T09:46:23","date_gmt":"2026-01-23T01:46:23","guid":{"rendered":"https:\/\/alexathletics1982.com\/?post_type=product&#038;p=2845"},"modified":"2026-04-17T22:21:14","modified_gmt":"2026-04-17T14:21:14","slug":"isomotion-press","status":"publish","type":"product","link":"https:\/\/alexathletics1982.com\/sv\/isomotion-press\/","title":{"rendered":"IsoMotion Press"},"content":{"rendered":"<div class=\"ast-oembed-container\" style=\"height: 100%;\"><iframe title=\"ISOMOTION PRESS--\u00c4G DIN REPRESENTANT\" width=\"500\" height=\"281\" src=\"https:\/\/www.youtube.com\/embed\/JnvNjb5bjrY?feature=oembed\" frameborder=\"0\" allow=\"accelerometer; autoplay; clipboard-write; encrypted-media; gyroscope; picture-in-picture; web-share\" referrerpolicy=\"strict-origin-when-cross-origin\" allowfullscreen><\/iframe><\/div>\n<h2><img fetchpriority=\"high\" decoding=\"async\" class=\"alignnone wp-image-3809 size-full\" src=\"https:\/\/alexathletics1982.com\/wp-content\/uploads\/2026\/01\/iso_V2_02.webp\" alt=\"\" width=\"1600\" height=\"960\" title=\"\" srcset=\"https:\/\/alexathletics1982.com\/wp-content\/uploads\/2026\/01\/iso_V2_02.webp 1600w, https:\/\/alexathletics1982.com\/wp-content\/uploads\/2026\/01\/iso_V2_02-300x180.webp 300w, https:\/\/alexathletics1982.com\/wp-content\/uploads\/2026\/01\/iso_V2_02-1024x614.webp 1024w, https:\/\/alexathletics1982.com\/wp-content\/uploads\/2026\/01\/iso_V2_02-768x461.webp 768w, https:\/\/alexathletics1982.com\/wp-content\/uploads\/2026\/01\/iso_V2_02-1536x922.webp 1536w, https:\/\/alexathletics1982.com\/wp-content\/uploads\/2026\/01\/iso_V2_02-600x360.webp 600w\" sizes=\"(max-width: 1600px) 100vw, 1600px\" \/><img decoding=\"async\" class=\"alignnone wp-image-3810 size-full\" src=\"https:\/\/alexathletics1982.com\/wp-content\/uploads\/2026\/01\/iso_V2_03.webp\" alt=\"\" width=\"1600\" height=\"960\" title=\"\" srcset=\"https:\/\/alexathletics1982.com\/wp-content\/uploads\/2026\/01\/iso_V2_03.webp 1600w, https:\/\/alexathletics1982.com\/wp-content\/uploads\/2026\/01\/iso_V2_03-300x180.webp 300w, https:\/\/alexathletics1982.com\/wp-content\/uploads\/2026\/01\/iso_V2_03-1024x614.webp 1024w, https:\/\/alexathletics1982.com\/wp-content\/uploads\/2026\/01\/iso_V2_03-768x461.webp 768w, https:\/\/alexathletics1982.com\/wp-content\/uploads\/2026\/01\/iso_V2_03-1536x922.webp 1536w, https:\/\/alexathletics1982.com\/wp-content\/uploads\/2026\/01\/iso_V2_03-600x360.webp 600w\" sizes=\"(max-width: 1600px) 100vw, 1600px\" \/> <img decoding=\"async\" class=\"alignnone wp-image-3813 size-full\" src=\"https:\/\/alexathletics1982.com\/wp-content\/uploads\/2026\/01\/iso_V2_07.webp\" alt=\"\" width=\"1600\" height=\"960\" title=\"\" srcset=\"https:\/\/alexathletics1982.com\/wp-content\/uploads\/2026\/01\/iso_V2_07.webp 1600w, https:\/\/alexathletics1982.com\/wp-content\/uploads\/2026\/01\/iso_V2_07-300x180.webp 300w, https:\/\/alexathletics1982.com\/wp-content\/uploads\/2026\/01\/iso_V2_07-1024x614.webp 1024w, https:\/\/alexathletics1982.com\/wp-content\/uploads\/2026\/01\/iso_V2_07-768x461.webp 768w, https:\/\/alexathletics1982.com\/wp-content\/uploads\/2026\/01\/iso_V2_07-1536x922.webp 1536w, https:\/\/alexathletics1982.com\/wp-content\/uploads\/2026\/01\/iso_V2_07-600x360.webp 600w\" sizes=\"(max-width: 1600px) 100vw, 1600px\" \/> <img loading=\"lazy\" decoding=\"async\" class=\"alignnone wp-image-3812 size-full\" src=\"https:\/\/alexathletics1982.com\/wp-content\/uploads\/2026\/01\/iso_V2_06.webp\" alt=\"\" width=\"1600\" height=\"1416\" title=\"\" srcset=\"https:\/\/alexathletics1982.com\/wp-content\/uploads\/2026\/01\/iso_V2_06.webp 1600w, https:\/\/alexathletics1982.com\/wp-content\/uploads\/2026\/01\/iso_V2_06-300x266.webp 300w, https:\/\/alexathletics1982.com\/wp-content\/uploads\/2026\/01\/iso_V2_06-1024x906.webp 1024w, https:\/\/alexathletics1982.com\/wp-content\/uploads\/2026\/01\/iso_V2_06-768x680.webp 768w, https:\/\/alexathletics1982.com\/wp-content\/uploads\/2026\/01\/iso_V2_06-1536x1359.webp 1536w, https:\/\/alexathletics1982.com\/wp-content\/uploads\/2026\/01\/iso_V2_06-600x531.webp 600w\" sizes=\"(max-width: 1600px) 100vw, 1600px\" \/> <img loading=\"lazy\" decoding=\"async\" class=\"alignnone wp-image-3811 size-full\" src=\"https:\/\/alexathletics1982.com\/wp-content\/uploads\/2026\/01\/iso_V2_05.webp\" alt=\"\" width=\"1600\" height=\"2078\" title=\"\" srcset=\"https:\/\/alexathletics1982.com\/wp-content\/uploads\/2026\/01\/iso_V2_05.webp 1600w, https:\/\/alexathletics1982.com\/wp-content\/uploads\/2026\/01\/iso_V2_05-231x300.webp 231w, https:\/\/alexathletics1982.com\/wp-content\/uploads\/2026\/01\/iso_V2_05-788x1024.webp 788w, https:\/\/alexathletics1982.com\/wp-content\/uploads\/2026\/01\/iso_V2_05-768x997.webp 768w, https:\/\/alexathletics1982.com\/wp-content\/uploads\/2026\/01\/iso_V2_05-1183x1536.webp 1183w, https:\/\/alexathletics1982.com\/wp-content\/uploads\/2026\/01\/iso_V2_05-1577x2048.webp 1577w, https:\/\/alexathletics1982.com\/wp-content\/uploads\/2026\/01\/iso_V2_05-600x779.webp 600w\" sizes=\"(max-width: 1600px) 100vw, 1600px\" \/><\/h2>\n<h2>Sl\u00e4pp loss balanserad kraft med IsoMotion Press<\/h2>\n<p>IsoMotion Press \u00e4r en teknisk h\u00f6jdpunkt inom kompakt styrketr\u00e4ningsutrustning, speciellt utformad f\u00f6r att \u00f6verbrygga klyftan mellan prestanda i kommersiella anl\u00e4ggningar och de rumsliga begr\u00e4nsningarna i ett hemmagym. I str\u00e4van efter verklig fysisk styrka \u00e4r symmetri ofta det f\u00f6rsta offret f\u00f6r traditionell skivst\u00e5ngstr\u00e4ning, d\u00e4r den dominerande sidan alltid kompenserar f\u00f6r den svagare. IsoMotion Press tar itu med detta grundl\u00e4ggande problem genom sin avancerade iso-laterala armdesign, som tvingar varje extremitet att flytta sin egen vikt oberoende av varandra. Detta avsl\u00f6jar inte bara dolda muskul\u00e4ra obalanser utan korrigerar dem aktivt, vilket s\u00e4kerst\u00e4ller att br\u00f6st, axlar och triceps utvecklas i perfekt harmoni. Genom att efterlikna den naturliga konvergensen av m\u00e4nniskokroppens tryckmekanik erbjuder den en s\u00e4krare och mer ergonomiskt sund r\u00f6relsev\u00e4g \u00e4n maskiner med fast st\u00e5ng, vilket minskar belastningen p\u00e5 axelkapseln samtidigt som muskelfiberrekryteringen maximeras. F\u00f6r den kr\u00e4sne fitnessentusiasten \u00e4r den h\u00e4r maskinen inte bara ett verktyg f\u00f6r att lyfta vikter; det \u00e4r ett instrument f\u00f6r att bem\u00e4stra r\u00f6relsekvalitet och s\u00e4kerst\u00e4lla l\u00e5ngsiktig ledh\u00e4lsa.<\/p>\n<p>Ut\u00f6ver sina biomekaniska f\u00f6rdelar \u00e4r IsoMotion Press en m\u00e4starklass i effektivitet och m\u00e5ngsidighet. Den \u00e4r konstruerad med en f\u00f6rst\u00e4rkt st\u00e5lram och har en pulverlackering av industriell kvalitet, vilket ger den robusta h\u00e5llbarhet som kr\u00e4vs f\u00f6r intensiva, dagliga tr\u00e4ningspass. Trots sin robusta konstruktion har maskinen ett f\u00f6rv\u00e5nansv\u00e4rt kompakt fotavtryck (B1478 X H1105\/1158 X D1658 mm), vilket g\u00f6r den till en idealisk mittpunkt f\u00f6r ett garagegym eller en boutique-studio f\u00f6r personlig tr\u00e4ning. Anv\u00e4ndarupplevelsen \u00e4r central i designen; det intuitiva gr\u00e4nssnittet och de snabba justeringsmekanismerna inneb\u00e4r att \u00f6verg\u00e5ngarna mellan \u00f6vningarna \u00e4r flytande och omedelbara. Oavsett om du utf\u00f6r tunga br\u00f6stpressar, lutningsvariationer eller f\u00f6rbereder dig f\u00f6r r\u00f6relser i underkroppen som h\u00f6ftlyft, anpassar sig IsoMotion Press till ditt tr\u00e4ningsfl\u00f6de. Den g\u00f6r det m\u00f6jligt f\u00f6r anv\u00e4ndaren att utf\u00f6ra styrketr\u00e4ning f\u00f6r hela kroppen med maskinens s\u00e4kerhet och stabilitet, men med friheten och de funktionella f\u00f6rdelarna med fria vikter.<\/p>\n<h3>Oberoende iso-lateral teknik<\/h3>\n<p>Den viktigaste innovationen i IsoMotion Press \u00e4r den oberoende armr\u00f6relsen. Till skillnad fr\u00e5n standardmaskiner d\u00e4r en enda st\u00e5ng f\u00f6rbinder b\u00e5da handtagen, kr\u00e4ver denna isolaterala design att varje sida av kroppen arbetar oberoende av varandra. Detta \u00e4r avg\u00f6rande f\u00f6r att korrigera styrkeasymmetrier som \u00e4r vanliga hos de flesta lyftare. Om din h\u00f6gra sida \u00e4r starkare kan den inte hj\u00e4lpa till att lyfta vikten f\u00f6r den v\u00e4nstra sidan. Detta s\u00e4kerst\u00e4ller lika stort muskelengagemang och balanserad utveckling, vilket \u00e4r viktigt f\u00f6r att f\u00f6rebygga skador och f\u00f6r idrottsprestationer. Dessutom m\u00f6jligg\u00f6r den unilaterala tr\u00e4ningsvariationer, vilket g\u00f6r att du kan fokusera helt p\u00e5 en sida i taget eller utf\u00f6ra alternerande pressar f\u00f6r att engagera b\u00e5lstabilisatorerna betydligt mer \u00e4n bilaterala r\u00f6relser.<\/p>\n<h3>L\u00e4nkarmssystem med snabbjustering<\/h3>\n<p>Effektivitet \u00e4r nyckeln till all tr\u00e4ning, och IsoMotion Press levererar med sitt Quick-Adjust Link-Arm System. Denna mekanism g\u00f6r det m\u00f6jligt f\u00f6r anv\u00e4ndare att \u00e4ndra vinkeln och positionen p\u00e5 pressarmarna direkt utan den tr\u00e5kiga processen med att lossa och ladda om viktplattor. Systemet klarar en maximal belastning p\u00e5 100 kg och \u00e4r tillr\u00e4ckligt robust f\u00f6r tunga lyft, men tillr\u00e4ckligt smidigt f\u00f6r snabba justeringar. Denna funktion \u00e4r s\u00e4rskilt f\u00f6rdelaktig vid cirkeltr\u00e4ning eller superset, d\u00e4r det \u00e4r viktigt att h\u00e5lla en h\u00f6g puls och minimera stillest\u00e5ndstiden. Den s\u00f6ml\u00f6sa \u00f6verg\u00e5ngen fr\u00e5n platt press till lutande press eller rodd g\u00f6r att tr\u00e4ningsintensiteten h\u00e5lls h\u00f6g och fokus sk\u00e4rpt.<\/p>\n<h3>M\u00e5ngsidighet med flera funktioner<\/h3>\n<p>IsoMotion Press \u00e4r i f\u00f6rsta hand en pressstation, men den \u00e4r mycket m\u00e5ngsidig. De justerbara l\u00e4nkarmarna och den ergonomiska dyndesignen g\u00f6r att den kan anv\u00e4ndas f\u00f6r en m\u00e4ngd olika \u00f6vningar, inte bara f\u00f6r br\u00f6st- och axelarbete. Den \u00e4r unikt konstruerad f\u00f6r att passa h\u00f6ftlyft, med justerbara plattor som passar olika b\u00e5lh\u00f6jder. Detta f\u00f6rvandlar maskinen till en omfattande helkroppsutvecklare. Anv\u00e4ndarna kan utf\u00f6ra explosiva kraftr\u00f6relser, kontrollerat hypertrofiarbete f\u00f6r \u00f6verkroppen och viktiga \u00f6vningar f\u00f6r den bakre kedjan f\u00f6r underkroppen, allt i en enda, utrymmesbesparande station.<\/p>\n<h3>H\u00e5llbarhet i kommersiell klass<\/h3>\n<p>IsoMotion Press har en kraftig st\u00e5lkonstruktion som \u00e4r byggd f\u00f6r att klara p\u00e5frestningarna i en professionell tr\u00e4ningsmilj\u00f6. Ramen \u00e4r f\u00f6rst\u00e4rkt f\u00f6r att klara tunga belastningar utan att b\u00f6jas eller vackla, vilket ger den solida, jordade k\u00e4nsla som seri\u00f6sa lyftare kr\u00e4ver. Utsidan \u00e4r behandlad med en pulverlackering av industriell kvalitet, som inte bara ger den en elegant, professionell svart estetik utan ocks\u00e5 ger \u00f6verl\u00e4gsen motst\u00e5ndskraft mot svett, repor och korrosion. Detta s\u00e4kerst\u00e4ller att maskinen beh\u00e5ller sin strukturella integritet och sitt utseende \u00e4ven efter \u00e5ratal av h\u00e5rd anv\u00e4ndning. H\u00f6gkvalitativa lager vid sv\u00e4ngpunkterna s\u00e4kerst\u00e4ller en smidig och tyst drift vid varje rep.<\/p>\n<h3>Kompakt fotavtryck f\u00f6r hemmagym<\/h3>\n<p>IsoMotion Press \u00e4r konstruerad f\u00f6r att vara utrymmeseffektiv utan att kompromissa med prestandan, eftersom m\u00e5nga hemmagym och personliga studios har begr\u00e4nsade utrymmen. Med m\u00e5tten B1478 X H1105\/1158 X D1658 mm passar den bekv\u00e4mt in i h\u00f6rn eller mindre rum d\u00e4r traditionella kommersiella maskiner skulle vara om\u00f6jliga att f\u00e5 plats med. Trots sin kompakta storlek ger den \u00f6ppna ramkonstruktionen enkel \u00e5tkomst och bekv\u00e4m positionering f\u00f6r anv\u00e4ndare av alla storlekar. Den ger full funktionalitet som en stor multigymstation i ett koncentrerat, effektivt paket, s\u00e5 att du kan maximera golvytan f\u00f6r annan utrustning eller r\u00f6relse.<\/p>\n<h3>Vem \u00e4r detta till f\u00f6r?<\/h3>\n<ul style=\"list-style-position: inside; padding-left: 0;\">\n<li>Hemmagym\u00e4gare som vill ha utrustning av kommersiell kvalitet p\u00e5 en liten yta.<\/li>\n<li>Styrkeidrottare som fokuserar p\u00e5 att korrigera muskelobalanser och symmetri.<\/li>\n<li>Personliga tr\u00e4nare som beh\u00f6ver en m\u00e5ngsidig och s\u00e4ker station f\u00f6r olika klienter.<\/li>\n<li>Rehabiliteringspersonal som kr\u00e4ver kontrollerad unilateral r\u00f6relse.<\/li>\n<li>Fitnessentusiaster som vill ha en helkroppsmaskin utan att den \u00e4r f\u00f6r stor.<\/li>\n<\/ul>\n<h3>Produktspecifikationer<\/h3>\n<table border=\"1\" width=\"100%\" cellspacing=\"0\" cellpadding=\"5\">\n<tbody>\n<tr>\n<td><strong>Material<\/strong><\/td>\n<td>St\u00e5l<\/td>\n<\/tr>\n<tr>\n<td><strong>Avsluta<\/strong><\/td>\n<td>Pulverlackerad<\/td>\n<\/tr>\n<tr>\n<td><strong>M\u00e5tt och dimensioner<\/strong><\/td>\n<td>B1478 X H1105\/1158 X D1658 mm<\/td>\n<\/tr>\n<tr>\n<td><strong>Vikt<\/strong><\/td>\n<td>106 kg<\/td>\n<\/tr>\n<tr>\n<td><strong>Max belastning<\/strong><\/td>\n<td>100 kg<\/td>\n<\/tr>\n<\/tbody>\n<\/table>","protected":false},"excerpt":{"rendered":"<p>IsoMotion Press fr\u00e5n Alex Athletics \u00e4r en revolutionerande styrketr\u00e4ningsmaskin som \u00e4r utformad f\u00f6r att \u00f6verbrygga klyftan mellan kommersiella gyms prestanda och bekv\u00e4mligheten med hemmatr\u00e4ning. Maskinen \u00e4r kompakt och specialiserar sig p\u00e5 isolaterala r\u00f6relser, vilket g\u00f6r att varje arm kan arbeta oberoende av varandra. Detta s\u00e4kerst\u00e4ller symmetrisk muskelutveckling, korrigerar obalanser i styrkan och minskar avsev\u00e4rt risken f\u00f6r skador j\u00e4mf\u00f6rt med maskiner med fasta st\u00e4nger. IsoMotion Press har en robust st\u00e5lram och en pulverlackerad yta av industriell kvalitet, vilket ger enast\u00e5ende h\u00e5llbarhet. Det snabbjusterbara l\u00e4nkarmssystemet klarar upp till 100 kg, vilket m\u00f6jligg\u00f6r s\u00f6ml\u00f6sa \u00f6verg\u00e5ngar mellan \u00f6vningar som br\u00f6stpress och h\u00f6ftlyft utan att beh\u00f6va ladda om plattorna. Perfekt f\u00f6r fitnessentusiaster, idrottare och personliga tr\u00e4nare som s\u00f6ker professionell utrustning f\u00f6r begr\u00e4nsade utrymmen.<\/p>","protected":false},"featured_media":3806,"comment_status":"open","ping_status":"closed","template":"","meta":{"inline_featured_image":false,"site-sidebar-layout":"default","site-content-layout":"","ast-site-content-layout":"default","site-content-style":"default","site-sidebar-style":"default","ast-global-header-display":"","ast-banner-title-visibility":"","ast-main-header-display":"","ast-hfb-above-header-display":"","ast-hfb-below-header-display":"","ast-hfb-mobile-header-display":"","site-post-title":"","ast-breadcrumbs-content":"","ast-featured-img":"","footer-sml-layout":"","ast-disable-related-posts":"","theme-transparent-header-meta":"default","adv-header-id-meta":"","stick-header-meta":"default","header-above-stick-meta":"","header-main-stick-meta":"","header-below-stick-meta":"","astra-migrate-meta-layouts":"set","ast-page-background-enabled":"default","ast-page-background-meta":{"desktop":{"background-color":"","background-image":"","background-repeat":"repeat","background-position":"center center","background-size":"auto","background-attachment":"scroll","background-type":"","background-media":"","overlay-type":"","overlay-color":"","overlay-opacity":"","overlay-gradient":""},"tablet":{"background-color":"","background-image":"","background-repeat":"repeat","background-position":"center center","background-size":"auto","background-attachment":"scroll","background-type":"","background-media":"","overlay-type":"","overlay-color":"","overlay-opacity":"","overlay-gradient":""},"mobile":{"background-color":"","background-image":"","background-repeat":"repeat","background-position":"center center","background-size":"auto","background-attachment":"scroll","background-type":"","background-media":"","overlay-type":"","overlay-color":"","overlay-opacity":"","overlay-gradient":""}},"ast-content-background-meta":{"desktop":{"background-color":"var(--ast-global-color-5)","background-image":"","background-repeat":"repeat","background-position":"center center","background-size":"auto","background-attachment":"scroll","background-type":"","background-media":"","overlay-type":"","overlay-color":"","overlay-opacity":"","overlay-gradient":""},"tablet":{"background-color":"var(--ast-global-color-5)","background-image":"","background-repeat":"repeat","background-position":"center center","background-size":"auto","background-attachment":"scroll","background-type":"","background-media":"","overlay-type":"","overlay-color":"","overlay-opacity":"","overlay-gradient":""},"mobile":{"background-color":"var(--ast-global-color-5)","background-image":"","background-repeat":"repeat","background-position":"center center","background-size":"auto","background-attachment":"scroll","background-type":"","background-media":"","overlay-type":"","overlay-color":"","overlay-opacity":"","overlay-gradient":""}}},"product_brand":[],"product_cat":[54],"product_tag":[56],"class_list":{"0":"post-2845","1":"product","2":"type-product","3":"status-publish","4":"has-post-thumbnail","6":"product_cat-strength-equipment","7":"product_tag-functional-equipment","8":"desktop-align-left","9":"tablet-align-left","10":"mobile-align-left","12":"first","13":"instock","14":"shipping-taxable","15":"purchasable","16":"product-type-simple"},"_links":{"self":[{"href":"https:\/\/alexathletics1982.com\/sv\/wp-json\/wp\/v2\/product\/2845","targetHints":{"allow":["GET"]}}],"collection":[{"href":"https:\/\/alexathletics1982.com\/sv\/wp-json\/wp\/v2\/product"}],"about":[{"href":"https:\/\/alexathletics1982.com\/sv\/wp-json\/wp\/v2\/types\/product"}],"replies":[{"embeddable":true,"href":"https:\/\/alexathletics1982.com\/sv\/wp-json\/wp\/v2\/comments?post=2845"}],"wp:featuredmedia":[{"embeddable":true,"href":"https:\/\/alexathletics1982.com\/sv\/wp-json\/wp\/v2\/media\/3806"}],"wp:attachment":[{"href":"https:\/\/alexathletics1982.com\/sv\/wp-json\/wp\/v2\/media?parent=2845"}],"wp:term":[{"taxonomy":"product_brand","embeddable":true,"href":"https:\/\/alexathletics1982.com\/sv\/wp-json\/wp\/v2\/product_brand?post=2845"},{"taxonomy":"product_cat","embeddable":true,"href":"https:\/\/alexathletics1982.com\/sv\/wp-json\/wp\/v2\/product_cat?post=2845"},{"taxonomy":"product_tag","embeddable":true,"href":"https:\/\/alexathletics1982.com\/sv\/wp-json\/wp\/v2\/product_tag?post=2845"}],"curies":[{"name":"wp","href":"https:\/\/api.w.org\/{rel}","templated":true}]}}