{"id":2864,"date":"2026-01-23T20:19:45","date_gmt":"2026-01-23T12:19:45","guid":{"rendered":"https:\/\/alexathletics1982.com\/?post_type=product&#038;p=2864"},"modified":"2026-04-17T22:19:47","modified_gmt":"2026-04-17T14:19:47","slug":"keynimax-bank","status":"publish","type":"product","link":"https:\/\/alexathletics1982.com\/sv\/keynimax-bench\/","title":{"rendered":"Keynimax B\u00e4nk"},"content":{"rendered":"<div class=\"ast-oembed-container\" style=\"height: 100%;\"><iframe title=\"KEYNIMAX-B\u00c4NK - OMDEFINIERA DITT SORTIMENT\" width=\"500\" height=\"281\" src=\"https:\/\/www.youtube.com\/embed\/nmRrr11CB2o?feature=oembed\" frameborder=\"0\" allow=\"accelerometer; autoplay; clipboard-write; encrypted-media; gyroscope; picture-in-picture; web-share\" referrerpolicy=\"strict-origin-when-cross-origin\" allowfullscreen><\/iframe><\/div>\n<h2><img fetchpriority=\"high\" decoding=\"async\" class=\"alignnone wp-image-3816 size-full\" src=\"https:\/\/alexathletics1982.com\/wp-content\/uploads\/2026\/01\/keynimax_V2_01.webp\" alt=\"\" width=\"1600\" height=\"960\" title=\"\" srcset=\"https:\/\/alexathletics1982.com\/wp-content\/uploads\/2026\/01\/keynimax_V2_01.webp 1600w, https:\/\/alexathletics1982.com\/wp-content\/uploads\/2026\/01\/keynimax_V2_01-300x180.webp 300w, https:\/\/alexathletics1982.com\/wp-content\/uploads\/2026\/01\/keynimax_V2_01-1024x614.webp 1024w, https:\/\/alexathletics1982.com\/wp-content\/uploads\/2026\/01\/keynimax_V2_01-768x461.webp 768w, https:\/\/alexathletics1982.com\/wp-content\/uploads\/2026\/01\/keynimax_V2_01-1536x922.webp 1536w, https:\/\/alexathletics1982.com\/wp-content\/uploads\/2026\/01\/keynimax_V2_01-600x360.webp 600w\" sizes=\"(max-width: 1600px) 100vw, 1600px\" \/> <img decoding=\"async\" class=\"alignnone wp-image-3817 size-full\" src=\"https:\/\/alexathletics1982.com\/wp-content\/uploads\/2026\/01\/keynimax_V2_2.webp\" alt=\"\" width=\"1600\" height=\"960\" title=\"\" srcset=\"https:\/\/alexathletics1982.com\/wp-content\/uploads\/2026\/01\/keynimax_V2_2.webp 1600w, https:\/\/alexathletics1982.com\/wp-content\/uploads\/2026\/01\/keynimax_V2_2-300x180.webp 300w, https:\/\/alexathletics1982.com\/wp-content\/uploads\/2026\/01\/keynimax_V2_2-1024x614.webp 1024w, https:\/\/alexathletics1982.com\/wp-content\/uploads\/2026\/01\/keynimax_V2_2-768x461.webp 768w, https:\/\/alexathletics1982.com\/wp-content\/uploads\/2026\/01\/keynimax_V2_2-1536x922.webp 1536w, https:\/\/alexathletics1982.com\/wp-content\/uploads\/2026\/01\/keynimax_V2_2-600x360.webp 600w\" sizes=\"(max-width: 1600px) 100vw, 1600px\" \/> <img decoding=\"async\" class=\"alignnone wp-image-3818 size-full\" src=\"https:\/\/alexathletics1982.com\/wp-content\/uploads\/2026\/01\/keynimax_V2_3.webp\" alt=\"\" width=\"1600\" height=\"979\" title=\"\" srcset=\"https:\/\/alexathletics1982.com\/wp-content\/uploads\/2026\/01\/keynimax_V2_3.webp 1600w, https:\/\/alexathletics1982.com\/wp-content\/uploads\/2026\/01\/keynimax_V2_3-300x184.webp 300w, https:\/\/alexathletics1982.com\/wp-content\/uploads\/2026\/01\/keynimax_V2_3-1024x627.webp 1024w, https:\/\/alexathletics1982.com\/wp-content\/uploads\/2026\/01\/keynimax_V2_3-768x470.webp 768w, https:\/\/alexathletics1982.com\/wp-content\/uploads\/2026\/01\/keynimax_V2_3-1536x940.webp 1536w, https:\/\/alexathletics1982.com\/wp-content\/uploads\/2026\/01\/keynimax_V2_3-600x367.webp 600w\" sizes=\"(max-width: 1600px) 100vw, 1600px\" \/> <img loading=\"lazy\" decoding=\"async\" class=\"alignnone wp-image-3819 size-full\" src=\"https:\/\/alexathletics1982.com\/wp-content\/uploads\/2026\/01\/keynimax_V2_4.webp\" alt=\"\" width=\"1600\" height=\"2130\" title=\"\" srcset=\"https:\/\/alexathletics1982.com\/wp-content\/uploads\/2026\/01\/keynimax_V2_4.webp 1600w, https:\/\/alexathletics1982.com\/wp-content\/uploads\/2026\/01\/keynimax_V2_4-225x300.webp 225w, https:\/\/alexathletics1982.com\/wp-content\/uploads\/2026\/01\/keynimax_V2_4-769x1024.webp 769w, https:\/\/alexathletics1982.com\/wp-content\/uploads\/2026\/01\/keynimax_V2_4-768x1022.webp 768w, https:\/\/alexathletics1982.com\/wp-content\/uploads\/2026\/01\/keynimax_V2_4-1154x1536.webp 1154w, https:\/\/alexathletics1982.com\/wp-content\/uploads\/2026\/01\/keynimax_V2_4-1538x2048.webp 1538w, https:\/\/alexathletics1982.com\/wp-content\/uploads\/2026\/01\/keynimax_V2_4-600x799.webp 600w\" sizes=\"(max-width: 1600px) 100vw, 1600px\" \/><\/h2>\n<h2>Revolutionerar b\u00e4nkpressen: Den patenterade Keynimax\u2122-b\u00e4nken<\/h2>\n<p>P\u00e5 en marknad som \u00e4r m\u00e4ttad med identisk utrustning st\u00e5r Keynimax\u2122 Bench ensam som en verklig innovation inom biomekanik f\u00f6r styrketr\u00e4ning. Det h\u00e4r \u00e4r inte bara en viktb\u00e4nk; det \u00e4r en prestationsh\u00f6jande plattform som \u00e4r utformad f\u00f6r att frig\u00f6ra det maximala r\u00f6relseomf\u00e5nget (Max ROM) f\u00f6r \u00f6verkroppen. Traditionella rektangul\u00e4ra b\u00e4nkar begr\u00e4nsar ofta scapulas (skulderbladens) r\u00f6relse genom att trycka dem mot dynan och begr\u00e4nsa den naturliga rotationen. Keynimax\u2122 har en patenterad, unik \u201cnyckelformad\u201d kontur. Den \u00f6vre delen av dynan smalnar av betydligt, vilket skapar en \u201cstabilitetsvinge\u201d. Denna revolutionerande design frig\u00f6r axlarna och g\u00f6r att skulderbladen kan dras in och ut fritt under \u00f6vningar som b\u00e4nkpress, lutande press och hantelrodd. Denna r\u00f6relsefrihet m\u00f6jligg\u00f6r en djupare stretch i botten av repetitionen och en starkare toppkontraktion i toppen, vilket stimulerar st\u00f6rre muskelfiberrekrytering och fr\u00e4mjar en sundare axelmekanik.<\/p>\n<p>Keynimax\u2122 Bench \u00e4r konstruerad f\u00f6r elitprestanda i b\u00e5de hemmagym och kommersiella anl\u00e4ggningar och \u00e4r byggd som en tank. Den har en massiv viktkapacitet p\u00e5 1 000 lbs (ca 454 kg), vilket g\u00f6r den l\u00e4mplig f\u00f6r de starkaste styrkelyftarna och idrottarna i v\u00e4rlden. Den smala mittplattan arbetar tillsammans med stabilitetsvingarna f\u00f6r att f\u00f6rb\u00e4ttra proprioceptionen - kroppens medvetenhet om sin position i rummet. Genom att minska ytan under ryggraden och samtidigt st\u00f6dja de viktigaste kontaktpunkterna tvingar b\u00e4nken b\u00e5lstabilisatorerna att engagera sig mer aktivt f\u00f6r att uppr\u00e4tth\u00e5lla balansen. Detta leder till f\u00f6rb\u00e4ttrad b\u00e5lstabilitet, b\u00e4ttre h\u00e5llning och en mer funktionell \u00f6verf\u00f6ring av styrka till verkliga aktiviteter. Keynimax\u2122 \u00e4r utrustad med premiumkl\u00e4dsel och en robust justerbar mekanism och \u00e4r det ultimata verktyget f\u00f6r dem som inte vill kompromissa med prestanda eller komfort.<\/p>\n<h3>1. Patenterad nyckelformad kontur (Max ROM)<\/h3>\n<p>Det utm\u00e4rkande f\u00f6r Keynimax\u2122 \u00e4r dess silhuett. \u201cNyckelformen\u201d g\u00f6r att skulderbladen kan r\u00f6ra sig utan hinder. I en vanlig b\u00e4nkpress blockerar b\u00e4nken ofta skulderbladen fr\u00e5n att dra sig tillbaka helt, vilket kan leda till sm\u00e4rta i fr\u00e4mre axeln och minskad br\u00f6stkorgsaktivering. Keynimax\u2122 avl\u00e4gsnar detta hinder och m\u00f6jligg\u00f6r en naturlig r\u00f6relse med fullt omf\u00e5ng som maximerar br\u00f6stkorgens engagemang och f\u00f6rb\u00e4ttrar axlarnas h\u00e4lsa. Det \u00e4r den n\u00e4rmaste k\u00e4nslan av att pressa hantlar i luften, men med stabiliteten hos en b\u00e4nk.<\/p>\n<h3>2. 1.000 lbs Elite lastkapacitet<\/h3>\n<p>S\u00e4kerhet \u00e4r av st\u00f6rsta vikt n\u00e4r man flyttar tungt j\u00e4rn. Keynimax\u2122 \u00e4r tillverkad av kraftigt st\u00e5l och konstruerad f\u00f6r att klara en svindlande belastning p\u00e5 1 000 lbs. Denna h\u00f6ga lastkapacitet s\u00e4kerst\u00e4ller att b\u00e4nken f\u00f6rblir helt styv under vikten av en tung kn\u00e4b\u00f6j, step-up eller b\u00e4nkpress. Oavsett om du \u00e4r en t\u00e4vlingsinriktad styrkelyftare eller en fritidslyftare ger den h\u00e4r b\u00e4nkens strukturella integritet dig sj\u00e4lvf\u00f6rtroendet att t\u00e4nja p\u00e5 dina gr\u00e4nser utan r\u00e4dsla f\u00f6r att utrustningen ska g\u00e5 s\u00f6nder.<\/p>\n<h3>3. Stabilitetsvingens st\u00f6dstruktur<\/h3>\n<p>Trots den smalare ryggdynan har inte stabiliteten offrats. De patenterade \u201cstabilitetsvingarna\u201d f\u00f6rgrenar sig f\u00f6r att st\u00f6dja axlarna n\u00e4r det beh\u00f6vs och bibeh\u00e5lla balansen i sidled under tunga lyft. Denna intelligenta design ger det b\u00e4sta av tv\u00e5 v\u00e4rldar: r\u00f6relsefriheten hos en smal ryggdyna med s\u00e4kerheten och stabiliteten hos en bred kommersiell b\u00e4nk. Det \u00e4r precisionsteknik som anpassar sig till m\u00e4nniskokroppens biomekanik.<\/p>\n<h3>4. F\u00f6rb\u00e4ttrad aktivering av k\u00e4rnan och proprioception<\/h3>\n<p>Den smala mittplattan g\u00f6r mer \u00e4n att bara frig\u00f6ra axlarna; den skapar en h\u00f6gre efterfr\u00e5gan p\u00e5 kroppens stabiliseringssystem. Eftersom ryggradens kontaktyta \u00e4r optimerad m\u00e5ste b\u00e5lmusklerna arbeta h\u00e5rdare f\u00f6r att h\u00e5lla b\u00e5len stabil p\u00e5 b\u00e4nken. Denna \u201cf\u00f6rb\u00e4ttrade proprioception\u201d ger omedelbar feedback till idrottaren, vilket bidrar till att korrigera asymmetrier och f\u00f6rb\u00e4ttra den \u00f6vergripande kroppsmedvetenheten och kontrollen under lyftet.<\/p>\n<h3>5. Justerbarhet i flera vinklar<\/h3>\n<p>Keynimax\u2122 \u00e4r en helt justerbar plattform. Den f\u00f6rvandlas fr\u00e5n en platt b\u00e4nk till olika lutningsinst\u00e4llningar, vilket m\u00f6jligg\u00f6r en komplett tr\u00e4ning av \u00f6verkroppen. Justeringsmekanismen \u00e4r smidig, snabb och s\u00e4ker och l\u00e5ser fast ordentligt p\u00e5 plats. I kombination med den ergonomiska strukturen g\u00f6r denna m\u00e5ngsidighet att det \u00e4r den enda b\u00e4nk som beh\u00f6vs f\u00f6r en komplett tr\u00e4ningsrutin f\u00f6r br\u00f6st, axlar och rygg.<\/p>\n<h3>Vem \u00e4r detta till f\u00f6r?<\/h3>\n<ul style=\"list-style-position: inside; padding-left: 0;\">\n<li>Elitstyrkelyftare och styrkeidrottare som kr\u00e4ver biomekanisk perfektion.<\/li>\n<li>Kroppsbyggare som vill maximera br\u00f6sthypertrofi genom djup ROM.<\/li>\n<li>Anv\u00e4ndare med axelproblem som vill ha en mer ledv\u00e4nlig pressyta.<\/li>\n<li>Hemmagym\u00e4gare som vill ha en unik, f\u00f6rstklassig mittpunkt f\u00f6r sin anl\u00e4ggning.<\/li>\n<li>Funktionell tr\u00e4ning med fokus p\u00e5 b\u00e5lstabilitet och r\u00f6relsekvalitet.<\/li>\n<\/ul>\n<h3>Produktspecifikationer<\/h3>\n<table border=\"1\" width=\"100%\" cellspacing=\"0\" cellpadding=\"5\">\n<tbody>\n<tr>\n<td><strong>Produktens namn<\/strong><\/td>\n<td>Keynimax\u2122 B\u00e4nk<\/td>\n<\/tr>\n<tr>\n<td><strong>Modell nr.<\/strong><\/td>\n<td>W07AC003<\/td>\n<\/tr>\n<tr>\n<td><strong>M\u00e5tt och dimensioner<\/strong><\/td>\n<td>B 1510 x D 713 x H 420\/1310 mm<\/td>\n<\/tr>\n<tr>\n<td><strong>Vikt<\/strong><\/td>\n<td>33 kg<\/td>\n<\/tr>\n<tr>\n<td><strong>Lastkapacitet<\/strong><\/td>\n<td>1.000 lbs (ca 454 kg)<\/td>\n<\/tr>\n<tr>\n<td><strong>Funktioner<\/strong><\/td>\n<td>Patenterad Key-Shape, stabilitetsvingar, Max ROM<\/td>\n<\/tr>\n<\/tbody>\n<\/table>","protected":false},"excerpt":{"rendered":"<p>Keynimax\u2122 Bench fr\u00e5n Alex Athletics \u00e4r n\u00e4sta generations justerbara viktb\u00e4nk som omdefinierar styrketr\u00e4ning. Med en patenterad \u201cnyckelformad\u201d design m\u00f6jligg\u00f6r den obegr\u00e4nsad scapul\u00e4r r\u00f6relse, vilket m\u00f6jligg\u00f6r maximal r\u00f6relseomf\u00e5ng (Max ROM) f\u00f6r djupare och effektivare br\u00f6st- och axelpressar. Med en massiv lastkapacitet p\u00e5 1 000 lbs och en Stability Wing-struktur erbjuder den h\u00e5llbarhet och balans p\u00e5 elitniv\u00e5. Den smala centrala dynan f\u00f6rb\u00e4ttrar proprioception och b\u00e5laktivering, vilket g\u00f6r den till det ultimata verktyget f\u00f6r idrottare som kr\u00e4ver biomekanisk precision och \u00f6verl\u00e4gsen prestanda i sitt hem eller kommersiella gym.<\/p>","protected":false},"featured_media":4061,"comment_status":"open","ping_status":"closed","template":"","meta":{"inline_featured_image":false,"site-sidebar-layout":"default","site-content-layout":"","ast-site-content-layout":"default","site-content-style":"default","site-sidebar-style":"default","ast-global-header-display":"","ast-banner-title-visibility":"","ast-main-header-display":"","ast-hfb-above-header-display":"","ast-hfb-below-header-display":"","ast-hfb-mobile-header-display":"","site-post-title":"","ast-breadcrumbs-content":"","ast-featured-img":"","footer-sml-layout":"","ast-disable-related-posts":"","theme-transparent-header-meta":"default","adv-header-id-meta":"","stick-header-meta":"default","header-above-stick-meta":"","header-main-stick-meta":"","header-below-stick-meta":"","astra-migrate-meta-layouts":"set","ast-page-background-enabled":"default","ast-page-background-meta":{"desktop":{"background-color":"","background-image":"","background-repeat":"repeat","background-position":"center center","background-size":"auto","background-attachment":"scroll","background-type":"","background-media":"","overlay-type":"","overlay-color":"","overlay-opacity":"","overlay-gradient":""},"tablet":{"background-color":"","background-image":"","background-repeat":"repeat","background-position":"center center","background-size":"auto","background-attachment":"scroll","background-type":"","background-media":"","overlay-type":"","overlay-color":"","overlay-opacity":"","overlay-gradient":""},"mobile":{"background-color":"","background-image":"","background-repeat":"repeat","background-position":"center center","background-size":"auto","background-attachment":"scroll","background-type":"","background-media":"","overlay-type":"","overlay-color":"","overlay-opacity":"","overlay-gradient":""}},"ast-content-background-meta":{"desktop":{"background-color":"var(--ast-global-color-5)","background-image":"","background-repeat":"repeat","background-position":"center center","background-size":"auto","background-attachment":"scroll","background-type":"","background-media":"","overlay-type":"","overlay-color":"","overlay-opacity":"","overlay-gradient":""},"tablet":{"background-color":"var(--ast-global-color-5)","background-image":"","background-repeat":"repeat","background-position":"center center","background-size":"auto","background-attachment":"scroll","background-type":"","background-media":"","overlay-type":"","overlay-color":"","overlay-opacity":"","overlay-gradient":""},"mobile":{"background-color":"var(--ast-global-color-5)","background-image":"","background-repeat":"repeat","background-position":"center center","background-size":"auto","background-attachment":"scroll","background-type":"","background-media":"","overlay-type":"","overlay-color":"","overlay-opacity":"","overlay-gradient":""}}},"product_brand":[],"product_cat":[54],"product_tag":[57],"class_list":{"0":"post-2864","1":"product","2":"type-product","3":"status-publish","4":"has-post-thumbnail","6":"product_cat-strength-equipment","7":"product_tag-bench","8":"desktop-align-left","9":"tablet-align-left","10":"mobile-align-left","12":"first","13":"instock","14":"shipping-taxable","15":"purchasable","16":"product-type-simple"},"_links":{"self":[{"href":"https:\/\/alexathletics1982.com\/sv\/wp-json\/wp\/v2\/product\/2864","targetHints":{"allow":["GET"]}}],"collection":[{"href":"https:\/\/alexathletics1982.com\/sv\/wp-json\/wp\/v2\/product"}],"about":[{"href":"https:\/\/alexathletics1982.com\/sv\/wp-json\/wp\/v2\/types\/product"}],"replies":[{"embeddable":true,"href":"https:\/\/alexathletics1982.com\/sv\/wp-json\/wp\/v2\/comments?post=2864"}],"wp:featuredmedia":[{"embeddable":true,"href":"https:\/\/alexathletics1982.com\/sv\/wp-json\/wp\/v2\/media\/4061"}],"wp:attachment":[{"href":"https:\/\/alexathletics1982.com\/sv\/wp-json\/wp\/v2\/media?parent=2864"}],"wp:term":[{"taxonomy":"product_brand","embeddable":true,"href":"https:\/\/alexathletics1982.com\/sv\/wp-json\/wp\/v2\/product_brand?post=2864"},{"taxonomy":"product_cat","embeddable":true,"href":"https:\/\/alexathletics1982.com\/sv\/wp-json\/wp\/v2\/product_cat?post=2864"},{"taxonomy":"product_tag","embeddable":true,"href":"https:\/\/alexathletics1982.com\/sv\/wp-json\/wp\/v2\/product_tag?post=2864"}],"curies":[{"name":"wp","href":"https:\/\/api.w.org\/{rel}","templated":true}]}}