{"id":2900,"date":"2026-01-23T20:19:59","date_gmt":"2026-01-23T12:19:59","guid":{"rendered":"https:\/\/alexathletics1982.com\/?post_type=product&#038;p=2900"},"modified":"2026-04-10T22:44:05","modified_gmt":"2026-04-10T14:44:05","slug":"magstow-krage-typ-1","status":"publish","type":"product","link":"https:\/\/alexathletics1982.com\/sv\/magstow-collar-type-1\/","title":{"rendered":"Magstow krage typ 1"},"content":{"rendered":"<h2>Sn\u00e4pp, l\u00e5s, h\u00e5ll fast: Magstows magnetiska halsband<\/h2>\n<p>I en hektisk gymmilj\u00f6 \u00e4r skivst\u00e5ngskragar de f\u00f6rem\u00e5l som oftast f\u00f6rsvinner och hamnar ofta sparkade under st\u00e4llningar eller utspridda \u00f6ver golvet. Magstow Collar fr\u00e5n Alex Athletics introducerar en briljant l\u00f6sning p\u00e5 detta kaos: integrerad magnetisk f\u00f6rvaring. Dessa kragar \u00e4r f\u00f6rsedda med kraftfulla magneter och \u00e4r utformade f\u00f6r att \u201cfastna\u201d direkt p\u00e5 st\u00e5lstolparna i ditt power rack, squat stand eller rigg n\u00e4r de inte anv\u00e4nds. Denna enkla innovation s\u00e4kerst\u00e4ller att dina kragar alltid finns inom r\u00e4ckh\u00e5ll, vilket h\u00e5ller ditt gym organiserat och f\u00f6rb\u00e4ttrar arbetsfl\u00f6deseffektiviteten. Inget mer letande efter ett matchande par; bara ta dem fr\u00e5n racket, sn\u00e4pp fast dem p\u00e5 st\u00e5ngen och lyft.<\/p>\n<p>Ut\u00f6ver den magnetiska bekv\u00e4mligheten \u00e4r Magstow Collar en h\u00f6gpresterande l\u00e5smekanism. Den har ett snabbverkande sp\u00e4rrl\u00e5s som kl\u00e4mmer fast skivst\u00e5ngens hylsa ordentligt. Till skillnad fr\u00e5n fj\u00e4derkl\u00e4mmor som kan glida under kraftiga st\u00f6tar, applicerar Magstow ett tryck i omkretsen som h\u00e5ller plattorna t\u00e4tt, \u00e4ven vid upprepade tappningar av st\u00f6tf\u00e5ngarplattor vid olympisk lyftning. Insidan \u00e4r fodrad med skyddande kuddar som griper tag i kromhylsan utan att repa eller skada skivst\u00e5ngens yta. Magstow-serien finns i flera varianter (typ 1\/2\/3) f\u00f6r att passa olika estetiska preferenser eller sp\u00e4rrstilar och representerar den perfekta blandningen av modern bekv\u00e4mlighet och kompromissl\u00f6s s\u00e4kerhet. Det \u00e4r den uppgradering som varje str\u00f6mst\u00e4ll f\u00f6rtj\u00e4nar.<\/p>\n<h3>1. Bekv\u00e4mlighet med magnetisk lagring<\/h3>\n<p>Den utm\u00e4rkande egenskapen \u00e4r \u201cMagstow\u201d-tekniken. H\u00f6gh\u00e5llfasta magneter g\u00f6r att kragen kan f\u00e4stas stadigt p\u00e5 alla j\u00e4rnhaltiga metallytor (t.ex. hyllstolpar). Detta l\u00f6ser det gamla problemet med \u201cvar satte jag kl\u00e4mmorna?\u201d Det h\u00e5ller gymgolvet fritt fr\u00e5n snubbelrisker och ser till att dina halsband har ett s\u00e4rskilt hem precis bredvid skivst\u00e5ngen.<\/p>\n<h3>2. S\u00e4kra snabbl\u00e5ssp\u00e4rren<\/h3>\n<p>Snabbhet \u00e4r viktigt. Spakl\u00e5smekanismen g\u00f6r att du kan anv\u00e4nda den med en hand. Du skjuter helt enkelt p\u00e5 kragen och v\u00e4nder p\u00e5 sp\u00e4rren f\u00f6r att l\u00e5sa den. Det \u00e4r betydligt snabbare och enklare att anv\u00e4nda \u00e4n att kl\u00e4mma p\u00e5 en stel fj\u00e4derkrage, vilket g\u00f6r plattbyten under drop sets eller intervalltr\u00e4ning smidiga och frustrationsfria.<\/p>\n<h3>3. Skyddskuddar f\u00f6r skivst\u00e5ng<\/h3>\n<p>Att skydda din investering \u00e4r viktigt. Kragens insida \u00e4r f\u00f6rsedd med gummi- eller elastomerkuddar. Dessa kuddar ger den friktion som beh\u00f6vs f\u00f6r att h\u00e5lla vikterna p\u00e5 plats samtidigt som de s\u00e4kerst\u00e4ller att metallmekanismen aldrig vidr\u00f6r skivst\u00e5ngshylsan. Detta f\u00f6rhindrar de repor och sk\u00e5ror som billiga metallkrage ofta orsakar p\u00e5 dyra st\u00e4nger.<\/p>\n<h3>4. H\u00e5llkraft med h\u00f6g genomslagskraft<\/h3>\n<p>Dessa \u00e4r inte bara till f\u00f6r att visas upp, de \u00e4r byggda f\u00f6r att h\u00e5lla. Kl\u00e4mdesignen ger en t\u00e4t, s\u00e4ker passform som motst\u00e5r glidning \u00e4ven n\u00e4r st\u00e5ngen sl\u00e4pps fr\u00e5n ovan. Denna tillf\u00f6rlitlighet g\u00f6r dem l\u00e4mpliga f\u00f6r dynamiska r\u00f6relser som Clean &amp; Jerk eller marklyft med h\u00f6ga repetitioner d\u00e4r plattf\u00f6rskjutningar kan vara farliga och distraherande.<\/p>\n<h3>5. Slitstark och l\u00e4tt konstruktion<\/h3>\n<p>Halsbandets kropp \u00e4r tillverkad av slagt\u00e5lig nylon eller kompositmaterial och \u00e4r l\u00e4tt men \u00e4nd\u00e5 otroligt t\u00e5lig. Den t\u00e5l st\u00f6tar fr\u00e5n fall utan att spricka. Den l\u00e5ga vikten inneb\u00e4r att den inte l\u00e4gger till n\u00e5gon betydande ober\u00e4knad vikt till ditt lyft, vilket bevarar noggrannheten i dina tr\u00e4ningssiffror.<\/p>\n<h3>Vem \u00e4r detta till f\u00f6r?<\/h3>\n<ul style=\"list-style-position: inside; padding-left: 0;\">\n<li>Hemmagym\u00e4gare som v\u00e4rdes\u00e4tter organisation och ordning och reda.<\/li>\n<li>Kommersiella gym som vill minska antalet f\u00f6rlorade utrustningar.<\/li>\n<li>Lyftare som \u00e4r tr\u00f6tta p\u00e5 att k\u00e4mpa med stela fj\u00e4derclips.<\/li>\n<li>F\u00f6r den som vill skydda sina skivst\u00e5ngshylsor fr\u00e5n repor.<\/li>\n<\/ul>\n<h3>Produktspecifikationer<\/h3>\n<table border=\"1\" width=\"100%\" cellspacing=\"0\" cellpadding=\"5\">\n<tbody>\n<tr>\n<td><strong>Typ<\/strong><\/td>\n<td>Magnetisk skivst\u00e5ngshalsband<\/td>\n<\/tr>\n<tr>\n<td><strong>Passform<\/strong><\/td>\n<td>50 mm olympiska hylsor<\/td>\n<\/tr>\n<tr>\n<td><strong>Funktion<\/strong><\/td>\n<td>Magnetisk f\u00f6rvaring, snabbl\u00e5s<\/td>\n<\/tr>\n<tr>\n<td><strong>Material<\/strong><\/td>\n<td>Komposit\/Nylon, gummikuddar<\/td>\n<\/tr>\n<tr>\n<td><strong>F\u00f6rdelar<\/strong><\/td>\n<td>Organisation, hastighet och barri\u00e4rskydd<\/td>\n<\/tr>\n<\/tbody>\n<\/table>","protected":false},"excerpt":{"rendered":"<p>Magstow Collar fr\u00e5n Alex Athletics revolutionerar gymorganisationen med sitt integrerade magnetiska f\u00f6rvaringssystem. Dessa h\u00f6gpresterande kragar f\u00e4sts direkt p\u00e5 ditt power rack eller din rigg n\u00e4r de inte anv\u00e4nds, vilket s\u00e4kerst\u00e4ller att de alltid \u00e4r tillg\u00e4ngliga och aldrig tappas bort. Med en s\u00e4ker snabbl\u00e5sspakmekanism kl\u00e4ms de fast p\u00e5 st\u00e5ngen f\u00f6r att f\u00f6rhindra att plattan glider under droppar, medan interna dynor skyddar skivst\u00e5ngshylsan fr\u00e5n repor. Magstow Collar \u00e4r slitstark, snabb och otroligt bekv\u00e4m och \u00e4r den ultimata uppgraderingen f\u00f6r alla hemmagym och kommersiella gym.<\/p>","protected":false},"featured_media":3382,"comment_status":"open","ping_status":"closed","template":"","meta":{"inline_featured_image":false,"site-sidebar-layout":"default","site-content-layout":"","ast-site-content-layout":"default","site-content-style":"default","site-sidebar-style":"default","ast-global-header-display":"","ast-banner-title-visibility":"","ast-main-header-display":"","ast-hfb-above-header-display":"","ast-hfb-below-header-display":"","ast-hfb-mobile-header-display":"","site-post-title":"","ast-breadcrumbs-content":"","ast-featured-img":"","footer-sml-layout":"","ast-disable-related-posts":"","theme-transparent-header-meta":"default","adv-header-id-meta":"","stick-header-meta":"default","header-above-stick-meta":"","header-main-stick-meta":"","header-below-stick-meta":"","astra-migrate-meta-layouts":"set","ast-page-background-enabled":"default","ast-page-background-meta":{"desktop":{"background-color":"","background-image":"","background-repeat":"repeat","background-position":"center center","background-size":"auto","background-attachment":"scroll","background-type":"","background-media":"","overlay-type":"","overlay-color":"","overlay-opacity":"","overlay-gradient":""},"tablet":{"background-color":"","background-image":"","background-repeat":"repeat","background-position":"center center","background-size":"auto","background-attachment":"scroll","background-type":"","background-media":"","overlay-type":"","overlay-color":"","overlay-opacity":"","overlay-gradient":""},"mobile":{"background-color":"","background-image":"","background-repeat":"repeat","background-position":"center center","background-size":"auto","background-attachment":"scroll","background-type":"","background-media":"","overlay-type":"","overlay-color":"","overlay-opacity":"","overlay-gradient":""}},"ast-content-background-meta":{"desktop":{"background-color":"var(--ast-global-color-5)","background-image":"","background-repeat":"repeat","background-position":"center center","background-size":"auto","background-attachment":"scroll","background-type":"","background-media":"","overlay-type":"","overlay-color":"","overlay-opacity":"","overlay-gradient":""},"tablet":{"background-color":"var(--ast-global-color-5)","background-image":"","background-repeat":"repeat","background-position":"center center","background-size":"auto","background-attachment":"scroll","background-type":"","background-media":"","overlay-type":"","overlay-color":"","overlay-opacity":"","overlay-gradient":""},"mobile":{"background-color":"var(--ast-global-color-5)","background-image":"","background-repeat":"repeat","background-position":"center center","background-size":"auto","background-attachment":"scroll","background-type":"","background-media":"","overlay-type":"","overlay-color":"","overlay-opacity":"","overlay-gradient":""}}},"product_brand":[],"product_cat":[55],"product_tag":[58],"class_list":{"0":"post-2900","1":"product","2":"type-product","3":"status-publish","4":"has-post-thumbnail","6":"product_cat-free-weight-training","7":"product_tag-carry-bars","8":"desktop-align-left","9":"tablet-align-left","10":"mobile-align-left","12":"first","13":"instock","14":"shipping-taxable","15":"purchasable","16":"product-type-simple"},"_links":{"self":[{"href":"https:\/\/alexathletics1982.com\/sv\/wp-json\/wp\/v2\/product\/2900","targetHints":{"allow":["GET"]}}],"collection":[{"href":"https:\/\/alexathletics1982.com\/sv\/wp-json\/wp\/v2\/product"}],"about":[{"href":"https:\/\/alexathletics1982.com\/sv\/wp-json\/wp\/v2\/types\/product"}],"replies":[{"embeddable":true,"href":"https:\/\/alexathletics1982.com\/sv\/wp-json\/wp\/v2\/comments?post=2900"}],"wp:featuredmedia":[{"embeddable":true,"href":"https:\/\/alexathletics1982.com\/sv\/wp-json\/wp\/v2\/media\/3382"}],"wp:attachment":[{"href":"https:\/\/alexathletics1982.com\/sv\/wp-json\/wp\/v2\/media?parent=2900"}],"wp:term":[{"taxonomy":"product_brand","embeddable":true,"href":"https:\/\/alexathletics1982.com\/sv\/wp-json\/wp\/v2\/product_brand?post=2900"},{"taxonomy":"product_cat","embeddable":true,"href":"https:\/\/alexathletics1982.com\/sv\/wp-json\/wp\/v2\/product_cat?post=2900"},{"taxonomy":"product_tag","embeddable":true,"href":"https:\/\/alexathletics1982.com\/sv\/wp-json\/wp\/v2\/product_tag?post=2900"}],"curies":[{"name":"wp","href":"https:\/\/api.w.org\/{rel}","templated":true}]}}