{"id":2903,"date":"2026-01-23T20:19:59","date_gmt":"2026-01-23T12:19:59","guid":{"rendered":"https:\/\/alexathletics1982.com\/?post_type=product&#038;p=2903"},"modified":"2026-04-08T22:57:07","modified_gmt":"2026-04-08T14:57:07","slug":"fjaderhalsband","status":"publish","type":"product","link":"https:\/\/alexathletics1982.com\/sv\/spring-collars\/","title":{"rendered":"V\u00e5rhalsband"},"content":{"rendered":"<h2>Den klassiska p\u00e5litliga: Olympiska fj\u00e4derhalsband<\/h2>\n<p>Ibland \u00e4r enkelhet den ultimata sofistikeringen. Spring Collar (Spring Clip) fr\u00e5n Alex Athletics \u00e4r den traditionella, tidstestade l\u00f6sningen f\u00f6r att s\u00e4kra viktplattor. Den har anv\u00e4nts i gym \u00f6ver hela v\u00e4rlden i \u00e5rtionden och \u00e4r effektiv, l\u00e4tt och otroligt prisv\u00e4rd. Mekanismen \u00e4r beroende av en 3-cykel j\u00e4rnfj\u00e4derspiral; n\u00e4r handtagen pressas, expanderar spoldiametern f\u00f6r att glida p\u00e5 st\u00e5ngen; n\u00e4r den sl\u00e4pps, dras den aggressivt samman f\u00f6r att greppa hylsan. Denna sp\u00e4nning skapar ett friktionsl\u00e5s som hindrar plattorna fr\u00e5n att glida av under allm\u00e4nna styrketr\u00e4nings\u00f6vningar som b\u00e4nkpress, kn\u00e4b\u00f6j och marklyft.<\/p>\n<p>Alex Athletics har f\u00f6rfinat detta klassiska verktyg med tanke p\u00e5 anv\u00e4ndarkomforten. Handtagen \u00e4r t\u00e4ckta av vinklade plast- eller gummigrepp som ger en bekv\u00e4m yta f\u00f6r fingrarna. Detta \u00e4r en viktig uppgradering j\u00e4mf\u00f6rt med handtag i ren metall, som kan vara sm\u00e4rtsamma att kl\u00e4mma p\u00e5 upprepade g\u00e5nger. Fj\u00e4dergeometrin \u00e4r konstruerad f\u00f6r att passa standard 50 mm olympiska hylsor t\u00e4tt. \u00c4ven om de kanske inte erbjuder samma absoluta l\u00e5sning som en 2,5 kg t\u00e4vlingskrage f\u00f6r att sl\u00e4ppa vikter, \u00e4r Spring Collars den obestridda kungen av snabbhet och bekv\u00e4mlighet f\u00f6r bodybuilding och allm\u00e4n fitness. De \u00e4r l\u00e4tta, enkla att f\u00f6rvara och praktiskt taget of\u00f6rst\u00f6rbara, vilket g\u00f6r dem till en stapelvara i varje viktrum.<\/p>\n<h3>1. Snabb anv\u00e4ndning med en hand<\/h3>\n<p>Det fina med fj\u00e4derhalsbandet \u00e4r dess snabbhet. Med en snabb kl\u00e4mma kan du skjuta p\u00e5 eller av den p\u00e5 n\u00e5gra sekunder. F\u00f6r kroppsbyggare som g\u00f6r drop sets eller partners som snabbt byter vikter vikt mellan seten \u00e4r denna effektivitet oslagbar. Det finns inga sp\u00e4rrar att vrida p\u00e5 eller skruvar att dra \u00e5t - bara kl\u00e4m och k\u00f6r.<\/p>\n<h3>2. 3-Cycle j\u00e4rnfj\u00e4dersp\u00e4nning<\/h3>\n<p>H\u00e5llfastheten kommer fr\u00e5n st\u00e5lets kvalitet. Den 3-cykliska konstruktionen ger tillr\u00e4cklig kl\u00e4mkraft f\u00f6r att h\u00e5lla plattorna t\u00e4tt mot hylsans axel. Detta f\u00f6rhindrar det irriterande \u201cklirret\u201d fr\u00e5n l\u00f6sa plattor och s\u00e4kerst\u00e4ller att lasten f\u00f6rblir balanserad under statiska lyft. Det f\u00f6rhindrar effektivt att plattorna gradvis flyttar sig under set.<\/p>\n<h3>3. Bekv\u00e4ma handtags\u00f6verdrag<\/h3>\n<p>Billiga fj\u00e4derkl\u00e4mmor har ofta nakna metallhandtag som gr\u00e4ver sig in i tummen och fingrarna. Alex-versionen har ergonomiska plast-\/gummi\u00f6verdrag p\u00e5 handtagen. Dessa ger h\u00e4vst\u00e5ngseffekt och komfort, vilket g\u00f6r det enkelt att \u00f6ppna kragen helt utan att anstr\u00e4nga handen, \u00e4ven n\u00e4r greppet \u00e4r tr\u00f6tt efter att ha lyft.<\/p>\n<h3>4. L\u00e4tt och b\u00e4rbar<\/h3>\n<p>Med en vikt p\u00e5 endast ca 0,4 kg per par tillf\u00f6r dessa kragar f\u00f6rsumbar vikt till st\u00e5ngen. Detta g\u00f6r det enkelt att r\u00e4kna ut den totala belastningen (du r\u00e4knar dem i allm\u00e4nhet inte). Deras kompakta storlek inneb\u00e4r att du kan sl\u00e4nga ett par i din gymv\u00e4ska s\u00e5 att du aldrig beh\u00f6ver jaga efter clips i ett tr\u00e5ngt kommersiellt gym.<\/p>\n<h3>5. Kostnadseffektiv h\u00e5llbarhet<\/h3>\n<p>Fj\u00e4derkragar \u00e4r det mest ekonomiska valet f\u00f6r att s\u00e4kra vikter. Trots sin l\u00e5ga kostnad \u00e4r de mycket h\u00e5llbara. Den enkla metallkonstruktionen har inga komplexa r\u00f6rliga delar som kan g\u00e5 s\u00f6nder. De t\u00e5l att trampas p\u00e5, tappas eller kastas och ger m\u00e5nga \u00e5rs tillf\u00f6rlitlig service till en br\u00e5kdel av kostnaden f\u00f6r tjusiga l\u00e5sbygelhalsband.<\/p>\n<h3>Vem \u00e4r detta till f\u00f6r?<\/h3>\n<ul style=\"list-style-position: inside; padding-left: 0;\">\n<li>Allm\u00e4nna konditionstr\u00e4nare och kroppsbyggare.<\/li>\n<li>Kommersiella gym med flera st\u00e4llningar p\u00e5 en budget.<\/li>\n<li>Hemmagym\u00e4gare som beh\u00f6ver en p\u00e5litlig reservupps\u00e4ttning av halsband.<\/li>\n<li>Lyftare som prioriterar snabbheten i plattbytena.<\/li>\n<li>Alla som beh\u00f6ver en l\u00e4tt, b\u00e4rbar l\u00f6sning f\u00f6r halsband.<\/li>\n<\/ul>\n<h3>Produktspecifikationer<\/h3>\n<table border=\"1\" width=\"100%\" cellspacing=\"0\" cellpadding=\"5\">\n<tbody>\n<tr>\n<td><strong>Modell<\/strong><\/td>\n<td>W06CB001<\/td>\n<\/tr>\n<tr>\n<td><strong>Material<\/strong><\/td>\n<td>St\u00e5l (j\u00e4rnfj\u00e4der), PVC\/plast<\/td>\n<\/tr>\n<tr>\n<td><strong>Passform<\/strong><\/td>\n<td>50 mm olympiska hylsor<\/td>\n<\/tr>\n<tr>\n<td><strong>Vikt<\/strong><\/td>\n<td>0,4 kg\/par<\/td>\n<\/tr>\n<tr>\n<td><strong>Mekanism<\/strong><\/td>\n<td>Fj\u00e4dersp\u00e4nning<\/td>\n<\/tr>\n<\/tbody>\n<\/table>","protected":false},"excerpt":{"rendered":"<p>Spring Collars fr\u00e5n Alex Athletics \u00e4r det klassiska, p\u00e5litliga valet f\u00f6r att s\u00e4kra olympiska vikter. Med en stark 3-cykel j\u00e4rnfj\u00e4der ger de ett s\u00e4kert friktionsl\u00e5s som f\u00f6rhindrar att plattorna glider under kn\u00e4b\u00f6j, pressar och drag. De har uppgraderats med bekv\u00e4ma plasthandtag som \u00e4r l\u00e4tta att kl\u00e4mma och skjuta p\u00e5 med en hand, vilket g\u00f6r dem idealiska f\u00f6r snabba tr\u00e4ningspass och drop sets. De \u00e4r l\u00e4tta, h\u00e5llbara och ekonomiska och \u00e4r det viktigaste s\u00e4kerhetstillbeh\u00f6ret f\u00f6r varje skivst\u00e5ngspass.<\/p>","protected":false},"featured_media":3628,"comment_status":"open","ping_status":"closed","template":"","meta":{"inline_featured_image":false,"site-sidebar-layout":"default","site-content-layout":"","ast-site-content-layout":"default","site-content-style":"default","site-sidebar-style":"default","ast-global-header-display":"","ast-banner-title-visibility":"","ast-main-header-display":"","ast-hfb-above-header-display":"","ast-hfb-below-header-display":"","ast-hfb-mobile-header-display":"","site-post-title":"","ast-breadcrumbs-content":"","ast-featured-img":"","footer-sml-layout":"","ast-disable-related-posts":"","theme-transparent-header-meta":"default","adv-header-id-meta":"","stick-header-meta":"default","header-above-stick-meta":"","header-main-stick-meta":"","header-below-stick-meta":"","astra-migrate-meta-layouts":"set","ast-page-background-enabled":"default","ast-page-background-meta":{"desktop":{"background-color":"","background-image":"","background-repeat":"repeat","background-position":"center center","background-size":"auto","background-attachment":"scroll","background-type":"","background-media":"","overlay-type":"","overlay-color":"","overlay-opacity":"","overlay-gradient":""},"tablet":{"background-color":"","background-image":"","background-repeat":"repeat","background-position":"center center","background-size":"auto","background-attachment":"scroll","background-type":"","background-media":"","overlay-type":"","overlay-color":"","overlay-opacity":"","overlay-gradient":""},"mobile":{"background-color":"","background-image":"","background-repeat":"repeat","background-position":"center center","background-size":"auto","background-attachment":"scroll","background-type":"","background-media":"","overlay-type":"","overlay-color":"","overlay-opacity":"","overlay-gradient":""}},"ast-content-background-meta":{"desktop":{"background-color":"var(--ast-global-color-5)","background-image":"","background-repeat":"repeat","background-position":"center center","background-size":"auto","background-attachment":"scroll","background-type":"","background-media":"","overlay-type":"","overlay-color":"","overlay-opacity":"","overlay-gradient":""},"tablet":{"background-color":"var(--ast-global-color-5)","background-image":"","background-repeat":"repeat","background-position":"center center","background-size":"auto","background-attachment":"scroll","background-type":"","background-media":"","overlay-type":"","overlay-color":"","overlay-opacity":"","overlay-gradient":""},"mobile":{"background-color":"var(--ast-global-color-5)","background-image":"","background-repeat":"repeat","background-position":"center center","background-size":"auto","background-attachment":"scroll","background-type":"","background-media":"","overlay-type":"","overlay-color":"","overlay-opacity":"","overlay-gradient":""}}},"product_brand":[],"product_cat":[55],"product_tag":[58],"class_list":{"0":"post-2903","1":"product","2":"type-product","3":"status-publish","4":"has-post-thumbnail","6":"product_cat-free-weight-training","7":"product_tag-carry-bars","8":"desktop-align-left","9":"tablet-align-left","10":"mobile-align-left","12":"first","13":"instock","14":"shipping-taxable","15":"purchasable","16":"product-type-simple"},"_links":{"self":[{"href":"https:\/\/alexathletics1982.com\/sv\/wp-json\/wp\/v2\/product\/2903","targetHints":{"allow":["GET"]}}],"collection":[{"href":"https:\/\/alexathletics1982.com\/sv\/wp-json\/wp\/v2\/product"}],"about":[{"href":"https:\/\/alexathletics1982.com\/sv\/wp-json\/wp\/v2\/types\/product"}],"replies":[{"embeddable":true,"href":"https:\/\/alexathletics1982.com\/sv\/wp-json\/wp\/v2\/comments?post=2903"}],"wp:featuredmedia":[{"embeddable":true,"href":"https:\/\/alexathletics1982.com\/sv\/wp-json\/wp\/v2\/media\/3628"}],"wp:attachment":[{"href":"https:\/\/alexathletics1982.com\/sv\/wp-json\/wp\/v2\/media?parent=2903"}],"wp:term":[{"taxonomy":"product_brand","embeddable":true,"href":"https:\/\/alexathletics1982.com\/sv\/wp-json\/wp\/v2\/product_brand?post=2903"},{"taxonomy":"product_cat","embeddable":true,"href":"https:\/\/alexathletics1982.com\/sv\/wp-json\/wp\/v2\/product_cat?post=2903"},{"taxonomy":"product_tag","embeddable":true,"href":"https:\/\/alexathletics1982.com\/sv\/wp-json\/wp\/v2\/product_tag?post=2903"}],"curies":[{"name":"wp","href":"https:\/\/api.w.org\/{rel}","templated":true}]}}