{"id":2904,"date":"2026-01-23T20:19:59","date_gmt":"2026-01-23T12:19:59","guid":{"rendered":"https:\/\/alexathletics1982.com\/?post_type=product&#038;p=2904"},"modified":"2026-04-08T22:30:13","modified_gmt":"2026-04-08T14:30:13","slug":"2-5-kg-kromade-kragar","status":"publish","type":"product","link":"https:\/\/alexathletics1982.com\/sv\/2-5-kg-chrome-collars\/","title":{"rendered":"2,5 KG kromade kragar"},"content":{"rendered":"<h2>S\u00e4kerhet i t\u00e4vlingsklass: 2,5 KG kromade halsband<\/h2>\n<p>I v\u00e4rlden av t\u00e4vlingsinriktad tyngdlyftning och styrkelyft m\u00e5ste utrustningen uppfylla h\u00f6ga krav. 2,5 KG Chrome Collars fr\u00e5n Alex Athletics \u00e4r t\u00e4vlingskragar av professionell kvalitet utformade f\u00f6r maximal s\u00e4kerhet och exakt kalibrering. Till skillnad fr\u00e5n fj\u00e4derkl\u00e4mmor eller plastkl\u00e4mmor \u00e4r dessa krage massiva st\u00e5lenheter som v\u00e4ger exakt 2,5 kg vardera (5 kg per par). Denna vikt \u00e4r inte en tillf\u00e4llighet, utan en del av den ber\u00e4knade belastningen p\u00e5 st\u00e5ngen, vilket g\u00f6r det m\u00f6jligt f\u00f6r atleterna att l\u00e4gga till 5 kg till sin totala vikt samtidigt som de s\u00e4krar plattorna. De har en dubbelsidig l\u00e5sdesign (eller sofistikerad kl\u00e4mmekanism) som ger en t\u00e4tare passform \u00e4n n\u00e5gon annan typ av krage. N\u00e4r den patenterade T-skruven har dragits \u00e5t blir kragen or\u00f6rlig, vilket s\u00e4kerst\u00e4ller att plattorna sitter fast och att st\u00e5ngens tyngdpunkt f\u00f6rblir perfekt balanserad, \u00e4ven n\u00e4r den sl\u00e4pps fr\u00e5n ovan.<\/p>\n<p>Finishen \u00e4r en premium Chrome-pl\u00e4tering, vilket ger kragarna en briljant, spegelliknande glans som matchar avancerade skivst\u00e4nger. Denna finish \u00e4r mycket motst\u00e5ndskraftig mot rost och slitage, vilket ger en professionell estetik p\u00e5 t\u00e4vlingsplattformen. Designen g\u00f6r det m\u00f6jligt f\u00f6r anv\u00e4ndaren att placera kragen t\u00e4tt mot plattorna och sedan \u201cveva\u201d den h\u00e5rt, vilket eliminerar alla glapp eller vobblar. Denna styvhet \u00e4r avg\u00f6rande f\u00f6r \u201ck\u00e4nslan\u201d av lyftet; en tight st\u00e5ng k\u00e4nns l\u00e4ttare och mer responsiv \u00e4n en l\u00f6s. F\u00f6r den seri\u00f6sa lyftaren som kr\u00e4ver absolut s\u00e4kerhet och precision \u00e4r 2,5 KG Chrome Collar det enda valet.<\/p>\n<h3>1. Exakt kalibrering p\u00e5 2,5 kg<\/h3>\n<p>I t\u00e4vlingssammanhang r\u00e4knas varje gram. Dessa kragar \u00e4r bearbetade f\u00f6r att v\u00e4ga exakt 2,5 kg vardera. Detta g\u00f6r att de kan fungera som b\u00e5de en s\u00e4kerhetsanordning och en fraktionerad platta. N\u00e4r du l\u00e4gger till kragarna l\u00e4gger du till en k\u00e4nd, kalibrerad vikt p\u00e5 5 kg p\u00e5 st\u00e5ngen. Denna precision \u00e4r avg\u00f6rande f\u00f6r f\u00f6rberedelser inf\u00f6r t\u00e4vlingar och validering av maxlyft.<\/p>\n<h3>2. Ultimat l\u00e5sningss\u00e4kerhet<\/h3>\n<p>L\u00e5smekanismen med T-skruv ger ett enormt tryck p\u00e5 det inre bandet eller hylsan, vilket skapar ett skruvst\u00e4dliknande grepp om skivst\u00e5ngen. Till skillnad fr\u00e5n snabbkopplingskragar som kan \u00f6ppnas vid st\u00f6tar, f\u00f6rblir dessa g\u00e4ngade kragar l\u00e5sta tills du skruvar loss dem. Detta s\u00e4kerst\u00e4ller noll plattr\u00f6relse, \u00e4ven under den mest v\u00e5ldsamma piskningen av en tung Clean &amp; Jerk.<\/p>\n<h3>3. Stabilisering av plattan<\/h3>\n<p>En l\u00f6s plattstapel avger energi och destabiliserar lyftaren. Dessa kragar \u00e4r utformade f\u00f6r att trycka ihop plattorna. Genom att ta bort \u201cslacket\u201d mellan plattorna fungerar skivst\u00e5ngen som en enda solid enhet. Detta f\u00f6rb\u00e4ttrar kraft\u00f6verf\u00f6ringen fr\u00e5n idrottaren till vikten, vilket g\u00f6r att lyftet k\u00e4nns mer stabilt och f\u00f6ruts\u00e4gbart.<\/p>\n<h3>4. Premium krom estetik<\/h3>\n<p>Utseendet \u00e4r viktigt p\u00e5 plattformen. Den h\u00f6gkvalitativa kromfinishen ser fantastisk och professionell ut. Den ger ocks\u00e5 ett h\u00e5rt, skyddande skikt som st\u00e5r emot de st\u00f6tar och repor som uppst\u00e5r p\u00e5 gymmet. Det r\u00e4fflade handtaget med T-skruv ger en f\u00f6rstklassig taktil k\u00e4nsla och ett s\u00e4kert grepp vid \u00e5tdragning.<\/p>\n<h3>5. Tunn profil f\u00f6r maximal belastning<\/h3>\n<p>Utrymmet p\u00e5 skivst\u00e5ngens hylsa \u00e4r begr\u00e4nsat. Dessa kragar \u00e4r utformade f\u00f6r att vara kompakta (L 110 x B 100 x H 70 mm) och upptar minimal l\u00e4ngd p\u00e5 skivst\u00e5ngshylsan. Det g\u00f6r att elitlyftare kan l\u00e4gga p\u00e5 fler tunna t\u00e4vlingsplattor p\u00e5 skivst\u00e5ngen utan att f\u00e5 ont om plats, vilket \u00e4r avg\u00f6rande f\u00f6r f\u00f6rs\u00f6k som v\u00e4ger \u00f6ver 200 kg.<\/p>\n<h3>Vem \u00e4r detta till f\u00f6r?<\/h3>\n<ul style=\"list-style-position: inside; padding-left: 0;\">\n<li>Tyngdlyftare och styrkelyftare p\u00e5 t\u00e4vlingsniv\u00e5.<\/li>\n<li>M\u00f6te med direkt\u00f6rer och gym\u00e4gare som utrustar t\u00e4vlingsplattformar.<\/li>\n<li>Lyftare som beh\u00f6ver ta h\u00e4nsyn till vikten p\u00e5 kragen i sin totalsumma.<\/li>\n<li>Idrottare som kr\u00e4ver nollr\u00f6relse av plattan under dropp.<\/li>\n<li>De som vill ha h\u00f6gsta standard n\u00e4r det g\u00e4ller s\u00e4kerhet och byggkvalitet.<\/li>\n<\/ul>\n<h3>Produktspecifikationer<\/h3>\n<table border=\"1\" width=\"100%\" cellspacing=\"0\" cellpadding=\"5\">\n<tbody>\n<tr>\n<td><strong>Modell<\/strong><\/td>\n<td>W06AA004<\/td>\n<\/tr>\n<tr>\n<td><strong>Material<\/strong><\/td>\n<td>St\u00e5l, kromad yta<\/td>\n<\/tr>\n<tr>\n<td><strong>Vikt<\/strong><\/td>\n<td>2,5 kg\/styck (5 kg\/par)<\/td>\n<\/tr>\n<tr>\n<td><strong>L\u00e5sning<\/strong><\/td>\n<td>Patenterad T-skruv<\/td>\n<\/tr>\n<tr>\n<td><strong>M\u00e5tt och dimensioner<\/strong><\/td>\n<td>L 110 x B 100 x H 70 mm<\/td>\n<\/tr>\n<\/tbody>\n<\/table>","protected":false},"excerpt":{"rendered":"<p>2,5 KG Chrome Collars fr\u00e5n Alex Athletics \u00e4r toppen av skivst\u00e5ngss\u00e4kerhet. Dessa professionella t\u00e4vlingskragar v\u00e4ger exakt 2,5 kg vardera och l\u00e4gger till kalibrerade 5 kg till ditt lyft samtidigt som de l\u00e5ser plattorna orubbligt p\u00e5 plats. Med en premiumkromfinish och en patenterad T-skruvs l\u00e5smekanism komprimerar de viktstacken f\u00f6r att eliminera vobbling och s\u00e4kerst\u00e4lla noll glidning, \u00e4ven under tunga droppar. De \u00e4r kompakta och otroligt starka och \u00e4r n\u00f6dv\u00e4ndiga f\u00f6r t\u00e4vlingsinriktad tyngdlyftning och styrkelyftning d\u00e4r precision och s\u00e4kerhet inte \u00e4r f\u00f6rhandlingsbart.<\/p>","protected":false},"featured_media":3265,"comment_status":"open","ping_status":"closed","template":"","meta":{"inline_featured_image":false,"site-sidebar-layout":"default","site-content-layout":"","ast-site-content-layout":"default","site-content-style":"default","site-sidebar-style":"default","ast-global-header-display":"","ast-banner-title-visibility":"","ast-main-header-display":"","ast-hfb-above-header-display":"","ast-hfb-below-header-display":"","ast-hfb-mobile-header-display":"","site-post-title":"","ast-breadcrumbs-content":"","ast-featured-img":"","footer-sml-layout":"","ast-disable-related-posts":"","theme-transparent-header-meta":"default","adv-header-id-meta":"","stick-header-meta":"default","header-above-stick-meta":"","header-main-stick-meta":"","header-below-stick-meta":"","astra-migrate-meta-layouts":"set","ast-page-background-enabled":"default","ast-page-background-meta":{"desktop":{"background-color":"","background-image":"","background-repeat":"repeat","background-position":"center center","background-size":"auto","background-attachment":"scroll","background-type":"","background-media":"","overlay-type":"","overlay-color":"","overlay-opacity":"","overlay-gradient":""},"tablet":{"background-color":"","background-image":"","background-repeat":"repeat","background-position":"center center","background-size":"auto","background-attachment":"scroll","background-type":"","background-media":"","overlay-type":"","overlay-color":"","overlay-opacity":"","overlay-gradient":""},"mobile":{"background-color":"","background-image":"","background-repeat":"repeat","background-position":"center center","background-size":"auto","background-attachment":"scroll","background-type":"","background-media":"","overlay-type":"","overlay-color":"","overlay-opacity":"","overlay-gradient":""}},"ast-content-background-meta":{"desktop":{"background-color":"var(--ast-global-color-5)","background-image":"","background-repeat":"repeat","background-position":"center center","background-size":"auto","background-attachment":"scroll","background-type":"","background-media":"","overlay-type":"","overlay-color":"","overlay-opacity":"","overlay-gradient":""},"tablet":{"background-color":"var(--ast-global-color-5)","background-image":"","background-repeat":"repeat","background-position":"center center","background-size":"auto","background-attachment":"scroll","background-type":"","background-media":"","overlay-type":"","overlay-color":"","overlay-opacity":"","overlay-gradient":""},"mobile":{"background-color":"var(--ast-global-color-5)","background-image":"","background-repeat":"repeat","background-position":"center center","background-size":"auto","background-attachment":"scroll","background-type":"","background-media":"","overlay-type":"","overlay-color":"","overlay-opacity":"","overlay-gradient":""}}},"product_brand":[],"product_cat":[55],"product_tag":[58],"class_list":{"0":"post-2904","1":"product","2":"type-product","3":"status-publish","4":"has-post-thumbnail","6":"product_cat-free-weight-training","7":"product_tag-carry-bars","8":"desktop-align-left","9":"tablet-align-left","10":"mobile-align-left","12":"first","13":"instock","14":"shipping-taxable","15":"purchasable","16":"product-type-simple"},"_links":{"self":[{"href":"https:\/\/alexathletics1982.com\/sv\/wp-json\/wp\/v2\/product\/2904","targetHints":{"allow":["GET"]}}],"collection":[{"href":"https:\/\/alexathletics1982.com\/sv\/wp-json\/wp\/v2\/product"}],"about":[{"href":"https:\/\/alexathletics1982.com\/sv\/wp-json\/wp\/v2\/types\/product"}],"replies":[{"embeddable":true,"href":"https:\/\/alexathletics1982.com\/sv\/wp-json\/wp\/v2\/comments?post=2904"}],"wp:featuredmedia":[{"embeddable":true,"href":"https:\/\/alexathletics1982.com\/sv\/wp-json\/wp\/v2\/media\/3265"}],"wp:attachment":[{"href":"https:\/\/alexathletics1982.com\/sv\/wp-json\/wp\/v2\/media?parent=2904"}],"wp:term":[{"taxonomy":"product_brand","embeddable":true,"href":"https:\/\/alexathletics1982.com\/sv\/wp-json\/wp\/v2\/product_brand?post=2904"},{"taxonomy":"product_cat","embeddable":true,"href":"https:\/\/alexathletics1982.com\/sv\/wp-json\/wp\/v2\/product_cat?post=2904"},{"taxonomy":"product_tag","embeddable":true,"href":"https:\/\/alexathletics1982.com\/sv\/wp-json\/wp\/v2\/product_tag?post=2904"}],"curies":[{"name":"wp","href":"https:\/\/api.w.org\/{rel}","templated":true}]}}