{"id":2920,"date":"2026-01-23T20:20:20","date_gmt":"2026-01-23T12:20:20","guid":{"rendered":"https:\/\/alexathletics1982.com\/?post_type=product&#038;p=2920"},"modified":"2026-04-08T23:11:37","modified_gmt":"2026-04-08T15:11:37","slug":"plat-for-stalhantverk","status":"publish","type":"product","link":"https:\/\/alexathletics1982.com\/sv\/steel-craft-plate\/","title":{"rendered":"Hantverkspl\u00e5t i st\u00e5l"},"content":{"rendered":"<h2>Precisionsteknik: Den maskinbearbetade st\u00e5lplattan<\/h2>\n<p>Steel Craft Plate fr\u00e5n Alex Athletics representerar en avvikelse fr\u00e5n traditionella gjutningsmetoder och anv\u00e4nder avancerade bearbetningsprocesser f\u00f6r att skapa en \u00f6verl\u00e4gsen viktplatta. Till skillnad fr\u00e5n gjutj\u00e4rn, som h\u00e4lls i en form och kan ha luftfickor eller storleksvariationer, bearbetas dessa plattor genom \u201csk\u00e4rning och bockning av j\u00e4rnplatta\u201d (bearbetad av medelkolst\u00e5l S45C). Denna tillverkningsteknik resulterar i en pl\u00e5t som \u00e4r otroligt t\u00e4t, strukturellt enhetlig och tunnare \u00e4n n\u00e4stan allt annat p\u00e5 marknaden. Den tunna profilen \u00e4r en enorm f\u00f6rdel f\u00f6r t\u00e4vlingsinriktade styrkelyftare eller alla som lastar tungt, eftersom den g\u00f6r det m\u00f6jligt att montera en enorm m\u00e4ngd vikt p\u00e5 skivst\u00e5ngshylsan. Det f\u00f6r masscentrum n\u00e4rmare lyftaren, vilket f\u00f6rb\u00e4ttrar h\u00e4vst\u00e5ngseffekten och st\u00e5ngmekaniken.<\/p>\n<p>Steel Craft Plate \u00e4r b\u00e5de estetiskt och funktionellt unik. Den har en specialiserad \u201cNotch Design\u201d p\u00e5 kanten. N\u00e4r plattan ligger platt p\u00e5 golvet ger dessa sk\u00e5ror precis tillr\u00e4ckligt med utrymme f\u00f6r att fingrarna ska kunna glida under, vilket l\u00f6ser den urgamla frustrationen med att f\u00f6rs\u00f6ka lyfta en tung platta fr\u00e5n marken. Plattorna har en h\u00f6gkvalitativ pulverlackering och \u00e4r rostbest\u00e4ndiga och robusta. De f\u00f6rkroppsligar en industriell, r\u00e5 kraftestetik som ser otrolig ut p\u00e5 st\u00e5ngen. F\u00f6r den lyftare som uppskattar precision, tung belastning och smart design \u00e4r Steel Craft Plate det ultimata valet.<\/p>\n<h3>1. Maskinbearbetad S45C st\u00e5lkonstruktion<\/h3>\n<p>Dessa pl\u00e5tar \u00e4r skurna av massiva st\u00e5lpl\u00e5tar, inte gjutna. S45C Medium-Carbon-st\u00e5l \u00e4r starkare och h\u00e5rdare \u00e4n gjutj\u00e4rn. Detta g\u00f6r plattorna praktiskt taget okrossbara. De spricker inte eller splittras om de tappas. Bearbetningsprocessen s\u00e4kerst\u00e4ller ocks\u00e5 sn\u00e4vare vikttoleranser och perfekt balans j\u00e4mf\u00f6rt med gjutna alternativ.<\/p>\n<h3>2. Ultra-tunn lastprofil<\/h3>\n<p>Eftersom st\u00e5l \u00e4r t\u00e4tare och starkare \u00e4n j\u00e4rn kan dessa plattor g\u00f6ras tunnare. Detta \u00e4r avg\u00f6rande f\u00f6r \u201cMax Out\u201d-dagar. Du f\u00e5r plats med fler av dessa plattor p\u00e5 en st\u00e5ng \u00e4n standardplattor av gjutj\u00e4rn eller st\u00f6tf\u00e5ngare. Det h\u00e5ller vikten koncentrerad n\u00e4ra mitten av st\u00e5ngen, vilket minskar st\u00e5ngens piskning och f\u00f6rb\u00e4ttrar stabiliteten vid kn\u00e4b\u00f6j och marklyft.<\/p>\n<h3>3. Smart kant med \u201cfingerhack\u201d<\/h3>\n<p>Den mest anv\u00e4ndarv\u00e4nliga funktionen \u00e4r den b\u00f6jda\/sk\u00e5rade kanten. Traditionella platta plattor suger sig fast i golvet och blir om\u00f6jliga att lyfta upp. Steel Craft-plattan har en avsiktlig b\u00f6jning eller sk\u00e5ra som skapar en \u00f6ppning f\u00f6r fingrarna. Denna enkla innovation sparar dina naglar och frustration och g\u00f6r lastning och lossning smidigare.<\/p>\n<h3>4. Industriell pulverlackerad yta<\/h3>\n<p>Pl\u00e5tarna \u00e4r ytbehandlade med en robust pulverlackering. Denna struktur ger ett bra grepp och skyddar det r\u00e5a st\u00e5let fr\u00e5n korrosion i omgivningen. Det ger plattorna ett matt, taktiskt utseende som skiljer sig fr\u00e5n den glansiga emaljen p\u00e5 vanliga gymvikter. Den \u00e4r byggd f\u00f6r att se bra ut samtidigt som den uts\u00e4tts f\u00f6r mycket.<\/p>\n<h3>5. Finns i Standard &amp; Olympic<\/h3>\n<p>M\u00e5ngsidighet \u00e4r nyckeln. Dessa plattor finns med centrumh\u00e5l f\u00f6r b\u00e5de standardst\u00e4nger (1 tum) och olympiska st\u00e4nger (2 tum\/50 mm). Detta ger hemanv\u00e4ndaren med en standardst\u00e5ng, ett segment som ofta ignoreras av premiumtillverkare, avancerad maskinbearbetad kvalitet. Det ger ett sammanh\u00e4ngande utseende f\u00f6r olika typer av utrustning.<\/p>\n<h3>Vem \u00e4r detta till f\u00f6r?<\/h3>\n<ul style=\"list-style-position: inside; padding-left: 0;\">\n<li>Styrkelyftare som beh\u00f6ver maximera hylsutrymmet.<\/li>\n<li>Lyftare som \u00e4r tr\u00f6tta p\u00e5 att k\u00e4mpa f\u00f6r att lyfta upp platta skivor.<\/li>\n<li>Hemmagym\u00e4gare som vill ha okrossbara vikter med h\u00f6g densitet.<\/li>\n<li>Gym som s\u00f6ker en unik, industriell estetik.<\/li>\n<li>Anv\u00e4ndare av b\u00e5de standard- och olympiska st\u00e4nger.<\/li>\n<\/ul>\n<h3>Produktspecifikationer<\/h3>\n<table border=\"1\" width=\"100%\" cellspacing=\"0\" cellpadding=\"5\">\n<tbody>\n<tr>\n<td><strong>Modell<\/strong><\/td>\n<td>W02DF010<\/td>\n<\/tr>\n<tr>\n<td><strong>Material<\/strong><\/td>\n<td>S45C medelkolhaltigt st\u00e5l<\/td>\n<\/tr>\n<tr>\n<td><strong>Process<\/strong><\/td>\n<td>Sk\u00e4rning och bockning (maskinbearbetad)<\/td>\n<\/tr>\n<tr>\n<td><strong>Funktion<\/strong><\/td>\n<td>Kantsk\u00e5ror f\u00f6r pickup<\/td>\n<\/tr>\n<tr>\n<td><strong>Profil<\/strong><\/td>\n<td>Ultra-tunn<\/td>\n<\/tr>\n<tr>\n<td><strong>Avsluta<\/strong><\/td>\n<td>Pulverlackerad<\/td>\n<\/tr>\n<\/tbody>\n<\/table>","protected":false},"excerpt":{"rendered":"<p>Steel Craft Plate fr\u00e5n Alex Athletics \u00e4r en precisionsbearbetad viktplatta utformad f\u00f6r maximal densitet och anv\u00e4ndbarhet. Dessa plattor \u00e4r skurna av massivt S45C-kolst\u00e5l och \u00e4r ultratunna, vilket m\u00f6jligg\u00f6r st\u00f6rre lastkapacitet p\u00e5 st\u00e5ngen j\u00e4mf\u00f6rt med gjutj\u00e4rn. Den unika \u201cNotch Design\u201d p\u00e5 kanten skapar fingeravst\u00e5nd, vilket g\u00f6r dem enkla att plocka upp fr\u00e5n golvet. Plattorna har en slitstark pulverlackering och \u00e4r praktiskt taget okrossbara, vilket g\u00f6r dem till en f\u00f6rstklassig, industriell l\u00f6sning f\u00f6r styrkelyftare och seri\u00f6sa styrkeidrottare.<\/p>","protected":false},"featured_media":3648,"comment_status":"open","ping_status":"closed","template":"","meta":{"inline_featured_image":false,"site-sidebar-layout":"default","site-content-layout":"","ast-site-content-layout":"default","site-content-style":"default","site-sidebar-style":"default","ast-global-header-display":"","ast-banner-title-visibility":"","ast-main-header-display":"","ast-hfb-above-header-display":"","ast-hfb-below-header-display":"","ast-hfb-mobile-header-display":"","site-post-title":"","ast-breadcrumbs-content":"","ast-featured-img":"","footer-sml-layout":"","ast-disable-related-posts":"","theme-transparent-header-meta":"default","adv-header-id-meta":"","stick-header-meta":"default","header-above-stick-meta":"","header-main-stick-meta":"","header-below-stick-meta":"","astra-migrate-meta-layouts":"set","ast-page-background-enabled":"default","ast-page-background-meta":{"desktop":{"background-color":"","background-image":"","background-repeat":"repeat","background-position":"center center","background-size":"auto","background-attachment":"scroll","background-type":"","background-media":"","overlay-type":"","overlay-color":"","overlay-opacity":"","overlay-gradient":""},"tablet":{"background-color":"","background-image":"","background-repeat":"repeat","background-position":"center center","background-size":"auto","background-attachment":"scroll","background-type":"","background-media":"","overlay-type":"","overlay-color":"","overlay-opacity":"","overlay-gradient":""},"mobile":{"background-color":"","background-image":"","background-repeat":"repeat","background-position":"center center","background-size":"auto","background-attachment":"scroll","background-type":"","background-media":"","overlay-type":"","overlay-color":"","overlay-opacity":"","overlay-gradient":""}},"ast-content-background-meta":{"desktop":{"background-color":"var(--ast-global-color-5)","background-image":"","background-repeat":"repeat","background-position":"center center","background-size":"auto","background-attachment":"scroll","background-type":"","background-media":"","overlay-type":"","overlay-color":"","overlay-opacity":"","overlay-gradient":""},"tablet":{"background-color":"var(--ast-global-color-5)","background-image":"","background-repeat":"repeat","background-position":"center center","background-size":"auto","background-attachment":"scroll","background-type":"","background-media":"","overlay-type":"","overlay-color":"","overlay-opacity":"","overlay-gradient":""},"mobile":{"background-color":"var(--ast-global-color-5)","background-image":"","background-repeat":"repeat","background-position":"center center","background-size":"auto","background-attachment":"scroll","background-type":"","background-media":"","overlay-type":"","overlay-color":"","overlay-opacity":"","overlay-gradient":""}}},"product_brand":[],"product_cat":[55],"product_tag":[59],"class_list":{"0":"post-2920","1":"product","2":"type-product","3":"status-publish","4":"has-post-thumbnail","6":"product_cat-free-weight-training","7":"product_tag-plate","8":"desktop-align-left","9":"tablet-align-left","10":"mobile-align-left","12":"first","13":"instock","14":"shipping-taxable","15":"purchasable","16":"product-type-simple"},"_links":{"self":[{"href":"https:\/\/alexathletics1982.com\/sv\/wp-json\/wp\/v2\/product\/2920","targetHints":{"allow":["GET"]}}],"collection":[{"href":"https:\/\/alexathletics1982.com\/sv\/wp-json\/wp\/v2\/product"}],"about":[{"href":"https:\/\/alexathletics1982.com\/sv\/wp-json\/wp\/v2\/types\/product"}],"replies":[{"embeddable":true,"href":"https:\/\/alexathletics1982.com\/sv\/wp-json\/wp\/v2\/comments?post=2920"}],"wp:featuredmedia":[{"embeddable":true,"href":"https:\/\/alexathletics1982.com\/sv\/wp-json\/wp\/v2\/media\/3648"}],"wp:attachment":[{"href":"https:\/\/alexathletics1982.com\/sv\/wp-json\/wp\/v2\/media?parent=2920"}],"wp:term":[{"taxonomy":"product_brand","embeddable":true,"href":"https:\/\/alexathletics1982.com\/sv\/wp-json\/wp\/v2\/product_brand?post=2920"},{"taxonomy":"product_cat","embeddable":true,"href":"https:\/\/alexathletics1982.com\/sv\/wp-json\/wp\/v2\/product_cat?post=2920"},{"taxonomy":"product_tag","embeddable":true,"href":"https:\/\/alexathletics1982.com\/sv\/wp-json\/wp\/v2\/product_tag?post=2920"}],"curies":[{"name":"wp","href":"https:\/\/api.w.org\/{rel}","templated":true}]}}