{"id":2930,"date":"2026-01-23T20:20:20","date_gmt":"2026-01-23T12:20:20","guid":{"rendered":"https:\/\/alexathletics1982.com\/?post_type=product&#038;p=2930"},"modified":"2026-04-08T23:55:31","modified_gmt":"2026-04-08T15:55:31","slug":"cpu-belagd-kettlebell-blockform","status":"publish","type":"product","link":"https:\/\/alexathletics1982.com\/sv\/cpu-coated-kettlebell-block-mould\/","title":{"rendered":"CPU-belagd kettlebell (blockform)"},"content":{"rendered":"<h2>Den of\u00f6rst\u00f6rbara svingen: Kettlebell med CPU-bel\u00e4ggning<\/h2>\n<p>Kettlebells tappas ofta, svingas och sl\u00e5s mot underarmar, vilket g\u00f6r h\u00e5llbarhet och finish avg\u00f6rande. CPU Coated Kettlebell fr\u00e5n Alex Athletics anv\u00e4nder Cast Polyurethane (CPU) f\u00f6r att skapa den mest robusta kettlebellen p\u00e5 marknaden. Till skillnad fr\u00e5n gjutj\u00e4rn som kan flisas eller rosta, eller vinyl som kan spricka, ger CPU en tuff, slagt\u00e5lig rustning som skyddar klockan och ditt golv. Den \u00e4r st\u00f6td\u00e4mpande och tyst, vilket eliminerar det h\u00f6ga klirret fr\u00e5n metall mot metall. Den blockformade konstruktionen ger en konsekvent, balanserad form med en platt botten f\u00f6r stabilitet vid f\u00f6rflyttning och f\u00f6rvaring.<\/p>\n<p>Det \u00e4r i handtaget som den h\u00e4r kettlebellen verkligen briljerar. Den har ett handtag i massivt st\u00e5l med en yta i Hard Chrome. Denna sl\u00e4ta, polerade yta \u00e4r avg\u00f6rande f\u00f6r ballistiska r\u00f6relser med h\u00f6g repetitionsfrekvens som snatches och cleans. Ett grovt handtag sliter upp dina h\u00e4nder n\u00e4r det roterar; den sl\u00e4ta kromytan g\u00f6r att handtaget kan vridas fritt i ditt grepp utan friktion, vilket skonar din hud och f\u00f6rb\u00e4ttrar uth\u00e5lligheten. Handtagets diameter (Dia. 34 mm) \u00e4r optimerad f\u00f6r greppstyrka utan att vara f\u00f6r tjock. Fr\u00e5n startvikten p\u00e5 8 kg till den tunga swinger p\u00e5 32 kg kombinerar denna kettlebell h\u00e5llbarheten hos industriell uretan med premiumk\u00e4nslan hos ett t\u00e4vlingshandtag.<\/p>\n<h3>1. Slagt\u00e5lig CPU-bel\u00e4ggning<\/h3>\n<p>Gjuten polyuretan \u00e4r den tuffaste bel\u00e4ggningen som finns. Den skyddar klockans k\u00e4rna fr\u00e5n rost och skador. \u00c4nnu viktigare \u00e4r att den skyddar din tr\u00e4ningsmilj\u00f6. Om du tappar den h\u00e4r klockan p\u00e5 en tr\u00e4plattform eller ett klinkergolv absorberar CPU mycket av st\u00f6ten och f\u00f6rhindrar flisor och sprickor i underlaget. Den \u00e4r luktfri och beh\u00e5ller sin f\u00e4rg p\u00e5 obest\u00e4md tid.<\/p>\n<h3>2. Smidigt handtag i h\u00e5rdkrom<\/h3>\n<p>Kettlebelltr\u00e4ning inneb\u00e4r dynamisk rotation. Handtaget m\u00e5ste glida i handen. H\u00e5rdkromfinishen \u00e4r extremt sl\u00e4t och rostbest\u00e4ndig. Den f\u00f6rhindrar de friktionsbr\u00e4nnskador och f\u00f6rh\u00e5rdnader som orsakas av grova gjutj\u00e4rnshandtag (ofta kallade \u201cdog bone\u201d-handtag). Denna finish m\u00f6jligg\u00f6r flytande \u00f6verg\u00e5ngar och h\u00f6gre antal repetitioner i komfort.<\/p>\n<h3>3. Stabilitet i platt botten<\/h3>\n<p>En stabil bas \u00e4r avg\u00f6rande f\u00f6r s\u00e4kerhet och m\u00e5ngsidighet. Designen med platt botten s\u00e4kerst\u00e4ller att kettlebellen sitter perfekt uppr\u00e4tt n\u00e4r den f\u00f6rvaras. Den m\u00f6jligg\u00f6r ocks\u00e5 golv\u00f6vningar med dubbla kettlebells som armh\u00e4vningar och renegade rows, vilket ger en solid, icke-vibrerande grund f\u00f6r din kroppsvikt.<\/p>\n<h3>4. Konsekvent \u201cblockformad\u201d form<\/h3>\n<p>Tillverkningsprocessen s\u00e4kerst\u00e4ller enhetlighet. Klockans form \u00e4r konsekvent f\u00f6r alla vikter (\u00e4ven om storleken kan variera n\u00e5got), vilket ger en f\u00f6ruts\u00e4gbar tyngdpunkt. F\u00f6nstret (utrymmet mellan handtaget och bollen) \u00e4r dimensionerat f\u00f6r att ge underarmen bekv\u00e4mt utrymme i rackpositionen utan besv\u00e4rliga tryckpunkter.<\/p>\n<h3>5. Viktintervall f\u00f6r professionella<\/h3>\n<p>Denna serie finns fr\u00e5n 8 kg till 32 kg och t\u00e4cker standardprogressionen f\u00f6r kettlebelltr\u00e4ning. Oavsett om du l\u00e4r dig Turkish Get-Up eller utf\u00f6r tunga tv\u00e5handsswings finns det en vikt\u00f6kning som matchar din styrkeniv\u00e5. H\u00e5llbarheten s\u00e4kerst\u00e4ller att 32 kg-klockan \u00e4r lika s\u00e4ker att tappa som 8 kg-klockan.<\/p>\n<h3>Vem \u00e4r detta till f\u00f6r?<\/h3>\n<ul style=\"list-style-position: inside; padding-left: 0;\">\n<li>Kettlebell-sportentusiaster och funktionella fitnessut\u00f6vare.<\/li>\n<li>Kommersiella gym som vill minska golvskador.<\/li>\n<li>Hemmagym\u00e4gare som beh\u00f6ver tyst och s\u00e4ker utrustning.<\/li>\n<li>Lyftare som har problem med att handen slits av grova handtag.<\/li>\n<li>Alla som utf\u00f6r snatches och swings med h\u00f6ga repetitioner.<\/li>\n<\/ul>\n<h3>Produktspecifikationer<\/h3>\n<table border=\"1\" width=\"100%\" cellspacing=\"0\" cellpadding=\"5\">\n<tbody>\n<tr>\n<td><strong>Modell<\/strong><\/td>\n<td>W04BC001<\/td>\n<\/tr>\n<tr>\n<td><strong>Material<\/strong><\/td>\n<td>CPU-bel\u00e4ggning, st\u00e5lk\u00e4rna<\/td>\n<\/tr>\n<tr>\n<td><strong>Handtag<\/strong><\/td>\n<td>H\u00e5rdkrom (Dia. 34 mm)<\/td>\n<\/tr>\n<tr>\n<td><strong>Vikter<\/strong><\/td>\n<td>8, 10, 12, 16, 20, 24, 28, 32 kg<\/td>\n<\/tr>\n<tr>\n<td><strong>Funktion<\/strong><\/td>\n<td>Smidig rotation, golvskydd<\/td>\n<\/tr>\n<\/tbody>\n<\/table>","protected":false},"excerpt":{"rendered":"<p>CPU Coated Kettlebell fr\u00e5n Alex Athletics kombinerar suver\u00e4n h\u00e5llbarhet med ergonomisk prestanda. Den \u00e4r inkapslad i kraftig gjuten polyuretan (CPU) och motst\u00e5r st\u00f6tar, skyddar golv och eliminerar rost. Den utm\u00e4rkande funktionen \u00e4r handtaget i h\u00e5rdkrom, som erbjuder en sl\u00e4t, friktionsfri yta f\u00f6r s\u00f6ml\u00f6s rotation under snatches och swings, vilket f\u00f6rhindrar handskador. Med en stabil platt botten och balanserad viktf\u00f6rdelning \u00e4r det det ultimata verktyget f\u00f6r funktionell tr\u00e4ning, h\u00e5llbarhet och komfort.<\/p>","protected":false},"featured_media":3480,"comment_status":"open","ping_status":"closed","template":"","meta":{"inline_featured_image":false,"site-sidebar-layout":"default","site-content-layout":"","ast-site-content-layout":"default","site-content-style":"default","site-sidebar-style":"default","ast-global-header-display":"","ast-banner-title-visibility":"","ast-main-header-display":"","ast-hfb-above-header-display":"","ast-hfb-below-header-display":"","ast-hfb-mobile-header-display":"","site-post-title":"","ast-breadcrumbs-content":"","ast-featured-img":"","footer-sml-layout":"","ast-disable-related-posts":"","theme-transparent-header-meta":"default","adv-header-id-meta":"","stick-header-meta":"default","header-above-stick-meta":"","header-main-stick-meta":"","header-below-stick-meta":"","astra-migrate-meta-layouts":"set","ast-page-background-enabled":"default","ast-page-background-meta":{"desktop":{"background-color":"","background-image":"","background-repeat":"repeat","background-position":"center center","background-size":"auto","background-attachment":"scroll","background-type":"","background-media":"","overlay-type":"","overlay-color":"","overlay-opacity":"","overlay-gradient":""},"tablet":{"background-color":"","background-image":"","background-repeat":"repeat","background-position":"center center","background-size":"auto","background-attachment":"scroll","background-type":"","background-media":"","overlay-type":"","overlay-color":"","overlay-opacity":"","overlay-gradient":""},"mobile":{"background-color":"","background-image":"","background-repeat":"repeat","background-position":"center center","background-size":"auto","background-attachment":"scroll","background-type":"","background-media":"","overlay-type":"","overlay-color":"","overlay-opacity":"","overlay-gradient":""}},"ast-content-background-meta":{"desktop":{"background-color":"var(--ast-global-color-5)","background-image":"","background-repeat":"repeat","background-position":"center center","background-size":"auto","background-attachment":"scroll","background-type":"","background-media":"","overlay-type":"","overlay-color":"","overlay-opacity":"","overlay-gradient":""},"tablet":{"background-color":"var(--ast-global-color-5)","background-image":"","background-repeat":"repeat","background-position":"center center","background-size":"auto","background-attachment":"scroll","background-type":"","background-media":"","overlay-type":"","overlay-color":"","overlay-opacity":"","overlay-gradient":""},"mobile":{"background-color":"var(--ast-global-color-5)","background-image":"","background-repeat":"repeat","background-position":"center center","background-size":"auto","background-attachment":"scroll","background-type":"","background-media":"","overlay-type":"","overlay-color":"","overlay-opacity":"","overlay-gradient":""}}},"product_brand":[],"product_cat":[55],"product_tag":[61],"class_list":{"0":"post-2930","1":"product","2":"type-product","3":"status-publish","4":"has-post-thumbnail","6":"product_cat-free-weight-training","7":"product_tag-kettlebell","8":"desktop-align-left","9":"tablet-align-left","10":"mobile-align-left","12":"first","13":"instock","14":"shipping-taxable","15":"purchasable","16":"product-type-simple"},"_links":{"self":[{"href":"https:\/\/alexathletics1982.com\/sv\/wp-json\/wp\/v2\/product\/2930","targetHints":{"allow":["GET"]}}],"collection":[{"href":"https:\/\/alexathletics1982.com\/sv\/wp-json\/wp\/v2\/product"}],"about":[{"href":"https:\/\/alexathletics1982.com\/sv\/wp-json\/wp\/v2\/types\/product"}],"replies":[{"embeddable":true,"href":"https:\/\/alexathletics1982.com\/sv\/wp-json\/wp\/v2\/comments?post=2930"}],"wp:featuredmedia":[{"embeddable":true,"href":"https:\/\/alexathletics1982.com\/sv\/wp-json\/wp\/v2\/media\/3480"}],"wp:attachment":[{"href":"https:\/\/alexathletics1982.com\/sv\/wp-json\/wp\/v2\/media?parent=2930"}],"wp:term":[{"taxonomy":"product_brand","embeddable":true,"href":"https:\/\/alexathletics1982.com\/sv\/wp-json\/wp\/v2\/product_brand?post=2930"},{"taxonomy":"product_cat","embeddable":true,"href":"https:\/\/alexathletics1982.com\/sv\/wp-json\/wp\/v2\/product_cat?post=2930"},{"taxonomy":"product_tag","embeddable":true,"href":"https:\/\/alexathletics1982.com\/sv\/wp-json\/wp\/v2\/product_tag?post=2930"}],"curies":[{"name":"wp","href":"https:\/\/api.w.org\/{rel}","templated":true}]}}