{"id":2932,"date":"2026-01-23T20:20:40","date_gmt":"2026-01-23T12:20:40","guid":{"rendered":"https:\/\/alexathletics1982.com\/?post_type=product&#038;p=2932"},"modified":"2026-04-08T23:33:59","modified_gmt":"2026-04-08T15:33:59","slug":"tpu-fast-hantel","status":"publish","type":"product","link":"https:\/\/alexathletics1982.com\/sv\/tpu-fixed-dumbbell\/","title":{"rendered":"TPU fast hantel"},"content":{"rendered":"<h2>Den kommersiella guldstandarden: Premium TPU fast hantel<\/h2>\n<p>F\u00f6r avancerade kommersiella anl\u00e4ggningar och lyxiga hemmagym r\u00e4cker det inte med standardgummi. TPU Dumbbell fr\u00e5n Alex Athletics anv\u00e4nder termoplastisk polyuretan (TPU), en \u00f6verl\u00e4gsen polymer som \u00f6vertr\u00e4ffar gummi i h\u00e5llbarhet, hygien och estetik. TPU \u00e4r kemiskt inert, vilket inneb\u00e4r att det \u00e4r helt luktfritt - en enorm f\u00f6rdel f\u00f6r mindre, slutna utrymmen d\u00e4r lukten av gummi kan vara \u00f6verv\u00e4ldigande. Det \u00e4r ocks\u00e5 exceptionellt motst\u00e5ndskraftigt mot n\u00f6tning, rivning och \u00e5ldrande i milj\u00f6n (UV-ljus\/v\u00e4rme). Dessa hantlar kommer att beh\u00e5lla sin livfulla f\u00e4rg och strukturella integritet i flera \u00e5r och motst\u00e5 skalning och sprickbildning som ofta pl\u00e5gar traditionella gummivikter.<\/p>\n<p>Konstruktionen \u00e4r av industriell kvalitet. TPU-huvudena \u00e4r kemiskt bundna och mekaniskt l\u00e5sta till ett massivt st\u00e5lhandtag, vilket skapar en enhetlig, underh\u00e5llsfri enhet. Handtaget har en h\u00e5rdkromad yta, som \u00e4r h\u00e5rdare och sl\u00e4tare \u00e4n vanlig dekorativ krom, vilket ger maximal rostbest\u00e4ndighet. Med ett stort viktintervall fr\u00e5n 2,5 kg upp till 60 kg \u00e4r den h\u00e4r serien utformad f\u00f6r att passa alla, fr\u00e5n rehabiliteringspatienter till elitkroppsbyggare. TPU:s kompakta egenskaper m\u00f6jligg\u00f6r mindre huvuden vid tyngre vikter, vilket f\u00f6rb\u00e4ttrar r\u00f6relseomf\u00e5nget och hanteringen. Det h\u00e4r \u00e4r \u201ck\u00f6p det f\u00f6r livet\u201d-valet f\u00f6r dem som kr\u00e4ver det b\u00e4sta.<\/p>\n<h3>1. Luktfri TPU-teknik<\/h3>\n<p>Den mest omedelbara f\u00f6rdelen med TPU \u00e4r vad det saknar: lukt. Till skillnad fr\u00e5n gummi som avger gaser \u00e4r TPU doftfritt. Det g\u00f6r det till det enda logiska valet f\u00f6r sovrum, hotellgym eller oventilerade studior. Det skapar en renare och mer f\u00f6rstklassig atmosf\u00e4r f\u00f6r anv\u00e4ndarna.<\/p>\n<h3>2. Extrem h\u00e5llbarhet och h\u00e5rdhet<\/h3>\n<p>TPU \u00e4r h\u00e5rdare \u00e4n gummi. Det st\u00e5r emot sk\u00e4rs\u00e5r fr\u00e5n vassa f\u00f6rem\u00e5l och kommer inte att flagna eller smulas s\u00f6nder efter \u00e5ratal av fall. Det \u00e4r ogenomtr\u00e4ngligt f\u00f6r svett och oljor, som kan bryta ner gummi \u00f6ver tid. Den l\u00e5nga livsl\u00e4ngden g\u00f6r TPU till en kostnadseffektiv investering f\u00f6r kommersiella gym som vill minska sina kostnader f\u00f6r utbyten.<\/p>\n<h3>3. H\u00e5rt f\u00f6rkromat precisionshandtag<\/h3>\n<p>Handtaget \u00e4r ytbehandlat i Hard Chrome, en industriell pl\u00e4tering som anv\u00e4nds f\u00f6r slitstyrka. Det ger en elegant, professionell k\u00e4nsla som \u00e4r l\u00e4tt att reng\u00f6ra. R\u00e4fflingen \u00e4r exakt - tillr\u00e4ckligt greppv\u00e4nlig f\u00f6r tunga drag men tillr\u00e4ckligt raffinerad f\u00f6r att inte slita s\u00f6nder h\u00e4nderna vid arbete med stora volymer.<\/p>\n<h3>4. Brett viktintervall (2,5-60 kg)<\/h3>\n<p>Den h\u00e4r serien \u00e4r ett seri\u00f6st styrkeverktyg. Den kan skalas upp till 60 kg och st\u00f6der tunga press- och roddr\u00f6relser. Den konsekventa designen i hela sortimentet s\u00e4kerst\u00e4ller att hanteln p\u00e5 2,5 kg ser ut och k\u00e4nns som en del av samma set som 60 kg-monstret, vilket ger en sammanh\u00e4ngande gymestetik.<\/p>\n<h3>5. Kompakt huvudprofil<\/h3>\n<p>TPU:s h\u00f6ga densitet m\u00f6jligg\u00f6r mindre huvuden. Detta \u00e4r funktionellt viktigt f\u00f6r \u00f6vningar som axelpress eller b\u00e4nkpress, d\u00e4r skrymmande hantlar kan kollidera och begr\u00e4nsa r\u00f6relseomf\u00e5nget. Den kompakta designen g\u00f6r att du kan f\u00f6ra vikterna n\u00e4rmare mittlinjen f\u00f6r en b\u00e4ttre sammandragning.<\/p>\n<h3>Vem \u00e4r detta till f\u00f6r?<\/h3>\n<ul style=\"list-style-position: inside; padding-left: 0;\">\n<li>Lyxiga h\u00e4lsoklubbar och boutique-studior.<\/li>\n<li>Hus\u00e4gare som \u00e4r k\u00e4nsliga f\u00f6r dofter.<\/li>\n<li>Kommersiella gym som vill minska underh\u00e5llet.<\/li>\n<li>Seri\u00f6sa kroppsbyggare som beh\u00f6ver tunga hantlar (upp till 60 kg).<\/li>\n<li>Anl\u00e4ggningar som prioriterar en f\u00f6rstklassig visuell estetik.<\/li>\n<\/ul>\n<h3>Produktspecifikationer<\/h3>\n<table border=\"1\" width=\"100%\" cellspacing=\"0\" cellpadding=\"5\">\n<tbody>\n<tr>\n<td><strong>Modell<\/strong><\/td>\n<td>W03AA007<\/td>\n<\/tr>\n<tr>\n<td><strong>Material<\/strong><\/td>\n<td>TPU (termoplastisk polyuretan)<\/td>\n<\/tr>\n<tr>\n<td><strong>Handtag<\/strong><\/td>\n<td>H\u00e5rd krom<\/td>\n<\/tr>\n<tr>\n<td><strong>Viktintervall<\/strong><\/td>\n<td>2,5 ~ 60 kg<\/td>\n<\/tr>\n<tr>\n<td><strong>Funktion<\/strong><\/td>\n<td>Luktfri, extremt t\u00e5lig<\/td>\n<\/tr>\n<\/tbody>\n<\/table>","protected":false},"excerpt":{"rendered":"<p>TPU-hanteln fr\u00e5n Alex Athletics representerar h\u00f6jdpunkten av kommersiella fria vikter. Dessa hantlar \u00e4r tillverkade av avancerad termoplastisk polyuretan (TPU) och \u00e4r helt luktfria, extremt h\u00e5llbara och motst\u00e5ndskraftiga mot skalning eller blekning. Med ett handtag i h\u00e5rdkrom f\u00f6r \u00f6verl\u00e4gset rostskydd och ett s\u00e4kert grepp \u00e4r de underh\u00e5llsfria och byggda f\u00f6r att h\u00e5lla l\u00e4nge. Med ett viktintervall p\u00e5 upp till 60 kg och en kompakt profil erbjuder de elitprestanda och en f\u00f6rstklassig estetik f\u00f6r de mest kr\u00e4vande gymmen.<\/p>","protected":false},"featured_media":3485,"comment_status":"open","ping_status":"closed","template":"","meta":{"inline_featured_image":false,"site-sidebar-layout":"default","site-content-layout":"","ast-site-content-layout":"default","site-content-style":"default","site-sidebar-style":"default","ast-global-header-display":"","ast-banner-title-visibility":"","ast-main-header-display":"","ast-hfb-above-header-display":"","ast-hfb-below-header-display":"","ast-hfb-mobile-header-display":"","site-post-title":"","ast-breadcrumbs-content":"","ast-featured-img":"","footer-sml-layout":"","ast-disable-related-posts":"","theme-transparent-header-meta":"default","adv-header-id-meta":"","stick-header-meta":"default","header-above-stick-meta":"","header-main-stick-meta":"","header-below-stick-meta":"","astra-migrate-meta-layouts":"set","ast-page-background-enabled":"default","ast-page-background-meta":{"desktop":{"background-color":"","background-image":"","background-repeat":"repeat","background-position":"center center","background-size":"auto","background-attachment":"scroll","background-type":"","background-media":"","overlay-type":"","overlay-color":"","overlay-opacity":"","overlay-gradient":""},"tablet":{"background-color":"","background-image":"","background-repeat":"repeat","background-position":"center center","background-size":"auto","background-attachment":"scroll","background-type":"","background-media":"","overlay-type":"","overlay-color":"","overlay-opacity":"","overlay-gradient":""},"mobile":{"background-color":"","background-image":"","background-repeat":"repeat","background-position":"center center","background-size":"auto","background-attachment":"scroll","background-type":"","background-media":"","overlay-type":"","overlay-color":"","overlay-opacity":"","overlay-gradient":""}},"ast-content-background-meta":{"desktop":{"background-color":"var(--ast-global-color-5)","background-image":"","background-repeat":"repeat","background-position":"center center","background-size":"auto","background-attachment":"scroll","background-type":"","background-media":"","overlay-type":"","overlay-color":"","overlay-opacity":"","overlay-gradient":""},"tablet":{"background-color":"var(--ast-global-color-5)","background-image":"","background-repeat":"repeat","background-position":"center center","background-size":"auto","background-attachment":"scroll","background-type":"","background-media":"","overlay-type":"","overlay-color":"","overlay-opacity":"","overlay-gradient":""},"mobile":{"background-color":"var(--ast-global-color-5)","background-image":"","background-repeat":"repeat","background-position":"center center","background-size":"auto","background-attachment":"scroll","background-type":"","background-media":"","overlay-type":"","overlay-color":"","overlay-opacity":"","overlay-gradient":""}}},"product_brand":[],"product_cat":[55],"product_tag":[60],"class_list":{"0":"post-2932","1":"product","2":"type-product","3":"status-publish","4":"has-post-thumbnail","6":"product_cat-free-weight-training","7":"product_tag-dumbbell","8":"desktop-align-left","9":"tablet-align-left","10":"mobile-align-left","12":"first","13":"instock","14":"shipping-taxable","15":"purchasable","16":"product-type-simple"},"_links":{"self":[{"href":"https:\/\/alexathletics1982.com\/sv\/wp-json\/wp\/v2\/product\/2932","targetHints":{"allow":["GET"]}}],"collection":[{"href":"https:\/\/alexathletics1982.com\/sv\/wp-json\/wp\/v2\/product"}],"about":[{"href":"https:\/\/alexathletics1982.com\/sv\/wp-json\/wp\/v2\/types\/product"}],"replies":[{"embeddable":true,"href":"https:\/\/alexathletics1982.com\/sv\/wp-json\/wp\/v2\/comments?post=2932"}],"wp:featuredmedia":[{"embeddable":true,"href":"https:\/\/alexathletics1982.com\/sv\/wp-json\/wp\/v2\/media\/3485"}],"wp:attachment":[{"href":"https:\/\/alexathletics1982.com\/sv\/wp-json\/wp\/v2\/media?parent=2932"}],"wp:term":[{"taxonomy":"product_brand","embeddable":true,"href":"https:\/\/alexathletics1982.com\/sv\/wp-json\/wp\/v2\/product_brand?post=2932"},{"taxonomy":"product_cat","embeddable":true,"href":"https:\/\/alexathletics1982.com\/sv\/wp-json\/wp\/v2\/product_cat?post=2932"},{"taxonomy":"product_tag","embeddable":true,"href":"https:\/\/alexathletics1982.com\/sv\/wp-json\/wp\/v2\/product_tag?post=2932"}],"curies":[{"name":"wp","href":"https:\/\/api.w.org\/{rel}","templated":true}]}}