{"id":2934,"date":"2026-01-23T20:20:40","date_gmt":"2026-01-23T12:20:40","guid":{"rendered":"https:\/\/alexathletics1982.com\/?post_type=product&#038;p=2934"},"modified":"2026-04-08T23:38:56","modified_gmt":"2026-04-08T15:38:56","slug":"hexagon-braille-hantel-c4","status":"publish","type":"product","link":"https:\/\/alexathletics1982.com\/sv\/hexagon-braille-dumbbell-c4\/","title":{"rendered":"Hexagon Braille-hantel-C4"},"content":{"rendered":"<h2>Styrka f\u00f6r alla: Hexagon Braille Dumbbell (C4)<\/h2>\n<p>Sann styrka b\u00f6r vara tillg\u00e4nglig f\u00f6r alla. Hexagon Braille Dumbbell (C4) fr\u00e5n Alex Athletics \u00e4r en banbrytande innovation inom inkluderande fitnessdesign. Med tanke p\u00e5 att gymmet kan vara ett sv\u00e5rt navigeringslandskap f\u00f6r idrottare med synneds\u00e4ttning har Alex integrerat ett taktilt Braille Weight Marking System direkt i gummihuvudena p\u00e5 dessa hantlar. Varje vikt visar sitt v\u00e4rde med b\u00e5de stora siffror med h\u00f6g kontrast och upph\u00f6jda punktskriftsskyltar. Denna enkla men genomgripande funktion g\u00f6r det m\u00f6jligt f\u00f6r anv\u00e4ndare med nedsatt syn att v\u00e4lja vikter p\u00e5 egen hand och med sj\u00e4lvf\u00f6rtroende, vilket fr\u00e4mjar en verkligt inkluderande tr\u00e4ningsmilj\u00f6. Den f\u00f6rkroppsligar \u00f6vertygelsen om att hinder f\u00f6r h\u00e4lsa och fitness b\u00f6r undanr\u00f6jas.<\/p>\n<p>Ut\u00f6ver sin sociala p\u00e5verkan \u00e4r C4 en h\u00f6gpresterande kommersiell hantel. Den har kvar den stabila \u201cHexagon\u201d-formen som f\u00f6rhindrar att den rullar och m\u00f6jligg\u00f6r golvbaserade \u00f6vningar. Huvudena \u00e4r omslutna av f\u00f6rstklassigt gummi f\u00f6r att absorbera st\u00f6tar och minska buller. Handtaget \u00e4r ett precisionstillverkat kromskaft med ergonomisk r\u00e4ffling, vilket ger ett fast och s\u00e4kert grepp f\u00f6r alla anv\u00e4ndare. Den interna konstruktionen har en solid gjutj\u00e4rnsk\u00e4rna f\u00f6r konsekvent balans. Oavsett om du \u00e4r en anpassningsbar idrottare, en gym\u00e4gare som \u00e4r engagerad i inkludering eller helt enkelt en lyftare som v\u00e4rdes\u00e4tter intelligent design, st\u00e5r Braille Dumbbell f\u00f6r prestanda med ett syfte.<\/p>\n<h3>1. Inkluderande identifiering med punktskrift<\/h3>\n<p>Detta \u00e4r den mest utm\u00e4rkande funktionen. Integreringen av punktskrift g\u00f6r det m\u00f6jligt f\u00f6r synskadade anv\u00e4ndare att identifiera vikten direkt genom ber\u00f6ring. Det fr\u00e4mjar sj\u00e4lvst\u00e4ndighet och s\u00e4kerhet och g\u00f6r att man inte beh\u00f6ver be om hj\u00e4lp. F\u00f6r kommersiella gym inneb\u00e4r dessa hantlar ett kraftfullt budskap om v\u00e4lkomnande och tillg\u00e4nglighet till hela samh\u00e4llet.<\/p>\n<h3>2. Stabil antirull-sexkantskonstruktion<\/h3>\n<p>S\u00e4kerheten \u00e4r universell. Den sexsidiga formen s\u00e4kerst\u00e4ller att hanteln stannar exakt d\u00e4r du placerar den. Den kommer inte att rulla \u00f6ver golvet och bli en snubbelrisk - en viktig s\u00e4kerhetsfunktion f\u00f6r b\u00e5de synskadade idrottare och vanliga anv\u00e4ndare. Den ger ocks\u00e5 en stabil bas f\u00f6r armh\u00e4vningar och plankroddar.<\/p>\n<h3>3. Premium ljudd\u00e4mpande gummi<\/h3>\n<p>Den h\u00f6gkvalitativa gummibel\u00e4ggningen \u00e4r byggd f\u00f6r att h\u00e5lla. Den d\u00e4mpar st\u00f6tar fr\u00e5n hanteln, skyddar golvet och minskar ljudniv\u00e5n i styrketr\u00e4ningslokalen. Den motst\u00e5r n\u00f6tning och bibeh\u00e5ller l\u00e4sbarheten hos b\u00e5de de visuella och taktila markeringarna under m\u00e5nga \u00e5rs anv\u00e4ndning.<\/p>\n<h3>4. Ergonomiskt grepp i krom<\/h3>\n<p>Kontroll \u00e4r viktigt. Handtaget har en konturerad profil som passar handen p\u00e5 ett naturligt s\u00e4tt. Krombel\u00e4ggningen ger korrosionsbest\u00e4ndighet, medan den strukturerade r\u00e4fflingen ger ett halkfritt grepp. Denna taktila feedback \u00e4r avg\u00f6rande f\u00f6r proprioception och s\u00e4ker hantering av vikten.<\/p>\n<h3>5. Kommersiell h\u00e5llbarhet<\/h3>\n<p>Inkluderande betyder inte br\u00e4cklig. Dessa \u00e4r byggda enligt kommersiella standarder. Huvudena \u00e4r ordentligt fastsatta i handtaget och materialen \u00e4r valda f\u00f6r anv\u00e4ndning med mycket trafik. De erbjuder samma robusta tillf\u00f6rlitlighet som vanliga kommersiella sexkantshantlar, med ett extra socialt v\u00e4rde.<\/p>\n<h3>Vem \u00e4r detta till f\u00f6r?<\/h3>\n<ul style=\"list-style-position: inside; padding-left: 0;\">\n<li>Inkluderande gym och samh\u00e4llscenter.<\/li>\n<li>Anpassade idrottare och synskadade lyftare.<\/li>\n<li>Fram\u00e5tblickande kommersiella anl\u00e4ggningar.<\/li>\n<li>Rehabiliteringscenter och kliniker.<\/li>\n<li>Alla som v\u00e4rdes\u00e4tter principer f\u00f6r universell utformning.<\/li>\n<\/ul>\n<h3>Produktspecifikationer<\/h3>\n<table border=\"1\" width=\"100%\" cellspacing=\"0\" cellpadding=\"5\">\n<tbody>\n<tr>\n<td><strong>Modell<\/strong><\/td>\n<td>W03AB001 (C4)<\/td>\n<\/tr>\n<tr>\n<td><strong>Funktion<\/strong><\/td>\n<td>Viktmarkeringar i punktskrift<\/td>\n<\/tr>\n<tr>\n<td><strong>Form<\/strong><\/td>\n<td>Hexagon (antisladdsystem)<\/td>\n<\/tr>\n<tr>\n<td><strong>Material<\/strong><\/td>\n<td>Gummi, gjutj\u00e4rn, krom<\/td>\n<\/tr>\n<tr>\n<td><strong>Vikter<\/strong><\/td>\n<td>1-50 kg (standardsteg)<\/td>\n<\/tr>\n<\/tbody>\n<\/table>","protected":false},"excerpt":{"rendered":"<p>Hexagon Braille Dumbbell fr\u00e5n Alex Athletics \u00e4r ett revolutionerande steg mot inkluderande fitness. Med integrerade viktmarkeringar i punktskrift tillsammans med standardsiffror g\u00f6r den det m\u00f6jligt f\u00f6r synskadade idrottare att tr\u00e4na med sj\u00e4lvst\u00e4ndighet och sj\u00e4lvf\u00f6rtroende. Den \u00e4r byggd p\u00e5 en stabil sexkantig ram som f\u00f6rhindrar att den rullar och har premiumgummi f\u00f6r h\u00e5llbarhet och golvskydd. Med ett s\u00e4kert r\u00e4fflat handtag i krom och en konstruktion av kommersiell kvalitet ger den elitprestanda samtidigt som den s\u00e4kerst\u00e4ller att styrketr\u00e4ning \u00e4r tillg\u00e4nglig f\u00f6r alla.<\/p>","protected":false},"featured_media":3332,"comment_status":"open","ping_status":"closed","template":"","meta":{"inline_featured_image":false,"site-sidebar-layout":"default","site-content-layout":"","ast-site-content-layout":"default","site-content-style":"default","site-sidebar-style":"default","ast-global-header-display":"","ast-banner-title-visibility":"","ast-main-header-display":"","ast-hfb-above-header-display":"","ast-hfb-below-header-display":"","ast-hfb-mobile-header-display":"","site-post-title":"","ast-breadcrumbs-content":"","ast-featured-img":"","footer-sml-layout":"","ast-disable-related-posts":"","theme-transparent-header-meta":"default","adv-header-id-meta":"","stick-header-meta":"default","header-above-stick-meta":"","header-main-stick-meta":"","header-below-stick-meta":"","astra-migrate-meta-layouts":"set","ast-page-background-enabled":"default","ast-page-background-meta":{"desktop":{"background-color":"","background-image":"","background-repeat":"repeat","background-position":"center center","background-size":"auto","background-attachment":"scroll","background-type":"","background-media":"","overlay-type":"","overlay-color":"","overlay-opacity":"","overlay-gradient":""},"tablet":{"background-color":"","background-image":"","background-repeat":"repeat","background-position":"center center","background-size":"auto","background-attachment":"scroll","background-type":"","background-media":"","overlay-type":"","overlay-color":"","overlay-opacity":"","overlay-gradient":""},"mobile":{"background-color":"","background-image":"","background-repeat":"repeat","background-position":"center center","background-size":"auto","background-attachment":"scroll","background-type":"","background-media":"","overlay-type":"","overlay-color":"","overlay-opacity":"","overlay-gradient":""}},"ast-content-background-meta":{"desktop":{"background-color":"var(--ast-global-color-5)","background-image":"","background-repeat":"repeat","background-position":"center center","background-size":"auto","background-attachment":"scroll","background-type":"","background-media":"","overlay-type":"","overlay-color":"","overlay-opacity":"","overlay-gradient":""},"tablet":{"background-color":"var(--ast-global-color-5)","background-image":"","background-repeat":"repeat","background-position":"center center","background-size":"auto","background-attachment":"scroll","background-type":"","background-media":"","overlay-type":"","overlay-color":"","overlay-opacity":"","overlay-gradient":""},"mobile":{"background-color":"var(--ast-global-color-5)","background-image":"","background-repeat":"repeat","background-position":"center center","background-size":"auto","background-attachment":"scroll","background-type":"","background-media":"","overlay-type":"","overlay-color":"","overlay-opacity":"","overlay-gradient":""}}},"product_brand":[],"product_cat":[55],"product_tag":[60],"class_list":{"0":"post-2934","1":"product","2":"type-product","3":"status-publish","4":"has-post-thumbnail","6":"product_cat-free-weight-training","7":"product_tag-dumbbell","8":"desktop-align-left","9":"tablet-align-left","10":"mobile-align-left","12":"first","13":"instock","14":"shipping-taxable","15":"purchasable","16":"product-type-simple"},"_links":{"self":[{"href":"https:\/\/alexathletics1982.com\/sv\/wp-json\/wp\/v2\/product\/2934","targetHints":{"allow":["GET"]}}],"collection":[{"href":"https:\/\/alexathletics1982.com\/sv\/wp-json\/wp\/v2\/product"}],"about":[{"href":"https:\/\/alexathletics1982.com\/sv\/wp-json\/wp\/v2\/types\/product"}],"replies":[{"embeddable":true,"href":"https:\/\/alexathletics1982.com\/sv\/wp-json\/wp\/v2\/comments?post=2934"}],"wp:featuredmedia":[{"embeddable":true,"href":"https:\/\/alexathletics1982.com\/sv\/wp-json\/wp\/v2\/media\/3332"}],"wp:attachment":[{"href":"https:\/\/alexathletics1982.com\/sv\/wp-json\/wp\/v2\/media?parent=2934"}],"wp:term":[{"taxonomy":"product_brand","embeddable":true,"href":"https:\/\/alexathletics1982.com\/sv\/wp-json\/wp\/v2\/product_brand?post=2934"},{"taxonomy":"product_cat","embeddable":true,"href":"https:\/\/alexathletics1982.com\/sv\/wp-json\/wp\/v2\/product_cat?post=2934"},{"taxonomy":"product_tag","embeddable":true,"href":"https:\/\/alexathletics1982.com\/sv\/wp-json\/wp\/v2\/product_tag?post=2934"}],"curies":[{"name":"wp","href":"https:\/\/api.w.org\/{rel}","templated":true}]}}