{"id":2937,"date":"2026-01-23T20:20:40","date_gmt":"2026-01-23T12:20:40","guid":{"rendered":"https:\/\/alexathletics1982.com\/?post_type=product&#038;p=2937"},"modified":"2026-04-08T23:43:41","modified_gmt":"2026-04-08T15:43:41","slug":"hantel-i-krom","status":"publish","type":"product","link":"https:\/\/alexathletics1982.com\/sv\/chrome-dumbbell\/","title":{"rendered":"Dumbbell i krom"},"content":{"rendered":"<h2>Den estetiska klassikern: Hantel i massiv krom<\/h2>\n<p>F\u00f6r dem som tycker att gymutrustning ska se lika bra ut som den fungerar \u00e4r Chrome Dumbbell fr\u00e5n Alex Athletics det definitiva valet. Dessa hantlar \u00e4r k\u00e4nda som \u201cBeauty Bells\u201d och har en fantastisk, h\u00f6gpolerad kromfinish fr\u00e5n \u00e4nde till \u00e4nde. Denna reflekterande yta \u00e4r inte bara visuellt sl\u00e5ende; det \u00e4r en ultrah\u00e5rd pl\u00e4tering som motst\u00e5r flisning, rost och korrosion mycket b\u00e4ttre \u00e4n f\u00e4rg. De kompakta, runda st\u00e5lhuvudena \u00e4r maskinbearbetade f\u00f6r precisionsbalans och svetsade till handtaget f\u00f6r en s\u00f6ml\u00f6s, enhetlig k\u00e4nsla. Den kompakta designen \u00e4r en stor funktionell f\u00f6rdel som m\u00f6jligg\u00f6r ett sn\u00e4vt r\u00f6relseomf\u00e5ng och h\u00e5ller vikterna n\u00e4ra kroppen under komplexa r\u00f6relser, vilket g\u00f6r dem idealiska f\u00f6r anv\u00e4ndare med mindre kroppsbyggnad eller komplicerade isolerings\u00f6vningar.<\/p>\n<p>Ergonomi \u00e4r en central del av designen. Handtaget \u00e4r inte en enkel rak st\u00e5ng utan ergonomiskt konturerat (cylinderformat) f\u00f6r att passa handflatans naturliga kurva. Denna form fyller ut handen, f\u00f6rdelar trycket j\u00e4mnt och minskar kramper under l\u00e5nga set. Greppytan har exakt r\u00e4ffling f\u00f6r att s\u00e4kerst\u00e4lla att hanteln trots den sl\u00e4ta ytan ligger s\u00e4kert i ditt grepp. Dessa hantlar \u00e4r eleganta, h\u00e5llbara och tidl\u00f6sa och ger en touch av klass till alla hemmagym, hotellfitnesscenter eller tr\u00e4ningsutrymmen p\u00e5 kontoret. De \u00e4r de enklaste hantlarna att reng\u00f6ra och desinficera och beh\u00e5ller sin glans i flera \u00e5r.<\/p>\n<h3>1. H\u00f6gpolerad kromfinish<\/h3>\n<p>Den spegelblanka f\u00f6rkromningen \u00e4r den ultimata estetiken f\u00f6r gym. Det ser rent, modernt och professionellt ut. Ut\u00f6ver utseendet \u00e4r krom en funktionell sk\u00f6ld mot oxidation och svett. Det \u00e4r otroligt l\u00e4tt att torka av, vilket g\u00f6r det till det mest hygieniska alternativet f\u00f6r gemensamma lokaler eller exklusiva spaanl\u00e4ggningar.<\/p>\n<h3>2. Ergonomiskt konturerat handtag<\/h3>\n<p>Handtaget sv\u00e4ller i mitten f\u00f6r att matcha anatomin hos en sluten hand. Denna \u201ctunnform\u201d minskar gapet mellan handflatan och st\u00e5ngen, vilket ger ett s\u00e4krare och bekv\u00e4mare gr\u00e4nssnitt. I kombination med diamantstickning ger det ett grepp som minimerar tr\u00f6tthet i underarmen samtidigt som kontrollen maximeras.<\/p>\n<h3>3. Kompakta st\u00e5lhuvuden<\/h3>\n<p>Eftersom de \u00e4r tillverkade av massivt st\u00e5l \u00e4r dessa hantlar t\u00e4tare \u00e4n j\u00e4rn- eller gummiversioner. Detta resulterar i fysiskt mindre huvuden f\u00f6r samma vikt. Den kompakta profilen f\u00f6rhindrar att hantlarna sl\u00e5r i varandra under br\u00f6stpress eller curls, vilket ger ett j\u00e4mnare och mer obegr\u00e4nsat r\u00f6relseomf\u00e5ng.<\/p>\n<h3>4. Sp\u00e5n- och skalbest\u00e4ndig<\/h3>\n<p>Till skillnad fr\u00e5n m\u00e5lat j\u00e4rn som flisar sig eller gummi som flagnar \u00e4r krom en molekyl\u00e4r bindning. Det \u00e4r mycket motst\u00e5ndskraftigt mot slagskador. \u00c4ven om ingen ytbehandling \u00e4r o\u00f6vervinnerlig, st\u00e5r krom emot friktionen vid upp- och nedrastning exceptionellt bra och beh\u00e5ller sitt premiumutseende l\u00e5ngt efter att andra hantlar ser slitna ut.<\/p>\n<h3>5. M\u00e5ngsidigt l\u00e4ttviktsomr\u00e5de<\/h3>\n<p>Med en vikt fr\u00e5n 1 kg till 10 kg (och upp till 20 kg) \u00e4r de perfekta f\u00f6r \u201cfiness\u201d-tr\u00e4ning. De \u00e4r idealiska f\u00f6r laterala h\u00f6jningar, arbete med rotatorkuffen, bicepsformning och f\u00f6r att l\u00e4gga till motst\u00e5nd i aerobics. Den exakta viktkalibreringen s\u00e4kerst\u00e4ller att din tr\u00e4ning blir exakt.<\/p>\n<h3>Vem \u00e4r detta till f\u00f6r?<\/h3>\n<ul style=\"list-style-position: inside; padding-left: 0;\">\n<li>Lyxhotell och f\u00f6retagsgym.<\/li>\n<li>Hemmagym\u00e4gare som v\u00e4rdes\u00e4tter estetik.<\/li>\n<li>Kroppsbyggare som utf\u00f6r isoleringsarbete.<\/li>\n<li>Anv\u00e4ndare med mindre h\u00e4nder som beh\u00f6ver ergonomiska grepp.<\/li>\n<li>Alla som vill ha l\u00e4ttrengjorda, hygieniska vikter.<\/li>\n<\/ul>\n<h3>Produktspecifikationer<\/h3>\n<table border=\"1\" width=\"100%\" cellspacing=\"0\" cellpadding=\"5\">\n<tbody>\n<tr>\n<td><strong>Modell<\/strong><\/td>\n<td>W03BG001<\/td>\n<\/tr>\n<tr>\n<td><strong>Material<\/strong><\/td>\n<td>Massivt st\u00e5l<\/td>\n<\/tr>\n<tr>\n<td><strong>Avsluta<\/strong><\/td>\n<td>H\u00f6gpolerad krom<\/td>\n<\/tr>\n<tr>\n<td><strong>Handtag<\/strong><\/td>\n<td>Konturerad och r\u00e4fflad<\/td>\n<\/tr>\n<tr>\n<td><strong>Vikter<\/strong><\/td>\n<td>1 ~ 20 kg<\/td>\n<\/tr>\n<\/tbody>\n<\/table>","protected":false},"excerpt":{"rendered":"<p>Chrome Dumbbell fr\u00e5n Alex Athletics ger elegans och ergonomi till din tr\u00e4ning. Dessa hantlar i massivt st\u00e5l har en h\u00f6gpolerad reflekterande yta och \u00e4r motst\u00e5ndskraftiga mot rost och flisor. Det ergonomiska, konturerade handtaget med r\u00e4ffling passar handen perfekt och ger ett bekv\u00e4mt och s\u00e4kert grepp. Med kompakta huvuden som m\u00f6jligg\u00f6r ett fullt r\u00f6relseomf\u00e5ng \u00e4r de det perfekta valet f\u00f6r isolerings\u00f6vningar, lyxiga hemmagym och studior som prioriterar renlighet och stil.<\/p>","protected":false},"featured_media":3241,"comment_status":"open","ping_status":"closed","template":"","meta":{"inline_featured_image":false,"site-sidebar-layout":"default","site-content-layout":"","ast-site-content-layout":"default","site-content-style":"default","site-sidebar-style":"default","ast-global-header-display":"","ast-banner-title-visibility":"","ast-main-header-display":"","ast-hfb-above-header-display":"","ast-hfb-below-header-display":"","ast-hfb-mobile-header-display":"","site-post-title":"","ast-breadcrumbs-content":"","ast-featured-img":"","footer-sml-layout":"","ast-disable-related-posts":"","theme-transparent-header-meta":"default","adv-header-id-meta":"","stick-header-meta":"default","header-above-stick-meta":"","header-main-stick-meta":"","header-below-stick-meta":"","astra-migrate-meta-layouts":"set","ast-page-background-enabled":"default","ast-page-background-meta":{"desktop":{"background-color":"","background-image":"","background-repeat":"repeat","background-position":"center center","background-size":"auto","background-attachment":"scroll","background-type":"","background-media":"","overlay-type":"","overlay-color":"","overlay-opacity":"","overlay-gradient":""},"tablet":{"background-color":"","background-image":"","background-repeat":"repeat","background-position":"center center","background-size":"auto","background-attachment":"scroll","background-type":"","background-media":"","overlay-type":"","overlay-color":"","overlay-opacity":"","overlay-gradient":""},"mobile":{"background-color":"","background-image":"","background-repeat":"repeat","background-position":"center center","background-size":"auto","background-attachment":"scroll","background-type":"","background-media":"","overlay-type":"","overlay-color":"","overlay-opacity":"","overlay-gradient":""}},"ast-content-background-meta":{"desktop":{"background-color":"var(--ast-global-color-5)","background-image":"","background-repeat":"repeat","background-position":"center center","background-size":"auto","background-attachment":"scroll","background-type":"","background-media":"","overlay-type":"","overlay-color":"","overlay-opacity":"","overlay-gradient":""},"tablet":{"background-color":"var(--ast-global-color-5)","background-image":"","background-repeat":"repeat","background-position":"center center","background-size":"auto","background-attachment":"scroll","background-type":"","background-media":"","overlay-type":"","overlay-color":"","overlay-opacity":"","overlay-gradient":""},"mobile":{"background-color":"var(--ast-global-color-5)","background-image":"","background-repeat":"repeat","background-position":"center center","background-size":"auto","background-attachment":"scroll","background-type":"","background-media":"","overlay-type":"","overlay-color":"","overlay-opacity":"","overlay-gradient":""}}},"product_brand":[],"product_cat":[55],"product_tag":[60],"class_list":{"0":"post-2937","1":"product","2":"type-product","3":"status-publish","4":"has-post-thumbnail","6":"product_cat-free-weight-training","7":"product_tag-dumbbell","8":"desktop-align-left","9":"tablet-align-left","10":"mobile-align-left","12":"first","13":"instock","14":"shipping-taxable","15":"purchasable","16":"product-type-simple"},"_links":{"self":[{"href":"https:\/\/alexathletics1982.com\/sv\/wp-json\/wp\/v2\/product\/2937","targetHints":{"allow":["GET"]}}],"collection":[{"href":"https:\/\/alexathletics1982.com\/sv\/wp-json\/wp\/v2\/product"}],"about":[{"href":"https:\/\/alexathletics1982.com\/sv\/wp-json\/wp\/v2\/types\/product"}],"replies":[{"embeddable":true,"href":"https:\/\/alexathletics1982.com\/sv\/wp-json\/wp\/v2\/comments?post=2937"}],"wp:featuredmedia":[{"embeddable":true,"href":"https:\/\/alexathletics1982.com\/sv\/wp-json\/wp\/v2\/media\/3241"}],"wp:attachment":[{"href":"https:\/\/alexathletics1982.com\/sv\/wp-json\/wp\/v2\/media?parent=2937"}],"wp:term":[{"taxonomy":"product_brand","embeddable":true,"href":"https:\/\/alexathletics1982.com\/sv\/wp-json\/wp\/v2\/product_brand?post=2937"},{"taxonomy":"product_cat","embeddable":true,"href":"https:\/\/alexathletics1982.com\/sv\/wp-json\/wp\/v2\/product_cat?post=2937"},{"taxonomy":"product_tag","embeddable":true,"href":"https:\/\/alexathletics1982.com\/sv\/wp-json\/wp\/v2\/product_tag?post=2937"}],"curies":[{"name":"wp","href":"https:\/\/api.w.org\/{rel}","templated":true}]}}