{"id":2949,"date":"2026-01-23T20:20:40","date_gmt":"2026-01-23T12:20:40","guid":{"rendered":"https:\/\/alexathletics1982.com\/?post_type=product&#038;p=2949"},"modified":"2026-04-10T22:51:14","modified_gmt":"2026-04-10T14:51:14","slug":"funktionstranare","status":"publish","type":"product","link":"https:\/\/alexathletics1982.com\/sv\/function-trainer\/","title":{"rendered":"Funktion Tr\u00e4nare"},"content":{"rendered":"<h2>Obegr\u00e4nsad m\u00e5ngsidighet: Kommersiell tr\u00e4nare med dubbla stapelfunktioner<\/h2>\n<p>Ett monster av kommersiell kvalitet utformat f\u00f6r obegr\u00e4nsad r\u00f6relsepotential. K\u00e4rnan best\u00e5r av tv\u00e5 oberoende viktstaplar p\u00e5 210 lbs (ca 95 kg). Dessa dubbla staplar m\u00f6jligg\u00f6r unilateral (enkelsidig) tr\u00e4ning, vilket \u00e4r viktigt f\u00f6r att korrigera muskelobalanser och efterlikna verkliga sportr\u00f6relser. Remskivsystemet har ett f\u00f6rh\u00e5llande p\u00e5 2:1, vilket inneb\u00e4r att kabeln r\u00f6r sig 2 fot f\u00f6r varje 1 fot som vikten r\u00f6r sig. Detta f\u00f6rh\u00e5llande ger en otroligt mjuk, flytande k\u00e4nsla och m\u00f6jligg\u00f6r snabba, explosiva r\u00f6relser utan att viktstacken \u201choppar\u201d eller hakar upp sig. Den har ett enormt kabelr\u00f6relseomr\u00e5de, perfekt f\u00f6r walking lunges, l\u00e5ngdistansroddar och atletiska \u00f6vningar.<\/p>\n<p>Huvudramen \u00e4r tillverkad av h\u00f6gh\u00e5llfasta ovala st\u00e5lr\u00f6r (50x100x3 mm) med en f\u00f6rstklassig pulverlackering. Den ser ut och k\u00e4nns of\u00f6rst\u00f6rbar. De justerbara remskivorna kan st\u00e4llas in i 22 olika h\u00f6jdl\u00e4gen, vilket g\u00f6r att du kan utf\u00f6ra allt fr\u00e5n low rows och bicepscurls till chest flyes och lat pulldowns. Maskinen har pull-up-handtag med flera grepp f\u00f6r vertikal dragkraft och tillbeh\u00f6rskrokar f\u00f6r f\u00f6rvaring av tillbeh\u00f6r. Oavsett om du \u00e4r en kroppsbyggare som vill isolera konstant sp\u00e4nning eller en golfspelare som arbetar med rotationskraft, anpassar sig Functional Trainer till din biomekanik, inte tv\u00e4rtom.<\/p>\n<h3>1. Dubbla 210 lbs viktstaplar<\/h3>\n<p>Kraft s\u00e5 det r\u00e4cker och blir \u00f6ver. Med tv\u00e5 oberoende staplar p\u00e5 210 lbs vardera passar den h\u00e4r maskinen \u00e4ven de starkaste anv\u00e4ndarna. Konstruktionen med dubbla staplar g\u00f6r att tv\u00e5 personer kan tr\u00e4na samtidigt (p\u00e5 enkla kablar) eller att en person kan utf\u00f6ra bilaterala r\u00f6relser (som br\u00f6stpress) med j\u00e4mnt motst\u00e5nd p\u00e5 b\u00e5da sidor.<\/p>\n<h3>2. Smidigt kabelf\u00f6rh\u00e5llande 2:1<\/h3>\n<p>F\u00f6rh\u00e5llandet 2:1 \u00e4r guldstandarden f\u00f6r funktionell tr\u00e4ning. Genom att minska tr\u00f6gheten i viktstapeln m\u00f6jligg\u00f6rs explosiva, snabba r\u00f6relser. Du kan sl\u00e5, svinga och kasta kablarna utan att vikterna rycker till. Det m\u00f6jligg\u00f6r ocks\u00e5 finare stegvisa viktf\u00f6r\u00e4ndringar, vilket g\u00f6r det l\u00e4ttare att utvecklas.<\/p>\n<h3>3. 22-positions justerbara remskivor<\/h3>\n<p>M\u00e5ngsidighet definieras av justerbarhet. Remskivorna glider upp och ner p\u00e5 de kromade styrst\u00e4ngerna och l\u00e5ses i 22 olika positioner. Detta g\u00f6r att du kan st\u00e4lla in draglinjen exakt d\u00e4r du beh\u00f6ver den - p\u00e5 golvniv\u00e5 f\u00f6r ben, i br\u00f6sth\u00f6jd f\u00f6r pressar eller \u00f6ver huvudet f\u00f6r triceps. Det s\u00e4kerst\u00e4ller korrekt biomekanik f\u00f6r varje \u00f6vning.<\/p>\n<h3>4. Kommersiell oval st\u00e5lram<\/h3>\n<p>Det h\u00e4r \u00e4r inte en tunn hemmamaskin. Ramen best\u00e5r av massiva 50x100 mm ovala r\u00f6r med 3 mm v\u00e4ggtjocklek. Den \u00e4r styv och stabil och beh\u00f6ver inte bultas fast i golvet (vilket dock rekommenderas). De medf\u00f6ljande viktskydden skyddar fingrarna och ger maskinen ett snyggt, modernt utseende.<\/p>\n<h3>5. Pull-up-station med flera grepp<\/h3>\n<p>Den integrerade tv\u00e4rst\u00e5ngen har flera greppvinklar f\u00f6r pull-ups. Du kan utf\u00f6ra pull-ups med brett grepp, neutralt grepp och chin-ups. Detta ger maskinen en dimension av kroppsviktstr\u00e4ning och g\u00f6r den till en komplett station f\u00f6r \u00f6verkroppen.<\/p>\n<h3>Vem \u00e4r detta till f\u00f6r?<\/h3>\n<ul style=\"list-style-position: inside; padding-left: 0;\">\n<li>Kommersiella gym och avancerade hemmagym.<\/li>\n<li>Idrottare som kr\u00e4ver idrottsspecifika r\u00f6relsem\u00f6nster.<\/li>\n<li>Kroppsbyggare som vill ha konstant sp\u00e4nningsisolering.<\/li>\n<li>Rehabiliteringscenter som beh\u00f6ver justerbart motst\u00e5nd med l\u00e5g p\u00e5verkan.<\/li>\n<li>Anv\u00e4ndare som vill ha en enda maskin som tr\u00e4nar hela kroppen.<\/li>\n<\/ul>\n<h3>Produktspecifikationer<\/h3>\n<table border=\"1\" width=\"100%\" cellspacing=\"0\" cellpadding=\"5\">\n<tbody>\n<tr>\n<td><strong>Modell<\/strong><\/td>\n<td>W08BD002<\/td>\n<\/tr>\n<tr>\n<td><strong>M\u00e5tt och dimensioner<\/strong><\/td>\n<td>L 1160 x B 1520 x H 2180 mm<\/td>\n<\/tr>\n<tr>\n<td><strong>Viktstaplar<\/strong><\/td>\n<td>2 x 210 lbs (dubbel stack)<\/td>\n<\/tr>\n<tr>\n<td><strong>F\u00f6rh\u00e5llande<\/strong><\/td>\n<td>2:1 (j\u00e4mn\/snabb)<\/td>\n<\/tr>\n<tr>\n<td><strong>Positioner<\/strong><\/td>\n<td>22 Vertikala justeringar<\/td>\n<\/tr>\n<\/tbody>\n<\/table>","protected":false},"excerpt":{"rendered":"<p>Functional Trainer fr\u00e5n Alex Athletics \u00e4r en kabelmaskin av kommersiell kvalitet som \u00e4r utformad f\u00f6r obegr\u00e4nsad m\u00e5ngsidighet. Med dubbla 210 lbs viktstaplar med ett smidigt 2:1 remskivef\u00f6rh\u00e5llande m\u00f6jligg\u00f6r den explosiva atletiska r\u00f6relser och isolering med konstant sp\u00e4nning. Med 22 justerbara h\u00f6jdl\u00e4gen och en pull-up-st\u00e5ng med flera grepp kan du tr\u00e4na varje muskelgrupp fr\u00e5n alla vinklar. Byggd med en kraftig oval st\u00e5lram och slutna viktsk\u00f6ldar \u00e4r den den ultimata mittpunkten f\u00f6r alla professionella gym eller hemmagym i premiumklassen.<\/p>","protected":false},"featured_media":3310,"comment_status":"open","ping_status":"closed","template":"","meta":{"inline_featured_image":false,"site-sidebar-layout":"default","site-content-layout":"","ast-site-content-layout":"default","site-content-style":"default","site-sidebar-style":"default","ast-global-header-display":"","ast-banner-title-visibility":"","ast-main-header-display":"","ast-hfb-above-header-display":"","ast-hfb-below-header-display":"","ast-hfb-mobile-header-display":"","site-post-title":"","ast-breadcrumbs-content":"","ast-featured-img":"","footer-sml-layout":"","ast-disable-related-posts":"","theme-transparent-header-meta":"default","adv-header-id-meta":"","stick-header-meta":"default","header-above-stick-meta":"","header-main-stick-meta":"","header-below-stick-meta":"","astra-migrate-meta-layouts":"set","ast-page-background-enabled":"default","ast-page-background-meta":{"desktop":{"background-color":"","background-image":"","background-repeat":"repeat","background-position":"center center","background-size":"auto","background-attachment":"scroll","background-type":"","background-media":"","overlay-type":"","overlay-color":"","overlay-opacity":"","overlay-gradient":""},"tablet":{"background-color":"","background-image":"","background-repeat":"repeat","background-position":"center center","background-size":"auto","background-attachment":"scroll","background-type":"","background-media":"","overlay-type":"","overlay-color":"","overlay-opacity":"","overlay-gradient":""},"mobile":{"background-color":"","background-image":"","background-repeat":"repeat","background-position":"center center","background-size":"auto","background-attachment":"scroll","background-type":"","background-media":"","overlay-type":"","overlay-color":"","overlay-opacity":"","overlay-gradient":""}},"ast-content-background-meta":{"desktop":{"background-color":"var(--ast-global-color-5)","background-image":"","background-repeat":"repeat","background-position":"center center","background-size":"auto","background-attachment":"scroll","background-type":"","background-media":"","overlay-type":"","overlay-color":"","overlay-opacity":"","overlay-gradient":""},"tablet":{"background-color":"var(--ast-global-color-5)","background-image":"","background-repeat":"repeat","background-position":"center center","background-size":"auto","background-attachment":"scroll","background-type":"","background-media":"","overlay-type":"","overlay-color":"","overlay-opacity":"","overlay-gradient":""},"mobile":{"background-color":"var(--ast-global-color-5)","background-image":"","background-repeat":"repeat","background-position":"center center","background-size":"auto","background-attachment":"scroll","background-type":"","background-media":"","overlay-type":"","overlay-color":"","overlay-opacity":"","overlay-gradient":""}}},"product_brand":[],"product_cat":[55],"product_tag":[63],"class_list":{"0":"post-2949","1":"product","2":"type-product","3":"status-publish","4":"has-post-thumbnail","6":"product_cat-free-weight-training","7":"product_tag-rack-storage","8":"desktop-align-left","9":"tablet-align-left","10":"mobile-align-left","12":"first","13":"instock","14":"shipping-taxable","15":"purchasable","16":"product-type-simple"},"_links":{"self":[{"href":"https:\/\/alexathletics1982.com\/sv\/wp-json\/wp\/v2\/product\/2949","targetHints":{"allow":["GET"]}}],"collection":[{"href":"https:\/\/alexathletics1982.com\/sv\/wp-json\/wp\/v2\/product"}],"about":[{"href":"https:\/\/alexathletics1982.com\/sv\/wp-json\/wp\/v2\/types\/product"}],"replies":[{"embeddable":true,"href":"https:\/\/alexathletics1982.com\/sv\/wp-json\/wp\/v2\/comments?post=2949"}],"wp:featuredmedia":[{"embeddable":true,"href":"https:\/\/alexathletics1982.com\/sv\/wp-json\/wp\/v2\/media\/3310"}],"wp:attachment":[{"href":"https:\/\/alexathletics1982.com\/sv\/wp-json\/wp\/v2\/media?parent=2949"}],"wp:term":[{"taxonomy":"product_brand","embeddable":true,"href":"https:\/\/alexathletics1982.com\/sv\/wp-json\/wp\/v2\/product_brand?post=2949"},{"taxonomy":"product_cat","embeddable":true,"href":"https:\/\/alexathletics1982.com\/sv\/wp-json\/wp\/v2\/product_cat?post=2949"},{"taxonomy":"product_tag","embeddable":true,"href":"https:\/\/alexathletics1982.com\/sv\/wp-json\/wp\/v2\/product_tag?post=2949"}],"curies":[{"name":"wp","href":"https:\/\/api.w.org\/{rel}","templated":true}]}}