{"id":2954,"date":"2026-01-23T20:21:01","date_gmt":"2026-01-23T12:21:01","guid":{"rendered":"https:\/\/alexathletics1982.com\/?post_type=product&#038;p=2954"},"modified":"2026-04-08T11:17:28","modified_gmt":"2026-04-08T03:17:28","slug":"revolverstall","status":"publish","type":"product","link":"https:\/\/alexathletics1982.com\/sv\/revolver-rack\/","title":{"rendered":"Revolverst\u00e4ll"},"content":{"rendered":"<h2>360 graders \u00e5tkomst: Revolverst\u00e4llet<\/h2>\n<p>I de tr\u00e5nga utrymmena i en kabel\u00f6verg\u00e5ngsstation eller i ett tr\u00e5ngt tillbeh\u00f6rsh\u00f6rn \u00e4r v\u00e4ggutrymmet ofta otillg\u00e4ngligt. Revolver Rack fr\u00e5n Alex Athletics l\u00f6ser detta problem med en briljant roterande design. Detta frist\u00e5ende torn har en snurrande karuselltopp (och eventuellt mittsektion) som ger 360-graders \u00e5tkomst till din utrustning. Det \u00e4r fr\u00e4mst utformat f\u00f6r kabelf\u00e4sten - lat bars, tricep-rep, D-handtag och V-bars - och h\u00e4nger dem vertikalt f\u00f6r att spara utrymme och f\u00f6rhindra trassel. I st\u00e4llet f\u00f6r att gr\u00e4va i en soptunna eller g\u00e5 fram och tillbaka l\u00e4ngs en l\u00e5ng v\u00e4ggst\u00e4llning, st\u00e5r du bara p\u00e5 en plats och snurrar p\u00e5 st\u00e4llningen f\u00f6r att hitta det verktyg du beh\u00f6ver. Det \u00e4r definitionen av \u201ch\u00f6gdensitetsf\u00f6rvaring\u201d.\u201d<\/p>\n<p>Revolverst\u00e4llet \u00e4r tillverkat av kraftigt st\u00e5l med en viktad bas och \u00e4r otroligt stabilt. Det tippar inte \u00f6ver, inte ens n\u00e4r det \u00e4r oj\u00e4mnt lastat med tunga st\u00e5ltillbeh\u00f6r. Rotationsmekanismen \u00e4r smidig och h\u00e5llbar, konstruerad f\u00f6r att t\u00e5la konstant anv\u00e4ndning i en hektisk kommersiell milj\u00f6. Fotavtrycket \u00e4r minimalt, vilket g\u00f6r den till ett perfekt komplement i mitten av en funktionell tr\u00e4ningszon eller bredvid en maskin med flera grenar. Den f\u00f6rvandlar en kaotisk h\u00f6g med metallhandtag till en organiserad, imponerande display som inbjuder medlemmarna att anv\u00e4nda dem. Den skyddar dina dyra tillbeh\u00f6r fr\u00e5n skador som orsakas av att de tappas eller staplas p\u00e5 varandra.<\/p>\n<h3>1. Platsbesparande roterande design<\/h3>\n<p>\u201cRevolver\u201d-mekanismen \u00e4r en utrymmesbesparare. Genom att utnyttja en vertikal axel och rotation kan den f\u00f6rvara dussintals f\u00f6rem\u00e5l p\u00e5 en yta som \u00e4r n\u00e5got st\u00f6rre \u00e4n en viktplatta. Du beh\u00f6ver inget v\u00e4ggutrymme. Du kan placera den i ett h\u00f6rn eller mellan maskinerna och p\u00e5 s\u00e5 s\u00e4tt maximera nyttan av \u201cd\u00f6da ytor\u201d p\u00e5 gymmets golv.<\/p>\n<h3>2. Enkel \u00e5tkomst och urval<\/h3>\n<p>Det g\u00e5r snabbt att hitta r\u00e4tt handtag. En snabb snurrning avsl\u00f6jar alla dina alternativ. Detta f\u00f6rb\u00e4ttrar anv\u00e4ndarupplevelsen och snabbar upp tr\u00e4ningsfl\u00f6det. Det f\u00f6rhindrar frustrationen av att trassla ut rep eller leta efter ett matchande par D-handtag l\u00e4ngst ner i en l\u00e5da.<\/p>\n<h3>3. Stabilitet f\u00f6r tunga fordon<\/h3>\n<p>H\u00f6jd kr\u00e4ver stabilitet. Basen p\u00e5 Revolver Rack \u00e4r bred och tung och f\u00f6rankrar enheten i marken. Det \u00e4r utformat f\u00f6r att inte tippa \u00e4ven om du h\u00e4nger en tung latst\u00e5ng p\u00e5 ena sidan och ingenting p\u00e5 den andra. Det \u00e4r s\u00e4kert i kommersiella milj\u00f6er med h\u00f6g belastning.<\/p>\n<h3>4. Skyddar kabelanslutningar<\/h3>\n<p>Kabelf\u00e4sten \u00e4r dyra. Om de f\u00f6rvaras p\u00e5 golvet skadas kromytan och linorna fransas ut. Om du h\u00e4nger dem p\u00e5 r\u00e4tt s\u00e4tt p\u00e5 Revolver Rack f\u00f6rl\u00e4ngs deras livsl\u00e4ngd, vilket h\u00e5ller r\u00e4fflorna vassa och svivlarna smidiga. Det skyddar din investering.<\/p>\n<h3>5. Professionell presentation<\/h3>\n<p>Organisation inneb\u00e4r kvalitet. Ett fulladdat Revolver Rack ser ut som en skulptur av st\u00e5l. Det visar upp ditt utrustningsval, vilket g\u00f6r att gymmet ser v\u00e4lutrustat och professionellt hanterat ut. Det uppmuntrar medlemmarna att st\u00e4lla om saker eftersom f\u00f6rvaringsplatsen \u00e4r uppenbar och tillg\u00e4nglig.<\/p>\n<h3>Vem \u00e4r detta till f\u00f6r?<\/h3>\n<ul style=\"list-style-position: inside; padding-left: 0;\">\n<li>Kommersiella gym med kabeldjunglar.<\/li>\n<li>Hemmagym med begr\u00e4nsat v\u00e4ggutrymme.<\/li>\n<li>Tr\u00e4ningsstudios med stora samlingar av tillbeh\u00f6r.<\/li>\n<li>Anl\u00e4ggningar som vill f\u00f6rb\u00e4ttra utrustningens livsl\u00e4ngd.<\/li>\n<li>Alla som s\u00f6ker en kompakt organisat\u00f6r med h\u00f6g kapacitet.<\/li>\n<\/ul>\n<h3>Produktspecifikationer<\/h3>\n<table border=\"1\" width=\"100%\" cellspacing=\"0\" cellpadding=\"5\">\n<tbody>\n<tr>\n<td><strong>Modell<\/strong><\/td>\n<td>F12AC002<\/td>\n<\/tr>\n<tr>\n<td><strong>Typ<\/strong><\/td>\n<td>Roterande tillbeh\u00f6rsf\u00f6rvaring<\/td>\n<\/tr>\n<tr>\n<td><strong>Material<\/strong><\/td>\n<td>St\u00e5l, pulverlackerad<\/td>\n<\/tr>\n<tr>\n<td><strong>Mekanism<\/strong><\/td>\n<td>360\u00b0 snurrande karusell<\/td>\n<\/tr>\n<tr>\n<td><strong>Kapacitet<\/strong><\/td>\n<td>H\u00f6g densitet (flera krokar)<\/td>\n<\/tr>\n<\/tbody>\n<\/table>","protected":false},"excerpt":{"rendered":"<p>Revolver Rack fr\u00e5n Alex Athletics \u00e4r en roterande f\u00f6rvaringsl\u00f6sning med h\u00f6g densitet f\u00f6r gymtillbeh\u00f6r. Dess 360-graders roterande design ger omedelbar \u00e5tkomst till kabelf\u00e4sten, band och b\u00e4lten samtidigt som den tar upp ett minimalt golvavtryck. Den \u00e4r byggd med en tung, stabil bas och robusta st\u00e5lkrokar som f\u00f6rhindrar att den tippar och skyddar din utrustning fr\u00e5n skador. Den \u00e4r idealisk f\u00f6r kabelmaskiner och tr\u00e5nga gym och f\u00f6rvandlar tillbeh\u00f6rskaoset till en organiserad, tillg\u00e4nglig och professionell display.<\/p>","protected":false},"featured_media":3457,"comment_status":"open","ping_status":"closed","template":"","meta":{"inline_featured_image":false,"site-sidebar-layout":"default","site-content-layout":"","ast-site-content-layout":"default","site-content-style":"default","site-sidebar-style":"default","ast-global-header-display":"","ast-banner-title-visibility":"","ast-main-header-display":"","ast-hfb-above-header-display":"","ast-hfb-below-header-display":"","ast-hfb-mobile-header-display":"","site-post-title":"","ast-breadcrumbs-content":"","ast-featured-img":"","footer-sml-layout":"","ast-disable-related-posts":"","theme-transparent-header-meta":"default","adv-header-id-meta":"","stick-header-meta":"default","header-above-stick-meta":"","header-main-stick-meta":"","header-below-stick-meta":"","astra-migrate-meta-layouts":"set","ast-page-background-enabled":"default","ast-page-background-meta":{"desktop":{"background-color":"","background-image":"","background-repeat":"repeat","background-position":"center center","background-size":"auto","background-attachment":"scroll","background-type":"","background-media":"","overlay-type":"","overlay-color":"","overlay-opacity":"","overlay-gradient":""},"tablet":{"background-color":"","background-image":"","background-repeat":"repeat","background-position":"center center","background-size":"auto","background-attachment":"scroll","background-type":"","background-media":"","overlay-type":"","overlay-color":"","overlay-opacity":"","overlay-gradient":""},"mobile":{"background-color":"","background-image":"","background-repeat":"repeat","background-position":"center center","background-size":"auto","background-attachment":"scroll","background-type":"","background-media":"","overlay-type":"","overlay-color":"","overlay-opacity":"","overlay-gradient":""}},"ast-content-background-meta":{"desktop":{"background-color":"var(--ast-global-color-5)","background-image":"","background-repeat":"repeat","background-position":"center center","background-size":"auto","background-attachment":"scroll","background-type":"","background-media":"","overlay-type":"","overlay-color":"","overlay-opacity":"","overlay-gradient":""},"tablet":{"background-color":"var(--ast-global-color-5)","background-image":"","background-repeat":"repeat","background-position":"center center","background-size":"auto","background-attachment":"scroll","background-type":"","background-media":"","overlay-type":"","overlay-color":"","overlay-opacity":"","overlay-gradient":""},"mobile":{"background-color":"var(--ast-global-color-5)","background-image":"","background-repeat":"repeat","background-position":"center center","background-size":"auto","background-attachment":"scroll","background-type":"","background-media":"","overlay-type":"","overlay-color":"","overlay-opacity":"","overlay-gradient":""}}},"product_brand":[],"product_cat":[55],"product_tag":[63],"class_list":{"0":"post-2954","1":"product","2":"type-product","3":"status-publish","4":"has-post-thumbnail","6":"product_cat-free-weight-training","7":"product_tag-rack-storage","8":"desktop-align-left","9":"tablet-align-left","10":"mobile-align-left","12":"first","13":"instock","14":"shipping-taxable","15":"purchasable","16":"product-type-simple"},"_links":{"self":[{"href":"https:\/\/alexathletics1982.com\/sv\/wp-json\/wp\/v2\/product\/2954","targetHints":{"allow":["GET"]}}],"collection":[{"href":"https:\/\/alexathletics1982.com\/sv\/wp-json\/wp\/v2\/product"}],"about":[{"href":"https:\/\/alexathletics1982.com\/sv\/wp-json\/wp\/v2\/types\/product"}],"replies":[{"embeddable":true,"href":"https:\/\/alexathletics1982.com\/sv\/wp-json\/wp\/v2\/comments?post=2954"}],"wp:featuredmedia":[{"embeddable":true,"href":"https:\/\/alexathletics1982.com\/sv\/wp-json\/wp\/v2\/media\/3457"}],"wp:attachment":[{"href":"https:\/\/alexathletics1982.com\/sv\/wp-json\/wp\/v2\/media?parent=2954"}],"wp:term":[{"taxonomy":"product_brand","embeddable":true,"href":"https:\/\/alexathletics1982.com\/sv\/wp-json\/wp\/v2\/product_brand?post=2954"},{"taxonomy":"product_cat","embeddable":true,"href":"https:\/\/alexathletics1982.com\/sv\/wp-json\/wp\/v2\/product_cat?post=2954"},{"taxonomy":"product_tag","embeddable":true,"href":"https:\/\/alexathletics1982.com\/sv\/wp-json\/wp\/v2\/product_tag?post=2954"}],"curies":[{"name":"wp","href":"https:\/\/api.w.org\/{rel}","templated":true}]}}