{"id":2964,"date":"2026-01-23T20:21:01","date_gmt":"2026-01-23T12:21:01","guid":{"rendered":"https:\/\/alexathletics1982.com\/?post_type=product&#038;p=2964"},"modified":"2026-04-08T15:38:27","modified_gmt":"2026-04-08T07:38:27","slug":"platta-rack-vikt-trad-v-eta","status":"publish","type":"product","link":"https:\/\/alexathletics1982.com\/sv\/plate-rack-weight-tree-v-eta\/","title":{"rendered":"Tallriksst\u00e4ll - vikttr\u00e4d - V.ETA"},"content":{"rendered":"<h2>Mobilt krafttorn: V.ETA Olympiskt plattst\u00e4ll - vikttr\u00e4d<\/h2>\n<p>Plate Rack-Weight Tree (V.ETA) fr\u00e5n Alex Athletics \u00e4r en omfattande f\u00f6rvaringsl\u00f6sning som samlar hela din skivst\u00e5ngsutrustning i en mobil enhet. Till skillnad fr\u00e5n vanliga station\u00e4ra tr\u00e4d \u00e4r detta st\u00e4ll utrustat med kraftiga hjul, s\u00e5 att du enkelt kan flytta \u00f6ver 450 kg (1000 lbs) vikter. Denna mobilitet \u00e4r en stor f\u00f6rdel f\u00f6r utrymmen med flera anv\u00e4ndningsomr\u00e5den eller garage d\u00e4r utrustningen m\u00e5ste g\u00f6mmas undan. \u201cV.ETA\u201d-designen har en robust mittpelare med strategiskt placerade vikthorn som rymmer alla storlekar av olympiska plattor, fr\u00e5n sm\u00e5 v\u00e4xelplattor till stora 450 mm-hjul, utan \u00f6verlappning.<\/p>\n<p>Ut\u00f6ver plattor \u00e4r detta rack en komplett arbetsstationsorganisat\u00f6r. Det har tv\u00e5 vertikala skivst\u00e5ngsh\u00e5llare, s\u00e5 att du kan f\u00f6rvara dina olympiska st\u00e4nger s\u00e4kert uppr\u00e4tt. Det finns ocks\u00e5 f\u00f6rvaringsutrymme p\u00e5 basen f\u00f6r kragar eller fraktionerade plattor. Ramen \u00e4r tillverkad av kommersiella fyrkantiga st\u00e5lr\u00f6r (40 x 80 x T 2 mm) med pulverlackerad yta, vilket s\u00e4kerst\u00e4ller att den klarar belastningen utan att b\u00f6jas. Gummif\u00f6tter (eller l\u00e5sbara hjul) ser till att enheten st\u00e5r stilla n\u00e4r du lastar eller lossar. Den f\u00f6rvandlar en utspridd h\u00f6g med vikter och st\u00e4nger till ett prydligt, b\u00e4rbart, professionellt styrkebibliotek.<\/p>\n<h3>1. F\u00f6rvaring av komplett upps\u00e4ttning (tallrikar + 2 st\u00e4nger)<\/h3>\n<p>Detta \u00e4r en allt-i-ett-\u00f6. Den rymmer en stor m\u00e4ngd viktskivor och har tv\u00e5 s\u00e4rskilda hylsor f\u00f6r olympiska skivst\u00e4nger. Detta inneb\u00e4r att hela din lyftutrustning - skivst\u00e4nger och vikter - h\u00e5lls samlade. Den \u00e4r helt golvfri, vilket maximerar tr\u00e4ningsutrymmet och s\u00e4kerheten.<\/p>\n<h3>2. Mobilitet f\u00f6r tunga fordon<\/h3>\n<p>Integreringen av hjul skiljer detta fr\u00e5n ett vanligt tr\u00e4d. M\u00f6jligheten att rulla dina vikter till st\u00e4llningen eller b\u00e4nkpressen \u00e4r en lyx som sparar tid och anstr\u00e4ngning. Hjulen \u00e4r kraftiga f\u00f6r att klara lastkapaciteten p\u00e5 454 kg och glider smidigt \u00f6ver gymgolv av gummi.<\/p>\n<h3>3. H\u00f6g lastkapacitet (454 kg)<\/h3>\n<p>Det h\u00e4r st\u00e4llet \u00e4r byggt f\u00f6r tungviktare. Med en kapacitet p\u00e5 n\u00e4stan 1000 lbs kan det rymma flera upps\u00e4ttningar 25 kg plattor. De svetsade vikthornen \u00e4r vinklade eller f\u00f6rsedda med lock f\u00f6r att f\u00f6rhindra att plattorna glider av under r\u00f6relse. Den strukturella integriteten \u00e4r av kommersiell kvalitet.<\/p>\n<h3>4. Konstruktion med justerbart avst\u00e5nd<\/h3>\n<p>I beskrivningen st\u00e5r det \u201cplacering... kan justeras\u201d (eller s\u00e5 inneb\u00e4r det optimalt avst\u00e5nd). Layouten f\u00f6rhindrar att \u201cplattan fastnar\u201d, dvs. att man inte kan ta av en 10 kg-platta eftersom 20 kg-plattan under den \u00e4r f\u00f6r n\u00e4ra. Det g\u00f6r det enkelt att komma \u00e5t varje viktsteg.<\/p>\n<h3>5. Halsband &amp; tillbeh\u00f6rsbas<\/h3>\n<p>Basen fungerar ofta som en bricka eller har s\u00e4rskilda stift f\u00f6r kragar. Denna lilla detalj f\u00f6rhindrar frustrationen \u00f6ver att tappa bort clips. Att ha allt i en mobil enhet effektiviserar arbetsfl\u00f6det p\u00e5 gymmet och s\u00e4kerst\u00e4ller att du har allt du beh\u00f6ver f\u00f6r att b\u00f6rja lyfta omedelbart.<\/p>\n<h3>Vem \u00e4r detta till f\u00f6r?<\/h3>\n<ul style=\"list-style-position: inside; padding-left: 0;\">\n<li>\u00c4gare av hemmagym som beh\u00f6ver flexibel lokalhantering.<\/li>\n<li>Kommersiella gym skapar mobila kn\u00e4b\u00f6jsstationer.<\/li>\n<li>Tr\u00e4nare som beh\u00f6ver flytta utrustning mellan olika kunder.<\/li>\n<li>Lyftare med flera skivst\u00e4nger och tunga plattor.<\/li>\n<li>Alla som vill ha en prydlig allt-i-ett-f\u00f6rvaringsl\u00f6sning.<\/li>\n<\/ul>\n<h3>Produktspecifikationer<\/h3>\n<table border=\"1\" width=\"100%\" cellspacing=\"0\" cellpadding=\"5\">\n<tbody>\n<tr>\n<td><strong>Modell<\/strong><\/td>\n<td>F12BC001<\/td>\n<\/tr>\n<tr>\n<td><strong>Typ<\/strong><\/td>\n<td>Mobilt plattr\u00e4d<\/td>\n<\/tr>\n<tr>\n<td><strong>Kapacitet<\/strong><\/td>\n<td>454 kg \/ 1000 lbs<\/td>\n<\/tr>\n<tr>\n<td><strong>F\u00f6rvaring<\/strong><\/td>\n<td>Plattor + 2 skivst\u00e4nger<\/td>\n<\/tr>\n<tr>\n<td><strong>R\u00f6rlighet<\/strong><\/td>\n<td>Kraftiga hjul<\/td>\n<\/tr>\n<\/tbody>\n<\/table>","protected":false},"excerpt":{"rendered":"<p>V.ETA Plate Rack fr\u00e5n Alex Athletics \u00e4r den ultimata mobila f\u00f6rvaringsstationen f\u00f6r din skivst\u00e5ngssats. Med plats f\u00f6r 454 kg (1000 lbs) viktskivor och tv\u00e5 olympiska st\u00e4nger, rensar detta kraftiga st\u00e5ltr\u00e4d ditt golv och organiserar din utrustning. Det \u00e4r utrustat med robusta hjul s\u00e5 att du enkelt kan transportera hela utrustningen \u00f6ver hela gymmet. Med optimerade avst\u00e5nd f\u00f6r enkel \u00e5tkomst och en slitstark pulverlackerad yta \u00e4r det den perfekta utrymmesbesparande l\u00f6sningen f\u00f6r hemmagym och kommersiella gym.<\/p>","protected":false},"featured_media":3421,"comment_status":"open","ping_status":"closed","template":"","meta":{"inline_featured_image":false,"site-sidebar-layout":"default","site-content-layout":"","ast-site-content-layout":"default","site-content-style":"default","site-sidebar-style":"default","ast-global-header-display":"","ast-banner-title-visibility":"","ast-main-header-display":"","ast-hfb-above-header-display":"","ast-hfb-below-header-display":"","ast-hfb-mobile-header-display":"","site-post-title":"","ast-breadcrumbs-content":"","ast-featured-img":"","footer-sml-layout":"","ast-disable-related-posts":"","theme-transparent-header-meta":"default","adv-header-id-meta":"","stick-header-meta":"default","header-above-stick-meta":"","header-main-stick-meta":"","header-below-stick-meta":"","astra-migrate-meta-layouts":"set","ast-page-background-enabled":"default","ast-page-background-meta":{"desktop":{"background-color":"","background-image":"","background-repeat":"repeat","background-position":"center center","background-size":"auto","background-attachment":"scroll","background-type":"","background-media":"","overlay-type":"","overlay-color":"","overlay-opacity":"","overlay-gradient":""},"tablet":{"background-color":"","background-image":"","background-repeat":"repeat","background-position":"center center","background-size":"auto","background-attachment":"scroll","background-type":"","background-media":"","overlay-type":"","overlay-color":"","overlay-opacity":"","overlay-gradient":""},"mobile":{"background-color":"","background-image":"","background-repeat":"repeat","background-position":"center center","background-size":"auto","background-attachment":"scroll","background-type":"","background-media":"","overlay-type":"","overlay-color":"","overlay-opacity":"","overlay-gradient":""}},"ast-content-background-meta":{"desktop":{"background-color":"var(--ast-global-color-5)","background-image":"","background-repeat":"repeat","background-position":"center center","background-size":"auto","background-attachment":"scroll","background-type":"","background-media":"","overlay-type":"","overlay-color":"","overlay-opacity":"","overlay-gradient":""},"tablet":{"background-color":"var(--ast-global-color-5)","background-image":"","background-repeat":"repeat","background-position":"center center","background-size":"auto","background-attachment":"scroll","background-type":"","background-media":"","overlay-type":"","overlay-color":"","overlay-opacity":"","overlay-gradient":""},"mobile":{"background-color":"var(--ast-global-color-5)","background-image":"","background-repeat":"repeat","background-position":"center center","background-size":"auto","background-attachment":"scroll","background-type":"","background-media":"","overlay-type":"","overlay-color":"","overlay-opacity":"","overlay-gradient":""}}},"product_brand":[],"product_cat":[55],"product_tag":[63],"class_list":{"0":"post-2964","1":"product","2":"type-product","3":"status-publish","4":"has-post-thumbnail","6":"product_cat-free-weight-training","7":"product_tag-rack-storage","8":"desktop-align-left","9":"tablet-align-left","10":"mobile-align-left","12":"first","13":"instock","14":"shipping-taxable","15":"purchasable","16":"product-type-simple"},"_links":{"self":[{"href":"https:\/\/alexathletics1982.com\/sv\/wp-json\/wp\/v2\/product\/2964","targetHints":{"allow":["GET"]}}],"collection":[{"href":"https:\/\/alexathletics1982.com\/sv\/wp-json\/wp\/v2\/product"}],"about":[{"href":"https:\/\/alexathletics1982.com\/sv\/wp-json\/wp\/v2\/types\/product"}],"replies":[{"embeddable":true,"href":"https:\/\/alexathletics1982.com\/sv\/wp-json\/wp\/v2\/comments?post=2964"}],"wp:featuredmedia":[{"embeddable":true,"href":"https:\/\/alexathletics1982.com\/sv\/wp-json\/wp\/v2\/media\/3421"}],"wp:attachment":[{"href":"https:\/\/alexathletics1982.com\/sv\/wp-json\/wp\/v2\/media?parent=2964"}],"wp:term":[{"taxonomy":"product_brand","embeddable":true,"href":"https:\/\/alexathletics1982.com\/sv\/wp-json\/wp\/v2\/product_brand?post=2964"},{"taxonomy":"product_cat","embeddable":true,"href":"https:\/\/alexathletics1982.com\/sv\/wp-json\/wp\/v2\/product_cat?post=2964"},{"taxonomy":"product_tag","embeddable":true,"href":"https:\/\/alexathletics1982.com\/sv\/wp-json\/wp\/v2\/product_tag?post=2964"}],"curies":[{"name":"wp","href":"https:\/\/api.w.org\/{rel}","templated":true}]}}