{"id":2967,"date":"2026-01-23T20:21:02","date_gmt":"2026-01-23T12:21:02","guid":{"rendered":"https:\/\/alexathletics1982.com\/?post_type=product&#038;p=2967"},"modified":"2026-04-08T11:13:19","modified_gmt":"2026-04-08T03:13:19","slug":"stangstall-r1","status":"publish","type":"product","link":"https:\/\/alexathletics1982.com\/sv\/bar-rack-r1\/","title":{"rendered":"Bar Rack - R1"},"content":{"rendered":"<h2>Horisontell tillg\u00e4nglighet: Det dubbelsidiga st\u00e5ngst\u00e4llet (R1)<\/h2>\n<p>F\u00f6r anl\u00e4ggningar med stort v\u00e4ggutrymme eller f\u00f6r dem som f\u00f6redrar enkel horisontell \u00e5tkomst \u00e4r Bar Rack - R1 det b\u00e4sta valet f\u00f6r f\u00f6rvaring. Till skillnad fr\u00e5n vertikala r\u00f6r d\u00e4r du m\u00e5ste lyfta st\u00e5ngen rakt upp, kan du med detta rack st\u00e4lla in och ta ut st\u00e4nger horisontellt, liknande ett vapenst\u00e4ll. Denna \u201csidoladdningsdesign\u201d \u00e4r ofta enklare f\u00f6r kortare atleter eller f\u00f6r tyngre specialst\u00e4nger. R1 \u00e4r en frist\u00e5ende, dubbelsidig enhet som kan h\u00e5lla 8 st\u00e4nger (4 p\u00e5 varje sida) p\u00e5 ett s\u00e4kert och organiserat s\u00e4tt. Den dubbelsidiga \u00e5tkomsten g\u00f6r den perfekt att placera i mitten av ett rum eller mellan lyftplattformar, s\u00e5 att flera atleter kan ta st\u00e4nger samtidigt utan tr\u00e4ngsel.<\/p>\n<p>H\u00e5llbarhet \u00e4r k\u00e4rnan i R1:s design. Den \u00e4r konstruerad av kraftiga fyrkantiga st\u00e5lr\u00f6r (50 x 75 x 3 mm) och \u00e4r som en tank. Ramen \u00e4r styv och stabil, utformad f\u00f6r att h\u00e5lla inte bara vanliga olympiska st\u00e4nger utan \u00e4ven tunga specialst\u00e4nger som Safety Squat Bars eller Cambered Bars som kanske inte passar i vertikala h\u00e5llare. Krokarna \u00e4r fodrade med skyddande material (vanligtvis plast- eller gummiinsatser) f\u00f6r att s\u00e4kerst\u00e4lla att r\u00e4fflorna p\u00e5 dina st\u00e4nger aldrig \u00e4r metall-mot-metall. Med en h\u00f6jd p\u00e5 n\u00e4stan 1,6 meter visar den din samling p\u00e5 ett framtr\u00e4dande s\u00e4tt och g\u00f6r din utrustning till ett visuellt inslag i gymmet. Den kr\u00e4ver ingen installation eller bultning och erbjuder omedelbar organisation med h\u00f6g kapacitet.<\/p>\n<h3>1. Enkel horisontell \u00e5tkomst<\/h3>\n<p>Att lyfta en 20 kg tung st\u00e5ng vertikalt ur ett r\u00f6r kan vara sv\u00e5rt f\u00f6r vissa anv\u00e4ndare, s\u00e4rskilt om det \u00e4r l\u00e5gt i tak. Den horisontella designen g\u00f6r att du kan lyfta st\u00e5ngen fr\u00e5n krokarna utan anstr\u00e4ngning. Det \u00e4r det mest ergonomiska s\u00e4ttet att komma \u00e5t tung utrustning. Det niv\u00e5indelade avst\u00e5ndet s\u00e4kerst\u00e4ller att det finns tillr\u00e4ckligt med utrymme mellan st\u00e4ngerna f\u00f6r att greppa dem utan att kl\u00e4mma fingrarna.<\/p>\n<h3>2. Dubbelsidig h\u00f6g kapacitet<\/h3>\n<p>F\u00f6rvaring av 8 st\u00e4nger i en enhet \u00e4r effektivt. A-ramkonstruktionen utnyttjar b\u00e5da sidorna, vilket f\u00f6rdubblar f\u00f6rvaringsdensiteten. Detta g\u00f6r den idealisk f\u00f6r att dela upp tr\u00e4ningszoner eller skapa ett centralt \u201cskivst\u00e5ngsbibliotek\u201d i en stor anl\u00e4ggning. Det h\u00e5ller gymgolvet fritt och s\u00e4kert.<\/p>\n<h3>3. Passar specialst\u00e4nger<\/h3>\n<p>Vertikala rack har problem med specialst\u00e4nger som har tjocka kuddar eller konstiga geometrier (som Trap Bars eller SSBs). De horisontella krokarna p\u00e5 R1 passar n\u00e4stan alla st\u00e5ngformer. Du kan h\u00e4nga en Swiss Bar eller en Buffalo Bar s\u00e4kert, vilket g\u00f6r det till det mest m\u00e5ngsidiga racket f\u00f6r styrkelyftsgym.<\/p>\n<h3>4. Kraftig frist\u00e5ende ram<\/h3>\n<p>Ingen borrning kr\u00e4vs. R1 \u00e4r en rej\u00e4l, frist\u00e5ende enhet. Dess breda bas och tunga st\u00e5lkonstruktion (36 kg nettovikt) g\u00f6r att den inte kan v\u00e4lta. Den \u00e4r klar att anv\u00e4ndas direkt efter montering och kan flyttas om du \u00e4ndrar layouten p\u00e5 ditt gym.<\/p>\n<h3>5. Knurl-skydd<\/h3>\n<p>Kontaktpunkterna \u00e4r utformade f\u00f6r att skydda dina st\u00e4nger. Genom att axeln (eller den inre hylsan) vilar p\u00e5 krokarna skyddas den aggressiva r\u00e4fflingen fr\u00e5n att slipas mot andra metallytor. Detta bevarar \u201cbettet\u201d i dina t\u00e4vlingsst\u00e4nger och g\u00f6r att de ser of\u00f6rst\u00f6rda ut.<\/p>\n<h3>Vem \u00e4r detta till f\u00f6r?<\/h3>\n<ul style=\"list-style-position: inside; padding-left: 0;\">\n<li>Styrkelyftsgym med m\u00e5nga specialiserade barer.<\/li>\n<li>Kommersiella anl\u00e4ggningar som vill ha ett centralt \u00f6-st\u00e4ll.<\/li>\n<li>Anv\u00e4ndare med l\u00e5gt i tak d\u00e4r vertikal f\u00f6rvaring \u00e4r om\u00f6jlig.<\/li>\n<li>Idrottare som tycker att vertikala st\u00e4llningar \u00e4r sv\u00e5ra att anv\u00e4nda.<\/li>\n<li>Gym\u00e4gare som visar upp en premiumkollektion av barer.<\/li>\n<\/ul>\n<h3>Produktspecifikationer<\/h3>\n<table border=\"1\" width=\"100%\" cellspacing=\"0\" cellpadding=\"5\">\n<tbody>\n<tr>\n<td><strong>Modell<\/strong><\/td>\n<td>F12AC001<\/td>\n<\/tr>\n<tr>\n<td><strong>Kapacitet<\/strong><\/td>\n<td>8 st\u00e4nger (4 per sida)<\/td>\n<\/tr>\n<tr>\n<td><strong>M\u00e5tt och dimensioner<\/strong><\/td>\n<td>L 1250 x B 435 x H 1572 mm<\/td>\n<\/tr>\n<tr>\n<td><strong>Material<\/strong><\/td>\n<td>Fyrkantigt st\u00e5lr\u00f6r (50x75x3mm)<\/td>\n<\/tr>\n<tr>\n<td><strong>Funktion<\/strong><\/td>\n<td>Horisontell lagring, dubbelsidig<\/td>\n<\/tr>\n<\/tbody>\n<\/table>","protected":false},"excerpt":{"rendered":"<p>Bar Rack - R1 fr\u00e5n Alex Athletics erbjuder professionell, horisontell f\u00f6rvaring av 8 skivst\u00e4nger. Dess frist\u00e5ende, dubbelsidiga A-ramdesign g\u00f6r det enkelt att komma \u00e5t fr\u00e5n b\u00e5da sidor, vilket g\u00f6r det idealiskt f\u00f6r placering mitt p\u00e5 golvet. Byggd av kraftigt st\u00e5l, h\u00e5ller den s\u00e4kert standard olympiska st\u00e4nger s\u00e5v\u00e4l som besv\u00e4rliga specialst\u00e4nger som inte passar i vertikala st\u00e4llningar. Med skyddande krokar f\u00f6r att spara din knurling och ingen v\u00e4gginstallation kr\u00e4vs, \u00e4r det den m\u00e5ngsidiga, ergonomiska l\u00f6sningen f\u00f6r att organisera en seri\u00f6s skivst\u00e5ngssamling.<\/p>","protected":false},"featured_media":3453,"comment_status":"open","ping_status":"closed","template":"","meta":{"inline_featured_image":false,"site-sidebar-layout":"default","site-content-layout":"","ast-site-content-layout":"default","site-content-style":"default","site-sidebar-style":"default","ast-global-header-display":"","ast-banner-title-visibility":"","ast-main-header-display":"","ast-hfb-above-header-display":"","ast-hfb-below-header-display":"","ast-hfb-mobile-header-display":"","site-post-title":"","ast-breadcrumbs-content":"","ast-featured-img":"","footer-sml-layout":"","ast-disable-related-posts":"","theme-transparent-header-meta":"default","adv-header-id-meta":"","stick-header-meta":"default","header-above-stick-meta":"","header-main-stick-meta":"","header-below-stick-meta":"","astra-migrate-meta-layouts":"set","ast-page-background-enabled":"default","ast-page-background-meta":{"desktop":{"background-color":"","background-image":"","background-repeat":"repeat","background-position":"center center","background-size":"auto","background-attachment":"scroll","background-type":"","background-media":"","overlay-type":"","overlay-color":"","overlay-opacity":"","overlay-gradient":""},"tablet":{"background-color":"","background-image":"","background-repeat":"repeat","background-position":"center center","background-size":"auto","background-attachment":"scroll","background-type":"","background-media":"","overlay-type":"","overlay-color":"","overlay-opacity":"","overlay-gradient":""},"mobile":{"background-color":"","background-image":"","background-repeat":"repeat","background-position":"center center","background-size":"auto","background-attachment":"scroll","background-type":"","background-media":"","overlay-type":"","overlay-color":"","overlay-opacity":"","overlay-gradient":""}},"ast-content-background-meta":{"desktop":{"background-color":"var(--ast-global-color-5)","background-image":"","background-repeat":"repeat","background-position":"center center","background-size":"auto","background-attachment":"scroll","background-type":"","background-media":"","overlay-type":"","overlay-color":"","overlay-opacity":"","overlay-gradient":""},"tablet":{"background-color":"var(--ast-global-color-5)","background-image":"","background-repeat":"repeat","background-position":"center center","background-size":"auto","background-attachment":"scroll","background-type":"","background-media":"","overlay-type":"","overlay-color":"","overlay-opacity":"","overlay-gradient":""},"mobile":{"background-color":"var(--ast-global-color-5)","background-image":"","background-repeat":"repeat","background-position":"center center","background-size":"auto","background-attachment":"scroll","background-type":"","background-media":"","overlay-type":"","overlay-color":"","overlay-opacity":"","overlay-gradient":""}}},"product_brand":[],"product_cat":[55],"product_tag":[63],"class_list":{"0":"post-2967","1":"product","2":"type-product","3":"status-publish","4":"has-post-thumbnail","6":"product_cat-free-weight-training","7":"product_tag-rack-storage","8":"desktop-align-left","9":"tablet-align-left","10":"mobile-align-left","12":"first","13":"instock","14":"shipping-taxable","15":"purchasable","16":"product-type-simple"},"_links":{"self":[{"href":"https:\/\/alexathletics1982.com\/sv\/wp-json\/wp\/v2\/product\/2967","targetHints":{"allow":["GET"]}}],"collection":[{"href":"https:\/\/alexathletics1982.com\/sv\/wp-json\/wp\/v2\/product"}],"about":[{"href":"https:\/\/alexathletics1982.com\/sv\/wp-json\/wp\/v2\/types\/product"}],"replies":[{"embeddable":true,"href":"https:\/\/alexathletics1982.com\/sv\/wp-json\/wp\/v2\/comments?post=2967"}],"wp:featuredmedia":[{"embeddable":true,"href":"https:\/\/alexathletics1982.com\/sv\/wp-json\/wp\/v2\/media\/3453"}],"wp:attachment":[{"href":"https:\/\/alexathletics1982.com\/sv\/wp-json\/wp\/v2\/media?parent=2967"}],"wp:term":[{"taxonomy":"product_brand","embeddable":true,"href":"https:\/\/alexathletics1982.com\/sv\/wp-json\/wp\/v2\/product_brand?post=2967"},{"taxonomy":"product_cat","embeddable":true,"href":"https:\/\/alexathletics1982.com\/sv\/wp-json\/wp\/v2\/product_cat?post=2967"},{"taxonomy":"product_tag","embeddable":true,"href":"https:\/\/alexathletics1982.com\/sv\/wp-json\/wp\/v2\/product_tag?post=2967"}],"curies":[{"name":"wp","href":"https:\/\/api.w.org\/{rel}","templated":true}]}}