{"id":3839,"date":"2026-04-10T21:07:43","date_gmt":"2026-04-10T13:07:43","guid":{"rendered":"https:\/\/alexathletics1982.com\/?post_type=product&#038;p=3839"},"modified":"2026-04-17T22:15:37","modified_gmt":"2026-04-17T14:15:37","slug":"power-strider-xc2","status":"publish","type":"product","link":"https:\/\/alexathletics1982.com\/sv\/power-strider-xc2\/","title":{"rendered":"Power Strider XC2"},"content":{"rendered":"<div class=\"ast-oembed-container\" style=\"height: 100%;\"><iframe title=\"POWER STRIDER XC2\" width=\"500\" height=\"281\" src=\"https:\/\/www.youtube.com\/embed\/zfenkYAfFfE?feature=oembed\" frameborder=\"0\" allow=\"accelerometer; autoplay; clipboard-write; encrypted-media; gyroscope; picture-in-picture; web-share\" referrerpolicy=\"strict-origin-when-cross-origin\" allowfullscreen><\/iframe><\/div>\n<h2><img fetchpriority=\"high\" decoding=\"async\" class=\"alignnone wp-image-3828 size-full\" src=\"https:\/\/alexathletics1982.com\/wp-content\/uploads\/2026\/04\/XC2_\u4fee_01.webp\" alt=\"\" width=\"1600\" height=\"1938\" title=\"\" srcset=\"https:\/\/alexathletics1982.com\/wp-content\/uploads\/2026\/04\/XC2_\u4fee_01.webp 1600w, https:\/\/alexathletics1982.com\/wp-content\/uploads\/2026\/04\/XC2_\u4fee_01-248x300.webp 248w, https:\/\/alexathletics1982.com\/wp-content\/uploads\/2026\/04\/XC2_\u4fee_01-845x1024.webp 845w, https:\/\/alexathletics1982.com\/wp-content\/uploads\/2026\/04\/XC2_\u4fee_01-768x930.webp 768w, https:\/\/alexathletics1982.com\/wp-content\/uploads\/2026\/04\/XC2_\u4fee_01-1268x1536.webp 1268w, https:\/\/alexathletics1982.com\/wp-content\/uploads\/2026\/04\/XC2_\u4fee_01-600x727.webp 600w\" sizes=\"(max-width: 1600px) 100vw, 1600px\" \/> <img decoding=\"async\" class=\"alignnone wp-image-3834 size-full\" src=\"https:\/\/alexathletics1982.com\/wp-content\/uploads\/2026\/04\/XC2_\u4fee_07.webp\" alt=\"\" width=\"1600\" height=\"979\" title=\"\" srcset=\"https:\/\/alexathletics1982.com\/wp-content\/uploads\/2026\/04\/XC2_\u4fee_07.webp 1600w, https:\/\/alexathletics1982.com\/wp-content\/uploads\/2026\/04\/XC2_\u4fee_07-300x184.webp 300w, https:\/\/alexathletics1982.com\/wp-content\/uploads\/2026\/04\/XC2_\u4fee_07-1024x627.webp 1024w, https:\/\/alexathletics1982.com\/wp-content\/uploads\/2026\/04\/XC2_\u4fee_07-768x470.webp 768w, https:\/\/alexathletics1982.com\/wp-content\/uploads\/2026\/04\/XC2_\u4fee_07-1536x940.webp 1536w, https:\/\/alexathletics1982.com\/wp-content\/uploads\/2026\/04\/XC2_\u4fee_07-600x367.webp 600w\" sizes=\"(max-width: 1600px) 100vw, 1600px\" \/> <img decoding=\"async\" class=\"alignnone wp-image-3833 size-full\" src=\"https:\/\/alexathletics1982.com\/wp-content\/uploads\/2026\/04\/XC2_\u4fee_06.webp\" alt=\"\" width=\"1600\" height=\"979\" title=\"\" srcset=\"https:\/\/alexathletics1982.com\/wp-content\/uploads\/2026\/04\/XC2_\u4fee_06.webp 1600w, https:\/\/alexathletics1982.com\/wp-content\/uploads\/2026\/04\/XC2_\u4fee_06-300x184.webp 300w, https:\/\/alexathletics1982.com\/wp-content\/uploads\/2026\/04\/XC2_\u4fee_06-1024x627.webp 1024w, https:\/\/alexathletics1982.com\/wp-content\/uploads\/2026\/04\/XC2_\u4fee_06-768x470.webp 768w, https:\/\/alexathletics1982.com\/wp-content\/uploads\/2026\/04\/XC2_\u4fee_06-1536x940.webp 1536w, https:\/\/alexathletics1982.com\/wp-content\/uploads\/2026\/04\/XC2_\u4fee_06-600x367.webp 600w\" sizes=\"(max-width: 1600px) 100vw, 1600px\" \/> <img loading=\"lazy\" decoding=\"async\" class=\"alignnone wp-image-3832 size-full\" src=\"https:\/\/alexathletics1982.com\/wp-content\/uploads\/2026\/04\/XC2_\u4fee_05.webp\" alt=\"\" width=\"1600\" height=\"1344\" title=\"\" srcset=\"https:\/\/alexathletics1982.com\/wp-content\/uploads\/2026\/04\/XC2_\u4fee_05.webp 1600w, https:\/\/alexathletics1982.com\/wp-content\/uploads\/2026\/04\/XC2_\u4fee_05-300x252.webp 300w, https:\/\/alexathletics1982.com\/wp-content\/uploads\/2026\/04\/XC2_\u4fee_05-1024x860.webp 1024w, https:\/\/alexathletics1982.com\/wp-content\/uploads\/2026\/04\/XC2_\u4fee_05-768x645.webp 768w, https:\/\/alexathletics1982.com\/wp-content\/uploads\/2026\/04\/XC2_\u4fee_05-1536x1290.webp 1536w, https:\/\/alexathletics1982.com\/wp-content\/uploads\/2026\/04\/XC2_\u4fee_05-600x504.webp 600w\" sizes=\"(max-width: 1600px) 100vw, 1600px\" \/> <img loading=\"lazy\" decoding=\"async\" class=\"alignnone wp-image-3831 size-full\" src=\"https:\/\/alexathletics1982.com\/wp-content\/uploads\/2026\/04\/XC2_\u4fee_04.webp\" alt=\"\" width=\"1600\" height=\"1104\" title=\"\" srcset=\"https:\/\/alexathletics1982.com\/wp-content\/uploads\/2026\/04\/XC2_\u4fee_04.webp 1600w, https:\/\/alexathletics1982.com\/wp-content\/uploads\/2026\/04\/XC2_\u4fee_04-300x207.webp 300w, https:\/\/alexathletics1982.com\/wp-content\/uploads\/2026\/04\/XC2_\u4fee_04-1024x707.webp 1024w, https:\/\/alexathletics1982.com\/wp-content\/uploads\/2026\/04\/XC2_\u4fee_04-768x530.webp 768w, https:\/\/alexathletics1982.com\/wp-content\/uploads\/2026\/04\/XC2_\u4fee_04-1536x1060.webp 1536w, https:\/\/alexathletics1982.com\/wp-content\/uploads\/2026\/04\/XC2_\u4fee_04-600x414.webp 600w\" sizes=\"(max-width: 1600px) 100vw, 1600px\" \/> <img loading=\"lazy\" decoding=\"async\" class=\"alignnone wp-image-3830 size-full\" src=\"https:\/\/alexathletics1982.com\/wp-content\/uploads\/2026\/04\/XC2_\u4fee_03.webp\" alt=\"\" width=\"1600\" height=\"1451\" title=\"\" srcset=\"https:\/\/alexathletics1982.com\/wp-content\/uploads\/2026\/04\/XC2_\u4fee_03.webp 1600w, https:\/\/alexathletics1982.com\/wp-content\/uploads\/2026\/04\/XC2_\u4fee_03-300x272.webp 300w, https:\/\/alexathletics1982.com\/wp-content\/uploads\/2026\/04\/XC2_\u4fee_03-1024x929.webp 1024w, https:\/\/alexathletics1982.com\/wp-content\/uploads\/2026\/04\/XC2_\u4fee_03-768x696.webp 768w, https:\/\/alexathletics1982.com\/wp-content\/uploads\/2026\/04\/XC2_\u4fee_03-1536x1393.webp 1536w, https:\/\/alexathletics1982.com\/wp-content\/uploads\/2026\/04\/XC2_\u4fee_03-600x544.webp 600w\" sizes=\"(max-width: 1600px) 100vw, 1600px\" \/> <img loading=\"lazy\" decoding=\"async\" class=\"alignnone wp-image-3829 size-full\" src=\"https:\/\/alexathletics1982.com\/wp-content\/uploads\/2026\/04\/XC2_\u4fee_02.webp\" alt=\"\" width=\"1600\" height=\"2012\" title=\"\" srcset=\"https:\/\/alexathletics1982.com\/wp-content\/uploads\/2026\/04\/XC2_\u4fee_02.webp 1600w, https:\/\/alexathletics1982.com\/wp-content\/uploads\/2026\/04\/XC2_\u4fee_02-239x300.webp 239w, https:\/\/alexathletics1982.com\/wp-content\/uploads\/2026\/04\/XC2_\u4fee_02-814x1024.webp 814w, https:\/\/alexathletics1982.com\/wp-content\/uploads\/2026\/04\/XC2_\u4fee_02-768x966.webp 768w, https:\/\/alexathletics1982.com\/wp-content\/uploads\/2026\/04\/XC2_\u4fee_02-1221x1536.webp 1221w, https:\/\/alexathletics1982.com\/wp-content\/uploads\/2026\/04\/XC2_\u4fee_02-600x755.webp 600w\" sizes=\"(max-width: 1600px) 100vw, 1600px\" \/><\/h2>\n<h2>F\u00f6rtroende i r\u00f6relse: Power Strider XC2<\/h2>\n<p>Power Strider XC2 fr\u00e5n Alexandave Industries Ltd \u00e4r ett revolutionerande multi-mode kontrollerat l\u00f6pband som \u00e4r konstruerat f\u00f6r att f\u00f6rena biomekanisk precision med adaptiv m\u00e5ngsidighet. Det \u00e4r s\u00e4rskilt utformat f\u00f6r idrottare, sjukgymnaster och rehabiliteringsspecialister och ger o\u00f6vertr\u00e4ffad kontroll \u00f6ver r\u00f6relsemekaniken. Genom att kombinera fram\u00e5tdrivning, omv\u00e4nd excentrisk kontroll och ett avancerat pneumatiskt upph\u00e4ngningssystem i en adaptiv plattform omdefinierar XC2 m\u00f6jligheterna till l\u00f6pbandsbaserad prestations- och rehabiliteringstr\u00e4ning. Oavsett om du \u00e5terh\u00e4mtar dig efter en operation eller tr\u00e4nar f\u00f6r explosiv kraft p\u00e5 elitniv\u00e5 anpassar sig detta l\u00f6pband till anv\u00e4ndarens exakta kliniska och idrottsliga behov.<\/p>\n<p>S\u00e4kerhet och tillg\u00e4nglighet st\u00e5r i f\u00f6rgrunden f\u00f6r XC2:s design. Den har en extremt l\u00e5g starthastighet p\u00e5 0,1 km\/h, vilket m\u00f6jligg\u00f6r en j\u00e4mn och kontrollerad r\u00f6relseinitiering som minimerar fallrisken f\u00f6r utsatta patienter. Integreringen av en sele med pneumatisk upph\u00e4ngning ger upp till 35 kg justerbar kroppsviktsreduktion, vilket minskar ledbelastningen och f\u00f6rb\u00e4ttrar h\u00e5llningsstabiliteten under multidirektionella r\u00f6relser. Med ett extra brett 56 cm l\u00f6pb\u00e4lte, f\u00f6rl\u00e4ngda ledst\u00e4nger och en design med \u00f6ppen sida f\u00f6r enkel \u00e5tkomst f\u00f6r tr\u00e4nare ger den en s\u00e4ker och f\u00f6rtroendeingivande milj\u00f6 f\u00f6r b\u00e5de patient och ut\u00f6vare.<\/p>\n<h3>1. Multi-Mode drivsystem<\/h3>\n<p>XC2 \u00e4r inte ett vanligt l\u00f6pband. Det har ett dubbelriktat drivsystem som m\u00f6jligg\u00f6r aerobisk l\u00f6pning fram\u00e5t och excentrisk tr\u00e4ning bak\u00e5t. Det mest imponerande \u00e4r att den har ett s\u00e4rskilt PUSH-l\u00e4ge som simulerar framdrivning med tung sl\u00e4de. Detta g\u00f6r det m\u00f6jligt f\u00f6r idrottare att bygga upp explosiv styrka i underkroppen och acceleration p\u00e5 ett s\u00e4kert s\u00e4tt inomhus, utan att beh\u00f6va en s\u00e4rskild gr\u00e4sbana.<\/p>\n<h3>2. Utbildning i pneumatisk fj\u00e4dring<\/h3>\n<p>Det integrerade pneumatiska fj\u00e4dringssystemet \u00e4r en game-changer f\u00f6r rehabilitering och h\u00f6gpresterande konditionering. Genom att avlasta upp till 35 kg av anv\u00e4ndarens kroppsvikt m\u00f6jligg\u00f6r det reaktiv r\u00f6relsekontroll med l\u00e5g p\u00e5verkan. Detta m\u00f6jligg\u00f6r ett s\u00e4kert utf\u00f6rande av avancerade r\u00f6relser som h\u00e4ngande retrog\u00e5ng, excentriska reaktionssteg och hopp mot tyngdkraften, vilket \u00f6verbryggar klyftan mellan k\u00e4nslig sjukgymnastik och dynamisk idrottsprestation.<\/p>\n<h3>3. S\u00e4kerhetsfunktioner av klinisk klass<\/h3>\n<p>Ett aktivt skyddssystem i tv\u00e5 lager garanterar absolut s\u00e4kerhet i alla tr\u00e4ningsl\u00e4gen. Detta inkluderar en n\u00f6dstoppsknapp med omedelbar respons och ett avtagbart s\u00e4kerhetskl\u00e4mmsystem som stoppar b\u00e4ltet om anv\u00e4ndaren tappar balansen. Dessutom g\u00f6r de f\u00f6rl\u00e4ngda ledst\u00e4ngerna och den \u00f6ppna sidans arkitektur det m\u00f6jligt f\u00f6r klinisk personal att kliva in och hj\u00e4lpa till med g\u00e5ngtr\u00e4ning p\u00e5 ett smidigt och s\u00e4kert s\u00e4tt.<\/p>\n<h3>4. Multi-direktionell display och feedback<\/h3>\n<p>Konsolen \u00e4r monterad p\u00e5 en justerbar sk\u00e4rm med flera axlar, vilket g\u00f6r det enkelt f\u00f6r terapeuter eller klinisk personal att se och anv\u00e4nda maskinen i st\u00e4llet f\u00f6r att str\u00e4cka sig \u00f6ver patienten. Integrerade kontaktbaserade hj\u00e4rtfrekvenssensorer p\u00e5 de fr\u00e4mre handtagen ger fysiologisk feedback i realtid, vilket m\u00f6jligg\u00f6r exakt intensitetshantering under kardiovaskul\u00e4ra eller \u00e5terh\u00e4mtningsprotokoll.<\/p>\n<h3>5. 6\u00b0 lutning och brett stegyta<\/h3>\n<p>L\u00f6pbandet har en lutning p\u00e5 6\u00b0 (ca 10,5%) f\u00f6r uth\u00e5llighetstr\u00e4ning och styrketr\u00e4ning i uppf\u00f6rsbackar. Det gener\u00f6sa 56 cm breda l\u00f6pbandet ger optimal stabilitet och stegl\u00f6shet och passar lika bra f\u00f6r en rehabiliteringspatients ostadiga, breda g\u00e5ng som f\u00f6r en sprintande atlet med kraftfulla, l\u00e5ngstr\u00e4ckta steg.<\/p>\n<h3>Vem \u00e4r detta till f\u00f6r?<\/h3>\n<ul style=\"list-style-position: inside; padding-left: 0;\">\n<li>Fysioterapikliniker och kliniska rehabiliteringscenter.<\/li>\n<li>Anl\u00e4ggningar f\u00f6r elitidrottsprestationer som tr\u00e4nar explosiv kraft och snabbhet.<\/li>\n<li>Seniorer som beh\u00f6ver s\u00e4ker g\u00e5ng med l\u00e5g belastning och st\u00f6d av kroppsvikten.<\/li>\n<li>Idrottare som beh\u00f6ver dedikerad excentrisk (bak\u00e5t) och push-tr\u00e4ning i sl\u00e4de.<\/li>\n<li>Sjukhus som kr\u00e4ver extremt l\u00e5ga starthastigheter f\u00f6r neurologisk eller postoperativ \u00e5terh\u00e4mtning.<\/li>\n<\/ul>\n<h3>Produktspecifikationer<\/h3>\n<table border=\"1\" width=\"100%\" cellspacing=\"0\" cellpadding=\"5\">\n<tbody>\n<tr>\n<td><strong>Modell<\/strong><\/td>\n<td>H02BB002 (Power Strider XC2)<\/td>\n<\/tr>\n<tr>\n<td><strong>Hastighetsomr\u00e5de<\/strong><\/td>\n<td>Fram\u00e5t 0,1-20 km\/h \/ Bak\u00e5t 0,1-20 km\/h<\/td>\n<\/tr>\n<tr>\n<td><strong>Lutningsintervall<\/strong><\/td>\n<td>0 - 6\u00b0 (ca 10,5%)<\/td>\n<\/tr>\n<tr>\n<td><strong>Avst\u00e4ngning<\/strong><\/td>\n<td>0 - 35 kg Reduktion av karossvikten<\/td>\n<\/tr>\n<tr>\n<td><strong>Storlek p\u00e5 b\u00e4lte<\/strong><\/td>\n<td>56 cm x 156 cm<\/td>\n<\/tr>\n<tr>\n<td><strong>Max anv\u00e4ndarvikt<\/strong><\/td>\n<td>150 kg<\/td>\n<\/tr>\n<\/tbody>\n<\/table>","protected":false},"excerpt":{"rendered":"<p>Power Strider XC2 fr\u00e5n Alexandave Industries Ltd \u00e4r ett revolutionerande multimodalt l\u00f6pband som integrerar biomekanisk precision med ett pneumatiskt upph\u00e4ngningssystem. Det \u00e4r utformat f\u00f6r elitidrottare och klinisk rehabilitering och har l\u00e4gen f\u00f6r fram\u00e5t-, bak\u00e5t- och sl\u00e4de-push samt upp till 35 kg justerbar kroppsviktsreduktion. Med en extremt l\u00e5g starthastighet p\u00e5 0,1 km\/h, ett 56 cm l\u00e5ngt l\u00f6pband och omfattande s\u00e4kerhetsfunktioner ger den o\u00f6vertr\u00e4ffad kontroll f\u00f6r s\u00e4ker, funktionell och explosiv r\u00f6relsetr\u00e4ning.<\/p>","protected":false},"featured_media":3824,"comment_status":"open","ping_status":"closed","template":"","meta":{"inline_featured_image":false,"site-sidebar-layout":"default","site-content-layout":"","ast-site-content-layout":"default","site-content-style":"default","site-sidebar-style":"default","ast-global-header-display":"","ast-banner-title-visibility":"","ast-main-header-display":"","ast-hfb-above-header-display":"","ast-hfb-below-header-display":"","ast-hfb-mobile-header-display":"","site-post-title":"","ast-breadcrumbs-content":"","ast-featured-img":"","footer-sml-layout":"","ast-disable-related-posts":"","theme-transparent-header-meta":"default","adv-header-id-meta":"","stick-header-meta":"default","header-above-stick-meta":"","header-main-stick-meta":"","header-below-stick-meta":"","astra-migrate-meta-layouts":"set","ast-page-background-enabled":"default","ast-page-background-meta":{"desktop":{"background-color":"","background-image":"","background-repeat":"repeat","background-position":"center center","background-size":"auto","background-attachment":"scroll","background-type":"","background-media":"","overlay-type":"","overlay-color":"","overlay-opacity":"","overlay-gradient":""},"tablet":{"background-color":"","background-image":"","background-repeat":"repeat","background-position":"center center","background-size":"auto","background-attachment":"scroll","background-type":"","background-media":"","overlay-type":"","overlay-color":"","overlay-opacity":"","overlay-gradient":""},"mobile":{"background-color":"","background-image":"","background-repeat":"repeat","background-position":"center center","background-size":"auto","background-attachment":"scroll","background-type":"","background-media":"","overlay-type":"","overlay-color":"","overlay-opacity":"","overlay-gradient":""}},"ast-content-background-meta":{"desktop":{"background-color":"var(--ast-global-color-5)","background-image":"","background-repeat":"repeat","background-position":"center center","background-size":"auto","background-attachment":"scroll","background-type":"","background-media":"","overlay-type":"","overlay-color":"","overlay-opacity":"","overlay-gradient":""},"tablet":{"background-color":"var(--ast-global-color-5)","background-image":"","background-repeat":"repeat","background-position":"center center","background-size":"auto","background-attachment":"scroll","background-type":"","background-media":"","overlay-type":"","overlay-color":"","overlay-opacity":"","overlay-gradient":""},"mobile":{"background-color":"var(--ast-global-color-5)","background-image":"","background-repeat":"repeat","background-position":"center center","background-size":"auto","background-attachment":"scroll","background-type":"","background-media":"","overlay-type":"","overlay-color":"","overlay-opacity":"","overlay-gradient":""}}},"product_brand":[],"product_cat":[54],"product_tag":[56],"class_list":{"0":"post-3839","1":"product","2":"type-product","3":"status-publish","4":"has-post-thumbnail","6":"product_cat-strength-equipment","7":"product_tag-functional-equipment","8":"desktop-align-left","9":"tablet-align-left","10":"mobile-align-left","12":"first","13":"instock","14":"shipping-taxable","15":"purchasable","16":"product-type-simple"},"_links":{"self":[{"href":"https:\/\/alexathletics1982.com\/sv\/wp-json\/wp\/v2\/product\/3839","targetHints":{"allow":["GET"]}}],"collection":[{"href":"https:\/\/alexathletics1982.com\/sv\/wp-json\/wp\/v2\/product"}],"about":[{"href":"https:\/\/alexathletics1982.com\/sv\/wp-json\/wp\/v2\/types\/product"}],"replies":[{"embeddable":true,"href":"https:\/\/alexathletics1982.com\/sv\/wp-json\/wp\/v2\/comments?post=3839"}],"wp:featuredmedia":[{"embeddable":true,"href":"https:\/\/alexathletics1982.com\/sv\/wp-json\/wp\/v2\/media\/3824"}],"wp:attachment":[{"href":"https:\/\/alexathletics1982.com\/sv\/wp-json\/wp\/v2\/media?parent=3839"}],"wp:term":[{"taxonomy":"product_brand","embeddable":true,"href":"https:\/\/alexathletics1982.com\/sv\/wp-json\/wp\/v2\/product_brand?post=3839"},{"taxonomy":"product_cat","embeddable":true,"href":"https:\/\/alexathletics1982.com\/sv\/wp-json\/wp\/v2\/product_cat?post=3839"},{"taxonomy":"product_tag","embeddable":true,"href":"https:\/\/alexathletics1982.com\/sv\/wp-json\/wp\/v2\/product_tag?post=3839"}],"curies":[{"name":"wp","href":"https:\/\/api.w.org\/{rel}","templated":true}]}}