{"id":1393,"date":"2025-08-11T12:48:11","date_gmt":"2025-08-11T12:48:11","guid":{"rendered":"https:\/\/alexathletics1982.com\/?page_id=1393"},"modified":"2026-05-05T19:53:33","modified_gmt":"2026-05-05T11:53:33","slug":"cau-hoi-thuong-gap","status":"publish","type":"page","link":"https:\/\/alexathletics1982.com\/vi\/support\/faq\/","title":{"rendered":"C\u00e2u h\u1ecfi th\u01b0\u1eddng g\u1eb7p"},"content":{"rendered":"<div data-elementor-type=\"wp-post\" data-elementor-id=\"1393\" class=\"elementor elementor-1393\" data-elementor-post-type=\"page\">\n\t\t\t\t<div data-particle_enable=\"false\" data-particle-mobile-disabled=\"false\" class=\"elementor-element elementor-element-0770f0c e-flex e-con-boxed e-con e-parent\" data-id=\"0770f0c\" data-element_type=\"container\" data-e-type=\"container\" data-settings=\"{&quot;background_background&quot;:&quot;classic&quot;}\">\n\t\t\t\t\t<div class=\"e-con-inner\">\n\t\t<div data-particle_enable=\"false\" data-particle-mobile-disabled=\"false\" class=\"elementor-element elementor-element-0475e0a e-con-full e-flex e-con e-child\" data-id=\"0475e0a\" data-element_type=\"container\" data-e-type=\"container\">\n\t\t\t\t<div class=\"elementor-element elementor-element-1293f3e elementor-widget elementor-widget-heading\" data-id=\"1293f3e\" data-element_type=\"widget\" data-e-type=\"widget\" data-widget_type=\"heading.default\">\n\t\t\t\t\t\t<div class=\"elementor-widget-container\">\n\t\t\t\t\t<p class=\"elementor-heading-title elementor-size-default\">Ch\u00ednh s\u00e1ch b\u1ea3o h\u00e0nh \u00b7 T\u1ea3i xu\u1ed1ng \u00b7 C\u00e2u h\u1ecfi th\u01b0\u1eddng g\u1eb7p<\/p>\t\t\t\t<\/div>\n\t\t\t\t<\/div>\n\t\t\t\t<div class=\"elementor-element elementor-element-c5919b4 elementor-widget elementor-widget-heading\" data-id=\"c5919b4\" data-element_type=\"widget\" data-e-type=\"widget\" data-widget_type=\"heading.default\">\n\t\t\t\t\t\t<div class=\"elementor-widget-container\">\n\t\t\t\t\t<p class=\"elementor-heading-title elementor-size-default\">C\u00e2u h\u1ecfi th\u01b0\u1eddng g\u1eb7p<\/p>\t\t\t\t<\/div>\n\t\t\t\t<\/div>\n\t\t\t\t<div class=\"elementor-element elementor-element-79401b6 elementor-widget elementor-widget-heading\" data-id=\"79401b6\" data-element_type=\"widget\" data-e-type=\"widget\" data-widget_type=\"heading.default\">\n\t\t\t\t\t\t<div class=\"elementor-widget-container\">\n\t\t\t\t\t<h1 class=\"elementor-heading-title elementor-size-default\">B\u1ea3o h\u00e0nh, t\u00e0i li\u1ec7u t\u1ea3i xu\u1ed1ng v\u00e0 h\u1ed7 tr\u1ee3 cho thi\u1ebft b\u1ecb ph\u00f2ng t\u1eadp th\u1ec3 d\u1ee5c th\u01b0\u01a1ng m\u1ea1i<\/h1>\t\t\t\t<\/div>\n\t\t\t\t<\/div>\n\t\t\t\t<div class=\"elementor-element elementor-element-3e22051 elementor-hidden-mobile elementor-widget elementor-widget-text-editor\" data-id=\"3e22051\" data-element_type=\"widget\" data-e-type=\"widget\" data-widget_type=\"text-editor.default\">\n\t\t\t\t\t\t<div class=\"elementor-widget-container\">\n\t\t\t\t\t\t\t\t\t<p>Xem chi ti\u1ebft ch\u00ednh s\u00e1ch b\u1ea3o h\u00e0nh c\u1ee7a Alex Athletics, t\u1ea3i xu\u1ed1ng danh m\u1ee5c s\u1ea3n ph\u1ea9m v\u00e0 b\u1ea3ng th\u00f4ng s\u1ed1 k\u1ef9 thu\u1eadt, \u0111\u1ed3ng th\u1eddi t\u00ecm c\u00e2u tr\u1ea3 l\u1eddi cho nh\u1eefng th\u1eafc m\u1eafc th\u01b0\u1eddng g\u1eb7p nh\u1ea5t t\u1eeb c\u00e1c nh\u00e0 \u0111i\u1ec1u h\u00e0nh c\u01a1 s\u1edf v\u00e0 \u0111\u1ed1i t\u00e1c ph\u00e2n ph\u1ed1i.<\/p>\t\t\t\t\t\t\t\t<\/div>\n\t\t\t\t<\/div>\n\t\t\t\t<\/div>\n\t\t\t\t\t<\/div>\n\t\t\t\t<\/div>\n\t\t<div data-particle_enable=\"false\" data-particle-mobile-disabled=\"false\" class=\"elementor-element elementor-element-42115ed e-flex e-con-boxed e-con e-parent\" data-id=\"42115ed\" data-element_type=\"container\" data-e-type=\"container\">\n\t\t\t\t\t<div class=\"e-con-inner\">\n\t\t\t\t<div class=\"elementor-element elementor-element-1b40a50 elementor-widget elementor-widget-breadcrumbs\" data-id=\"1b40a50\" data-element_type=\"widget\" data-e-type=\"widget\" data-widget_type=\"breadcrumbs.default\">\n\t\t\t\t\t\t<div class=\"elementor-widget-container\">\n\t\t\t\t\t<nav aria-label=\"d\u1ea5u v\u1ebft\" class=\"rank-math-breadcrumb\"><p><span class=\"last\">Trang ch\u1ee7<\/span><\/p><\/nav>\t\t\t\t<\/div>\n\t\t\t\t<\/div>\n\t\t\t\t\t<\/div>\n\t\t\t\t<\/div>\n\t\t<div data-particle_enable=\"false\" data-particle-mobile-disabled=\"false\" class=\"elementor-element elementor-element-b6892b4 e-flex e-con-boxed e-con e-parent\" data-id=\"b6892b4\" data-element_type=\"container\" data-e-type=\"container\">\n\t\t\t\t\t<div class=\"e-con-inner\">\n\t\t\t\t<div class=\"elementor-element elementor-element-f9278d0 align-at-right uael-faq-box-layout-yes elementor-widget elementor-widget-uael-faq\" data-id=\"f9278d0\" data-element_type=\"widget\" data-e-type=\"widget\" data-widget_type=\"uael-faq.default\">\n\t\t\t\t\t\t<div class=\"elementor-widget-container\">\n\t\t\t\t\t\n\t\t\t<div id='uael-faq-wrapper-261' class=\"uael-faq-wrapper\">\n\t\t\t\t<div class=\"uael-faq-container uael-faq-layout-accordion\" data-layout=\"accordion\" >\n\t\t\t\t\t\t\t\t\t\t\t\t<div id=\"uael-accordion-f54055d\" class=\"uael-faq-accordion\" role=\"tablist\">\n\t\t\t\t\t\t\t\t<div class= \"uael-accordion-title\" aria-expanded=\"false\" role=\"tab\">\n\t\t\t\t\t\t\t\t\t<span class=\"uael-accordion-icon uael-accordion-icon-right\">\n\t\t\t\t\t\t\t\t\t\t<span class=\"uael-accordion-icon-closed\"><i class=\"fas fa-angle-right\"><\/i><\/span>\n\t\t\t\t\t\t\t\t\t\t<span class=\"uael-accordion-icon-opened\"><i class=\"fas fa-angle-up\"><\/i><\/span>\n\t\t\t\t\t\t\t\t\t<\/span>\n\t\t\t\t\t\t\t\t\t<h4 class=\"uael-question-f54055d uael-question-span\" tabindex=\"0\" id=\"uael-faq-1-6a0570d2a2083\">T\u00f4i c\u00f3 th\u1ec3 t\u00ecm th\u00f4ng tin s\u1ea3n ph\u1ea9m v\u00e0 h\u01b0\u1edbng d\u1eabn s\u1eed d\u1ee5ng \u1edf \u0111\u00e2u?<\/h4>\n\t\t\t\t\t\t\t\t<\/div>\n\t\t\t\t\t\t\t\t<div class=\"uael-accordion-content\" role=\"tabpanel\">\n\t\t\t\t\t\t\t\t\t<span>\n\t\t\t\t\t\t\t\t\t<span><p>Th\u00f4ng tin chi ti\u1ebft v\u00e0 h\u01b0\u1edbng d\u1eabn s\u1eed d\u1ee5ng c\u1ee7a s\u1ea3n ph\u1ea9m c\u00f3 th\u1ec3 t\u1ea3i xu\u1ed1ng t\u1ea1i trang gi\u1edbi thi\u1ec7u t\u1eebng s\u1ea3n ph\u1ea9m tr\u00ean alexathletics1982.com. N\u1ebfu qu\u00fd kh\u00e1ch c\u1ea7n th\u00eam th\u00f4ng tin, vui l\u00f2ng g\u1eedi email cho ch\u00fang t\u00f4i theo \u0111\u1ecba ch\u1ec9 <a href=\"mailto:alex1168@alexandave.com\">alex1168@alexandave.com<\/a><\/p><\/span>\t\t\t\t\t\t\t\t\t<\/span>\n\t\t\t\t\t\t\t\t<\/div>\n\t\t\t\t\t\t\t<\/div>\n\t\t\t\t\t\t\t\t\t\t\t\t\t\t<div id=\"uael-accordion-5c2674a\" class=\"uael-faq-accordion\" role=\"tablist\">\n\t\t\t\t\t\t\t\t<div class= \"uael-accordion-title\" aria-expanded=\"false\" role=\"tab\">\n\t\t\t\t\t\t\t\t\t<span class=\"uael-accordion-icon uael-accordion-icon-right\">\n\t\t\t\t\t\t\t\t\t\t<span class=\"uael-accordion-icon-closed\"><i class=\"fas fa-angle-right\"><\/i><\/span>\n\t\t\t\t\t\t\t\t\t\t<span class=\"uael-accordion-icon-opened\"><i class=\"fas fa-angle-up\"><\/i><\/span>\n\t\t\t\t\t\t\t\t\t<\/span>\n\t\t\t\t\t\t\t\t\t<h4 class=\"uael-question-5c2674a uael-question-span\" tabindex=\"0\" id=\"uael-faq-2-6a0570d2a20c4\">T\u00f4i c\u00f3 th\u1ec3 t\u00ecm th\u00f4ng s\u1ed1 k\u1ef9 thu\u1eadt v\u00e0 th\u00f4ng tin s\u1ea3n ph\u1ea9m \u1edf \u0111\u00e2u?<\/h4>\n\t\t\t\t\t\t\t\t<\/div>\n\t\t\t\t\t\t\t\t<div class=\"uael-accordion-content\" role=\"tabpanel\">\n\t\t\t\t\t\t\t\t\t<span>\n\t\t\t\t\t\t\t\t\t<span><p>Th\u00f4ng s\u1ed1 k\u1ef9 thu\u1eadt chi ti\u1ebft c\u1ee7a s\u1ea3n ph\u1ea9m \u0111\u01b0\u1ee3c n\u00eau r\u00f5 trong ph\u1ea7n m\u00f4 t\u1ea3 s\u1ea3n ph\u1ea9m t\u1ea1i <a href=\"https:\/\/alexathletics1982.com\/vi\/san-pham-2\/\">alexathletics1982.com\/s\u1ea3n-ph\u1ea9m\/<\/a> . N\u1ebfu qu\u00fd kh\u00e1ch c\u00f3 th\u00eam th\u1eafc m\u1eafc, vui l\u00f2ng li\u00ean h\u1ec7 v\u1edbi b\u1ed9 ph\u1eadn h\u1ed7 tr\u1ee3 kh\u00e1ch h\u00e0ng c\u1ee7a ch\u00fang t\u00f4i t\u1ea1i <a href=\"https:\/\/alexathletics1982.com\/vi\/lien-he-voi-chung-toi\/\">alexathletics1982.com\/li\u00ean-h\u1ec7-v\u1edbi-ch\u00fang-t\u00f4i\/ <\/a><\/p><\/span>\t\t\t\t\t\t\t\t\t<\/span>\n\t\t\t\t\t\t\t\t<\/div>\n\t\t\t\t\t\t\t<\/div>\n\t\t\t\t\t\t\t\t\t\t\t\t\t\t<div id=\"uael-accordion-23c6171\" class=\"uael-faq-accordion\" role=\"tablist\">\n\t\t\t\t\t\t\t\t<div class= \"uael-accordion-title\" aria-expanded=\"false\" role=\"tab\">\n\t\t\t\t\t\t\t\t\t<span class=\"uael-accordion-icon uael-accordion-icon-right\">\n\t\t\t\t\t\t\t\t\t\t<span class=\"uael-accordion-icon-closed\"><i class=\"fas fa-angle-right\"><\/i><\/span>\n\t\t\t\t\t\t\t\t\t\t<span class=\"uael-accordion-icon-opened\"><i class=\"fas fa-angle-up\"><\/i><\/span>\n\t\t\t\t\t\t\t\t\t<\/span>\n\t\t\t\t\t\t\t\t\t<h4 class=\"uael-question-23c6171 uael-question-span\" tabindex=\"0\" id=\"uael-faq-3-6a0570d2a20e2\">T\u00f4i ph\u1ea3i l\u00e0m g\u00ec n\u1ebfu nghi ng\u1edd s\u1ea3n ph\u1ea9m c\u1ee7a m\u00ecnh b\u1ecb l\u1ed7i ho\u1eb7c b\u1ecb h\u01b0 h\u1ecfng trong qu\u00e1 tr\u00ecnh v\u1eadn chuy\u1ec3n?<\/h4>\n\t\t\t\t\t\t\t\t<\/div>\n\t\t\t\t\t\t\t\t<div class=\"uael-accordion-content\" role=\"tabpanel\">\n\t\t\t\t\t\t\t\t\t<span>\n\t\t\t\t\t\t\t\t\t<span><p>N\u1ebfu qu\u00fd kh\u00e1ch g\u1eb7p b\u1ea5t k\u1ef3 v\u1ea5n \u0111\u1ec1 n\u00e0o v\u1edbi s\u1ea3n ph\u1ea9m, d\u00f9 l\u00e0 khi nh\u1eadn h\u00e0ng hay trong qu\u00e1 tr\u00ecnh s\u1eed d\u1ee5ng, vui l\u00f2ng \u0111i\u1ec1n v\u00e0o m\u1ee5c \u201cLi\u00ean h\u1ec7 v\u1edbi ch\u00fang t\u00f4i\u201d t\u1ea1i <a href=\"https:\/\/alexathletics1982.com\/vi\/lien-he-voi-chung-toi\/\">alexathletics1982.com\/li\u00ean-h\u1ec7-v\u1edbi-ch\u00fang-t\u00f4i\/<\/a>. Vui l\u00f2ng l\u00e0m theo h\u01b0\u1edbng d\u1eabn trong bi\u1ec3u m\u1eabu v\u00e0 ch\u00fang t\u00f4i s\u1ebd h\u1ed7 tr\u1ee3 qu\u00fd kh\u00e1ch trong v\u1ea5n \u0111\u1ec1 n\u00e0y.<\/p><\/span>\t\t\t\t\t\t\t\t\t<\/span>\n\t\t\t\t\t\t\t\t<\/div>\n\t\t\t\t\t\t\t<\/div>\n\t\t\t\t\t\t\t\t\t\t\t\t\t\t<div id=\"uael-accordion-ebe5a9e\" class=\"uael-faq-accordion\" role=\"tablist\">\n\t\t\t\t\t\t\t\t<div class= \"uael-accordion-title\" aria-expanded=\"false\" role=\"tab\">\n\t\t\t\t\t\t\t\t\t<span class=\"uael-accordion-icon uael-accordion-icon-right\">\n\t\t\t\t\t\t\t\t\t\t<span class=\"uael-accordion-icon-closed\"><i class=\"fas fa-angle-right\"><\/i><\/span>\n\t\t\t\t\t\t\t\t\t\t<span class=\"uael-accordion-icon-opened\"><i class=\"fas fa-angle-up\"><\/i><\/span>\n\t\t\t\t\t\t\t\t\t<\/span>\n\t\t\t\t\t\t\t\t\t<h4 class=\"uael-question-ebe5a9e uael-question-span\" tabindex=\"0\" id=\"uael-faq-4-6a0570d2a20fd\">Qu\u00fd v\u1ecb ch\u1ea5p nh\u1eadn nh\u1eefng h\u00ecnh th\u1ee9c thanh to\u00e1n n\u00e0o?<\/h4>\n\t\t\t\t\t\t\t\t<\/div>\n\t\t\t\t\t\t\t\t<div class=\"uael-accordion-content\" role=\"tabpanel\">\n\t\t\t\t\t\t\t\t\t<span>\n\t\t\t\t\t\t\t\t\t<span><p>\u0110\u1ed9i ng\u0169 b\u00e1n h\u00e0ng c\u1ee7a ch\u00fang t\u00f4i s\u1ebd cung c\u1ea5p c\u00e1c ph\u01b0\u01a1ng th\u1ee9c thanh to\u00e1n sau khi x\u00e1c nh\u1eadn \u0111\u01a1n h\u00e0ng.<\/p><\/span>\t\t\t\t\t\t\t\t\t<\/span>\n\t\t\t\t\t\t\t\t<\/div>\n\t\t\t\t\t\t\t<\/div>\n\t\t\t\t\t\t\t\t\t\t\t\t\t\t<div id=\"uael-accordion-f6a3985\" class=\"uael-faq-accordion\" role=\"tablist\">\n\t\t\t\t\t\t\t\t<div class= \"uael-accordion-title\" aria-expanded=\"false\" role=\"tab\">\n\t\t\t\t\t\t\t\t\t<span class=\"uael-accordion-icon uael-accordion-icon-right\">\n\t\t\t\t\t\t\t\t\t\t<span class=\"uael-accordion-icon-closed\"><i class=\"fas fa-angle-right\"><\/i><\/span>\n\t\t\t\t\t\t\t\t\t\t<span class=\"uael-accordion-icon-opened\"><i class=\"fas fa-angle-up\"><\/i><\/span>\n\t\t\t\t\t\t\t\t\t<\/span>\n\t\t\t\t\t\t\t\t\t<h4 class=\"uael-question-f6a3985 uael-question-span\" tabindex=\"0\" id=\"uael-faq-5-6a0570d2a2116\">Khi n\u00e0o t\u00f4i s\u1ebd nh\u1eadn \u0111\u01b0\u1ee3c \u0111\u01a1n h\u00e0ng c\u1ee7a m\u00ecnh?<\/h4>\n\t\t\t\t\t\t\t\t<\/div>\n\t\t\t\t\t\t\t\t<div class=\"uael-accordion-content\" role=\"tabpanel\">\n\t\t\t\t\t\t\t\t\t<span>\n\t\t\t\t\t\t\t\t\t<span><p>\u0110\u01a1n h\u00e0ng c\u1ee7a qu\u00fd kh\u00e1ch s\u1ebd \u0111\u01b0\u1ee3c g\u1eedi \u0111i t\u1eeb kho h\u00e0ng c\u1ee7a ch\u00fang t\u00f4i t\u1ea1i Trung Qu\u1ed1c. Th\u1eddi gian x\u1eed l\u00fd \u0111\u01a1n h\u00e0ng l\u00e0 2\u20135 ng\u00e0y l\u00e0m vi\u1ec7c, sau \u0111\u00f3 l\u00e0 30\u201345 ng\u00e0y \u0111\u1ec3 giao h\u00e0ng. Ch\u00fang t\u00f4i s\u1ebd g\u1eedi th\u00f4ng b\u00e1o x\u00e1c nh\u1eadn v\u1eadn chuy\u1ec3n ngay sau khi h\u00e0ng \u0111\u01b0\u1ee3c g\u1eedi \u0111i.<\/p><\/span>\t\t\t\t\t\t\t\t\t<\/span>\n\t\t\t\t\t\t\t\t<\/div>\n\t\t\t\t\t\t\t<\/div>\n\t\t\t\t\t\t\t\t\t\t\t<\/div>\n\t\t\t<\/div>\n\t\t\t\t\t\t\t<\/div>\n\t\t\t\t<\/div>\n\t\t\t\t\t<\/div>\n\t\t\t\t<\/div>\n\t\t\t\t<\/div>","protected":false},"excerpt":{"rendered":"<p>Warranty \u00b7 Downloads \u00b7 FAQ FAQ Commercial Gym Equipment Warranty, Downloads &amp; Support Find Alex Athletics warranty policy details, download product catalogs and spec sheets, and get answers to the most common questions from facility operators and distribution partners. Home Where can I find product information and manuals? Additional product details and manuals are available [&hellip;]<\/p>\n","protected":false},"author":1,"featured_media":0,"parent":2549,"menu_order":0,"comment_status":"closed","ping_status":"closed","template":"","meta":{"inline_featured_image":false,"site-sidebar-layout":"no-sidebar","site-content-layout":"page-builder","ast-site-content-layout":"default","site-content-style":"default","site-sidebar-style":"default","ast-global-header-display":"","ast-banner-title-visibility":"","ast-main-header-display":"","ast-hfb-above-header-display":"","ast-hfb-below-header-display":"","ast-hfb-mobile-header-display":"","site-post-title":"disabled","ast-breadcrumbs-content":"","ast-featured-img":"disabled","footer-sml-layout":"","ast-disable-related-posts":"","theme-transparent-header-meta":"disabled","adv-header-id-meta":"","stick-header-meta":"","header-above-stick-meta":"","header-main-stick-meta":"","header-below-stick-meta":"","astra-migrate-meta-layouts":"default","ast-page-background-enabled":"default","ast-page-background-meta":{"desktop":{"background-color":"","background-image":"","background-repeat":"repeat","background-position":"center center","background-size":"auto","background-attachment":"scroll","background-type":"","background-media":"","overlay-type":"","overlay-color":"","overlay-opacity":"","overlay-gradient":""},"tablet":{"background-color":"","background-image":"","background-repeat":"repeat","background-position":"center center","background-size":"auto","background-attachment":"scroll","background-type":"","background-media":"","overlay-type":"","overlay-color":"","overlay-opacity":"","overlay-gradient":""},"mobile":{"background-color":"","background-image":"","background-repeat":"repeat","background-position":"center center","background-size":"auto","background-attachment":"scroll","background-type":"","background-media":"","overlay-type":"","overlay-color":"","overlay-opacity":"","overlay-gradient":""}},"ast-content-background-meta":{"desktop":{"background-color":"var(--ast-global-color-5)","background-image":"","background-repeat":"repeat","background-position":"center center","background-size":"auto","background-attachment":"scroll","background-type":"","background-media":"","overlay-type":"","overlay-color":"","overlay-opacity":"","overlay-gradient":""},"tablet":{"background-color":"var(--ast-global-color-5)","background-image":"","background-repeat":"repeat","background-position":"center center","background-size":"auto","background-attachment":"scroll","background-type":"","background-media":"","overlay-type":"","overlay-color":"","overlay-opacity":"","overlay-gradient":""},"mobile":{"background-color":"var(--ast-global-color-5)","background-image":"","background-repeat":"repeat","background-position":"center center","background-size":"auto","background-attachment":"scroll","background-type":"","background-media":"","overlay-type":"","overlay-color":"","overlay-opacity":"","overlay-gradient":""}},"footnotes":""},"class_list":["post-1393","page","type-page","status-publish","hentry"],"_links":{"self":[{"href":"https:\/\/alexathletics1982.com\/vi\/wp-json\/wp\/v2\/pages\/1393","targetHints":{"allow":["GET"]}}],"collection":[{"href":"https:\/\/alexathletics1982.com\/vi\/wp-json\/wp\/v2\/pages"}],"about":[{"href":"https:\/\/alexathletics1982.com\/vi\/wp-json\/wp\/v2\/types\/page"}],"author":[{"embeddable":true,"href":"https:\/\/alexathletics1982.com\/vi\/wp-json\/wp\/v2\/users\/1"}],"replies":[{"embeddable":true,"href":"https:\/\/alexathletics1982.com\/vi\/wp-json\/wp\/v2\/comments?post=1393"}],"version-history":[{"count":39,"href":"https:\/\/alexathletics1982.com\/vi\/wp-json\/wp\/v2\/pages\/1393\/revisions"}],"predecessor-version":[{"id":4586,"href":"https:\/\/alexathletics1982.com\/vi\/wp-json\/wp\/v2\/pages\/1393\/revisions\/4586"}],"up":[{"embeddable":true,"href":"https:\/\/alexathletics1982.com\/vi\/wp-json\/wp\/v2\/pages\/2549"}],"wp:attachment":[{"href":"https:\/\/alexathletics1982.com\/vi\/wp-json\/wp\/v2\/media?parent=1393"}],"curies":[{"name":"wp","href":"https:\/\/api.w.org\/{rel}","templated":true}]}}