{"id":2845,"date":"2026-01-23T09:46:23","date_gmt":"2026-01-23T01:46:23","guid":{"rendered":"https:\/\/alexathletics1982.com\/?post_type=product&#038;p=2845"},"modified":"2026-04-17T22:21:14","modified_gmt":"2026-04-17T14:21:14","slug":"isomotion-press","status":"publish","type":"product","link":"https:\/\/alexathletics1982.com\/vi\/isomotion-press\/","title":{"rendered":"IsoMotion Press"},"content":{"rendered":"<div class=\"ast-oembed-container\" style=\"height: 100%;\"><iframe title=\"ISOMOTION PRESS -- TR\u1ede TH\u00c0NH \u0110\u1ea0I DI\u1ec6N C\u1ee6A CH\u00daNG T\u00d4I\" width=\"500\" height=\"281\" src=\"https:\/\/www.youtube.com\/embed\/JnvNjb5bjrY?feature=oembed\" frameborder=\"0\" allow=\"accelerometer; autoplay; clipboard-write; encrypted-media; gyroscope; picture-in-picture; web-share\" referrerpolicy=\"strict-origin-when-cross-origin\" allowfullscreen><\/iframe><\/div>\n<h2><img fetchpriority=\"high\" decoding=\"async\" class=\"alignnone wp-image-3809 size-full\" src=\"https:\/\/alexathletics1982.com\/wp-content\/uploads\/2026\/01\/iso_V2_02.webp\" alt=\"\" width=\"1600\" height=\"960\" title=\"\" srcset=\"https:\/\/alexathletics1982.com\/wp-content\/uploads\/2026\/01\/iso_V2_02.webp 1600w, https:\/\/alexathletics1982.com\/wp-content\/uploads\/2026\/01\/iso_V2_02-300x180.webp 300w, https:\/\/alexathletics1982.com\/wp-content\/uploads\/2026\/01\/iso_V2_02-1024x614.webp 1024w, https:\/\/alexathletics1982.com\/wp-content\/uploads\/2026\/01\/iso_V2_02-768x461.webp 768w, https:\/\/alexathletics1982.com\/wp-content\/uploads\/2026\/01\/iso_V2_02-1536x922.webp 1536w, https:\/\/alexathletics1982.com\/wp-content\/uploads\/2026\/01\/iso_V2_02-600x360.webp 600w\" sizes=\"(max-width: 1600px) 100vw, 1600px\" \/><img decoding=\"async\" class=\"alignnone wp-image-3810 size-full\" src=\"https:\/\/alexathletics1982.com\/wp-content\/uploads\/2026\/01\/iso_V2_03.webp\" alt=\"\" width=\"1600\" height=\"960\" title=\"\" srcset=\"https:\/\/alexathletics1982.com\/wp-content\/uploads\/2026\/01\/iso_V2_03.webp 1600w, https:\/\/alexathletics1982.com\/wp-content\/uploads\/2026\/01\/iso_V2_03-300x180.webp 300w, https:\/\/alexathletics1982.com\/wp-content\/uploads\/2026\/01\/iso_V2_03-1024x614.webp 1024w, https:\/\/alexathletics1982.com\/wp-content\/uploads\/2026\/01\/iso_V2_03-768x461.webp 768w, https:\/\/alexathletics1982.com\/wp-content\/uploads\/2026\/01\/iso_V2_03-1536x922.webp 1536w, https:\/\/alexathletics1982.com\/wp-content\/uploads\/2026\/01\/iso_V2_03-600x360.webp 600w\" sizes=\"(max-width: 1600px) 100vw, 1600px\" \/> <img decoding=\"async\" class=\"alignnone wp-image-3813 size-full\" src=\"https:\/\/alexathletics1982.com\/wp-content\/uploads\/2026\/01\/iso_V2_07.webp\" alt=\"\" width=\"1600\" height=\"960\" title=\"\" srcset=\"https:\/\/alexathletics1982.com\/wp-content\/uploads\/2026\/01\/iso_V2_07.webp 1600w, https:\/\/alexathletics1982.com\/wp-content\/uploads\/2026\/01\/iso_V2_07-300x180.webp 300w, https:\/\/alexathletics1982.com\/wp-content\/uploads\/2026\/01\/iso_V2_07-1024x614.webp 1024w, https:\/\/alexathletics1982.com\/wp-content\/uploads\/2026\/01\/iso_V2_07-768x461.webp 768w, https:\/\/alexathletics1982.com\/wp-content\/uploads\/2026\/01\/iso_V2_07-1536x922.webp 1536w, https:\/\/alexathletics1982.com\/wp-content\/uploads\/2026\/01\/iso_V2_07-600x360.webp 600w\" sizes=\"(max-width: 1600px) 100vw, 1600px\" \/> <img loading=\"lazy\" decoding=\"async\" class=\"alignnone wp-image-3812 size-full\" src=\"https:\/\/alexathletics1982.com\/wp-content\/uploads\/2026\/01\/iso_V2_06.webp\" alt=\"\" width=\"1600\" height=\"1416\" title=\"\" srcset=\"https:\/\/alexathletics1982.com\/wp-content\/uploads\/2026\/01\/iso_V2_06.webp 1600w, https:\/\/alexathletics1982.com\/wp-content\/uploads\/2026\/01\/iso_V2_06-300x266.webp 300w, https:\/\/alexathletics1982.com\/wp-content\/uploads\/2026\/01\/iso_V2_06-1024x906.webp 1024w, https:\/\/alexathletics1982.com\/wp-content\/uploads\/2026\/01\/iso_V2_06-768x680.webp 768w, https:\/\/alexathletics1982.com\/wp-content\/uploads\/2026\/01\/iso_V2_06-1536x1359.webp 1536w, https:\/\/alexathletics1982.com\/wp-content\/uploads\/2026\/01\/iso_V2_06-600x531.webp 600w\" sizes=\"(max-width: 1600px) 100vw, 1600px\" \/> <img loading=\"lazy\" decoding=\"async\" class=\"alignnone wp-image-3811 size-full\" src=\"https:\/\/alexathletics1982.com\/wp-content\/uploads\/2026\/01\/iso_V2_05.webp\" alt=\"\" width=\"1600\" height=\"2078\" title=\"\" srcset=\"https:\/\/alexathletics1982.com\/wp-content\/uploads\/2026\/01\/iso_V2_05.webp 1600w, https:\/\/alexathletics1982.com\/wp-content\/uploads\/2026\/01\/iso_V2_05-231x300.webp 231w, https:\/\/alexathletics1982.com\/wp-content\/uploads\/2026\/01\/iso_V2_05-788x1024.webp 788w, https:\/\/alexathletics1982.com\/wp-content\/uploads\/2026\/01\/iso_V2_05-768x997.webp 768w, https:\/\/alexathletics1982.com\/wp-content\/uploads\/2026\/01\/iso_V2_05-1183x1536.webp 1183w, https:\/\/alexathletics1982.com\/wp-content\/uploads\/2026\/01\/iso_V2_05-1577x2048.webp 1577w, https:\/\/alexathletics1982.com\/wp-content\/uploads\/2026\/01\/iso_V2_05-600x779.webp 600w\" sizes=\"(max-width: 1600px) 100vw, 1600px\" \/><\/h2>\n<h2>Ph\u00e1t huy s\u1ee9c m\u1ea1nh c\u00e2n b\u1eb1ng v\u1edbi m\u00e1y \u00e9p IsoMotion<\/h2>\n<p>M\u00e1y t\u1eadp IsoMotion Press l\u00e0 \u0111\u1ec9nh cao c\u1ee7a k\u1ef9 thu\u1eadt trong l\u0129nh v\u1ef1c thi\u1ebft b\u1ecb t\u1eadp s\u1ee9c m\u1ea1nh c\u1ee1 nh\u1ecf, \u0111\u01b0\u1ee3c thi\u1ebft k\u1ebf \u0111\u1eb7c bi\u1ec7t \u0111\u1ec3 thu h\u1eb9p kho\u1ea3ng c\u00e1ch gi\u1eefa hi\u1ec7u su\u1ea5t c\u1ee7a c\u00e1c ph\u00f2ng t\u1eadp th\u01b0\u01a1ng m\u1ea1i v\u00e0 nh\u1eefng h\u1ea1n ch\u1ebf v\u1ec1 kh\u00f4ng gian c\u1ee7a ph\u00f2ng t\u1eadp t\u1ea1i nh\u00e0. Trong h\u00e0nh tr\u00ecnh theo \u0111u\u1ed5i s\u1ee9c m\u1ea1nh th\u1ec3 ch\u1ea5t th\u1ef1c s\u1ef1, s\u1ef1 c\u00e2n \u0111\u1ed1i th\u01b0\u1eddng l\u00e0 y\u1ebfu t\u1ed1 \u0111\u1ea7u ti\u00ean b\u1ecb hy sinh trong c\u00e1c b\u00e0i t\u1eadp t\u1ea1 truy\u1ec1n th\u1ed1ng, khi b\u00ean m\u1ea1nh h\u01a1n lu\u00f4n ph\u1ea3i b\u00f9 \u0111\u1eafp cho b\u00ean y\u1ebfu h\u01a1n. IsoMotion Press gi\u1ea3i quy\u1ebft v\u1ea5n \u0111\u1ec1 c\u01a1 b\u1ea3n n\u00e0y th\u00f4ng qua thi\u1ebft k\u1ebf c\u00e1nh tay iso-lateral ti\u00ean ti\u1ebfn, bu\u1ed9c m\u1ed7i chi ph\u1ea3i di chuy\u1ec3n tr\u1ecdng l\u01b0\u1ee3ng c\u1ee7a ch\u00ednh m\u00ecnh m\u1ed9t c\u00e1ch \u0111\u1ed9c l\u1eadp. \u0110i\u1ec1u n\u00e0y kh\u00f4ng ch\u1ec9 ph\u00e1t hi\u1ec7n ra s\u1ef1 m\u1ea5t c\u00e2n b\u1eb1ng c\u01a1 b\u1eafp ti\u1ec1m \u1ea9n m\u00e0 c\u00f2n ch\u1ee7 \u0111\u1ed9ng \u0111i\u1ec1u ch\u1ec9nh ch\u00fang, \u0111\u1ea3m b\u1ea3o r\u1eb1ng ng\u1ef1c, vai v\u00e0 c\u01a1 tam \u0111\u1ea7u c\u1ee7a b\u1ea1n ph\u00e1t tri\u1ec3n m\u1ed9t c\u00e1ch h\u00e0i h\u00f2a ho\u00e0n h\u1ea3o. B\u1eb1ng c\u00e1ch m\u00f4 ph\u1ecfng s\u1ef1 h\u1ed9i t\u1ee5 t\u1ef1 nhi\u00ean c\u1ee7a c\u01a1 ch\u1ebf \u0111\u1ea9y c\u1ee7a c\u01a1 th\u1ec3 con ng\u01b0\u1eddi, thi\u1ebft b\u1ecb n\u00e0y mang l\u1ea1i qu\u1ef9 \u0111\u1ea1o chuy\u1ec3n \u0111\u1ed9ng an to\u00e0n v\u00e0 h\u1ee3p l\u00fd v\u1ec1 m\u1eb7t sinh h\u1ecdc h\u01a1n so v\u1edbi c\u00e1c m\u00e1y t\u1eadp thanh c\u1ed1 \u0111\u1ecbnh, gi\u1ea3m \u00e1p l\u1ef1c l\u00ean bao kh\u1edbp vai \u0111\u1ed3ng th\u1eddi t\u1ed1i \u0111a h\u00f3a vi\u1ec7c huy \u0111\u1ed9ng s\u1ee3i c\u01a1. \u0110\u1ed1i v\u1edbi nh\u1eefng ng\u01b0\u1eddi \u0111am m\u00ea th\u1ec3 h\u00ecnh s\u00e0nh s\u1ecfi, thi\u1ebft b\u1ecb n\u00e0y kh\u00f4ng ch\u1ec9 l\u00e0 c\u00f4ng c\u1ee5 \u0111\u1ec3 n\u00e2ng t\u1ea1; n\u00f3 l\u00e0 m\u1ed9t d\u1ee5ng c\u1ee5 \u0111\u1ec3 l\u00e0m ch\u1ee7 ch\u1ea5t l\u01b0\u1ee3ng chuy\u1ec3n \u0111\u1ed9ng v\u00e0 \u0111\u1ea3m b\u1ea3o s\u1ee9c kh\u1ecfe kh\u1edbp l\u00e2u d\u00e0i.<\/p>\n<p>Ngo\u00e0i nh\u1eefng \u01b0u \u0111i\u1ec3m v\u1ec1 c\u01a1 sinh h\u1ecdc, m\u00e1y t\u1eadp IsoMotion Press c\u00f2n l\u00e0 m\u1ed9t m\u1eabu m\u1ef1c v\u1ec1 hi\u1ec7u qu\u1ea3 v\u00e0 t\u00ednh linh ho\u1ea1t. \u0110\u01b0\u1ee3c ch\u1ebf t\u1ea1o t\u1eeb khung th\u00e9p gia c\u1ed1 v\u00e0 ph\u1ee7 l\u1edbp s\u01a1n t\u0129nh \u0111i\u1ec7n ti\u00eau chu\u1ea9n c\u00f4ng nghi\u1ec7p, thi\u1ebft b\u1ecb n\u00e0y th\u1ec3 hi\u1ec7n \u0111\u1ed9 b\u1ec1n ch\u1eafc c\u1ea7n thi\u1ebft cho c\u00e1c bu\u1ed5i t\u1eadp luy\u1ec7n c\u01b0\u1eddng \u0111\u1ed9 cao h\u00e0ng ng\u00e0y. M\u1eb7c d\u00f9 c\u00f3 c\u1ea5u tr\u00fac ch\u1eafc ch\u1eafn, m\u00e1y l\u1ea1i c\u00f3 k\u00edch th\u01b0\u1edbc nh\u1ecf g\u1ecdn \u0111\u00e1ng ng\u1ea1c nhi\u00ean (R\u1ed9ng 1478 x Cao 1105\/1158 x S\u00e2u 1658 mm), khi\u1ebfn n\u00f3 tr\u1edf th\u00e0nh thi\u1ebft b\u1ecb trung t\u00e2m l\u00fd t\u01b0\u1edfng cho ph\u00f2ng t\u1eadp th\u1ec3 d\u1ee5c t\u1ea1i nh\u00e0 ho\u1eb7c ph\u00f2ng t\u1eadp c\u00e1 nh\u00e2n cao c\u1ea5p. Tr\u1ea3i nghi\u1ec7m ng\u01b0\u1eddi d\u00f9ng l\u00e0 tr\u1ecdng t\u00e2m trong thi\u1ebft k\u1ebf c\u1ee7a m\u00e1y; giao di\u1ec7n tr\u1ef1c quan v\u00e0 c\u01a1 ch\u1ebf \u0111i\u1ec1u ch\u1ec9nh nhanh gi\u00fap qu\u00e1 tr\u00ecnh chuy\u1ec3n \u0111\u1ed5i gi\u1eefa c\u00e1c b\u00e0i t\u1eadp di\u1ec5n ra m\u01b0\u1ee3t m\u00e0 v\u00e0 t\u1ee9c th\u00ec. D\u00f9 b\u1ea1n \u0111ang th\u1ef1c hi\u1ec7n c\u00e1c b\u00e0i t\u1eadp \u00e9p ng\u1ef1c n\u1eb7ng, bi\u1ebfn th\u1ec3 nghi\u00eang, hay chu\u1ea9n b\u1ecb cho c\u00e1c \u0111\u1ed9ng t\u00e1c ph\u1ea7n d\u01b0\u1edbi c\u01a1 th\u1ec3 nh\u01b0 \u0111\u1ea9y h\u00f4ng, IsoMotion Press \u0111\u1ec1u th\u00edch \u1ee9ng v\u1edbi nh\u1ecbp \u0111\u1ed9 t\u1eadp luy\u1ec7n c\u1ee7a b\u1ea1n. M\u00e1y cho ph\u00e9p ng\u01b0\u1eddi d\u00f9ng th\u1ef1c hi\u1ec7n m\u1ed9t chu\u1ed7i b\u00e0i t\u1eadp s\u1ee9c m\u1ea1nh to\u00e0n th\u00e2n v\u1edbi s\u1ef1 an to\u00e0n v\u00e0 \u1ed5n \u0111\u1ecbnh c\u1ee7a m\u00e1y t\u1eadp, nh\u01b0ng v\u1eabn mang l\u1ea1i s\u1ef1 t\u1ef1 do v\u00e0 l\u1ee3i \u00edch ch\u1ee9c n\u0103ng c\u1ee7a t\u1ea1 t\u1ef1 do.<\/p>\n<h3>C\u00f4ng ngh\u1ec7 Iso-Lateral \u0111\u1ed9c l\u1eadp<\/h3>\n<p>\u0110i\u1ec3m \u0111\u1ed9t ph\u00e1 c\u1ed1t l\u00f5i c\u1ee7a m\u00e1y IsoMotion Press ch\u00ednh l\u00e0 c\u01a1 ch\u1ebf chuy\u1ec3n \u0111\u1ed9ng \u0111\u1ed9c l\u1eadp c\u1ee7a hai tay c\u1ea7m. Kh\u00e1c v\u1edbi c\u00e1c m\u00e1y t\u1eadp th\u00f4ng th\u01b0\u1eddng, n\u01a1i m\u1ed9t thanh n\u1ed1i duy nh\u1ea5t k\u1ebft n\u1ed1i c\u1ea3 hai tay c\u1ea7m, thi\u1ebft k\u1ebf t\u1eadp ri\u00eang bi\u1ec7t hai b\u00ean n\u00e0y y\u00eau c\u1ea7u m\u1ed7i b\u00ean c\u01a1 th\u1ec3 ph\u1ea3i ho\u1ea1t \u0111\u1ed9ng \u0111\u1ed9c l\u1eadp. \u0110i\u1ec1u n\u00e0y \u0111\u1eb7c bi\u1ec7t quan tr\u1ecdng trong vi\u1ec7c kh\u1eafc ph\u1ee5c s\u1ef1 m\u1ea5t c\u00e2n b\u1eb1ng s\u1ee9c m\u1ea1nh \u2013 m\u1ed9t v\u1ea5n \u0111\u1ec1 ph\u1ed5 bi\u1ebfn \u1edf h\u1ea7u h\u1ebft ng\u01b0\u1eddi t\u1eadp t\u1ea1. N\u1ebfu b\u00ean ph\u1ea3i c\u1ee7a b\u1ea1n m\u1ea1nh h\u01a1n, n\u00f3 s\u1ebd kh\u00f4ng th\u1ec3 gi\u00fap n\u00e2ng t\u1ea1 cho b\u00ean tr\u00e1i. \u0110i\u1ec1u n\u00e0y \u0111\u1ea3m b\u1ea3o s\u1ef1 tham gia \u0111\u1ed3ng \u0111\u1ec1u c\u1ee7a c\u00e1c c\u01a1 v\u00e0 s\u1ef1 ph\u00e1t tri\u1ec3n c\u00e2n b\u1eb1ng, v\u1ed1n r\u1ea5t c\u1ea7n thi\u1ebft \u0111\u1ec3 ph\u00f2ng ng\u1eeba ch\u1ea5n th\u01b0\u01a1ng v\u00e0 n\u00e2ng cao th\u00e0nh t\u00edch th\u1ec3 thao. H\u01a1n n\u1eefa, n\u00f3 cho ph\u00e9p th\u1ef1c hi\u1ec7n c\u00e1c bi\u1ebfn th\u1ec3 t\u1eadp luy\u1ec7n m\u1ed9t b\u00ean, gi\u00fap b\u1ea1n t\u1eadp trung ho\u00e0n to\u00e0n v\u00e0o m\u1ed9t b\u00ean t\u1ea1i m\u1ed9t th\u1eddi \u0111i\u1ec3m ho\u1eb7c th\u1ef1c hi\u1ec7n c\u00e1c \u0111\u1ed9ng t\u00e1c \u00e9p xen k\u1ebd \u0111\u1ec3 k\u00edch ho\u1ea1t c\u00e1c c\u01a1 \u1ed5n \u0111\u1ecbnh c\u1ed1t l\u00f5i nhi\u1ec1u h\u01a1n so v\u1edbi c\u00e1c \u0111\u1ed9ng t\u00e1c hai b\u00ean.<\/p>\n<h3>H\u1ec7 th\u1ed1ng c\u00e1nh tay li\u00ean k\u1ebft \u0111i\u1ec1u ch\u1ec9nh nhanh<\/h3>\n<p>Hi\u1ec7u qu\u1ea3 l\u00e0 y\u1ebfu t\u1ed1 then ch\u1ed1t trong b\u1ea5t k\u1ef3 bu\u1ed5i t\u1eadp luy\u1ec7n n\u00e0o, v\u00e0 m\u00e1y t\u1eadp IsoMotion Press \u0111\u00e1p \u1ee9ng \u0111i\u1ec1u n\u00e0y nh\u1edd h\u1ec7 th\u1ed1ng Quick-Adjust Link-Arm. C\u01a1 ch\u1ebf n\u00e0y cho ph\u00e9p ng\u01b0\u1eddi d\u00f9ng thay \u0111\u1ed5i g\u00f3c \u0111\u1ed9 v\u00e0 v\u1ecb tr\u00ed c\u1ee7a c\u00e1c thanh \u0111\u1ea9y ngay l\u1eadp t\u1ee9c m\u00e0 kh\u00f4ng c\u1ea7n ph\u1ea3i th\u1ef1c hi\u1ec7n quy tr\u00ecnh th\u00e1o l\u1eafp t\u1ea1 n\u1eb7ng n\u1ec1. H\u1ed7 tr\u1ee3 t\u1ea3i tr\u1ecdng t\u1ed1i \u0111a 100kg, h\u1ec7 th\u1ed1ng n\u00e0y \u0111\u1ee7 ch\u1eafc ch\u1eafn \u0111\u1ec3 n\u00e2ng t\u1ea1 n\u1eb7ng nh\u01b0ng v\u1eabn \u0111\u1ee7 m\u01b0\u1ee3t m\u00e0 \u0111\u1ec3 \u0111i\u1ec1u ch\u1ec9nh nhanh ch\u00f3ng. T\u00ednh n\u0103ng n\u00e0y \u0111\u1eb7c bi\u1ec7t h\u1eefu \u00edch cho vi\u1ec7c t\u1eadp luy\u1ec7n theo v\u00f2ng ho\u1eb7c supersets, n\u01a1i vi\u1ec7c duy tr\u00ec nh\u1ecbp tim cao v\u00e0 gi\u1ea3m thi\u1ec3u th\u1eddi gian ngh\u1ec9 l\u00e0 r\u1ea5t quan tr\u1ecdng. S\u1ef1 chuy\u1ec3n \u0111\u1ed5i li\u1ec1n m\u1ea1ch t\u1eeb b\u00e0i t\u1eadp \u00e9p ng\u1ef1c ph\u1eb3ng sang b\u00e0i t\u1eadp \u00e9p ng\u1ef1c nghi\u00eang ho\u1eb7c ch\u00e8o thuy\u1ec1n gi\u00fap duy tr\u00ec c\u01b0\u1eddng \u0111\u1ed9 t\u1eadp luy\u1ec7n cao v\u00e0 s\u1ef1 t\u1eadp trung cao \u0111\u1ed9.<\/p>\n<h3>T\u00ednh linh ho\u1ea1t \u0111a n\u0103ng<\/h3>\n<p>M\u1eb7c d\u00f9 ch\u1ee7 y\u1ebfu l\u00e0 m\u1ed9t tr\u1ea1m t\u1eadp \u0111\u1ea9y, IsoMotion Press l\u1ea1i mang \u0111\u1ebfn s\u1ef1 linh ho\u1ea1t v\u01b0\u1ee3t tr\u1ed9i. Kh\u1ea3 n\u0103ng \u0111i\u1ec1u ch\u1ec9nh c\u1ee7a c\u00e1c thanh li\u00ean k\u1ebft c\u00f9ng thi\u1ebft k\u1ebf \u0111\u1ec7m theo nguy\u00ean t\u1eafc c\u00f4ng th\u00e1i h\u1ecdc gi\u00fap thi\u1ebft b\u1ecb n\u00e0y h\u1ed7 tr\u1ee3 \u0111a d\u1ea1ng c\u00e1c b\u00e0i t\u1eadp, kh\u00f4ng ch\u1ec9 gi\u1edbi h\u1ea1n \u1edf v\u00f9ng ng\u1ef1c v\u00e0 vai. Thi\u1ebft b\u1ecb \u0111\u01b0\u1ee3c thi\u1ebft k\u1ebf \u0111\u1eb7c bi\u1ec7t \u0111\u1ec3 th\u1ef1c hi\u1ec7n c\u00e1c b\u00e0i t\u1eadp \u0111\u1ea9y h\u00f4ng, v\u1edbi c\u00e1c t\u1ea5m \u0111\u1ec7m c\u00f3 th\u1ec3 \u0111i\u1ec1u ch\u1ec9nh ph\u00f9 h\u1ee3p v\u1edbi chi\u1ec1u cao th\u00e2n ng\u01b0\u1eddi kh\u00e1c nhau. \u0110i\u1ec1u n\u00e0y bi\u1ebfn thi\u1ebft b\u1ecb th\u00e0nh m\u1ed9t c\u00f4ng c\u1ee5 r\u00e8n luy\u1ec7n to\u00e0n th\u00e2n to\u00e0n di\u1ec7n. Ng\u01b0\u1eddi d\u00f9ng c\u00f3 th\u1ec3 th\u1ef1c hi\u1ec7n c\u00e1c \u0111\u1ed9ng t\u00e1c s\u1ee9c m\u1ea1nh b\u00f9ng n\u1ed5, c\u00e1c b\u00e0i t\u1eadp t\u0103ng c\u01a1 c\u00f3 ki\u1ec3m so\u00e1t cho ph\u1ea7n th\u00e2n tr\u00ean v\u00e0 c\u00e1c b\u00e0i t\u1eadp chu\u1ed7i c\u01a1 sau thi\u1ebft y\u1ebfu cho ph\u1ea7n th\u00e2n d\u01b0\u1edbi, t\u1ea5t c\u1ea3 ch\u1ec9 trong m\u1ed9t tr\u1ea1m t\u1eadp ti\u1ebft ki\u1ec7m kh\u00f4ng gian duy nh\u1ea5t.<\/p>\n<h3>\u0110\u1ed9 b\u1ec1n \u0111\u1ea1t ti\u00eau chu\u1ea9n th\u01b0\u01a1ng m\u1ea1i<\/h3>\n<p>\u0110\u01b0\u1ee3c thi\u1ebft k\u1ebf \u0111\u1ec3 ch\u1ecbu \u0111\u1ef1ng nh\u1eefng \u0111i\u1ec1u ki\u1ec7n kh\u1eafc nghi\u1ec7t c\u1ee7a m\u00f4i tr\u01b0\u1eddng t\u1eadp luy\u1ec7n chuy\u00ean nghi\u1ec7p, m\u00e1y t\u1eadp IsoMotion Press s\u1edf h\u1eefu k\u1ebft c\u1ea5u th\u00e9p si\u00eau b\u1ec1n. Khung m\u00e1y \u0111\u01b0\u1ee3c gia c\u1ed1 \u0111\u1ec3 ch\u1ecbu \u0111\u01b0\u1ee3c t\u1ea3i tr\u1ecdng l\u1edbn m\u00e0 kh\u00f4ng b\u1ecb u\u1ed1n cong hay lung lay, mang l\u1ea1i c\u1ea3m gi\u00e1c v\u1eefng ch\u00e3i, ch\u1eafc ch\u1eafn m\u00e0 nh\u1eefng ng\u01b0\u1eddi t\u1eadp t\u1ea1 chuy\u00ean nghi\u1ec7p lu\u00f4n mong \u0111\u1ee3i. B\u1ec1 m\u1eb7t b\u00ean ngo\u00e0i \u0111\u01b0\u1ee3c x\u1eed l\u00fd b\u1eb1ng l\u1edbp s\u01a1n t\u0129nh \u0111i\u1ec7n c\u1ea5p c\u00f4ng nghi\u1ec7p, kh\u00f4ng ch\u1ec9 mang l\u1ea1i v\u1ebb ngo\u00e0i m\u00e0u \u0111en b\u00f3ng b\u1ea9y, chuy\u00ean nghi\u1ec7p m\u00e0 c\u00f2n cung c\u1ea5p kh\u1ea3 n\u0103ng ch\u1ed1ng m\u1ed3 h\u00f4i, tr\u1ea7y x\u01b0\u1edbc v\u00e0 \u0103n m\u00f2n v\u01b0\u1ee3t tr\u1ed9i. \u0110i\u1ec1u n\u00e0y \u0111\u1ea3m b\u1ea3o r\u1eb1ng m\u00e1y v\u1eabn gi\u1eef \u0111\u01b0\u1ee3c t\u00ednh to\u00e0n v\u1eb9n v\u1ec1 c\u1ea5u tr\u00fac v\u00e0 v\u1ebb ngo\u00e0i h\u1ea5p d\u1eabn ngay c\u1ea3 sau nhi\u1ec1u n\u0103m s\u1eed d\u1ee5ng kh\u1eafc nghi\u1ec7t. C\u00e1c \u1ed5 tr\u1ee5c ch\u1ea5t l\u01b0\u1ee3ng cao t\u1ea1i c\u00e1c \u0111i\u1ec3m xoay \u0111\u1ea3m b\u1ea3o ho\u1ea1t \u0111\u1ed9ng tr\u01a1n tru, \u00eam \u00e1i cho m\u1ed7i l\u1ea7n t\u1eadp.<\/p>\n<h3>K\u00edch th\u01b0\u1edbc nh\u1ecf g\u1ecdn cho ph\u00f2ng t\u1eadp th\u1ec3 d\u1ee5c t\u1ea1i nh\u00e0<\/h3>\n<p>Nh\u1eadn th\u1ee9c \u0111\u01b0\u1ee3c nh\u1eefng h\u1ea1n ch\u1ebf v\u1ec1 kh\u00f4ng gian c\u1ee7a nhi\u1ec1u ph\u00f2ng t\u1eadp t\u1ea1i nh\u00e0 v\u00e0 ph\u00f2ng t\u1eadp c\u00e1 nh\u00e2n, m\u00e1y IsoMotion Press \u0111\u01b0\u1ee3c thi\u1ebft k\u1ebf \u0111\u1ec3 ti\u1ebft ki\u1ec7m kh\u00f4ng gian m\u00e0 kh\u00f4ng l\u00e0m gi\u1ea3m hi\u1ec7u su\u1ea5t. V\u1edbi k\u00edch th\u01b0\u1edbc ch\u1ec9 W1478 x H1105\/1158 x D1658mm, thi\u1ebft b\u1ecb n\u00e0y d\u1ec5 d\u00e0ng l\u1eafp \u0111\u1eb7t v\u00e0o c\u00e1c g\u00f3c ph\u00f2ng ho\u1eb7c kh\u00f4ng gian h\u1eb9p m\u00e0 c\u00e1c m\u00e1y t\u1eadp th\u01b0\u01a1ng m\u1ea1i truy\u1ec1n th\u1ed1ng kh\u00f4ng th\u1ec3 \u0111\u1eb7t \u0111\u01b0\u1ee3c. M\u1eb7c d\u00f9 c\u00f3 k\u00edch th\u01b0\u1edbc nh\u1ecf g\u1ecdn, thi\u1ebft k\u1ebf khung m\u1edf cho ph\u00e9p ng\u01b0\u1eddi d\u00f9ng d\u1ec5 d\u00e0ng ti\u1ebfp c\u1eadn v\u00e0 \u0111i\u1ec1u ch\u1ec9nh t\u01b0 th\u1ebf tho\u1ea3i m\u00e1i, ph\u00f9 h\u1ee3p v\u1edbi m\u1ecdi v\u00f3c d\u00e1ng. Thi\u1ebft b\u1ecb mang l\u1ea1i \u0111\u1ea7y \u0111\u1ee7 ch\u1ee9c n\u0103ng c\u1ee7a m\u1ed9t tr\u1ea1m t\u1eadp \u0111a n\u0103ng c\u1ee1 l\u1edbn trong m\u1ed9t g\u00f3i thi\u1ebft k\u1ebf g\u1ecdn g\u00e0ng v\u00e0 hi\u1ec7u qu\u1ea3, gi\u00fap b\u1ea1n t\u1ed1i \u01b0u h\u00f3a di\u1ec7n t\u00edch s\u00e0n \u0111\u1ec3 b\u1ed1 tr\u00ed c\u00e1c thi\u1ebft b\u1ecb kh\u00e1c ho\u1eb7c kh\u00f4ng gian di chuy\u1ec3n.<\/p>\n<h3>\u0110\u1ed1i t\u01b0\u1ee3ng d\u00e0nh cho ai?<\/h3>\n<ul style=\"list-style-position: inside; padding-left: 0;\">\n<li>Ch\u1ee7 c\u00e1c ph\u00f2ng t\u1eadp th\u1ec3 d\u1ee5c t\u1ea1i nh\u00e0 \u0111ang t\u00ecm ki\u1ebfm thi\u1ebft b\u1ecb ch\u1ea5t l\u01b0\u1ee3ng chuy\u00ean nghi\u1ec7p v\u1edbi k\u00edch th\u01b0\u1edbc nh\u1ecf g\u1ecdn.<\/li>\n<li>C\u00e1c v\u1eadn \u0111\u1ed9ng vi\u00ean th\u1ec3 l\u1ef1c t\u1eadp trung v\u00e0o vi\u1ec7c kh\u1eafc ph\u1ee5c s\u1ef1 m\u1ea5t c\u00e2n b\u1eb1ng c\u01a1 b\u1eafp v\u00e0 c\u1ea3i thi\u1ec7n s\u1ef1 c\u00e2n \u0111\u1ed1i.<\/li>\n<li>C\u00e1c hu\u1ea5n luy\u1ec7n vi\u00ean c\u00e1 nh\u00e2n c\u1ea7n m\u1ed9t thi\u1ebft b\u1ecb \u0111a n\u0103ng v\u00e0 an to\u00e0n \u0111\u1ec3 ph\u1ee5c v\u1ee5 nhi\u1ec1u \u0111\u1ed1i t\u01b0\u1ee3ng kh\u00e1ch h\u00e0ng kh\u00e1c nhau.<\/li>\n<li>C\u00e1c chuy\u00ean gia ph\u1ee5c h\u1ed3i ch\u1ee9c n\u0103ng c\u1ea7n th\u1ef1c hi\u1ec7n c\u00e1c \u0111\u1ed9ng t\u00e1c m\u1ed9t b\u00ean c\u00f3 ki\u1ec3m so\u00e1t.<\/li>\n<li>Nh\u1eefng ng\u01b0\u1eddi \u0111am m\u00ea th\u1ec3 d\u1ee5c mu\u1ed1n s\u1edf h\u1eefu m\u1ed9t thi\u1ebft b\u1ecb t\u1eadp to\u00e0n th\u00e2n m\u00e0 kh\u00f4ng chi\u1ebfm qu\u00e1 nhi\u1ec1u di\u1ec7n t\u00edch.<\/li>\n<\/ul>\n<h3>Th\u00f4ng s\u1ed1 k\u1ef9 thu\u1eadt s\u1ea3n ph\u1ea9m<\/h3>\n<table border=\"1\" width=\"100%\" cellspacing=\"0\" cellpadding=\"5\">\n<tbody>\n<tr>\n<td><strong>Ch\u1ea5t li\u1ec7u<\/strong><\/td>\n<td>Th\u00e9p<\/td>\n<\/tr>\n<tr>\n<td><strong>Ho\u00e0n th\u00e0nh<\/strong><\/td>\n<td>S\u01a1n t\u0129nh \u0111i\u1ec7n<\/td>\n<\/tr>\n<tr>\n<td><strong>K\u00edch th\u01b0\u1edbc<\/strong><\/td>\n<td>R\u1ed9ng 1478 x Cao 1105\/1158 x S\u00e2u 1658 mm<\/td>\n<\/tr>\n<tr>\n<td><strong>Tr\u1ecdng l\u01b0\u1ee3ng<\/strong><\/td>\n<td>106 kg<\/td>\n<\/tr>\n<tr>\n<td><strong>T\u1ea3i tr\u1ecdng t\u1ed1i \u0111a<\/strong><\/td>\n<td>100 kg<\/td>\n<\/tr>\n<\/tbody>\n<\/table>","protected":false},"excerpt":{"rendered":"<p>M\u00e1y t\u1eadp IsoMotion Press c\u1ee7a Alex Athletics l\u00e0 m\u1ed9t thi\u1ebft b\u1ecb t\u1eadp luy\u1ec7n s\u1ee9c m\u1ea1nh mang t\u00ednh c\u00e1ch m\u1ea1ng, \u0111\u01b0\u1ee3c thi\u1ebft k\u1ebf \u0111\u1ec3 thu h\u1eb9p kho\u1ea3ng c\u00e1ch gi\u1eefa hi\u1ec7u qu\u1ea3 t\u1eadp luy\u1ec7n t\u1ea1i ph\u00f2ng gym th\u01b0\u01a1ng m\u1ea1i v\u00e0 s\u1ef1 ti\u1ec7n l\u1ee3i c\u1ee7a vi\u1ec7c t\u1eadp th\u1ec3 d\u1ee5c t\u1ea1i nh\u00e0. V\u1edbi thi\u1ebft k\u1ebf nh\u1ecf g\u1ecdn, thi\u1ebft b\u1ecb n\u00e0y chuy\u00ean th\u1ef1c hi\u1ec7n c\u00e1c \u0111\u1ed9ng t\u00e1c t\u1eadp ri\u00eang bi\u1ec7t cho t\u1eebng b\u00ean, cho ph\u00e9p m\u1ed7i c\u00e1nh tay ho\u1ea1t \u0111\u1ed9ng \u0111\u1ed9c l\u1eadp. \u0110i\u1ec1u n\u00e0y \u0111\u1ea3m b\u1ea3o s\u1ef1 ph\u00e1t tri\u1ec3n c\u01a1 b\u1eafp c\u00e2n \u0111\u1ed1i, kh\u1eafc ph\u1ee5c s\u1ef1 m\u1ea5t c\u00e2n b\u1eb1ng s\u1ee9c m\u1ea1nh v\u00e0 gi\u1ea3m \u0111\u00e1ng k\u1ec3 nguy c\u01a1 ch\u1ea5n th\u01b0\u01a1ng so v\u1edbi c\u00e1c m\u00e1y t\u1eadp thanh c\u1ed1 \u0111\u1ecbnh. V\u1edbi khung th\u00e9p ch\u1eafc ch\u1eafn v\u00e0 l\u1edbp s\u01a1n t\u0129nh \u0111i\u1ec7n c\u1ea5p c\u00f4ng nghi\u1ec7p, IsoMotion Press mang l\u1ea1i \u0111\u1ed9 b\u1ec1n v\u01b0\u1ee3t tr\u1ed9i. H\u1ec7 th\u1ed1ng c\u00e1nh tay li\u00ean k\u1ebft \u0111i\u1ec1u ch\u1ec9nh nhanh c\u1ee7a m\u00e1y h\u1ed7 tr\u1ee3 t\u1ea3i tr\u1ecdng l\u00ean \u0111\u1ebfn 100kg, cho ph\u00e9p chuy\u1ec3n \u0111\u1ed5i li\u1ec1n m\u1ea1ch gi\u1eefa c\u00e1c b\u00e0i t\u1eadp nh\u01b0 \u00e9p ng\u1ef1c v\u00e0 \u0111\u1ea9y h\u00f4ng m\u00e0 kh\u00f4ng c\u1ea7n ph\u1ea3i thay \u0111\u0129a t\u1ea1. M\u00e1y l\u00fd t\u01b0\u1edfng cho nh\u1eefng ng\u01b0\u1eddi \u0111am m\u00ea th\u1ec3 d\u1ee5c, v\u1eadn \u0111\u1ed9ng vi\u00ean v\u00e0 hu\u1ea5n luy\u1ec7n vi\u00ean c\u00e1 nh\u00e2n \u0111ang t\u00ecm ki\u1ebfm thi\u1ebft b\u1ecb c\u1ea5p chuy\u00ean nghi\u1ec7p cho kh\u00f4ng gian h\u1ea1n ch\u1ebf.<\/p>","protected":false},"featured_media":3806,"comment_status":"open","ping_status":"closed","template":"","meta":{"inline_featured_image":false,"site-sidebar-layout":"default","site-content-layout":"","ast-site-content-layout":"default","site-content-style":"default","site-sidebar-style":"default","ast-global-header-display":"","ast-banner-title-visibility":"","ast-main-header-display":"","ast-hfb-above-header-display":"","ast-hfb-below-header-display":"","ast-hfb-mobile-header-display":"","site-post-title":"","ast-breadcrumbs-content":"","ast-featured-img":"","footer-sml-layout":"","ast-disable-related-posts":"","theme-transparent-header-meta":"default","adv-header-id-meta":"","stick-header-meta":"default","header-above-stick-meta":"","header-main-stick-meta":"","header-below-stick-meta":"","astra-migrate-meta-layouts":"set","ast-page-background-enabled":"default","ast-page-background-meta":{"desktop":{"background-color":"","background-image":"","background-repeat":"repeat","background-position":"center center","background-size":"auto","background-attachment":"scroll","background-type":"","background-media":"","overlay-type":"","overlay-color":"","overlay-opacity":"","overlay-gradient":""},"tablet":{"background-color":"","background-image":"","background-repeat":"repeat","background-position":"center center","background-size":"auto","background-attachment":"scroll","background-type":"","background-media":"","overlay-type":"","overlay-color":"","overlay-opacity":"","overlay-gradient":""},"mobile":{"background-color":"","background-image":"","background-repeat":"repeat","background-position":"center center","background-size":"auto","background-attachment":"scroll","background-type":"","background-media":"","overlay-type":"","overlay-color":"","overlay-opacity":"","overlay-gradient":""}},"ast-content-background-meta":{"desktop":{"background-color":"var(--ast-global-color-5)","background-image":"","background-repeat":"repeat","background-position":"center center","background-size":"auto","background-attachment":"scroll","background-type":"","background-media":"","overlay-type":"","overlay-color":"","overlay-opacity":"","overlay-gradient":""},"tablet":{"background-color":"var(--ast-global-color-5)","background-image":"","background-repeat":"repeat","background-position":"center center","background-size":"auto","background-attachment":"scroll","background-type":"","background-media":"","overlay-type":"","overlay-color":"","overlay-opacity":"","overlay-gradient":""},"mobile":{"background-color":"var(--ast-global-color-5)","background-image":"","background-repeat":"repeat","background-position":"center center","background-size":"auto","background-attachment":"scroll","background-type":"","background-media":"","overlay-type":"","overlay-color":"","overlay-opacity":"","overlay-gradient":""}}},"product_brand":[],"product_cat":[54],"product_tag":[56],"class_list":{"0":"post-2845","1":"product","2":"type-product","3":"status-publish","4":"has-post-thumbnail","6":"product_cat-strength-equipment","7":"product_tag-functional-equipment","8":"desktop-align-left","9":"tablet-align-left","10":"mobile-align-left","12":"first","13":"instock","14":"shipping-taxable","15":"purchasable","16":"product-type-simple"},"_links":{"self":[{"href":"https:\/\/alexathletics1982.com\/vi\/wp-json\/wp\/v2\/product\/2845","targetHints":{"allow":["GET"]}}],"collection":[{"href":"https:\/\/alexathletics1982.com\/vi\/wp-json\/wp\/v2\/product"}],"about":[{"href":"https:\/\/alexathletics1982.com\/vi\/wp-json\/wp\/v2\/types\/product"}],"replies":[{"embeddable":true,"href":"https:\/\/alexathletics1982.com\/vi\/wp-json\/wp\/v2\/comments?post=2845"}],"wp:featuredmedia":[{"embeddable":true,"href":"https:\/\/alexathletics1982.com\/vi\/wp-json\/wp\/v2\/media\/3806"}],"wp:attachment":[{"href":"https:\/\/alexathletics1982.com\/vi\/wp-json\/wp\/v2\/media?parent=2845"}],"wp:term":[{"taxonomy":"product_brand","embeddable":true,"href":"https:\/\/alexathletics1982.com\/vi\/wp-json\/wp\/v2\/product_brand?post=2845"},{"taxonomy":"product_cat","embeddable":true,"href":"https:\/\/alexathletics1982.com\/vi\/wp-json\/wp\/v2\/product_cat?post=2845"},{"taxonomy":"product_tag","embeddable":true,"href":"https:\/\/alexathletics1982.com\/vi\/wp-json\/wp\/v2\/product_tag?post=2845"}],"curies":[{"name":"wp","href":"https:\/\/api.w.org\/{rel}","templated":true}]}}