{"id":2847,"date":"2026-01-23T09:46:23","date_gmt":"2026-01-23T01:46:23","guid":{"rendered":"https:\/\/alexathletics1982.com\/?post_type=product&#038;p=2847"},"modified":"2026-04-10T22:30:55","modified_gmt":"2026-04-10T14:30:55","slug":"xe-truot-tuyet","status":"publish","type":"product","link":"https:\/\/alexathletics1982.com\/vi\/sled\/","title":{"rendered":"Xe tr\u01b0\u1ee3t tuy\u1ebft"},"content":{"rendered":"<h2>T\u1eadp luy\u1ec7n s\u1ee9c b\u1ec1n b\u00f9ng n\u1ed5 v\u1edbi xe tr\u01b0\u1ee3t chuy\u00ean d\u1ee5ng cho thi \u0111\u1ea5u<\/h2>\n<p>Xe tr\u01b0\u1ee3t (Sled) l\u00e0 c\u00f4ng c\u1ee5 t\u1ed1i \u01b0u \u0111\u1ec3 ph\u00e1t tri\u1ec3n s\u1ee9c m\u1ea1nh thu\u1ea7n t\u00fay, s\u1ee9c b\u1ec1n k\u1ef5 kh\u00ed v\u00e0 s\u1ee9c m\u1ea1nh ch\u1ee9c n\u0103ng. \u0110\u01b0\u1ee3c bi\u1ebft \u0111\u1ebfn trong ng\u00e0nh v\u1edbi t\u00ean g\u1ecdi \u2018Anchor Sled\u2019, thi\u1ebft b\u1ecb n\u00e0y l\u00e0 v\u1eadt d\u1ee5ng kh\u00f4ng th\u1ec3 thi\u1ebfu \u0111\u1ed1i v\u1edbi c\u00e1c v\u1eadn \u0111\u1ed9ng vi\u00ean, t\u1eeb c\u1ea7u th\u1ee7 b\u00f3ng b\u1ea7u d\u1ee5c tr\u1edf l\u00ean. Kh\u00e1c v\u1edbi c\u00e1c s\u1ea3n ph\u1ea9m thay th\u1ebf r\u1ebb ti\u1ec1n h\u01a1n, \u0111\u01b0\u1ee3c l\u1eafp r\u00e1p b\u1eb1ng bu-l\u00f4ng v\u00e0 d\u1ec5 b\u1ecb l\u1ecfng l\u1ebbo, ph\u00e1t ra ti\u1ebfng k\u00eau l\u1ea1ch c\u1ea1ch theo th\u1eddi gian, xe tr\u01b0\u1ee3t Alex Sled s\u1edf h\u1eefu c\u1ea5u tr\u00fac h\u00e0n li\u1ec1n kh\u1ed1i. L\u1ef1a ch\u1ecdn s\u1ea3n xu\u1ea5t n\u00e0y \u0111\u1ea3m b\u1ea3o t\u00ednh to\u00e0n v\u1eb9n c\u1ea5u tr\u00fac t\u1ed1i \u0111a, truy\u1ec1n 100% n\u0103ng l\u01b0\u1ee3ng c\u1ee7a b\u1ea1n xu\u1ed1ng m\u1eb7t \u0111\u1ea5t m\u00e0 kh\u00f4ng b\u1ecb m\u1ea5t n\u0103ng l\u01b0\u1ee3ng do u\u1ed1n cong hay lung lay. Cho d\u00f9 \u0111\u01b0\u1ee3c t\u1ea3i n\u1eb7ng \u0111\u1ec3 ph\u00e1t tri\u1ec3n s\u1ee9c m\u1ea1nh hay gi\u1eef nh\u1eb9 \u0111\u1ec3 t\u1eadp luy\u1ec7n t\u1ed1c \u0111\u1ed9, Sled v\u1eabn di chuy\u1ec3n ch\u00ednh x\u00e1c v\u00e0 ch\u1ecbu \u0111\u01b0\u1ee3c s\u1ef1 l\u1ea1m d\u1ee5ng khi b\u1ecb k\u00e9o tr\u00ean c\u1ecf, nh\u1ef1a \u0111\u01b0\u1eddng ho\u1eb7c s\u00e0n cao su. \u0110\u00e2y l\u00e0 c\u00f4ng c\u1ee5 t\u1ed1i \u01b0u cho \u2018Chu\u1ea9n b\u1ecb th\u1ec3 ch\u1ea5t chung\u2019 (GPP), gi\u00fap r\u00e8n luy\u1ec7n ph\u1ed5i v\u00e0 ch\u00e2n \u0111\u1ed3ng th\u1eddi.<\/p>\n<p>Ngo\u00e0i \u01b0u th\u1ebf v\u1ec1 c\u1ea5u tr\u00fac, Sled c\u00f2n \u0111\u01b0\u1ee3c thi\u1ebft k\u1ebf v\u1edbi m\u1ee5c ti\u00eau mang l\u1ea1i s\u1ef1 linh ho\u1ea1t t\u1ed1i \u0111a cho ng\u01b0\u1eddi d\u00f9ng. Tr\u1ee5 ch\u00ednh cho ph\u00e9p l\u1eafp \u0111\u1eb7t s\u1ed1 l\u01b0\u1ee3ng l\u1edbn \u0111\u0129a t\u1ea1 ti\u00eau chu\u1ea9n ho\u1eb7c \u0111\u0129a t\u1ea1 Olympic, gi\u00fap b\u1ea1n \u0111i\u1ec1u ch\u1ec9nh m\u1ee9c kh\u00e1ng l\u1ef1c t\u1eeb c\u1ea5p \u0111\u1ed9 ng\u01b0\u1eddi m\u1edbi b\u1eaft \u0111\u1ea7u cho \u0111\u1ebfn m\u1ee9c c\u1ee7a m\u1ed9t v\u1eadn \u0111\u1ed9ng vi\u00ean b\u00f3ng b\u1ea7u d\u1ee5c ho\u1eb7c c\u1ea7u th\u1ee7 tuy\u1ebfn tr\u01b0\u1edbc \u0111\u1eb3ng c\u1ea5p th\u1ebf gi\u1edbi. C\u00e1c th\u00e0nh \u1ed1ng d\u00e0y v\u00e0 ch\u1eafc ch\u1eafn \u0111\u01b0\u1ee3c ch\u1ebf t\u1ea1o \u0111\u1ec3 ch\u1ecbu \u0111\u01b0\u1ee3c t\u1ea3i tr\u1ecdng l\u1edbn m\u00e0 kh\u00f4ng b\u1ecb bi\u1ebfn d\u1ea1ng. B\u1ec1 m\u1eb7t \u0111\u01b0\u1ee3c x\u1eed l\u00fd b\u1eb1ng l\u1edbp s\u01a1n t\u0129nh \u0111i\u1ec7n m\u00e0u \u0111en ch\u1ea5t l\u01b0\u1ee3ng cao, mang l\u1ea1i kh\u1ea3 n\u0103ng ch\u1ed1ng g\u1ec9 tuy\u1ec7t v\u1eddi v\u00e0 m\u1ed9t l\u1edbp ho\u00e0n thi\u1ec7n chuy\u00ean nghi\u1ec7p, ch\u1ed1ng l\u1ea1i s\u1ef1 hao m\u00f2n do s\u1eed d\u1ee5ng th\u01b0\u01a1ng m\u1ea1i h\u00e0ng ng\u00e0y. H\u01a1n n\u1eefa, n\u00f3 c\u00f2n ho\u1ea1t \u0111\u1ed9ng nh\u01b0 m\u1ed9t \u0111i\u1ec3m neo di \u0111\u1ed9ng cho d\u00e2y th\u1eebng chi\u1ebfn \u0111\u1ea5u ho\u1eb7c d\u00e2y kh\u00e1ng l\u1ef1c, th\u00eam m\u1ed9t l\u1edbp ti\u1ec7n \u00edch n\u1eefa cho kh\u00f4ng gian t\u1eadp luy\u1ec7n c\u1ee7a b\u1ea1n. T\u1eeb ph\u1ee5c h\u1ed3i ch\u1ee9c n\u0103ng \u0111\u1ea7u g\u1ed1i (k\u00e9o l\u00f9i) \u0111\u1ebfn c\u01a1 ch\u1ebf ch\u1ea1y n\u01b0\u1edbc r\u00fat (\u0111\u1ea9y v\u1ec1 ph\u00eda tr\u01b0\u1edbc), Sled l\u00e0 m\u1ed9t c\u00f4ng c\u1ee5 \u0111\u01b0\u1ee3c khoa h\u1ecdc ch\u1ee9ng minh \u0111\u1ec3 c\u1ea3i thi\u1ec7n ch\u1ee9c n\u0103ng c\u01a1 th\u1ec3.<\/p>\n<h3>\u0110\u1ed9 b\u1ec1n nh\u1edd thi\u1ebft k\u1ebf h\u00e0n li\u1ec1n kh\u1ed1i<\/h3>\n<p>\u0110i\u1ec3m n\u1ed5i b\u1eadt c\u1ee7a Alex Sled ch\u00ednh l\u00e0 khung h\u00e0n li\u1ec1n kh\u1ed1i. Trong l\u0129nh v\u1ef1c thi\u1ebft b\u1ecb t\u1eadp t\u1ea1, c\u00e1c m\u1ed1i n\u1ed1i th\u01b0\u1eddng l\u00e0 nh\u1eefng \u0111i\u1ec3m d\u1ec5 h\u1ecfng h\u00f3c. B\u1eb1ng c\u00e1ch h\u00e0n khung th\u00e0nh m\u1ed9t kh\u1ed1i li\u1ec1n m\u1ea1ch v\u00e0 ch\u1eafc ch\u1eafn, ch\u00fang t\u00f4i lo\u1ea1i b\u1ecf ho\u00e0n to\u00e0n vi\u1ec7c s\u1eed d\u1ee5ng bu-l\u00f4ng \u2013 nh\u1eefng chi ti\u1ebft c\u00f3 th\u1ec3 b\u1ecb g\u00e3y ho\u1eb7c l\u1ecfng l\u1ebbo do rung l\u1eafc khi k\u00e9o l\u00ea. Ph\u01b0\u01a1ng ph\u00e1p ch\u1ebf t\u1ea1o n\u00e0y mang l\u1ea1i \u0111\u1ed9 b\u1ec1n \u2018ch\u1ed1ng ch\u1ecdi m\u1ecdi th\u1eed th\u00e1ch\u2019. S\u1ea3n ph\u1ea9m mang l\u1ea1i c\u1ea3m gi\u00e1c ch\u1eafc ch\u1eafn khi c\u1ea7m tr\u00ean tay v\u00e0 di chuy\u1ec3n nh\u01b0 m\u1ed9t kh\u1ed1i th\u1ed1ng nh\u1ea5t. \u0110i\u1ec1u n\u00e0y \u0111\u1eb7c bi\u1ec7t quan tr\u1ecdng \u0111\u1ed1i v\u1edbi c\u00e1c ph\u00f2ng t\u1eadp th\u01b0\u01a1ng m\u1ea1i, n\u01a1i thi\u1ebft b\u1ecb c\u1ea7n ch\u1ecbu \u0111\u01b0\u1ee3c t\u1ea7n su\u1ea5t s\u1eed d\u1ee5ng cao m\u00e0 kh\u00f4ng c\u1ea7n b\u1ea3o tr\u00ec li\u00ean t\u1ee5c. C\u1ea5u tr\u00fac ch\u1eafc ch\u1eafn c\u0169ng gi\u00fap gi\u1ea3m thi\u1ec3u ti\u1ebfng \u1ed3n, ng\u0103n ch\u1eb7n ti\u1ebfng k\u00eau l\u1ea1ch c\u1ea1ch th\u01b0\u1eddng g\u1eb7p \u1edf c\u00e1c lo\u1ea1i xe tr\u01b0\u1ee3t nhi\u1ec1u b\u1ed9 ph\u1eadn.<\/p>\n<h3>C\u00e1c ph\u01b0\u01a1ng ph\u00e1p t\u1eadp luy\u1ec7n \u0111a ch\u1ee9c n\u0103ng<\/h3>\n<p>Chi\u1ebfc xe tr\u01b0\u1ee3t (Sled) l\u00e0 m\u1ed9t thi\u1ebft b\u1ecb \u0111a n\u0103ng tr\u00ean s\u00e0n t\u1eadp gym. N\u00f3 \u0111\u01b0\u1ee3c thi\u1ebft k\u1ebf ch\u1ee7 y\u1ebfu \u0111\u1ec3 th\u1ef1c hi\u1ec7n c\u00e1c \u0111\u1ed9ng t\u00e1c \u0111\u1ea9y v\u00e0 k\u00e9o, hai trong s\u1ed1 nh\u1eefng ki\u1ec3u chuy\u1ec3n \u0111\u1ed9ng ch\u1ee9c n\u0103ng nh\u1ea5t c\u1ee7a con ng\u01b0\u1eddi. \u0110\u1ea9y xe tr\u01b0\u1ee3t gi\u00fap r\u00e8n luy\u1ec7n c\u01a1 \u0111\u00f9i tr\u01b0\u1edbc, c\u01a1 b\u1eafp ch\u00e2n v\u00e0 v\u00f9ng l\u00f5i ph\u00eda tr\u01b0\u1edbc, m\u00f4 ph\u1ecfng giai \u0111o\u1ea1n \u0111\u1ea9y m\u1ea1nh trong ch\u1ea1y n\u01b0\u1edbc r\u00fat. K\u00e9o xe tr\u01b0\u1ee3t (s\u1eed d\u1ee5ng d\u00e2y \u0111ai an to\u00e0n ho\u1eb7c tay c\u1ea7m) chuy\u1ec3n tr\u1ecdng t\u00e2m sang chu\u1ed7i c\u01a1 ph\u00eda sau \u2014 c\u01a1 \u0111\u00f9i sau, c\u01a1 m\u00f4ng v\u00e0 l\u01b0ng d\u01b0\u1edbi \u2014 v\u00e0 \u0111\u01b0\u1ee3c s\u1eed d\u1ee5ng r\u1ed9ng r\u00e3i \u0111\u1ec3 b\u1ea3o v\u1ec7 s\u1ee9c kh\u1ecfe \u0111\u1ea7u g\u1ed1i v\u00e0 ph\u1ee5c h\u1ed3i ch\u1ee9c n\u0103ng. Ngo\u00e0i ra, c\u00e1c \u0111i\u1ec3m neo t\u00edch h\u1ee3p cho ph\u00e9p n\u00f3 ho\u1ea1t \u0111\u1ed9ng nh\u01b0 m\u1ed9t b\u1ec7 di \u0111\u1ed9ng cho d\u00e2y t\u1eadp chi\u1ebfn \u0111\u1ea5u, gi\u00fap b\u1ea1n thi\u1ebft l\u1eadp tr\u1ea1m t\u1eadp luy\u1ec7n \u1edf b\u1ea5t k\u1ef3 \u0111\u00e2u c\u00f3 kh\u00f4ng gian, m\u00e0 kh\u00f4ng c\u1ea7n khoan v\u00e0o t\u01b0\u1eddng hay s\u00e0n.<\/p>\n<h3>Thi\u1ebft k\u1ebf ch\u1ecbu t\u1ea3i cao<\/h3>\n<p>T\u1ea3i tr\u1ecdng t\u0103ng d\u1ea7n l\u00e0 ch\u00eca kh\u00f3a \u0111\u1ec3 t\u0103ng c\u01b0\u1eddng s\u1ee9c m\u1ea1nh, v\u00e0 chi\u1ebfc xe tr\u01b0\u1ee3t Sled \u0111\u01b0\u1ee3c thi\u1ebft k\u1ebf \u0111\u1ec3 \u0111\u00e1p \u1ee9ng y\u00eau c\u1ea7u n\u00e0y. Tr\u1ee5c t\u1ea1 trung t\u00e2m \u0111\u01b0\u1ee3c thi\u1ebft k\u1ebf \u0111\u1ec3 ch\u1ee9a m\u1ed9t ch\u1ed3ng \u0111\u0129a t\u1ea1 kh\u1ed5ng l\u1ed3. \u1ed0ng k\u1ebft c\u1ea5u c\u00f3 th\u00e0nh d\u00e0y \u0111\u01b0\u1ee3c l\u1ef1a ch\u1ecdn \u0111\u1eb7c bi\u1ec7t \u0111\u1ec3 ch\u1ecbu \u0111\u01b0\u1ee3c tr\u1ecdng l\u01b0\u1ee3ng n\u00e0y m\u00e0 kh\u00f4ng b\u1ecb u\u1ed1n cong. Kh\u1ea3 n\u0103ng ch\u1ecbu t\u1ea3i cao n\u00e0y khi\u1ebfn Sled ph\u00f9 h\u1ee3p v\u1edbi t\u1ea5t c\u1ea3 m\u1ecdi ng\u01b0\u1eddi, t\u1eeb c\u00e1c v\u1eadn \u0111\u1ed9ng vi\u00ean \u0111i\u1ec1n kinh c\u1ea7n l\u1ef1c c\u1ea3n nh\u1eb9 \u0111\u1ec3 r\u00e8n luy\u1ec7n t\u1ed1c \u0111\u1ed9 \u0111\u1ebfn c\u00e1c v\u1eadn \u0111\u1ed9ng vi\u00ean c\u1eed t\u1ea1 v\u00e0 ng\u01b0\u1eddi m\u1ea1nh nh\u1ea5t th\u1ebf gi\u1edbi c\u1ea7n l\u1ef1c c\u1ea3n h\u00e0ng tr\u0103m kg \u0111\u1ec3 r\u00e8n luy\u1ec7n s\u1ee9c m\u1ea1nh. S\u1ef1 \u1ed5n \u0111\u1ecbnh c\u1ee7a \u0111\u1ebf r\u1ed9ng \u0111\u1ea3m b\u1ea3o r\u1eb1ng ngay c\u1ea3 khi \u0111\u01b0\u1ee3c ch\u1ea5t \u0111\u1ea7y t\u1ea3i, xe tr\u01b0\u1ee3t v\u1eabn \u0111\u1ee9ng th\u1eb3ng v\u00e0 \u1ed5n \u0111\u1ecbnh, ng\u0103n ng\u1eeba vi\u1ec7c l\u1eadt \u0111\u1ed5 khi r\u1ebd ho\u1eb7c \u0111\u1ea9y kh\u00f4ng \u0111\u1ec1u.<\/p>\n<h3>L\u1edbp s\u01a1n t\u0129nh \u0111i\u1ec7n cao c\u1ea5p<\/h3>\n<p>V\u1ebb \u0111\u1eb9p th\u1ea9m m\u1ef9 v\u00e0 \u0111\u1ed9 b\u1ec1n \u0111i \u0111\u00f4i v\u1edbi nhau tr\u00ean chi\u1ebfc Alex Sled. Th\u00e9p \u0111\u01b0\u1ee3c ph\u1ee7 m\u1ed9t l\u1edbp s\u01a1n t\u0129nh \u0111i\u1ec7n ch\u1eafc ch\u1eafn, \u0111\u01b0\u1ee3c nung \u1edf nhi\u1ec7t \u0111\u1ed9 cao \u0111\u1ec3 \u0111\u1ea3m b\u1ea3o \u0111\u1ed9 b\u00e1m d\u00ednh. \u0110\u00e2y kh\u00f4ng ch\u1ec9 l\u00e0 l\u1edbp s\u01a1n th\u00f4ng th\u01b0\u1eddng; \u0111\u00f3 l\u00e0 l\u1edbp v\u1ecf b\u1ea3o v\u1ec7 ch\u1ed1ng l\u1ea1i qu\u00e1 tr\u00ecnh oxy h\u00f3a, m\u1ed3 h\u00f4i v\u00e0 \u0111\u1ed9 \u1ea9m. \u0110i\u1ec1u n\u00e0y \u0111\u1eb7c bi\u1ec7t quan tr\u1ecdng \u0111\u1ed1i v\u1edbi m\u1ed9t thi\u1ebft b\u1ecb th\u01b0\u1eddng xuy\u00ean ti\u1ebfp x\u00fac v\u1edbi s\u00e0n nh\u00e0 v\u00e0 c\u00f3 th\u1ec3 ph\u1ea3i ch\u1ecbu ma s\u00e1t t\u1eeb c\u00e1c b\u1ec1 m\u1eb7t c\u1ee9ng. L\u1edbp s\u01a1n \u0111en mang l\u1ea1i v\u1ebb ngo\u00e0i sang tr\u1ecdng, cao c\u1ea5p, ph\u00f9 h\u1ee3p ho\u00e0n h\u1ea3o v\u1edbi c\u1ea3 c\u00e1c ph\u00f2ng t\u1eadp boutique hi\u1ec7n \u0111\u1ea1i l\u1eabn c\u00e1c ph\u00f2ng t\u1eadp garage \u0111\u1ea7y c\u00e1 t\u00ednh. N\u00f3 v\u1eabn gi\u1eef \u0111\u01b0\u1ee3c v\u1ebb ngo\u00e0i chuy\u00ean nghi\u1ec7p ngay c\u1ea3 sau h\u00e0ng d\u1eb7m di chuy\u1ec3n.<\/p>\n<h3>T\u1eadp luy\u1ec7n s\u1ee9c b\u1ec1n c\u1ed1t l\u00f5i v\u00e0 chuy\u1ec3n h\u00f3a<\/h3>\n<p>M\u1eb7c d\u00f9 th\u01b0\u1eddng \u0111\u01b0\u1ee3c x\u1ebfp v\u00e0o danh m\u1ee5c \u2018thi\u1ebft b\u1ecb t\u1eadp ch\u00e2n\u2019, xe tr\u01b0\u1ee3t tuy\u1ebft (Sled) l\u1ea1i l\u00e0 c\u00f4ng c\u1ee5 \u0111\u1eafc l\u1ef1c cho vi\u1ec7c r\u00e8n luy\u1ec7n c\u01a1 l\u00f5i v\u00e0 t\u0103ng c\u01b0\u1eddng trao \u0111\u1ed5i ch\u1ea5t. Vi\u1ec7c \u0111\u1ea9y m\u1ed9t chi\u1ebfc xe tr\u01b0\u1ee3t tuy\u1ebft n\u1eb7ng \u0111\u00f2i h\u1ecfi s\u1ef1 v\u1eefng ch\u1eafc tuy\u1ec7t \u0111\u1ed1i c\u1ee7a c\u01a1 l\u00f5i \u0111\u1ec3 truy\u1ec1n l\u1ef1c t\u1eeb ph\u1ea7n th\u00e2n tr\u00ean xu\u1ed1ng ch\u00e2n; n\u1ebfu c\u01a1 l\u00f5i y\u1ebfu th\u00ec xe s\u1ebd kh\u00f4ng th\u1ec3 di chuy\u1ec3n. \u0110i\u1ec1u n\u00e0y gi\u00fap v\u1eadn \u0111\u1ed9ng vi\u00ean h\u1ecdc c\u00e1ch si\u1ebft ch\u1eb7t c\u01a1 l\u00f5i m\u1ed9t c\u00e1ch hi\u1ec7u qu\u1ea3 khi ch\u1ecbu t\u1ea3i tr\u1ecdng \u0111\u1ed9ng. H\u01a1n n\u1eefa, t\u1eadp luy\u1ec7n v\u1edbi xe tr\u01b0\u1ee3t ch\u1ec9 bao g\u1ed3m giai \u0111o\u1ea1n co c\u01a1 (kh\u00f4ng c\u00f3 giai \u0111o\u1ea1n gi\u00e3n c\u01a1), \u0111i\u1ec1u n\u00e0y c\u00f3 ngh\u0129a l\u00e0 n\u00f3 g\u00e2y ra \u00edt \u0111au nh\u1ee9c c\u01a1 b\u1eafp (DOMS) h\u01a1n so v\u1edbi squat n\u1eb7ng. \u0110i\u1ec1u n\u00e0y cho ph\u00e9p th\u1ef1c hi\u1ec7n c\u00e1c b\u00e0i t\u1eadp th\u1ec3 l\u1ef1c c\u01b0\u1eddng \u0111\u1ed9 cao, \u0111\u1ed1t ch\u00e1y l\u01b0\u1ee3ng calo kh\u1ed5ng l\u1ed3 v\u00e0 c\u1ea3i thi\u1ec7n VO2 max m\u00e0 kh\u00f4ng l\u00e0m \u1ea3nh h\u01b0\u1edfng \u0111\u1ebfn qu\u00e1 tr\u00ecnh ph\u1ee5c h\u1ed3i cho bu\u1ed5i t\u1eadp n\u00e2ng t\u1ea1 v\u00e0o ng\u00e0y h\u00f4m sau.<\/p>\n<h3>\u0110\u1ed1i t\u01b0\u1ee3ng d\u00e0nh cho ai?<\/h3>\n<ul style=\"list-style-position: inside; padding-left: 0;\">\n<li>C\u00e1c ph\u00f2ng t\u1eadp th\u1ec3 h\u00ecnh th\u01b0\u01a1ng m\u1ea1i v\u00e0 thi\u1ebft b\u1ecb t\u1eadp luy\u1ec7n kh\u00f4ng c\u1ea7n b\u1ea3o tr\u00ec.<\/li>\n<li>C\u00e1c v\u1eadn \u0111\u1ed9ng vi\u00ean th\u1ec3 thao ngo\u00e0i tr\u1eddi (b\u00f3ng b\u1ea7u d\u1ee5c, b\u00f3ng \u0111\u00e1) t\u1eadp luy\u1ec7n \u0111\u1ec3 c\u1ea3i thi\u1ec7n kh\u1ea3 n\u0103ng t\u0103ng t\u1ed1c v\u00e0 s\u1ee9c m\u1ea1nh khi t\u1eafc b\u00f3ng.<\/li>\n<li>C\u00e1c hu\u1ea5n luy\u1ec7n vi\u00ean th\u1ec3 l\u1ef1c \u0111ang t\u00ecm ki\u1ebfm c\u00e1c ph\u01b0\u01a1ng ph\u00e1p r\u00e8n luy\u1ec7n th\u1ec3 l\u1ef1c c\u00f3 t\u00e1c \u0111\u1ed9ng th\u1ea5p nh\u01b0ng c\u01b0\u1eddng \u0111\u1ed9 cao cho kh\u00e1ch h\u00e0ng.<\/li>\n<li>C\u00e1c chuy\u00ean gia ph\u1ee5c h\u1ed3i ch\u1ee9c n\u0103ng s\u1eed d\u1ee5ng ph\u01b0\u01a1ng ph\u00e1p k\u00e9o xe tr\u01b0\u1ee3t l\u00f9i \u0111\u1ec3 t\u0103ng c\u01b0\u1eddng s\u1ee9c m\u1ea1nh cho kh\u1edbp g\u1ed1i.<\/li>\n<li>Ch\u1ee7 s\u1edf h\u1eefu ph\u00f2ng t\u1eadp t\u1ea1i nh\u00e0 c\u00f3 l\u1ed1i v\u00e0o ho\u1eb7c m\u1ed9t m\u1ea3nh s\u00e2n c\u1ecf \u0111ang t\u00ecm ki\u1ebfm c\u00e1c ph\u01b0\u01a1ng \u00e1n t\u1eadp luy\u1ec7n ngo\u00e0i tr\u1eddi linh ho\u1ea1t.<\/li>\n<\/ul>\n<h3>Th\u00f4ng s\u1ed1 k\u1ef9 thu\u1eadt s\u1ea3n ph\u1ea9m<\/h3>\n<table border=\"1\" width=\"100%\" cellspacing=\"0\" cellpadding=\"5\">\n<tbody>\n<tr>\n<td><strong>Ch\u1ea5t li\u1ec7u<\/strong><\/td>\n<td>\u1ed0ng th\u00e9p<\/td>\n<\/tr>\n<tr>\n<td><strong>Ho\u00e0n th\u00e0nh<\/strong><\/td>\n<td>S\u01a1n t\u0129nh \u0111i\u1ec7n<\/td>\n<\/tr>\n<tr>\n<td><strong>K\u00edch th\u01b0\u1edbc<\/strong><\/td>\n<td>D\u00e0i 605 x R\u1ed9ng 1016 x Cao 971 mm<\/td>\n<\/tr>\n<tr>\n<td><strong>Tr\u1ecdng l\u01b0\u1ee3ng s\u1ea3n ph\u1ea9m<\/strong><\/td>\n<td>36 kg<\/td>\n<\/tr>\n<tr>\n<td><strong>M\u00e0u s\u1eafc<\/strong><\/td>\n<td>M\u00e0u \u0111en<\/td>\n<\/tr>\n<\/tbody>\n<\/table>","protected":false},"excerpt":{"rendered":"<p>Chi\u1ebfc xe tr\u01b0\u1ee3t (Sled) c\u1ee7a Alex Athletics l\u00e0 m\u1ed9t d\u1ee5ng c\u1ee5 t\u1eadp luy\u1ec7n \u0111\u1ea1t ti\u00eau chu\u1ea9n thi \u0111\u1ea5u, \u0111\u01b0\u1ee3c thi\u1ebft k\u1ebf \u0111\u1ec3 ph\u00e1t tri\u1ec3n t\u1ed1c \u0111\u1ed9 b\u00f9ng n\u1ed5, s\u1ee9c m\u1ea1nh v\u01b0\u1ee3t tr\u1ed9i v\u00e0 th\u1ec3 l\u1ef1c v\u00f4 song. \u0110\u01b0\u1ee3c ch\u1ebf t\u1ea1o t\u1eeb k\u1ebft c\u1ea5u th\u00e9p h\u00e0n nguy\u00ean kh\u1ed1i, chi\u1ebfc xe tr\u01b0\u1ee3t c\u1ed1 \u0111\u1ecbnh n\u00e0y mang l\u1ea1i \u0111\u1ed9 ch\u1eafc ch\u1eafn v\u00e0 \u0111\u1ed9 b\u1ec1n m\u00e0 c\u00e1c m\u1eabu l\u1eafp gh\u00e9p b\u1eb1ng bu-l\u00f4ng kh\u00f4ng th\u1ec3 s\u00e1nh k\u1ecbp. B\u1ec1 m\u1eb7t s\u1ea3n ph\u1ea9m \u0111\u01b0\u1ee3c ph\u1ee7 l\u1edbp s\u01a1n t\u0129nh \u0111i\u1ec7n cao c\u1ea5p, gi\u00fap ch\u1ed1ng g\u1ec9 s\u00e9t v\u00e0 t\u1ea1o n\u00ean v\u1ebb ngo\u00e0i sang tr\u1ecdng, \u0111\u1eb3ng c\u1ea5p. Chi\u1ebfc xe tr\u01b0\u1ee3t n\u00e0y c\u00f3 m\u1ed9t c\u1ed9t t\u1ea1 \u1edf gi\u1eefa \u0111\u1ec3 ch\u1ecbu t\u1ea3i n\u1eb7ng v\u1edbi c\u00e1c \u0111\u0129a t\u1ea1 v\u00e0 \u0111\u00f3ng vai tr\u00f2 l\u00e0 \u0111i\u1ec3m neo ch\u1eafc ch\u1eafn cho d\u00e2y th\u1eebng t\u1eadp luy\u1ec7n. Cho d\u00f9 l\u00e0 \u0111\u1ea9y \u0111\u1ec3 r\u00e8n luy\u1ec7n s\u1ee9c m\u1ea1nh ch\u00e2n hay k\u00e9o \u0111\u1ec3 ph\u00e1t tri\u1ec3n chu\u1ed7i c\u01a1 sau, c\u00e1c th\u00e0nh \u1ed1ng d\u00e0y v\u00e0 ch\u1eafc ch\u1eafn \u0111\u1ea3m b\u1ea3o kh\u1ea3 n\u0103ng ch\u1ecbu t\u1ea3i cao. L\u00fd t\u01b0\u1edfng cho c\u00e1c ph\u00f2ng t\u1eadp th\u1ec3 d\u1ee5c th\u01b0\u01a1ng m\u1ea1i v\u00e0 khu v\u1ef1c t\u1eadp luy\u1ec7n ch\u1ee9c n\u0103ng, chi\u1ebfc xe tr\u01b0\u1ee3t n\u00e0y l\u00e0 c\u00f4ng c\u1ee5 t\u1ed1i \u01b0u cho c\u00e1c b\u00e0i t\u1eadp c\u1ed1t l\u00f5i v\u00e0 r\u00e8n luy\u1ec7n th\u1ec3 l\u1ef1c.<\/p>","protected":false},"featured_media":3607,"comment_status":"open","ping_status":"closed","template":"","meta":{"inline_featured_image":false,"site-sidebar-layout":"default","site-content-layout":"","ast-site-content-layout":"default","site-content-style":"default","site-sidebar-style":"default","ast-global-header-display":"","ast-banner-title-visibility":"","ast-main-header-display":"","ast-hfb-above-header-display":"","ast-hfb-below-header-display":"","ast-hfb-mobile-header-display":"","site-post-title":"","ast-breadcrumbs-content":"","ast-featured-img":"","footer-sml-layout":"","ast-disable-related-posts":"","theme-transparent-header-meta":"default","adv-header-id-meta":"","stick-header-meta":"default","header-above-stick-meta":"","header-main-stick-meta":"","header-below-stick-meta":"","astra-migrate-meta-layouts":"set","ast-page-background-enabled":"default","ast-page-background-meta":{"desktop":{"background-color":"","background-image":"","background-repeat":"repeat","background-position":"center center","background-size":"auto","background-attachment":"scroll","background-type":"","background-media":"","overlay-type":"","overlay-color":"","overlay-opacity":"","overlay-gradient":""},"tablet":{"background-color":"","background-image":"","background-repeat":"repeat","background-position":"center center","background-size":"auto","background-attachment":"scroll","background-type":"","background-media":"","overlay-type":"","overlay-color":"","overlay-opacity":"","overlay-gradient":""},"mobile":{"background-color":"","background-image":"","background-repeat":"repeat","background-position":"center center","background-size":"auto","background-attachment":"scroll","background-type":"","background-media":"","overlay-type":"","overlay-color":"","overlay-opacity":"","overlay-gradient":""}},"ast-content-background-meta":{"desktop":{"background-color":"var(--ast-global-color-5)","background-image":"","background-repeat":"repeat","background-position":"center center","background-size":"auto","background-attachment":"scroll","background-type":"","background-media":"","overlay-type":"","overlay-color":"","overlay-opacity":"","overlay-gradient":""},"tablet":{"background-color":"var(--ast-global-color-5)","background-image":"","background-repeat":"repeat","background-position":"center center","background-size":"auto","background-attachment":"scroll","background-type":"","background-media":"","overlay-type":"","overlay-color":"","overlay-opacity":"","overlay-gradient":""},"mobile":{"background-color":"var(--ast-global-color-5)","background-image":"","background-repeat":"repeat","background-position":"center center","background-size":"auto","background-attachment":"scroll","background-type":"","background-media":"","overlay-type":"","overlay-color":"","overlay-opacity":"","overlay-gradient":""}}},"product_brand":[],"product_cat":[54],"product_tag":[56],"class_list":{"0":"post-2847","1":"product","2":"type-product","3":"status-publish","4":"has-post-thumbnail","6":"product_cat-strength-equipment","7":"product_tag-functional-equipment","8":"desktop-align-left","9":"tablet-align-left","10":"mobile-align-left","12":"first","13":"instock","14":"shipping-taxable","15":"purchasable","16":"product-type-simple"},"_links":{"self":[{"href":"https:\/\/alexathletics1982.com\/vi\/wp-json\/wp\/v2\/product\/2847","targetHints":{"allow":["GET"]}}],"collection":[{"href":"https:\/\/alexathletics1982.com\/vi\/wp-json\/wp\/v2\/product"}],"about":[{"href":"https:\/\/alexathletics1982.com\/vi\/wp-json\/wp\/v2\/types\/product"}],"replies":[{"embeddable":true,"href":"https:\/\/alexathletics1982.com\/vi\/wp-json\/wp\/v2\/comments?post=2847"}],"wp:featuredmedia":[{"embeddable":true,"href":"https:\/\/alexathletics1982.com\/vi\/wp-json\/wp\/v2\/media\/3607"}],"wp:attachment":[{"href":"https:\/\/alexathletics1982.com\/vi\/wp-json\/wp\/v2\/media?parent=2847"}],"wp:term":[{"taxonomy":"product_brand","embeddable":true,"href":"https:\/\/alexathletics1982.com\/vi\/wp-json\/wp\/v2\/product_brand?post=2847"},{"taxonomy":"product_cat","embeddable":true,"href":"https:\/\/alexathletics1982.com\/vi\/wp-json\/wp\/v2\/product_cat?post=2847"},{"taxonomy":"product_tag","embeddable":true,"href":"https:\/\/alexathletics1982.com\/vi\/wp-json\/wp\/v2\/product_tag?post=2847"}],"curies":[{"name":"wp","href":"https:\/\/api.w.org\/{rel}","templated":true}]}}