{"id":2887,"date":"2026-01-23T20:19:59","date_gmt":"2026-01-23T12:19:59","guid":{"rendered":"https:\/\/alexathletics1982.com\/?post_type=product&#038;p=2887"},"modified":"2026-04-08T22:18:56","modified_gmt":"2026-04-08T14:18:56","slug":"thanh-ta-ez","status":"publish","type":"product","link":"https:\/\/alexathletics1982.com\/vi\/ez-curl-bar\/","title":{"rendered":"Thanh u\u1ed1n EZ"},"content":{"rendered":"<h2>S\u1ef1 c\u00e1ch ly ho\u00e0n h\u1ea3o: Thanh t\u1ea1 EZ Curl thi\u1ebft k\u1ebf theo nguy\u00ean t\u1eafc c\u00f4ng th\u00e1i h\u1ecdc<\/h2>\n<p>\u0110\u1ec3 x\u00e2y d\u1ef1ng c\u01a1 b\u1eafp c\u00e1nh tay v\u1ea1m v\u1ee1, kh\u00f4ng ch\u1ec9 c\u1ea7n t\u1ea1 n\u1eb7ng m\u00e0 c\u00f2n c\u1ea7n s\u1ef1 ch\u00ednh x\u00e1c v\u1ec1 m\u1eb7t c\u00f4ng th\u00e1i h\u1ecdc. Thanh t\u1ea1 EZ Curl Bar c\u1ee7a Alex Athletics l\u00e0 m\u1ed9t d\u1ee5ng c\u1ee5 t\u1eadp th\u1ec3 h\u00ecnh thi\u1ebft y\u1ebfu, \u0111\u01b0\u1ee3c thi\u1ebft k\u1ebf \u0111\u1ec3 t\u1eadp trung v\u00e0o c\u01a1 b\u1eafp tay tr\u01b0\u1edbc v\u00e0 c\u01a1 b\u1eafp tay sau, \u0111\u1ed3ng th\u1eddi gi\u1ea3m b\u1edbt \u00e1p l\u1ef1c l\u00ean kh\u1edbp do thanh t\u1ea1 th\u1eb3ng g\u00e2y ra. \u0110\u1eb7c \u0111i\u1ec3m n\u1ed5i b\u1eadt c\u1ee7a thanh t\u1ea1 n\u00e0y l\u00e0 c\u1ea5u tr\u00fac tr\u1ee5c \u201ccong\u201d ho\u1eb7c zigzag. Khi th\u1ef1c hi\u1ec7n \u0111\u1ed9ng t\u00e1c u\u1ed1n b\u1eafp tay v\u1edbi thanh t\u1ea1 th\u1eb3ng, c\u1ed5 tay b\u1ecb \u00e9p v\u00e0o t\u01b0 th\u1ebf xoay ngo\u00e0i ho\u00e0n to\u00e0n, \u0111i\u1ec1u n\u00e0y c\u00f3 th\u1ec3 t\u1ea1o ra l\u1ef1c xo\u1eafn r\u1ea5t l\u1edbn l\u00ean c\u1ed5 tay v\u00e0 khu\u1ef7u tay, d\u1eabn \u0111\u1ebfn vi\u00eam g\u00e2n (th\u01b0\u1eddng \u0111\u01b0\u1ee3c g\u1ecdi l\u00e0 \u201ckhu\u1ef7u tay ng\u01b0\u1eddi ch\u01a1i golf\u201d). C\u00e1c tay c\u1ea7m g\u00f3c c\u1ea1nh c\u1ee7a thanh EZ cho ph\u00e9p tay \u1edf t\u01b0 th\u1ebf b\u00e1n xoay ngo\u00e0i. S\u1ef1 xoay nh\u1eb9 v\u00e0o trong n\u00e0y gi\u00fap c\u0103n ch\u1ec9nh c\u1ea5u tr\u00fac x\u01b0\u01a1ng c\u1ee7a c\u1eb3ng tay v\u00e0 c\u1ed5 tay, gi\u1ea3m \u0111\u00e1ng k\u1ec3 c\u0103ng th\u1eb3ng v\u00e0 cho ph\u00e9p th\u1ef1c hi\u1ec7n \u0111\u1ed9ng t\u00e1c cu\u1ed9n t\u1ea1 m\u00e0 kh\u00f4ng \u0111au, ngay c\u1ea3 khi mang t\u1ea3i n\u1eb7ng.<\/p>\n<p>Ngo\u00e0i s\u1ef1 tho\u1ea3i m\u00e1i, thanh EZ Curl Bar c\u00f2n mang l\u1ea1i kh\u1ea3 n\u0103ng c\u00f4 l\u1eadp c\u01a1 b\u1eafp v\u01b0\u1ee3t tr\u1ed9i. C\u00e1c g\u00f3c \u0111\u1ed9 \u0111\u01b0\u1ee3c thi\u1ebft k\u1ebf \u0111\u1ec3 \u0111i\u1ec1u ch\u1ec9nh tr\u1ecdng t\u00e2m gi\u1eefa \u0111\u1ea7u d\u00e0i v\u00e0 \u0111\u1ea7u ng\u1eafn c\u1ee7a c\u01a1 b\u1eafp tay t\u00f9y thu\u1ed9c v\u00e0o v\u1ecb tr\u00ed c\u1ea7m n\u1eafm. \u0110\u00e2y c\u0169ng l\u00e0 l\u1ef1a ch\u1ecdn t\u1ed1i \u01b0u cho b\u00e0i t\u1eadp du\u1ed7i c\u01a1 tam \u0111\u1ea7u (Skull Crushers); thi\u1ebft k\u1ebf tay c\u1ea7m nghi\u00eang gi\u00fap gi\u1eef khu\u1ef7u tay s\u00e1t v\u00e0o ng\u01b0\u1eddi, t\u1ea1o l\u1ef1c c\u0103ng t\u1ed1i \u0111a l\u00ean c\u01a1 tam \u0111\u1ea7u \u0111\u1ed3ng th\u1eddi gi\u1ea3m \u00e1p l\u1ef1c l\u00ean kh\u1edbp khu\u1ef7u tay. \u0110\u01b0\u1ee3c ch\u1ebf t\u1ea1o t\u1eeb th\u00e9p nguy\u00ean kh\u1ed1i v\u1edbi l\u1edbp m\u1ea1 cr\u00f4m b\u1ec1n b\u1ec9, thanh EZ Curl Bar c\u1ee7a Alex c\u00f3 c\u00e1c ph\u1ea7n tay c\u1ea7m \u0111\u01b0\u1ee3c gia c\u00f4ng nh\u00e1m \u0111\u1ec3 \u0111\u1ea3m b\u1ea3o \u0111\u1ed9 b\u00e1m ch\u1eafc ch\u1eafn v\u00e0 ch\u1ed1ng tr\u01b0\u1ee3t. V\u1edbi c\u00e1c \u1ed1ng xoay gi\u00fap lo\u1ea1i b\u1ecf qu\u00e1n t\u00ednh quay c\u1ee7a \u0111\u0129a t\u1ea1, thanh n\u00e0y l\u00e0 m\u1ed9t n\u00e2ng c\u1ea5p sinh c\u01a1 h\u1ecdc cho b\u1ea5t k\u1ef3 b\u00e0i t\u1eadp n\u00e0o cho ph\u1ea7n th\u00e2n tr\u00ean.<\/p>\n<h3>1. Tay c\u1ea7m g\u00f3c nghi\u00eang th\u00e2n thi\u1ec7n v\u1edbi kh\u1edbp<\/h3>\n<p>L\u00fd do ch\u00ednh \u0111\u1ec3 s\u1eed d\u1ee5ng thanh t\u1ea1 EZ l\u00e0 v\u00ec s\u1ee9c kh\u1ecfe x\u01b0\u01a1ng kh\u1edbp. C\u00e1c \u0111\u01b0\u1eddng cong tr\u00ean thanh t\u1ea1 cho ph\u00e9p b\u1ea1n c\u1ea7m n\u1eafm v\u1edbi c\u1ed5 tay h\u01a1i nghi\u00eang v\u00e0o trong. \u0110i\u1ec1u n\u00e0y gi\u00fap trung h\u00f2a l\u1ef1c c\u0103ng valgus l\u00ean khu\u1ef7u tay \u2013 hi\u1ec7n t\u01b0\u1ee3ng th\u01b0\u1eddng x\u1ea3y ra khi s\u1eed d\u1ee5ng thanh t\u1ea1 th\u1eb3ng. \u0110\u1ed1i v\u1edbi nh\u1eefng ng\u01b0\u1eddi t\u1eadp t\u1ea1 c\u00f3 kh\u1ea3 n\u0103ng v\u1eadn \u0111\u1ed9ng c\u1ed5 tay h\u1ea1n ch\u1ebf ho\u1eb7c \u0111ang b\u1ecb \u0111au khu\u1ef7u tay, thanh t\u1ea1 n\u00e0y ch\u00ednh l\u00e0 y\u1ebfu t\u1ed1 quy\u1ebft \u0111\u1ecbnh gi\u00fap h\u1ecd c\u00f3 th\u1ec3 ti\u1ebfp t\u1ee5c t\u1eadp luy\u1ec7n c\u01a1 tay thay v\u00ec ph\u1ea3i t\u1ea1m ng\u01b0ng t\u1eadp luy\u1ec7n.<\/p>\n<h3>2. T\u1eadp trung v\u00e0o vi\u1ec7c c\u00f4 l\u1eadp c\u01a1 b\u1eafp tay tr\u01b0\u1edbc v\u00e0 c\u01a1 b\u1eafp tay sau<\/h3>\n<p>Thanh EZ kh\u00f4ng ch\u1ec9 \u0111\u01a1n thu\u1ea7n l\u00e0 v\u1ea5n \u0111\u1ec1 an to\u00e0n; n\u00f3 c\u00f2n li\u00ean quan \u0111\u1ebfn g\u00f3c \u0111\u1ed9. C\u00e1ch c\u1ea7m thanh h\u1eb9p gi\u00fap t\u1eadp trung v\u00e0o ph\u1ea7n \u0111\u1ea7u d\u00e0i c\u1ee7a c\u01a1 nh\u1ecb \u0111\u1ea7u (\u0111\u1ec9nh ngo\u00e0i), trong khi c\u00e1ch c\u1ea7m thanh r\u1ed9ng l\u1ea1i nh\u1eafm v\u00e0o ph\u1ea7n \u0111\u1ea7u ng\u1eafn (ph\u1ea7n d\u00e0y b\u00ean trong). \u0110\u1ed1i v\u1edbi c\u01a1 tam \u0111\u1ea7u, thanh EZ l\u00e0 ti\u00eau chu\u1ea9n v\u00e0ng cho c\u00e1c b\u00e0i t\u1eadp \u201cSkull Crushers\u201d v\u00e0 k\u00e9o t\u1ea1 qua \u0111\u1ea7u, cho ph\u00e9p c\u01a1 \u0111\u01b0\u1ee3c k\u00e9o gi\u00e3n s\u00e2u v\u00e0 co b\u00f3p m\u1ea1nh m\u1ebd \u2013 \u0111i\u1ec1u kh\u00f3 c\u00f3 th\u1ec3 th\u1ef1c hi\u1ec7n \u0111\u01b0\u1ee3c v\u1edbi t\u1ea1 \u0111\u01a1n.<\/p>\n<h3>3. Tay c\u1ea7m c\u00f3 v\u00e2n ch\u1ed1ng tr\u01b0\u1ee3t<\/h3>\n<p>Tay \u01b0\u1edbt m\u1ed3 h\u00f4i kh\u00f4ng n\u00ean c\u1ea3n tr\u1edf vi\u1ec7c t\u1eadp luy\u1ec7n c\u1ee7a b\u1ea1n. C\u00e1c ph\u1ea7n tay c\u1ea7m nghi\u00eang \u0111\u01b0\u1ee3c thi\u1ebft k\u1ebf v\u1edbi hoa v\u0103n v\u00e2n kim c\u01b0\u01a1ng. Thi\u1ebft k\u1ebf n\u00e0y mang l\u1ea1i c\u1ea3m gi\u00e1c b\u00e1m ch\u1eafc ch\u1eafn, gi\u00fap tay b\u1ea1n b\u00e1m ch\u1eb7t v\u00e0o thanh t\u1ea1, ng\u0103n kh\u00f4ng cho thanh t\u1ea1 tr\u01b0\u1ee3t ho\u1eb7c xoay trong tay khi t\u1eadp. Hoa v\u0103n v\u00e2n c\u00f3 \u0111\u1ed9 s\u00e2u v\u1eeba ph\u1ea3i, gi\u00fap t\u0103ng \u0111\u1ed9 b\u00e1m m\u00e0 kh\u00f4ng g\u00e2y tr\u1ea7y x\u01b0\u1edbc da.<\/p>\n<h3>4. \u1ed0ng xoay<\/h3>\n<p>Thi\u1ebft k\u1ebf ch\u1ea5t l\u01b0\u1ee3ng cao bao g\u1ed3m c\u00e1c \u1ed1ng xoay. Khi b\u1ea1n cu\u1ed9n t\u1ea1 l\u00ean, g\u00f3c nghi\u00eang c\u1ee7a thanh t\u1ea1 s\u1ebd thay \u0111\u1ed5i. N\u1ebfu c\u00e1c \u1ed1ng n\u00e0y l\u00e0 c\u1ed1 \u0111\u1ecbnh, qu\u00e1n t\u00ednh c\u1ee7a c\u00e1c \u0111\u0129a t\u1ea1 n\u1eb7ng s\u1ebd khi\u1ebfn c\u1ed5 tay b\u1ea1n b\u1ecb v\u1eb7n xo\u1eafn. C\u00e1c \u1ed1ng xoay cho ph\u00e9p c\u00e1c \u0111\u0129a t\u1ea1 quay \u0111\u1ed9c l\u1eadp v\u1edbi tr\u1ee5c thanh, \u0111\u1ea3m b\u1ea3o \u0111\u1ed9ng t\u00e1c di\u1ec5n ra m\u01b0\u1ee3t m\u00e0 v\u00e0 s\u1ef1 t\u1eadp trung ho\u00e0n to\u00e0n \u0111\u01b0\u1ee3c d\u00e0nh cho qu\u00e1 tr\u00ecnh co c\u01a1.<\/p>\n<h3>5. Nh\u1ecf g\u1ecdn &amp; B\u1ec1n b\u1ec9<\/h3>\n<p>V\u1edbi chi\u1ec1u d\u00e0i kho\u1ea3ng 1.200 mm, thanh EZ c\u00f3 thi\u1ebft k\u1ebf nh\u1ecf g\u1ecdn v\u00e0 ti\u1ebft ki\u1ec7m kh\u00f4ng gian. S\u1ea3n ph\u1ea9m n\u00e0y r\u1ea5t thu\u1eadn ti\u1ec7n khi s\u1eed d\u1ee5ng trong ph\u00f2ng t\u1eadp \u0111\u00f4ng \u0111\u00fac ho\u1eb7c kh\u00f4ng gian t\u1eadp luy\u1ec7n t\u1ea1i nh\u00e0 c\u00f3 di\u1ec7n t\u00edch h\u1ea1n ch\u1ebf. C\u1ea5u tr\u00fac th\u00e9p ch\u1eafc ch\u1eafn c\u00f9ng l\u1edbp m\u1ea1 cr\u00f4m gi\u00fap thanh EZ ch\u1ecbu \u0111\u01b0\u1ee3c va \u0111\u1eadp v\u00e0 ch\u1ed1ng g\u1ec9 s\u00e9t, tr\u1edf th\u00e0nh m\u1ed9t kho\u1ea3n \u0111\u1ea7u t\u01b0 l\u00e2u d\u00e0i cho vi\u1ec7c t\u1eadp luy\u1ec7n c\u01a1 tay c\u1ee7a b\u1ea1n.<\/p>\n<h3>\u0110\u1ed1i t\u01b0\u1ee3ng d\u00e0nh cho ai?<\/h3>\n<ul style=\"list-style-position: inside; padding-left: 0;\">\n<li>Nh\u1eefng ng\u01b0\u1eddi t\u1eadp th\u1ec3 h\u00ecnh ch\u00fa tr\u1ecdng v\u00e0o k\u00edch th\u01b0\u1edbc v\u00e0 \u0111\u1ed9 s\u0103n ch\u1eafc c\u1ee7a c\u00e1nh tay.<\/li>\n<li>Nh\u1eefng ng\u01b0\u1eddi t\u1eadp t\u1ea1 b\u1ecb \u0111au c\u1ed5 tay ho\u1eb7c vi\u00eam g\u00e2n khu\u1ef7u tay.<\/li>\n<li>C\u00e1c v\u1eadn \u0111\u1ed9ng vi\u00ean mu\u1ed1n thay \u0111\u1ed5i g\u00f3c n\u00e9m trong m\u00f4n curling.<\/li>\n<li>Ch\u1ee7 s\u1edf h\u1eefu ph\u00f2ng t\u1eadp th\u1ec3 d\u1ee5c t\u1ea1i nh\u00e0 c\u1ea7n m\u1ed9t thanh ph\u1ee5 ki\u1ec7n chuy\u00ean d\u1ee5ng.<\/li>\n<li>B\u1ea5t k\u1ef3 ai \u0111ang th\u1ef1c hi\u1ec7n b\u00e0i t\u1eadp du\u1ed7i c\u01a1 tam \u0111\u1ea7u khi n\u1eb1m ng\u1eeda.<\/li>\n<\/ul>\n<h3>Th\u00f4ng s\u1ed1 k\u1ef9 thu\u1eadt s\u1ea3n ph\u1ea9m<\/h3>\n<table border=\"1\" width=\"100%\" cellspacing=\"0\" cellpadding=\"5\">\n<tbody>\n<tr>\n<td><strong>Lo\u1ea1i<\/strong><\/td>\n<td>Thanh t\u1ea1 EZ Curl Olympic<\/td>\n<\/tr>\n<tr>\n<td><strong>Ch\u1ea5t li\u1ec7u<\/strong><\/td>\n<td>Th\u00e9p \u0111\u1eb7c, m\u1ea1 cr\u00f4m<\/td>\n<\/tr>\n<tr>\n<td><strong>Chi\u1ec1u d\u00e0i<\/strong><\/td>\n<td>1.200 mm<\/td>\n<\/tr>\n<tr>\n<td><strong>\u0110\u01b0\u1eddng k\u00ednh \u1ed1ng<\/strong><\/td>\n<td>50 mm<\/td>\n<\/tr>\n<tr>\n<td><strong>\u0110\u01b0\u1eddng k\u00ednh tay c\u1ea7m<\/strong><\/td>\n<td>28 mm<\/td>\n<\/tr>\n<tr>\n<td><strong>T\u00ednh n\u0103ng<\/strong><\/td>\n<td>Tay c\u1ea7m nghi\u00eang thi\u1ebft k\u1ebf c\u00f4ng th\u00e1i h\u1ecdc<\/td>\n<\/tr>\n<\/tbody>\n<\/table>","protected":false},"excerpt":{"rendered":"<p>Thanh t\u1ea1 EZ Curl Bar c\u1ee7a Alex Athletics l\u00e0 m\u1ed9t d\u1ee5ng c\u1ee5 t\u1eadp th\u1ec3 h\u00ecnh thi\u1ebft y\u1ebfu, \u0111\u01b0\u1ee3c thi\u1ebft k\u1ebf \u0111\u1ec3 t\u1eadp luy\u1ec7n c\u00e1nh tay theo nguy\u00ean t\u1eafc c\u00f4ng th\u00e1i h\u1ecdc. Ph\u1ea7n th\u00e2n thanh u\u1ed1n cong \u0111\u1eb7c tr\u01b0ng cho ph\u00e9p th\u1ef1c hi\u1ec7n \u0111\u1ed9ng t\u00e1c c\u1ea7m t\u1ea1 \u1edf t\u01b0 th\u1ebf b\u00e1n xoay ngo\u00e0i, gi\u00fap gi\u1ea3m \u0111\u00e1ng k\u1ec3 \u00e1p l\u1ef1c l\u00ean c\u1ed5 tay v\u00e0 khu\u1ef7u tay khi th\u1ef1c hi\u1ec7n c\u00e1c b\u00e0i t\u1eadp g\u1eadp b\u1eafp tay tr\u01b0\u1edbc v\u00e0 du\u1ed7i c\u01a1 tam \u0111\u1ea7u so v\u1edbi c\u00e1c thanh t\u1ea1 th\u1eb3ng. Thi\u1ebft k\u1ebf th\u00e2n thi\u1ec7n v\u1edbi kh\u1edbp n\u00e0y cho ph\u00e9p n\u00e2ng t\u1ea1 n\u1eb7ng h\u01a1n v\u00e0 c\u00f4 l\u1eadp c\u01a1 b\u1eafp c\u00e1nh tay t\u1ed1t h\u01a1n. \u0110\u01b0\u1ee3c ch\u1ebf t\u1ea1o t\u1eeb th\u00e9p nguy\u00ean kh\u1ed1i v\u1edbi l\u1edbp m\u1ea1 cr\u00f4m b\u1ec1n b\u1ec9 v\u00e0 tay c\u1ea7m c\u00f3 r\u00e3nh, s\u1ea3n ph\u1ea9m n\u00e0y c\u00f3 c\u00e1c \u1ed1ng xoay \u0111\u1ec3 \u0111\u1ea3m b\u1ea3o chuy\u1ec3n \u0111\u1ed9ng tr\u01a1n tru. Nh\u1ecf g\u1ecdn v\u00e0 hi\u1ec7u qu\u1ea3, \u0111\u00e2y l\u00e0 ti\u00eau chu\u1ea9n v\u00e0ng \u0111\u1ec3 x\u00e2y d\u1ef1ng c\u00e1nh tay to h\u01a1n m\u00e0 kh\u00f4ng g\u00e2y \u0111au \u0111\u1edbn.<\/p>","protected":false},"featured_media":3303,"comment_status":"open","ping_status":"closed","template":"","meta":{"inline_featured_image":false,"site-sidebar-layout":"default","site-content-layout":"","ast-site-content-layout":"default","site-content-style":"default","site-sidebar-style":"default","ast-global-header-display":"","ast-banner-title-visibility":"","ast-main-header-display":"","ast-hfb-above-header-display":"","ast-hfb-below-header-display":"","ast-hfb-mobile-header-display":"","site-post-title":"","ast-breadcrumbs-content":"","ast-featured-img":"","footer-sml-layout":"","ast-disable-related-posts":"","theme-transparent-header-meta":"default","adv-header-id-meta":"","stick-header-meta":"default","header-above-stick-meta":"","header-main-stick-meta":"","header-below-stick-meta":"","astra-migrate-meta-layouts":"set","ast-page-background-enabled":"default","ast-page-background-meta":{"desktop":{"background-color":"","background-image":"","background-repeat":"repeat","background-position":"center center","background-size":"auto","background-attachment":"scroll","background-type":"","background-media":"","overlay-type":"","overlay-color":"","overlay-opacity":"","overlay-gradient":""},"tablet":{"background-color":"","background-image":"","background-repeat":"repeat","background-position":"center center","background-size":"auto","background-attachment":"scroll","background-type":"","background-media":"","overlay-type":"","overlay-color":"","overlay-opacity":"","overlay-gradient":""},"mobile":{"background-color":"","background-image":"","background-repeat":"repeat","background-position":"center center","background-size":"auto","background-attachment":"scroll","background-type":"","background-media":"","overlay-type":"","overlay-color":"","overlay-opacity":"","overlay-gradient":""}},"ast-content-background-meta":{"desktop":{"background-color":"var(--ast-global-color-5)","background-image":"","background-repeat":"repeat","background-position":"center center","background-size":"auto","background-attachment":"scroll","background-type":"","background-media":"","overlay-type":"","overlay-color":"","overlay-opacity":"","overlay-gradient":""},"tablet":{"background-color":"var(--ast-global-color-5)","background-image":"","background-repeat":"repeat","background-position":"center center","background-size":"auto","background-attachment":"scroll","background-type":"","background-media":"","overlay-type":"","overlay-color":"","overlay-opacity":"","overlay-gradient":""},"mobile":{"background-color":"var(--ast-global-color-5)","background-image":"","background-repeat":"repeat","background-position":"center center","background-size":"auto","background-attachment":"scroll","background-type":"","background-media":"","overlay-type":"","overlay-color":"","overlay-opacity":"","overlay-gradient":""}}},"product_brand":[],"product_cat":[55],"product_tag":[58],"class_list":{"0":"post-2887","1":"product","2":"type-product","3":"status-publish","4":"has-post-thumbnail","6":"product_cat-free-weight-training","7":"product_tag-carry-bars","8":"desktop-align-left","9":"tablet-align-left","10":"mobile-align-left","12":"first","13":"instock","14":"shipping-taxable","15":"purchasable","16":"product-type-simple"},"_links":{"self":[{"href":"https:\/\/alexathletics1982.com\/vi\/wp-json\/wp\/v2\/product\/2887","targetHints":{"allow":["GET"]}}],"collection":[{"href":"https:\/\/alexathletics1982.com\/vi\/wp-json\/wp\/v2\/product"}],"about":[{"href":"https:\/\/alexathletics1982.com\/vi\/wp-json\/wp\/v2\/types\/product"}],"replies":[{"embeddable":true,"href":"https:\/\/alexathletics1982.com\/vi\/wp-json\/wp\/v2\/comments?post=2887"}],"wp:featuredmedia":[{"embeddable":true,"href":"https:\/\/alexathletics1982.com\/vi\/wp-json\/wp\/v2\/media\/3303"}],"wp:attachment":[{"href":"https:\/\/alexathletics1982.com\/vi\/wp-json\/wp\/v2\/media?parent=2887"}],"wp:term":[{"taxonomy":"product_brand","embeddable":true,"href":"https:\/\/alexathletics1982.com\/vi\/wp-json\/wp\/v2\/product_brand?post=2887"},{"taxonomy":"product_cat","embeddable":true,"href":"https:\/\/alexathletics1982.com\/vi\/wp-json\/wp\/v2\/product_cat?post=2887"},{"taxonomy":"product_tag","embeddable":true,"href":"https:\/\/alexathletics1982.com\/vi\/wp-json\/wp\/v2\/product_tag?post=2887"}],"curies":[{"name":"wp","href":"https:\/\/api.w.org\/{rel}","templated":true}]}}