{"id":2891,"date":"2026-01-23T20:19:59","date_gmt":"2026-01-23T12:19:59","guid":{"rendered":"https:\/\/alexathletics1982.com\/?post_type=product&#038;p=2891"},"modified":"2026-04-10T22:29:29","modified_gmt":"2026-04-10T14:29:29","slug":"thanh-ta-olympic-t2","status":"publish","type":"product","link":"https:\/\/alexathletics1982.com\/vi\/olympic-bar-t2\/","title":{"rendered":"Thanh t\u1ea1 Olympic - T2"},"content":{"rendered":"<h2>\u01afu th\u1ebf v\u1ec1 c\u1ea3m gi\u00e1c: Thanh ph\u1ee7 \u0111i\u1ec7n k\u1ebft h\u1ee3p (T2)<\/h2>\n<p>\u0110\u1ed1i v\u1edbi nh\u1eefng ng\u01b0\u1eddi s\u00e0nh \u0111i\u1ec7u y\u00eau th\u00edch c\u1ea3m gi\u00e1c c\u1ee7a b\u1ec1 m\u1eb7t g\u00e2n th\u00f4 nh\u01b0ng l\u1ea1i kh\u00f4ng th\u00edch vi\u1ec7c ph\u1ea3i b\u1ea3o d\u01b0\u1ee1ng th\u00e9p tr\u1ea7n, thanh Olympic Bar-T2 (thanh lai ph\u1ee7 \u0111i\u1ec7n) ch\u00ednh l\u00e0 gi\u1ea3i ph\u00e1p. C\u00f4ng ngh\u1ec7 ph\u1ee7 \u0111i\u1ec7n (E-Coat) ban \u0111\u1ea7u \u0111\u01b0\u1ee3c ph\u00e1t tri\u1ec3n cho ng\u00e0nh c\u00f4ng nghi\u1ec7p \u00f4 t\u00f4 nh\u1eb1m t\u1ea1o ra m\u1ed9t l\u1edbp ch\u1ed1ng \u0103n m\u00f2n m\u1ecfng nh\u01b0ng c\u1ef1c k\u1ef3 b\u1ec1n b\u1ec9. Kh\u00f4ng gi\u1ed1ng nh\u01b0 l\u1edbp m\u1ea1 cr\u00f4m d\u00e0y c\u00f3 th\u1ec3 l\u1ea5p \u0111\u1ea7y c\u00e1c v\u1ebft kh\u00eda v\u00e0 khi\u1ebfn thanh t\u1ea1 tr\u1edf n\u00ean tr\u01a1n tr\u01b0\u1ee3t, l\u1edbp ph\u1ee7 E-Coat \u0111\u01b0\u1ee3c ph\u1ee7 m\u1ed9t l\u1edbp m\u1ecfng \u0111\u1ebfn m\u1ee9c ch\u1ec9 c\u00f3 th\u1ec3 nh\u00ecn th\u1ea5y b\u1eb1ng k\u00ednh hi\u1ec3n vi. \u0110i\u1ec1u n\u00e0y gi\u00fap l\u00e0m n\u1ed5i b\u1eadt k\u1ebft c\u1ea5u m\u1ea1nh m\u1ebd th\u1ef1c s\u1ef1 c\u1ee7a c\u00e1c v\u1ebft kh\u00eda h\u00ecnh kim c\u01b0\u01a1ng, mang l\u1ea1i \u0111\u1ed9 b\u00e1m tuy\u1ec7t v\u1eddi g\u1ea7n gi\u1ed1ng nh\u01b0 th\u00e9p th\u00f4 \u0111\u1ed3ng th\u1eddi cung c\u1ea5p kh\u1ea3 n\u0103ng ch\u1ed1ng g\u1ec9 v\u01b0\u1ee3t tr\u1ed9i. L\u1edbp ho\u00e0n thi\u1ec7n c\u00f3 m\u00e0u \u0111en m\u1edd s\u00e2u, tr\u00f4ng m\u1ea1nh m\u1ebd v\u00e0 chuy\u00ean nghi\u1ec7p.<\/p>\n<p>V\u1ec1 m\u1eb7t c\u01a1 h\u1ecdc, T2 l\u00e0 m\u1ed9t s\u1ea3n ph\u1ea9m ch\u1ee7 l\u1ef1c \u0111\u01b0\u1ee3c thi\u1ebft k\u1ebf \u0111\u1ec3 mang l\u1ea1i t\u00ednh linh ho\u1ea1t cao. Tr\u1ee5c \u0111\u01b0\u1ee3c ch\u1ebf t\u1ea1o t\u1eeb th\u00e9p h\u1ee3p kim 42Cr v\u1edbi \u0111\u1ed9 b\u1ec1n k\u00e9o 170.000 PSI, c\u00f3 kh\u1ea3 n\u0103ng ch\u1ecbu t\u1ea3i t\u0129nh l\u00ean \u0111\u1ebfn 1.000 lb. H\u1ec7 th\u1ed1ng xoay \u1ed1ng tr\u01b0\u1ee3t s\u1edf h\u1eefu c\u1ea5u tr\u00fac lai ch\u1eafc ch\u1eafn: c\u00e1c \u1ed1ng l\u00f3t b\u1eb1ng \u0111\u1ed3ng thau b\u1ec1n b\u1ec9 \u0111\u01b0\u1ee3c h\u1ed7 tr\u1ee3 b\u1edfi 2 \u1ed5 bi ch\u00ednh x\u00e1c. \u0110i\u1ec1u n\u00e0y \u0111\u1ea3m b\u1ea3o thanh t\u1ea1 xoay \u0111\u1ee7 t\u1ef1 do cho c\u00e1c b\u00e0i t\u1eadp Clean v\u00e0 Snatch nh\u01b0ng v\u1eabn gi\u1eef \u0111\u01b0\u1ee3c s\u1ef1 \u1ed5n \u0111\u1ecbnh khi th\u1ef1c hi\u1ec7n b\u00e0i t\u1eadp Bench Press. M\u1ed9t \u0111\u1eb7c \u0111i\u1ec3m th\u1ea9m m\u1ef9 \u0111\u1ed9c \u0111\u00e1o c\u1ee7a T2 l\u00e0 c\u00e1c \u1ed1ng tr\u01b0\u1ee3t m\u1ea1 k\u1ebdm tr\u1eafng. L\u1edbp ho\u00e0n thi\u1ec7n s\u00e1ng b\u00f3ng n\u00e0y t\u1ea1o n\u00ean s\u1ef1 t\u01b0\u01a1ng ph\u1ea3n r\u00f5 r\u1ec7t v\u1edbi tr\u1ee5c m\u00e0u \u0111en, gi\u00fap d\u1ec5 d\u00e0ng quan s\u00e1t chuy\u1ec3n \u0111\u1ed9ng c\u1ee7a \u0111\u0129a t\u1ea1 v\u00e0 mang \u0111\u1ebfn v\u1ebb ngo\u00e0i hai t\u00f4ng m\u00e0u c\u1ed5 \u0111i\u1ec3n cho gi\u00e1 t\u1ea1 c\u1ee7a b\u1ea1n. D\u00f9 b\u1ea1n \u0111ang t\u1eadp luy\u1ec7n theo ch\u01b0\u01a1ng tr\u00ecnh powerlifting, T2 v\u1eabn mang \u0111\u1ebfn \u0111\u1ed9 b\u00e1m v\u00e0 \u0111\u1ed9 tin c\u1eady m\u00e0 b\u1ea1n c\u1ea7n.<\/p>\n<h3>1. L\u1edbp s\u01a1n \u0111i\u1ec7n ph\u00e2n hi\u1ec7u su\u1ea5t cao (E-Coat)<\/h3>\n<p>L\u1edbp ph\u1ee7 E-Coat ch\u00ednh l\u00e0 \u0111i\u1ec3m nh\u1ea5n n\u1ed5i b\u1eadt \u1edf \u0111\u00e2y. L\u1edbp ph\u1ee7 n\u00e0y mang l\u1ea1i kh\u1ea3 n\u0103ng ch\u1ed1ng \u0103n m\u00f2n v\u01b0\u1ee3t tr\u1ed9i \u2014 t\u1ed1t h\u01a1n h\u1eb3n so v\u1edbi l\u1edbp oxit \u0111en \u2014 m\u00e0 kh\u00f4ng c\u1ea7n \u0111\u1ed9 d\u00e0y nh\u01b0 l\u1edbp m\u1ea1 cr\u00f4m hay k\u1ebdm. \u0110i\u1ec1u n\u00e0y c\u00f3 ngh\u0129a l\u00e0 c\u00e1c \u0111\u01b0\u1eddng v\u00e2n tr\u00ean b\u1ec1 m\u1eb7t s\u1ebd mang l\u1ea1i c\u1ea3m gi\u00e1c \u201cs\u1eafc n\u00e9t\u201d v\u00e0 ch\u1eafc ch\u1eafn h\u01a1n. \u0110\u00e2y l\u00e0 l\u1edbp ho\u00e0n thi\u1ec7n \u0111\u01b0\u1ee3c ph\u1ee7 b\u1eb1ng ph\u01b0\u01a1ng ph\u00e1p \u0111i\u1ec7n ph\u00e2n, li\u00ean k\u1ebft v\u1edbi th\u00e9p \u1edf c\u1ea5p \u0111\u1ed9 ph\u00e2n t\u1eed, gi\u00fap ch\u1ed1ng bong tr\u00f3c v\u00e0 tr\u1ea7y x\u01b0\u1edbc ngay c\u1ea3 khi s\u1eed d\u1ee5ng v\u1edbi c\u01b0\u1eddng \u0111\u1ed9 cao. \u0110\u00e2y l\u00e0 l\u1ef1a ch\u1ecdn l\u00fd t\u01b0\u1edfng cho c\u00e1c ph\u00f2ng t\u1eadp trong nh\u00e0 \u0111\u1ec3 xe c\u00f3 \u0111\u1ed9 \u1ea9m cao, n\u01a1i r\u1ec9 s\u00e9t lu\u00f4n l\u00e0 k\u1ebb th\u00f9 kh\u00f4ng \u0111\u1ed9i tr\u1eddi chung.<\/p>\n<h3>2. G\u00e2n n\u1ed5i True-Feel<\/h3>\n<p>Do l\u1edbp s\u01a1n E-Coat r\u1ea5t m\u1ecfng, n\u00ean c\u00e1c \u0111\u01b0\u1eddng v\u00e2n kim c\u01b0\u01a1ng c\u00f3 kho\u1ea3ng c\u00e1ch 1,2 mm mang l\u1ea1i c\u1ea3m gi\u00e1c ch\u00ednh x\u00e1c nh\u01b0 \u00fd \u0111\u1ed3 c\u1ee7a nh\u00e0 s\u1ea3n xu\u1ea5t. B\u1ea1n s\u1ebd c\u00f3 \u0111\u01b0\u1ee3c m\u1ed9t c\u1ea3m gi\u00e1c c\u1ea7m n\u1eafm ch\u1eafc ch\u1eafn, ch\u1ed1ng tr\u01b0\u1ee3t m\u00e0 kh\u00f4ng c\u1ea7n ph\u1ea3i d\u00f9ng qu\u00e1 nhi\u1ec1u ph\u1ea5n. \u0110\u1ed9 s\u00e2u v\u1eeba ph\u1ea3i (0,2\u20130,3 mm) l\u00e0 l\u1ef1a ch\u1ecdn ho\u00e0n h\u1ea3o cho vi\u1ec7c t\u1eadp luy\u1ec7n th\u00f4ng th\u01b0\u1eddng \u2014 \u0111\u1ee7 b\u00e1m \u0111\u1ec3 th\u1ef1c hi\u1ec7n c\u00e1c \u0111\u1ed9ng t\u00e1c k\u00e9o n\u1eb7ng nh\u01b0ng kh\u00f4ng qu\u00e1 s\u1eafc \u0111\u1ebfn m\u1ee9c l\u00e0m r\u00e1ch da tay khi th\u1ef1c hi\u1ec7n c\u00e1c b\u00e0i t\u1eadp v\u1edbi s\u1ed1 l\u1ea7n l\u1eb7p l\u1ea1i cao.<\/p>\n<h3>3. T\u00f4ng m\u00e0u tr\u1eafng v\u00e0 k\u1ebdm t\u01b0\u01a1ng ph\u1ea3n<\/h3>\n<p>Thanh t\u1ea1 T2 \u0111\u01b0\u1ee3c trang b\u1ecb c\u00e1c \u1ed1ng b\u1ecdc m\u1ea1 k\u1ebdm tr\u1eafng. L\u1edbp ph\u1ee7 n\u00e0y kh\u00f4ng ch\u1ec9 b\u1ec1n b\u1ec9 m\u00e0 c\u00f2n \u0111\u00f3ng vai tr\u00f2 nh\u01b0 m\u1ed9t l\u1edbp b\u1ea3o v\u1ec7 hy sinh, gi\u00fap b\u1ea3o v\u1ec7 th\u00e9p b\u00ean trong kh\u1ecfi s\u1ef1 m\u00e0i m\u00f2n li\u00ean t\u1ee5c do c\u00e1c t\u1ea5m tr\u01b0\u1ee3t g\u00e2y ra. V\u1ec1 m\u1eb7t th\u1ea9m m\u1ef9, c\u00e1c \u1ed1ng b\u1ecdc m\u00e0u b\u1ea1c s\u00e1ng n\u1ed5i b\u1eadt tr\u00ean th\u00e2n thanh m\u00e0u \u0111en t\u1ea1o n\u00ean s\u1ef1 t\u01b0\u01a1ng ph\u1ea3n \u1ea5n t\u01b0\u1ee3ng, bi\u1ebfn thanh t\u1ea1 n\u00e0y th\u00e0nh \u0111i\u1ec3m nh\u1ea5n n\u1ed5i b\u1eadt trong b\u1ea5t k\u1ef3 ph\u00f2ng t\u1eadp n\u00e0o. Ngo\u00e0i ra, thi\u1ebft k\u1ebf n\u00e0y c\u00f2n gi\u00fap c\u00e1c hu\u1ea5n luy\u1ec7n vi\u00ean d\u1ec5 d\u00e0ng quan s\u00e1t qu\u1ef9 \u0111\u1ea1o di chuy\u1ec3n c\u1ee7a thanh t\u1ea1 t\u1eeb xa.<\/p>\n<h3>4. H\u1ec7 th\u1ed1ng lu\u00e2n phi\u00ean linh ho\u1ea1t<\/h3>\n<p>\u0110\u01b0\u1ee3c trang b\u1ecb 2 \u1ed5 bi v\u00e0 \u1ed1ng l\u00f3t b\u1eb1ng \u0111\u1ed3ng thau, thanh t\u1ea1 T2 \u0111\u01b0\u1ee3c thi\u1ebft k\u1ebf d\u00e0nh cho t\u1eadp luy\u1ec7n \u201cHybrid\u201d. N\u00f3 kh\u00f4ng quay nhanh b\u1eb1ng thanh t\u1ea1 ch\u1ec9 d\u00f9ng \u1ed5 bi (lo\u1ea1i n\u00e0y c\u00f3 th\u1ec3 g\u00e2y m\u1ea5t \u1ed5n \u0111\u1ecbnh khi t\u1eadp \u0111\u1ea9y ng\u1ef1c), nh\u01b0ng l\u1ea1i quay m\u01b0\u1ee3t m\u00e0 h\u01a1n h\u1eb3n so v\u1edbi thanh t\u1ea1 ch\u1ec9 d\u00f9ng \u1ed1ng l\u00f3t. S\u1ef1 c\u00e2n b\u1eb1ng n\u00e0y khi\u1ebfn n\u00f3 tr\u1edf th\u00e0nh gi\u1ea3i ph\u00e1p \u201cm\u1ed9t thanh t\u1ea1 duy nh\u1ea5t\u201d l\u00fd t\u01b0\u1edfng cho c\u00e1c v\u1eadn \u0111\u1ed9ng vi\u00ean k\u1ebft h\u1ee3p gi\u1eefa powerlifting, th\u1ec3 h\u00ecnh v\u00e0 c\u00e1c b\u00e0i t\u1eadp c\u1eed t\u1ea1 Olympic \u1edf m\u1ee9c \u0111\u1ed9 v\u1eeba ph\u1ea3i.<\/p>\n<h3>5. \u0110\u1ed9 b\u1ec1n 170.000 PSI<\/h3>\n<p>L\u00f5i th\u00e9p h\u1ee3p kim 42Cr \u0111\u1ea3m b\u1ea3o thanh t\u1ea1 c\u00f3 \u0111\u1ed9 b\u1ec1n v\u00e0 \u0111\u1ed9 \u201cd\u1ebbo\u201d c\u1ea7n thi\u1ebft cho m\u1ee5c \u0111\u00edch th\u01b0\u01a1ng m\u1ea1i. Thanh t\u1ea1 s\u1ebd tr\u1edf l\u1ea1i tr\u1ea1ng th\u00e1i th\u1eb3ng ho\u00e0n h\u1ea3o sau khi ch\u1ecbu t\u1ea3i v\u00e0 mang l\u1ea1i c\u1ea3m gi\u00e1c \u1ed5n \u0111\u1ecbnh khi s\u1eed d\u1ee5ng. V\u1edbi s\u1ee9c ch\u1ecbu t\u1ea3i 1.000 lb, s\u1ea3n ph\u1ea9m n\u00e0y v\u01b0\u1ee3t xa nhu c\u1ea7u c\u1ee7a ng\u01b0\u1eddi t\u1eadp t\u1ea1 99%, \u0111\u1ed3ng th\u1eddi cung c\u1ea5p bi\u00ean \u0111\u1ed9 an to\u00e0n gi\u00fap \u0111\u1ea3m b\u1ea3o tu\u1ed5i th\u1ecd l\u00e2u d\u00e0i.<\/p>\n<h3>\u0110\u1ed1i t\u01b0\u1ee3ng d\u00e0nh cho ai?<\/h3>\n<ul style=\"list-style-position: inside; padding-left: 0;\">\n<li>Nh\u1eefng ng\u01b0\u1eddi t\u1eadp t\u1ea1 coi tr\u1ecdng \u201cc\u1ea3m gi\u00e1c c\u1ea7m n\u1eafm\u201d v\u00e0 \u0111\u1ed9 s\u1eafc n\u00e9t c\u1ee7a c\u00e1c v\u00e2n gai.<\/li>\n<li>Ch\u1ee7 c\u00e1c ph\u00f2ng t\u1eadp th\u1ec3 d\u1ee5c t\u1ea1i nh\u00e0 \u0111\u1ec3 xe c\u1ea7n kh\u1ea3 n\u0103ng ch\u1ed1ng \u0103n m\u00f2n cao (E-Coat).<\/li>\n<li>C\u00e1c c\u01a1 s\u1edf c\u1ea7n m\u1ed9t thanh t\u1ea1 \u0111a n\u0103ng, b\u1ec1n b\u1ec9 v\u00e0 ph\u00f9 h\u1ee3p cho m\u1ecdi m\u1ee5c \u0111\u00edch.<\/li>\n<li>C\u00e1c v\u1eadn \u0111\u1ed9ng vi\u00ean y\u00eau th\u00edch phong c\u00e1ch thi\u1ebft k\u1ebf m\u00e0u \u0111en v\u00e0 b\u1ea1c.<\/li>\n<\/ul>\n<h3>Th\u00f4ng s\u1ed1 k\u1ef9 thu\u1eadt s\u1ea3n ph\u1ea9m<\/h3>\n<table border=\"1\" width=\"100%\" cellspacing=\"0\" cellpadding=\"5\">\n<tbody>\n<tr>\n<td><strong>M\u1eabu<\/strong><\/td>\n<td>Thanh t\u1ea1 Olympic-T2 (W01CB016)<\/td>\n<\/tr>\n<tr>\n<td><strong>B\u1ec1 m\u1eb7t tr\u1ee5c<\/strong><\/td>\n<td>S\u01a1n t\u0129nh \u0111i\u1ec7n m\u00e0u \u0111en (E-Coat)<\/td>\n<\/tr>\n<tr>\n<td><strong>Ho\u00e0n thi\u1ec7n \u1ed1ng tay \u00e1o<\/strong><\/td>\n<td>K\u1ebdm tr\u1eafng<\/td>\n<\/tr>\n<tr>\n<td><strong>\u0110\u1ed9 b\u1ec1n k\u00e9o<\/strong><\/td>\n<td>170.000 PSI<\/td>\n<\/tr>\n<tr>\n<td><strong>Xoay<\/strong><\/td>\n<td>\u1ed0ng l\u00f3t b\u1eb1ng \u0111\u1ed3ng &amp; 2 \u1ed5 tr\u1ee5c<\/td>\n<\/tr>\n<tr>\n<td><strong>T\u1ea3i tr\u1ecdng<\/strong><\/td>\n<td>1.000 pound<\/td>\n<\/tr>\n<\/tbody>\n<\/table>","protected":false},"excerpt":{"rendered":"<p>Thanh t\u1ea1 Olympic Bar-T2 c\u1ee7a Alex Athletics mang \u0111\u1ebfn s\u1ef1 k\u1ebft h\u1ee3p ho\u00e0n h\u1ea3o gi\u1eefa \u0111\u1ed9 b\u00e1m v\u00e0 \u0111\u1ed9 b\u1ec1n nh\u1edd c\u00f4ng ngh\u1ec7 s\u01a1n t\u0129nh \u0111i\u1ec7n (E-Coat). L\u1edbp s\u01a1n \u0111en si\u00eau m\u1ecfng n\u00e0y kh\u00f4ng ch\u1ec9 b\u1ea3o v\u1ec7 thanh t\u1ea1 kh\u1ecfi r\u1ec9 s\u00e9t m\u00e0 c\u00f2n gi\u00fap l\u1ed9 r\u00f5 k\u1ebft c\u1ea5u gai nh\u00e1m s\u1eafc n\u00e9t, mang l\u1ea1i \u0111\u1ed9 b\u00e1m v\u01b0\u1ee3t tr\u1ed9i. V\u1edbi c\u00e1c \u1ed1ng tr\u01b0\u1ee3t b\u1eb1ng k\u1ebdm tr\u1eafng \u0111\u1eb7c tr\u01b0ng v\u00e0 h\u1ec7 th\u1ed1ng xoay lai (2 \u1ed5 bi + \u1ed1ng l\u00f3t), s\u1ea3n ph\u1ea9m n\u00e0y mang l\u1ea1i hi\u1ec7u su\u1ea5t linh ho\u1ea1t cho c\u1ea3 c\u00e1c b\u00e0i t\u1eadp n\u00e2ng t\u1ea1 ch\u1eadm v\u00e0 nhanh. \u0110\u01b0\u1ee3c ch\u1ebf t\u1ea1o t\u1eeb th\u00e9p h\u1ee3p kim 170.000 PSI v\u1edbi s\u1ee9c ch\u1ecbu t\u1ea3i 1.000 lb, T2 l\u00e0 m\u1ed9t s\u1ea3n ph\u1ea9m b\u1ec1n b\u1ec9, hai t\u00f4ng m\u00e0u, l\u00fd t\u01b0\u1edfng cho c\u00e1c ph\u00f2ng t\u1eadp t\u1ea1i nh\u00e0 v\u00e0 c\u00e1c v\u1eadn \u0111\u1ed9ng vi\u00ean th\u1ec3 d\u1ee5c ch\u1ee9c n\u0103ng, nh\u1eefng ng\u01b0\u1eddi \u0111\u00f2i h\u1ecfi \u0111\u1ed9 ch\u00ednh x\u00e1c v\u1ec1 c\u1ea3m gi\u00e1c.<\/p>","protected":false},"featured_media":3404,"comment_status":"open","ping_status":"closed","template":"","meta":{"inline_featured_image":false,"site-sidebar-layout":"default","site-content-layout":"","ast-site-content-layout":"default","site-content-style":"default","site-sidebar-style":"default","ast-global-header-display":"","ast-banner-title-visibility":"","ast-main-header-display":"","ast-hfb-above-header-display":"","ast-hfb-below-header-display":"","ast-hfb-mobile-header-display":"","site-post-title":"","ast-breadcrumbs-content":"","ast-featured-img":"","footer-sml-layout":"","ast-disable-related-posts":"","theme-transparent-header-meta":"default","adv-header-id-meta":"","stick-header-meta":"default","header-above-stick-meta":"","header-main-stick-meta":"","header-below-stick-meta":"","astra-migrate-meta-layouts":"set","ast-page-background-enabled":"default","ast-page-background-meta":{"desktop":{"background-color":"","background-image":"","background-repeat":"repeat","background-position":"center center","background-size":"auto","background-attachment":"scroll","background-type":"","background-media":"","overlay-type":"","overlay-color":"","overlay-opacity":"","overlay-gradient":""},"tablet":{"background-color":"","background-image":"","background-repeat":"repeat","background-position":"center center","background-size":"auto","background-attachment":"scroll","background-type":"","background-media":"","overlay-type":"","overlay-color":"","overlay-opacity":"","overlay-gradient":""},"mobile":{"background-color":"","background-image":"","background-repeat":"repeat","background-position":"center center","background-size":"auto","background-attachment":"scroll","background-type":"","background-media":"","overlay-type":"","overlay-color":"","overlay-opacity":"","overlay-gradient":""}},"ast-content-background-meta":{"desktop":{"background-color":"var(--ast-global-color-5)","background-image":"","background-repeat":"repeat","background-position":"center center","background-size":"auto","background-attachment":"scroll","background-type":"","background-media":"","overlay-type":"","overlay-color":"","overlay-opacity":"","overlay-gradient":""},"tablet":{"background-color":"var(--ast-global-color-5)","background-image":"","background-repeat":"repeat","background-position":"center center","background-size":"auto","background-attachment":"scroll","background-type":"","background-media":"","overlay-type":"","overlay-color":"","overlay-opacity":"","overlay-gradient":""},"mobile":{"background-color":"var(--ast-global-color-5)","background-image":"","background-repeat":"repeat","background-position":"center center","background-size":"auto","background-attachment":"scroll","background-type":"","background-media":"","overlay-type":"","overlay-color":"","overlay-opacity":"","overlay-gradient":""}}},"product_brand":[],"product_cat":[55],"product_tag":[58],"class_list":{"0":"post-2891","1":"product","2":"type-product","3":"status-publish","4":"has-post-thumbnail","6":"product_cat-free-weight-training","7":"product_tag-carry-bars","8":"desktop-align-left","9":"tablet-align-left","10":"mobile-align-left","12":"first","13":"instock","14":"shipping-taxable","15":"purchasable","16":"product-type-simple"},"_links":{"self":[{"href":"https:\/\/alexathletics1982.com\/vi\/wp-json\/wp\/v2\/product\/2891","targetHints":{"allow":["GET"]}}],"collection":[{"href":"https:\/\/alexathletics1982.com\/vi\/wp-json\/wp\/v2\/product"}],"about":[{"href":"https:\/\/alexathletics1982.com\/vi\/wp-json\/wp\/v2\/types\/product"}],"replies":[{"embeddable":true,"href":"https:\/\/alexathletics1982.com\/vi\/wp-json\/wp\/v2\/comments?post=2891"}],"wp:featuredmedia":[{"embeddable":true,"href":"https:\/\/alexathletics1982.com\/vi\/wp-json\/wp\/v2\/media\/3404"}],"wp:attachment":[{"href":"https:\/\/alexathletics1982.com\/vi\/wp-json\/wp\/v2\/media?parent=2891"}],"wp:term":[{"taxonomy":"product_brand","embeddable":true,"href":"https:\/\/alexathletics1982.com\/vi\/wp-json\/wp\/v2\/product_brand?post=2891"},{"taxonomy":"product_cat","embeddable":true,"href":"https:\/\/alexathletics1982.com\/vi\/wp-json\/wp\/v2\/product_cat?post=2891"},{"taxonomy":"product_tag","embeddable":true,"href":"https:\/\/alexathletics1982.com\/vi\/wp-json\/wp\/v2\/product_tag?post=2891"}],"curies":[{"name":"wp","href":"https:\/\/api.w.org\/{rel}","templated":true}]}}