{"id":2896,"date":"2026-01-23T20:19:59","date_gmt":"2026-01-23T12:19:59","guid":{"rendered":"https:\/\/alexathletics1982.com\/?post_type=product&#038;p=2896"},"modified":"2026-04-08T21:09:48","modified_gmt":"2026-04-08T13:09:48","slug":"ta-don-tieu-chuan","status":"publish","type":"product","link":"https:\/\/alexathletics1982.com\/vi\/standard-barbell\/","title":{"rendered":"T\u1ea1 \u0111\u00f2n ti\u00eau chu\u1ea9n"},"content":{"rendered":"<h2>M\u00f3n \u0111\u1ed3 kh\u00f4ng th\u1ec3 thi\u1ebfu trong ph\u00f2ng t\u1eadp t\u1ea1i nh\u00e0: Thanh t\u1ea1 ti\u00eau chu\u1ea9n 1800mm<\/h2>\n<p>Kh\u00f4ng ph\u1ea3i ph\u00f2ng t\u1eadp n\u00e0o c\u0169ng c\u1ea7n trang b\u1ecb thi\u1ebft b\u1ecb \u0111\u1ea1t ti\u00eau chu\u1ea9n Olympic. \u0110\u1ed1i v\u1edbi nh\u1eefng ng\u01b0\u1eddi \u0111am m\u00ea t\u1eadp luy\u1ec7n t\u1ea1i nh\u00e0 s\u1eed d\u1ee5ng \u0111\u0129a t\u1ea1 \u201cti\u00eau chu\u1ea9n\u201d (l\u1ed7 gi\u1eefa 1 inch \/ 25\u201328 mm), thanh t\u1ea1 ti\u00eau chu\u1ea9n c\u1ee7a Alex Athletics ch\u00ednh l\u00e0 ph\u1ee5 ki\u1ec7n k\u1ebft n\u1ed1i kh\u00f4ng th\u1ec3 thi\u1ebfu. Thanh t\u1ea1 b\u1eb1ng th\u00e9p \u0111\u1eb7c d\u00e0i 1.800 mm (kho\u1ea3ng 6 ft) n\u00e0y \u0111\u01b0\u1ee3c thi\u1ebft k\u1ebf \u0111\u1ec3 mang l\u1ea1i t\u00ednh n\u0103ng c\u1ee7a m\u1ed9t thanh t\u1ea1 chuy\u00ean nghi\u1ec7p v\u00e0o m\u1ed9t thi\u1ebft k\u1ebf nh\u1ecf g\u1ecdn, ph\u00f9 h\u1ee3p v\u1edbi kh\u00f4ng gian gia \u0111\u00ecnh. Kh\u00f4ng gi\u1ed1ng nh\u01b0 c\u00e1c thanh r\u1ed7ng th\u01b0\u1eddng \u0111\u01b0\u1ee3c b\u00e1n \u1edf c\u00e1c c\u1eeda h\u00e0ng b\u00e1ch h\u00f3a, \u0111\u00e2y l\u00e0 m\u1ed9t thanh th\u00e9p r\u1eafn n\u1eb7ng 9kg, cung c\u1ea5p \u0111\u1ed9 b\u1ec1n c\u1ea5u tr\u00fac c\u1ea7n thi\u1ebft cho vi\u1ec7c t\u1eadp t\u1ea1 th\u1ef1c s\u1ef1. Thanh n\u00e0y c\u00f3 \u0111\u01b0\u1eddng k\u00ednh tay c\u1ea7m 28mm, gi\u1ed1ng nh\u01b0 c\u1ea3m gi\u00e1c c\u1ee7a c\u00e1c thanh t\u1ea1 chuy\u00ean nghi\u1ec7p, \u0111\u1ea3m b\u1ea3o r\u1eb1ng k\u1ef9 thu\u1eadt n\u00e2ng t\u1ea1 c\u1ee7a b\u1ea1n \u2014 d\u00f9 l\u00e0 \u0111\u1ea9y t\u1ea1, squat hay ch\u00e8o thuy\u1ec1n \u2014 \u0111\u1ec1u ph\u00f9 h\u1ee3p v\u1edbi ti\u00eau chu\u1ea9n ph\u00f2ng t\u1eadp th\u1ec3 d\u1ee5c.<\/p>\n<p>Thanh t\u1ea1 \u0111\u01b0\u1ee3c ph\u1ee7 l\u1edbp m\u1ea1 Chrome b\u1ec1n b\u1ec9, ch\u1ed1ng g\u1ec9 s\u00e9t v\u00e0 m\u00e0i m\u00f2n, gi\u00fap thanh t\u1ea1 lu\u00f4n gi\u1eef \u0111\u01b0\u1ee3c v\u1ebb ngo\u00e0i chuy\u00ean nghi\u1ec7p trong ph\u00f2ng t\u1eadp t\u1ea1i nh\u00e0 ho\u1eb7c t\u1ea7ng h\u1ea7m c\u1ee7a b\u1ea1n. Hai \u0111\u1ea7u thanh c\u00f3 th\u1ec3 l\u00e0 d\u1ea1ng ren ho\u1eb7c tr\u01a1n (t\u00f9y thu\u1ed9c v\u00e0o lo\u1ea1i v\u00f2ng k\u1eb9p s\u1eed d\u1ee5ng, th\u01b0\u1eddng t\u01b0\u01a1ng th\u00edch v\u1edbi v\u00f2ng k\u1eb9p xoay ho\u1eb7c v\u00f2ng k\u1eb9p l\u00f2 xo \u0111i k\u00e8m), \u0111\u01b0\u1ee3c thi\u1ebft k\u1ebf ri\u00eang \u0111\u1ec3 l\u1eafp c\u00e1c \u0111\u0129a t\u1ea1 c\u00f3 l\u1ed7 trung t\u00e2m t\u1eeb 25mm \u0111\u1ebfn 28mm. V\u1edbi kh\u1ea3 n\u0103ng ch\u1ecbu t\u1ea3i 140kg, thanh t\u1ea1 n\u00e0y ho\u00e0n to\u00e0n \u0111\u1ee7 kh\u1ea3 n\u0103ng \u0111\u00e1p \u1ee9ng nhu c\u1ea7u t\u1eadp luy\u1ec7n c\u1ee7a ng\u01b0\u1eddi m\u1edbi b\u1eaft \u0111\u1ea7u \u0111\u1ebfn ng\u01b0\u1eddi t\u1eadp trung c\u1ea5p. Hoa v\u0103n gai tr\u00ean tay c\u1ea7m mang l\u1ea1i \u0111\u1ed9 b\u00e1m tuy\u1ec7t v\u1eddi, \u0111\u1ea3m b\u1ea3o an to\u00e0n khi th\u1ef1c hi\u1ec7n c\u00e1c \u0111\u1ed9ng t\u00e1c n\u00e2ng t\u1ea1 tr\u00ean \u0111\u1ea7u. \u0110\u00e2y l\u00e0 gi\u1ea3i ph\u00e1p ho\u00e0n h\u1ea3o, ti\u1ebft ki\u1ec7m chi ph\u00ed \u0111\u1ec3 x\u00e2y d\u1ef1ng m\u1ed9t h\u1ec7 th\u1ed1ng t\u1eadp luy\u1ec7n s\u1ee9c m\u1ea1nh to\u00e0n di\u1ec7n m\u00e0 kh\u00f4ng t\u1ed1n di\u1ec7n t\u00edch hay chi ph\u00ed nh\u01b0 thi\u1ebft b\u1ecb Olympic.<\/p>\n<h3>1. \u0110\u01b0\u1ee3c thi\u1ebft k\u1ebf d\u00e0nh cho c\u00e1c t\u1ea5m ti\u00eau chu\u1ea9n<\/h3>\n<p>Thanh t\u1ea1 n\u00e0y \u0111\u01b0\u1ee3c thi\u1ebft k\u1ebf d\u00e0nh ri\u00eang cho h\u1ec7 th\u1ed1ng \u201cStandard\u201d. N\u1ebfu b\u1ea1n \u0111ang s\u1edf h\u1eefu b\u1ed9 s\u01b0u t\u1eadp c\u00e1c \u0111\u0129a t\u1ea1 b\u1eb1ng gang ho\u1eb7c nh\u1ef1a vinyl \u201cStandard\u201d (th\u01b0\u1eddng c\u00f3 l\u1ed7 \u0111\u01b0\u1eddng k\u00ednh kho\u1ea3ng 1 inch) \u0111ang b\u1ecb b\u1ecf x\u00f3, thanh t\u1ea1 n\u00e0y s\u1ebd gi\u00fap b\u1ea1n t\u1eadn d\u1ee5ng l\u1ea1i ch\u00fang. S\u1ea3n ph\u1ea9m mang \u0111\u1ebfn kh\u1ea3 n\u0103ng t\u1eadp luy\u1ec7n chuy\u00ean nghi\u1ec7p cho c\u00e1c \u0111\u0129a t\u1ea1 gi\u00e1 r\u1ebb v\u00e0 d\u1ec5 t\u00ecm mua, tr\u1edf th\u00e0nh l\u1ef1a ch\u1ecdn ti\u1ebft ki\u1ec7m chi ph\u00ed l\u00fd t\u01b0\u1edfng \u0111\u1ec3 b\u1eaft \u0111\u1ea7u x\u00e2y d\u1ef1ng ph\u00f2ng t\u1eadp t\u1ea1i nh\u00e0.<\/p>\n<h3>2. \u0110\u1ed9 tin c\u1eady v\u1eefng ch\u1eafc nh\u01b0 th\u00e9p<\/h3>\n<p>Ch\u1ea5t l\u01b0\u1ee3ng lu\u00f4n l\u00e0 y\u1ebfu t\u1ed1 quan tr\u1ecdng, ngay c\u1ea3 \u0111\u1ed1i v\u1edbi c\u00e1c thi\u1ebft b\u1ecb t\u1eadp luy\u1ec7n t\u1ea1i nh\u00e0. Thanh t\u1ea1 Alex Standard \u0111\u01b0\u1ee3c ch\u1ebf t\u1ea1o t\u1eeb th\u00e9p \u0111\u1eb7c, kh\u00f4ng ph\u1ea3i \u1ed1ng r\u1ed7ng. \u0110i\u1ec1u n\u00e0y gi\u00fap thanh t\u1ea1 c\u00f3 tr\u1ecdng l\u01b0\u1ee3ng 9kg \u0111\u00e1ng tin c\u1eady v\u00e0 kh\u1ea3 n\u0103ng ch\u1ecbu t\u1ea3i l\u00ean \u0111\u1ebfn 140kg. S\u1ea3n ph\u1ea9m s\u1ebd kh\u00f4ng b\u1ecb u\u1ed1n cong hay bi\u1ebfn d\u1ea1ng d\u01b0\u1edbi t\u1ea3i tr\u1ecdng v\u1eeba ph\u1ea3i nh\u01b0 c\u00e1c s\u1ea3n ph\u1ea9m gi\u00e1 r\u1ebb kh\u00e1c, t\u1eeb \u0111\u00f3 mang l\u1ea1i n\u1ec1n t\u1ea3ng an to\u00e0n cho c\u00e1c b\u00e0i t\u1eadp nh\u01b0 \u0111\u1ea9y t\u1ea1 n\u1eb1m, squat v\u00e0 deadlift.<\/p>\n<h3>3. Hoa v\u0103n v\u00e2n s\u1ea7n mang phong c\u00e1ch th\u01b0\u01a1ng m\u1ea1i<\/h3>\n<p>C\u00e1ch c\u1ea7m n\u1eafm ch\u1eafc ch\u1eafn l\u00e0 y\u1ebfu t\u1ed1 quan tr\u1ecdng \u0111\u1ec3 \u0111\u1ea3m b\u1ea3o an to\u00e0n. Thanh t\u1ea1 \u0111\u01b0\u1ee3c thi\u1ebft k\u1ebf v\u1edbi c\u00e1c \u0111\u01b0\u1eddng v\u00e2n h\u00ecnh kim c\u01b0\u01a1ng t\u1ea1i c\u00e1c v\u1ecb tr\u00ed \u0111\u1eb7t tay. B\u1ec1 m\u1eb7t n\u00e0y gi\u00fap t\u0103ng ma s\u00e1t, cho ph\u00e9p b\u1ea1n c\u1ea7m n\u1eafm thanh t\u1ea1 m\u1ed9t c\u00e1ch ch\u1eafc ch\u1eafn ngay c\u1ea3 khi tay b\u1ecb \u01b0\u1edbt m\u1ed3 h\u00f4i. Thi\u1ebft k\u1ebf n\u00e0y gi\u00fap ng\u01b0\u1eddi t\u1eadp l\u00e0m quen v\u1edbi t\u01b0 th\u1ebf c\u1ea7m n\u1eafm \u0111\u00fang c\u00e1ch v\u00e0 chu\u1ea9n b\u1ecb cho vi\u1ec7c chuy\u1ec3n sang s\u1eed d\u1ee5ng thi\u1ebft b\u1ecb Olympic sau n\u00e0y.<\/p>\n<h3>4. K\u00edch th\u01b0\u1edbc g\u1ecdn nh\u1eb9, chi\u1ec1u d\u00e0i 1800 mm<\/h3>\n<p>V\u1edbi chi\u1ec1u d\u00e0i 1,8 m\u00e9t (kho\u1ea3ng 6 feet), thanh t\u1ea1 n\u00e0y ti\u1ebft ki\u1ec7m kh\u00f4ng gian h\u01a1n so v\u1edbi nh\u1eefng thanh t\u1ea1 Olympic c\u1ee1 l\u1edbn d\u00e0i 2,2 m\u00e9t. S\u1ea3n ph\u1ea9m n\u00e0y ph\u00f9 h\u1ee3p h\u01a1n v\u1edbi nh\u1eefng c\u0103n ph\u00f2ng nh\u1ecf, t\u1ea7ng h\u1ea7m ho\u1eb7c nh\u00e0 \u0111\u1ec3 xe n\u01a1i kh\u00f4ng gian ngang b\u1ecb h\u1ea1n ch\u1ebf. M\u1eb7c d\u00f9 chi\u1ec1u d\u00e0i ng\u1eafn h\u01a1n, nh\u01b0ng kho\u1ea3ng tr\u1ed1ng tr\u00ean \u1ed1ng t\u1ea1 v\u1eabn \u0111\u1ee7 \u0111\u1ec3 l\u1eafp \u0111\u1eb7t l\u01b0\u1ee3ng t\u1ea1 n\u1eb7ng, \u0111\u00e1p \u1ee9ng h\u1ea7u h\u1ebft c\u00e1c m\u1ee5c ti\u00eau t\u1eadp luy\u1ec7n th\u1ec3 d\u1ee5c chung.<\/p>\n<h3>5. L\u1edbp m\u1ea1 cr\u00f4m b\u1ec1n b\u1ec9<\/h3>\n<p>Thanh n\u00e0y \u0111\u01b0\u1ee3c m\u1ea1 cr\u00f4m. L\u1edbp m\u1ea1 n\u00e0y gi\u00fap b\u1ea3o v\u1ec7 th\u00e9p kh\u1ecfi qu\u00e1 tr\u00ecnh oxy h\u00f3a (g\u1ec9 s\u00e9t) do \u0111\u1ed9 \u1ea9m v\u00e0 m\u1ed3 h\u00f4i g\u00e2y ra. N\u00f3 mang l\u1ea1i v\u1ebb ngo\u00e0i m\u1ecbn m\u00e0ng, s\u1ea1ch s\u1ebd, d\u1ec5 lau ch\u00f9i v\u00e0 b\u1ea3o d\u01b0\u1ee1ng, gi\u00fap thi\u1ebft b\u1ecb t\u1eadp luy\u1ec7n t\u1ea1i nh\u00e0 c\u1ee7a b\u1ea1n b\u1ec1n b\u1ec9 theo th\u1eddi gian.<\/p>\n<h3>\u0110\u1ed1i t\u01b0\u1ee3ng d\u00e0nh cho ai?<\/h3>\n<ul style=\"list-style-position: inside; padding-left: 0;\">\n<li>Ch\u1ee7 s\u1edf h\u1eefu ph\u00f2ng t\u1eadp t\u1ea1i nh\u00e0 s\u1eed d\u1ee5ng \u0111\u0129a t\u1ea1 lo\u1ea1i \u201cTi\u00eau chu\u1ea9n\u201d (l\u1ed7 1 inch).<\/li>\n<li>Nh\u1eefng ng\u01b0\u1eddi m\u1edbi b\u1eaft \u0111\u1ea7u mu\u1ed1n t\u00ecm m\u1ed9t c\u00e1ch ti\u1ebfp c\u1eadn t\u1eadp t\u1ea1 v\u1edbi chi ph\u00ed h\u1ee3p l\u00fd.<\/li>\n<li>Nh\u1eefng ng\u01b0\u1eddi t\u1eadp t\u1ea1 c\u00f3 kh\u00f4ng gian h\u1ea1n ch\u1ebf v\u00e0 c\u1ea7n m\u1ed9t thanh t\u1ea1 ng\u1eafn h\u01a1n (1,8 m).<\/li>\n<li>Thanh thi\u1ebfu ni\u00ean ho\u1eb7c nh\u1eefng ng\u01b0\u1eddi m\u1edbi t\u1eadp t\u1ea1.<\/li>\n<li>Nh\u1eefng ng\u01b0\u1eddi y\u00eau th\u00edch th\u1ec3 d\u1ee5c th\u1ec3 h\u00ecnh n\u00f3i chung v\u1edbi m\u1ee9c t\u1ea1 d\u01b0\u1edbi 140kg.<\/li>\n<\/ul>\n<h3>Th\u00f4ng s\u1ed1 k\u1ef9 thu\u1eadt s\u1ea3n ph\u1ea9m<\/h3>\n<table border=\"1\" width=\"100%\" cellspacing=\"0\" cellpadding=\"5\">\n<tbody>\n<tr>\n<td><strong>Lo\u1ea1i<\/strong><\/td>\n<td>T\u1ea1 \u0111\u00f2n ti\u00eau chu\u1ea9n (kh\u00f4ng ph\u1ea3i t\u1ea1 Olympic)<\/td>\n<\/tr>\n<tr>\n<td><strong>Ch\u1ea5t li\u1ec7u<\/strong><\/td>\n<td>Th\u00e9p \u0111\u1eb7c, m\u1ea1 cr\u00f4m<\/td>\n<\/tr>\n<tr>\n<td><strong>Chi\u1ec1u d\u00e0i<\/strong><\/td>\n<td>1.800 mm<\/td>\n<\/tr>\n<tr>\n<td><strong>Tr\u1ecdng l\u01b0\u1ee3ng<\/strong><\/td>\n<td>9 kg<\/td>\n<\/tr>\n<tr>\n<td><strong>T\u1ea3i tr\u1ecdng<\/strong><\/td>\n<td>140 kg<\/td>\n<\/tr>\n<tr>\n<td><strong>\u0110\u01b0\u1eddng k\u00ednh tay c\u1ea7m<\/strong><\/td>\n<td>28 mm<\/td>\n<\/tr>\n<tr>\n<td><strong>Kh\u1ea3 n\u0103ng t\u01b0\u01a1ng th\u00edch<\/strong><\/td>\n<td>\u0110\u0129a ti\u00eau chu\u1ea9n (\u0110\u01b0\u1eddng k\u00ednh 25\u201328 mm)<\/td>\n<\/tr>\n<\/tbody>\n<\/table>","protected":false},"excerpt":{"rendered":"<p>Thanh t\u1ea1 ti\u00eau chu\u1ea9n c\u1ee7a Alex Athletics l\u00e0 thanh t\u1ea1 b\u1eb1ng th\u00e9p nguy\u00ean kh\u1ed1i ho\u00e0n h\u1ea3o cho ph\u00f2ng t\u1eadp t\u1ea1i nh\u00e0 s\u1eed d\u1ee5ng \u0111\u0129a t\u1ea1 ti\u00eau chu\u1ea9n (l\u1ed7 1 inch\/25\u201328 mm). V\u1edbi chi\u1ec1u d\u00e0i 1.800 mm (6 ft) v\u00e0 tr\u1ecdng l\u01b0\u1ee3ng 9 kg, s\u1ea3n ph\u1ea9m mang \u0111\u1ebfn gi\u1ea3i ph\u00e1p ti\u1ebft ki\u1ec7m kh\u00f4ng gian nh\u01b0ng v\u1eabn b\u1ec1n b\u1ec9 cho c\u00e1c b\u00e0i t\u1eadp nh\u01b0 \u0111\u1ea9y t\u1ea1 n\u1eb1m, squat v\u00e0 deadlift. V\u1edbi kh\u1ea3 n\u0103ng ch\u1ecbu t\u1ea3i 140kg v\u00e0 tay c\u1ea7m c\u00f3 v\u00e2n 28mm, thanh t\u1ea1 n\u00e0y mang l\u1ea1i c\u1ea3m gi\u00e1c v\u00e0 \u0111\u1ed9 an to\u00e0n c\u1ee7a m\u1ed9t thanh t\u1ea1 chuy\u00ean nghi\u1ec7p trong m\u1ed9t thi\u1ebft k\u1ebf nh\u1ecf g\u1ecdn. \u0110\u01b0\u1ee3c m\u1ea1 cr\u00f4m ch\u1ed1ng g\u1ec9, \u0111\u00e2y l\u00e0 n\u1ec1n t\u1ea3ng l\u00fd t\u01b0\u1edfng v\u00e0 ti\u1ebft ki\u1ec7m chi ph\u00ed cho vi\u1ec7c t\u1eadp luy\u1ec7n s\u1ee9c m\u1ea1nh t\u1eeb c\u01a1 b\u1ea3n \u0111\u1ebfn trung c\u1ea5p t\u1ea1i nh\u00e0.<\/p>","protected":false},"featured_media":3620,"comment_status":"open","ping_status":"closed","template":"","meta":{"inline_featured_image":false,"site-sidebar-layout":"default","site-content-layout":"","ast-site-content-layout":"default","site-content-style":"default","site-sidebar-style":"default","ast-global-header-display":"","ast-banner-title-visibility":"","ast-main-header-display":"","ast-hfb-above-header-display":"","ast-hfb-below-header-display":"","ast-hfb-mobile-header-display":"","site-post-title":"","ast-breadcrumbs-content":"","ast-featured-img":"","footer-sml-layout":"","ast-disable-related-posts":"","theme-transparent-header-meta":"default","adv-header-id-meta":"","stick-header-meta":"default","header-above-stick-meta":"","header-main-stick-meta":"","header-below-stick-meta":"","astra-migrate-meta-layouts":"set","ast-page-background-enabled":"default","ast-page-background-meta":{"desktop":{"background-color":"","background-image":"","background-repeat":"repeat","background-position":"center center","background-size":"auto","background-attachment":"scroll","background-type":"","background-media":"","overlay-type":"","overlay-color":"","overlay-opacity":"","overlay-gradient":""},"tablet":{"background-color":"","background-image":"","background-repeat":"repeat","background-position":"center center","background-size":"auto","background-attachment":"scroll","background-type":"","background-media":"","overlay-type":"","overlay-color":"","overlay-opacity":"","overlay-gradient":""},"mobile":{"background-color":"","background-image":"","background-repeat":"repeat","background-position":"center center","background-size":"auto","background-attachment":"scroll","background-type":"","background-media":"","overlay-type":"","overlay-color":"","overlay-opacity":"","overlay-gradient":""}},"ast-content-background-meta":{"desktop":{"background-color":"var(--ast-global-color-5)","background-image":"","background-repeat":"repeat","background-position":"center center","background-size":"auto","background-attachment":"scroll","background-type":"","background-media":"","overlay-type":"","overlay-color":"","overlay-opacity":"","overlay-gradient":""},"tablet":{"background-color":"var(--ast-global-color-5)","background-image":"","background-repeat":"repeat","background-position":"center center","background-size":"auto","background-attachment":"scroll","background-type":"","background-media":"","overlay-type":"","overlay-color":"","overlay-opacity":"","overlay-gradient":""},"mobile":{"background-color":"var(--ast-global-color-5)","background-image":"","background-repeat":"repeat","background-position":"center center","background-size":"auto","background-attachment":"scroll","background-type":"","background-media":"","overlay-type":"","overlay-color":"","overlay-opacity":"","overlay-gradient":""}}},"product_brand":[],"product_cat":[55],"product_tag":[58],"class_list":{"0":"post-2896","1":"product","2":"type-product","3":"status-publish","4":"has-post-thumbnail","6":"product_cat-free-weight-training","7":"product_tag-carry-bars","8":"desktop-align-left","9":"tablet-align-left","10":"mobile-align-left","12":"first","13":"instock","14":"shipping-taxable","15":"purchasable","16":"product-type-simple"},"_links":{"self":[{"href":"https:\/\/alexathletics1982.com\/vi\/wp-json\/wp\/v2\/product\/2896","targetHints":{"allow":["GET"]}}],"collection":[{"href":"https:\/\/alexathletics1982.com\/vi\/wp-json\/wp\/v2\/product"}],"about":[{"href":"https:\/\/alexathletics1982.com\/vi\/wp-json\/wp\/v2\/types\/product"}],"replies":[{"embeddable":true,"href":"https:\/\/alexathletics1982.com\/vi\/wp-json\/wp\/v2\/comments?post=2896"}],"wp:featuredmedia":[{"embeddable":true,"href":"https:\/\/alexathletics1982.com\/vi\/wp-json\/wp\/v2\/media\/3620"}],"wp:attachment":[{"href":"https:\/\/alexathletics1982.com\/vi\/wp-json\/wp\/v2\/media?parent=2896"}],"wp:term":[{"taxonomy":"product_brand","embeddable":true,"href":"https:\/\/alexathletics1982.com\/vi\/wp-json\/wp\/v2\/product_brand?post=2896"},{"taxonomy":"product_cat","embeddable":true,"href":"https:\/\/alexathletics1982.com\/vi\/wp-json\/wp\/v2\/product_cat?post=2896"},{"taxonomy":"product_tag","embeddable":true,"href":"https:\/\/alexathletics1982.com\/vi\/wp-json\/wp\/v2\/product_tag?post=2896"}],"curies":[{"name":"wp","href":"https:\/\/api.w.org\/{rel}","templated":true}]}}