{"id":2900,"date":"2026-01-23T20:19:59","date_gmt":"2026-01-23T12:19:59","guid":{"rendered":"https:\/\/alexathletics1982.com\/?post_type=product&#038;p=2900"},"modified":"2026-04-10T22:44:05","modified_gmt":"2026-04-10T14:44:05","slug":"vong-co-magstow-loai-1","status":"publish","type":"product","link":"https:\/\/alexathletics1982.com\/vi\/magstow-collar-type-1\/","title":{"rendered":"Magstow Lo\u1ea1i 1 (ki\u1ec3u c\u1ed5 \u00e1o)"},"content":{"rendered":"<h2>K\u1eb9p, Kh\u00f3a, D\u00ednh: V\u00f2ng c\u1ed5 t\u1eeb t\u00ednh Magstow<\/h2>\n<p>Trong m\u00f4i tr\u01b0\u1eddng ph\u00f2ng t\u1eadp \u0111\u00f4ng \u0111\u00fac, v\u00f2ng c\u1ed1 \u0111\u1ecbnh thanh t\u1ea1 l\u00e0 v\u1eadt d\u1ee5ng hay b\u1ecb th\u1ea5t l\u1ea1c nh\u1ea5t, th\u01b0\u1eddng b\u1ecb \u0111\u00e1 v\u0103ng xu\u1ed1ng d\u01b0\u1edbi gi\u00e1 \u0111\u1ee1 ho\u1eb7c v\u01b0\u01a1ng v\u00e3i kh\u1eafp s\u00e0n nh\u00e0. S\u1ea3n ph\u1ea9m Magstow Collar c\u1ee7a Alex Athletics mang \u0111\u1ebfn m\u1ed9t gi\u1ea3i ph\u00e1p tuy\u1ec7t v\u1eddi cho t\u00ecnh tr\u1ea1ng l\u1ed9n x\u1ed9n n\u00e0y: h\u1ec7 th\u1ed1ng c\u1ea5t gi\u1eef t\u00edch h\u1ee3p nam ch\u00e2m. \u0110\u01b0\u1ee3c trang b\u1ecb nam ch\u00e2m m\u1ea1nh m\u1ebd, nh\u1eefng chi\u1ebfc v\u00f2ng n\u00e0y \u0111\u01b0\u1ee3c thi\u1ebft k\u1ebf \u0111\u1ec3 \u201cb\u00e1m\u201d tr\u1ef1c ti\u1ebfp v\u00e0o c\u00e1c c\u1ed9t th\u00e9p c\u1ee7a gi\u00e1 \u0111\u1ee1, gi\u00e1 squat ho\u1eb7c gi\u00e1 t\u1eadp khi kh\u00f4ng s\u1eed d\u1ee5ng. S\u00e1ng ki\u1ebfn \u0111\u01a1n gi\u1ea3n n\u00e0y \u0111\u1ea3m b\u1ea3o r\u1eb1ng v\u00f2ng t\u1ea1 c\u1ee7a b\u1ea1n lu\u00f4n trong t\u1ea7m tay, gi\u00fap ph\u00f2ng t\u1eadp c\u1ee7a b\u1ea1n lu\u00f4n g\u1ecdn g\u00e0ng v\u00e0 n\u00e2ng cao hi\u1ec7u qu\u1ea3 l\u00e0m vi\u1ec7c. Kh\u00f4ng c\u00f2n ph\u1ea3i t\u00ecm ki\u1ebfm c\u1eb7p v\u00f2ng ph\u00f9 h\u1ee3p n\u1eefa; ch\u1ec9 c\u1ea7n l\u1ea5y ch\u00fang ra kh\u1ecfi gi\u00e1 \u0111\u1ee1, g\u1eafn v\u00e0o thanh t\u1ea1 v\u00e0 b\u1eaft \u0111\u1ea7u t\u1eadp luy\u1ec7n.<\/p>\n<p>Ngo\u00e0i s\u1ef1 ti\u1ec7n l\u1ee3i nh\u1edd t\u1eeb t\u00ednh, Magstow Collar c\u00f2n l\u00e0 m\u1ed9t c\u01a1 ch\u1ebf kh\u00f3a hi\u1ec7u su\u1ea5t cao. S\u1ea3n ph\u1ea9m \u0111\u01b0\u1ee3c trang b\u1ecb ch\u1ed1t \u0111\u00f2n b\u1ea9y ho\u1ea1t \u0111\u1ed9ng nhanh, k\u1eb9p ch\u1eb7t v\u00e0o \u1ed1ng t\u1ea1. Kh\u00e1c v\u1edbi c\u00e1c k\u1eb9p l\u00f2 xo c\u00f3 th\u1ec3 b\u1ecb tr\u01b0\u1ee3t khi ch\u1ecbu t\u00e1c \u0111\u1ed9ng m\u1ea1nh, Magstow t\u1ea1o ra \u00e1p l\u1ef1c bao quanh gi\u00fap gi\u1eef ch\u1eb7t c\u00e1c \u0111\u0129a t\u1ea1, ngay c\u1ea3 khi li\u00ean t\u1ee5c th\u1ea3 \u0111\u0129a t\u1ea1 \u0111\u1ec7m trong c\u00e1c b\u00e0i t\u1eadp c\u1eed t\u1ea1 Olympic. B\u00ean trong \u0111\u01b0\u1ee3c l\u00f3t b\u1eb1ng mi\u1ebfng \u0111\u1ec7m b\u1ea3o v\u1ec7 gi\u00fap b\u00e1m ch\u1eb7t v\u00e0o \u1ed1ng t\u1ea1 m\u1ea1 cr\u00f4m m\u00e0 kh\u00f4ng l\u00e0m x\u01b0\u1edbc ho\u1eb7c h\u1ecfng b\u1ec1 m\u1eb7t t\u1ea1. C\u00f3 nhi\u1ec1u phi\u00ean b\u1ea3n (Lo\u1ea1i 1\/2\/3) \u0111\u1ec3 ph\u00f9 h\u1ee3p v\u1edbi c\u00e1c s\u1edf th\u00edch th\u1ea9m m\u1ef9 ho\u1eb7c ki\u1ec3u ch\u1ed1t kh\u00e1c nhau, d\u00f2ng Magstow l\u00e0 s\u1ef1 k\u1ebft h\u1ee3p ho\u00e0n h\u1ea3o gi\u1eefa s\u1ef1 ti\u1ec7n l\u1ee3i hi\u1ec7n \u0111\u1ea1i v\u00e0 \u0111\u1ed9 an to\u00e0n tuy\u1ec7t \u0111\u1ed1i. \u0110\u00e2y l\u00e0 b\u1ea3n n\u00e2ng c\u1ea5p m\u00e0 m\u1ecdi gi\u00e1 t\u1ea1 \u0111\u1ec1u x\u1ee9ng \u0111\u00e1ng c\u00f3.<\/p>\n<h3>1. Ti\u1ec7n l\u1ee3i c\u1ee7a l\u01b0u tr\u1eef t\u1eeb t\u00ednh<\/h3>\n<p>\u0110i\u1ec3m n\u1ed5i b\u1eadt ch\u00ednh l\u00e0 c\u00f4ng ngh\u1ec7 \u201cMagstow\u201d. Nh\u1edd c\u00e1c nam ch\u00e2m c\u00f3 \u0111\u1ed9 b\u00e1m d\u00ednh cao, v\u00f2ng \u0111\u1ec7m c\u00f3 th\u1ec3 b\u00e1m ch\u1eb7t v\u00e0o b\u1ea5t k\u1ef3 b\u1ec1 m\u1eb7t kim lo\u1ea1i ch\u1ee9a s\u1eaft n\u00e0o (nh\u01b0 c\u00e1c thanh d\u1ecdc c\u1ee7a gi\u00e1 \u0111\u1ee1). \u0110i\u1ec1u n\u00e0y gi\u1ea3i quy\u1ebft tri\u1ec7t \u0111\u1ec3 v\u1ea5n \u0111\u1ec1 mu\u00f4n thu\u1edf: \u201cM\u00ecnh \u0111\u1ec3 k\u1eb9p \u1edf \u0111\u00e2u r\u1ed3i nh\u1ec9?\u201d. C\u00f4ng ngh\u1ec7 n\u00e0y gi\u00fap s\u00e0n ph\u00f2ng t\u1eadp lu\u00f4n th\u00f4ng tho\u00e1ng, tr\u00e1nh nguy c\u01a1 v\u1ea5p ng\u00e3, \u0111\u1ed3ng th\u1eddi \u0111\u1ea3m b\u1ea3o c\u00e1c v\u00f2ng \u0111\u1ec7m lu\u00f4n c\u00f3 v\u1ecb tr\u00ed c\u1ed1 \u0111\u1ecbnh ngay b\u00ean c\u1ea1nh thanh t\u1ea1 c\u1ee7a b\u1ea1n.<\/p>\n<h3>2. Ch\u1ed1t kh\u00f3a nhanh an to\u00e0n<\/h3>\n<p>T\u1ed1c \u0111\u1ed9 l\u00e0 y\u1ebfu t\u1ed1 quan tr\u1ecdng. C\u01a1 ch\u1ebf kh\u00f3a b\u1eb1ng c\u1ea7n g\u1ea1t cho ph\u00e9p thao t\u00e1c b\u1eb1ng m\u1ed9t tay. B\u1ea1n ch\u1ec9 c\u1ea7n tr\u01b0\u1ee3t v\u00f2ng k\u1eb9p v\u00e0o v\u1ecb tr\u00ed v\u00e0 g\u1ea1t ch\u1ed1t \u0111\u1ec3 kh\u00f3a l\u1ea1i. C\u00e1ch n\u00e0y nhanh v\u00e0 d\u1ec5 s\u1eed d\u1ee5ng h\u01a1n h\u1eb3n so v\u1edbi vi\u1ec7c ph\u1ea3i b\u00f3p ch\u1eb7t m\u1ed9t v\u00f2ng k\u1eb9p l\u00f2 xo c\u1ee9ng, gi\u00fap vi\u1ec7c thay \u0111\u0129a t\u1ea1 trong c\u00e1c b\u00e0i t\u1eadp gi\u1ea3m t\u1ea3i ho\u1eb7c t\u1eadp ng\u1eaft qu\u00e3ng di\u1ec5n ra m\u01b0\u1ee3t m\u00e0 v\u00e0 kh\u00f4ng g\u00e2y b\u1ef1c b\u1ed9i.<\/p>\n<h3>3. Mi\u1ebfng \u0111\u1ec7m b\u1ea3o v\u1ec7 thanh t\u1ea1<\/h3>\n<p>Vi\u1ec7c b\u1ea3o v\u1ec7 kho\u1ea3n \u0111\u1ea7u t\u01b0 c\u1ee7a b\u1ea1n l\u00e0 \u0111i\u1ec1u quan tr\u1ecdng h\u00e0ng \u0111\u1ea7u. Ph\u1ea7n b\u00ean trong c\u1ee7a v\u00f2ng \u0111\u1ec7m \u0111\u01b0\u1ee3c trang b\u1ecb c\u00e1c mi\u1ebfng \u0111\u1ec7m cao su ho\u1eb7c elastomer. Nh\u1eefng mi\u1ebfng \u0111\u1ec7m n\u00e0y t\u1ea1o ra l\u1ef1c ma s\u00e1t c\u1ea7n thi\u1ebft \u0111\u1ec3 gi\u1eef c\u00e1c t\u1ea1 c\u1ed1 \u0111\u1ecbnh t\u1ea1i v\u1ecb tr\u00ed, \u0111\u1ed3ng th\u1eddi \u0111\u1ea3m b\u1ea3o c\u01a1 ch\u1ebf kim lo\u1ea1i b\u00ean trong kh\u00f4ng bao gi\u1edd ch\u1ea1m v\u00e0o \u1ed1ng t\u1ea1. \u0110i\u1ec1u n\u00e0y gi\u00fap ng\u0103n ng\u1eeba c\u00e1c v\u1ebft x\u01b0\u1edbc v\u00e0 v\u1ebft l\u00f5m m\u00e0 nh\u1eefng chi\u1ebfc v\u00f2ng \u0111\u1ec7m kim lo\u1ea1i gi\u00e1 r\u1ebb th\u01b0\u1eddng g\u00e2y ra cho c\u00e1c thanh t\u1ea1 \u0111\u1eaft ti\u1ec1n.<\/p>\n<h3>4. Kh\u1ea3 n\u0103ng gi\u1eef m\u00e0u b\u1ec1n b\u1ec9<\/h3>\n<p>Nh\u1eefng s\u1ea3n ph\u1ea9m n\u00e0y kh\u00f4ng ch\u1ec9 \u0111\u1ec3 trang tr\u00ed; ch\u00fang \u0111\u01b0\u1ee3c thi\u1ebft k\u1ebf \u0111\u1ec3 \u0111\u1ea3m b\u1ea3o \u0111\u1ed9 ch\u1eafc ch\u1eafn. Thi\u1ebft k\u1ebf k\u1eb9p gi\u00fap gi\u1eef ch\u1eb7t v\u00e0 an to\u00e0n, ch\u1ed1ng tr\u01b0\u1ee3t ngay c\u1ea3 khi thanh t\u1ea1 b\u1ecb r\u01a1i t\u1eeb tr\u00ean cao xu\u1ed1ng. \u0110\u1ed9 tin c\u1eady n\u00e0y khi\u1ebfn ch\u00fang tr\u1edf n\u00ean ph\u00f9 h\u1ee3p cho c\u00e1c \u0111\u1ed9ng t\u00e1c m\u1ea1nh m\u1ebd nh\u01b0 Clean &amp; Jerk hay deadlift v\u1edbi s\u1ed1 l\u1ea7n l\u1eb7p cao, n\u01a1i vi\u1ec7c \u0111\u0129a t\u1ea1 b\u1ecb x\u00ea d\u1ecbch c\u00f3 th\u1ec3 g\u00e2y nguy hi\u1ec3m v\u00e0 l\u00e0m m\u1ea5t t\u1eadp trung.<\/p>\n<h3>5. Thi\u1ebft k\u1ebf b\u1ec1n b\u1ec9 v\u00e0 nh\u1eb9<\/h3>\n<p>\u0110\u01b0\u1ee3c ch\u1ebf t\u1ea1o t\u1eeb nylon ch\u1ecbu va \u0111\u1eadp cao ho\u1eb7c v\u1eadt li\u1ec7u composite, th\u00e2n v\u00f2ng c\u1ed5 c\u00f3 tr\u1ecdng l\u01b0\u1ee3ng nh\u1eb9 nh\u01b0ng v\u00f4 c\u00f9ng b\u1ec1n b\u1ec9. S\u1ea3n ph\u1ea9m ch\u1ecbu \u0111\u01b0\u1ee3c l\u1ef1c va \u0111\u1eadp khi r\u01a1i m\u00e0 kh\u00f4ng b\u1ecb n\u1ee9t v\u1ee1. Nh\u1edd t\u00ednh ch\u1ea5t nh\u1eb9, s\u1ea3n ph\u1ea9m kh\u00f4ng l\u00e0m t\u0103ng th\u00eam tr\u1ecdng l\u01b0\u1ee3ng \u0111\u00e1ng k\u1ec3 v\u00e0 kh\u00f4ng mong mu\u1ed1n cho b\u00e0i t\u1eadp n\u00e2ng t\u1ea1 c\u1ee7a b\u1ea1n, gi\u00fap duy tr\u00ec \u0111\u1ed9 ch\u00ednh x\u00e1c c\u1ee7a c\u00e1c ch\u1ec9 s\u1ed1 t\u1eadp luy\u1ec7n.<\/p>\n<h3>\u0110\u1ed1i t\u01b0\u1ee3ng d\u00e0nh cho ai?<\/h3>\n<ul style=\"list-style-position: inside; padding-left: 0;\">\n<li>Nh\u1eefng ng\u01b0\u1eddi s\u1edf h\u1eefu ph\u00f2ng t\u1eadp th\u1ec3 d\u1ee5c t\u1ea1i nh\u00e0 coi tr\u1ecdng s\u1ef1 ng\u0103n n\u1eafp v\u00e0 g\u1ecdn g\u00e0ng.<\/li>\n<li>C\u00e1c ph\u00f2ng t\u1eadp th\u1ec3 h\u00ecnh th\u01b0\u01a1ng m\u1ea1i \u0111ang t\u00ecm c\u00e1ch gi\u1ea3m thi\u1ec3u t\u00ecnh tr\u1ea1ng m\u1ea5t m\u00e1t thi\u1ebft b\u1ecb.<\/li>\n<li>Nh\u1eefng ng\u01b0\u1eddi th\u1ee3 l\u1eafp \u0111\u1eb7t \u0111\u00e3 ch\u00e1n ng\u00e1n vi\u1ec7c ph\u1ea3i v\u1eadt l\u1ed9n v\u1edbi c\u00e1c k\u1eb9p l\u00f2 xo c\u1ee9ng.<\/li>\n<li>Ai mu\u1ed1n b\u1ea3o v\u1ec7 \u1ed1ng tay t\u1ea1 kh\u1ecfi b\u1ecb tr\u1ea7y x\u01b0\u1edbc.<\/li>\n<\/ul>\n<h3>Th\u00f4ng s\u1ed1 k\u1ef9 thu\u1eadt s\u1ea3n ph\u1ea9m<\/h3>\n<table border=\"1\" width=\"100%\" cellspacing=\"0\" cellpadding=\"5\">\n<tbody>\n<tr>\n<td><strong>Lo\u1ea1i<\/strong><\/td>\n<td>V\u00f2ng k\u1eb9p t\u1ea1 t\u1eeb t\u00ednh<\/td>\n<\/tr>\n<tr>\n<td><strong>Ph\u00f9 h\u1ee3p<\/strong><\/td>\n<td>\u1ed0ng l\u00f3t Olympic 50mm<\/td>\n<\/tr>\n<tr>\n<td><strong>T\u00ednh n\u0103ng<\/strong><\/td>\n<td>B\u1ed9 l\u01b0u tr\u1eef t\u1eeb t\u00ednh, Kh\u00f3a nhanh<\/td>\n<\/tr>\n<tr>\n<td><strong>Ch\u1ea5t li\u1ec7u<\/strong><\/td>\n<td>V\u1eadt li\u1ec7u composite\/nylon, mi\u1ebfng \u0111\u1ec7m cao su<\/td>\n<\/tr>\n<tr>\n<td><strong>L\u1ee3i \u00edch<\/strong><\/td>\n<td>T\u1ed5 ch\u1ee9c, T\u1ed1c \u0111\u1ed9, B\u1ea3o v\u1ec7 thanh<\/td>\n<\/tr>\n<\/tbody>\n<\/table>","protected":false},"excerpt":{"rendered":"<p>V\u00f2ng \u0111\u1ec7m Magstow c\u1ee7a Alex Athletics mang \u0111\u1ebfn m\u1ed9t cu\u1ed9c c\u00e1ch m\u1ea1ng trong vi\u1ec7c s\u1eafp x\u1ebfp ph\u00f2ng t\u1eadp nh\u1edd h\u1ec7 th\u1ed1ng l\u01b0u tr\u1eef t\u1eeb t\u00ednh t\u00edch h\u1ee3p. Nh\u1eefng chi\u1ebfc v\u00f2ng \u0111\u1ec7m hi\u1ec7u su\u1ea5t cao n\u00e0y c\u00f3 th\u1ec3 d\u00ednh tr\u1ef1c ti\u1ebfp v\u00e0o gi\u00e1 t\u1eadp t\u1ea1 ho\u1eb7c khung t\u1eadp khi kh\u00f4ng s\u1eed d\u1ee5ng, \u0111\u1ea3m b\u1ea3o ch\u00fang lu\u00f4n trong t\u1ea7m tay v\u00e0 kh\u00f4ng bao gi\u1edd b\u1ecb th\u1ea5t l\u1ea1c. \u0110\u01b0\u1ee3c trang b\u1ecb c\u01a1 ch\u1ebf kh\u00f3a nhanh an to\u00e0n, ch\u00fang k\u1eb9p ch\u1eb7t v\u00e0o thanh t\u1ea1 \u0111\u1ec3 ng\u0103n \u0111\u0129a t\u1ea1 tr\u01b0\u1ee3t ra khi th\u1ea3 xu\u1ed1ng, trong khi c\u00e1c mi\u1ebfng \u0111\u1ec7m b\u00ean trong b\u1ea3o v\u1ec7 \u1ed1ng thanh t\u1ea1 kh\u1ecfi tr\u1ea7y x\u01b0\u1edbc. B\u1ec1n b\u1ec9, nhanh ch\u00f3ng v\u00e0 v\u00f4 c\u00f9ng ti\u1ec7n l\u1ee3i, v\u00f2ng kh\u00f3a Magstow l\u00e0 s\u1ef1 n\u00e2ng c\u1ea5p t\u1ed1i \u01b0u cho b\u1ea5t k\u1ef3 ph\u00f2ng t\u1eadp t\u1ea1i nh\u00e0 hay th\u01b0\u01a1ng m\u1ea1i n\u00e0o.<\/p>","protected":false},"featured_media":3382,"comment_status":"open","ping_status":"closed","template":"","meta":{"inline_featured_image":false,"site-sidebar-layout":"default","site-content-layout":"","ast-site-content-layout":"default","site-content-style":"default","site-sidebar-style":"default","ast-global-header-display":"","ast-banner-title-visibility":"","ast-main-header-display":"","ast-hfb-above-header-display":"","ast-hfb-below-header-display":"","ast-hfb-mobile-header-display":"","site-post-title":"","ast-breadcrumbs-content":"","ast-featured-img":"","footer-sml-layout":"","ast-disable-related-posts":"","theme-transparent-header-meta":"default","adv-header-id-meta":"","stick-header-meta":"default","header-above-stick-meta":"","header-main-stick-meta":"","header-below-stick-meta":"","astra-migrate-meta-layouts":"set","ast-page-background-enabled":"default","ast-page-background-meta":{"desktop":{"background-color":"","background-image":"","background-repeat":"repeat","background-position":"center center","background-size":"auto","background-attachment":"scroll","background-type":"","background-media":"","overlay-type":"","overlay-color":"","overlay-opacity":"","overlay-gradient":""},"tablet":{"background-color":"","background-image":"","background-repeat":"repeat","background-position":"center center","background-size":"auto","background-attachment":"scroll","background-type":"","background-media":"","overlay-type":"","overlay-color":"","overlay-opacity":"","overlay-gradient":""},"mobile":{"background-color":"","background-image":"","background-repeat":"repeat","background-position":"center center","background-size":"auto","background-attachment":"scroll","background-type":"","background-media":"","overlay-type":"","overlay-color":"","overlay-opacity":"","overlay-gradient":""}},"ast-content-background-meta":{"desktop":{"background-color":"var(--ast-global-color-5)","background-image":"","background-repeat":"repeat","background-position":"center center","background-size":"auto","background-attachment":"scroll","background-type":"","background-media":"","overlay-type":"","overlay-color":"","overlay-opacity":"","overlay-gradient":""},"tablet":{"background-color":"var(--ast-global-color-5)","background-image":"","background-repeat":"repeat","background-position":"center center","background-size":"auto","background-attachment":"scroll","background-type":"","background-media":"","overlay-type":"","overlay-color":"","overlay-opacity":"","overlay-gradient":""},"mobile":{"background-color":"var(--ast-global-color-5)","background-image":"","background-repeat":"repeat","background-position":"center center","background-size":"auto","background-attachment":"scroll","background-type":"","background-media":"","overlay-type":"","overlay-color":"","overlay-opacity":"","overlay-gradient":""}}},"product_brand":[],"product_cat":[55],"product_tag":[58],"class_list":{"0":"post-2900","1":"product","2":"type-product","3":"status-publish","4":"has-post-thumbnail","6":"product_cat-free-weight-training","7":"product_tag-carry-bars","8":"desktop-align-left","9":"tablet-align-left","10":"mobile-align-left","12":"first","13":"instock","14":"shipping-taxable","15":"purchasable","16":"product-type-simple"},"_links":{"self":[{"href":"https:\/\/alexathletics1982.com\/vi\/wp-json\/wp\/v2\/product\/2900","targetHints":{"allow":["GET"]}}],"collection":[{"href":"https:\/\/alexathletics1982.com\/vi\/wp-json\/wp\/v2\/product"}],"about":[{"href":"https:\/\/alexathletics1982.com\/vi\/wp-json\/wp\/v2\/types\/product"}],"replies":[{"embeddable":true,"href":"https:\/\/alexathletics1982.com\/vi\/wp-json\/wp\/v2\/comments?post=2900"}],"wp:featuredmedia":[{"embeddable":true,"href":"https:\/\/alexathletics1982.com\/vi\/wp-json\/wp\/v2\/media\/3382"}],"wp:attachment":[{"href":"https:\/\/alexathletics1982.com\/vi\/wp-json\/wp\/v2\/media?parent=2900"}],"wp:term":[{"taxonomy":"product_brand","embeddable":true,"href":"https:\/\/alexathletics1982.com\/vi\/wp-json\/wp\/v2\/product_brand?post=2900"},{"taxonomy":"product_cat","embeddable":true,"href":"https:\/\/alexathletics1982.com\/vi\/wp-json\/wp\/v2\/product_cat?post=2900"},{"taxonomy":"product_tag","embeddable":true,"href":"https:\/\/alexathletics1982.com\/vi\/wp-json\/wp\/v2\/product_tag?post=2900"}],"curies":[{"name":"wp","href":"https:\/\/api.w.org\/{rel}","templated":true}]}}