{"id":2909,"date":"2026-01-23T20:20:20","date_gmt":"2026-01-23T12:20:20","guid":{"rendered":"https:\/\/alexathletics1982.com\/?post_type=product&#038;p=2909"},"modified":"2026-04-08T20:40:23","modified_gmt":"2026-04-08T12:40:23","slug":"san-ha-canh","status":"publish","type":"product","link":"https:\/\/alexathletics1982.com\/vi\/landing-pad\/","title":{"rendered":"S\u00e2n h\u1ea1 c\u00e1nh"},"content":{"rendered":"<h2>Drop It Like It\u2019s Heavy: B\u1ec7 h\u1ea1 c\u00e1nh ch\u1ed1ng \u1ed3n<\/h2>\n<p>Trong th\u1ebf gi\u1edbi c\u1ee7a c\u00e1c b\u00e0i t\u1eadp t\u1ea1 n\u1eb7ng, ti\u1ebfng \u201cr\u1ea7m\u201d c\u1ee7a t\u1ea1 l\u00e0 \u00e2m thanh c\u1ee7a s\u1ef1 n\u1ed7 l\u1ef1c\u2014nh\u01b0ng \u0111\u00f3 c\u0169ng l\u00e0 ti\u1ebfng \u1ed3n khi\u1ebfn h\u00e0ng x\u00f3m ph\u00e0n n\u00e0n, n\u1ec1n m\u00f3ng n\u1ee9t n\u1ebb v\u00e0 thi\u1ebft b\u1ecb h\u01b0 h\u1ecfng. S\u1ea3n ph\u1ea9m Landing Pad (Drop Pad\/Silencer Pad) c\u1ee7a Alex Athletics l\u00e0 gi\u1ea3i ph\u00e1p t\u1ed1i \u01b0u cho vi\u1ec7c t\u1eadp luy\u1ec7n v\u1edbi t\u1ea1 n\u1eb7ng trong m\u00f4i tr\u01b0\u1eddng nh\u1ea1y c\u1ea3m v\u1edbi ti\u1ebfng \u1ed3n. Nh\u1eefng kh\u1ed1i l\u1edbn, m\u1eadt \u0111\u1ed9 cao n\u00e0y \u0111\u01b0\u1ee3c thi\u1ebft k\u1ebf \u0111\u1ec3 ti\u1ebfp nh\u1eadn c\u00e1c \u0111\u0129a t\u1ea1, h\u1ea5p th\u1ee5 n\u0103ng l\u01b0\u1ee3ng \u0111\u1ed9ng h\u1ecdc khi t\u1ea1 r\u01a1i. \u0110\u01b0\u1ee3c ch\u1ebf t\u1ea1o t\u1eeb v\u1ee5n cao su t\u00e1i ch\u1ebf 100%, ch\u00fang \u0111\u01b0\u1ee3c thi\u1ebft k\u1ebf \u0111\u1ec3 ch\u1ecbu \u0111\u01b0\u1ee3c t\u00e1c \u0111\u1ed9ng c\u1ee7a c\u00e1c \u0111\u1ed9ng t\u00e1c deadlift, clean v\u00e0 snatch v\u1edbi m\u1ee9c t\u1ea1 t\u1ed1i \u0111a m\u00e0 kh\u00f4ng b\u1ecb s\u1ee9t m\u1ebb, n\u1ee9t v\u1ee1 hay g\u00e3y. Kh\u00f4ng gi\u1ed1ng nh\u01b0 nh\u1eefng t\u1ea5m g\u1ea1ch l\u00e1t s\u00e0n m\u1ecfng ch\u1ec9 \u0111\u01a1n thu\u1ea7n l\u00e0m gi\u1ea3m \u00e2m thanh, Landing Pad g\u1ea7n nh\u01b0 lo\u1ea1i b\u1ecf ho\u00e0n to\u00e0n c\u00e1c ch\u1ea5n \u0111\u1ed9ng v\u00e0 rung \u0111\u1ed9ng truy\u1ec1n qua s\u00e0n, khi\u1ebfn ch\u00fang tr\u1edf th\u00e0nh v\u1eadt d\u1ee5ng thi\u1ebft y\u1ebfu cho c\u00e1c ph\u00f2ng t\u1eadp \u1edf t\u1ea7ng tr\u00ean, c\u0103n h\u1ed9 ho\u1eb7c ph\u00f2ng t\u1eadp trong nh\u00e0 \u0111\u1ec3 xe \u1edf c\u00e1c khu ngo\u1ea1i \u00f4 y\u00ean t\u0129nh.<\/p>\n<p>Ch\u1ee9c n\u0103ng kh\u00f4ng ch\u1ec9 d\u1eebng l\u1ea1i \u1edf vi\u1ec7c gi\u1ea3m ti\u1ebfng \u1ed3n. Thi\u1ebft k\u1ebf c\u00f3 th\u1ec3 x\u1ebfp ch\u1ed3ng c\u1ee7a c\u00e1c t\u1ea5m \u0111\u1ec7m cho ph\u00e9p ch\u00fang \u0111\u00f3ng vai tr\u00f2 nh\u01b0 nh\u1eefng kh\u1ed1i k\u00e9o. B\u1eb1ng c\u00e1ch n\u00e2ng cao \u0111i\u1ec3m b\u1eaft \u0111\u1ea7u c\u1ee7a thanh t\u1ea1, b\u1ea1n c\u00f3 th\u1ec3 th\u1ef1c hi\u1ec7n c\u00e1c b\u00e0i t\u1eadp k\u00e9o t\u1eeb gi\u00e1 \u0111\u1ee1, k\u00e9o t\u1eeb kh\u1ed1i ho\u1eb7c n\u00e2ng t\u1ea1 m\u1ed9t ph\u1ea7n \u0111\u1ec3 t\u1eadp trung v\u00e0o nh\u1eefng \u0111i\u1ec3m kh\u00f3 kh\u0103n c\u1ee5 th\u1ec3 ho\u1eb7c kh\u1eafc ph\u1ee5c h\u1ea1n ch\u1ebf v\u1ec1 kh\u1ea3 n\u0103ng v\u1eadn \u0111\u1ed9ng. C\u00e1c t\u1ea5m \u0111\u1ec7m n\u00e0y c\u00f3 t\u00ednh di \u0111\u1ed9ng v\u00e0 nh\u1eb9 h\u01a1n so v\u1edbi c\u00e1c kh\u1ed1i g\u1ed7, cho ph\u00e9p b\u1ea1n thi\u1ebft l\u1eadp m\u1ed9t tr\u1ea1m k\u00e9o trong v\u00e0i gi\u00e2y v\u00e0 d\u1ecdn d\u1eb9p n\u00f3 nhanh ch\u00f3ng kh\u00f4ng k\u00e9m. L\u1edbp v\u1ecf b\u1ec1n b\u1ec9 ng\u0103n cao su bong tr\u00f3c v\u00e0 d\u1ec5 d\u00e0ng v\u1ec7 sinh. V\u1edbi c\u00e1c t\u1ea5m \u0111\u1ec7m Alex Landing Pads, b\u1ea1n c\u00f3 th\u1ec3 th\u1ea3 thanh t\u1ea1 m\u1ed9t c\u00e1ch t\u1ef1 tin, bi\u1ebft r\u1eb1ng b\u1ea1n \u0111ang b\u1ea3o v\u1ec7 s\u00e0n nh\u00e0, c\u00e1c \u1ed5 bi c\u1ee7a thanh t\u1ea1 v\u00e0 m\u1ed1i quan h\u1ec7 v\u1edbi h\u00e0ng x\u00f3m.<\/p>\n<h3>1. Kh\u1ea3 n\u0103ng h\u1ea5p th\u1ee5 s\u1ed1c v\u00e0 ti\u1ebfng \u1ed3n t\u1ed1i \u01b0u<\/h3>\n<p>\u0110\u00e2y ch\u00ednh l\u00e0 l\u00fd do c\u1ed1t l\u00f5i. L\u1edbp \u0111\u1ec7m l\u00e0m t\u1eeb v\u1ee5n cao su chuy\u00ean d\u1ee5ng s\u1ebd n\u00e9n l\u1ea1i khi va ch\u1ea1m, gi\u00fap ti\u00eau t\u00e1n n\u0103ng l\u01b0\u1ee3ng t\u1eeb v\u1eadt r\u01a1i. \u0110i\u1ec1u n\u00e0y t\u1ea1o ra ti\u1ebfng \u0111\u1ed9ng nh\u1eb9 nh\u00e0ng thay v\u00ec ti\u1ebfng va ch\u1ea1m ch\u1ea5n \u0111\u1ed9ng m\u1eb7t \u0111\u1ea5t. N\u00f3 gi\u00fap gi\u1ea3m \u0111\u00e1ng k\u1ec3 s\u1ef1 truy\u1ec1n rung \u0111\u1ed9ng qua k\u1ebft c\u1ea5u t\u00f2a nh\u00e0, v\u1ed1n l\u00e0 nguy\u00ean nh\u00e2n ch\u00ednh d\u1eabn \u0111\u1ebfn c\u00e1c khi\u1ebfu n\u1ea1i v\u1ec1 ti\u1ebfng \u1ed3n trong c\u00e1c ph\u00f2ng t\u1eadp th\u1ec3 d\u1ee5c t\u1ea1i nh\u00e0.<\/p>\n<h3>2. B\u1ea3o v\u1ec7 s\u00e0n v\u00e0 thi\u1ebft b\u1ecb<\/h3>\n<p>Vi\u1ec7c th\u1ea3 t\u1ea1 n\u1eb7ng s\u1ebd g\u00e2y t\u1ed5n h\u1ea1i cho n\u1ec1n b\u00ea t\u00f4ng v\u00e0 nh\u1eefng chi\u1ebfc \u0111\u0129a t\u1ea1 \u0111\u1eaft ti\u1ec1n c\u1ee7a b\u1ea1n. Mi\u1ebfng \u0111\u1ec7m ti\u1ebfp \u0111\u1ea5t \u0111\u00f3ng vai tr\u00f2 nh\u01b0 m\u1ed9t l\u1edbp b\u1ea3o v\u1ec7 hy sinh. Ch\u00fang gi\u00fap gi\u1ea3m ch\u1ea5n l\u1ef1c va ch\u1ea1m, ng\u0103n ng\u1eeba b\u00ea t\u00f4ng b\u1ecb n\u1ee9t v\u1ee1 v\u00e0 k\u00e9o d\u00e0i tu\u1ed5i th\u1ecd c\u1ee7a \u0111\u0129a t\u1ea1 c\u0169ng nh\u01b0 v\u00f2ng bi thanh t\u1ea1 b\u1eb1ng c\u00e1ch gi\u1ea3m thi\u1ec3u s\u00f3ng xung k\u00edch lan truy\u1ec1n qua thi\u1ebft b\u1ecb.<\/p>\n<h3>3. D\u1ee5ng c\u1ee5 \u201cBlock Pull\u201d c\u00f3 th\u1ec3 x\u1ebfp ch\u1ed3ng l\u00ean nhau<\/h3>\n<p>Nh\u1eefng t\u1ea5m \u0111\u1ec7m n\u00e0y kh\u00f4ng ch\u1ec9 d\u00f9ng \u0111\u1ec3 \u0111\u1eb7t xu\u1ed1ng; ch\u00fang c\u00f2n d\u00f9ng \u0111\u1ec3 n\u00e2ng l\u00ean. V\u1edbi chi\u1ec1u cao kho\u1ea3ng 74mm (theo th\u00f4ng s\u1ed1 k\u1ef9 thu\u1eadt, c\u00f3 th\u1ec3 cao h\u01a1n n\u1ebfu x\u1ebfp ch\u1ed3ng l\u00ean nhau ho\u1eb7c n\u1ebfu m\u1eabu ti\u00eau chu\u1ea9n d\u00e0y h\u01a1n; m\u1eabu ti\u00eau chu\u1ea9n th\u01b0\u1eddng l\u00e0 15cm\/6 inch, th\u00f4ng s\u1ed1 k\u1ef9 thu\u1eadt ghi 74mm\/t\u1ea5m, ng\u1ee5 \u00fd c\u00f3 th\u1ec3 x\u1ebfp ch\u1ed3ng c\u00e1c t\u1ea5m g\u1ea1ch). *S\u1eeda l\u1ed7i: Th\u00f4ng s\u1ed1 k\u1ef9 thu\u1eadt ghi \u201cD\u00e0i 600 x R\u1ed9ng 400 x Cao 74 mm\u201d.* Chi\u1ec1u cao n\u00e0y cho ph\u00e9p x\u1ebfp ch\u1ed3ng t\u1eebng l\u1edbp. B\u1ea1n c\u00f3 th\u1ec3 x\u1ebfp ch\u1ed3ng 2-3 t\u1ea5m \u0111\u1ec3 t\u1ea1o ra chi\u1ec1u cao l\u00fd t\u01b0\u1edfng cho \u0111\u1ed9ng t\u00e1c k\u00e9o kh\u1ed1i, gi\u00fap b\u1ea1n t\u0103ng t\u1ea3i ph\u1ea7n tr\u00ean c\u1ee7a b\u00e0i t\u1eadp deadlift m\u00e0 kh\u00f4ng c\u1ea7n \u0111\u1ebfn h\u1ed9p g\u1ed7 c\u1ed3ng k\u1ec1nh.<\/p>\n<h3>4. 100% \u2013 Ch\u1ea5t li\u1ec7u t\u00e1i ch\u1ebf b\u1ec1n b\u1ec9<\/h3>\n<p>S\u1ef1 b\u1ec1n v\u1eefng k\u1ebft h\u1ee3p v\u1edbi \u0111\u1ed9 b\u1ec1n b\u1ec9. \u0110\u01b0\u1ee3c s\u1ea3n xu\u1ea5t t\u1eeb h\u1ea1t cao su t\u00e1i ch\u1ebf 100%, nh\u1eefng t\u1ea5m \u0111\u1ec7m n\u00e0y th\u00e2n thi\u1ec7n v\u1edbi m\u00f4i tr\u01b0\u1eddng v\u00e0 g\u1ea7n nh\u01b0 kh\u00f4ng th\u1ec3 ph\u00e1 h\u1ee7y. Ch\u00fang s\u1ebd kh\u00f4ng b\u1ecb n\u1ee9t v\u1ee1 hay v\u1ee1 v\u1ee5n nh\u01b0 b\u00ea t\u00f4ng hay cao su k\u00e9m ch\u1ea5t l\u01b0\u1ee3ng. Ch\u00fang \u0111\u01b0\u1ee3c thi\u1ebft k\u1ebf \u0111\u1ec3 ch\u1ecbu \u0111\u01b0\u1ee3c l\u1ef1c t\u00e1c \u0111\u1ed9ng m\u1ea1nh t\u1eeb h\u00e0ng tr\u0103m pound r\u01a1i xu\u1ed1ng li\u00ean t\u1ee5c, v\u00e0 lu\u00f4n ph\u1ee5c h\u1ed3i l\u1ea1i h\u00ecnh d\u1ea1ng ban \u0111\u1ea7u sau m\u1ed7i l\u1ea7n va ch\u1ea1m.<\/p>\n<h3>5. D\u1ec5 mang theo &amp; Nh\u1eb9<\/h3>\n<p>V\u1edbi tr\u1ecdng l\u01b0\u1ee3ng 10kg m\u1ed7i t\u1ea5m, nh\u1eefng t\u1ea5m \u0111\u1ec7m n\u00e0y \u0111\u1ee7 n\u1eb7ng \u0111\u1ec3 gi\u1eef v\u1eefng v\u1ecb tr\u00ed nh\u01b0ng c\u0169ng \u0111\u1ee7 nh\u1eb9 \u0111\u1ec3 di chuy\u1ec3n d\u1ec5 d\u00e0ng. B\u1ea1n c\u00f3 th\u1ec3 l\u1ea5y ch\u00fang ra s\u1eed d\u1ee5ng trong nh\u1eefng bu\u1ed5i t\u1eadp deadlift n\u1eb7ng v\u00e0 x\u1ebfp g\u1ecdn v\u00e0o g\u00f3c ph\u00f2ng khi t\u1eadp yoga. T\u00ednh di \u0111\u1ed9ng n\u00e0y mang l\u1ea1i l\u1ee3i th\u1ebf \u0111\u00e1ng k\u1ec3 so v\u1edbi nh\u1eefng b\u1ee5c t\u1eadp t\u1ea1 c\u1ed1 \u0111\u1ecbnh v\u00e0 c\u1ed3ng k\u1ec1nh.<\/p>\n<h3>\u0110\u1ed1i t\u01b0\u1ee3ng d\u00e0nh cho ai?<\/h3>\n<ul style=\"list-style-position: inside; padding-left: 0;\">\n<li>Nh\u1eefng ng\u01b0\u1eddi s\u1edf h\u1eefu ph\u00f2ng t\u1eadp th\u1ec3 d\u1ee5c t\u1ea1i nh\u00e0 trong c\u0103n h\u1ed9 ho\u1eb7c c\u00f3 h\u00e0ng x\u00f3m \u1edf g\u1ea7n.<\/li>\n<li>C\u00e1c v\u1eadn \u0111\u1ed9ng vi\u00ean c\u1eed t\u1ea1 t\u1eadp luy\u1ec7n c\u00e1c b\u00e0i t\u1eadp k\u00e9o kh\u1ed1i v\u00e0 k\u00e9o tr\u00ean gi\u00e1.<\/li>\n<li>C\u00e1c v\u1eadn \u0111\u1ed9ng vi\u00ean c\u1eed t\u1ea1 Olympic c\u1ea7n m\u1ed9t khu v\u1ef1c h\u1ea1 t\u1ea1 an to\u00e0n.<\/li>\n<li>C\u00e1c ph\u00f2ng t\u1eadp th\u1ec3 d\u1ee5c th\u01b0\u01a1ng m\u1ea1i mu\u1ed1n b\u1ea3o v\u1ec7 l\u1edbp n\u1ec1n b\u00ean d\u01b0\u1edbi.<\/li>\n<li>B\u1ea5t k\u1ef3 ai mu\u1ed1n k\u00e9o d\u00e0i tu\u1ed5i th\u1ecd c\u1ee7a c\u00e1c \u0111\u0129a t\u1ea1.<\/li>\n<\/ul>\n<h3>Th\u00f4ng s\u1ed1 k\u1ef9 thu\u1eadt s\u1ea3n ph\u1ea9m<\/h3>\n<table border=\"1\" width=\"100%\" cellspacing=\"0\" cellpadding=\"5\">\n<tbody>\n<tr>\n<td><strong>Ch\u1ea5t li\u1ec7u<\/strong><\/td>\n<td>100% B\u1ed9t cao su t\u00e1i ch\u1ebf<\/td>\n<\/tr>\n<tr>\n<td><strong>K\u00edch th\u01b0\u1edbc<\/strong><\/td>\n<td>D\u00e0i 600 x R\u1ed9ng 400 x Cao 74 mm<\/td>\n<\/tr>\n<tr>\n<td><strong>Tr\u1ecdng l\u01b0\u1ee3ng<\/strong><\/td>\n<td>10 kg\/chi\u1ebfc<\/td>\n<\/tr>\n<tr>\n<td><strong>Ch\u1ee9c n\u0103ng<\/strong><\/td>\n<td>Gi\u1ea3m ti\u1ebfng \u1ed3n, B\u1ea3o v\u1ec7 s\u00e0n, Ch\u1ed1ng k\u00e9o<\/td>\n<\/tr>\n<tr>\n<td><strong>\u0110\u1ed9 b\u1ec1n<\/strong><\/td>\n<td>Kh\u00f4ng b\u1ecb s\u1ee9t m\u1ebb hay n\u1ee9t v\u1ee1<\/td>\n<\/tr>\n<\/tbody>\n<\/table>","protected":false},"excerpt":{"rendered":"<p>Mi\u1ebfng l\u00f3t s\u00e0n Landing Pad c\u1ee7a Alex Athletics l\u00e0 gi\u1ea3i ph\u00e1p gi\u1ea3m ti\u1ebfng \u1ed3n kh\u00f4ng th\u1ec3 thi\u1ebfu cho c\u00e1c ph\u00f2ng t\u1eadp t\u1ea1i nh\u00e0 v\u00e0 ph\u00f2ng t\u1eadp th\u01b0\u01a1ng m\u1ea1i. \u0110\u01b0\u1ee3c l\u00e0m t\u1eeb h\u1ea1t cao su t\u00e1i ch\u1ebf 100%, nh\u1eefng mi\u1ebfng l\u00f3t m\u1eadt \u0111\u1ed9 cao n\u00e0y gi\u00fap h\u1ea5p th\u1ee5 l\u1ef1c va \u0111\u1eadp v\u00e0 rung \u0111\u1ed9ng khi th\u1ea3 t\u1ea1 n\u1eb7ng, b\u1ea3o v\u1ec7 s\u00e0n nh\u00e0, thi\u1ebft b\u1ecb v\u00e0 mang l\u1ea1i s\u1ef1 an t\u00e2m cho b\u1ea1n. V\u1edbi c\u1ea5u tr\u00fac b\u1ec1n b\u1ec9, kh\u00f4ng bong tr\u00f3c v\u00e0 \u0111\u1ed9 d\u00e0y 74mm, ch\u00fang l\u00e0 l\u1ef1a ch\u1ecdn ho\u00e0n h\u1ea3o \u0111\u1ec3 gi\u1ea3m ti\u1ebfng \u1ed3n khi th\u1ef1c hi\u1ec7n c\u00e1c b\u00e0i t\u1eadp deadlift v\u00e0 c\u00e1c b\u00e0i t\u1eadp Olympic. Thi\u1ebft k\u1ebf x\u1ebfp ch\u1ed3ng c\u1ee7a ch\u00fang c\u0169ng cho ph\u00e9p s\u1eed d\u1ee5ng nh\u01b0 c\u00e1c kh\u1ed1i k\u00e9o \u0111i\u1ec1u ch\u1ec9nh, mang l\u1ea1i s\u1ef1 linh ho\u1ea1t cho b\u00e0i t\u1eadp t\u0103ng c\u01b0\u1eddng s\u1ee9c m\u1ea1nh. Nh\u1ecf g\u1ecdn v\u00e0 hi\u1ec7u qu\u1ea3, ch\u00fang gi\u00fap b\u1ea1n t\u1eadp luy\u1ec7n v\u1edbi t\u1ea1 n\u1eb7ng m\u00e0 kh\u00f4ng g\u00e2y \u1ed3n \u00e0o.<\/p>","protected":false},"featured_media":3372,"comment_status":"open","ping_status":"closed","template":"","meta":{"inline_featured_image":false,"site-sidebar-layout":"default","site-content-layout":"","ast-site-content-layout":"default","site-content-style":"default","site-sidebar-style":"default","ast-global-header-display":"","ast-banner-title-visibility":"","ast-main-header-display":"","ast-hfb-above-header-display":"","ast-hfb-below-header-display":"","ast-hfb-mobile-header-display":"","site-post-title":"","ast-breadcrumbs-content":"","ast-featured-img":"","footer-sml-layout":"","ast-disable-related-posts":"","theme-transparent-header-meta":"default","adv-header-id-meta":"","stick-header-meta":"default","header-above-stick-meta":"","header-main-stick-meta":"","header-below-stick-meta":"","astra-migrate-meta-layouts":"set","ast-page-background-enabled":"default","ast-page-background-meta":{"desktop":{"background-color":"","background-image":"","background-repeat":"repeat","background-position":"center center","background-size":"auto","background-attachment":"scroll","background-type":"","background-media":"","overlay-type":"","overlay-color":"","overlay-opacity":"","overlay-gradient":""},"tablet":{"background-color":"","background-image":"","background-repeat":"repeat","background-position":"center center","background-size":"auto","background-attachment":"scroll","background-type":"","background-media":"","overlay-type":"","overlay-color":"","overlay-opacity":"","overlay-gradient":""},"mobile":{"background-color":"","background-image":"","background-repeat":"repeat","background-position":"center center","background-size":"auto","background-attachment":"scroll","background-type":"","background-media":"","overlay-type":"","overlay-color":"","overlay-opacity":"","overlay-gradient":""}},"ast-content-background-meta":{"desktop":{"background-color":"var(--ast-global-color-5)","background-image":"","background-repeat":"repeat","background-position":"center center","background-size":"auto","background-attachment":"scroll","background-type":"","background-media":"","overlay-type":"","overlay-color":"","overlay-opacity":"","overlay-gradient":""},"tablet":{"background-color":"var(--ast-global-color-5)","background-image":"","background-repeat":"repeat","background-position":"center center","background-size":"auto","background-attachment":"scroll","background-type":"","background-media":"","overlay-type":"","overlay-color":"","overlay-opacity":"","overlay-gradient":""},"mobile":{"background-color":"var(--ast-global-color-5)","background-image":"","background-repeat":"repeat","background-position":"center center","background-size":"auto","background-attachment":"scroll","background-type":"","background-media":"","overlay-type":"","overlay-color":"","overlay-opacity":"","overlay-gradient":""}}},"product_brand":[],"product_cat":[55],"product_tag":[58],"class_list":{"0":"post-2909","1":"product","2":"type-product","3":"status-publish","4":"has-post-thumbnail","6":"product_cat-free-weight-training","7":"product_tag-carry-bars","8":"desktop-align-left","9":"tablet-align-left","10":"mobile-align-left","12":"first","13":"instock","14":"shipping-taxable","15":"purchasable","16":"product-type-simple"},"_links":{"self":[{"href":"https:\/\/alexathletics1982.com\/vi\/wp-json\/wp\/v2\/product\/2909","targetHints":{"allow":["GET"]}}],"collection":[{"href":"https:\/\/alexathletics1982.com\/vi\/wp-json\/wp\/v2\/product"}],"about":[{"href":"https:\/\/alexathletics1982.com\/vi\/wp-json\/wp\/v2\/types\/product"}],"replies":[{"embeddable":true,"href":"https:\/\/alexathletics1982.com\/vi\/wp-json\/wp\/v2\/comments?post=2909"}],"wp:featuredmedia":[{"embeddable":true,"href":"https:\/\/alexathletics1982.com\/vi\/wp-json\/wp\/v2\/media\/3372"}],"wp:attachment":[{"href":"https:\/\/alexathletics1982.com\/vi\/wp-json\/wp\/v2\/media?parent=2909"}],"wp:term":[{"taxonomy":"product_brand","embeddable":true,"href":"https:\/\/alexathletics1982.com\/vi\/wp-json\/wp\/v2\/product_brand?post=2909"},{"taxonomy":"product_cat","embeddable":true,"href":"https:\/\/alexathletics1982.com\/vi\/wp-json\/wp\/v2\/product_cat?post=2909"},{"taxonomy":"product_tag","embeddable":true,"href":"https:\/\/alexathletics1982.com\/vi\/wp-json\/wp\/v2\/product_tag?post=2909"}],"curies":[{"name":"wp","href":"https:\/\/api.w.org\/{rel}","templated":true}]}}