{"id":2913,"date":"2026-01-23T20:20:20","date_gmt":"2026-01-23T12:20:20","guid":{"rendered":"https:\/\/alexathletics1982.com\/?post_type=product&#038;p=2913"},"modified":"2026-04-10T22:42:57","modified_gmt":"2026-04-10T14:42:57","slug":"tham-tap-ab","status":"publish","type":"product","link":"https:\/\/alexathletics1982.com\/vi\/ab-mat\/","title":{"rendered":"Th\u1ea3m AB"},"content":{"rendered":"<h2>D\u00f2ng s\u1ea3n ph\u1ea9m Full Range Core: Th\u1ea3m t\u1eadp AB thi\u1ebft k\u1ebf theo nguy\u00ean t\u1eafc c\u00f4ng th\u00e1i h\u1ecdc<\/h2>\n<p>B\u00e0i t\u1eadp g\u1eadp b\u1ee5ng tr\u00ean s\u00e0n l\u00e0 m\u1ed9t b\u00e0i t\u1eadp c\u01a1 b\u1ea3n, nh\u01b0ng v\u1ec1 c\u01a1 b\u1ea3n n\u00f3 c\u00f3 nh\u01b0\u1ee3c \u0111i\u1ec3m. Khi b\u1ea1n n\u1eb1m ng\u1eeda tr\u00ean s\u00e0n, s\u1ebd c\u00f3 m\u1ed9t kho\u1ea3ng tr\u1ed1ng t\u1ef1 nhi\u00ean gi\u1eefa c\u1ed9t s\u1ed1ng th\u1eaft l\u01b0ng (ph\u1ea7n l\u01b0ng d\u01b0\u1edbi) v\u00e0 m\u1eb7t \u0111\u1ea5t. T\u1ea5m th\u1ea3m AB Mat c\u1ee7a Alex Athletics l\u1ea5p \u0111\u1ea7y kho\u1ea3ng tr\u1ed1ng n\u00e0y, mang \u0111\u1ebfn m\u1ed9t cu\u1ed9c c\u00e1ch m\u1ea1ng trong c\u00e1ch b\u1ea1n r\u00e8n luy\u1ec7n v\u00f9ng c\u01a1 l\u00f5i. \u0110\u01b0\u1ee3c thi\u1ebft k\u1ebf v\u1edbi m\u1ed9t \u0111\u01b0\u1eddng cong \u0111\u1eb7c bi\u1ec7t, t\u1ea5m th\u1ea3m n\u00e0y h\u1ed7 tr\u1ee3 \u0111\u01b0\u1eddng cong th\u1eaft l\u01b0ng, cho ph\u00e9p b\u1ea1n xoay c\u1ed9t s\u1ed1ng theo h\u00ecnh d\u00e1ng c\u1ee7a th\u1ea3m. S\u1ef1 h\u1ed7 tr\u1ee3 n\u00e0y gi\u00fap c\u01a1 b\u1ee5ng \u0111\u01b0\u1ee3c du\u1ed7i th\u1eb3ng ho\u00e0n to\u00e0n \u1edf \u0111i\u1ec3m cu\u1ed1i c\u1ee7a \u0111\u1ed9ng t\u00e1c \u2014 m\u1ed9t ph\u1ea1m vi chuy\u1ec3n \u0111\u1ed9ng kh\u00f4ng th\u1ec3 th\u1ef1c hi\u1ec7n \u0111\u01b0\u1ee3c tr\u00ean s\u00e0n ph\u1eb3ng. B\u1eb1ng c\u00e1ch k\u00e9o c\u0103ng c\u01a1 b\u1ee5ng tr\u01b0\u1edbc, AB Mat gi\u00fap c\u01a1 b\u1ee5ng co l\u1ea1i m\u1ea1nh m\u1ebd h\u01a1n v\u00e0 huy \u0111\u1ed9ng nhi\u1ec1u s\u1ee3i c\u01a1 h\u01a1n, bi\u1ebfn \u0111\u1ed9ng t\u00e1c g\u1eadp b\u1ee5ng ng\u1eafn v\u00e0 kh\u00f4ng ho\u00e0n to\u00e0n th\u00e0nh m\u1ed9t \u0111\u1ed9ng t\u00e1c ch\u1ee9c n\u0103ng v\u1edbi ph\u1ea1m vi chuy\u1ec3n \u0111\u1ed9ng \u0111\u1ea7y \u0111\u1ee7.<\/p>\n<p>N\u00f3 gi\u00fap \u1ed5n \u0111\u1ecbnh v\u00f9ng x\u01b0\u01a1ng ch\u1eadu, ng\u0103n kh\u00f4ng cho c\u00e1c c\u01a1 g\u1eadp h\u00f4ng chi\u1ebfm \u01b0u th\u1ebf trong chuy\u1ec3n \u0111\u1ed9ng v\u00e0 \u0111\u1ea3m b\u1ea3o t\u1eadp trung v\u00e0o nh\u00f3m c\u01a1 b\u1ee5ng. \u0110\u01b0\u1ee3c l\u00e0m t\u1eeb ch\u1ea5t li\u1ec7u m\u00fat x\u1ed1p c\u1ee9ng c\u00f3 m\u1eadt \u0111\u1ed9 cao, s\u1ea3n ph\u1ea9m mang l\u1ea1i \u0111\u1ed9 c\u1ee9ng c\u1ea7n thi\u1ebft \u0111\u1ec3 h\u1ed7 tr\u1ee3 c\u1ed9t s\u1ed1ng m\u00e0 kh\u00f4ng b\u1ecb x\u1eb9p l\u00fan, \u0111\u1ed3ng th\u1eddi v\u1eabn \u0111\u1ee7 tho\u1ea3i m\u00e1i cho c\u00e1c b\u00e0i t\u1eadp c\u00f3 s\u1ed1 l\u1ea7n l\u1eb7p l\u1ea1i cao. Ph\u1ea7n \u0111\u1ebf ch\u1ed1ng tr\u01b0\u1ee3t gi\u00fap th\u1ea3m lu\u00f4n gi\u1eef \u0111\u00fang v\u1ecb tr\u00ed d\u01b0\u1edbi l\u01b0ng d\u01b0\u1edbi khi b\u1ea1n di chuy\u1ec3n. Nh\u1eb9 v\u00e0 d\u1ec5 mang theo, AB Mat l\u00e0 d\u1ee5ng c\u1ee5 thi\u1ebft y\u1ebfu cho b\u1ea5t k\u1ef3 ai mu\u1ed1n x\u00e2y d\u1ef1ng v\u00f9ng l\u00f5i c\u01a1 th\u1ec3 kh\u1ecfe m\u1ea1nh v\u00e0 s\u0103n ch\u1eafc h\u01a1n, \u0111\u1ed3ng th\u1eddi b\u1ea3o v\u1ec7 l\u01b0ng d\u01b0\u1edbi kh\u1ecfi c\u0103ng th\u1eb3ng v\u00e0 tr\u1ea7y x\u01b0\u1edbc.<\/p>\n<h3>1. Ph\u1ea1m vi chuy\u1ec3n \u0111\u1ed9ng to\u00e0n ph\u1ea7n (ROM)<\/h3>\n<p>Khi n\u1eb1m tr\u00ean s\u00e0n, c\u01a1 b\u1ee5ng c\u1ee7a b\u1ea1n \u1edf t\u01b0 th\u1ebf trung t\u00ednh khi b\u1eaft \u0111\u1ea7u. Th\u1ea3m AB Mat cho ph\u00e9p b\u1ea1n du\u1ed7i c\u1ed9t s\u1ed1ng v\u01b0\u1ee3t qua t\u01b0 th\u1ebf trung t\u00ednh (du\u1ed7i), gi\u00fap k\u00e9o gi\u00e3n c\u01a1 b\u1ee5ng ho\u00e0n to\u00e0n tr\u01b0\u1edbc khi co c\u01a1. Ph\u1ea1m vi chuy\u1ec3n \u0111\u1ed9ng (ROM) \u0111\u01b0\u1ee3c m\u1edf r\u1ed9ng n\u00e0y gi\u00fap t\u00e1c \u0111\u1ed9ng l\u00ean to\u00e0n b\u1ed9 chi\u1ec1u d\u00e0i c\u1ee7a c\u01a1, t\u1eeb \u0111\u00f3 t\u0103ng \u0111\u00e1ng k\u1ec3 c\u01b0\u1eddng \u0111\u1ed9 v\u00e0 hi\u1ec7u qu\u1ea3 c\u1ee7a m\u1ed7i l\u1ea7n l\u1eb7p so v\u1edbi c\u00e1c b\u00e0i g\u1eadp b\u1ee5ng th\u00f4ng th\u01b0\u1eddng.<\/p>\n<h3>2. H\u1ed7 tr\u1ee3 v\u00f9ng th\u1eaft l\u01b0ng &amp; An to\u00e0n<\/h3>\n<p>H\u00ecnh d\u00e1ng \u00f4m s\u00e1t gi\u00fap l\u1ea5p \u0111\u1ea7y kho\u1ea3ng tr\u1ed1ng gi\u1eefa l\u01b0ng v\u00e0 s\u00e0n nh\u00e0. S\u1ef1 h\u1ed7 tr\u1ee3 n\u00e0y gi\u00fap \u1ed5n \u0111\u1ecbnh c\u1ed9t s\u1ed1ng v\u00e0 ng\u0103n ng\u1eeba t\u00ecnh tr\u1ea1ng l\u01b0ng d\u01b0\u1edbi b\u1ecb du\u1ed7i qu\u00e1 m\u1ee9c ho\u1eb7c c\u0103ng c\u01a1 khi th\u1ef1c hi\u1ec7n \u0111\u1ed9ng t\u00e1c g\u1eadp b\u1ee5ng. \u0110i\u1ec1u n\u00e0y gi\u00fap vi\u1ec7c t\u1eadp luy\u1ec7n c\u01a1 l\u00f5i v\u1edbi c\u01b0\u1eddng \u0111\u1ed9 cao tr\u1edf n\u00ean an to\u00e0n v\u00e0 tho\u1ea3i m\u00e1i h\u01a1n, \u0111\u1eb7c bi\u1ec7t l\u00e0 \u0111\u1ed1i v\u1edbi nh\u1eefng ng\u01b0\u1eddi c\u00f3 ti\u1ec1n s\u1eed nh\u1ea1y c\u1ea3m \u1edf v\u00f9ng l\u01b0ng d\u01b0\u1edbi.<\/p>\n<h3>3. C\u00e1ch ly l\u00f5i<\/h3>\n<p>B\u1eb1ng c\u00e1ch \u1ed5n \u0111\u1ecbnh v\u00f9ng x\u01b0\u01a1ng ch\u1eadu, t\u1ea5m th\u1ea3m AB Mat gi\u00fap gi\u1ea3m b\u1edbt s\u1ef1 tham gia c\u1ee7a c\u00e1c c\u01a1 g\u1eadp h\u00f4ng m\u1ea1nh (c\u01a1 psoas) \u2013 nh\u1eefng c\u01a1 th\u01b0\u1eddng chi ph\u1ed1i c\u00e1c \u0111\u1ed9ng t\u00e1c g\u1eadp b\u1ee5ng. \u0110i\u1ec1u n\u00e0y bu\u1ed9c c\u01a1 th\u1eb3ng b\u1ee5ng ph\u1ea3i \u0111\u1ea3m nh\u1eadn nhi\u1ec7m v\u1ee5 u\u1ed1n cong c\u1ed9t s\u1ed1ng. \u0110\u00e2y l\u00e0 m\u1ed9t m\u1eb9o t\u1eadp luy\u1ec7n \u0111\u01a1n gi\u1ea3n gi\u00fap \u0111\u1ea3m b\u1ea3o b\u1ea1n \u0111ang r\u00e8n luy\u1ec7n c\u01a1 b\u1ee5ng, ch\u1ee9 kh\u00f4ng ch\u1ec9 c\u00e1c c\u01a1 g\u1eadp h\u00f4ng.<\/p>\n<h3>4. L\u00fd t\u01b0\u1edfng cho b\u00e0i t\u1eadp g\u1eadp b\u1ee5ng<\/h3>\n<p>\u0110\u00e2y l\u00e0 d\u1ee5ng c\u1ee5 ti\u00eau chu\u1ea9n d\u00e0nh cho b\u00e0i t\u1eadp \u201cButterfly Sit-up\u201d t\u1ed1c \u0111\u1ed9 cao. H\u00ecnh d\u00e1ng c\u1ee7a n\u00f3 gi\u00fap th\u1ef1c hi\u1ec7n c\u00e1c \u0111\u1ed9ng t\u00e1c l\u1eb7p l\u1ea1i m\u1ed9t c\u00e1ch nhanh ch\u00f3ng \u0111\u1ed3ng th\u1eddi b\u1ea3o v\u1ec7 x\u01b0\u01a1ng c\u1ee5t v\u00e0 v\u00f9ng l\u01b0ng d\u01b0\u1edbi kh\u1ecfi nh\u1eefng v\u1ebft tr\u1ea7y x\u01b0\u1edbc do ma s\u00e1t v\u1edbi s\u00e0n nh\u00e0. D\u1ee5ng c\u1ee5 n\u00e0y gi\u00fap v\u1eadn \u0111\u1ed9ng vi\u00ean duy tr\u00ec nh\u1ecbp \u0111i\u1ec7u v\u00e0 t\u01b0 th\u1ebf chu\u1ea9n x\u00e1c trong c\u00e1c bu\u1ed5i t\u1eadp r\u00e8n luy\u1ec7n s\u1ee9c b\u1ec1n.<\/p>\n<h3>5. B\u1ec1n v\u00e0 d\u1ec5 mang theo<\/h3>\n<p>\u0110\u01b0\u1ee3c l\u00e0m t\u1eeb m\u00fat x\u1ed1p m\u1eadt \u0111\u1ed9 cao v\u1edbi l\u1edbp v\u1ecf vinyl b\u1ec1n b\u1ec9, t\u1ea5m th\u1ea3m AB Mat c\u00f3 kh\u1ea3 n\u0103ng ch\u1ed1ng m\u1ed3 h\u00f4i v\u00e0 m\u00e0i m\u00f2n. S\u1ea3n ph\u1ea9m gi\u1eef nguy\u00ean h\u00ecnh d\u00e1ng theo th\u1eddi gian v\u00e0 d\u1ec5 lau ch\u00f9i. K\u00edch th\u01b0\u1edbc nh\u1ecf g\u1ecdn gi\u00fap b\u1ea1n d\u1ec5 d\u00e0ng b\u1ecf v\u00e0o t\u00fai t\u1eadp gym ho\u1eb7c x\u1ebfp g\u1ecdn v\u00e0o g\u00f3c ph\u00f2ng, mang \u0111\u1ebfn m\u1ed9t tr\u1ea1m t\u1eadp c\u01a1 b\u1ee5ng \u0111\u1ea1t ti\u00eau chu\u1ea9n th\u01b0\u01a1ng m\u1ea1i m\u1ecdi l\u00fac m\u1ecdi n\u01a1i.<\/p>\n<h3>\u0110\u1ed1i t\u01b0\u1ee3ng d\u00e0nh cho ai?<\/h3>\n<ul style=\"list-style-position: inside; padding-left: 0;\">\n<li>Nh\u1eefng ng\u01b0\u1eddi mu\u1ed1n c\u1ea3i thi\u1ec7n k\u1ef9 thu\u1eadt v\u00e0 \u0111\u1ea3m b\u1ea3o an to\u00e0n khi th\u1ef1c hi\u1ec7n \u0111\u1ed9ng t\u00e1c g\u1eadp b\u1ee5ng.<\/li>\n<li>Nh\u1eefng ng\u01b0\u1eddi b\u1ecb \u0111au l\u01b0ng d\u01b0\u1edbi c\u1ea7n s\u1ef1 h\u1ed7 tr\u1ee3 khi th\u1ef1c hi\u1ec7n c\u00e1c b\u00e0i t\u1eadp r\u00e8n luy\u1ec7n c\u01a1 l\u00f5i.<\/li>\n<li>Nh\u1eefng ng\u01b0\u1eddi t\u1eadp th\u1ec3 h\u00ecnh mong mu\u1ed1n c\u1ea3i thi\u1ec7n kh\u1ea3 n\u0103ng co gi\u00e3n v\u00e0 co b\u00f3p c\u01a1 b\u1ee5ng.<\/li>\n<li>Ch\u1ee7 ph\u00f2ng t\u1eadp t\u1ea1i nh\u00e0 \u0111ang c\u1ea7n m\u1ed9t d\u1ee5ng c\u1ee5 t\u1eadp c\u01a1 l\u00f5i g\u1ecdn nh\u1eb9.<\/li>\n<\/ul>\n<h3>Th\u00f4ng s\u1ed1 k\u1ef9 thu\u1eadt s\u1ea3n ph\u1ea9m<\/h3>\n<table border=\"1\" width=\"100%\" cellspacing=\"0\" cellpadding=\"5\">\n<tbody>\n<tr>\n<td><strong>M\u1eabu<\/strong><\/td>\n<td>F02AE001<\/td>\n<\/tr>\n<tr>\n<td><strong>Ch\u1ea5t li\u1ec7u<\/strong><\/td>\n<td>M\u00fat x\u1ed1p m\u1eadt \u0111\u1ed9 cao, b\u1ecdc vinyl<\/td>\n<\/tr>\n<tr>\n<td><strong>H\u00ecnh d\u1ea1ng<\/strong><\/td>\n<td>V\u00f2m th\u1eaft l\u01b0ng \u0111\u01b0\u1ee3c thi\u1ebft k\u1ebf \u00f4m s\u00e1t<\/td>\n<\/tr>\n<tr>\n<td><strong>Ch\u1ee9c n\u0103ng<\/strong><\/td>\n<td>C\u00e1ch ly v\u00f9ng l\u00f5i, H\u1ed7 tr\u1ee3 c\u1ed9t s\u1ed1ng<\/td>\n<\/tr>\n<tr>\n<td><strong>L\u1ee3i \u00edch<\/strong><\/td>\n<td>Ph\u1ea1m vi chuy\u1ec3n \u0111\u1ed9ng to\u00e0n di\u1ec7n<\/td>\n<\/tr>\n<\/tbody>\n<\/table>","protected":false},"excerpt":{"rendered":"<p>Th\u1ea3m t\u1eadp c\u01a1 b\u1ee5ng AB Mat c\u1ee7a Alex Athletics l\u00e0 d\u1ee5ng c\u1ee5 kh\u00f4ng th\u1ec3 thi\u1ebfu \u0111\u1ec3 t\u1eadp luy\u1ec7n c\u01a1 b\u1ee5ng hi\u1ec7u qu\u1ea3 v\u00e0 an to\u00e0n. Thi\u1ebft k\u1ebf \u00f4m s\u00e1t c\u01a1 th\u1ec3 gi\u00fap l\u1ea5p \u0111\u1ea7y kho\u1ea3ng tr\u1ed1ng t\u1ef1 nhi\u00ean \u1edf v\u00f9ng l\u01b0ng d\u01b0\u1edbi, mang l\u1ea1i s\u1ef1 h\u1ed7 tr\u1ee3 cho v\u00f9ng th\u1eaft l\u01b0ng, t\u1eeb \u0111\u00f3 cho ph\u00e9p th\u1ef1c hi\u1ec7n \u0111\u1ea7y \u0111\u1ee7 c\u00e1c \u0111\u1ed9ng t\u00e1c \u2014 t\u1eeb du\u1ed7i s\u00e2u \u0111\u1ebfn co c\u01a1 t\u1ed1i \u0111a. \u0110\u1ed9ng t\u00e1c k\u00e9o gi\u00e3n tr\u01b0\u1edbc n\u00e0y gi\u00fap k\u00edch ho\u1ea1t nhi\u1ec1u s\u1ee3i c\u01a1 h\u01a1n so v\u1edbi c\u00e1c b\u00e0i g\u1eadp b\u1ee5ng th\u00f4ng th\u01b0\u1eddng tr\u00ean s\u00e0n, \u0111\u1ed3ng th\u1eddi b\u1ea3o v\u1ec7 c\u1ed9t s\u1ed1ng. S\u1ea3n ph\u1ea9m \u0111\u01b0\u1ee3c l\u00e0m t\u1eeb m\u00fat x\u1ed1p m\u1eadt \u0111\u1ed9 cao v\u00e0 c\u00f3 \u0111\u1ebf ch\u1ed1ng tr\u01b0\u1ee3t, \u0111\u1ea3m b\u1ea3o s\u1ef1 \u1ed5n \u0111\u1ecbnh v\u00e0 tho\u1ea3i m\u00e1i.<\/p>","protected":false},"featured_media":3212,"comment_status":"open","ping_status":"closed","template":"","meta":{"inline_featured_image":false,"site-sidebar-layout":"default","site-content-layout":"","ast-site-content-layout":"default","site-content-style":"default","site-sidebar-style":"default","ast-global-header-display":"","ast-banner-title-visibility":"","ast-main-header-display":"","ast-hfb-above-header-display":"","ast-hfb-below-header-display":"","ast-hfb-mobile-header-display":"","site-post-title":"","ast-breadcrumbs-content":"","ast-featured-img":"","footer-sml-layout":"","ast-disable-related-posts":"","theme-transparent-header-meta":"default","adv-header-id-meta":"","stick-header-meta":"default","header-above-stick-meta":"","header-main-stick-meta":"","header-below-stick-meta":"","astra-migrate-meta-layouts":"set","ast-page-background-enabled":"default","ast-page-background-meta":{"desktop":{"background-color":"","background-image":"","background-repeat":"repeat","background-position":"center center","background-size":"auto","background-attachment":"scroll","background-type":"","background-media":"","overlay-type":"","overlay-color":"","overlay-opacity":"","overlay-gradient":""},"tablet":{"background-color":"","background-image":"","background-repeat":"repeat","background-position":"center center","background-size":"auto","background-attachment":"scroll","background-type":"","background-media":"","overlay-type":"","overlay-color":"","overlay-opacity":"","overlay-gradient":""},"mobile":{"background-color":"","background-image":"","background-repeat":"repeat","background-position":"center center","background-size":"auto","background-attachment":"scroll","background-type":"","background-media":"","overlay-type":"","overlay-color":"","overlay-opacity":"","overlay-gradient":""}},"ast-content-background-meta":{"desktop":{"background-color":"var(--ast-global-color-5)","background-image":"","background-repeat":"repeat","background-position":"center center","background-size":"auto","background-attachment":"scroll","background-type":"","background-media":"","overlay-type":"","overlay-color":"","overlay-opacity":"","overlay-gradient":""},"tablet":{"background-color":"var(--ast-global-color-5)","background-image":"","background-repeat":"repeat","background-position":"center center","background-size":"auto","background-attachment":"scroll","background-type":"","background-media":"","overlay-type":"","overlay-color":"","overlay-opacity":"","overlay-gradient":""},"mobile":{"background-color":"var(--ast-global-color-5)","background-image":"","background-repeat":"repeat","background-position":"center center","background-size":"auto","background-attachment":"scroll","background-type":"","background-media":"","overlay-type":"","overlay-color":"","overlay-opacity":"","overlay-gradient":""}}},"product_brand":[],"product_cat":[55],"product_tag":[58],"class_list":{"0":"post-2913","1":"product","2":"type-product","3":"status-publish","4":"has-post-thumbnail","6":"product_cat-free-weight-training","7":"product_tag-carry-bars","8":"desktop-align-left","9":"tablet-align-left","10":"mobile-align-left","12":"first","13":"instock","14":"shipping-taxable","15":"purchasable","16":"product-type-simple"},"_links":{"self":[{"href":"https:\/\/alexathletics1982.com\/vi\/wp-json\/wp\/v2\/product\/2913","targetHints":{"allow":["GET"]}}],"collection":[{"href":"https:\/\/alexathletics1982.com\/vi\/wp-json\/wp\/v2\/product"}],"about":[{"href":"https:\/\/alexathletics1982.com\/vi\/wp-json\/wp\/v2\/types\/product"}],"replies":[{"embeddable":true,"href":"https:\/\/alexathletics1982.com\/vi\/wp-json\/wp\/v2\/comments?post=2913"}],"wp:featuredmedia":[{"embeddable":true,"href":"https:\/\/alexathletics1982.com\/vi\/wp-json\/wp\/v2\/media\/3212"}],"wp:attachment":[{"href":"https:\/\/alexathletics1982.com\/vi\/wp-json\/wp\/v2\/media?parent=2913"}],"wp:term":[{"taxonomy":"product_brand","embeddable":true,"href":"https:\/\/alexathletics1982.com\/vi\/wp-json\/wp\/v2\/product_brand?post=2913"},{"taxonomy":"product_cat","embeddable":true,"href":"https:\/\/alexathletics1982.com\/vi\/wp-json\/wp\/v2\/product_cat?post=2913"},{"taxonomy":"product_tag","embeddable":true,"href":"https:\/\/alexathletics1982.com\/vi\/wp-json\/wp\/v2\/product_tag?post=2913"}],"curies":[{"name":"wp","href":"https:\/\/api.w.org\/{rel}","templated":true}]}}