{"id":2917,"date":"2026-01-23T20:20:20","date_gmt":"2026-01-23T12:20:20","guid":{"rendered":"https:\/\/alexathletics1982.com\/?post_type=product&#038;p=2917"},"modified":"2026-04-08T23:01:11","modified_gmt":"2026-04-08T15:01:11","slug":"tam-ta-3-tay-cam","status":"publish","type":"product","link":"https:\/\/alexathletics1982.com\/vi\/3-grip-weight-plate\/","title":{"rendered":"T\u1ea5m t\u1ea1 3 tay c\u1ea7m"},"content":{"rendered":"<h2>S\u1eed d\u1ee5ng d\u1ec5 d\u00e0ng: T\u1ea5m t\u1ea1 3 \u0111i\u1ec3m c\u1ea7m<\/h2>\n<p>Trong m\u1ed9t ph\u00f2ng t\u1eadp \u0111\u00f4ng \u0111\u00fac, vi\u1ec7c \u0111\u01a1n gi\u1ea3n l\u00e0 l\u1eafp v\u00e0 th\u00e1o t\u1ea1 thanh \u0111\u00e3 c\u00f3 th\u1ec3 tr\u1edf th\u00e0nh m\u1ed9t b\u00e0i t\u1eadp ri\u00eang bi\u1ec7t \u2014 v\u00e0 ti\u1ec1m \u1ea9n nguy c\u01a1 an to\u00e0n. \u0110\u0129a t\u1ea1 3 Grip c\u1ee7a Alex Athletics \u0111\u01b0\u1ee3c thi\u1ebft k\u1ebf \u0111\u1ec3 gi\u1ea3i quy\u1ebft v\u1ea5n \u0111\u1ec1 v\u1ec1 nh\u1eefng chi\u1ebfc \u0111\u0129a t\u1ea1 c\u1ed3ng k\u1ec1nh v\u00e0 tr\u01a1n tr\u01b0\u1ee3t. Kh\u00e1c v\u1edbi c\u00e1c \u0111\u0129a t\u1ea1 ki\u1ec3u \u201cb\u00e1nh k\u1ebfp\u201d truy\u1ec1n th\u1ed1ng v\u1ed1n kh\u00f3 nh\u1ea5c l\u00ean kh\u1ecfi s\u00e0n, nh\u1eefng chi\u1ebfc \u0111\u0129a n\u00e0y \u0111\u01b0\u1ee3c trang b\u1ecb ba tay c\u1ea7m l\u1edbn, c\u00f3 thi\u1ebft k\u1ebf c\u00f4ng th\u00e1i h\u1ecdc (grips) \u0111\u01b0\u1ee3c \u0111\u00fac li\u1ec1n kh\u1ed1i tr\u1ef1c ti\u1ebfp v\u00e0o th\u00e2n \u0111\u0129a. Nh\u1eefng tay c\u1ea7m n\u00e0y cho ph\u00e9p b\u1ea1n n\u1eafm ch\u1eafc \u0111\u0129a t\u1ea1 b\u1eb1ng c\u1ea3 b\u00e0n tay, gi\u00fap b\u1ea1n d\u1ec5 d\u00e0ng mang, \u0111\u1eb7t l\u00ean thanh t\u1ea1 ho\u1eb7c chuy\u1ec1n cho b\u1ea1n t\u1eadp. Thi\u1ebft k\u1ebf n\u00e0y gi\u00fap gi\u1ea3m \u0111\u00e1ng k\u1ec3 nguy c\u01a1 l\u00e0m r\u01a1i \u0111\u0129a t\u1ea1 v\u00e0o ng\u00f3n ch\u00e2n ho\u1eb7c k\u1eb9p ng\u00f3n tay, v\u1ed1n l\u00e0 nh\u1eefng ch\u1ea5n th\u01b0\u01a1ng th\u01b0\u1eddng g\u1eb7p \u1edf khu v\u1ef1c t\u1eadp t\u1ea1 t\u1ef1 do.<\/p>\n<p>T\u00ednh ti\u1ec7n d\u1ee5ng c\u1ee7a thi\u1ebft k\u1ebf 3-Grip kh\u00f4ng ch\u1ec9 d\u1eebng l\u1ea1i \u1edf vi\u1ec7c n\u00e2ng t\u1ea1. C\u00e1c tay c\u1ea7m bi\u1ebfn t\u1ea5m t\u1ea1 th\u00e0nh m\u1ed9t d\u1ee5ng c\u1ee5 t\u1eadp luy\u1ec7n c\u1ea7m tay \u0111a n\u0103ng. B\u1ea1n c\u00f3 th\u1ec3 s\u1eed d\u1ee5ng t\u1ea5m t\u1ea1 10kg ho\u1eb7c 20kg nh\u01b0 m\u1ed9t qu\u1ea3 t\u1ea1 \u0111\u01a1n \u0111\u1ec3 th\u1ef1c hi\u1ec7n c\u00e1c b\u00e0i t\u1eadp n\u00e2ng t\u1ea1 tr\u01b0\u1edbc ng\u1ef1c, \u0111\u1ea9y t\u1ea1 qua \u0111\u1ea7u, xoay ng\u01b0\u1eddi ki\u1ec3u Nga ho\u1eb7c \u0111i b\u1ed9 mang t\u1ea1. \u0110i\u1ec1u n\u00e0y gi\u00fap t\u0103ng th\u00eam t\u00ednh n\u0103ng cho ph\u00f2ng t\u1eadp c\u1ee7a b\u1ea1n m\u00e0 kh\u00f4ng c\u1ea7n ph\u1ea3i mua th\u00eam thi\u1ebft b\u1ecb. T\u01b0\u01a1ng th\u00edch v\u1edbi t\u1ea5t c\u1ea3 c\u00e1c thanh t\u1ea1 Olympic 50mm ti\u00eau chu\u1ea9n v\u00e0 c\u00e1c m\u00e1y t\u1eadp, nh\u1eefng t\u1ea5m t\u1ea1 n\u00e0y l\u00e0 \u201cv\u1eadt d\u1ee5ng h\u00e0ng ng\u00e0y\u201d ho\u00e0n h\u1ea3o cho c\u1ea3 c\u00e1c c\u01a1 s\u1edf th\u01b0\u01a1ng m\u1ea1i v\u00e0 ph\u00f2ng t\u1eadp t\u1ea1i nh\u00e0. (L\u01b0u \u00fd: Ch\u1ea5t li\u1ec7u th\u01b0\u1eddng l\u00e0 gang, th\u01b0\u1eddng c\u00f3 l\u1edbp ho\u00e0n thi\u1ec7n b\u1eb1ng cao su ho\u1eb7c Hammer Tone d\u1ef1a tr\u00ean c\u00e1c ti\u00eau chu\u1ea9n c\u1ee7a danh m\u1ee5c \u201c3 Grip\u201d, gi\u1ea3 \u0111\u1ecbnh l\u1edbp ho\u00e0n thi\u1ec7n b\u1ec1n ti\u00eau chu\u1ea9n). Ch\u00fang mang \u0111\u1ebfn s\u1ef1 k\u1ebft h\u1ee3p ho\u00e0n h\u1ea3o gi\u1eefa an to\u00e0n, ti\u1ec7n l\u1ee3i v\u00e0 t\u00ednh linh ho\u1ea1t.<\/p>\n<h3>1. Thi\u1ebft k\u1ebf ba \u0111i\u1ec3m c\u1ea7m n\u1eafm theo nguy\u00ean t\u1eafc c\u00f4ng th\u00e1i h\u1ecdc<\/h3>\n<p>Ba tay c\u1ea7m kho\u00e9t r\u1ed7ng ch\u00ednh l\u00e0 \u0111i\u1ec3m nh\u1ea5n n\u1ed5i b\u1eadt. Ch\u00fang \u0111\u01b0\u1ee3c b\u1ed1 tr\u00ed \u0111\u1ec1u \u0111\u1eb7n \u0111\u1ec3 \u0111\u1ea3m b\u1ea3o r\u1eb1ng d\u00f9 t\u1ea5m t\u1ea1 \u0111\u01b0\u1ee3c \u0111\u1eb7t theo h\u01b0\u1edbng n\u00e0o, ng\u01b0\u1eddi d\u00f9ng c\u0169ng lu\u00f4n c\u00f3 th\u1ec3 d\u1ec5 d\u00e0ng n\u1eafm l\u1ea5y tay c\u1ea7m. Thi\u1ebft k\u1ebf tay c\u1ea7m \u00f4m s\u00e1t l\u00f2ng b\u00e0n tay m\u1ed9t c\u00e1ch tho\u1ea3i m\u00e1i, gi\u00fap ng\u01b0\u1eddi d\u00f9ng c\u1ea7m n\u1eafm ch\u1eafc ch\u1eafn v\u00e0 gi\u1ea3m m\u1ecfi tay khi di chuy\u1ec3n c\u00e1c t\u1ea5m t\u1ea1 trong ph\u00f2ng t\u1eadp. \u0110\u00e2y l\u00e0 m\u1ed9t b\u01b0\u1edbc ti\u1ebfn v\u01b0\u1ee3t b\u1eadc v\u1ec1 t\u00ednh ti\u1ec7n d\u1ee5ng so v\u1edbi c\u00e1c t\u1ea5m t\u1ea1 b\u1eb1ng s\u1eaft \u0111\u1eb7c.<\/p>\n<h3>2. T\u0103ng c\u01b0\u1eddng an to\u00e0n v\u00e0 hi\u1ec7u qu\u1ea3<\/h3>\n<p>Vi\u1ec7c l\u00e0m r\u01a1i m\u1ed9t \u0111\u0129a t\u1ea1 20kg tr\u00fang ch\u00e2n l\u00e0 c\u01a1n \u00e1c m\u1ed9ng c\u1ee7a b\u1ea5t k\u1ef3 ai t\u1eadp gym. Tay c\u1ea7m ch\u1eafc ch\u1eafn gi\u00fap gi\u1ea3m thi\u1ec3u r\u1ee7i ro n\u00e0y. N\u00f3 c\u0169ng gi\u00fap vi\u1ec7c l\u1eafp \u0111\u0129a t\u1ea1 v\u00e0o thanh t\u1ea1 nhanh ch\u00f3ng v\u00e0 d\u1ec5 d\u00e0ng h\u01a1n, \u0111\u1eb7c bi\u1ec7t l\u00e0 khi \u0111\u1ea9y \u0111\u0129a t\u1ea1 l\u00ean gi\u00e1 \u0111\u1ec3 cao. Thi\u1ebft k\u1ebf vi\u1ec1n nh\u00f4 cao c\u00f2n gi\u00fap b\u1ea3o v\u1ec7 ch\u1eef in v\u00e0 l\u1edbp ho\u00e0n thi\u1ec7n kh\u1ecfi b\u1ecb h\u01b0 h\u1ecfng khi x\u1ebfp ch\u1ed3ng c\u00e1c \u0111\u0129a t\u1ea1 l\u00ean nhau.<\/p>\n<h3>3. T\u00ednh linh ho\u1ea1t c\u1ee7a c\u00e1c b\u00e0i t\u1eadp c\u1ea7m tay<\/h3>\n<p>Nh\u1eefng chi\u1ebfc \u0111\u0129a t\u1ea1 n\u00e0y c\u00f2n c\u00f3 th\u1ec3 d\u00f9ng l\u00e0m t\u1ea1 t\u1ef1 do. Tay c\u1ea7m gi\u00fap b\u1ea1n c\u1ea7m ch\u1eafc \u0111\u0129a t\u1ea1 khi th\u1ef1c hi\u1ec7n c\u00e1c b\u00e0i t\u1eadp nh\u01b0 \u201csteering wheels\u201d (cho vai), \u201cplate halos\u201d (t\u0103ng c\u01b0\u1eddng \u0111\u1ed9 linh ho\u1ea1t), g\u1eadp b\u1ee5ng c\u00f3 t\u1ea1 ho\u1eb7c b\u01b0\u1edbc lunge. T\u00ednh \u0111a n\u0103ng n\u00e0y r\u1ea5t ph\u00f9 h\u1ee3p cho c\u00e1c b\u00e0i t\u1eadp r\u00e8n luy\u1ec7n s\u1ee9c b\u1ec1n trao \u0111\u1ed5i ch\u1ea5t ho\u1eb7c cho ph\u00f2ng t\u1eadp t\u1ea1i nh\u00e0 c\u00f3 \u00edt l\u1ef1a ch\u1ecdn t\u1ea1 \u0111\u01a1n.<\/p>\n<h3>4. T\u01b0\u01a1ng th\u00edch v\u1edbi c\u00e1c ti\u00eau chu\u1ea9n Olympic<\/h3>\n<p>C\u00e1c \u0111\u0129a t\u1ea1 n\u00e0y c\u00f3 l\u1ed7 trung t\u00e2m \u0111\u01b0\u1eddng k\u00ednh 50mm \u0111\u01b0\u1ee3c khoan ch\u00ednh x\u00e1c (th\u01b0\u1eddng \u0111i k\u00e8m v\u1edbi v\u00f2ng l\u00f3t th\u00e9p \u0111\u1ec3 t\u0103ng \u0111\u1ed9 b\u1ec1n cho c\u00e1c phi\u00ean b\u1ea3n l\u00e0m b\u1eb1ng cao su). \u0110i\u1ec1u n\u00e0y \u0111\u1ea3m b\u1ea3o s\u1ef1 v\u1eeba kh\u00edt ho\u00e0n h\u1ea3o v\u1edbi t\u1ea5t c\u1ea3 c\u00e1c thanh t\u1ea1 Olympic ti\u00eau chu\u1ea9n, m\u00e1y t\u1eadp Smith v\u00e0 c\u00e1c m\u00e1y t\u1eadp \u0111\u00f2n b\u1ea9y s\u1eed d\u1ee5ng \u0111\u0129a t\u1ea1. Ch\u00fang tr\u01b0\u1ee3t v\u00e0o m\u1ed9t c\u00e1ch tr\u01a1n tru v\u00e0 kh\u00f4ng b\u1ecb lung lay trong qu\u00e1 tr\u00ecnh t\u1eadp luy\u1ec7n.<\/p>\n<h3>5. \u0110\u1ed9 b\u1ec1n trong \u0111i\u1ec1u ki\u1ec7n th\u01b0\u01a1ng m\u1ea1i<\/h3>\n<p>\u0110\u01b0\u1ee3c thi\u1ebft k\u1ebf d\u00e0nh cho c\u00e1c m\u00f4i tr\u01b0\u1eddng c\u00f3 l\u01b0u l\u01b0\u1ee3ng s\u1eed d\u1ee5ng cao, nh\u1eefng chi\u1ebfc \u0111\u0129a t\u1ea1 n\u00e0y r\u1ea5t b\u1ec1n b\u1ec9. D\u00f9 l\u00e0 lo\u1ea1i gang \u0111\u00fac hay lo\u1ea1i tr\u00e1ng ph\u1ee7, c\u1ea5u tr\u00fac ch\u1eafc ch\u1eafn c\u1ee7a thi\u1ebft k\u1ebf 3 nan \u0111\u01b0\u1ee3c ch\u1ebf t\u1ea1o \u0111\u1ec3 ch\u1ecbu \u0111\u01b0\u1ee3c nh\u1eefng t\u00e1c \u0111\u1ed9ng m\u1ea1nh trong qu\u00e1 tr\u00ecnh s\u1eed d\u1ee5ng h\u00e0ng ng\u00e0y. Ch\u00fang c\u00e2n b\u1eb1ng v\u00e0 \u1ed5n \u0111\u1ecbnh, mang l\u1ea1i m\u1ee9c t\u1ea3i t\u1eadp luy\u1ec7n \u0111\u00e1ng tin c\u1eady cho c\u00e1c b\u00e0i t\u1eadp t\u0103ng c\u01b0\u1eddng s\u1ee9c m\u1ea1nh t\u1ed5ng qu\u00e1t.<\/p>\n<h3>\u0110\u1ed1i t\u01b0\u1ee3ng d\u00e0nh cho ai?<\/h3>\n<ul style=\"list-style-position: inside; padding-left: 0;\">\n<li>C\u00e1c ph\u00f2ng t\u1eadp th\u1ec3 h\u00ecnh th\u01b0\u01a1ng m\u1ea1i lu\u00f4n \u0111\u1eb7t s\u1ef1 an to\u00e0n c\u1ee7a h\u1ed9i vi\u00ean v\u00e0 s\u1ef1 thu\u1eadn ti\u1ec7n khi s\u1eed d\u1ee5ng l\u00ean h\u00e0ng \u0111\u1ea7u.<\/li>\n<li>Nh\u1eefng ng\u01b0\u1eddi s\u1edf h\u1eefu ph\u00f2ng t\u1eadp t\u1ea1i nh\u00e0 th\u01b0\u1eddng xuy\u00ean t\u1ef1 m\u00ecnh l\u1eafp\/th\u00e1o t\u1ea1.<\/li>\n<li>Nh\u1eefng ng\u01b0\u1eddi m\u1edbi b\u1eaft \u0111\u1ea7u c\u1ea3m th\u1ea5y kh\u00f3 s\u1eed d\u1ee5ng \u0111\u0129a ph\u1eb3ng ti\u00eau chu\u1ea9n.<\/li>\n<li>C\u00e1c hu\u1ea5n luy\u1ec7n vi\u00ean \u0111ang t\u00ecm ki\u1ebfm nh\u1eefng d\u1ee5ng c\u1ee5 \u0111a n\u0103ng cho c\u00e1c kh\u00f3a hu\u1ea5n luy\u1ec7n c\u01b0\u1eddng \u0111\u1ed9 cao (b\u00e0i t\u1eadp v\u1edbi t\u1ea1 \u0111\u0129a).<\/li>\n<li>Ai \u0111\u00e3 t\u1eebng k\u1eb9p ng\u00f3n tay v\u00e0o gi\u1eefa hai t\u1ea5m ph\u1eb3ng.<\/li>\n<\/ul>\n<h3>Th\u00f4ng s\u1ed1 k\u1ef9 thu\u1eadt s\u1ea3n ph\u1ea9m<\/h3>\n<table border=\"1\" width=\"100%\" cellspacing=\"0\" cellpadding=\"5\">\n<tbody>\n<tr>\n<td><strong>M\u1eabu<\/strong><\/td>\n<td>W02AC009<\/td>\n<\/tr>\n<tr>\n<td><strong>Thi\u1ebft k\u1ebf<\/strong><\/td>\n<td>3 tay c\u1ea7m thi\u1ebft k\u1ebf c\u00f4ng th\u00e1i h\u1ecdc (Tri-Grip)<\/td>\n<\/tr>\n<tr>\n<td><strong>Ph\u00f9 h\u1ee3p<\/strong><\/td>\n<td>Thanh t\u1ea1 Olympic 50mm<\/td>\n<\/tr>\n<tr>\n<td><strong>T\u00ednh n\u0103ng<\/strong><\/td>\n<td>D\u1ec5 s\u1eed d\u1ee5ng, \u0111a n\u0103ng<\/td>\n<\/tr>\n<tr>\n<td><strong>C\u00e1ch s\u1eed d\u1ee5ng<\/strong><\/td>\n<td>Thanh t\u1ea1, c\u00e1c b\u00e0i t\u1eadp c\u1ea7m tay<\/td>\n<\/tr>\n<\/tbody>\n<\/table>","protected":false},"excerpt":{"rendered":"<p>T\u1ea5m t\u1ea1 3 Grip c\u1ee7a Alex Athletics \u0111\u1eb7t an to\u00e0n v\u00e0 s\u1ef1 ti\u1ec7n l\u1ee3i l\u00ean h\u00e0ng \u0111\u1ea7u trong ph\u00f2ng t\u1eadp t\u1ea1. V\u1edbi ba tay c\u1ea7m \u0111\u01b0\u1ee3c thi\u1ebft k\u1ebf theo nguy\u00ean t\u1eafc c\u00f4ng th\u00e1i h\u1ecdc, nh\u1eefng t\u1ea5m t\u1ea1 n\u00e0y r\u1ea5t d\u1ec5 d\u00e0ng \u0111\u1ec3 nh\u1ea5c l\u00ean, mang v\u00e1c v\u00e0 x\u1ebfp l\u00ean thanh t\u1ea1, gi\u00fap gi\u1ea3m \u0111\u00e1ng k\u1ec3 nguy c\u01a1 l\u00e0m r\u01a1i t\u1ea1 v\u00e0 k\u1eb9p ng\u00f3n tay. T\u01b0\u01a1ng th\u00edch v\u1edbi thanh t\u1ea1 Olympic ti\u00eau chu\u1ea9n 50mm, thi\u1ebft k\u1ebf \u0111\u1ed9c \u0111\u00e1o c\u1ee7a ch\u00fang c\u00f2n cho ph\u00e9p s\u1eed d\u1ee5ng nh\u01b0 t\u1ea1 c\u1ea7m tay cho c\u00e1c b\u00e0i t\u1eadp nh\u01b0 n\u00e2ng t\u1ea1 tr\u01b0\u1edbc v\u00e0 xoay ng\u01b0\u1eddi ki\u1ec3u Nga. B\u1ec1n b\u1ec9, \u0111a n\u0103ng v\u00e0 th\u00e2n thi\u1ec7n v\u1edbi ng\u01b0\u1eddi d\u00f9ng, \u0111\u00e2y l\u00e0 l\u1ef1a ch\u1ecdn l\u00fd t\u01b0\u1edfng cho c\u00e1c ph\u00f2ng t\u1eadp th\u01b0\u01a1ng m\u1ea1i v\u00e0 kh\u00f4ng gian t\u1eadp t\u1ea1i nh\u00e0 h\u01b0\u1edbng \u0111\u1ebfn hi\u1ec7u qu\u1ea3.<\/p>","protected":false},"featured_media":3632,"comment_status":"open","ping_status":"closed","template":"","meta":{"inline_featured_image":false,"site-sidebar-layout":"default","site-content-layout":"","ast-site-content-layout":"default","site-content-style":"default","site-sidebar-style":"default","ast-global-header-display":"","ast-banner-title-visibility":"","ast-main-header-display":"","ast-hfb-above-header-display":"","ast-hfb-below-header-display":"","ast-hfb-mobile-header-display":"","site-post-title":"","ast-breadcrumbs-content":"","ast-featured-img":"","footer-sml-layout":"","ast-disable-related-posts":"","theme-transparent-header-meta":"default","adv-header-id-meta":"","stick-header-meta":"default","header-above-stick-meta":"","header-main-stick-meta":"","header-below-stick-meta":"","astra-migrate-meta-layouts":"set","ast-page-background-enabled":"default","ast-page-background-meta":{"desktop":{"background-color":"","background-image":"","background-repeat":"repeat","background-position":"center center","background-size":"auto","background-attachment":"scroll","background-type":"","background-media":"","overlay-type":"","overlay-color":"","overlay-opacity":"","overlay-gradient":""},"tablet":{"background-color":"","background-image":"","background-repeat":"repeat","background-position":"center center","background-size":"auto","background-attachment":"scroll","background-type":"","background-media":"","overlay-type":"","overlay-color":"","overlay-opacity":"","overlay-gradient":""},"mobile":{"background-color":"","background-image":"","background-repeat":"repeat","background-position":"center center","background-size":"auto","background-attachment":"scroll","background-type":"","background-media":"","overlay-type":"","overlay-color":"","overlay-opacity":"","overlay-gradient":""}},"ast-content-background-meta":{"desktop":{"background-color":"var(--ast-global-color-5)","background-image":"","background-repeat":"repeat","background-position":"center center","background-size":"auto","background-attachment":"scroll","background-type":"","background-media":"","overlay-type":"","overlay-color":"","overlay-opacity":"","overlay-gradient":""},"tablet":{"background-color":"var(--ast-global-color-5)","background-image":"","background-repeat":"repeat","background-position":"center center","background-size":"auto","background-attachment":"scroll","background-type":"","background-media":"","overlay-type":"","overlay-color":"","overlay-opacity":"","overlay-gradient":""},"mobile":{"background-color":"var(--ast-global-color-5)","background-image":"","background-repeat":"repeat","background-position":"center center","background-size":"auto","background-attachment":"scroll","background-type":"","background-media":"","overlay-type":"","overlay-color":"","overlay-opacity":"","overlay-gradient":""}}},"product_brand":[],"product_cat":[55],"product_tag":[59],"class_list":{"0":"post-2917","1":"product","2":"type-product","3":"status-publish","4":"has-post-thumbnail","6":"product_cat-free-weight-training","7":"product_tag-plate","8":"desktop-align-left","9":"tablet-align-left","10":"mobile-align-left","12":"first","13":"instock","14":"shipping-taxable","15":"purchasable","16":"product-type-simple"},"_links":{"self":[{"href":"https:\/\/alexathletics1982.com\/vi\/wp-json\/wp\/v2\/product\/2917","targetHints":{"allow":["GET"]}}],"collection":[{"href":"https:\/\/alexathletics1982.com\/vi\/wp-json\/wp\/v2\/product"}],"about":[{"href":"https:\/\/alexathletics1982.com\/vi\/wp-json\/wp\/v2\/types\/product"}],"replies":[{"embeddable":true,"href":"https:\/\/alexathletics1982.com\/vi\/wp-json\/wp\/v2\/comments?post=2917"}],"wp:featuredmedia":[{"embeddable":true,"href":"https:\/\/alexathletics1982.com\/vi\/wp-json\/wp\/v2\/media\/3632"}],"wp:attachment":[{"href":"https:\/\/alexathletics1982.com\/vi\/wp-json\/wp\/v2\/media?parent=2917"}],"wp:term":[{"taxonomy":"product_brand","embeddable":true,"href":"https:\/\/alexathletics1982.com\/vi\/wp-json\/wp\/v2\/product_brand?post=2917"},{"taxonomy":"product_cat","embeddable":true,"href":"https:\/\/alexathletics1982.com\/vi\/wp-json\/wp\/v2\/product_cat?post=2917"},{"taxonomy":"product_tag","embeddable":true,"href":"https:\/\/alexathletics1982.com\/vi\/wp-json\/wp\/v2\/product_tag?post=2917"}],"curies":[{"name":"wp","href":"https:\/\/api.w.org\/{rel}","templated":true}]}}