{"id":2918,"date":"2026-01-23T20:20:20","date_gmt":"2026-01-23T12:20:20","guid":{"rendered":"https:\/\/alexathletics1982.com\/?post_type=product&#038;p=2918"},"modified":"2026-04-08T23:03:32","modified_gmt":"2026-04-08T15:03:32","slug":"tam-tpu-4-lo","status":"publish","type":"product","link":"https:\/\/alexathletics1982.com\/vi\/4-holes-tpu-plate\/","title":{"rendered":"T\u1ea5m TPU 4 l\u1ed7"},"content":{"rendered":"<h2>Phi\u00ean b\u1ea3n cao c\u1ea5p: \u0110\u1ebf TPU 4 l\u1ed7<\/h2>\n<p>Trong h\u1ec7 th\u1ed1ng ph\u00e2n lo\u1ea1i c\u00e1c lo\u1ea1i \u0111\u0129a t\u1ea1, TPU (Polyurethane nhi\u1ec7t d\u1ebbo) \u0111\u1ea1i di\u1ec7n cho ph\u00e2n kh\u00fac cao c\u1ea5p, v\u01b0\u1ee3t tr\u1ed9i so v\u1edbi cao su v\u00e0 s\u1eaft truy\u1ec1n th\u1ed1ng. \u0110\u0129a t\u1ea1 4 l\u1ed7 TPU c\u1ee7a Alex Athletics s\u1eed d\u1ee5ng v\u1eadt li\u1ec7u ti\u00ean ti\u1ebfn n\u00e0y \u0111\u1ec3 t\u1ea1o ra s\u1ea3n ph\u1ea9m \u0111\u0129a t\u1ea1 th\u01b0\u01a1ng m\u1ea1i \u0111\u1ec9nh cao. Kh\u00e1c v\u1edbi cao su \u2013 v\u1ed1n c\u00f3 th\u1ec3 b\u1ecb xu\u1ed1ng c\u1ea5p, bong tr\u00f3c v\u00e0 t\u1ecfa ra m\u00f9i h\u00f3a ch\u1ea5t n\u1ed3ng n\u1eb7c theo th\u1eddi gian \u2013 TPU kh\u00f4ng m\u00f9i, c\u1ef1c k\u1ef3 b\u1ec1n b\u1ec9 v\u00e0 c\u00f3 kh\u1ea3 n\u0103ng ch\u1ed1ng m\u00e0i m\u00f2n, r\u00e1ch n\u1ee9t c\u0169ng nh\u01b0 c\u00e1c y\u1ebfu t\u1ed1 m\u00f4i tr\u01b0\u1eddng nh\u01b0 tia UV hay d\u1ea7u m\u1ee1. S\u1ea3n ph\u1ea9m n\u00e0y duy tr\u00ec m\u00e0u s\u1eafc r\u1ef1c r\u1ee1 v\u00e0 t\u00ednh to\u00e0n v\u1eb9n c\u1ea5u tr\u00fac trong nhi\u1ec1u n\u0103m, khi\u1ebfn n\u00f3 tr\u1edf th\u00e0nh m\u1ed9t kho\u1ea3n \u0111\u1ea7u t\u01b0 d\u00e0i h\u1ea1n th\u00f4ng minh cho c\u00e1c c\u01a1 s\u1edf cao c\u1ea5p. L\u1edbp ph\u1ee7 TPU m\u1eadt \u0111\u1ed9 cao \u0111\u01b0\u1ee3c li\u00ean k\u1ebft ch\u1eafc ch\u1eafn v\u1edbi l\u00f5i gang, t\u1ea1o ra m\u1ed9t l\u1edbp h\u1ea5p th\u1ee5 s\u1ed1c gi\u00fap b\u1ea3o v\u1ec7 c\u1ea3 \u0111\u0129a t\u1ea1 v\u00e0 s\u00e0n ph\u00f2ng t\u1eadp c\u1ee7a b\u1ea1n kh\u1ecfi b\u1ecb h\u01b0 h\u1ea1i khi r\u01a1i xu\u1ed1ng.<\/p>\n<p>Ch\u1ee9c n\u0103ng \u0111\u01b0\u1ee3c n\u00e2ng cao nh\u1edd thi\u1ebft k\u1ebf tay c\u1ea7m th\u00f4ng minh \u201c4 l\u1ed7\u201d. C\u00e1c l\u1ed7 c\u1eaft \u0111\u1ed1i x\u1ee9ng cho ph\u00e9p c\u1ea7m n\u1eafm \u0111\u0129a t\u1ea1 t\u1eeb m\u1ecdi g\u00f3c \u0111\u1ed9, gi\u00fap vi\u1ec7c thao t\u00e1c, l\u1eafp \u0111\u1eb7t v\u00e0 th\u00e1o g\u1ee1 an to\u00e0n v\u00e0 hi\u1ec7u qu\u1ea3 h\u01a1n so v\u1edbi c\u00e1c \u0111\u0129a t\u1ea1 \u0111\u1ec7m li\u1ec1n kh\u1ed1i. Thi\u1ebft k\u1ebf tay c\u1ea7m n\u00e0y c\u0169ng cho ph\u00e9p s\u1eed d\u1ee5ng \u0111\u0129a t\u1ea1 cho c\u00e1c b\u00e0i t\u1eadp \u0111\u1ed9c l\u1eadp nh\u01b0 b\u01b0\u1edbc lunge c\u00f3 t\u1ea1 ho\u1eb7c b\u00e0i t\u1eadp \u201csteering wheel\u201d. L\u1ed7 \u1edf gi\u1eefa c\u00f3 m\u1ed9t v\u00f2ng th\u00e9p ch\u00ednh x\u00e1c (50,4~50,8mm) \u0111\u1ea3m b\u1ea3o tr\u01b0\u1ee3t tr\u01a1n tru v\u00e0o \u1ed1ng t\u1ea1, ng\u0103n ng\u1eeba hi\u1ec7n t\u01b0\u1ee3ng \u201cd\u00ednh\u201d c\u00f3 th\u1ec3 x\u1ea3y ra v\u1edbi c\u00e1c l\u1ed7 cao su th\u00f4. C\u00f3 s\u1eb5n c\u00e1c t\u00f9y ch\u1ecdn m\u00e3 m\u00e0u (X\u00e1m, Xanh l\u00e1, V\u00e0ng, Xanh d\u01b0\u01a1ng, \u0110\u1ecf) t\u01b0\u01a1ng \u1ee9ng v\u1edbi c\u00e1c m\u1ee9c t\u0103ng tr\u1ecdng l\u01b0\u1ee3ng ti\u00eau chu\u1ea9n, c\u00e1c t\u1ea5m t\u1ea1 n\u00e0y mang \u0111\u1ebfn v\u1ebb ngo\u00e0i chuy\u00ean nghi\u1ec7p, s\u1eb5n s\u00e0ng cho thi \u0111\u1ea5u v\u1edbi \u0111\u1ed9 b\u1ec1n c\u1ee7a k\u1ef9 thu\u1eadt c\u00f4ng nghi\u1ec7p.<\/p>\n<h3>1. Ch\u1ea5t li\u1ec7u TPU th\u00e2n thi\u1ec7n v\u1edbi m\u00f4i tr\u01b0\u1eddng cao c\u1ea5p<\/h3>\n<p>TPU l\u00e0 t\u01b0\u01a1ng lai c\u1ee7a thi\u1ebft b\u1ecb t\u1eadp gym. Ch\u1ea5t li\u1ec7u n\u00e0y v\u01b0\u1ee3t tr\u1ed9i h\u01a1n h\u1eb3n so v\u1edbi cao su t\u00e1i ch\u1ebf. N\u00f3 c\u00f3 <strong>kh\u00f4ng c\u00f3 m\u00f9i<\/strong>, \u0111\u00e2y l\u00e0 m\u1ed9t l\u1ee3i th\u1ebf l\u1edbn \u0111\u1ed1i v\u1edbi c\u00e1c ph\u00f2ng t\u1eadp t\u1ea1i nh\u00e0 quy m\u00f4 nh\u1ecf ho\u1eb7c c\u00e1c ph\u00f2ng t\u1eadp kh\u00f4ng c\u00f3 h\u1ec7 th\u1ed1ng th\u00f4ng gi\u00f3. Ch\u1ea5t li\u1ec7u n\u00e0y c\u00f2n c\u00f3 kh\u1ea3 n\u0103ng ch\u1ed1ng c\u1eaft, ch\u1ed1ng tr\u1ea7y x\u01b0\u1edbc v\u00e0 ch\u1ed1ng va \u0111\u1eadp r\u1ea5t t\u1ed1t. TPU l\u00e0 m\u1ed9t ch\u1ea5t li\u1ec7u th\u00e2n thi\u1ec7n v\u1edbi m\u00f4i tr\u01b0\u1eddng, qu\u00e1 tr\u00ecnh s\u1ea3n xu\u1ea5t b\u1ec1n v\u1eefng h\u01a1n v\u00e0 c\u00f3 tu\u1ed5i th\u1ecd cao h\u01a1n, gi\u00fap gi\u1ea3m thi\u1ec3u l\u01b0\u1ee3ng r\u00e1c th\u1ea3i.<\/p>\n<h3>2. Tay c\u1ea7m \u0111\u1ed1i x\u1ee9ng 4 l\u1ed7<\/h3>\n<p>Vi\u1ec7c c\u1ea7m n\u1eafm c\u00e1c \u0111\u0129a t\u1ea1 n\u1eb7ng c\u00f3 th\u1ec3 kh\u00e1 b\u1ea5t ti\u1ec7n. Thi\u1ebft k\u1ebf 4 l\u1ed7 \u0111\u1ea3m b\u1ea3o r\u1eb1ng tay c\u1ea7m lu\u00f4n n\u1eb1m trong t\u1ea7m v\u1edbi, b\u1ea5t k\u1ec3 \u0111\u0129a t\u1ea1 r\u01a1i xu\u1ed1ng nh\u01b0 th\u1ebf n\u00e0o. \u0110i\u1ec1u n\u00e0y gi\u00fap b\u1ea1n d\u1ec5 d\u00e0ng nh\u1ea5c \u0111\u0129a t\u1ea1 l\u00ean t\u1eeb m\u1eb7t s\u00e0n \u2014 m\u1ed9t v\u1ea5n \u0111\u1ec1 th\u01b0\u1eddng g\u1eb7p khi s\u1eed d\u1ee5ng \u0111\u0129a t\u1ea1 c\u00f3 v\u00e0nh. C\u00e1c tay c\u1ea7m \u0111\u01b0\u1ee3c thi\u1ebft k\u1ebf theo nguy\u00ean t\u1eafc c\u00f4ng th\u00e1i h\u1ecdc gi\u00fap vi\u1ec7c mang v\u00e1c v\u00e0 x\u1ebfp \u0111\u0129a t\u1ea1 tr\u1edf n\u00ean an to\u00e0n v\u00e0 ch\u1eafc ch\u1eafn.<\/p>\n<h3>3. H\u1ea5p th\u1ee5 ch\u1ea5n \u0111\u1ed9ng v\u00e0 ti\u1ebfng \u1ed3n<\/h3>\n<p>L\u1edbp ph\u1ee7 TPU d\u00e0y \u0111\u00f3ng vai tr\u00f2 nh\u01b0 m\u1ed9t b\u1ed9 gi\u1ea3m ch\u1ea5n. N\u00f3 h\u1ea5p th\u1ee5 ti\u1ebfng va ch\u1ea1m c\u1ee7a c\u00e1c t\u1ea5m kim lo\u1ea1i khi ch\u1ea1m v\u00e0o nhau v\u00e0 l\u1ef1c va \u0111\u1eadp khi \u0111\u1eb7t thanh t\u1ea1 xu\u1ed1ng. \u0110i\u1ec1u n\u00e0y gi\u00fap gi\u1ea3m thi\u1ec3u ti\u1ebfng \u1ed3n trong ph\u00f2ng t\u1eadp v\u00e0 b\u1ea3o v\u1ec7 l\u1edbp n\u1ec1n s\u00e0n kh\u1ecfi b\u1ecb n\u1ee9t. Ngo\u00e0i ra, n\u00f3 c\u00f2n b\u1ea3o v\u1ec7 l\u00f5i gang kh\u1ecfi b\u1ecb g\u1ec9 s\u00e9t b\u1eb1ng c\u00e1ch ng\u0103n c\u00e1ch n\u00f3 v\u1edbi \u0111\u1ed9 \u1ea9m.<\/p>\n<h3>4. V\u00f2ng trung t\u00e2m b\u1eb1ng th\u00e9p ch\u00ednh x\u00e1c<\/h3>\n<p>L\u1edbp l\u00f3t b\u1eb1ng th\u00e9p kh\u00f4ng g\u1ec9 gi\u00fap \u0111\u0129a t\u1ea1 tr\u01b0\u1ee3t m\u01b0\u1ee3t m\u00e0 tr\u00ean thanh t\u1ea1. L\u1edbp l\u00f3t n\u00e0y ng\u0103n v\u1eadt li\u1ec7u TPU b\u00e1m v\u00e0o \u1ed1ng thanh t\u1ea1, gi\u00fap vi\u1ec7c thay \u0111\u0129a t\u1ea1 di\u1ec5n ra nhanh ch\u00f3ng v\u00e0 tr\u01a1n tru. D\u1ea3i k\u00edch th\u01b0\u1edbc ch\u00ednh x\u00e1c (50,4\u201350,8 mm) \u0111\u1ea3m b\u1ea3o \u0111\u0129a t\u1ea1 \u00f4m kh\u00edt v\u00e0o thanh t\u1ea1 v\u1edbi \u0111\u1ed9 rung l\u1eafc t\u1ed1i thi\u1ec3u.<\/p>\n<h3>5. H\u1ec7 th\u1ed1ng m\u00e3 m\u00e0u chuy\u00ean nghi\u1ec7p<\/h3>\n<p>C\u00e1c \u0111\u0129a t\u1ea1 n\u00e0y c\u00f3 s\u1eb5n trong c\u00e1c m\u00e0u ti\u00eau chu\u1ea9n (v\u00ed d\u1ee5: m\u00e0u \u0111\u1ecf cho \u0111\u0129a 25kg, m\u00e0u xanh d\u01b0\u01a1ng cho \u0111\u0129a 20kg), gi\u00fap d\u1ec5 d\u00e0ng nh\u1eadn bi\u1ebft tr\u1ecdng l\u01b0\u1ee3ng tr\u00ean thanh t\u1ea1 ngay t\u1eeb xa. C\u00e1ch s\u1eafp x\u1ebfp tr\u1ef1c quan n\u00e0y mang l\u1ea1i v\u1ebb chuy\u00ean nghi\u1ec7p cho ph\u00f2ng t\u1eadp v\u00e0 gi\u00fap c\u00e1c v\u1eadn \u0111\u1ed9ng vi\u00ean t\u00ednh to\u00e1n tr\u1ecdng l\u01b0\u1ee3ng m\u1ed9t c\u00e1ch nhanh ch\u00f3ng v\u00e0 ch\u00ednh x\u00e1c.<\/p>\n<h3>\u0110\u1ed1i t\u01b0\u1ee3ng d\u00e0nh cho ai?<\/h3>\n<ul style=\"list-style-position: inside; padding-left: 0;\">\n<li>C\u00e1c ph\u00f2ng t\u1eadp th\u1ec3 h\u00ecnh cao c\u1ea5p d\u00e0nh cho doanh nghi\u1ec7p v\u00e0 c\u00e1c ph\u00f2ng t\u1eadp boutique.<\/li>\n<li>Ch\u1ee7 c\u00e1c ph\u00f2ng t\u1eadp th\u1ec3 d\u1ee5c t\u1ea1i nh\u00e0 nh\u1ea1y c\u1ea3m v\u1edbi m\u00f9i cao su (TPU kh\u00f4ng c\u00f3 m\u00f9i).<\/li>\n<li>C\u00e1c c\u01a1 s\u1edf mong mu\u1ed1n c\u00f3 thi\u1ebft b\u1ecb b\u1ec1n b\u1ec9 v\u00e0 \u00edt t\u1ed1n c\u00f4ng b\u1ea3o tr\u00ec.<\/li>\n<li>Nh\u1eefng ng\u01b0\u1eddi t\u1eadp t\u1ea1 \u01b0a th\u00edch s\u1ef1 ti\u1ec7n l\u1ee3i c\u1ee7a tay c\u1ea7m.<\/li>\n<li>D\u00e0nh cho nh\u1eefng ai \u0111ang t\u00ecm ki\u1ebfm l\u1edbp ph\u1ee7 c\u00f3 ch\u1ea5t l\u01b0\u1ee3ng cao nh\u1ea5t hi\u1ec7n c\u00f3.<\/li>\n<\/ul>\n<h3>Th\u00f4ng s\u1ed1 k\u1ef9 thu\u1eadt s\u1ea3n ph\u1ea9m<\/h3>\n<table border=\"1\" width=\"100%\" cellspacing=\"0\" cellpadding=\"5\">\n<tbody>\n<tr>\n<td><strong>M\u1eabu<\/strong><\/td>\n<td>W02AD002<\/td>\n<\/tr>\n<tr>\n<td><strong>Ch\u1ea5t li\u1ec7u<\/strong><\/td>\n<td>L\u00f5i gang, l\u1edbp ph\u1ee7 TPU<\/td>\n<\/tr>\n<tr>\n<td><strong>Tay c\u1ea7m<\/strong><\/td>\n<td>4 l\u1ed7 \u0111\u1ed1i x\u1ee9ng<\/td>\n<\/tr>\n<tr>\n<td><strong>Tr\u1ecdng l\u01b0\u1ee3ng<\/strong><\/td>\n<td>1,25, 2,5, 5, 10, 15, 20, 25 kg<\/td>\n<\/tr>\n<tr>\n<td><strong>T\u00ednh n\u0103ng<\/strong><\/td>\n<td>Kh\u00f4ng m\u00f9i, si\u00eau b\u1ec1n, ph\u00e2n bi\u1ec7t b\u1eb1ng m\u00e0u s\u1eafc<\/td>\n<\/tr>\n<\/tbody>\n<\/table>","protected":false},"excerpt":{"rendered":"<p>T\u1ea5m t\u1ea1 4 l\u1ed7 TPU c\u1ee7a Alex Athletics l\u00e0 s\u1ef1 l\u1ef1a ch\u1ecdn cao c\u1ea5p d\u00e0nh cho c\u00e1c ph\u00f2ng t\u1eadp th\u1ec3 h\u00ecnh hi\u1ec7n \u0111\u1ea1i. \u0110\u01b0\u1ee3c s\u1ea3n xu\u1ea5t t\u1eeb ch\u1ea5t li\u1ec7u Polyurethane nhi\u1ec7t d\u1ebbo (TPU) th\u00e2n thi\u1ec7n v\u1edbi m\u00f4i tr\u01b0\u1eddng, nh\u1eefng t\u1ea5m t\u1ea1 n\u00e0y kh\u00f4ng m\u00f9i, c\u00f3 kh\u1ea3 n\u0103ng ch\u1ed1ng r\u00e1ch v\u00e0 m\u00e0i m\u00f2n cao, \u0111\u1ed3ng th\u1eddi c\u00f3 tu\u1ed5i th\u1ecd cao h\u01a1n so v\u1edbi cao su truy\u1ec1n th\u1ed1ng. Thi\u1ebft k\u1ebf tay c\u1ea7m 4 l\u1ed7 th\u00f4ng minh cho ph\u00e9p c\u1ea7m n\u1eafm d\u1ec5 d\u00e0ng t\u1eeb m\u1ecdi g\u00f3c \u0111\u1ed9, gi\u00fap vi\u1ec7c x\u1ebfp t\u1ea1 an to\u00e0n v\u00e0 nhanh ch\u00f3ng h\u01a1n. V\u1edbi v\u00f2ng trung t\u00e2m b\u1eb1ng th\u00e9p gi\u00fap tr\u01b0\u1ee3t m\u01b0\u1ee3t m\u00e0 v\u00e0 m\u00e3 m\u00e0u n\u1ed5i b\u1eadt \u0111\u1ec3 nh\u1eadn di\u1ec7n d\u1ec5 d\u00e0ng, ch\u00fang mang l\u1ea1i kh\u1ea3 n\u0103ng h\u1ea5p th\u1ee5 s\u1ed1c v\u01b0\u1ee3t tr\u1ed9i c\u00f9ng v\u1ebb ngo\u00e0i chuy\u00ean nghi\u1ec7p, \u0111\u1ee7 b\u1ec1n b\u1ec9 \u0111\u1ec3 ch\u1ecbu \u0111\u01b0\u1ee3c c\u01b0\u1eddng \u0111\u1ed9 s\u1eed d\u1ee5ng th\u01b0\u01a1ng m\u1ea1i cao.<\/p>","protected":false},"featured_media":3633,"comment_status":"open","ping_status":"closed","template":"","meta":{"inline_featured_image":false,"site-sidebar-layout":"default","site-content-layout":"","ast-site-content-layout":"default","site-content-style":"default","site-sidebar-style":"default","ast-global-header-display":"","ast-banner-title-visibility":"","ast-main-header-display":"","ast-hfb-above-header-display":"","ast-hfb-below-header-display":"","ast-hfb-mobile-header-display":"","site-post-title":"","ast-breadcrumbs-content":"","ast-featured-img":"","footer-sml-layout":"","ast-disable-related-posts":"","theme-transparent-header-meta":"default","adv-header-id-meta":"","stick-header-meta":"default","header-above-stick-meta":"","header-main-stick-meta":"","header-below-stick-meta":"","astra-migrate-meta-layouts":"set","ast-page-background-enabled":"default","ast-page-background-meta":{"desktop":{"background-color":"","background-image":"","background-repeat":"repeat","background-position":"center center","background-size":"auto","background-attachment":"scroll","background-type":"","background-media":"","overlay-type":"","overlay-color":"","overlay-opacity":"","overlay-gradient":""},"tablet":{"background-color":"","background-image":"","background-repeat":"repeat","background-position":"center center","background-size":"auto","background-attachment":"scroll","background-type":"","background-media":"","overlay-type":"","overlay-color":"","overlay-opacity":"","overlay-gradient":""},"mobile":{"background-color":"","background-image":"","background-repeat":"repeat","background-position":"center center","background-size":"auto","background-attachment":"scroll","background-type":"","background-media":"","overlay-type":"","overlay-color":"","overlay-opacity":"","overlay-gradient":""}},"ast-content-background-meta":{"desktop":{"background-color":"var(--ast-global-color-5)","background-image":"","background-repeat":"repeat","background-position":"center center","background-size":"auto","background-attachment":"scroll","background-type":"","background-media":"","overlay-type":"","overlay-color":"","overlay-opacity":"","overlay-gradient":""},"tablet":{"background-color":"var(--ast-global-color-5)","background-image":"","background-repeat":"repeat","background-position":"center center","background-size":"auto","background-attachment":"scroll","background-type":"","background-media":"","overlay-type":"","overlay-color":"","overlay-opacity":"","overlay-gradient":""},"mobile":{"background-color":"var(--ast-global-color-5)","background-image":"","background-repeat":"repeat","background-position":"center center","background-size":"auto","background-attachment":"scroll","background-type":"","background-media":"","overlay-type":"","overlay-color":"","overlay-opacity":"","overlay-gradient":""}}},"product_brand":[],"product_cat":[55],"product_tag":[59],"class_list":{"0":"post-2918","1":"product","2":"type-product","3":"status-publish","4":"has-post-thumbnail","6":"product_cat-free-weight-training","7":"product_tag-plate","8":"desktop-align-left","9":"tablet-align-left","10":"mobile-align-left","12":"first","13":"instock","14":"shipping-taxable","15":"purchasable","16":"product-type-simple"},"_links":{"self":[{"href":"https:\/\/alexathletics1982.com\/vi\/wp-json\/wp\/v2\/product\/2918","targetHints":{"allow":["GET"]}}],"collection":[{"href":"https:\/\/alexathletics1982.com\/vi\/wp-json\/wp\/v2\/product"}],"about":[{"href":"https:\/\/alexathletics1982.com\/vi\/wp-json\/wp\/v2\/types\/product"}],"replies":[{"embeddable":true,"href":"https:\/\/alexathletics1982.com\/vi\/wp-json\/wp\/v2\/comments?post=2918"}],"wp:featuredmedia":[{"embeddable":true,"href":"https:\/\/alexathletics1982.com\/vi\/wp-json\/wp\/v2\/media\/3633"}],"wp:attachment":[{"href":"https:\/\/alexathletics1982.com\/vi\/wp-json\/wp\/v2\/media?parent=2918"}],"wp:term":[{"taxonomy":"product_brand","embeddable":true,"href":"https:\/\/alexathletics1982.com\/vi\/wp-json\/wp\/v2\/product_brand?post=2918"},{"taxonomy":"product_cat","embeddable":true,"href":"https:\/\/alexathletics1982.com\/vi\/wp-json\/wp\/v2\/product_cat?post=2918"},{"taxonomy":"product_tag","embeddable":true,"href":"https:\/\/alexathletics1982.com\/vi\/wp-json\/wp\/v2\/product_tag?post=2918"}],"curies":[{"name":"wp","href":"https:\/\/api.w.org\/{rel}","templated":true}]}}