{"id":2928,"date":"2026-01-23T20:20:20","date_gmt":"2026-01-23T12:20:20","guid":{"rendered":"https:\/\/alexathletics1982.com\/?post_type=product&#038;p=2928"},"modified":"2026-04-08T23:31:32","modified_gmt":"2026-04-08T15:31:32","slug":"ta-don-tpu-110kg","status":"publish","type":"product","link":"https:\/\/alexathletics1982.com\/vi\/tpu-110kg-dumbbell\/","title":{"rendered":"T\u1ea1 tay TPU 1\u201310 kg (in UV)"},"content":{"rendered":"<h2>Ti\u00eau chu\u1ea9n hi\u1ec7n \u0111\u1ea1i: T\u1ea1 \u0111\u01a1n TPU 1\u201310 kg<\/h2>\n<p>Trong qu\u00e1 tr\u00ecnh ph\u00e1t tri\u1ec3n c\u1ee7a c\u00e1c d\u1ee5ng c\u1ee5 t\u1eadp t\u1ea1 t\u1ef1 do, TPU (Polyurethane nhi\u1ec7t d\u1ebbo) \u0111\u00e3 tr\u1edf th\u00e0nh l\u1ef1a ch\u1ecdn v\u1eadt li\u1ec7u v\u01b0\u1ee3t tr\u1ed9i, v\u01b0\u1ee3t qua cao su truy\u1ec1n th\u1ed1ng v\u1ec1 h\u1ea7u h\u1ebft m\u1ecdi ti\u00eau ch\u00ed. T\u1ea1 c\u1ea7m tay TPU (1\u201310 kg) c\u1ee7a Alex Athletics s\u1eed d\u1ee5ng lo\u1ea1i polymer ti\u00ean ti\u1ebfn n\u00e0y \u0111\u1ec3 t\u1ea1o ra m\u1ed9t d\u1ee5ng c\u1ee5 \u0111\u1ea1t ti\u00eau chu\u1ea9n th\u01b0\u01a1ng m\u1ea1i, kh\u00f4ng m\u00f9i, kh\u00f4ng phai m\u00e0u v\u00e0 c\u1ef1c k\u1ef3 b\u1ec1n b\u1ec9. Kh\u00f4ng gi\u1ed1ng nh\u01b0 cao su, c\u00f3 th\u1ec3 b\u1ecb xu\u1ed1ng c\u1ea5p, b\u1ed1c m\u00f9i v\u00e0 bong tr\u00f3c theo th\u1eddi gian, TPU l\u00e0 ch\u1ea5t h\u00f3a h\u1ecdc tr\u01a1 v\u00e0 c\u00f3 kh\u1ea3 n\u0103ng ch\u1ed1ng m\u00e0i m\u00f2n, r\u00e1ch v\u00e0 d\u1ea7u r\u1ea5t cao. \u0110i\u1ec1u n\u00e0y \u0111\u1ea3m b\u1ea3o r\u1eb1ng t\u1ea1 v\u1eabn gi\u1eef \u0111\u01b0\u1ee3c v\u1ebb ngo\u00e0i nguy\u00ean v\u1eb9n v\u00e0 t\u00ednh to\u00e0n v\u1eb9n v\u1ec1 c\u1ea5u tr\u00fac ngay c\u1ea3 trong m\u00f4i tr\u01b0\u1eddng ph\u00f2ng t\u1eadp th\u1ec3 d\u1ee5c c\u00f3 l\u01b0u l\u01b0\u1ee3ng ng\u01b0\u1eddi s\u1eed d\u1ee5ng cao. \u0110\u1ea7u t\u1ea1 nh\u1ecf g\u1ecdn v\u00e0 \u0111\u01b0\u1ee3c g\u1eafn ch\u1eafc ch\u1eafn v\u00e0o tay c\u1ea7m, mang \u0111\u1ebfn m\u1ed9t gi\u1ea3i ph\u00e1p kh\u00f4ng c\u1ea7n b\u1ea3o tr\u00ec v\u00e0 kh\u00f4ng bao gi\u1edd c\u1ea7n si\u1ebft ch\u1eb7t.<\/p>\n<p>B\u1ec1 m\u1eb7t c\u1ea7m n\u1eafm l\u00e0 m\u1ed9t tay c\u1ea7m b\u1eb1ng th\u00e9p ch\u1eafc ch\u1eafn c\u00f3 \u0111\u01b0\u1eddng k\u00ednh 31mm. \u0110\u1ed9 d\u00e0y n\u00e0y mang l\u1ea1i c\u1ea3m gi\u00e1c c\u1ea7m n\u1eafm ch\u1eafc ch\u1eafn, tho\u1ea3i m\u00e1i, \u00f4m tr\u1ecdn l\u00f2ng b\u00e0n tay, gi\u00fap gi\u1ea3m m\u1ec7t m\u1ecfi khi th\u1ef1c hi\u1ec7n c\u00e1c hi\u1ec7p t\u1eadp v\u1edbi s\u1ed1 l\u1ea7n l\u1eb7p cao. Tay c\u1ea7m c\u00f3 b\u1ec1 m\u1eb7t nh\u00e1m (ho\u1eb7c l\u1edbp ph\u1ee7 TPU t\u00f9y theo chi ti\u1ebft c\u1ee5 th\u1ec3 c\u1ee7a t\u1eebng phi\u00ean b\u1ea3n, nh\u01b0ng th\u01b0\u1eddng \u0111\u01b0\u1ee3c gia c\u00f4ng nh\u00e1m ho\u1eb7c t\u1ea1o v\u00e2n \u0111\u1ec3 t\u0103ng \u0111\u1ed9 b\u00e1m) \u0111\u1ea3m b\u1ea3o kh\u1ea3 n\u0103ng ki\u1ec3m so\u00e1t t\u1ed1t khi th\u1ef1c hi\u1ec7n c\u00e1c b\u00e0i t\u1eadp cu\u1ed9n t\u1ea1, \u0111\u1ea9y t\u1ea1 v\u00e0 du\u1ed7i t\u1ea1. C\u00f3 tr\u1ecdng l\u01b0\u1ee3ng t\u1eeb 1kg \u0111\u1ebfn 10kg, nh\u1eefng qu\u1ea3 t\u1ea1 n\u00e0y r\u1ea5t ph\u00f9 h\u1ee3p cho c\u00e1c b\u00e0i t\u1eadp kh\u00e1ng l\u1ef1c nh\u1eb9, ph\u1ee5c h\u1ed3i ch\u1ee9c n\u0103ng, r\u00e8n luy\u1ec7n s\u1ee9c b\u1ec1n v\u00e0 c\u00e1c b\u00e0i t\u1eadp gi\u1ea3m d\u1ea7n. C\u00f4ng ngh\u1ec7 in UV cho ph\u00e9p in c\u00e1c v\u1ea1ch tr\u1ecdng l\u01b0\u1ee3ng ho\u1eb7c logo r\u00f5 n\u00e9t, kh\u00f4ng phai m\u00e0u. \u0110\u1ed1i v\u1edbi c\u00e1c ph\u00f2ng t\u1eadp v\u00e0 ph\u00f2ng t\u1eadp t\u1ea1i nh\u00e0 y\u00eau c\u1ea7u s\u1ef1 s\u1ea1ch s\u1ebd v\u00e0 \u0111\u1ed9 b\u1ec1n, TPU l\u00e0 ti\u00eau chu\u1ea9n v\u00e0ng.<\/p>\n<h3>1. Ch\u1ea5t li\u1ec7u TPU cao c\u1ea5p<\/h3>\n<p>Polyurethane nhi\u1ec7t d\u1ebbo (TPU) l\u00e0 v\u1eadt li\u1ec7u ph\u1ee7 t\u1ea1 tay c\u1ee7a t\u01b0\u01a1ng lai. Ch\u1ea5t li\u1ec7u n\u00e0y ho\u00e0n to\u00e0n kh\u00f4ng m\u00f9i, n\u00ean r\u1ea5t ph\u00f9 h\u1ee3p cho c\u00e1c ph\u00f2ng t\u1eadp t\u1ea1i nh\u00e0 ho\u1eb7c ph\u00f2ng t\u1eadp nh\u1ecf, n\u01a1i m\u00f9i cao su c\u00f3 th\u1ec3 g\u00e2y kh\u00f3 ch\u1ecbu. Ngo\u00e0i ra, TPU c\u00f2n c\u1ee9ng v\u00e0 b\u1ec1n h\u01a1n cao su, c\u00f3 kh\u1ea3 n\u0103ng ch\u1ed1ng c\u1eaft, tr\u1ea7y x\u01b0\u1edbc v\u00e0 va \u0111\u1eadp khi b\u1ecb r\u01a1i.<\/p>\n<h3>2. Tay c\u1ea7m 31mm thi\u1ebft k\u1ebf theo nguy\u00ean t\u1eafc c\u00f4ng th\u00e1i h\u1ecdc<\/h3>\n<p>\u0110\u01b0\u1eddng k\u00ednh tay c\u1ea7m \u0111\u01b0\u1ee3c t\u1ed1i \u01b0u h\u00f3a \u1edf m\u1ee9c 31 mm. K\u00edch th\u01b0\u1edbc n\u00e0y d\u00e0y h\u01a1n m\u1ed9t ch\u00fat so v\u1edbi tay c\u1ea7m ti\u00eau chu\u1ea9n 25 mm, mang l\u1ea1i t\u00ednh c\u00f4ng th\u00e1i h\u1ecdc t\u1ed1t h\u01a1n v\u1ec1 l\u1ef1c c\u1ea7m v\u00e0 s\u1ef1 tho\u1ea3i m\u00e1i. \u0110i\u1ec1u n\u00e0y gi\u00fap ng\u0103n ng\u1eeba t\u00ecnh tr\u1ea1ng co c\u1ee9ng tay trong c\u00e1c hi\u1ec7p t\u1eadp d\u00e0i v\u00e0 t\u1ea1o n\u1ec1n t\u1ea3ng v\u1eefng ch\u1eafc cho c\u00e1c \u0111\u1ed9ng t\u00e1c \u0111\u1ea9y.<\/p>\n<h3>3. \u0110\u1ed9 b\u1ec1n kh\u00f4ng c\u1ea7n b\u1ea3o tr\u00ec<\/h3>\n<p>\u0110\u00e2y l\u00e0 nh\u1eefng qu\u1ea3 t\u1ea1 c\u1ed1 \u0111\u1ecbnh. Ph\u1ea7n \u0111\u1ea7u t\u1ea1 \u0111\u01b0\u1ee3c g\u1eafn c\u1ed1 \u0111\u1ecbnh v\u00e0o tay c\u1ea7m, gi\u00fap lo\u1ea1i b\u1ecf t\u00ecnh tr\u1ea1ng c\u00e1c \u0111\u0129a t\u1ea1 b\u1ecb l\u1ecfng l\u1ebbo hay v\u00f2ng k\u1eb9p xoay tr\u00f2n g\u00e2y phi\u1ec1n to\u00e1i. L\u1edbp ph\u1ee7 TPU gi\u00fap b\u1ea3o v\u1ec7 s\u00e0n nh\u00e0 kh\u1ecfi b\u1ecb h\u01b0 h\u1ea1i n\u1ebfu t\u1ea1 b\u1ecb r\u01a1i, \u0111\u1ed3ng th\u1eddi b\u1ea3o v\u1ec7 ch\u00ednh qu\u1ea3 t\u1ea1 kh\u1ecfi r\u1ec9 s\u00e9t v\u00e0 m\u00e0i m\u00f2n.<\/p>\n<h3>4. Thi\u1ebft k\u1ebf \u0111\u1ea7u m\u00e1y nh\u1ecf g\u1ecdn<\/h3>\n<p>Do TPU c\u00f3 \u0111\u1ed9 \u0111\u1eb7c cao v\u00e0 b\u1ec1n ch\u1eafc, ph\u1ea7n \u0111\u1ea7u c\u1ee7a t\u1ea1 \u0111\u01a1n c\u00f3 th\u1ec3 \u0111\u01b0\u1ee3c thi\u1ebft k\u1ebf g\u1ecdn g\u00e0ng. \u0110i\u1ec1u n\u00e0y gi\u00fap m\u1edf r\u1ed9ng ph\u1ea1m vi chuy\u1ec3n \u0111\u1ed9ng, v\u00ec t\u1ea1 \u00edt c\u00f3 kh\u1ea3 n\u0103ng va ch\u1ea1m v\u00e0o nhau khi th\u1ef1c hi\u1ec7n \u0111\u1ed9ng t\u00e1c \u0111\u1ea9y ng\u1ef1c ho\u1eb7c \u0111\u1ea9y vai \u1edf \u0111i\u1ec3m cao nh\u1ea5t. Nh\u1edd \u0111\u00f3, vi\u1ec7c ki\u1ec3m so\u00e1t v\u00e0 c\u1ea5t gi\u1eef t\u1ea1 tr\u1edf n\u00ean d\u1ec5 d\u00e0ng h\u01a1n.<\/p>\n<h3>5. D\u1ea5u hi\u1ec7u in b\u1eb1ng c\u00f4ng ngh\u1ec7 UV<\/h3>\n<p>C\u00e1c ch\u1ec9 s\u1ed1 tr\u1ecdng l\u01b0\u1ee3ng \u0111\u01b0\u1ee3c in b\u1eb1ng c\u00f4ng ngh\u1ec7 in UV ti\u00ean ti\u1ebfn. \u0110i\u1ec1u n\u00e0y \u0111\u1ea3m b\u1ea3o c\u00e1c con s\u1ed1 hi\u1ec3n th\u1ecb r\u00f5 n\u00e9t, d\u1ec5 \u0111\u1ecdc v\u00e0 kh\u00f4ng b\u1ecb phai m\u00e0u hay bong tr\u00f3c theo th\u1eddi gian. \u0110i\u1ec1u n\u00e0y mang l\u1ea1i cho thi\u1ebft b\u1ecb m\u1ed9t v\u1ebb ngo\u00e0i sang tr\u1ecdng, chuy\u00ean nghi\u1ec7p, th\u1ec3 hi\u1ec7n \u0111\u1eb3ng c\u1ea5p ch\u1ea5t l\u01b0\u1ee3ng.<\/p>\n<h3>\u0110\u1ed1i t\u01b0\u1ee3ng d\u00e0nh cho ai?<\/h3>\n<ul style=\"list-style-position: inside; padding-left: 0;\">\n<li>C\u00e1c ph\u00f2ng t\u1eadp th\u1ec3 d\u1ee5c quy m\u00f4 nh\u1ecf v\u00e0 c\u00e1c kh\u00e1ch s\u1ea1n cao c\u1ea5p.<\/li>\n<li>Ch\u1ee7 c\u00e1c ph\u00f2ng t\u1eadp th\u1ec3 d\u1ee5c t\u1ea1i nh\u00e0 nh\u1ea1y c\u1ea3m v\u1edbi m\u00f9i cao su.<\/li>\n<li>C\u00e1c hu\u1ea5n luy\u1ec7n vi\u00ean c\u00e1 nh\u00e2n c\u1ea7n thi\u1ebft b\u1ecb b\u1ec1n b\u1ec9 v\u00e0 c\u00f3 v\u1ebb ngo\u00e0i g\u1ecdn g\u00e0ng.<\/li>\n<li>C\u00e1c trung t\u00e2m ph\u1ee5c h\u1ed3i ch\u1ee9c n\u0103ng c\u1ea7n c\u00e1c d\u1ee5ng c\u1ee5 t\u1eadp luy\u1ec7n nh\u1eb9 v\u00e0 d\u1ec5 s\u1eed d\u1ee5ng.<\/li>\n<li>D\u00e0nh cho nh\u1eefng ai \u0111ang t\u00ecm ki\u1ebfm m\u1ed9t b\u1ed9 t\u1ea1 tay c\u1ed1 \u0111\u1ecbnh \u201cmua m\u1ed9t l\u1ea7n d\u00f9ng c\u1ea3 \u0111\u1eddi\u201d.<\/li>\n<\/ul>\n<h3>Th\u00f4ng s\u1ed1 k\u1ef9 thu\u1eadt s\u1ea3n ph\u1ea9m<\/h3>\n<table border=\"1\" width=\"100%\" cellspacing=\"0\" cellpadding=\"5\">\n<tbody>\n<tr>\n<td><strong>M\u1eabu<\/strong><\/td>\n<td>W03AA013<\/td>\n<\/tr>\n<tr>\n<td><strong>Ch\u1ea5t li\u1ec7u<\/strong><\/td>\n<td>Th\u00e9p, l\u1edbp ph\u1ee7 TPU<\/td>\n<\/tr>\n<tr>\n<td><strong>\u0110\u01b0\u1eddng k\u00ednh tay c\u1ea7m.<\/strong><\/td>\n<td>31 mm<\/td>\n<\/tr>\n<tr>\n<td><strong>Ph\u1ea1m vi tr\u1ecdng l\u01b0\u1ee3ng<\/strong><\/td>\n<td>1 ~ 10 kg (t\u0103ng d\u1ea7n theo t\u1eebng 1 kg)<\/td>\n<\/tr>\n<tr>\n<td><strong>T\u00ednh n\u0103ng<\/strong><\/td>\n<td>Kh\u00f4ng m\u00f9i, in UV<\/td>\n<\/tr>\n<\/tbody>\n<\/table>","protected":false},"excerpt":{"rendered":"<p>T\u1ea1 tay TPU c\u1ee7a Alex Athletics thi\u1ebft l\u1eadp m\u1ed9t ti\u00eau chu\u1ea9n m\u1edbi v\u1ec1 \u0111\u1ed9 b\u1ec1n v\u00e0 v\u1ec7 sinh. \u0110\u01b0\u1ee3c ch\u1ebf t\u1ea1o t\u1eeb ch\u1ea5t li\u1ec7u Polyurethane nhi\u1ec7t d\u1ebbo (TPU) ti\u00ean ti\u1ebfn, nh\u1eefng chi\u1ebfc t\u1ea1 tay c\u1ed1 \u0111\u1ecbnh n\u00e0y kh\u00f4ng c\u00f3 m\u00f9i, c\u00f3 kh\u1ea3 n\u0103ng ch\u1ed1ng m\u00e0i m\u00f2n c\u1ef1c cao v\u00e0 gi\u1eef m\u00e0u t\u1ed1t h\u01a1n so v\u1edbi cao su. V\u1edbi tay c\u1ea7m tho\u1ea3i m\u00e1i \u0111\u01b0\u1eddng k\u00ednh 31mm v\u00e0 \u0111\u1ea7u t\u1ea1 nh\u1ecf g\u1ecdn, ch\u00fang l\u00e0 l\u1ef1a ch\u1ecdn l\u00fd t\u01b0\u1edfng cho c\u00e1c b\u00e0i t\u1eadp l\u1eb7p l\u1ea1i nhi\u1ec1u l\u1ea7n v\u00e0 s\u1eed d\u1ee5ng trong ph\u00f2ng t\u1eadp. C\u00e1c v\u1ea1ch chia tr\u1ecdng l\u01b0\u1ee3ng \u0111\u01b0\u1ee3c in b\u1eb1ng c\u00f4ng ngh\u1ec7 UV \u0111\u1ea3m b\u1ea3o \u0111\u1ed9 b\u1ec1n m\u00e0u l\u00e2u d\u00e0i. S\u1ea3n ph\u1ea9m ho\u00e0n h\u1ea3o cho c\u00e1c ph\u00f2ng t\u1eadp t\u1ea1i nh\u00e0 cao c\u1ea5p v\u00e0 c\u00e1c c\u01a1 s\u1edf th\u01b0\u01a1ng m\u1ea1i \u0111\u00f2i h\u1ecfi ch\u1ea5t l\u01b0\u1ee3ng t\u1ed1t nh\u1ea5t.<\/p>","protected":false},"featured_media":3484,"comment_status":"open","ping_status":"closed","template":"","meta":{"inline_featured_image":false,"site-sidebar-layout":"default","site-content-layout":"","ast-site-content-layout":"default","site-content-style":"default","site-sidebar-style":"default","ast-global-header-display":"","ast-banner-title-visibility":"","ast-main-header-display":"","ast-hfb-above-header-display":"","ast-hfb-below-header-display":"","ast-hfb-mobile-header-display":"","site-post-title":"","ast-breadcrumbs-content":"","ast-featured-img":"","footer-sml-layout":"","ast-disable-related-posts":"","theme-transparent-header-meta":"default","adv-header-id-meta":"","stick-header-meta":"default","header-above-stick-meta":"","header-main-stick-meta":"","header-below-stick-meta":"","astra-migrate-meta-layouts":"set","ast-page-background-enabled":"default","ast-page-background-meta":{"desktop":{"background-color":"","background-image":"","background-repeat":"repeat","background-position":"center center","background-size":"auto","background-attachment":"scroll","background-type":"","background-media":"","overlay-type":"","overlay-color":"","overlay-opacity":"","overlay-gradient":""},"tablet":{"background-color":"","background-image":"","background-repeat":"repeat","background-position":"center center","background-size":"auto","background-attachment":"scroll","background-type":"","background-media":"","overlay-type":"","overlay-color":"","overlay-opacity":"","overlay-gradient":""},"mobile":{"background-color":"","background-image":"","background-repeat":"repeat","background-position":"center center","background-size":"auto","background-attachment":"scroll","background-type":"","background-media":"","overlay-type":"","overlay-color":"","overlay-opacity":"","overlay-gradient":""}},"ast-content-background-meta":{"desktop":{"background-color":"var(--ast-global-color-5)","background-image":"","background-repeat":"repeat","background-position":"center center","background-size":"auto","background-attachment":"scroll","background-type":"","background-media":"","overlay-type":"","overlay-color":"","overlay-opacity":"","overlay-gradient":""},"tablet":{"background-color":"var(--ast-global-color-5)","background-image":"","background-repeat":"repeat","background-position":"center center","background-size":"auto","background-attachment":"scroll","background-type":"","background-media":"","overlay-type":"","overlay-color":"","overlay-opacity":"","overlay-gradient":""},"mobile":{"background-color":"var(--ast-global-color-5)","background-image":"","background-repeat":"repeat","background-position":"center center","background-size":"auto","background-attachment":"scroll","background-type":"","background-media":"","overlay-type":"","overlay-color":"","overlay-opacity":"","overlay-gradient":""}}},"product_brand":[],"product_cat":[55],"product_tag":[60],"class_list":{"0":"post-2928","1":"product","2":"type-product","3":"status-publish","4":"has-post-thumbnail","6":"product_cat-free-weight-training","7":"product_tag-dumbbell","8":"desktop-align-left","9":"tablet-align-left","10":"mobile-align-left","12":"first","13":"instock","14":"shipping-taxable","15":"purchasable","16":"product-type-simple"},"_links":{"self":[{"href":"https:\/\/alexathletics1982.com\/vi\/wp-json\/wp\/v2\/product\/2928","targetHints":{"allow":["GET"]}}],"collection":[{"href":"https:\/\/alexathletics1982.com\/vi\/wp-json\/wp\/v2\/product"}],"about":[{"href":"https:\/\/alexathletics1982.com\/vi\/wp-json\/wp\/v2\/types\/product"}],"replies":[{"embeddable":true,"href":"https:\/\/alexathletics1982.com\/vi\/wp-json\/wp\/v2\/comments?post=2928"}],"wp:featuredmedia":[{"embeddable":true,"href":"https:\/\/alexathletics1982.com\/vi\/wp-json\/wp\/v2\/media\/3484"}],"wp:attachment":[{"href":"https:\/\/alexathletics1982.com\/vi\/wp-json\/wp\/v2\/media?parent=2928"}],"wp:term":[{"taxonomy":"product_brand","embeddable":true,"href":"https:\/\/alexathletics1982.com\/vi\/wp-json\/wp\/v2\/product_brand?post=2928"},{"taxonomy":"product_cat","embeddable":true,"href":"https:\/\/alexathletics1982.com\/vi\/wp-json\/wp\/v2\/product_cat?post=2928"},{"taxonomy":"product_tag","embeddable":true,"href":"https:\/\/alexathletics1982.com\/vi\/wp-json\/wp\/v2\/product_tag?post=2928"}],"curies":[{"name":"wp","href":"https:\/\/api.w.org\/{rel}","templated":true}]}}