{"id":2934,"date":"2026-01-23T20:20:40","date_gmt":"2026-01-23T12:20:40","guid":{"rendered":"https:\/\/alexathletics1982.com\/?post_type=product&#038;p=2934"},"modified":"2026-04-08T23:38:56","modified_gmt":"2026-04-08T15:38:56","slug":"ta-hinh-luc-giac-chu-noi-braille-c4","status":"publish","type":"product","link":"https:\/\/alexathletics1982.com\/vi\/hexagon-braille-dumbbell-c4\/","title":{"rendered":"T\u1ea1 h\u00ecnh l\u1ee5c gi\u00e1c ch\u1eef n\u1ed5i Braille - C4"},"content":{"rendered":"<h2>S\u1ee9c m\u1ea1nh cho m\u1ecdi ng\u01b0\u1eddi: T\u1ea1 tay ch\u1eef n\u1ed5i h\u00ecnh l\u1ee5c gi\u00e1c (C4)<\/h2>\n<p>S\u1ee9c m\u1ea1nh \u0111\u00edch th\u1ef1c n\u00ean \u0111\u01b0\u1ee3c d\u00e0nh cho t\u1ea5t c\u1ea3 m\u1ecdi ng\u01b0\u1eddi. T\u1ea1 tay Braille Hexagon (C4) c\u1ee7a Alex Athletics l\u00e0 m\u1ed9t b\u01b0\u1edbc \u0111\u1ed9t ph\u00e1 ti\u00ean phong trong thi\u1ebft k\u1ebf th\u1ec3 d\u1ee5c th\u1ec3 thao h\u00f2a nh\u1eadp. Nh\u1eadn th\u1ee9c \u0111\u01b0\u1ee3c r\u1eb1ng ph\u00f2ng t\u1eadp c\u00f3 th\u1ec3 l\u00e0 m\u1ed9t m\u00f4i tr\u01b0\u1eddng kh\u00f3 di chuy\u1ec3n \u0111\u1ed1i v\u1edbi c\u00e1c v\u1eadn \u0111\u1ed9ng vi\u00ean khi\u1ebfm th\u1ecb, Alex \u0111\u00e3 t\u00edch h\u1ee3p H\u1ec7 th\u1ed1ng \u0111\u00e1nh d\u1ea5u tr\u1ecdng l\u01b0\u1ee3ng b\u1eb1ng ch\u1eef Braille x\u00fac gi\u00e1c tr\u1ef1c ti\u1ebfp v\u00e0o ph\u1ea7n \u0111\u1ea7u cao su c\u1ee7a nh\u1eefng chi\u1ebfc t\u1ea1 n\u00e0y. M\u1ed7i qu\u1ea3 t\u1ea1 hi\u1ec3n th\u1ecb tr\u1ecdng l\u01b0\u1ee3ng c\u1ee7a m\u00ecnh b\u1eb1ng c\u1ea3 ch\u1eef s\u1ed1 l\u1edbn, t\u01b0\u01a1ng ph\u1ea3n cao v\u00e0 c\u00e1c ch\u1ea5m ch\u1eef n\u1ed5i Braille. T\u00ednh n\u0103ng \u0111\u01a1n gi\u1ea3n nh\u01b0ng \u00fd ngh\u0129a s\u00e2u s\u1eafc n\u00e0y gi\u00fap ng\u01b0\u1eddi d\u00f9ng c\u00f3 th\u1ecb l\u1ef1c k\u00e9m c\u00f3 th\u1ec3 t\u1ef1 ch\u1ecdn t\u1ea1 m\u1ed9t c\u00e1ch \u0111\u1ed9c l\u1eadp v\u00e0 t\u1ef1 tin, t\u1ea1o ra m\u1ed9t m\u00f4i tr\u01b0\u1eddng t\u1eadp luy\u1ec7n th\u1ef1c s\u1ef1 h\u00f2a nh\u1eadp. S\u1ea3n ph\u1ea9m n\u00e0y th\u1ec3 hi\u1ec7n ni\u1ec1m tin r\u1eb1ng c\u00e1c r\u00e0o c\u1ea3n \u0111\u1ed1i v\u1edbi s\u1ee9c kh\u1ecfe v\u00e0 th\u1ec3 ch\u1ea5t c\u1ea7n \u0111\u01b0\u1ee3c x\u00f3a b\u1ecf.<\/p>\n<p>Ngo\u00e0i t\u00e1c \u0111\u1ed9ng x\u00e3 h\u1ed9i, C4 c\u00f2n l\u00e0 m\u1ed9t chi\u1ebfc t\u1ea1 \u0111\u01a1n th\u01b0\u01a1ng m\u1ea1i hi\u1ec7u su\u1ea5t cao. S\u1ea3n ph\u1ea9m gi\u1eef nguy\u00ean h\u00ecnh d\u1ea1ng \u201cl\u1ee5c gi\u00e1c\u201d \u1ed5n \u0111\u1ecbnh, gi\u00fap ng\u0103n ng\u1eeba vi\u1ec7c l\u0103n tr\u01b0\u1ee3t v\u00e0 h\u1ed7 tr\u1ee3 c\u00e1c b\u00e0i t\u1eadp tr\u00ean s\u00e0n. Ph\u1ea7n \u0111\u1ea7u t\u1ea1 \u0111\u01b0\u1ee3c b\u1ecdc cao su cao c\u1ea5p \u0111\u1ec3 h\u1ea5p th\u1ee5 ch\u1ea5n \u0111\u1ed9ng v\u00e0 gi\u1ea3m ti\u1ebfng \u1ed3n. Tay c\u1ea7m l\u00e0 m\u1ed9t tr\u1ee5c m\u1ea1 cr\u00f4m \u0111\u01b0\u1ee3c ch\u1ebf t\u1ea1o ch\u00ednh x\u00e1c v\u1edbi c\u00e1c v\u00e2n ch\u1ed1ng tr\u01b0\u1ee3t ti\u1ec7n d\u1ee5ng, \u0111\u1ea3m b\u1ea3o \u0111\u1ed9 b\u00e1m ch\u1eafc ch\u1eafn v\u00e0 an to\u00e0n cho t\u1ea5t c\u1ea3 ng\u01b0\u1eddi d\u00f9ng. C\u1ea5u tr\u00fac b\u00ean trong c\u00f3 l\u00f5i b\u1eb1ng gang \u0111\u00fac ch\u1eafc ch\u1eafn \u0111\u1ec3 \u0111\u1ea3m b\u1ea3o s\u1ef1 c\u00e2n b\u1eb1ng \u1ed5n \u0111\u1ecbnh. Cho d\u00f9 b\u1ea1n l\u00e0 m\u1ed9t v\u1eadn \u0111\u1ed9ng vi\u00ean th\u00edch \u1ee9ng, ch\u1ee7 ph\u00f2ng t\u1eadp th\u1ec3 d\u1ee5c cam k\u1ebft v\u1edbi s\u1ef1 h\u00f2a nh\u1eadp, hay \u0111\u01a1n gi\u1ea3n l\u00e0 m\u1ed9t v\u1eadn \u0111\u1ed9ng vi\u00ean c\u1eed t\u1ea1 coi tr\u1ecdng thi\u1ebft k\u1ebf th\u00f4ng minh, T\u1ea1 Braille l\u00e0 bi\u1ec3u t\u01b0\u1ee3ng c\u1ee7a hi\u1ec7u su\u1ea5t c\u00f3 m\u1ee5c \u0111\u00edch.<\/p>\n<h3>1. Nh\u1eadn d\u1ea1ng ch\u1eef n\u1ed5i d\u00e0nh cho m\u1ecdi \u0111\u1ed1i t\u01b0\u1ee3ng<\/h3>\n<p>\u0110\u00e2y l\u00e0 \u0111i\u1ec3m n\u1ed5i b\u1eadt nh\u1ea5t. Vi\u1ec7c t\u00edch h\u1ee3p ch\u1eef n\u1ed5i Braille gi\u00fap ng\u01b0\u1eddi d\u00f9ng khi\u1ebfm th\u1ecb c\u00f3 th\u1ec3 x\u00e1c \u0111\u1ecbnh tr\u1ecdng l\u01b0\u1ee3ng ngay l\u1eadp t\u1ee9c ch\u1ec9 b\u1eb1ng c\u00e1ch s\u1edd v\u00e0o. \u0110i\u1ec1u n\u00e0y g\u00f3p ph\u1ea7n t\u0103ng c\u01b0\u1eddng s\u1ef1 t\u1ef1 l\u1eadp v\u00e0 an to\u00e0n, \u0111\u1ed3ng th\u1eddi gi\u00fap h\u1ecd kh\u00f4ng c\u00f2n ph\u1ea3i nh\u1edd ng\u01b0\u1eddi kh\u00e1c gi\u00fap \u0111\u1ee1. \u0110\u1ed1i v\u1edbi c\u00e1c ph\u00f2ng t\u1eadp th\u1ec3 h\u00ecnh th\u01b0\u01a1ng m\u1ea1i, vi\u1ec7c trang b\u1ecb nh\u1eefng chi\u1ebfc t\u1ea1 n\u00e0y s\u1ebd g\u1eedi \u0111i m\u1ed9t th\u00f4ng \u0111i\u1ec7p m\u1ea1nh m\u1ebd v\u1ec1 s\u1ef1 ch\u00e0o \u0111\u00f3n v\u00e0 t\u00ednh th\u00e2n thi\u1ec7n v\u1edbi m\u1ecdi \u0111\u1ed1i t\u01b0\u1ee3ng trong c\u1ed9ng \u0111\u1ed3ng.<\/p>\n<h3>2. Thi\u1ebft k\u1ebf l\u1ee5c gi\u00e1c ch\u1ed1ng l\u1eadt \u1ed5n \u0111\u1ecbnh<\/h3>\n<p>T\u00ednh an to\u00e0n l\u00e0 y\u1ebfu t\u1ed1 quan tr\u1ecdng h\u00e0ng \u0111\u1ea7u. H\u00ecnh d\u1ea1ng s\u00e1u m\u1eb7t gi\u00fap qu\u1ea3 t\u1ea1 lu\u00f4n n\u1eb1m y\u00ean t\u1ea1i v\u1ecb tr\u00ed b\u1ea1n \u0111\u1eb7t. N\u00f3 s\u1ebd kh\u00f4ng l\u0103n tr\u00ean s\u00e0n g\u00e2y nguy c\u01a1 v\u1ea5p ng\u00e3 \u2014 m\u1ed9t t\u00ednh n\u0103ng an to\u00e0n thi\u1ebft y\u1ebfu d\u00e0nh cho c\u1ea3 v\u1eadn \u0111\u1ed9ng vi\u00ean khi\u1ebfm th\u1ecb l\u1eabn ng\u01b0\u1eddi d\u00f9ng th\u00f4ng th\u01b0\u1eddng. Ngo\u00e0i ra, thi\u1ebft k\u1ebf n\u00e0y c\u00f2n t\u1ea1o n\u1ec1n t\u1ea3ng v\u1eefng ch\u1eafc cho c\u00e1c b\u00e0i t\u1eadp ch\u1ed1ng \u0111\u1ea9y v\u00e0 plank.<\/p>\n<h3>3. Cao su gi\u1ea3m ti\u1ebfng \u1ed3n cao c\u1ea5p<\/h3>\n<p>L\u1edbp ph\u1ee7 cao su ch\u1ea5t l\u01b0\u1ee3ng cao \u0111\u01b0\u1ee3c thi\u1ebft k\u1ebf \u0111\u1ec3 b\u1ec1n b\u1ec9 theo th\u1eddi gian. L\u1edbp ph\u1ee7 n\u00e0y gi\u00fap gi\u1ea3m ch\u1ea5n khi t\u1ea1 r\u01a1i xu\u1ed1ng, b\u1ea3o v\u1ec7 s\u00e0n nh\u00e0 v\u00e0 gi\u1ea3m ti\u1ebfng \u1ed3n trong ph\u00f2ng t\u1eadp t\u1ea1. N\u00f3 c\u00f3 kh\u1ea3 n\u0103ng ch\u1ed1ng m\u00e0i m\u00f2n v\u00e0 duy tr\u00ec \u0111\u1ed9 r\u00f5 n\u00e9t c\u1ee7a c\u00e1c v\u1ea1ch \u0111\u00e1nh d\u1ea5u c\u1ea3 v\u1ec1 m\u1eb7t th\u1ecb gi\u00e1c l\u1eabn x\u00fac gi\u00e1c sau nhi\u1ec1u n\u0103m s\u1eed d\u1ee5ng.<\/p>\n<h3>4. Tay c\u1ea7m m\u1ea1 cr\u00f4m thi\u1ebft k\u1ebf theo nguy\u00ean t\u1eafc c\u00f4ng th\u00e1i h\u1ecdc<\/h3>\n<p>Kh\u1ea3 n\u0103ng ki\u1ec3m so\u00e1t l\u00e0 y\u1ebfu t\u1ed1 then ch\u1ed1t. Tay c\u1ea7m c\u00f3 thi\u1ebft k\u1ebf u\u1ed1n cong v\u1eeba v\u1eb7n t\u1ef1 nhi\u00ean v\u1edbi l\u00f2ng b\u00e0n tay. L\u1edbp m\u1ea1 cr\u00f4m gi\u00fap ch\u1ed1ng \u0103n m\u00f2n, trong khi b\u1ec1 m\u1eb7t g\u00e2n n\u1ed5i t\u1ea1o \u0111\u1ed9 b\u00e1m ch\u1eafc ch\u1eafn, ch\u1ed1ng tr\u01b0\u1ee3t. C\u1ea3m gi\u00e1c ti\u1ebfp x\u00fac n\u00e0y r\u1ea5t quan tr\u1ecdng \u0111\u1ed1i v\u1edbi kh\u1ea3 n\u0103ng nh\u1eadn th\u1ee9c v\u1ecb tr\u00ed c\u01a1 th\u1ec3 v\u00e0 vi\u1ec7c c\u1ea7m n\u1eafm t\u1ea1 m\u1ed9t c\u00e1ch an to\u00e0n.<\/p>\n<h3>5. \u0110\u1ed9 b\u1ec1n trong \u0111i\u1ec1u ki\u1ec7n th\u01b0\u01a1ng m\u1ea1i<\/h3>\n<p>\u201cThi\u1ebft k\u1ebf th\u00e2n thi\u1ec7n v\u1edbi m\u1ecdi \u0111\u1ed1i t\u01b0\u1ee3ng\u201d kh\u00f4ng c\u00f3 ngh\u0129a l\u00e0 d\u1ec5 v\u1ee1. Nh\u1eefng s\u1ea3n ph\u1ea9m n\u00e0y \u0111\u01b0\u1ee3c s\u1ea3n xu\u1ea5t theo ti\u00eau chu\u1ea9n th\u01b0\u01a1ng m\u1ea1i. Ph\u1ea7n \u0111\u1ea7u t\u1ea1 \u0111\u01b0\u1ee3c g\u1eafn ch\u1eafc ch\u1eafn v\u00e0o tay c\u1ea7m, v\u00e0 v\u1eadt li\u1ec7u \u0111\u01b0\u1ee3c l\u1ef1a ch\u1ecdn \u0111\u1ec3 ch\u1ecbu \u0111\u01b0\u1ee3c c\u01b0\u1eddng \u0111\u1ed9 s\u1eed d\u1ee5ng cao. Ch\u00fang mang l\u1ea1i \u0111\u1ed9 b\u1ec1n v\u00e0 \u0111\u1ed9 tin c\u1eady t\u01b0\u01a1ng t\u1ef1 nh\u01b0 c\u00e1c lo\u1ea1i t\u1ea1 l\u1ee5c gi\u00e1c th\u01b0\u01a1ng m\u1ea1i ti\u00eau chu\u1ea9n, \u0111\u1ed3ng th\u1eddi mang l\u1ea1i gi\u00e1 tr\u1ecb x\u00e3 h\u1ed9i cao h\u01a1n.<\/p>\n<h3>\u0110\u1ed1i t\u01b0\u1ee3ng d\u00e0nh cho ai?<\/h3>\n<ul style=\"list-style-position: inside; padding-left: 0;\">\n<li>C\u00e1c ph\u00f2ng t\u1eadp th\u1ec3 d\u1ee5c v\u00e0 trung t\u00e2m c\u1ed9ng \u0111\u1ed3ng m\u1edf c\u1eeda cho m\u1ecdi ng\u01b0\u1eddi.<\/li>\n<li>C\u00e1c v\u1eadn \u0111\u1ed9ng vi\u00ean khuy\u1ebft t\u1eadt v\u00e0 c\u00e1c v\u1eadn \u0111\u1ed9ng vi\u00ean c\u1eed t\u1ea1 khi\u1ebfm th\u1ecb.<\/li>\n<li>C\u00e1c c\u01a1 s\u1edf th\u01b0\u01a1ng m\u1ea1i ti\u00ean ti\u1ebfn.<\/li>\n<li>C\u00e1c trung t\u00e2m v\u00e0 ph\u00f2ng kh\u00e1m ph\u1ee5c h\u1ed3i ch\u1ee9c n\u0103ng.<\/li>\n<li>B\u1ea5t k\u1ef3 ai coi tr\u1ecdng c\u00e1c nguy\u00ean t\u1eafc thi\u1ebft k\u1ebf ph\u1ed5 qu\u00e1t.<\/li>\n<\/ul>\n<h3>Th\u00f4ng s\u1ed1 k\u1ef9 thu\u1eadt s\u1ea3n ph\u1ea9m<\/h3>\n<table border=\"1\" width=\"100%\" cellspacing=\"0\" cellpadding=\"5\">\n<tbody>\n<tr>\n<td><strong>M\u1eabu<\/strong><\/td>\n<td>W03AB001 (C4)<\/td>\n<\/tr>\n<tr>\n<td><strong>T\u00ednh n\u0103ng<\/strong><\/td>\n<td>D\u1ea5u hi\u1ec7u tr\u1ecdng l\u01b0\u1ee3ng b\u1eb1ng ch\u1eef Braille<\/td>\n<\/tr>\n<tr>\n<td><strong>H\u00ecnh d\u1ea1ng<\/strong><\/td>\n<td>H\u00ecnh l\u1ee5c gi\u00e1c (Ch\u1ed1ng l\u1eadt)<\/td>\n<\/tr>\n<tr>\n<td><strong>Ch\u1ea5t li\u1ec7u<\/strong><\/td>\n<td>Cao su, gang, cr\u00f4m<\/td>\n<\/tr>\n<tr>\n<td><strong>Tr\u1ecdng l\u01b0\u1ee3ng<\/strong><\/td>\n<td>1\u201350 kg (B\u01b0\u1edbc nh\u1ea3y ti\u00eau chu\u1ea9n)<\/td>\n<\/tr>\n<\/tbody>\n<\/table>","protected":false},"excerpt":{"rendered":"<p>T\u1ea1 t\u1ea1 h\u00ecnh l\u1ee5c gi\u00e1c c\u00f3 ch\u1eef n\u1ed5i Braille c\u1ee7a Alex Athletics l\u00e0 m\u1ed9t b\u01b0\u1edbc \u0111\u1ed9t ph\u00e1 trong l\u0129nh v\u1ef1c th\u1ec3 d\u1ee5c th\u1ec3 thao h\u00f2a nh\u1eadp. V\u1edbi c\u00e1c v\u1ea1ch chia tr\u1ecdng l\u01b0\u1ee3ng b\u1eb1ng ch\u1eef n\u1ed5i Braille \u0111\u01b0\u1ee3c t\u00edch h\u1ee3p song song v\u1edbi c\u00e1c con s\u1ed1 ti\u00eau chu\u1ea9n, s\u1ea3n ph\u1ea9m n\u00e0y gi\u00fap c\u00e1c v\u1eadn \u0111\u1ed9ng vi\u00ean khi\u1ebfm th\u1ecb c\u00f3 th\u1ec3 t\u1eadp luy\u1ec7n m\u1ed9t c\u00e1ch \u0111\u1ed9c l\u1eadp v\u00e0 t\u1ef1 tin. \u0110\u01b0\u1ee3c ch\u1ebf t\u1ea1o tr\u00ean khung h\u00ecnh l\u1ee5c gi\u00e1c v\u1eefng ch\u1eafc gi\u00fap ch\u1ed1ng l\u0103n, s\u1ea3n ph\u1ea9m s\u1eed d\u1ee5ng cao su cao c\u1ea5p \u0111\u1ec3 \u0111\u1ea3m b\u1ea3o \u0111\u1ed9 b\u1ec1n v\u00e0 b\u1ea3o v\u1ec7 s\u00e0n nh\u00e0. V\u1edbi tay c\u1ea7m c\u00f3 r\u00e3nh m\u1ea1 cr\u00f4m ch\u1eafc ch\u1eafn v\u00e0 c\u1ea5u tr\u00fac \u0111\u1ea1t ti\u00eau chu\u1ea9n th\u01b0\u01a1ng m\u1ea1i, s\u1ea3n ph\u1ea9m mang l\u1ea1i hi\u1ec7u su\u1ea5t \u0111\u1ec9nh cao \u0111\u1ed3ng th\u1eddi \u0111\u1ea3m b\u1ea3o r\u1eb1ng m\u1ecdi ng\u01b0\u1eddi \u0111\u1ec1u c\u00f3 th\u1ec3 ti\u1ebfp c\u1eadn v\u1edbi vi\u1ec7c t\u1eadp luy\u1ec7n s\u1ee9c m\u1ea1nh.<\/p>","protected":false},"featured_media":3332,"comment_status":"open","ping_status":"closed","template":"","meta":{"inline_featured_image":false,"site-sidebar-layout":"default","site-content-layout":"","ast-site-content-layout":"default","site-content-style":"default","site-sidebar-style":"default","ast-global-header-display":"","ast-banner-title-visibility":"","ast-main-header-display":"","ast-hfb-above-header-display":"","ast-hfb-below-header-display":"","ast-hfb-mobile-header-display":"","site-post-title":"","ast-breadcrumbs-content":"","ast-featured-img":"","footer-sml-layout":"","ast-disable-related-posts":"","theme-transparent-header-meta":"default","adv-header-id-meta":"","stick-header-meta":"default","header-above-stick-meta":"","header-main-stick-meta":"","header-below-stick-meta":"","astra-migrate-meta-layouts":"set","ast-page-background-enabled":"default","ast-page-background-meta":{"desktop":{"background-color":"","background-image":"","background-repeat":"repeat","background-position":"center center","background-size":"auto","background-attachment":"scroll","background-type":"","background-media":"","overlay-type":"","overlay-color":"","overlay-opacity":"","overlay-gradient":""},"tablet":{"background-color":"","background-image":"","background-repeat":"repeat","background-position":"center center","background-size":"auto","background-attachment":"scroll","background-type":"","background-media":"","overlay-type":"","overlay-color":"","overlay-opacity":"","overlay-gradient":""},"mobile":{"background-color":"","background-image":"","background-repeat":"repeat","background-position":"center center","background-size":"auto","background-attachment":"scroll","background-type":"","background-media":"","overlay-type":"","overlay-color":"","overlay-opacity":"","overlay-gradient":""}},"ast-content-background-meta":{"desktop":{"background-color":"var(--ast-global-color-5)","background-image":"","background-repeat":"repeat","background-position":"center center","background-size":"auto","background-attachment":"scroll","background-type":"","background-media":"","overlay-type":"","overlay-color":"","overlay-opacity":"","overlay-gradient":""},"tablet":{"background-color":"var(--ast-global-color-5)","background-image":"","background-repeat":"repeat","background-position":"center center","background-size":"auto","background-attachment":"scroll","background-type":"","background-media":"","overlay-type":"","overlay-color":"","overlay-opacity":"","overlay-gradient":""},"mobile":{"background-color":"var(--ast-global-color-5)","background-image":"","background-repeat":"repeat","background-position":"center center","background-size":"auto","background-attachment":"scroll","background-type":"","background-media":"","overlay-type":"","overlay-color":"","overlay-opacity":"","overlay-gradient":""}}},"product_brand":[],"product_cat":[55],"product_tag":[60],"class_list":{"0":"post-2934","1":"product","2":"type-product","3":"status-publish","4":"has-post-thumbnail","6":"product_cat-free-weight-training","7":"product_tag-dumbbell","8":"desktop-align-left","9":"tablet-align-left","10":"mobile-align-left","12":"first","13":"instock","14":"shipping-taxable","15":"purchasable","16":"product-type-simple"},"_links":{"self":[{"href":"https:\/\/alexathletics1982.com\/vi\/wp-json\/wp\/v2\/product\/2934","targetHints":{"allow":["GET"]}}],"collection":[{"href":"https:\/\/alexathletics1982.com\/vi\/wp-json\/wp\/v2\/product"}],"about":[{"href":"https:\/\/alexathletics1982.com\/vi\/wp-json\/wp\/v2\/types\/product"}],"replies":[{"embeddable":true,"href":"https:\/\/alexathletics1982.com\/vi\/wp-json\/wp\/v2\/comments?post=2934"}],"wp:featuredmedia":[{"embeddable":true,"href":"https:\/\/alexathletics1982.com\/vi\/wp-json\/wp\/v2\/media\/3332"}],"wp:attachment":[{"href":"https:\/\/alexathletics1982.com\/vi\/wp-json\/wp\/v2\/media?parent=2934"}],"wp:term":[{"taxonomy":"product_brand","embeddable":true,"href":"https:\/\/alexathletics1982.com\/vi\/wp-json\/wp\/v2\/product_brand?post=2934"},{"taxonomy":"product_cat","embeddable":true,"href":"https:\/\/alexathletics1982.com\/vi\/wp-json\/wp\/v2\/product_cat?post=2934"},{"taxonomy":"product_tag","embeddable":true,"href":"https:\/\/alexathletics1982.com\/vi\/wp-json\/wp\/v2\/product_tag?post=2934"}],"curies":[{"name":"wp","href":"https:\/\/api.w.org\/{rel}","templated":true}]}}