{"id":2940,"date":"2026-01-23T20:20:40","date_gmt":"2026-01-23T12:20:40","guid":{"rendered":"https:\/\/alexathletics1982.com\/?post_type=product&#038;p=2940"},"modified":"2026-04-10T21:16:35","modified_gmt":"2026-04-10T13:16:35","slug":"ta-kettlebell-be-mat-mo-danh-cho-thi-dau-c2","status":"publish","type":"product","link":"https:\/\/alexathletics1982.com\/vi\/competition-matt-finish-kettlebell-c2\/","title":{"rendered":"T\u1ea1 kettlebell b\u1ec1 m\u1eb7t m\u1edd d\u00e0nh cho thi \u0111\u1ea5u - C2"},"content":{"rendered":"<h2>Tay c\u1ea7m chi\u1ebfn thu\u1eadt: T\u1ea1 kettlebell b\u1ec1 m\u1eb7t m\u1edd d\u00e0nh cho thi \u0111\u1ea5u (C2)<\/h2>\n<p>T\u1ea1 Kettlebell Competition Matte Finish (C2) c\u1ee7a Alex Athletics k\u1ebf th\u1eeba c\u00e1c ti\u00eau chu\u1ea9n chuy\u00ean nghi\u1ec7p t\u1eeb m\u1eabu C1 v\u00e0 b\u1ed5 sung th\u00eam m\u1ed9t n\u00e9t \u0111\u1ed9c \u0111\u00e1o mang t\u00ednh chi\u1ebfn thu\u1eadt v\u00e0 ch\u1ee9c n\u0103ng. Trong khi v\u1eabn gi\u1eef nguy\u00ean c\u00e1c k\u00edch th\u01b0\u1edbc \u0111\u1ed3ng nh\u1ea5t quan tr\u1ecdng (c\u00f9ng k\u00edch th\u01b0\u1edbc cho t\u1ea5t c\u1ea3 c\u00e1c m\u1ee9c t\u1ea1) gi\u00fap \u0111\u1ea3m b\u1ea3o k\u1ef9 thu\u1eadt t\u1eadp luy\u1ec7n nh\u1ea5t qu\u00e1n, m\u1eabu C2 s\u1edf h\u1eefu th\u00e2n t\u1ea1 \u0111\u01b0\u1ee3c ph\u1ee7 s\u01a1n t\u0129nh \u0111i\u1ec7n m\u1edd. L\u1edbp ho\u00e0n thi\u1ec7n c\u00f3 k\u1ebft c\u1ea5u, kh\u00f4ng ph\u1ea3n chi\u1ebfu n\u00e0y mang l\u1ea1i m\u1ed9t l\u1ee3i th\u1ebf r\u00f5 r\u1ec7t: n\u00f3 t\u1ea1o ra ma s\u00e1t nh\u1eb9 h\u01a1n v\u1edbi c\u01a1 th\u1ec3 (c\u1ee5 th\u1ec3 l\u00e0 \u00e1o thun ho\u1eb7c \u00e1o th\u1ec3 thao) \u1edf v\u1ecb tr\u00ed rack. \u0110\u1ed1i v\u1edbi m\u1ed9t s\u1ed1 v\u1eadn \u0111\u1ed9ng vi\u00ean, \u0111\u1ed9 b\u00e1m n\u00e0y gi\u00fap \u1ed5n \u0111\u1ecbnh qu\u1ea3 t\u1ea1 trong c\u00e1c \u0111\u1ed9ng t\u00e1c gi\u1eef l\u00e2u c\u1ee7a b\u00e0i t\u1eadp Kettlebell Jerk, ng\u0103n ch\u00fang tr\u01b0\u1ee3t khi m\u1ed3 h\u00f4i tr\u1edf th\u00e0nh y\u1ebfu t\u1ed1 \u1ea3nh h\u01b0\u1edfng. N\u00f3 c\u0169ng mang l\u1ea1i v\u1ebb ngo\u00e0i hi\u1ec7n \u0111\u1ea1i, m\u1ea1nh m\u1ebd, \u00edt b\u00e1m v\u00e2n tay v\u00e0 tr\u1ea7y x\u01b0\u1edbc.<\/p>\n<p>Tay c\u1ea7m v\u1eabn l\u00e0 b\u1ed9 ph\u1eadn trung t\u00e2m mang l\u1ea1i hi\u1ec7u su\u1ea5t cao: \u0111\u01b0\u1eddng k\u00ednh \u0111\u1ed3ng nh\u1ea5t, l\u00e0m t\u1eeb th\u00e9p kh\u00f4ng g\u1ec9 (ho\u1eb7c th\u00e9p tr\u1ea7n) ch\u01b0a s\u01a1n, \u0111\u01b0\u1ee3c thi\u1ebft k\u1ebf \u0111\u1ec3 xoay tr\u01a1n tru v\u00e0 gi\u1eef ph\u1ea5n t\u1ed1t h\u01a1n. C2 \u0111\u01b0\u1ee3c c\u00e2n b\u1eb1ng ch\u00ednh x\u00e1c \u0111\u1ec3 \u0111\u1ea3m b\u1ea3o qu\u1ef9 \u0111\u1ea1o bay chu\u1ea9n x\u00e1c cho c\u00e1c \u0111\u1ed9ng t\u00e1c Snatches v\u00e0 Cleans. Gi\u1ed1ng nh\u01b0 phi\u00ean b\u1ea3n b\u00f3ng, n\u00f3 \u0111\u01b0\u1ee3c m\u00e3 h\u00f3a m\u00e0u \u0111\u1ec3 nh\u1eadn bi\u1ebft tr\u1ecdng l\u01b0\u1ee3ng ngay l\u1eadp t\u1ee9c. Vi\u1ec7c l\u1ef1a ch\u1ecdn gi\u1eefa b\u00f3ng v\u00e0 m\u1edd ch\u1ee7 y\u1ebfu l\u00e0 t\u00f9y theo s\u1edf th\u00edch, nh\u01b0ng \u0111\u1ed1i v\u1edbi c\u00e1c v\u1eadn \u0111\u1ed9ng vi\u00ean th\u00edch c\u1ea3m gi\u00e1c c\u1ea7m n\u1eafm t\u1ed1t h\u01a1n v\u00e0 v\u1ebb ngo\u00e0i \u201ck\u00edn \u0111\u00e1o\u201d cho thi\u1ebft b\u1ecb c\u1ee7a m\u00ecnh, C2 m\u1edd l\u00e0 l\u1ef1a ch\u1ecdn v\u01b0\u1ee3t tr\u1ed9i. N\u00f3 mang l\u1ea1i \u0111\u1ed9 b\u1ec1n v\u00e0 s\u1ef1 c\u00e2n b\u1eb1ng \u0111\u1eb3ng c\u1ea5p th\u1ebf gi\u1edbi nh\u01b0 mong \u0111\u1ee3i t\u1eeb m\u1ed9t d\u1ee5ng c\u1ee5 thi \u0111\u1ea5u.<\/p>\n<h3>1. L\u1edbp s\u01a1n t\u0129nh \u0111i\u1ec7n m\u1edd c\u00f3 v\u00e2n<\/h3>\n<p>L\u1edbp s\u01a1n m\u1edd kh\u00f4ng ch\u1ec9 mang t\u00ednh th\u1ea9m m\u1ef9. B\u1ec1 m\u1eb7t c\u00f3 \u0111\u1ed9 nh\u00e1m nh\u1eb9 t\u1ea1o ra ma s\u00e1t l\u1edbn h\u01a1n so v\u1edbi s\u01a1n b\u00f3ng. \u0110i\u1ec1u n\u00e0y c\u00f3 th\u1ec3 gi\u00fap qu\u1ea3 t\u1ea1 kettlebell \u201cb\u00e1m ch\u1eb7t\u201d v\u00e0o \u0111ai n\u00e2ng t\u1ea1 ho\u1eb7c \u00e1o c\u1ee7a b\u1ea1n khi \u1edf t\u01b0 th\u1ebf \u0111\u1eb7t t\u1ea1, t\u1eeb \u0111\u00f3 gi\u00fap ti\u1ebft ki\u1ec7m s\u1ee9c l\u1ef1c trong c\u00e1c giai \u0111o\u1ea1n gi\u1eef t\u0129nh c\u1ee7a b\u00e0i t\u1eadp. Ngo\u00e0i ra, n\u00f3 c\u00f2n mang l\u1ea1i \u0111\u1ed9 b\u00e1m t\u1ed1t h\u01a1n n\u1ebfu b\u1ea1n th\u1ef1c hi\u1ec7n \u0111\u1ed9ng t\u00e1c squat ki\u1ec3u goblet b\u1eb1ng c\u00e1ch c\u1ea7m tr\u1ef1c ti\u1ebfp th\u00e2n qu\u1ea3 t\u1ea1.<\/p>\n<h3>2. C\u00e1c th\u00f4ng s\u1ed1 k\u1ef9 thu\u1eadt nh\u1ea5t qu\u00e1n<\/h3>\n<p>C\u0169ng gi\u1ed1ng nh\u01b0 m\u1eabu C1, m\u1eabu C2 gi\u1eef nguy\u00ean k\u00edch th\u01b0\u1edbc (210x210x288mm) cho c\u00e1c m\u1ee9c t\u1ea1 t\u1eeb 8kg \u0111\u1ebfn 32kg. S\u1ef1 \u0111\u1ed3ng nh\u1ea5t n\u00e0y l\u00e0 y\u1ebfu t\u1ed1 kh\u00f4ng th\u1ec3 thi\u1ebfu \u0111\u1ed1i v\u1edbi vi\u1ec7c t\u1eadp luy\u1ec7n chuy\u00ean nghi\u1ec7p. \u0110i\u1ec1u n\u00e0y \u0111\u1ea3m b\u1ea3o r\u1eb1ng ph\u1ea3n x\u1ea1 c\u01a1 b\u1eafp c\u1ee7a b\u1ea1n trong c\u00e1c \u0111\u1ed9ng t\u00e1c clean, rack v\u00e0 snatch v\u1eabn \u0111\u01b0\u1ee3c duy tr\u00ec hi\u1ec7u qu\u1ea3 b\u1ea5t k\u1ec3 m\u1ee9c t\u1ea1 b\u1ea1n \u0111ang n\u00e2ng l\u00e0 bao nhi\u00eau.<\/p>\n<h3>3. Tay c\u1ea7m chuy\u00ean nghi\u1ec7p ch\u01b0a s\u01a1n<\/h3>\n<p>Tay c\u1ea7m \u0111\u01b0\u1ee3c \u0111\u1ec3 nguy\u00ean b\u1ea3n ho\u1eb7c ph\u1ee7 m\u1ed9t l\u1edbp s\u01a1n trong su\u1ed1t \u0111\u1ec3 t\u1ed1i \u01b0u h\u00f3a \u0111\u1ed9 b\u00e1m d\u00ednh c\u1ee7a ph\u1ea5n. L\u1edbp s\u01a1n tr\u00ean tay c\u1ea7m s\u1ebd tr\u1edf n\u00ean tr\u01a1n tr\u01b0\u1ee3t khi \u01b0\u1edbt; trong khi kim lo\u1ea1i tr\u1ea7n\/th\u00e9p kh\u00f4ng g\u1ec9 s\u1ebd h\u1ea5p th\u1ee5 ph\u1ea5n v\u00e0 mang l\u1ea1i c\u1ea3m gi\u00e1c c\u1ea7m n\u1eafm ch\u1eafc ch\u1eafn, an to\u00e0n m\u00e0 kh\u00f4ng l\u00e0m tr\u1ea7y x\u01b0\u1edbc da. \u0110\u1ed9 d\u00e0y \u0111\u1ed3ng \u0111\u1ec1u \u0111\u1ea3m b\u1ea3o l\u1ef1c c\u1ea7m c\u1ee7a b\u1ea1n \u0111\u01b0\u1ee3c ki\u1ec3m tra m\u1ed9t c\u00e1ch c\u00f4ng b\u1eb1ng \u1edf m\u1ecdi m\u1ee9c t\u1ea1.<\/p>\n<h3>4. Thi\u1ebft k\u1ebf tinh t\u1ebf &amp; \u0110\u1ed9 b\u1ec1n<\/h3>\n<p>L\u1edbp s\u01a1n m\u1edd che gi\u1ea5u v\u1ebft x\u01b0\u1edbc, v\u1ebft ph\u1ea5n v\u00e0 b\u1ee5i t\u1ed1t h\u01a1n so v\u1edbi l\u1edbp s\u01a1n b\u00f3ng. N\u00f3 mang \u0111\u1ebfn cho ph\u00f2ng t\u1eadp m\u1ed9t v\u1ebb ngo\u00e0i hi\u1ec7n \u0111\u1ea1i v\u00e0 m\u1ea1nh m\u1ebd. L\u1edbp s\u01a1n t\u0129nh \u0111i\u1ec7n \u0111\u01b0\u1ee3c nung ch\u00edn, \u0111\u1ea3m b\u1ea3o kh\u00f4ng b\u1ecb bong tr\u00f3c d\u1ec5 d\u00e0ng ngay c\u1ea3 khi c\u00e1c qu\u1ea3 t\u1ea1 va ch\u1ea1m v\u00e0o nhau trong c\u00e1c b\u00e0i t\u1eadp v\u1edbi hai qu\u1ea3 t\u1ea1 kettlebell.<\/p>\n<h3>5. H\u1ec7 th\u1ed1ng m\u00e3 m\u00e0u ti\u00eau chu\u1ea9n<\/h3>\n<p>M\u1eb7c d\u00f9 c\u00f3 b\u1ec1 m\u1eb7t m\u1edd, nh\u1eefng chi\u1ebfc chu\u00f4ng n\u00e0y v\u1eabn gi\u1eef nguy\u00ean b\u1ea3ng m\u00e0u ti\u00eau chu\u1ea9n d\u00e0nh cho thi \u0111\u1ea5u (H\u1ed3ng, Xanh d\u01b0\u01a1ng, V\u00e0ng, T\u00edm, Xanh l\u00e1, \u0110\u1ecf). \u0110i\u1ec1u n\u00e0y \u0111\u1ea3m b\u1ea3o ch\u00fang tu\u00e2n th\u1ee7 c\u00e1c quy \u0111\u1ecbnh thi \u0111\u1ea5u v\u00e0 d\u1ec5 d\u00e0ng s\u1eafp x\u1ebfp. C\u00e1c m\u00e0u s\u1eafc r\u1ef1c r\u1ee1 v\u00e0 d\u1ec5 ph\u00e2n bi\u1ec7t.<\/p>\n<h3>\u0110\u1ed1i t\u01b0\u1ee3ng d\u00e0nh cho ai?<\/h3>\n<ul style=\"list-style-position: inside; padding-left: 0;\">\n<li>Nh\u1eefng ng\u01b0\u1eddi t\u1eadp t\u1ea1 \u01b0a th\u00edch c\u1ea3m gi\u00e1c b\u1ec1 m\u1eb7t nh\u00e1m h\u01a1n l\u00e0 b\u1ec1 m\u1eb7t b\u00f3ng m\u1ecbn.<\/li>\n<li>C\u00e1c v\u1eadn \u0111\u1ed9ng vi\u00ean thi \u0111\u1ea5u m\u00f4n t\u1ea1 kettlebell.<\/li>\n<li>C\u00e1c v\u1eadn \u0111\u1ed9ng vi\u00ean ra m\u1ed3 h\u00f4i nhi\u1ec1u v\u00e0 c\u1ea7n gi\u00e1 \u0111\u1ee1 \u1ed5n \u0111\u1ecbnh h\u01a1n.<\/li>\n<li>B\u1ea5t k\u1ef3 ai th\u1ef1c s\u1ef1 nghi\u00eam t\u00fac v\u1edbi vi\u1ec7c t\u1eadp luy\u1ec7n v\u1edbi t\u1ea1 kettlebell.<\/li>\n<\/ul>\n<h3>Th\u00f4ng s\u1ed1 k\u1ef9 thu\u1eadt s\u1ea3n ph\u1ea9m<\/h3>\n<table border=\"1\" width=\"100%\" cellspacing=\"0\" cellpadding=\"5\">\n<tbody>\n<tr>\n<td><strong>M\u1eabu<\/strong><\/td>\n<td>W04BD015<\/td>\n<\/tr>\n<tr>\n<td><strong>Ch\u1ea5t li\u1ec7u<\/strong><\/td>\n<td>Th\u00e2n b\u1eb1ng th\u00e9p, tay c\u1ea7m b\u1eb1ng th\u00e9p kh\u00f4ng g\u1ec9<\/td>\n<\/tr>\n<tr>\n<td><strong>Ho\u00e0n th\u00e0nh<\/strong><\/td>\n<td>S\u01a1n t\u0129nh \u0111i\u1ec7n m\u1edd<\/td>\n<\/tr>\n<tr>\n<td><strong>T\u00ednh n\u0103ng<\/strong><\/td>\n<td>C\u1ea5u tr\u00fac b\u1ec1 m\u1eb7t c\u01a1 th\u1ec3<\/td>\n<\/tr>\n<tr>\n<td><strong>K\u00edch th\u01b0\u1edbc<\/strong><\/td>\n<td>\u0110\u1ed3ng ph\u1ee5c (Ti\u00eau chu\u1ea9n thi \u0111\u1ea5u)<\/td>\n<\/tr>\n<\/tbody>\n<\/table>","protected":false},"excerpt":{"rendered":"<p>T\u1ea1 Kettlebell b\u1ec1 m\u1eb7t m\u1edd Competition (C2) c\u1ee7a Alex Athletics k\u1ebft h\u1ee3p s\u1ef1 \u0111\u1ed3ng nh\u1ea5t chuy\u00ean nghi\u1ec7p v\u1edbi b\u1ec1 m\u1eb7t c\u00f3 k\u1ebft c\u1ea5u ch\u1ee9c n\u0103ng. V\u1edbi k\u00edch th\u01b0\u1edbc \u0111\u1ed3ng nh\u1ea5t tr\u00ean t\u1ea5t c\u1ea3 c\u00e1c m\u1ee9c tr\u1ecdng l\u01b0\u1ee3ng \u0111\u1ec3 gi\u00fap ng\u01b0\u1eddi t\u1eadp l\u00e0m ch\u1ee7 k\u1ef9 thu\u1eadt, m\u1eabu t\u1ea1 n\u00e0y \u0111\u01b0\u1ee3c ph\u1ee7 l\u1edbp s\u01a1n t\u0129nh \u0111i\u1ec7n m\u1edd gi\u00fap t\u0103ng c\u01b0\u1eddng \u0111\u1ed9 \u1ed5n \u0111\u1ecbnh khi \u0111\u1eb7t t\u1ea1 tr\u00ean gi\u00e1 b\u1eb1ng c\u00e1ch gi\u1ea3m tr\u01b0\u1ee3t. Tay c\u1ea7m b\u1eb1ng th\u00e9p kh\u00f4ng g\u1ec9 kh\u00f4ng s\u01a1n \u0111\u1ea3m b\u1ea3o kh\u1ea3 n\u0103ng b\u00e1m ph\u1ea5n t\u1ed1i \u01b0u v\u00e0 xoay tr\u01a1n tru. V\u1edbi m\u00e3 m\u00e0u IWF v\u00e0 thi\u1ebft k\u1ebf hi\u1ec7n \u0111\u1ea1i, tinh t\u1ebf, \u0111\u00e2y l\u00e0 d\u1ee5ng c\u1ee5 \u0111\u01b0\u1ee3c \u01b0a chu\u1ed9ng c\u1ee7a c\u00e1c v\u1eadn \u0111\u1ed9ng vi\u00ean y\u00eau c\u1ea7u ph\u1ea3n h\u1ed3i x\u00fac gi\u00e1c v\u00e0 hi\u1ec7u su\u1ea5t ch\u00ednh x\u00e1c.<\/p>","protected":false},"featured_media":3275,"comment_status":"open","ping_status":"closed","template":"","meta":{"inline_featured_image":false,"site-sidebar-layout":"default","site-content-layout":"","ast-site-content-layout":"default","site-content-style":"default","site-sidebar-style":"default","ast-global-header-display":"","ast-banner-title-visibility":"","ast-main-header-display":"","ast-hfb-above-header-display":"","ast-hfb-below-header-display":"","ast-hfb-mobile-header-display":"","site-post-title":"","ast-breadcrumbs-content":"","ast-featured-img":"","footer-sml-layout":"","ast-disable-related-posts":"","theme-transparent-header-meta":"default","adv-header-id-meta":"","stick-header-meta":"default","header-above-stick-meta":"","header-main-stick-meta":"","header-below-stick-meta":"","astra-migrate-meta-layouts":"set","ast-page-background-enabled":"default","ast-page-background-meta":{"desktop":{"background-color":"","background-image":"","background-repeat":"repeat","background-position":"center center","background-size":"auto","background-attachment":"scroll","background-type":"","background-media":"","overlay-type":"","overlay-color":"","overlay-opacity":"","overlay-gradient":""},"tablet":{"background-color":"","background-image":"","background-repeat":"repeat","background-position":"center center","background-size":"auto","background-attachment":"scroll","background-type":"","background-media":"","overlay-type":"","overlay-color":"","overlay-opacity":"","overlay-gradient":""},"mobile":{"background-color":"","background-image":"","background-repeat":"repeat","background-position":"center center","background-size":"auto","background-attachment":"scroll","background-type":"","background-media":"","overlay-type":"","overlay-color":"","overlay-opacity":"","overlay-gradient":""}},"ast-content-background-meta":{"desktop":{"background-color":"var(--ast-global-color-5)","background-image":"","background-repeat":"repeat","background-position":"center center","background-size":"auto","background-attachment":"scroll","background-type":"","background-media":"","overlay-type":"","overlay-color":"","overlay-opacity":"","overlay-gradient":""},"tablet":{"background-color":"var(--ast-global-color-5)","background-image":"","background-repeat":"repeat","background-position":"center center","background-size":"auto","background-attachment":"scroll","background-type":"","background-media":"","overlay-type":"","overlay-color":"","overlay-opacity":"","overlay-gradient":""},"mobile":{"background-color":"var(--ast-global-color-5)","background-image":"","background-repeat":"repeat","background-position":"center center","background-size":"auto","background-attachment":"scroll","background-type":"","background-media":"","overlay-type":"","overlay-color":"","overlay-opacity":"","overlay-gradient":""}}},"product_brand":[],"product_cat":[55],"product_tag":[61],"class_list":{"0":"post-2940","1":"product","2":"type-product","3":"status-publish","4":"has-post-thumbnail","6":"product_cat-free-weight-training","7":"product_tag-kettlebell","8":"desktop-align-left","9":"tablet-align-left","10":"mobile-align-left","12":"first","13":"instock","14":"shipping-taxable","15":"purchasable","16":"product-type-simple"},"_links":{"self":[{"href":"https:\/\/alexathletics1982.com\/vi\/wp-json\/wp\/v2\/product\/2940","targetHints":{"allow":["GET"]}}],"collection":[{"href":"https:\/\/alexathletics1982.com\/vi\/wp-json\/wp\/v2\/product"}],"about":[{"href":"https:\/\/alexathletics1982.com\/vi\/wp-json\/wp\/v2\/types\/product"}],"replies":[{"embeddable":true,"href":"https:\/\/alexathletics1982.com\/vi\/wp-json\/wp\/v2\/comments?post=2940"}],"wp:featuredmedia":[{"embeddable":true,"href":"https:\/\/alexathletics1982.com\/vi\/wp-json\/wp\/v2\/media\/3275"}],"wp:attachment":[{"href":"https:\/\/alexathletics1982.com\/vi\/wp-json\/wp\/v2\/media?parent=2940"}],"wp:term":[{"taxonomy":"product_brand","embeddable":true,"href":"https:\/\/alexathletics1982.com\/vi\/wp-json\/wp\/v2\/product_brand?post=2940"},{"taxonomy":"product_cat","embeddable":true,"href":"https:\/\/alexathletics1982.com\/vi\/wp-json\/wp\/v2\/product_cat?post=2940"},{"taxonomy":"product_tag","embeddable":true,"href":"https:\/\/alexathletics1982.com\/vi\/wp-json\/wp\/v2\/product_tag?post=2940"}],"curies":[{"name":"wp","href":"https:\/\/api.w.org\/{rel}","templated":true}]}}