{"id":2941,"date":"2026-01-23T20:20:40","date_gmt":"2026-01-23T12:20:40","guid":{"rendered":"https:\/\/alexathletics1982.com\/?post_type=product&#038;p=2941"},"modified":"2026-04-10T13:19:10","modified_gmt":"2026-04-10T05:19:10","slug":"ta-kettlebell-nua-bang-neoprene","status":"publish","type":"product","link":"https:\/\/alexathletics1982.com\/vi\/half-neoprene-kettlebell\/","title":{"rendered":"T\u1ea1 kettlebell n\u1eeda neoprene"},"content":{"rendered":"<h2>S\u1ee9c m\u1ea1nh an to\u00e0n cho s\u00e0n: T\u1ea1 kettlebell n\u1eeda neoprene<\/h2>\n<p>\u0110\u1ed1i v\u1edbi c\u00e1c ph\u00f2ng t\u1eadp t\u1ea1i nh\u00e0 v\u00e0 ph\u00f2ng t\u1eadp chuy\u00ean nghi\u1ec7p c\u00f3 s\u00e0n nh\u00e0 d\u1ec5 b\u1ecb h\u01b0 h\u1ea1i, qu\u1ea3 t\u1ea1 Kettlebell Half Neoprene c\u1ee7a Alex Athletics l\u00e0 s\u1ef1 k\u1ebft h\u1ee3p ho\u00e0n h\u1ea3o gi\u1eefa hi\u1ec7u su\u1ea5t cao v\u00e0 kh\u1ea3 n\u0103ng b\u1ea3o v\u1ec7 n\u1ed9i th\u1ea5t. Qu\u1ea3 t\u1ea1 n\u00e0y c\u00f3 l\u00f5i b\u1eb1ng gang \u0111\u00fac ch\u1eafc ch\u1eafn \u0111\u1ec3 \u0111\u1ea3m b\u1ea3o \u0111\u1ed9 \u0111\u1eb7c v\u00e0 c\u00e2n b\u1eb1ng, nh\u01b0ng n\u1eeda d\u01b0\u1edbi \u0111\u01b0\u1ee3c ph\u1ee7 m\u1ed9t l\u1edbp Neoprene d\u00e0y v\u00e0 b\u1ec1n. L\u1edbp ph\u1ee7 cao su t\u1ed5ng h\u1ee3p n\u00e0y ho\u1ea1t \u0111\u1ed9ng nh\u01b0 m\u1ed9t b\u1ed9 gi\u1ea3m x\u00f3c t\u00edch h\u1ee3p. Khi b\u1ea1n \u0111\u1eb7t qu\u1ea3 t\u1ea1 xu\u1ed1ng (ho\u1eb7c l\u00e0m r\u01a1i n\u00f3 trong l\u00fac t\u1eadp luy\u1ec7n m\u1ec7t m\u1ecfi), l\u1edbp Neoprene s\u1ebd gi\u1ea3m ch\u1ea5n l\u1ef1c va ch\u1ea1m, ng\u0103n ng\u1eeba tr\u1ea7y x\u01b0\u1edbc, l\u00f5m v\u00e0 v\u1ee1 tr\u00ean s\u00e0n g\u1ea1ch, g\u1ed7 ho\u1eb7c s\u00e0n laminate. N\u00f3 c\u0169ng gi\u1ea3m \u0111\u00e1ng k\u1ec3 ti\u1ebfng \u1ed3n, khi\u1ebfn n\u00f3 tr\u1edf th\u00e0nh l\u1ef1a ch\u1ecdn th\u00e2n thi\u1ec7n v\u1edbi h\u00e0ng x\u00f3m cho c\u00e1c c\u0103n h\u1ed9 \u1edf t\u1ea7ng tr\u00ean.<\/p>\n<p>Trong khi ph\u1ea7n \u0111\u1ebf \u0111\u01b0\u1ee3c b\u1ea3o v\u1ec7, tay c\u1ea7m v\u1eabn \u0111\u01b0\u1ee3c l\u00e0m ho\u00e0n to\u00e0n b\u1eb1ng gang (th\u01b0\u1eddng \u0111\u01b0\u1ee3c s\u01a1n \u0111\u1ec3 t\u1ea1o \u0111\u1ed9 m\u1ecbn). \u0110i\u1ec1u n\u00e0y r\u1ea5t quan tr\u1ecdng \u0111\u1ed1i v\u1edbi hi\u1ec7u su\u1ea5t t\u1eadp luy\u1ec7n; m\u1ed9t tay c\u1ea7m b\u1ecdc neoprene c\u00f3 th\u1ec3 g\u00e2y b\u1ecfng do ma s\u00e1t. Tay c\u1ea7m b\u1eb1ng gang m\u1ecbn gi\u00fap qu\u1ea3 t\u1ea1 kettlebell xoay t\u1ef1 do trong l\u00f2ng b\u00e0n tay khi th\u1ef1c hi\u1ec7n c\u00e1c \u0111\u1ed9ng t\u00e1c Snatch v\u00e0 Clean m\u00e0 kh\u00f4ng b\u1ecb v\u01b0\u1edbng. H\u00ecnh d\u1ea1ng tay c\u1ea7m \u0111\u1ee7 r\u1ed9ng \u0111\u1ec3 th\u1ef1c hi\u1ec7n c\u00e1c \u0111\u1ed9ng t\u00e1c xoay b\u1eb1ng hai tay m\u1ed9t c\u00e1ch tho\u1ea3i m\u00e1i. V\u1edbi \u0111\u00e1y ph\u1eb3ng \u0111\u1ec3 \u0111\u1ea3m b\u1ea3o \u1ed5n \u0111\u1ecbnh trong c\u00e1c b\u00e0i t\u1eadp renegade rows v\u00e0 c\u00e1c v\u1ea1ch \u0111\u00e1nh d\u1ea5u tr\u1ecdng l\u01b0\u1ee3ng r\u00f5 r\u00e0ng, qu\u1ea3 t\u1ea1 kettlebell n\u00e0y mang l\u1ea1i nh\u1eefng l\u1ee3i \u00edch ch\u1ee9c n\u0103ng c\u1ee7a t\u1eadp luy\u1ec7n ballistic \u2014 gi\u1ea3m m\u1ee1, s\u1ee9c m\u1ea1nh b\u00f9ng n\u1ed5 v\u00e0 s\u1ee9c m\u1ea1nh chu\u1ed7i c\u01a1 sau \u2014 v\u00e0o m\u00f4i tr\u01b0\u1eddng t\u1ea1i nh\u00e0 m\u1ed9t c\u00e1ch an to\u00e0n v\u00e0 phong c\u00e1ch.<\/p>\n<h3>1. Ng\u00e2m trong ch\u1ea5t li\u1ec7u Neoprene b\u1ea3o v\u1ec7<\/h3>\n<p>\u0110i\u1ec3m n\u1ed5i b\u1eadt ch\u00ednh l\u00e0 l\u1edbp v\u1ecf l\u00e0m t\u1eeb ch\u1ea5t li\u1ec7u neoprene. Kh\u00e1c v\u1edbi s\u1eaft c\u1ee9ng, ch\u1ea5t li\u1ec7u n\u00e0y m\u1ec1m m\u1ea1i v\u00e0 c\u00f3 \u0111\u1ed9 \u0111\u00e0n h\u1ed3i t\u1ed1t. N\u00f3 gi\u00fap b\u1ea3o v\u1ec7 s\u00e0n nh\u00e0 kh\u1ecfi nh\u1eefng h\u01b0 h\u1ecfng do va \u0111\u1eadp v\u00e0 b\u1ea3o v\u1ec7 ch\u00ednh qu\u1ea3 t\u1ea1 kettlebell kh\u1ecfi g\u1ec9 s\u00e9t v\u00e0 tr\u1ea7y x\u01b0\u1edbc. B\u1ec1 m\u1eb7t m\u1edd c\u1ee7a neoprene c\u00f2n t\u1ea1o ra m\u1ed9t l\u1edbp \u0111\u1ebf ch\u1ed1ng tr\u01b0\u1ee3t, r\u1ea5t th\u00edch h\u1ee3p cho c\u00e1c b\u00e0i t\u1eadp tr\u00ean s\u00e0n.<\/p>\n<h3>2. Tay c\u1ea7m b\u1eb1ng s\u1eaft m\u1ecbn<\/h3>\n<p>Alex Athletics hi\u1ec3u r\u1eb1ng \u0111\u1ed9 b\u00e1m l\u00e0 y\u1ebfu t\u1ed1 quan tr\u1ecdng. Tay c\u1ea7m \u0111\u01b0\u1ee3c \u0111\u1ec3 nguy\u00ean b\u1ea3n (ho\u1eb7c s\u01a1n m\u1ecbn) \u0111\u1ec3 \u0111\u1ea3m b\u1ea3o c\u01a1 ch\u1ebf xoay \u0111\u00fang c\u00e1ch. \u0110i\u1ec1u n\u00e0y gi\u00fap tr\u00e1nh c\u1ea3m gi\u00e1c \u201cd\u00ednh\u201d th\u01b0\u1eddng th\u1ea5y \u1edf c\u00e1c tay c\u1ea7m cao su, v\u1ed1n c\u00f3 th\u1ec3 l\u00e0m tr\u1ea7y x\u01b0\u1edbc tay b\u1ea1n khi th\u1ef1c hi\u1ec7n c\u00e1c \u0111\u1ed9ng t\u00e1c swing v\u00e0 snatch v\u1edbi s\u1ed1 l\u1ea7n l\u1eb7p l\u1ea1i cao. Tay c\u1ea7m n\u00e0y gi\u1eef ph\u1ea5n t\u1ed1t, gi\u00fap b\u1ea1n c\u1ea7m n\u1eafm ch\u1eafc ch\u1eafn.<\/p>\n<h3>3. Gi\u1ea3m ti\u1ebfng \u1ed3n<\/h3>\n<p>Ti\u1ebfng kim lo\u1ea1i va v\u00e0o b\u00ea t\u00f4ng r\u1ea5t \u1ed3n \u00e0o. Ti\u1ebfng neoprene va v\u00e0o cao su th\u00ec \u00eam \u00e1i h\u01a1n. L\u1edbp ph\u1ee7 n\u00e0y gi\u00fap gi\u1ea3m ti\u1ebfng \u1ed3n khi qu\u1ea3 t\u1ea1 ch\u1ea1m s\u00e0n ho\u1eb7c gi\u00e1 \u0111\u1ee1. Kh\u1ea3 n\u0103ng c\u00e1ch \u00e2m n\u00e0y l\u00e0 m\u1ed9t l\u1ee3i th\u1ebf l\u1edbn khi t\u1eadp luy\u1ec7n v\u00e0o bu\u1ed5i s\u00e1ng s\u1edbm ho\u1eb7c trong c\u00e1c kh\u00f4ng gian sinh ho\u1ea1t chung.<\/p>\n<h3>4. \u0110\u1ebf ph\u1eb3ng v\u1eefng ch\u1eafc<\/h3>\n<p>Ph\u1ea7n \u0111\u00e1y c\u1ee7a qu\u1ea3 t\u1ea1 kettlebell \u0111\u01b0\u1ee3c gia c\u00f4ng ph\u1eb3ng tr\u01b0\u1edbc khi nh\u00fang. \u0110i\u1ec1u n\u00e0y \u0111\u1ea3m b\u1ea3o qu\u1ea3 t\u1ea1 \u0111\u1ee9ng th\u1eb3ng ho\u00e0n h\u1ea3o v\u00e0 kh\u00f4ng b\u1ecb lung lay. \u0110\u1ed9 \u1ed5n \u0111\u1ecbnh n\u00e0y l\u00e0 y\u1ebfu t\u1ed1 thi\u1ebft y\u1ebfu \u0111\u1ec3 \u0111\u1ea3m b\u1ea3o an to\u00e0n khi b\u1ea3o qu\u1ea3n c\u0169ng nh\u01b0 khi th\u1ef1c hi\u1ec7n c\u00e1c b\u00e0i t\u1eadp n\u00e2ng cao nh\u01b0 ch\u1ed1ng \u0111\u1ea9y tr\u00ean tay c\u1ea7m c\u1ee7a qu\u1ea3 t\u1ea1 kettlebell (Renegade Rows).<\/p>\n<h3>5. Ph\u00e2n lo\u1ea1i theo m\u00e0u &amp; Th\u1ea9m m\u1ef9<\/h3>\n<p>Ch\u1ea5t li\u1ec7u neoprene cho ph\u00e9p t\u1ea1o ra nh\u1eefng m\u00e0u s\u1eafc r\u1ef1c r\u1ee1. Nh\u1eefng qu\u1ea3 t\u1ea1 n\u00e0y th\u01b0\u1eddng c\u00f3 c\u00e1c m\u00e0u c\u1ee5 th\u1ec3 (nh\u01b0 m\u00e0u xanh d\u01b0\u01a1ng) ho\u1eb7c c\u00e1c phi\u00ean b\u1ea3n \u0111\u01b0\u1ee3c ph\u00e2n bi\u1ec7t b\u1eb1ng m\u00e0u s\u1eafc, gi\u00fap vi\u1ec7c nh\u1eadn bi\u1ebft tr\u1ecdng l\u01b0\u1ee3ng tr\u1edf n\u00ean d\u1ec5 d\u00e0ng. Thi\u1ebft k\u1ebf hai t\u00f4ng m\u00e0u (tay c\u1ea7m m\u00e0u \u0111en, th\u00e2n t\u1ea1 m\u00e0u s\u1eafc) mang \u0111\u1ebfn v\u1ebb \u0111\u1eb9p hi\u1ec7n \u0111\u1ea1i v\u00e0 th\u1ec3 thao cho kh\u00f4ng gian t\u1eadp luy\u1ec7n c\u1ee7a b\u1ea1n.<\/p>\n<h3>\u0110\u1ed1i t\u01b0\u1ee3ng d\u00e0nh cho ai?<\/h3>\n<ul style=\"list-style-position: inside; padding-left: 0;\">\n<li>Ch\u1ee7 c\u00e1c ph\u00f2ng t\u1eadp th\u1ec3 d\u1ee5c t\u1ea1i nh\u00e0 mu\u1ed1n b\u1ea3o v\u1ec7 s\u00e0n g\u1ed7 c\u1ee9ng ho\u1eb7c s\u00e0n g\u1ea1ch.<\/li>\n<li>Nh\u1eefng ng\u01b0\u1eddi m\u1edbi b\u1eaft \u0111\u1ea7u t\u1eadp luy\u1ec7n v\u1edbi t\u1ea1 kettlebell.<\/li>\n<li>C\u00e1c kh\u00f3a hu\u1ea5n luy\u1ec7n c\u01b0\u1eddng \u0111\u1ed9 cao \u0111\u00f2i h\u1ecfi thi\u1ebft b\u1ecb b\u1ec1n b\u1ec9 v\u00e0 \u00edt g\u00e2y ti\u1ebfng \u1ed3n.<\/li>\n<li>Nh\u1eefng ng\u01b0\u1eddi s\u1ed1ng trong chung c\u01b0 c\u1ea7n thi\u1ebft b\u1ecb ho\u1ea1t \u0111\u1ed9ng \u00eam \u00e1i.<\/li>\n<li>Ai \u0111ang t\u1eadp \u0111\u1ed9ng t\u00e1c ch\u00e8o thuy\u1ec1n ki\u1ec3u renegade ho\u1eb7c c\u00e1c b\u00e0i t\u1eadp tr\u00ean s\u00e0n kh\u00f4ng?.<\/li>\n<\/ul>\n<h3>Th\u00f4ng s\u1ed1 k\u1ef9 thu\u1eadt s\u1ea3n ph\u1ea9m<\/h3>\n<table border=\"1\" width=\"100%\" cellspacing=\"0\" cellpadding=\"5\">\n<tbody>\n<tr>\n<td><strong>M\u1eabu<\/strong><\/td>\n<td>W04AB002<\/td>\n<\/tr>\n<tr>\n<td><strong>Ch\u1ea5t li\u1ec7u<\/strong><\/td>\n<td>Gang, ng\u00e2m trong neoprene<\/td>\n<\/tr>\n<tr>\n<td><strong>Tay c\u1ea7m<\/strong><\/td>\n<td>S\u1eaft s\u01a1n m\u1ecbn<\/td>\n<\/tr>\n<tr>\n<td><strong>Tr\u1ecdng l\u01b0\u1ee3ng<\/strong><\/td>\n<td>4, 6, 8, 10, 12, 16, 20 kg<\/td>\n<\/tr>\n<tr>\n<td><strong>T\u00ednh n\u0103ng<\/strong><\/td>\n<td>B\u1ea3o v\u1ec7 s\u00e0n, Gi\u1ea3m ti\u1ebfng \u1ed3n<\/td>\n<\/tr>\n<\/tbody>\n<\/table>","protected":false},"excerpt":{"rendered":"<p>Qu\u1ea3 t\u1ea1 Kettlebell n\u1eeda neoprene c\u1ee7a Alex Athletics \u0111\u01b0\u1ee3c thi\u1ebft k\u1ebf \u0111\u1ec3 t\u1eadp luy\u1ec7n t\u1ea1i nh\u00e0 m\u1ed9t c\u00e1ch an to\u00e0n v\u00e0 \u00eam \u00e1i. S\u1ea3n ph\u1ea9m c\u00f3 l\u00f5i b\u1eb1ng gang \u0111\u00fac ch\u1eafc ch\u1eafn, ph\u1ea7n d\u01b0\u1edbi \u0111\u01b0\u1ee3c b\u1ecdc b\u1eb1ng ch\u1ea5t li\u1ec7u neoprene m\u1ec1m m\u1ea1i v\u00e0 b\u1ec1n b\u1ec9 \u0111\u1ec3 b\u1ea3o v\u1ec7 s\u00e0n nh\u00e0 kh\u1ecfi tr\u1ea7y x\u01b0\u1edbc v\u00e0 gi\u1ea3m ti\u1ebfng \u1ed3n. Tay c\u1ea7m nh\u1eb5n, kh\u00f4ng tr\u00e1ng ph\u1ee7 gi\u00fap \u0111\u1ea3m b\u1ea3o kh\u1ea3 n\u0103ng xoay tr\u00f2n ch\u00ednh x\u00e1c v\u00e0 c\u1ea3m gi\u00e1c c\u1ea7m n\u1eafm tho\u1ea3i m\u00e1i khi th\u1ef1c hi\u1ec7n c\u00e1c \u0111\u1ed9ng t\u00e1c swing v\u00e0 snatch. V\u1edbi \u0111\u00e1y ph\u1eb3ng \u1ed5n \u0111\u1ecbnh v\u00e0 thi\u1ebft k\u1ebf b\u1eaft m\u1eaft, s\u1ea3n ph\u1ea9m mang l\u1ea1i hi\u1ec7u su\u1ea5t c\u1ee7a m\u1ed9t qu\u1ea3 t\u1ea1 Kettlebell chuy\u00ean nghi\u1ec7p c\u00f9ng c\u00e1c t\u00ednh n\u0103ng an to\u00e0n c\u1ea7n thi\u1ebft cho ph\u00f2ng t\u1eadp t\u1ea1i ph\u00f2ng kh\u00e1ch.<\/p>","protected":false},"featured_media":3318,"comment_status":"open","ping_status":"closed","template":"","meta":{"inline_featured_image":false,"site-sidebar-layout":"default","site-content-layout":"","ast-site-content-layout":"default","site-content-style":"default","site-sidebar-style":"default","ast-global-header-display":"","ast-banner-title-visibility":"","ast-main-header-display":"","ast-hfb-above-header-display":"","ast-hfb-below-header-display":"","ast-hfb-mobile-header-display":"","site-post-title":"","ast-breadcrumbs-content":"","ast-featured-img":"","footer-sml-layout":"","ast-disable-related-posts":"","theme-transparent-header-meta":"default","adv-header-id-meta":"","stick-header-meta":"default","header-above-stick-meta":"","header-main-stick-meta":"","header-below-stick-meta":"","astra-migrate-meta-layouts":"set","ast-page-background-enabled":"default","ast-page-background-meta":{"desktop":{"background-color":"","background-image":"","background-repeat":"repeat","background-position":"center center","background-size":"auto","background-attachment":"scroll","background-type":"","background-media":"","overlay-type":"","overlay-color":"","overlay-opacity":"","overlay-gradient":""},"tablet":{"background-color":"","background-image":"","background-repeat":"repeat","background-position":"center center","background-size":"auto","background-attachment":"scroll","background-type":"","background-media":"","overlay-type":"","overlay-color":"","overlay-opacity":"","overlay-gradient":""},"mobile":{"background-color":"","background-image":"","background-repeat":"repeat","background-position":"center center","background-size":"auto","background-attachment":"scroll","background-type":"","background-media":"","overlay-type":"","overlay-color":"","overlay-opacity":"","overlay-gradient":""}},"ast-content-background-meta":{"desktop":{"background-color":"var(--ast-global-color-5)","background-image":"","background-repeat":"repeat","background-position":"center center","background-size":"auto","background-attachment":"scroll","background-type":"","background-media":"","overlay-type":"","overlay-color":"","overlay-opacity":"","overlay-gradient":""},"tablet":{"background-color":"var(--ast-global-color-5)","background-image":"","background-repeat":"repeat","background-position":"center center","background-size":"auto","background-attachment":"scroll","background-type":"","background-media":"","overlay-type":"","overlay-color":"","overlay-opacity":"","overlay-gradient":""},"mobile":{"background-color":"var(--ast-global-color-5)","background-image":"","background-repeat":"repeat","background-position":"center center","background-size":"auto","background-attachment":"scroll","background-type":"","background-media":"","overlay-type":"","overlay-color":"","overlay-opacity":"","overlay-gradient":""}}},"product_brand":[],"product_cat":[55],"product_tag":[61],"class_list":{"0":"post-2941","1":"product","2":"type-product","3":"status-publish","4":"has-post-thumbnail","6":"product_cat-free-weight-training","7":"product_tag-kettlebell","8":"desktop-align-left","9":"tablet-align-left","10":"mobile-align-left","12":"first","13":"instock","14":"shipping-taxable","15":"purchasable","16":"product-type-simple"},"_links":{"self":[{"href":"https:\/\/alexathletics1982.com\/vi\/wp-json\/wp\/v2\/product\/2941","targetHints":{"allow":["GET"]}}],"collection":[{"href":"https:\/\/alexathletics1982.com\/vi\/wp-json\/wp\/v2\/product"}],"about":[{"href":"https:\/\/alexathletics1982.com\/vi\/wp-json\/wp\/v2\/types\/product"}],"replies":[{"embeddable":true,"href":"https:\/\/alexathletics1982.com\/vi\/wp-json\/wp\/v2\/comments?post=2941"}],"wp:featuredmedia":[{"embeddable":true,"href":"https:\/\/alexathletics1982.com\/vi\/wp-json\/wp\/v2\/media\/3318"}],"wp:attachment":[{"href":"https:\/\/alexathletics1982.com\/vi\/wp-json\/wp\/v2\/media?parent=2941"}],"wp:term":[{"taxonomy":"product_brand","embeddable":true,"href":"https:\/\/alexathletics1982.com\/vi\/wp-json\/wp\/v2\/product_brand?post=2941"},{"taxonomy":"product_cat","embeddable":true,"href":"https:\/\/alexathletics1982.com\/vi\/wp-json\/wp\/v2\/product_cat?post=2941"},{"taxonomy":"product_tag","embeddable":true,"href":"https:\/\/alexathletics1982.com\/vi\/wp-json\/wp\/v2\/product_tag?post=2941"}],"curies":[{"name":"wp","href":"https:\/\/api.w.org\/{rel}","templated":true}]}}