{"id":2942,"date":"2026-01-23T20:20:40","date_gmt":"2026-01-23T12:20:40","guid":{"rendered":"https:\/\/alexathletics1982.com\/?post_type=product&#038;p=2942"},"modified":"2026-04-08T23:56:31","modified_gmt":"2026-04-08T15:56:31","slug":"ta-kettlebell-nua-vinyl","status":"publish","type":"product","link":"https:\/\/alexathletics1982.com\/vi\/half-vinyl-kettlebell\/","title":{"rendered":"T\u1ea1 kettlebell n\u1eeda vinyl"},"content":{"rendered":"<h2>Thi\u1ebft k\u1ebf thanh l\u1ecbch v\u00e0 b\u1ec1n b\u1ec9: T\u1ea1 kettlebell n\u1eeda vinyl<\/h2>\n<p>Qu\u1ea3 t\u1ea1 Kettlebell n\u1eeda vinyl l\u00e0 m\u1ed9t l\u1ef1a ch\u1ecdn thay th\u1ebf sang tr\u1ecdng cho ch\u1ea5t li\u1ec7u neoprene, mang \u0111\u1ebfn b\u1ec1 m\u1eb7t b\u00f3ng lo\u00e1ng v\u00e0 v\u1ec7 sinh cho qu\u00e1 tr\u00ecnh t\u1eadp luy\u1ec7n s\u1ee9c m\u1ea1nh c\u1ee7a b\u1ea1n. Gi\u1ed1ng nh\u01b0 phi\u00ean b\u1ea3n neoprene, qu\u1ea3 t\u1ea1 n\u00e0y \u0111\u01b0\u1ee3c \u0111\u00fac t\u1eeb m\u1ed9t kh\u1ed1i gang nguy\u00ean kh\u1ed1i \u2014 kh\u00f4ng c\u00f3 m\u1ed1i h\u00e0n, \u0111i\u1ec3m y\u1ebfu hay \u0111\u01b0\u1eddng n\u1ed1i n\u00e0o c\u00f3 th\u1ec3 b\u1ecb g\u00e3y. Ph\u1ea7n \u0111\u00e1y \u0111\u01b0\u1ee3c b\u1ecdc m\u1ed9t l\u1edbp Vinyl (PVC) d\u00e0y. Ch\u1ea5t li\u1ec7u n\u00e0y \u0111\u1eb7c bi\u1ec7t m\u1ecbn v\u00e0 b\u00f3ng, t\u1ea1o ra m\u1ed9t b\u1ec1 m\u1eb7t kh\u00f4ng th\u1ea5m m\u1ed3 h\u00f4i, n\u01b0\u1edbc v\u00e0 b\u1ee5i b\u1ea9n. N\u00f3 c\u1ef1c k\u1ef3 d\u1ec5 lau ch\u00f9i, khi\u1ebfn n\u00f3 tr\u1edf th\u00e0nh l\u1ef1a ch\u1ecdn \u01b0a th\u00edch cho c\u00e1c ph\u00f2ng t\u1eadp th\u1ec3 d\u1ee5c v\u00e0 studio th\u01b0\u01a1ng m\u1ea1i, n\u01a1i v\u1ec7 sinh l\u00e0 \u01b0u ti\u00ean h\u00e0ng \u0111\u1ea7u. L\u1edbp v\u1ecf vinyl cung c\u1ea5p kh\u1ea3 n\u0103ng b\u1ea3o v\u1ec7 tuy\u1ec7t v\u1eddi ch\u1ed1ng g\u1ec9 s\u00e9t v\u00e0 ng\u0103n ch\u1eb7n qu\u1ea3 t\u1ea1 s\u1eaft l\u00e0m x\u01b0\u1edbc s\u00e0n nh\u00e0 ho\u1eb7c gi\u00e1 \u0111\u1ee1 thi\u1ebft b\u1ecb.<\/p>\n<p>Tay c\u1ea7m \u0111\u01b0\u1ee3c l\u00e0m t\u1eeb kim lo\u1ea1i s\u01a1n ph\u1ee7 m\u1ecbn m\u00e0ng, \u0111\u1ea3m b\u1ea3o l\u1edbp s\u01a1n kh\u00f4ng l\u00e0m \u1ea3nh h\u01b0\u1edfng \u0111\u1ebfn \u0111\u1ed9 b\u00e1m c\u1ee7a ng\u01b0\u1eddi d\u00f9ng. Thi\u1ebft k\u1ebf cong v\u00e0 c\u00f3 v\u00e2n gi\u00fap t\u1ea1o c\u1ea3m gi\u00e1c c\u1ea7m n\u1eafm ch\u1eafc ch\u1eafn, ch\u1ed1ng tr\u01b0\u1ee3t trong c\u00e1c b\u00e0i t\u1eadp l\u1eb7p l\u1ea1i nhi\u1ec1u l\u1ea7n, t\u1eeb \u0111\u00f3 lo\u1ea1i b\u1ecf nhu c\u1ea7u s\u1eed d\u1ee5ng qu\u00e1 nhi\u1ec1u ph\u1ea5n. Thi\u1ebft k\u1ebf \u0111\u00e1y ph\u1eb3ng cho ph\u00e9p l\u01b0u tr\u1eef th\u1eb3ng \u0111\u1ee9ng v\u00e0 \u1ed5n \u0111\u1ecbnh khi \u0111\u1eb7t tr\u00ean s\u00e0n. C\u00f3 s\u1eb5n trong d\u1ea3i tr\u1ecdng l\u01b0\u1ee3ng t\u1eeb 4kg \u0111\u1ebfn 32kg, qu\u1ea3 t\u1ea1 Half Vinyl Kettlebell l\u00e0 c\u00f4ng c\u1ee5 \u0111a n\u0103ng \u0111\u1ec3 ph\u00e1t tri\u1ec3n th\u1ec3 l\u1ef1c to\u00e0n th\u00e2n, s\u1ee9c m\u1ea1nh c\u01a1 l\u00f5i v\u00e0 s\u1ef1 c\u00e2n b\u1eb1ng. V\u1ebb ngo\u00e0i s\u00e1ng s\u1ee7a, \u0111\u01b0\u1ee3c m\u00e3 h\u00f3a m\u00e0u s\u1eafc gi\u00fap s\u1ea3n ph\u1ea9m tr\u1edf n\u00ean th\u00e2n thi\u1ec7n h\u01a1n v\u1edbi ng\u01b0\u1eddi m\u1edbi b\u1eaft \u0111\u1ea7u, \u0111\u1ed3ng th\u1eddi v\u1eabn cung c\u1ea5p m\u1ee9c kh\u00e1ng l\u1ef1c m\u1ea1nh m\u1ebd c\u1ea7n thi\u1ebft cho c\u00e1c v\u1eadn \u0111\u1ed9ng vi\u00ean chuy\u00ean nghi\u1ec7p.<\/p>\n<h3>1. L\u1edbp ph\u1ee7 vinyl (PVC) \u0111\u1ea3m b\u1ea3o v\u1ec7 sinh<\/h3>\n<p>Vinyl t\u1ea1o ra m\u1ed9t l\u1edbp m\u00e0ng k\u00edn ho\u00e0n to\u00e0n, kh\u00f4ng c\u00f3 l\u1ed7 r\u1ed7ng. Kh\u00e1c v\u1edbi c\u00e1c b\u1ec1 m\u1eb7t m\u1edd c\u00f3 th\u1ec3 b\u00e1m b\u1ee5i b\u1ea9n, b\u1ec1 m\u1eb7t vinyl b\u00f3ng c\u00f3 th\u1ec3 lau s\u1ea1ch ngay l\u1eadp t\u1ee9c. Ch\u1ea5t li\u1ec7u n\u00e0y c\u00f3 kh\u1ea3 n\u0103ng ch\u1ed1ng \u1ea9m v\u00e0 vi khu\u1ea9n, \u0111\u1ea3m b\u1ea3o thi\u1ebft b\u1ecb c\u1ee7a b\u1ea1n lu\u00f4n s\u1ea1ch s\u1ebd ngay c\u1ea3 sau nh\u1eefng bu\u1ed5i t\u1eadp nh\u00f3m c\u01b0\u1eddng \u0111\u1ed9 cao, \u0111\u1ea7y m\u1ed3 h\u00f4i. N\u00f3 gi\u00fap thanh s\u1eaft b\u00ean d\u01b0\u1edbi kh\u00f4ng b\u1ecb g\u1ec9 s\u00e9t.<\/p>\n<h3>2. \u0110\u1ed9 b\u1ec1n v\u1eefng c\u1ee7a gang \u0111\u00fac<\/h3>\n<p>B\u00ean d\u01b0\u1edbi l\u1edbp s\u01a1n ph\u1ee7 l\u00e0 m\u1ed9t kh\u1ed1i \u0111\u00fac nguy\u00ean kh\u1ed1i ch\u1eafc ch\u1eafn. \u0110i\u1ec1u n\u00e0y \u0111\u1ea3m b\u1ea3o qu\u1ea3 t\u1ea1 kettlebell c\u00f3 \u0111\u1ed9 c\u00e2n b\u1eb1ng v\u00e0 \u0111\u1ed9 b\u1ec1n cao. S\u1ea3n ph\u1ea9m kh\u00f4ng s\u1eed d\u1ee5ng n\u00fat nh\u1ef1a hay v\u1eadt li\u1ec7u \u0111\u1ed9n d\u1ec5 x\u00ea d\u1ecbch. \u0110\u1ed9 \u0111\u1eb7c c\u1ee7a s\u1eaft gi\u00fap qu\u1ea3 t\u1ea1 gi\u1eef \u0111\u01b0\u1ee3c h\u00ecnh d\u00e1ng g\u1ecdn g\u00e0ng, \u0111\u1ed3ng th\u1eddi gi\u1eef tr\u1ecdng t\u00e2m g\u1ea7n c\u1ed5 tay, gi\u00fap ng\u01b0\u1eddi t\u1eadp ki\u1ec3m so\u00e1t t\u1ed1t h\u01a1n.<\/p>\n<h3>3. Thi\u1ebft k\u1ebf th\u00e2n thi\u1ec7n v\u1edbi s\u00e0n nh\u00e0<\/h3>\n<p>L\u1edbp ph\u1ee7 vinyl \u0111\u00f3ng vai tr\u00f2 nh\u01b0 m\u1ed9t l\u1edbp \u0111\u1ec7m. N\u00f3 ng\u0103n kh\u00f4ng cho ph\u1ea7n s\u1eaft c\u1ee9ng ti\u1ebfp x\u00fac tr\u1ef1c ti\u1ebfp v\u1edbi s\u00e0n nh\u00e0 c\u1ee7a b\u1ea1n. \u0110i\u1ec1u n\u00e0y gi\u00fap b\u1ea3o v\u1ec7 s\u00e0n g\u1ed7 c\u1ee9ng, g\u1ea1ch men ho\u1eb7c s\u00e0n vinyl \u0111\u1eaft ti\u1ec1n kh\u1ecfi c\u00e1c v\u1ebft l\u00f5m v\u00e0 tr\u1ea7y x\u01b0\u1edbc. N\u00f3 gi\u00fap \u201cl\u00e0m m\u1ec1m\u201d thi\u1ebft b\u1ecb m\u1ed9t c\u00e1ch hi\u1ec7u qu\u1ea3 \u0111\u1ec3 s\u1eed d\u1ee5ng t\u1ea1i nh\u00e0.<\/p>\n<h3>4. Tay c\u1ea7m bo tr\u00f2n m\u1ec1m m\u1ea1i<\/h3>\n<p>Tay c\u1ea7m \u0111\u01b0\u1ee3c thi\u1ebft k\u1ebf \u0111\u1ec3 mang l\u1ea1i s\u1ef1 tho\u1ea3i m\u00e1i. B\u1ec1 m\u1eb7t tay c\u1ea7m \u0111\u1ee7 m\u1ecbn \u0111\u1ec3 xoay m\u00e0 kh\u00f4ng l\u00e0m r\u00e1ch da chai, \u0111\u1ed3ng th\u1eddi \u0111\u01b0\u1ee3c thi\u1ebft k\u1ebf v\u1eeba v\u1eb7n v\u1edbi l\u00f2ng b\u00e0n tay. Kho\u1ea3ng c\u00e1ch gi\u1eefa th\u00e2n s\u1ea3n ph\u1ea9m b\u1eb1ng nh\u1ef1a vinyl v\u00e0 tay c\u1ea7m kim lo\u1ea1i gi\u00fap \u0111\u1ea3m b\u1ea3o \u0111\u1ed9 d\u00ednh c\u1ee7a nh\u1ef1a vinyl kh\u00f4ng \u1ea3nh h\u01b0\u1edfng \u0111\u1ebfn k\u1ef9 thu\u1eadt n\u00e2ng c\u1ee7a b\u1ea1n.<\/p>\n<h3>5. H\u1ec7 th\u1ed1ng ph\u00e2n lo\u1ea1i tr\u1ecdng l\u01b0\u1ee3ng theo m\u00e0u<\/h3>\n<p>L\u1edbp ph\u1ee7 vinyl \u0111\u01b0\u1ee3c ph\u00e2n bi\u1ec7t b\u1eb1ng m\u00e0u s\u1eafc (\u0110en, \u0110\u1ecf, T\u00edm, Xanh d\u01b0\u01a1ng, v.v.) t\u01b0\u01a1ng \u1ee9ng v\u1edbi c\u00e1c m\u1ee9c tr\u1ecdng l\u01b0\u1ee3ng c\u1ee5 th\u1ec3. H\u1ec7 th\u1ed1ng nh\u1eadn di\u1ec7n tr\u1ef1c quan n\u00e0y gi\u00fap qu\u00e1 tr\u00ecnh chuy\u1ec3n \u0111\u1ed5i gi\u1eefa c\u00e1c bu\u1ed5i t\u1eadp di\u1ec5n ra nhanh ch\u00f3ng h\u01a1n v\u00e0 t\u1ea1o \u0111i\u1ec1u ki\u1ec7n thu\u1eadn l\u1ee3i cho vi\u1ec7c s\u1eafp x\u1ebfp ph\u00f2ng t\u1eadp. N\u00f3 mang l\u1ea1i v\u1ebb ngo\u00e0i t\u01b0\u01a1i s\u00e1ng v\u00e0 chuy\u00ean nghi\u1ec7p cho gi\u00e1 t\u1ea1.<\/p>\n<h3>\u0110\u1ed1i t\u01b0\u1ee3ng d\u00e0nh cho ai?<\/h3>\n<ul style=\"list-style-position: inside; padding-left: 0;\">\n<li>C\u00e1c ph\u00f2ng t\u1eadp th\u1ec3 h\u00ecnh th\u01b0\u01a1ng m\u1ea1i v\u00e0 ph\u00f2ng t\u1eadp aerobic.<\/li>\n<li>Ng\u01b0\u1eddi d\u00f9ng gia \u0111\u00ecnh \u01b0u ti\u00ean v\u1ea5n \u0111\u1ec1 v\u1ec7 sinh v\u00e0 s\u1ef1 ti\u1ec7n l\u1ee3i trong vi\u1ec7c v\u1ec7 sinh.<\/li>\n<li>Nh\u1eefng ng\u01b0\u1eddi m\u1edbi b\u1eaft \u0111\u1ea7u \u0111ang t\u00ecm ki\u1ebfm thi\u1ebft b\u1ecb d\u1ec5 s\u1eed d\u1ee5ng.<\/li>\n<li>Nh\u1eefng ng\u01b0\u1eddi t\u1eadp luy\u1ec7n c\u1ea7n t\u1ea1 c\u00f3 th\u1ec3 d\u1ec5 d\u00e0ng nh\u1eadn bi\u1ebft.<\/li>\n<li>B\u1ea5t k\u1ef3 ai \u0111ang th\u1ef1c hi\u1ec7n c\u00e1c b\u00e0i t\u1eadp r\u00e8n luy\u1ec7n s\u1ef1 \u1ed5n \u0111\u1ecbnh tr\u00ean s\u00e0n.<\/li>\n<\/ul>\n<h3>Th\u00f4ng s\u1ed1 k\u1ef9 thu\u1eadt s\u1ea3n ph\u1ea9m<\/h3>\n<table border=\"1\" width=\"100%\" cellspacing=\"0\" cellpadding=\"5\">\n<tbody>\n<tr>\n<td><strong>M\u1eabu<\/strong><\/td>\n<td>W04AB003<\/td>\n<\/tr>\n<tr>\n<td><strong>Ch\u1ea5t li\u1ec7u<\/strong><\/td>\n<td>Gang, Nh\u00fang nh\u1ef1a vinyl (PVC)<\/td>\n<\/tr>\n<tr>\n<td><strong>Ho\u00e0n th\u00e0nh<\/strong><\/td>\n<td>B\u00f3ng lo\u00e1ng \/ D\u1ec5 lau ch\u00f9i<\/td>\n<\/tr>\n<tr>\n<td><strong>Tr\u1ecdng l\u01b0\u1ee3ng<\/strong><\/td>\n<td>4 ~ 32 kg<\/td>\n<\/tr>\n<tr>\n<td><strong>T\u00ednh n\u0103ng<\/strong><\/td>\n<td>\u0110\u00fac nguy\u00ean kh\u1ed1i, an to\u00e0n cho s\u00e0n<\/td>\n<\/tr>\n<\/tbody>\n<\/table>","protected":false},"excerpt":{"rendered":"<p>T\u1ea1 Kettlebell n\u1eeda th\u00e2n b\u1ecdc Vinyl c\u1ee7a Alex Athletics k\u1ebft h\u1ee3p \u0111\u1ed9 b\u1ec1n ch\u1eafc c\u1ee7a gang \u0111\u00fac v\u1edbi l\u1edbp ho\u00e0n thi\u1ec7n b\u00f3ng b\u1ea9y, \u0111\u1ea3m b\u1ea3o v\u1ec7 sinh. Ph\u1ea7n d\u01b0\u1edbi \u0111\u01b0\u1ee3c b\u1ecdc b\u1eb1ng ch\u1ea5t li\u1ec7u Vinyl (PVC) b\u00f3ng lo\u00e1ng v\u00e0 b\u1ec1n b\u1ec9, gi\u00fap b\u1ea3o v\u1ec7 s\u00e0n nh\u00e0, ch\u1ed1ng g\u1ec9 s\u00e9t v\u00e0 c\u1ef1c k\u1ef3 d\u1ec5 lau ch\u00f9i. S\u1ea3n ph\u1ea9m \u0111\u01b0\u1ee3c trang b\u1ecb tay c\u1ea7m tr\u01a1n tru, u\u1ed1n cong v\u1eeba v\u1eb7n cho c\u1ea3m gi\u00e1c c\u1ea7m n\u1eafm ch\u1eafc ch\u1eafn c\u00f9ng \u0111\u00e1y ph\u1eb3ng \u1ed5n \u0111\u1ecbnh, r\u1ea5t ph\u00f9 h\u1ee3p cho c\u00e1c b\u00e0i t\u1eadp nh\u01b0 swing, squat v\u00e0 get-up. \u0110\u01b0\u1ee3c m\u00e3 h\u00f3a m\u00e0u \u0111\u1ec3 d\u1ec5 d\u00e0ng nh\u1eadn bi\u1ebft, \u0111\u00e2y l\u00e0 l\u1ef1a ch\u1ecdn l\u00fd t\u01b0\u1edfng cho c\u00e1c ph\u00f2ng t\u1eadp v\u00e0 ph\u00f2ng gym t\u1ea1i nh\u00e0 \u01b0u ti\u00ean s\u1ef1 s\u1ea1ch s\u1ebd v\u00e0 \u0111\u1ed9 b\u1ec1n.<\/p>","protected":false},"featured_media":3328,"comment_status":"open","ping_status":"closed","template":"","meta":{"inline_featured_image":false,"site-sidebar-layout":"default","site-content-layout":"","ast-site-content-layout":"default","site-content-style":"default","site-sidebar-style":"default","ast-global-header-display":"","ast-banner-title-visibility":"","ast-main-header-display":"","ast-hfb-above-header-display":"","ast-hfb-below-header-display":"","ast-hfb-mobile-header-display":"","site-post-title":"","ast-breadcrumbs-content":"","ast-featured-img":"","footer-sml-layout":"","ast-disable-related-posts":"","theme-transparent-header-meta":"default","adv-header-id-meta":"","stick-header-meta":"default","header-above-stick-meta":"","header-main-stick-meta":"","header-below-stick-meta":"","astra-migrate-meta-layouts":"set","ast-page-background-enabled":"default","ast-page-background-meta":{"desktop":{"background-color":"","background-image":"","background-repeat":"repeat","background-position":"center center","background-size":"auto","background-attachment":"scroll","background-type":"","background-media":"","overlay-type":"","overlay-color":"","overlay-opacity":"","overlay-gradient":""},"tablet":{"background-color":"","background-image":"","background-repeat":"repeat","background-position":"center center","background-size":"auto","background-attachment":"scroll","background-type":"","background-media":"","overlay-type":"","overlay-color":"","overlay-opacity":"","overlay-gradient":""},"mobile":{"background-color":"","background-image":"","background-repeat":"repeat","background-position":"center center","background-size":"auto","background-attachment":"scroll","background-type":"","background-media":"","overlay-type":"","overlay-color":"","overlay-opacity":"","overlay-gradient":""}},"ast-content-background-meta":{"desktop":{"background-color":"var(--ast-global-color-5)","background-image":"","background-repeat":"repeat","background-position":"center center","background-size":"auto","background-attachment":"scroll","background-type":"","background-media":"","overlay-type":"","overlay-color":"","overlay-opacity":"","overlay-gradient":""},"tablet":{"background-color":"var(--ast-global-color-5)","background-image":"","background-repeat":"repeat","background-position":"center center","background-size":"auto","background-attachment":"scroll","background-type":"","background-media":"","overlay-type":"","overlay-color":"","overlay-opacity":"","overlay-gradient":""},"mobile":{"background-color":"var(--ast-global-color-5)","background-image":"","background-repeat":"repeat","background-position":"center center","background-size":"auto","background-attachment":"scroll","background-type":"","background-media":"","overlay-type":"","overlay-color":"","overlay-opacity":"","overlay-gradient":""}}},"product_brand":[],"product_cat":[55],"product_tag":[61],"class_list":{"0":"post-2942","1":"product","2":"type-product","3":"status-publish","4":"has-post-thumbnail","6":"product_cat-free-weight-training","7":"product_tag-kettlebell","8":"desktop-align-left","9":"tablet-align-left","10":"mobile-align-left","12":"first","13":"instock","14":"shipping-taxable","15":"purchasable","16":"product-type-simple"},"_links":{"self":[{"href":"https:\/\/alexathletics1982.com\/vi\/wp-json\/wp\/v2\/product\/2942","targetHints":{"allow":["GET"]}}],"collection":[{"href":"https:\/\/alexathletics1982.com\/vi\/wp-json\/wp\/v2\/product"}],"about":[{"href":"https:\/\/alexathletics1982.com\/vi\/wp-json\/wp\/v2\/types\/product"}],"replies":[{"embeddable":true,"href":"https:\/\/alexathletics1982.com\/vi\/wp-json\/wp\/v2\/comments?post=2942"}],"wp:featuredmedia":[{"embeddable":true,"href":"https:\/\/alexathletics1982.com\/vi\/wp-json\/wp\/v2\/media\/3328"}],"wp:attachment":[{"href":"https:\/\/alexathletics1982.com\/vi\/wp-json\/wp\/v2\/media?parent=2942"}],"wp:term":[{"taxonomy":"product_brand","embeddable":true,"href":"https:\/\/alexathletics1982.com\/vi\/wp-json\/wp\/v2\/product_brand?post=2942"},{"taxonomy":"product_cat","embeddable":true,"href":"https:\/\/alexathletics1982.com\/vi\/wp-json\/wp\/v2\/product_cat?post=2942"},{"taxonomy":"product_tag","embeddable":true,"href":"https:\/\/alexathletics1982.com\/vi\/wp-json\/wp\/v2\/product_tag?post=2942"}],"curies":[{"name":"wp","href":"https:\/\/api.w.org\/{rel}","templated":true}]}}