{"id":2944,"date":"2026-01-23T20:20:40","date_gmt":"2026-01-23T12:20:40","guid":{"rendered":"https:\/\/alexathletics1982.com\/?post_type=product&#038;p=2944"},"modified":"2026-04-09T00:00:54","modified_gmt":"2026-04-08T16:00:54","slug":"trong-luong-banh-ran","status":"publish","type":"product","link":"https:\/\/alexathletics1982.com\/vi\/donut-weight\/","title":{"rendered":"Tr\u1ecdng l\u01b0\u1ee3ng b\u00e1nh r\u00e1n"},"content":{"rendered":"<h2>T\u1eadp th\u1ec3 d\u1ee5c th\u1eadt th\u00fa v\u1ecb: T\u1ea1 h\u00ecnh b\u00e1nh r\u00e1n LOOPA<\/h2>\n<p>T\u1eadp luy\u1ec7n kh\u00f4ng nh\u1ea5t thi\u1ebft ph\u1ea3i c\u1ee9ng nh\u1eafc. T\u1ea1 Donut Weight (thu\u1ed9c d\u00f2ng s\u1ea3n ph\u1ea9m LOOPA) c\u1ee7a Alex Athletics mang \u0111\u1ebfn m\u1ed9t ph\u01b0\u01a1ng ph\u00e1p t\u1eadp luy\u1ec7n s\u1ee9c m\u1ea1nh \u0111\u1ea7y s\u00e1ng t\u1ea1o, linh ho\u1ea1t v\u00e0 ph\u00f9 h\u1ee3p v\u1edbi c\u01a1 th\u1ec3. V\u1edbi h\u00ecnh d\u00e1ng gi\u1ed1ng m\u1ed9t chi\u1ebfc v\u00f2ng (hay b\u00e1nh donut), lo\u1ea1i t\u1ea1 n\u00e0y mang l\u1ea1i c\u01a1 ch\u1ebf c\u1ea7m n\u1eafm \u0111\u1ed9c \u0111\u00e1o m\u00e0 nh\u1eefng chi\u1ebfc t\u1ea1 \u0111\u01a1n truy\u1ec1n th\u1ed1ng kh\u00f4ng th\u1ec3 s\u00e1nh k\u1ecbp. H\u00ecnh d\u1ea1ng tr\u00f2n t\u1ea1o ra m\u1ed9t \u0111i\u1ec3m c\u1ea7m n\u1eafm t\u1ef1 nhi\u00ean 360 \u0111\u1ed9, cho ph\u00e9p b\u1ea1n c\u1ea7m b\u1eb1ng m\u1ed9t tay, hai tay ho\u1eb7c th\u1eadm ch\u00ed tr\u01b0\u1ee3t n\u00f3 l\u00ean c\u00e1nh tay ho\u1eb7c ch\u00e2n. Kh\u1ea3 n\u0103ng \u201ctr\u01b0\u1ee3t qua\u201d n\u00e0y m\u1edf ra c\u00e1c \u0111\u1ed9ng t\u00e1c d\u1ef1a tr\u00ean s\u1ef1 l\u01b0u lo\u00e1t, c\u00e1c b\u00e0i t\u1eadp n\u00e9m v\u00e0 c\u00e1c b\u00e0i t\u1eadp c\u01a1 l\u00f5i n\u0103ng \u0111\u1ed9ng, mang l\u1ea1i c\u1ea3m gi\u00e1c gi\u1ed1ng nh\u01b0 ch\u01a1i h\u01a1n l\u00e0 t\u1eadp luy\u1ec7n. N\u00f3 t\u1ef1 nhi\u00ean khuy\u1ebfn kh\u00edch \u0111\u1ed9ng t\u00e1c n\u00e9m, k\u1ebft h\u1ee3p s\u1ef1 ph\u1ed1i h\u1ee3p tay-m\u1eaft v\u00e0 th\u1eddi gian ph\u1ea3n \u1ee9ng c\u00f9ng v\u1edbi s\u1ee9c m\u1ea1nh c\u01a1 b\u1eafp.<\/p>\n<p>An to\u00e0n l\u00e0 y\u1ebfu t\u1ed1 c\u1ed1t l\u00f5i trong thi\u1ebft k\u1ebf. Donut Weight \u0111\u01b0\u1ee3c ch\u1ebf t\u1ea1o t\u1eeb c\u00e1c v\u1eadt li\u1ec7u m\u1ec1m m\u1ea1i (v\u1ea3i polyester ch\u1ee9a c\u00e1c m\u1ea3nh kim lo\u1ea1i\/c\u00e1t), mang l\u1ea1i c\u1ea3m gi\u00e1c m\u1ec1m m\u1ea1i khi ch\u1ea1m v\u00e0o v\u00e0 \u00edt g\u00e2y h\u01b0 h\u1ecfng n\u1ebfu v\u00f4 t\u00ecnh l\u00e0m r\u01a1i. \u0110i\u1ec1u n\u00e0y gi\u00fap gi\u1ea3m thi\u1ec3u nguy c\u01a1 ch\u1ea5n th\u01b0\u01a1ng v\u00e0 b\u1ea3o v\u1ec7 s\u00e0n nh\u00e0, khi\u1ebfn s\u1ea3n ph\u1ea9m tr\u1edf n\u00ean l\u00fd t\u01b0\u1edfng cho vi\u1ec7c s\u1eed d\u1ee5ng t\u1ea1i nh\u00e0, ph\u00f2ng t\u1eadp yoga ho\u1eb7c c\u00e1c m\u00f4i tr\u01b0\u1eddng c\u00f3 tr\u1ebb em. H\u00ecnh d\u1ea1ng v\u00f2ng tr\u00f2n c\u0169ng r\u1ea5t ph\u00f9 h\u1ee3p \u0111\u1ec3 ch\u1ec9nh t\u01b0 th\u1ebf v\u00e0 h\u1ed7 tr\u1ee3 k\u00e9o gi\u00e3n c\u01a1; b\u1ea1n c\u00f3 th\u1ec3 s\u1eed d\u1ee5ng n\u00f3 nh\u01b0 m\u1ed9t v\u1eadt \u0111\u1ed1i tr\u1ecdng \u0111\u1ec3 t\u0103ng \u0111\u1ed9 s\u00e2u khi squat ho\u1eb7c nh\u01b0 m\u1ed9t d\u1ee5ng c\u1ee5 yoga \u0111\u1ec3 m\u1edf r\u1ed9ng ph\u1ea1m vi v\u1eadn \u0111\u1ed9ng. V\u1edbi c\u00e1c v\u1ea1ch \u0111\u00e1nh d\u1ea5u l\u1edbn, d\u1ec5 \u0111\u1ecdc v\u00e0 thi\u1ebft k\u1ebf b\u1eaft m\u1eaft, Donut Weight m\u1eddi g\u1ecdi b\u1ea1n \u0111\u1ecbnh h\u00ecnh cu\u1ed9c s\u1ed1ng c\u1ee7a m\u00ecnh th\u00f4ng qua nh\u1eefng \u0111\u1ed9ng t\u00e1c d\u1ec5 th\u1ef1c hi\u1ec7n, an to\u00e0n v\u00e0 th\u1ef1c s\u1ef1 th\u00fa v\u1ecb.<\/p>\n<h3>1. Tay c\u1ea7m h\u00ecnh v\u00f2ng theo nguy\u00ean t\u1eafc c\u00f4ng th\u00e1i h\u1ecdc<\/h3>\n<p>Tay c\u1ea7m 360 \u0111\u1ed9 ch\u00ednh l\u00e0 \u0111i\u1ec3m \u0111\u1ed9t ph\u00e1. Kh\u00e1c v\u1edbi t\u1ea1 \u0111\u01a1n ch\u1ec9 c\u00f3 m\u1ed9t tay c\u1ea7m, Donut cho ph\u00e9p b\u1ea1n c\u1ea7m n\u1eafm \u1edf b\u1ea5t k\u1ef3 v\u1ecb tr\u00ed n\u00e0o. \u0110i\u1ec1u n\u00e0y gi\u00fap gi\u1ea3m \u00e1p l\u1ef1c l\u00ean c\u1ed5 tay v\u00e0 t\u1ea1o ra nh\u1eefng chuy\u1ec3n \u0111\u1ed9ng m\u01b0\u1ee3t m\u00e0 \u2014 vi\u1ec7c chuy\u1ec3n t\u1ea1 t\u1eeb tay n\u00e0y sang tay kia quanh c\u01a1 th\u1ec3 (halos) tr\u1edf n\u00ean uy\u1ec3n chuy\u1ec3n v\u00e0 nh\u1ecbp nh\u00e0ng. C\u1ea3m gi\u00e1c c\u1ea7m n\u1eafm r\u1ea5t t\u1ef1 nhi\u00ean.<\/p>\n<h3>2. Ch\u1ea5t li\u1ec7u m\u1ec1m m\u1ea1i v\u00e0 an to\u00e0n<\/h3>\n<p>\u0110\u01b0\u1ee3c l\u00e0m t\u1eeb v\u1ea3i v\u00e0 ch\u1ea5t \u0111\u1ed9n m\u1ec1m, qu\u1ea3 t\u1ea1 n\u00e0y kh\u00f4ng ph\u1ea3i l\u00e0 v\u1eadt d\u1ee5ng b\u1eb1ng kim lo\u1ea1i c\u1ee9ng. N\u1ebfu v\u00f4 t\u00ecnh l\u00e0m r\u01a1i n\u00f3 v\u00e0o ng\u00f3n ch\u00e2n, b\u1ea1n s\u1ebd kh\u00f4ng b\u1ecb g\u00e3y x\u01b0\u01a1ng. N\u1ebfu l\u00e0m r\u01a1i n\u00f3 xu\u1ed1ng s\u00e0n, n\u00f3 s\u1ebd kh\u00f4ng l\u00e0m v\u1ee1 g\u1ea1ch. Y\u1ebfu t\u1ed1 an to\u00e0n n\u00e0y khi\u1ebfn n\u00f3 tr\u1edf th\u00e0nh l\u1ef1a ch\u1ecdn l\u00fd t\u01b0\u1edfng cho c\u00e1c b\u00e0i t\u1eadp n\u00e9m \u0111\u1ed9ng, b\u00e0i t\u1eadp chuy\u1ec1n b\u00f3ng v\u1edbi b\u1ea1n t\u1eadp v\u00e0 c\u00e1c bu\u1ed5i t\u1eadp t\u1ea1i nh\u00e0.<\/p>\n<h3>3. Luy\u1ec7n t\u1eadp d\u00f2ng ch\u1ea3y \u0111a n\u0103ng<\/h3>\n<p>H\u00ecnh d\u00e1ng c\u1ee7a d\u1ee5ng c\u1ee5 n\u00e0y khuy\u1ebfn kh\u00edch v\u1eadn \u0111\u1ed9ng. N\u00f3 r\u1ea5t ph\u00f9 h\u1ee3p cho c\u00e1c b\u00e0i t\u1eadp \u201cflow\u201d k\u1ebft h\u1ee3p gi\u1eefa r\u00e8n luy\u1ec7n s\u1ee9c m\u1ea1nh, khi\u00eau v\u0169 v\u00e0 yoga. B\u1ea1n c\u00f3 th\u1ec3 vung, \u0111\u1ea9y ho\u1eb7c gi\u1eef th\u0103ng b\u1eb1ng v\u1edbi n\u00f3. D\u1ee5ng c\u1ee5 n\u00e0y k\u00edch ho\u1ea1t c\u00e1c c\u01a1 \u1ed5n \u0111\u1ecbnh theo c\u00e1ch m\u00e0 vi\u1ec7c n\u00e2ng t\u1ea1 t\u0129nh kh\u00f4ng l\u00e0m \u0111\u01b0\u1ee3c, t\u1eeb \u0111\u00f3 gi\u00fap c\u1ea3i thi\u1ec7n kh\u1ea3 n\u0103ng v\u1eadn \u0111\u1ed9ng ch\u1ee9c n\u0103ng v\u00e0 s\u1ef1 ph\u1ed1i h\u1ee3p.<\/p>\n<h3>4. D\u1ee5ng c\u1ee5 t\u1eadp Yoga &amp; Pilates<\/h3>\n<p>Ngo\u00e0i ch\u1ee9c n\u0103ng n\u00e2ng t\u1ea1, n\u00f3 c\u00f2n \u0111\u00f3ng vai tr\u00f2 nh\u01b0 m\u1ed9t d\u1ee5ng c\u1ee5 h\u1ed7 tr\u1ee3 c\u00f3 tr\u1ecdng l\u01b0\u1ee3ng. N\u00f3 c\u00f3 th\u1ec3 \u0111\u01b0\u1ee3c s\u1eed d\u1ee5ng \u0111\u1ec3 t\u0103ng l\u1ef1c c\u1ea3n cho b\u00e0i t\u1eadp xoay ch\u00e2n trong Pilates ho\u1eb7c l\u00e0m \u0111\u1ed1i tr\u1ecdng gi\u00fap ng\u01b0\u1eddi m\u1edbi b\u1eaft \u0111\u1ea7u th\u1ef1c hi\u1ec7n \u0111\u1ed9ng t\u00e1c squat s\u00e2u (Goblet Squat) v\u1edbi t\u01b0 th\u1ebf chu\u1ea9n. N\u00f3 h\u1ed7 tr\u1ee3 vi\u1ec7c k\u00e9o gi\u00e3n c\u01a1 b\u1eb1ng c\u00e1ch \u0111\u00f3ng vai tr\u00f2 nh\u01b0 m\u1ed9t \u0111i\u1ec3m t\u1ef1a nh\u1eb9 nh\u00e0ng.<\/p>\n<h3>5. Th\u1ea9m m\u1ef9 &amp; G\u1ea7n g\u0169i<\/h3>\n<p>N\u00f3 tr\u00f4ng r\u1ea5t th\u00e2n thi\u1ec7n. Donut Weight gi\u00fap x\u00f3a b\u1ecf \u1ea5n t\u01b0\u1ee3ng \u201c\u0111\u00e1ng s\u1ee3\u201d th\u01b0\u1eddng g\u1eafn li\u1ec1n v\u1edbi c\u00e1c thi\u1ebft b\u1ecb t\u1eadp th\u1ec3 d\u1ee5c b\u1eb1ng s\u1eaft. S\u1ea3n ph\u1ea9m n\u00e0y ho\u00e0n to\u00e0n ph\u00f9 h\u1ee3p v\u1edbi ph\u00f2ng kh\u00e1ch hi\u1ec7n \u0111\u1ea1i ho\u1eb7c ph\u00f2ng t\u1eadp nh\u1ecf. C\u00e1c con s\u1ed1 l\u1edbn v\u00e0 r\u00f5 r\u00e0ng gi\u00fap vi\u1ec7c ch\u1ecdn m\u1ee9c t\u1ea1 tr\u1edf n\u00ean d\u1ec5 d\u00e0ng.<\/p>\n<h3>\u0110\u1ed1i t\u01b0\u1ee3ng d\u00e0nh cho ai?<\/h3>\n<ul style=\"list-style-position: inside; padding-left: 0;\">\n<li>Nh\u1eefng ng\u01b0\u1eddi t\u1eadp yoga v\u00e0 Pilates \u0111ang t\u0103ng c\u01b0\u1eddng \u0111\u1ed9 kh\u00e1ng l\u1ef1c.<\/li>\n<li>Ng\u01b0\u1eddi cao tu\u1ed5i \u0111ang t\u00ecm ki\u1ebfm nh\u1eefng qu\u1ea3 t\u1ea1 an to\u00e0n v\u00e0 d\u1ec5 c\u1ea7m n\u1eafm.<\/li>\n<li>Ng\u01b0\u1eddi d\u00f9ng gia \u0111\u00ecnh mong mu\u1ed1n c\u00f3 thi\u1ebft b\u1ecb ho\u1ea1t \u0111\u1ed9ng \u00eam \u00e1i v\u00e0 kh\u00f4ng g\u00e2y h\u01b0 h\u1ea1i s\u00e0n nh\u00e0.<\/li>\n<li>C\u00e1c hu\u1ea5n luy\u1ec7n vi\u00ean \u0111ang th\u1ef1c hi\u1ec7n c\u00e1c b\u00e0i t\u1eadp n\u00e9m \u0111\u1ed1i t\u00e1c ho\u1eb7c r\u00e8n luy\u1ec7n ph\u1ea3n x\u1ea1.<\/li>\n<li>Ai c\u1ea3m th\u1ea5y nh\u00e0m ch\u00e1n v\u1edbi nh\u1eefng chi\u1ebfc t\u1ea1 tay truy\u1ec1n th\u1ed1ng.<\/li>\n<\/ul>\n<h3>Th\u00f4ng s\u1ed1 k\u1ef9 thu\u1eadt s\u1ea3n ph\u1ea9m<\/h3>\n<table border=\"1\" width=\"100%\" cellspacing=\"0\" cellpadding=\"5\">\n<tbody>\n<tr>\n<td><strong>M\u1eabu<\/strong><\/td>\n<td>W09AD014<\/td>\n<\/tr>\n<tr>\n<td><strong>Ch\u1ea5t li\u1ec7u<\/strong><\/td>\n<td>Polyester, m\u1ea3nh kim lo\u1ea1i<\/td>\n<\/tr>\n<tr>\n<td><strong>H\u00ecnh d\u1ea1ng<\/strong><\/td>\n<td>V\u00f2ng \/ B\u00e1nh r\u00e1n<\/td>\n<\/tr>\n<tr>\n<td><strong>Tr\u1ecdng l\u01b0\u1ee3ng<\/strong><\/td>\n<td>1, 2, 3, 4, 5 kg<\/td>\n<\/tr>\n<tr>\n<td><strong>T\u00ednh n\u0103ng<\/strong><\/td>\n<td>M\u1ec1m m\u1ea1i, d\u1ec5 u\u1ed1n cong, thi\u1ebft k\u1ebf ph\u00f9 h\u1ee3p v\u1edbi c\u01a1 th\u1ec3<\/td>\n<\/tr>\n<\/tbody>\n<\/table>","protected":false},"excerpt":{"rendered":"<p>V\u00f2ng t\u1ea1 Donut Weight c\u1ee7a Alex Athletics mang \u0111\u1ebfn m\u1ed9t \u0111\u1ecbnh ngh\u0129a m\u1edbi cho vi\u1ec7c t\u1eadp luy\u1ec7n s\u1ee9c m\u1ea1nh nh\u1edd h\u00ecnh d\u00e1ng v\u00f2ng tr\u00f2n s\u00e1ng t\u1ea1o v\u00e0 c\u1ea5u tr\u00fac m\u1ec1m m\u1ea1i. \u0110\u01b0\u1ee3c thi\u1ebft k\u1ebf v\u1edbi ti\u00eau ch\u00ed an to\u00e0n v\u00e0 t\u00ednh linh ho\u1ea1t, v\u00f2ng t\u1ea1 n\u00e0y cho ph\u00e9p ng\u01b0\u1eddi d\u00f9ng c\u1ea7m n\u1eafm t\u1ef1 nhi\u00ean \u1edf m\u1ecdi g\u00f3c \u0111\u1ed9 360 \u0111\u1ed9, khi\u1ebfn n\u00f3 tr\u1edf th\u00e0nh l\u1ef1a ch\u1ecdn ho\u00e0n h\u1ea3o cho c\u00e1c \u0111\u1ed9ng t\u00e1c chuy\u1ec3n \u0111\u1ed9ng li\u00ean t\u1ee5c, b\u00e0i t\u1eadp n\u00e9m v\u00e0 c\u00e1c b\u00e0i t\u1eadp c\u00f9ng \u0111\u1ed1i t\u00e1c. \u0110\u01b0\u1ee3c l\u00e0m t\u1eeb ch\u1ea5t li\u1ec7u m\u1ec1m m\u1ea1i, kh\u00f4ng g\u00e2y h\u01b0 h\u1ea1i cho s\u00e0n nh\u00e0 hay ng\u00f3n ch\u00e2n, \u0111\u00e2y l\u00e0 ph\u1ee5 ki\u1ec7n l\u00fd t\u01b0\u1edfng cho c\u00e1c b\u00e0i t\u1eadp Yoga, Pilates v\u00e0 c\u00e1c b\u00e0i t\u1eadp th\u1ec3 d\u1ee5c t\u1ea1i nh\u00e0. Vui nh\u1ed9n, ti\u1ec7n d\u1ee5ng v\u00e0 ch\u1ee9c n\u0103ng, s\u1ea3n ph\u1ea9m n\u00e0y m\u1eddi g\u1ecdi b\u1ea1n kh\u00e1m ph\u00e1 nh\u1eefng c\u00e1ch v\u1eadn \u0111\u1ed9ng m\u1edbi.<\/p>","protected":false},"featured_media":3667,"comment_status":"open","ping_status":"closed","template":"","meta":{"inline_featured_image":false,"site-sidebar-layout":"default","site-content-layout":"","ast-site-content-layout":"default","site-content-style":"default","site-sidebar-style":"default","ast-global-header-display":"","ast-banner-title-visibility":"","ast-main-header-display":"","ast-hfb-above-header-display":"","ast-hfb-below-header-display":"","ast-hfb-mobile-header-display":"","site-post-title":"","ast-breadcrumbs-content":"","ast-featured-img":"","footer-sml-layout":"","ast-disable-related-posts":"","theme-transparent-header-meta":"default","adv-header-id-meta":"","stick-header-meta":"default","header-above-stick-meta":"","header-main-stick-meta":"","header-below-stick-meta":"","astra-migrate-meta-layouts":"set","ast-page-background-enabled":"default","ast-page-background-meta":{"desktop":{"background-color":"","background-image":"","background-repeat":"repeat","background-position":"center center","background-size":"auto","background-attachment":"scroll","background-type":"","background-media":"","overlay-type":"","overlay-color":"","overlay-opacity":"","overlay-gradient":""},"tablet":{"background-color":"","background-image":"","background-repeat":"repeat","background-position":"center center","background-size":"auto","background-attachment":"scroll","background-type":"","background-media":"","overlay-type":"","overlay-color":"","overlay-opacity":"","overlay-gradient":""},"mobile":{"background-color":"","background-image":"","background-repeat":"repeat","background-position":"center center","background-size":"auto","background-attachment":"scroll","background-type":"","background-media":"","overlay-type":"","overlay-color":"","overlay-opacity":"","overlay-gradient":""}},"ast-content-background-meta":{"desktop":{"background-color":"var(--ast-global-color-5)","background-image":"","background-repeat":"repeat","background-position":"center center","background-size":"auto","background-attachment":"scroll","background-type":"","background-media":"","overlay-type":"","overlay-color":"","overlay-opacity":"","overlay-gradient":""},"tablet":{"background-color":"var(--ast-global-color-5)","background-image":"","background-repeat":"repeat","background-position":"center center","background-size":"auto","background-attachment":"scroll","background-type":"","background-media":"","overlay-type":"","overlay-color":"","overlay-opacity":"","overlay-gradient":""},"mobile":{"background-color":"var(--ast-global-color-5)","background-image":"","background-repeat":"repeat","background-position":"center center","background-size":"auto","background-attachment":"scroll","background-type":"","background-media":"","overlay-type":"","overlay-color":"","overlay-opacity":"","overlay-gradient":""}}},"product_brand":[],"product_cat":[55],"product_tag":[62],"class_list":{"0":"post-2944","1":"product","2":"type-product","3":"status-publish","4":"has-post-thumbnail","6":"product_cat-free-weight-training","7":"product_tag-loopa","8":"desktop-align-left","9":"tablet-align-left","10":"mobile-align-left","12":"first","13":"instock","14":"shipping-taxable","15":"purchasable","16":"product-type-simple"},"_links":{"self":[{"href":"https:\/\/alexathletics1982.com\/vi\/wp-json\/wp\/v2\/product\/2944","targetHints":{"allow":["GET"]}}],"collection":[{"href":"https:\/\/alexathletics1982.com\/vi\/wp-json\/wp\/v2\/product"}],"about":[{"href":"https:\/\/alexathletics1982.com\/vi\/wp-json\/wp\/v2\/types\/product"}],"replies":[{"embeddable":true,"href":"https:\/\/alexathletics1982.com\/vi\/wp-json\/wp\/v2\/comments?post=2944"}],"wp:featuredmedia":[{"embeddable":true,"href":"https:\/\/alexathletics1982.com\/vi\/wp-json\/wp\/v2\/media\/3667"}],"wp:attachment":[{"href":"https:\/\/alexathletics1982.com\/vi\/wp-json\/wp\/v2\/media?parent=2944"}],"wp:term":[{"taxonomy":"product_brand","embeddable":true,"href":"https:\/\/alexathletics1982.com\/vi\/wp-json\/wp\/v2\/product_brand?post=2944"},{"taxonomy":"product_cat","embeddable":true,"href":"https:\/\/alexathletics1982.com\/vi\/wp-json\/wp\/v2\/product_cat?post=2944"},{"taxonomy":"product_tag","embeddable":true,"href":"https:\/\/alexathletics1982.com\/vi\/wp-json\/wp\/v2\/product_tag?post=2944"}],"curies":[{"name":"wp","href":"https:\/\/api.w.org\/{rel}","templated":true}]}}