{"id":2946,"date":"2026-01-23T20:20:40","date_gmt":"2026-01-23T12:20:40","guid":{"rendered":"https:\/\/alexathletics1982.com\/?post_type=product&#038;p=2946"},"modified":"2026-04-09T00:05:44","modified_gmt":"2026-04-08T16:05:44","slug":"lien-ket-trong-luong","status":"publish","type":"product","link":"https:\/\/alexathletics1982.com\/vi\/weight-link\/","title":{"rendered":"Li\u00ean k\u1ebft v\u1ec1 c\u00e2n n\u1eb7ng"},"content":{"rendered":"<h2>Kh\u00e1ng l\u1ef1c \u0111\u1ed9ng: D\u00e2y t\u1ea1 \u0111a n\u0103ng<\/h2>\n<p>Tr\u1ecdng l\u01b0\u1ee3ng t\u0129nh l\u00e0 \u0111i\u1ec1u c\u00f3 th\u1ec3 d\u1ef1 \u0111o\u00e1n \u0111\u01b0\u1ee3c; c\u00f2n th\u1ebf gi\u1edbi th\u1ef1c th\u00ec kh\u00f4ng. S\u1ea3n ph\u1ea9m Weight Link c\u1ee7a Alex Athletics mang \u0111\u1ebfn kh\u00e1i ni\u1ec7m \u201cKh\u00e1ng l\u1ef1c bi\u1ebfn \u0111\u1ed5i\u201d cho qu\u00e1 tr\u00ecnh t\u1eadp luy\u1ec7n c\u1ee7a b\u1ea1n d\u01b0\u1edbi d\u1ea1ng thi\u1ebft b\u1ecb ti\u1ec7n d\u1ee5ng v\u00e0 d\u1ec5 mang theo. Gi\u1ed1ng nh\u01b0 vi\u1ec7c s\u1eed d\u1ee5ng x\u00edch n\u1eb7ng trong m\u00f4n c\u1eed t\u1ea1, Weight Link ho\u1ea1t \u0111\u1ed9ng b\u1eb1ng c\u00e1ch t\u0103ng t\u1ea3i tr\u1ecdng m\u1ed9t c\u00e1ch linh ho\u1ea1t khi b\u1ea1n di chuy\u1ec3n qua c\u00e1c bi\u00ean \u0111\u1ed9 chuy\u1ec3n \u0111\u1ed9ng. Khi b\u1ea1n nh\u1ea5c Weight Link l\u00ean kh\u1ecfi s\u00e0n, tr\u1ecdng l\u01b0\u1ee3ng s\u1ebd t\u0103ng l\u00ean; khi b\u1ea1n h\u1ea1 xu\u1ed1ng, tr\u1ecdng l\u01b0\u1ee3ng s\u1ebd gi\u1ea3m xu\u1ed1ng. \u0110i\u1ec1u n\u00e0y ph\u00f9 h\u1ee3p v\u1edbi \u0111\u01b0\u1eddng cong s\u1ee9c m\u1ea1nh t\u1ef1 nhi\u00ean c\u1ee7a c\u01a1 th\u1ec3 \u2014 b\u1ea1n m\u1ea1nh h\u01a1n \u1edf \u0111i\u1ec3m cao nh\u1ea5t c\u1ee7a \u0111\u1ed9ng t\u00e1c n\u00e2ng so v\u1edbi \u0111i\u1ec3m th\u1ea5p nh\u1ea5t. B\u1eb1ng c\u00e1ch \u0111i\u1ec1u ch\u1ec9nh l\u1ef1c c\u1ea3n ph\u00f9 h\u1ee3p v\u1edbi c\u01a1 ch\u1ebf sinh h\u1ecdc c\u1ee7a b\u1ea1n, Weight Link cho ph\u00e9p b\u1ea1n t\u1ed1i \u0111a h\u00f3a s\u1ef1 tham gia c\u1ee7a c\u01a1 b\u1eafp v\u00e0 s\u1ee9c m\u1ea1nh m\u00e0 kh\u00f4ng g\u00e2y qu\u00e1 t\u1ea3i cho c\u00e1c kh\u1edbp \u1edf nh\u1eefng \u0111i\u1ec3m y\u1ebfu nh\u1ea5t.<\/p>\n<p>\u0110\u01b0\u1ee3c ch\u1ebf t\u1ea1o t\u1eeb l\u1edbp v\u1ecf b\u1eb1ng neoprene ho\u1eb7c PVC m\u1ec1m m\u1ea1i, b\u1ec1n b\u1ec9 v\u00e0 ch\u1ee9a \u0111\u1ea7y c\u00e1t (ho\u1eb7c v\u1eadt li\u1ec7u c\u00f3 \u0111\u1ed9 \u0111\u1eb7c t\u01b0\u01a1ng t\u1ef1), Weight Link an to\u00e0n khi s\u1eed d\u1ee5ng tr\u00ean m\u1ecdi lo\u1ea1i s\u00e0n v\u00e0 mang l\u1ea1i c\u1ea3m gi\u00e1c tho\u1ea3i m\u00e1i khi ti\u1ebfp x\u00fac v\u1edbi c\u01a1 th\u1ec3. Kh\u00e1c v\u1edbi nh\u1eefng s\u1ee3i x\u00edch kim lo\u1ea1i hay ph\u00e1t ra ti\u1ebfng k\u00eau l\u1ea1ch c\u1ea1ch v\u00e0 d\u1ec5 b\u1ecb g\u1ec9 s\u00e9t, Weight Link ho\u1ea1t \u0111\u1ed9ng \u00eam \u00e1i v\u00e0 \u0111a n\u0103ng. B\u1ea1n c\u00f3 th\u1ec3 \u0111eo n\u00f3 qua vai \u0111\u1ec3 th\u1ef1c hi\u1ec7n b\u00e0i t\u1eadp squat c\u00f3 t\u1ea1, c\u1ea7m n\u00f3 \u0111\u1ec3 th\u1ef1c hi\u1ec7n b\u00e0i t\u1eadp cu\u1ed1n t\u1ea1, ho\u1eb7c g\u1eafn n\u00f3 v\u00e0o t\u1ea1 \u0111\u01a1n \u0111\u1ec3 th\u00eam y\u1ebfu t\u1ed1 kh\u00f4ng \u1ed5n \u0111\u1ecbnh v\u00e0 dao \u0111\u1ed9ng v\u00e0o c\u00e1c \u0111\u1ed9ng t\u00e1c \u0111\u1ea9y. S\u1ef1 kh\u00f4ng \u1ed5n \u0111\u1ecbnh n\u00e0y bu\u1ed9c c\u00e1c c\u01a1 \u1ed5n \u0111\u1ecbnh ph\u1ea3i ho\u1ea1t \u0111\u1ed9ng, bi\u1ebfn c\u00e1c b\u00e0i t\u1eadp \u0111\u01a1n gi\u1ea3n th\u00e0nh c\u00e1c b\u00e0i t\u1eadp ph\u1ed1i h\u1ee3p to\u00e0n th\u00e2n. C\u00f3 s\u1eb5n c\u00e1c phi\u00ean b\u1ea3n 3kg, 6kg v\u00e0 10kg, \u0111\u00e2y l\u00e0 c\u00f4ng c\u1ee5 bi\u1ebfn c\u00e1c bu\u1ed5i t\u1eadp th\u00f4ng th\u01b0\u1eddng th\u00e0nh c\u00e1c bu\u1ed5i t\u1eadp \u0111i\u1ec1u ki\u1ec7n th\u1ec3 thao ch\u1ee9c n\u0103ng.<\/p>\n<h3>1. T\u1eadp luy\u1ec7n v\u1edbi m\u1ee9c kh\u00e1ng l\u1ef1c thay \u0111\u1ed5i<\/h3>\n<p>Thi\u1ebft b\u1ecb Weight Link m\u00f4 ph\u1ecfng hi\u1ec7u \u1ee9ng c\u1ee7a vi\u1ec7c n\u00e2ng x\u00edch. Khi b\u1ea1n nh\u1ea5c n\u00f3 l\u00ean kh\u1ecfi m\u1eb7t \u0111\u1ea5t, c\u00e0ng nhi\u1ec1u m\u1eaft x\u00edch (ho\u1eb7c \u0111o\u1ea1n x\u00edch) r\u1eddi kh\u1ecfi s\u00e0n, khi\u1ebfn tr\u1ecdng l\u01b0\u1ee3ng tr\u1edf n\u00ean n\u1eb7ng h\u01a1n \u1edf \u0111\u1ec9nh c\u1ee7a \u0111\u1ed9ng t\u00e1c. Kh\u00e1ng l\u1ef1c th\u00edch \u1ee9ng n\u00e0y th\u00fac \u0111\u1ea9y b\u1ea1n t\u0103ng t\u1ed1c qua giai \u0111o\u1ea1n kh\u00f3a kh\u1edbp, gi\u00fap ph\u00e1t tri\u1ec3n s\u1ee9c m\u1ea1nh b\u00f9ng n\u1ed5 v\u00e0 ph\u00e1 v\u1ee1 ng\u01b0\u1ee1ng gi\u1edbi h\u1ea1n s\u1ee9c m\u1ea1nh trong c\u00e1c b\u00e0i t\u1eadp squat v\u00e0 \u0111\u1ea9y t\u1ea1.<\/p>\n<h3>2. Thi\u1ebft k\u1ebf m\u1ec1m m\u1ea1i v\u00e0 an to\u00e0n<\/h3>\n<p>An to\u00e0n l\u00e0 \u01b0u ti\u00ean h\u00e0ng \u0111\u1ea7u. Thi\u1ebft k\u1ebf v\u1ecf m\u1ec1m gi\u00fap ng\u0103n ng\u1eeba ch\u1ea5n th\u01b0\u01a1ng n\u1ebfu t\u1ea1 va v\u00e0o c\u01a1 th\u1ec3 v\u00e0 b\u1ea3o v\u1ec7 s\u00e0n nh\u00e0 kh\u1ecfi tr\u1ea7y x\u01b0\u1edbc. S\u1ea3n ph\u1ea9m ho\u1ea1t \u0111\u1ed9ng \u00eam \u00e1i, lo\u1ea1i b\u1ecf ti\u1ebfng \u1ed3n kim lo\u1ea1i ch\u00f3i tai th\u01b0\u1eddng th\u1ea5y \u1edf c\u00e1c lo\u1ea1i x\u00edch truy\u1ec1n th\u1ed1ng. \u0110i\u1ec1u n\u00e0y khi\u1ebfn s\u1ea3n ph\u1ea9m tr\u1edf n\u00ean l\u00fd t\u01b0\u1edfng cho ph\u00f2ng t\u1eadp t\u1ea1i nh\u00e0 v\u00e0 c\u00e1c l\u1edbp h\u1ecdc nh\u00f3m.<\/p>\n<h3>3. S\u1ef1 m\u1ea5t \u1ed5n \u0111\u1ecbnh \u0111\u1ed9ng<\/h3>\n<p>Khi \u0111\u01b0\u1ee3c g\u1eafn v\u00e0o thanh t\u1ea1 ho\u1eb7c t\u1ea1 \u0111\u01a1n, Weight Link s\u1ebd l\u1eafc l\u01b0 v\u00e0 di chuy\u1ec3n. S\u1ef1 dao \u0111\u1ed9ng n\u00e0y bu\u1ed9c c\u00e1c c\u01a1 v\u00f9ng l\u00f5i v\u00e0 c\u01a1 \u1ed5n \u0111\u1ecbnh ph\u1ea3i ho\u1ea1t \u0111\u1ed9ng h\u1ebft c\u00f4ng su\u1ea5t \u0111\u1ec3 gi\u1eef cho t\u1ea1 \u1ed5n \u0111\u1ecbnh. Ph\u01b0\u01a1ng ph\u00e1p \u201ct\u1eadp luy\u1ec7n h\u1ed7n lo\u1ea1n\u201d n\u00e0y gi\u00fap c\u1ea3i thi\u1ec7n s\u1ef1 \u1ed5n \u0111\u1ecbnh c\u1ee7a kh\u1edbp v\u00e0 kh\u1ea3 n\u0103ng nh\u1eadn th\u1ee9c v\u1ecb tr\u00ed c\u01a1 th\u1ec3, t\u1eeb \u0111\u00f3 chu\u1ea9n b\u1ecb cho c\u01a1 th\u1ec3 \u0111\u1ed1i ph\u00f3 v\u1edbi nh\u1eefng y\u00eau c\u1ea7u kh\u00f3 l\u01b0\u1eddng trong th\u1ec3 thao.<\/p>\n<h3>4. T\u00ednh linh ho\u1ea1t trong vi\u1ec7c ph\u1ed1i \u0111\u1ed3<\/h3>\n<p>Thi\u1ebft k\u1ebf linh ho\u1ea1t cho ph\u00e9p b\u1ea1n \u0111eo Weight Link quanh c\u1ed5 ho\u1eb7c vai m\u1ed9t c\u00e1ch tho\u1ea3i m\u00e1i. \u0110i\u1ec1u n\u00e0y gi\u00fap t\u0103ng c\u01b0\u1eddng \u0111\u1ed9 kh\u00e1ng l\u1ef1c cho c\u00e1c b\u00e0i t\u1eadp s\u1eed d\u1ee5ng tr\u1ecdng l\u01b0\u1ee3ng c\u01a1 th\u1ec3 nh\u01b0 ch\u1ed1ng \u0111\u1ea9y, b\u01b0\u1edbc lunge v\u00e0 k\u00e9o x\u00e0 m\u00e0 kh\u00f4ng c\u1ea7n \u0111\u1ebfn \u00e1o t\u1ea1. S\u1ea3n ph\u1ea9m \u00f4m s\u00e1t c\u01a1 th\u1ec3, mang l\u1ea1i c\u1ea3m gi\u00e1c ch\u1eafc ch\u1eafn v\u00e0 ph\u00e2n b\u1ed5 l\u1ef1c \u0111\u1ec1u \u0111\u1eb7n.<\/p>\n<h3>5. C\u00e1c ph\u01b0\u01a1ng ph\u00e1p t\u0103ng t\u1ea3i d\u1ea7n<\/h3>\n<p>C\u00f3 c\u00e1c lo\u1ea1i 3kg, 6kg v\u00e0 10kg, c\u00e1c Weight Links c\u00f3 th\u1ec3 \u0111\u01b0\u1ee3c s\u1eed d\u1ee5ng ri\u00eang l\u1ebb ho\u1eb7c k\u1ebft h\u1ee3p theo c\u1eb7p. Ch\u00fang mang \u0111\u1ebfn m\u1ed9t c\u00e1ch \u0111\u01a1n gi\u1ea3n \u0111\u1ec3 t\u0103ng d\u1ea7n m\u1ee9c t\u1ea1 trong c\u00e1c b\u00e0i t\u1eadp n\u00e2ng t\u1ea1 c\u1ee7a b\u1ea1n. Ch\u00fang c\u0169ng r\u1ea5t ph\u00f9 h\u1ee3p cho c\u00e1c b\u00e0i t\u1eadp drop set \u2014 ch\u1ec9 c\u1ea7n th\u00e1o Weight Link ra v\u00e0o cu\u1ed1i hi\u1ec7p \u0111\u1ec3 ti\u1ebfp t\u1ee5c th\u1ef1c hi\u1ec7n c\u00e1c l\u1ea7n l\u1eb7p v\u1edbi m\u1ee9c t\u1ea1 nh\u1eb9 h\u01a1n.<\/p>\n<h3>\u0110\u1ed1i t\u01b0\u1ee3ng d\u00e0nh cho ai?<\/h3>\n<ul style=\"list-style-position: inside; padding-left: 0;\">\n<li>C\u00e1c v\u1eadn \u0111\u1ed9ng vi\u00ean mong mu\u1ed1n n\u00e2ng cao s\u1ee9c m\u1ea1nh b\u00f9ng n\u1ed5 (t\u1eadp luy\u1ec7n v\u1edbi m\u1ee9c kh\u00e1ng l\u1ef1c t\u0103ng d\u1ea7n).<\/li>\n<li>Ch\u1ee7 c\u00e1c ph\u00f2ng t\u1eadp th\u1ec3 d\u1ee5c t\u1ea1i nh\u00e0 \u0111ang t\u00ecm ki\u1ebfm m\u1ed9t l\u1ef1a ch\u1ecdn y\u00ean t\u0129nh thay th\u1ebf cho c\u00e1c chu\u1ed7i ph\u00f2ng t\u1eadp.<\/li>\n<li>Nh\u1eefng ng\u01b0\u1eddi t\u1eadp th\u1ec3 d\u1ee5c nh\u1ecbp \u0111i\u1ec7u c\u1ea7n d\u1ee5ng c\u1ee5 t\u1ea1o l\u1ef1c c\u1ea3n c\u00f3 th\u1ec3 \u0111eo \u0111\u01b0\u1ee3c.<\/li>\n<li>Nh\u1eefng ng\u01b0\u1eddi t\u1eadp trung v\u00e0o s\u1ef1 \u1ed5n \u0111\u1ecbnh v\u00f9ng l\u00f5i v\u00e0 kh\u1ea3 n\u0103ng gi\u1eef th\u0103ng b\u1eb1ng.<\/li>\n<li>B\u1ec7nh nh\u00e2n ph\u1ee5c h\u1ed3i ch\u1ee9c n\u0103ng c\u1ea7n m\u1ee9c t\u1ea3i tr\u1ecdng thay \u0111\u1ed5i.<\/li>\n<\/ul>\n<h3>Th\u00f4ng s\u1ed1 k\u1ef9 thu\u1eadt s\u1ea3n ph\u1ea9m<\/h3>\n<table border=\"1\" width=\"100%\" cellspacing=\"0\" cellpadding=\"5\">\n<tbody>\n<tr>\n<td><strong>M\u1eabu<\/strong><\/td>\n<td>W09AD037<\/td>\n<\/tr>\n<tr>\n<td><strong>Ch\u1ea5t li\u1ec7u<\/strong><\/td>\n<td>PVC, Neoprene, C\u00e1t<\/td>\n<\/tr>\n<tr>\n<td><strong>Tr\u1ecdng l\u01b0\u1ee3ng<\/strong><\/td>\n<td>3, 6, 10 kg<\/td>\n<\/tr>\n<tr>\n<td><strong>Chi\u1ec1u d\u00e0i<\/strong><\/td>\n<td>2.000 mm<\/td>\n<\/tr>\n<tr>\n<td><strong>T\u00ednh n\u0103ng<\/strong><\/td>\n<td>T\u1ea3i tr\u1ecdng \u0111\u1ed9ng, V\u1ecf m\u1ec1m<\/td>\n<\/tr>\n<\/tbody>\n<\/table>","protected":false},"excerpt":{"rendered":"<p>S\u1ea3n ph\u1ea9m Weight Link c\u1ee7a Alex Athletics mang \u0111\u1ebfn nh\u1eefng l\u1ee3i \u00edch c\u1ee7a ph\u01b0\u01a1ng ph\u00e1p t\u1eadp luy\u1ec7n kh\u00e1ng l\u1ef1c bi\u1ebfn \u0111\u1ed5i cho ph\u00f2ng t\u1eadp t\u1ea1i nh\u00e0 c\u1ee7a b\u1ea1n. Ho\u1ea1t \u0111\u1ed9ng nh\u01b0 m\u1ed9t phi\u00ean b\u1ea3n m\u1ec1m m\u1ea1i v\u00e0 \u00eam \u00e1i h\u01a1n c\u1ee7a d\u00e2y x\u00edch t\u1eadp t\u1ea1, s\u1ea3n ph\u1ea9m n\u00e0y s\u1ebd t\u0103ng t\u1ea3i tr\u1ecdng m\u1ed9t c\u00e1ch linh ho\u1ea1t khi b\u1ea1n n\u00e2ng t\u1ea1, ph\u00f9 h\u1ee3p v\u1edbi \u0111\u01b0\u1eddng cong s\u1ee9c m\u1ea1nh c\u1ee7a c\u01a1 th\u1ec3 \u0111\u1ec3 ph\u00e1t tri\u1ec3n s\u1ee9c m\u1ea1nh an to\u00e0n v\u00e0 hi\u1ec7u qu\u1ea3 h\u01a1n. B\u1ea1n c\u00f3 th\u1ec3 qu\u00e0ng s\u1ea3n ph\u1ea9m l\u00ean vai \u0111\u1ec3 th\u1ef1c hi\u1ec7n c\u00e1c b\u00e0i t\u1eadp th\u1ec3 tr\u1ecdng c\u00f3 t\u1ea1 ho\u1eb7c g\u1eafn v\u00e0o thanh t\u1ea1 \u0111\u1ec3 t\u1eadp luy\u1ec7n s\u1ef1 \u1ed5n \u0111\u1ecbnh. An to\u00e0n cho s\u00e0n nh\u00e0 v\u00e0 tho\u1ea3i m\u00e1i khi s\u1eed d\u1ee5ng, s\u1ea3n ph\u1ea9m n\u00e0y mang \u0111\u1ebfn n\u00e9t th\u1ec3 thao v\u00e0 t\u00ednh n\u0103ng \u0111\u1ed9ng cho b\u1ea5t k\u1ef3 bu\u1ed5i t\u1eadp luy\u1ec7n n\u00e0o.<\/p>","protected":false},"featured_media":3673,"comment_status":"open","ping_status":"closed","template":"","meta":{"inline_featured_image":false,"site-sidebar-layout":"default","site-content-layout":"","ast-site-content-layout":"default","site-content-style":"default","site-sidebar-style":"default","ast-global-header-display":"","ast-banner-title-visibility":"","ast-main-header-display":"","ast-hfb-above-header-display":"","ast-hfb-below-header-display":"","ast-hfb-mobile-header-display":"","site-post-title":"","ast-breadcrumbs-content":"","ast-featured-img":"","footer-sml-layout":"","ast-disable-related-posts":"","theme-transparent-header-meta":"default","adv-header-id-meta":"","stick-header-meta":"default","header-above-stick-meta":"","header-main-stick-meta":"","header-below-stick-meta":"","astra-migrate-meta-layouts":"set","ast-page-background-enabled":"default","ast-page-background-meta":{"desktop":{"background-color":"","background-image":"","background-repeat":"repeat","background-position":"center center","background-size":"auto","background-attachment":"scroll","background-type":"","background-media":"","overlay-type":"","overlay-color":"","overlay-opacity":"","overlay-gradient":""},"tablet":{"background-color":"","background-image":"","background-repeat":"repeat","background-position":"center center","background-size":"auto","background-attachment":"scroll","background-type":"","background-media":"","overlay-type":"","overlay-color":"","overlay-opacity":"","overlay-gradient":""},"mobile":{"background-color":"","background-image":"","background-repeat":"repeat","background-position":"center center","background-size":"auto","background-attachment":"scroll","background-type":"","background-media":"","overlay-type":"","overlay-color":"","overlay-opacity":"","overlay-gradient":""}},"ast-content-background-meta":{"desktop":{"background-color":"var(--ast-global-color-5)","background-image":"","background-repeat":"repeat","background-position":"center center","background-size":"auto","background-attachment":"scroll","background-type":"","background-media":"","overlay-type":"","overlay-color":"","overlay-opacity":"","overlay-gradient":""},"tablet":{"background-color":"var(--ast-global-color-5)","background-image":"","background-repeat":"repeat","background-position":"center center","background-size":"auto","background-attachment":"scroll","background-type":"","background-media":"","overlay-type":"","overlay-color":"","overlay-opacity":"","overlay-gradient":""},"mobile":{"background-color":"var(--ast-global-color-5)","background-image":"","background-repeat":"repeat","background-position":"center center","background-size":"auto","background-attachment":"scroll","background-type":"","background-media":"","overlay-type":"","overlay-color":"","overlay-opacity":"","overlay-gradient":""}}},"product_brand":[],"product_cat":[55],"product_tag":[62],"class_list":{"0":"post-2946","1":"product","2":"type-product","3":"status-publish","4":"has-post-thumbnail","6":"product_cat-free-weight-training","7":"product_tag-loopa","8":"desktop-align-left","9":"tablet-align-left","10":"mobile-align-left","12":"first","13":"instock","14":"shipping-taxable","15":"purchasable","16":"product-type-simple"},"_links":{"self":[{"href":"https:\/\/alexathletics1982.com\/vi\/wp-json\/wp\/v2\/product\/2946","targetHints":{"allow":["GET"]}}],"collection":[{"href":"https:\/\/alexathletics1982.com\/vi\/wp-json\/wp\/v2\/product"}],"about":[{"href":"https:\/\/alexathletics1982.com\/vi\/wp-json\/wp\/v2\/types\/product"}],"replies":[{"embeddable":true,"href":"https:\/\/alexathletics1982.com\/vi\/wp-json\/wp\/v2\/comments?post=2946"}],"wp:featuredmedia":[{"embeddable":true,"href":"https:\/\/alexathletics1982.com\/vi\/wp-json\/wp\/v2\/media\/3673"}],"wp:attachment":[{"href":"https:\/\/alexathletics1982.com\/vi\/wp-json\/wp\/v2\/media?parent=2946"}],"wp:term":[{"taxonomy":"product_brand","embeddable":true,"href":"https:\/\/alexathletics1982.com\/vi\/wp-json\/wp\/v2\/product_brand?post=2946"},{"taxonomy":"product_cat","embeddable":true,"href":"https:\/\/alexathletics1982.com\/vi\/wp-json\/wp\/v2\/product_cat?post=2946"},{"taxonomy":"product_tag","embeddable":true,"href":"https:\/\/alexathletics1982.com\/vi\/wp-json\/wp\/v2\/product_tag?post=2946"}],"curies":[{"name":"wp","href":"https:\/\/api.w.org\/{rel}","templated":true}]}}