{"id":2947,"date":"2026-01-23T20:20:40","date_gmt":"2026-01-23T12:20:40","guid":{"rendered":"https:\/\/alexathletics1982.com\/?post_type=product&#038;p=2947"},"modified":"2026-04-10T20:02:13","modified_gmt":"2026-04-10T12:02:13","slug":"thanh-nhip","status":"publish","type":"product","link":"https:\/\/alexathletics1982.com\/vi\/rhythm-bar\/","title":{"rendered":"Qu\u1ea7y Rhythm"},"content":{"rendered":"<h2>\u00c2m thanh, Chuy\u1ec3n \u0111\u1ed9ng v\u00e0 Gi\u1ecdng \u0111i\u1ec7u: Thanh nh\u1ecbp \u0111i\u1ec7u \u00e2m nh\u1ea1c<\/h2>\n<p>T\u1eadp luy\u1ec7n h\u00f2a quy\u1ec7n c\u00f9ng nh\u1ecbp \u0111i\u1ec7u v\u1edbi Rhythm Bar c\u1ee7a Alex Athletics. C\u00f4ng c\u1ee5 c\u1ea7m tay s\u00e1ng t\u1ea1o n\u00e0y \u0111\u01b0\u1ee3c thi\u1ebft k\u1ebf \u0111\u1ec3 mang \u0111\u1ebfn chi\u1ec1u s\u00e2u v\u1ec1 th\u00ednh gi\u00e1c v\u00e0 v\u1eadn \u0111\u1ed9ng cho c\u00e1c b\u00e0i t\u1eadp aerobic. B\u00ean trong thanh l\u00e0 m\u1ed9t khoang ch\u1ee9a c\u00e1t s\u1eaft, di chuy\u1ec3n theo t\u1eebng \u0111\u1ed9ng t\u00e1c c\u1ee7a b\u1ea1n. Tr\u1ecdng l\u01b0\u1ee3ng d\u1ecbch chuy\u1ec3n n\u00e0y t\u1ea1o ra \u00e2m thanh nh\u1ecbp nh\u00e0ng \u201csh-sh\u201d, cung c\u1ea5p ph\u1ea3n h\u1ed3i th\u00ednh gi\u00e1c t\u1ee9c th\u00ec gi\u00fap b\u1ea1n duy tr\u00ec s\u1ef1 \u0111\u1ed3ng b\u1ed9 v\u1edbi nh\u1ecbp \u0111i\u1ec7u c\u1ee7a \u00e2m nh\u1ea1c ho\u1eb7c nh\u1ecbp th\u1edf c\u1ee7a ch\u00ednh m\u00ecnh. N\u00f3 bi\u1ebfn m\u1ed9t b\u00e0i t\u1eadp aerobic th\u00f4ng th\u01b0\u1eddng th\u00e0nh m\u1ed9t tr\u1ea3i nghi\u1ec7m c\u1ea3m gi\u00e1c, khuy\u1ebfn kh\u00edch s\u1ef1 ph\u1ed1i h\u1ee3p v\u00e0 c\u1ea3m gi\u00e1c th\u1eddi gian. Kh\u1ed1i l\u01b0\u1ee3ng chuy\u1ec3n \u0111\u1ed9ng c\u0169ng t\u1ea1o ra m\u1ed9t l\u1ef1c \u201cph\u1ea3n \u1ee9ng\u201d; khi b\u1ea1n d\u1eebng thanh, c\u00e1t v\u1eabn ti\u1ebfp t\u1ee5c di chuy\u1ec3n, bu\u1ed9c c\u00e1c c\u01a1 \u1ed5n \u0111\u1ecbnh c\u1ee7a b\u1ea1n ph\u1ea3i ho\u1ea1t \u0111\u1ed9ng \u0111\u1ec3 ki\u1ec3m so\u00e1t \u0111\u00e0. Hi\u1ec7u \u1ee9ng \u201cshake weight\u201d n\u00e0y t\u0103ng c\u01b0\u1eddng k\u00edch ho\u1ea1t c\u01a1 b\u1eafp \u1edf c\u00e1nh tay, vai v\u00e0 v\u00f9ng l\u00f5i m\u00e0 kh\u00f4ng c\u1ea7n \u0111\u1ebfn c\u00e1c t\u1ea1 t\u0129nh n\u1eb7ng.<\/p>\n<p>V\u1edbi thi\u1ebft k\u1ebf nh\u1eb9 nh\u00e0ng v\u00e0 d\u1ec5 s\u1eed d\u1ee5ng (c\u00f3 c\u00e1c phi\u00ean b\u1ea3n 0,25kg v\u00e0 0,5kg), Rhythm Bar l\u00e0 l\u1ef1a ch\u1ecdn ho\u00e0n h\u1ea3o \u0111\u1ec3 t\u0103ng c\u01b0\u1eddng \u0111\u1ed9 cho c\u00e1c b\u00e0i t\u1eadp khi\u00eau v\u0169 th\u1ec3 d\u1ee5c, Zumba, \u0111i b\u1ed9 ho\u1eb7c Pilates. Tay c\u1ea7m c\u00f3 k\u00edch th\u01b0\u1edbc (\u0110\u01b0\u1eddng k\u00ednh 38mm) ph\u00f9 h\u1ee3p v\u1edbi m\u1ecdi k\u00edch c\u1ee1 b\u00e0n tay v\u00e0 mang l\u1ea1i c\u1ea3m gi\u00e1c c\u1ea7m n\u1eafm ch\u1eafc ch\u1eafn. B\u1eb1ng c\u00e1ch k\u1ebft h\u1ee3p \u00e2m thanh, chuy\u1ec3n \u0111\u1ed9ng v\u00e0 l\u1ef1c c\u1ea3n, Rhythm Bar gi\u00fap vi\u1ec7c r\u00e8n luy\u1ec7n c\u01a1 b\u1eafp tr\u1edf n\u00ean th\u00fa v\u1ecb v\u00e0 h\u1ea5p d\u1eabn. N\u00f3 gi\u00fap b\u1ea1n qu\u00ean \u0111i s\u1ef1 m\u1ec7t m\u1ecfi khi t\u1eadp luy\u1ec7n, cho ph\u00e9p b\u1ea1n t\u1eadp luy\u1ec7n l\u00e2u h\u01a1n v\u00e0 t\u1eadn h\u01b0\u1edfng nhi\u1ec1u h\u01a1n. \u0110\u00e2y l\u00e0 m\u1ed9t d\u1ee5ng c\u1ee5 \u0111\u01a1n gi\u1ea3n gi\u00fap th\u00eam m\u1ed9t l\u1edbp tr\u1ea3i nghi\u1ec7m c\u1ea3m gi\u00e1c m\u1edbi v\u00e0o h\u00e0nh tr\u00ecnh t\u1eadp luy\u1ec7n c\u1ee7a b\u1ea1n.<\/p>\n<h3>1. Ph\u1ea3n h\u1ed3i nh\u1ecbp \u0111i\u1ec7u th\u00ednh gi\u00e1c<\/h3>\n<p>C\u00e1t s\u1eaft b\u00ean trong t\u1ea1o ra \u00e2m thanh g\u00f5 nh\u1ecbp m\u1ed7i khi di chuy\u1ec3n. Ph\u1ea3n h\u1ed3i n\u00e0y gi\u00fap ng\u01b0\u1eddi d\u00f9ng duy tr\u00ec nh\u1ecbp \u0111\u1ed9 trong c\u00e1c bu\u1ed5i t\u1eadp th\u1ec3 d\u1ee5c nh\u1ecbp \u0111i\u1ec7u ho\u1eb7c l\u1edbp h\u1ecdc khi\u00eau v\u0169. N\u00f3 bi\u1ebfn ng\u01b0\u1eddi d\u00f9ng th\u00e0nh m\u1ed9t ph\u1ea7n c\u1ee7a \u00e2m nh\u1ea1c, gi\u00fap c\u1ea3i thi\u1ec7n nh\u1ecbp \u0111i\u1ec7u v\u00e0 s\u1ef1 ph\u1ed1i h\u1ee3p. \u0110i\u1ec1u n\u00e0y khi\u1ebfn bu\u1ed5i t\u1eadp tr\u1edf n\u00ean gi\u1ed1ng nh\u01b0 m\u1ed9t bu\u1ed5i bi\u1ec3u di\u1ec5n.<\/p>\n<h3>2. Kh\u00e1ng l\u1ef1c \u0111\u1ed9ng h\u1ecdc ph\u1ea3n \u1ee9ng<\/h3>\n<p>Khi c\u00e1t d\u1ecbch chuy\u1ec3n, n\u00f3 t\u1ea1o ra m\u1ed9t l\u1ef1c \u0111\u1ea9y \u0111\u1ed9ng. Khi b\u1ea1n thay \u0111\u1ed5i h\u01b0\u1edbng \u0111\u1ed9t ng\u1ed9t (nh\u01b0 khi \u0111\u1ea5m ho\u1eb7c l\u1eafc ng\u01b0\u1eddi), c\u00e1t s\u1ebd va v\u00e0o \u0111\u1ea7u thanh t\u1ea1, bu\u1ed9c c\u00e1c c\u01a1 b\u1eafp c\u1ee7a b\u1ea1n ph\u1ea3i h\u1ea5p th\u1ee5 l\u1ef1c va ch\u1ea1m. Ph\u01b0\u01a1ng ph\u00e1p \u201ct\u1eadp luy\u1ec7n l\u1ef1c \u0111\u1ea9y\u201d n\u00e0y gi\u00fap s\u0103n ch\u1eafc c\u00e1nh tay v\u00e0 vai hi\u1ec7u qu\u1ea3 h\u01a1n so v\u1edbi vi\u1ec7c t\u1eadp v\u1edbi t\u1ea1 t\u0129nh c\u00f3 c\u00f9ng kh\u1ed1i l\u01b0\u1ee3ng.<\/p>\n<h3>3. K\u00edch ho\u1ea1t c\u01a1 l\u00f5i v\u00e0 c\u01a1 \u1ed5n \u0111\u1ecbnh<\/h3>\n<p>Vi\u1ec7c ki\u1ec3m so\u00e1t s\u1ef1 d\u1ecbch chuy\u1ec3n tr\u1ecdng l\u01b0\u1ee3ng \u0111\u00f2i h\u1ecfi s\u1ef1 \u1ed5n \u0111\u1ecbnh c\u1ee7a v\u00f9ng c\u01a1 l\u00f5i. D\u00f9 b\u1ea1n \u0111ang \u0111i b\u1ed9 hay nh\u1ea3y m\u00faa, s\u1ef1 chuy\u1ec3n \u0111\u1ed9ng c\u1ee7a c\u00e1t c\u0169ng s\u1ebd th\u1eed th\u00e1ch kh\u1ea3 n\u0103ng gi\u1eef th\u0103ng b\u1eb1ng c\u1ee7a b\u1ea1n m\u1ed9t ch\u00fat, bu\u1ed9c c\u00e1c c\u01a1 b\u1ee5ng ph\u1ea3i ho\u1ea1t \u0111\u1ed9ng \u0111\u1ec3 gi\u1eef cho ph\u1ea7n th\u00e2n tr\u00ean \u1ed5n \u0111\u1ecbnh. \u0110i\u1ec1u n\u00e0y bi\u1ebfn b\u00e0i t\u1eadp cardio th\u00e0nh m\u1ed9t bu\u1ed5i t\u1eadp nh\u1eb9 nh\u00e0ng gi\u00fap s\u0103n ch\u1eafc c\u01a1 th\u1ec3.<\/p>\n<h3>4. Nh\u1eb9 v\u00e0 d\u1ec5 ti\u1ebfp c\u1eadn<\/h3>\n<p>V\u1edbi tr\u1ecdng l\u01b0\u1ee3ng 0,25kg v\u00e0 0,5kg, nh\u1eefng thanh t\u1ea1 n\u00e0y \u0111\u01b0\u1ee3c thi\u1ebft k\u1ebf \u0111\u1ec3 t\u1eadp luy\u1ec7n v\u1edbi s\u1ed1 l\u1ea7n l\u1eb7p l\u1ea1i cao v\u00e0 t\u1ed1c \u0111\u1ed9 nhanh, ch\u1ee9 kh\u00f4ng ph\u1ea3i \u0111\u1ec3 \u0111\u1ea1t s\u1ee9c m\u1ea1nh t\u1ed1i \u0111a. Ch\u00fang ph\u00f9 h\u1ee3p v\u1edbi ng\u01b0\u1eddi cao tu\u1ed5i, tr\u1ebb em v\u00e0 ng\u01b0\u1eddi m\u1edbi b\u1eaft \u0111\u1ea7u. Ch\u00fang t\u1ea1o ra m\u1ee9c kh\u00e1ng l\u1ef1c v\u1eeba \u0111\u1ee7 \u0111\u1ec3 t\u0103ng c\u01b0\u1eddng \u0111\u1ed1t ch\u00e1y calo v\u00e0 nh\u1ecbp tim m\u00e0 kh\u00f4ng g\u00e2y c\u0103ng th\u1eb3ng cho kh\u1edbp hay m\u1ec7t m\u1ecfi.<\/p>\n<h3>5. Y\u1ebfu t\u1ed1 gi\u1ea3i tr\u00ed<\/h3>\n<p>L\u1ee3i \u00edch ch\u00ednh l\u00e0 s\u1ef1 th\u00fa v\u1ecb. \u00c2m thanh v\u00e0 c\u1ea3m gi\u00e1c t\u1eeb Rhythm Bar khi\u1ebfn vi\u1ec7c t\u1eadp luy\u1ec7n tr\u1edf n\u00ean nh\u01b0 m\u1ed9t tr\u00f2 ch\u01a1i. N\u00f3 gi\u00fap xua tan s\u1ef1 nh\u00e0m ch\u00e1n t\u1eeb nh\u1eefng \u0111\u1ed9ng t\u00e1c l\u1eb7p \u0111i l\u1eb7p l\u1ea1i, t\u1eeb \u0111\u00f3 khuy\u1ebfn kh\u00edch s\u1ef1 ki\u00ean tr\u00ec. \u0110\u00e2y l\u00e0 d\u1ee5ng c\u1ee5 \u0111\u01b0\u1ee3c \u01b0a chu\u1ed9ng c\u1ee7a c\u00e1c hu\u1ea5n luy\u1ec7n vi\u00ean th\u1ec3 d\u1ee5c nh\u00f3m mong mu\u1ed1n mang l\u1ea1i s\u1ee9c s\u1ed1ng cho c\u00e1c bu\u1ed5i t\u1eadp c\u1ee7a m\u00ecnh.<\/p>\n<h3>\u0110\u1ed1i t\u01b0\u1ee3ng d\u00e0nh cho ai?<\/h3>\n<ul style=\"list-style-position: inside; padding-left: 0;\">\n<li>Nh\u1eefng ng\u01b0\u1eddi tham gia l\u1edbp Zumba v\u00e0 khi\u00eau v\u0169 th\u1ec3 d\u1ee5c.<\/li>\n<li>Nh\u1eefng ng\u01b0\u1eddi \u0111i b\u1ed9 mu\u1ed1n t\u0103ng c\u01b0\u1eddng s\u1ef1 tham gia c\u1ee7a ph\u1ea7n th\u00e2n tr\u00ean.<\/li>\n<li>Ng\u01b0\u1eddi cao tu\u1ed5i \u0111ang r\u00e8n luy\u1ec7n kh\u1ea3 n\u0103ng ph\u1ed1i h\u1ee3p v\u00e0 s\u1ee9c b\u00e1m.<\/li>\n<li>C\u00e1c ch\u01b0\u01a1ng tr\u00ecnh th\u1ec3 d\u1ee5c d\u00e0nh cho tr\u1ebb em.<\/li>\n<li>B\u1ea5t c\u1ee9 ai c\u1ea3m th\u1ea5y c\u00e1c m\u1ee9c t\u1ea1 ti\u00eau chu\u1ea9n nh\u00e0m ch\u00e1n.<\/li>\n<\/ul>\n<h3>Th\u00f4ng s\u1ed1 k\u1ef9 thu\u1eadt s\u1ea3n ph\u1ea9m<\/h3>\n<table border=\"1\" width=\"100%\" cellspacing=\"0\" cellpadding=\"5\">\n<tbody>\n<tr>\n<td><strong>M\u1eabu<\/strong><\/td>\n<td>W09HZ002<\/td>\n<\/tr>\n<tr>\n<td><strong>Ch\u1ea5t li\u1ec7u<\/strong><\/td>\n<td>Th\u00e9p, PVC, c\u00e1t s\u1eaft<\/td>\n<\/tr>\n<tr>\n<td><strong>Tr\u1ecdng l\u01b0\u1ee3ng<\/strong><\/td>\n<td>0,25 kg, 0,5 kg<\/td>\n<\/tr>\n<tr>\n<td><strong>T\u00ednh n\u0103ng<\/strong><\/td>\n<td>Ph\u1ea3n h\u1ed3i th\u00ednh gi\u00e1c (\u00c2m thanh)<\/td>\n<\/tr>\n<tr>\n<td><strong>S\u1eed d\u1ee5ng<\/strong><\/td>\n<td>Th\u1ec3 d\u1ee5c nh\u1ecbp \u0111i\u1ec7u, T\u1eadp s\u0103n ch\u1eafc c\u01a1 b\u1eafp, Khi\u00eau v\u0169<\/td>\n<\/tr>\n<\/tbody>\n<\/table>","protected":false},"excerpt":{"rendered":"<p>D\u1ee5ng c\u1ee5 Rhythm Bar c\u1ee7a Alex Athletics mang \u0111\u1ebfn \u00e2m thanh v\u00e0 l\u1ef1c c\u1ea3n \u0111\u1ed9ng h\u1ecdc cho b\u00e0i t\u1eadp cardio c\u1ee7a b\u1ea1n. \u0110\u01b0\u1ee3c \u0111\u1ed5 \u0111\u1ea7y c\u00e1t s\u1eaft c\u00f3 kh\u1ea3 n\u0103ng di chuy\u1ec3n, s\u1ea3n ph\u1ea9m t\u1ea1o ra \u00e2m thanh nh\u1ecbp nh\u00e0ng gi\u00fap b\u1ea1n duy tr\u00ec nh\u1ecbp \u0111i\u1ec7u \u0111\u1ed3ng th\u1eddi r\u00e8n luy\u1ec7n c\u00e1c c\u01a1 \u1ed5n \u0111\u1ecbnh th\u00f4ng qua c\u00e1c \u0111\u1ed9ng t\u00e1c linh ho\u1ea1t. Nh\u1eb9 nh\u00e0ng v\u00e0 th\u00fa v\u1ecb, s\u1ea3n ph\u1ea9m n\u00e0y l\u00fd t\u01b0\u1edfng cho c\u00e1c b\u00e0i t\u1eadp khi\u00eau v\u0169 th\u1ec3 d\u1ee5c, aerobic v\u00e0 \u0111i b\u1ed9, gi\u00fap s\u0103n ch\u1eafc c\u00e1nh tay v\u00e0 c\u1ea3i thi\u1ec7n kh\u1ea3 n\u0103ng ph\u1ed1i h\u1ee3p m\u00e0 kh\u00f4ng g\u00e2y c\u0103ng th\u1eb3ng qu\u00e1 m\u1ee9c.<\/p>","protected":false},"featured_media":3791,"comment_status":"open","ping_status":"closed","template":"","meta":{"inline_featured_image":false,"site-sidebar-layout":"default","site-content-layout":"","ast-site-content-layout":"default","site-content-style":"default","site-sidebar-style":"default","ast-global-header-display":"","ast-banner-title-visibility":"","ast-main-header-display":"","ast-hfb-above-header-display":"","ast-hfb-below-header-display":"","ast-hfb-mobile-header-display":"","site-post-title":"","ast-breadcrumbs-content":"","ast-featured-img":"","footer-sml-layout":"","ast-disable-related-posts":"","theme-transparent-header-meta":"default","adv-header-id-meta":"","stick-header-meta":"default","header-above-stick-meta":"","header-main-stick-meta":"","header-below-stick-meta":"","astra-migrate-meta-layouts":"set","ast-page-background-enabled":"default","ast-page-background-meta":{"desktop":{"background-color":"","background-image":"","background-repeat":"repeat","background-position":"center center","background-size":"auto","background-attachment":"scroll","background-type":"","background-media":"","overlay-type":"","overlay-color":"","overlay-opacity":"","overlay-gradient":""},"tablet":{"background-color":"","background-image":"","background-repeat":"repeat","background-position":"center center","background-size":"auto","background-attachment":"scroll","background-type":"","background-media":"","overlay-type":"","overlay-color":"","overlay-opacity":"","overlay-gradient":""},"mobile":{"background-color":"","background-image":"","background-repeat":"repeat","background-position":"center center","background-size":"auto","background-attachment":"scroll","background-type":"","background-media":"","overlay-type":"","overlay-color":"","overlay-opacity":"","overlay-gradient":""}},"ast-content-background-meta":{"desktop":{"background-color":"var(--ast-global-color-5)","background-image":"","background-repeat":"repeat","background-position":"center center","background-size":"auto","background-attachment":"scroll","background-type":"","background-media":"","overlay-type":"","overlay-color":"","overlay-opacity":"","overlay-gradient":""},"tablet":{"background-color":"var(--ast-global-color-5)","background-image":"","background-repeat":"repeat","background-position":"center center","background-size":"auto","background-attachment":"scroll","background-type":"","background-media":"","overlay-type":"","overlay-color":"","overlay-opacity":"","overlay-gradient":""},"mobile":{"background-color":"var(--ast-global-color-5)","background-image":"","background-repeat":"repeat","background-position":"center center","background-size":"auto","background-attachment":"scroll","background-type":"","background-media":"","overlay-type":"","overlay-color":"","overlay-opacity":"","overlay-gradient":""}}},"product_brand":[],"product_cat":[55],"product_tag":[62],"class_list":{"0":"post-2947","1":"product","2":"type-product","3":"status-publish","4":"has-post-thumbnail","6":"product_cat-free-weight-training","7":"product_tag-loopa","8":"desktop-align-left","9":"tablet-align-left","10":"mobile-align-left","12":"first","13":"instock","14":"shipping-taxable","15":"purchasable","16":"product-type-simple"},"_links":{"self":[{"href":"https:\/\/alexathletics1982.com\/vi\/wp-json\/wp\/v2\/product\/2947","targetHints":{"allow":["GET"]}}],"collection":[{"href":"https:\/\/alexathletics1982.com\/vi\/wp-json\/wp\/v2\/product"}],"about":[{"href":"https:\/\/alexathletics1982.com\/vi\/wp-json\/wp\/v2\/types\/product"}],"replies":[{"embeddable":true,"href":"https:\/\/alexathletics1982.com\/vi\/wp-json\/wp\/v2\/comments?post=2947"}],"wp:featuredmedia":[{"embeddable":true,"href":"https:\/\/alexathletics1982.com\/vi\/wp-json\/wp\/v2\/media\/3791"}],"wp:attachment":[{"href":"https:\/\/alexathletics1982.com\/vi\/wp-json\/wp\/v2\/media?parent=2947"}],"wp:term":[{"taxonomy":"product_brand","embeddable":true,"href":"https:\/\/alexathletics1982.com\/vi\/wp-json\/wp\/v2\/product_brand?post=2947"},{"taxonomy":"product_cat","embeddable":true,"href":"https:\/\/alexathletics1982.com\/vi\/wp-json\/wp\/v2\/product_cat?post=2947"},{"taxonomy":"product_tag","embeddable":true,"href":"https:\/\/alexathletics1982.com\/vi\/wp-json\/wp\/v2\/product_tag?post=2947"}],"curies":[{"name":"wp","href":"https:\/\/api.w.org\/{rel}","templated":true}]}}