{"id":2948,"date":"2026-01-23T20:20:40","date_gmt":"2026-01-23T12:20:40","guid":{"rendered":"https:\/\/alexathletics1982.com\/?post_type=product&#038;p=2948"},"modified":"2026-04-09T00:26:30","modified_gmt":"2026-04-08T16:26:30","slug":"gia-tap-squat-da-nang","status":"publish","type":"product","link":"https:\/\/alexathletics1982.com\/vi\/multi-function-squat-rack\/","title":{"rendered":"Gi\u00e1 t\u1eadp squat \u0111a n\u0103ng"},"content":{"rendered":"<h2>Gi\u00e1 t\u1eadp squat \u0111a n\u0103ng ch\u1ecbu l\u1ef1c cao<\/h2>\n<p>M\u1ecdi ph\u00f2ng t\u1eadp t\u1ea1i nh\u00e0 tuy\u1ec7t v\u1eddi \u0111\u1ec1u b\u1eaft \u0111\u1ea7u t\u1eeb m\u1ed9t gi\u00e1 t\u1eadp. Gi\u00e1 t\u1eadp squat \u0111a n\u0103ng c\u1ee7a Alex Athletics l\u00e0 m\u1ed9t thi\u1ebft b\u1ecb ch\u1ea5t l\u01b0\u1ee3ng th\u01b0\u01a1ng m\u1ea1i, \u0111\u01b0\u1ee3c thi\u1ebft k\u1ebf \u0111\u1ec3 tr\u1edf th\u00e0nh trung t\u00e2m an to\u00e0n v\u00e0 \u1ed5n \u0111\u1ecbnh cho qu\u00e1 tr\u00ecnh t\u1eadp luy\u1ec7n s\u1ee9c m\u1ea1nh c\u1ee7a b\u1ea1n. S\u1ea3n ph\u1ea9m \u0111\u01b0\u1ee3c ch\u1ebf t\u1ea1o t\u1eeb \u1ed1ng th\u00e9p ch\u1ecbu l\u1ef1c cao v\u1edbi \u0111\u1ed9 d\u00e0y th\u00e0nh \u1ed1ng 3mm (L\u01b0u \u00fd: Ngu\u1ed3n ghi \u201c\u0111\u1ed9 d\u00e0y th\u00e0nh \u1ed1ng 3mm\u201d trong ph\u1ea7n m\u00f4 t\u1ea3 nh\u01b0ng l\u1ea1i ghi \u201cT 2 mm\u201d trong danh s\u00e1ch th\u00f4ng s\u1ed1 k\u1ef9 thu\u1eadt? T\u00f4i s\u1ebd nh\u1ea5n m\u1ea1nh v\u00e0o c\u1ea5u tr\u00fac ch\u1eafc ch\u1eafn d\u1ef1a tr\u00ean t\u1ea3i tr\u1ecdng 300kg). *S\u1eeda ch\u1eefa d\u1ef1a tr\u00ean v\u0103n b\u1ea3n:* M\u00f4 t\u1ea3 nh\u1ea5n m\u1ea1nh \u201c\u0111\u1ed9 d\u00e0y th\u00e0nh \u1ed1ng 3mm\u201d v\u00e0 \u201ct\u1ea3i tr\u1ecdng 300 kg\u201d. Khung ch\u1eafc ch\u1eafn n\u00e0y \u0111\u1ea3m b\u1ea3o gi\u00e1 t\u1eadp s\u1ebd kh\u00f4ng lung lay hay nghi\u00eang ng\u1ea3 trong khi th\u1ef1c hi\u1ec7n c\u00e1c \u0111\u1ed9ng t\u00e1c squat n\u1eb7ng ho\u1eb7c rack pull. N\u00f3 \u0111\u01b0\u1ee3c ch\u1ebf t\u1ea1o \u0111\u1ec3 ch\u1ecbu \u0111\u01b0\u1ee3c s\u1ef1 kh\u1eafc nghi\u1ec7t c\u1ee7a vi\u1ec7c n\u00e2ng t\u1ea1 n\u1eb7ng. Gi\u00e1 \u0111\u1ee1 c\u00f3 thi\u1ebft k\u1ebf khung m\u1edf ti\u1ebft ki\u1ec7m kh\u00f4ng gian (D\u00e0i 1635 x R\u1ed9ng 1030 mm) \u0111\u1ed3ng th\u1eddi cung c\u1ea5p kh\u00f4ng gian r\u1ed9ng r\u00e3i \u0111\u1ec3 di chuy\u1ec3n b\u00ean trong khu v\u1ef1c l\u1ed3ng.<\/p>\n<p>T\u00ednh \u0111a n\u0103ng l\u00e0 y\u1ebfu t\u1ed1 then ch\u1ed1t. Gi\u00e1 t\u1eadp \u0111\u01b0\u1ee3c trang b\u1ecb c\u00e1c m\u00f3c ch\u1eef J c\u00f3 th\u1ec3 \u0111i\u1ec1u ch\u1ec9nh v\u00e0 thanh an to\u00e0n (c\u00e1nh tay h\u1ed7 tr\u1ee3) c\u00f3 th\u1ec3 \u0111i\u1ec1u ch\u1ec9nh \u1edf nhi\u1ec1u \u0111\u1ed9 cao kh\u00e1c nhau. \u0110i\u1ec1u n\u00e0y cho ph\u00e9p b\u1ea1n th\u1ef1c hi\u1ec7n c\u00e1c b\u00e0i t\u1eadp nh\u01b0 Bench Press, Squats, Overhead Press v\u00e0 Rack Pulls m\u1ed9t c\u00e1ch an to\u00e0n m\u00e0 kh\u00f4ng c\u1ea7n ng\u01b0\u1eddi h\u1ed7 tr\u1ee3. Kh\u1ea3 n\u0103ng \u201c\u0111a ch\u1ee9c n\u0103ng\u201d \u0111\u01b0\u1ee3c n\u00e2ng cao nh\u1edd thanh k\u00e9o x\u00e0 t\u00edch h\u1ee3p, cho ph\u00e9p th\u1ef1c hi\u1ec7n c\u00e1c b\u00e0i t\u1eadp chin-up v\u00e0 r\u00e8n luy\u1ec7n c\u01a1 l\u00f5i khi treo ng\u01b0\u1eddi. H\u01a1n n\u1eefa, gi\u00e1 \u0111\u1ee1 n\u00e0y gi\u1ea3i quy\u1ebft v\u1ea5n \u0111\u1ec1 l\u01b0u tr\u1eef th\u01b0\u1eddng g\u1eb7p trong c\u00e1c ph\u00f2ng t\u1eadp t\u1ea1i nh\u00e0; n\u00f3 bao g\u1ed3m c\u00e1c gi\u00e1 \u0111\u1ee1 \u0111\u0129a t\u1ea1 t\u00edch h\u1ee3p v\u00e0 gi\u00e1 \u0111\u1ee1 thanh t\u1ea1 d\u1ecdc. \u0110i\u1ec1u n\u00e0y gi\u00fap gi\u1eef cho c\u00e1c t\u1ea1 c\u1ee7a b\u1ea1n \u0111\u01b0\u1ee3c s\u1eafp x\u1ebfp g\u1ecdn g\u00e0ng v\u00e0 t\u0103ng th\u00eam \u0111\u1ed9 \u1ed5n \u0111\u1ecbnh cho ch\u00ednh gi\u00e1 \u0111\u1ee1. \u0110\u01b0\u1ee3c ho\u00e0n thi\u1ec7n b\u1eb1ng l\u1edbp s\u01a1n t\u0129nh \u0111i\u1ec7n b\u1ec1n b\u1ec9 \u0111\u1ec3 ch\u1ed1ng tr\u1ea7y x\u01b0\u1edbc, gi\u00e1 \u0111\u1ee1 n\u00e0y l\u00e0 n\u1ec1n t\u1ea3ng chuy\u00ean nghi\u1ec7p cho vi\u1ec7c t\u1eadp t\u1ea1 su\u1ed1t \u0111\u1eddi.<\/p>\n<h3>1. Kh\u1ea3 n\u0103ng ch\u1ecbu t\u1ea3i 300kg &amp; \u0110\u1ed9 \u1ed5n \u0111\u1ecbnh<\/h3>\n<p>An to\u00e0n l\u00e0 \u01b0u ti\u00ean h\u00e0ng \u0111\u1ea7u. V\u1edbi t\u1ea3i tr\u1ecdng \u0111\u1ecbnh m\u1ee9c 300kg v\u00e0 khung th\u00e9p ch\u1eafc ch\u1eafn, gi\u00e1 t\u1ea1 n\u00e0y \u0111\u01b0\u1ee3c thi\u1ebft k\u1ebf \u0111\u1ec3 ch\u1ecbu \u0111\u01b0\u1ee3c nh\u1eefng b\u00e0i t\u1eadp c\u01b0\u1eddng \u0111\u1ed9 cao. B\u1ea1n c\u00f3 th\u1ec3 \u0111\u1eb7t l\u1ea1i t\u1ea1 sau khi th\u1ef1c hi\u1ec7n b\u00e0i squat v\u1edbi m\u1ee9c t\u1ea1 t\u1ed1i \u0111a m\u1ed9t c\u00e1ch t\u1ef1 tin. Ph\u1ea7n \u0111\u1ebf r\u1ed9ng v\u00e0 c\u00e1c m\u00f3c treo t\u1ea1 gi\u00fap t\u0103ng \u0111\u1ed9 \u1ed5n \u0111\u1ecbnh cho thi\u1ebft b\u1ecb, \u0111\u1ea3m b\u1ea3o n\u00f3 lu\u00f4n v\u1eefng ch\u00e3i tr\u00ean s\u00e0n trong c\u00e1c \u0111\u1ed9ng t\u00e1c m\u1ea1nh m\u1ebd nh\u01b0 kipping pull-ups.<\/p>\n<h3>2. Thi\u1ebft b\u1ecb h\u1ed7 tr\u1ee3 an to\u00e0n c\u00f3 th\u1ec3 \u0111i\u1ec1u ch\u1ec9nh<\/h3>\n<p>T\u1eadp luy\u1ec7n m\u1ed9t m\u00ecnh c\u1ea7n c\u00f3 h\u1ec7 th\u1ed1ng b\u1ea3o v\u1ec7 an to\u00e0n. Gi\u00e1 t\u1eadp n\u00e0y \u0111\u01b0\u1ee3c trang b\u1ecb c\u00e1c thanh \u0111\u1ee1 an to\u00e0n c\u00f3 th\u1ec3 \u0111i\u1ec1u ch\u1ec9nh \u0111\u1ed9 cao. B\u1ea1n c\u00f3 th\u1ec3 \u0111i\u1ec1u ch\u1ec9nh ch\u00fang \u1edf \u0111\u1ed9 cao l\u00fd t\u01b0\u1edfng \u0111\u1ec3 \u0111\u1ee1 thanh t\u1ea1 trong tr\u01b0\u1eddng h\u1ee3p kh\u00f4ng th\u1ec3 ho\u00e0n th\u00e0nh \u0111\u1ed9ng t\u00e1c \u0111\u1ea9y t\u1ea1 n\u1eb1m ho\u1eb7c squat. T\u00ednh n\u0103ng n\u00e0y gi\u00fap b\u1ea1n t\u1ef1 tin th\u1ef1c hi\u1ec7n th\u00eam m\u1ed9t l\u1ea7n l\u1eb7p n\u1eefa, v\u00ec bi\u1ebft r\u1eb1ng m\u00ecnh s\u1ebd kh\u00f4ng b\u1ecb k\u1eb9t d\u01b0\u1edbi thanh t\u1ea1.<\/p>\n<h3>3. Gi\u1ea3i ph\u00e1p l\u01b0u tr\u1eef t\u00edch h\u1ee3p<\/h3>\n<p>M\u1ed9t ph\u00f2ng t\u1eadp b\u1eeba b\u1ed9n l\u00e0 m\u1ed9t ph\u00f2ng t\u1eadp nguy hi\u1ec3m. Ph\u00eda sau gi\u00e1 \u0111\u1ee1 \u0111\u01b0\u1ee3c trang b\u1ecb c\u00e1c m\u00f3c treo \u0111\u0129a t\u1ea1 v\u00e0 gi\u00e1 \u0111\u1ee1 thanh t\u1ea1 th\u1eb3ng \u0111\u1ee9ng. \u0110i\u1ec1u n\u00e0y gi\u00fap b\u1ea1n kh\u00f4ng \u0111\u1ec3 \u0111\u0129a t\u1ea1 n\u1eb1m tr\u00ean s\u00e0n v\u00e0 gi\u1eef cho c\u00e1c thanh t\u1ea1 \u0111\u01b0\u1ee3c s\u1eafp x\u1ebfp g\u1ecdn g\u00e0ng. Vi\u1ec7c \u0111\u1eb7t \u0111\u0129a t\u1ea1 l\u00ean c\u00e1c m\u00f3c treo n\u00e0y c\u0169ng gi\u00fap t\u0103ng tr\u1ecdng l\u01b0\u1ee3ng cho gi\u00e1 \u0111\u1ee1, t\u1eeb \u0111\u00f3 n\u00e2ng cao \u0111\u1ed9 \u1ed5n \u0111\u1ecbnh c\u1ee7a n\u00f3.<\/p>\n<h3>4. M\u00f3c ch\u1eef J \u0111a n\u0103ng<\/h3>\n<p>Gi\u00e1 \u0111\u1ee1 n\u00e0y c\u00f3 nhi\u1ec1u l\u1ed7 \u0111\u1ec3 \u0111i\u1ec1u ch\u1ec9nh m\u00f3c J. \u0110i\u1ec1u n\u00e0y gi\u00fap ng\u01b0\u1eddi d\u00f9ng \u1edf m\u1ecdi chi\u1ec1u cao \u0111\u1ec1u c\u00f3 th\u1ec3 t\u00ecm \u0111\u01b0\u1ee3c v\u1ecb tr\u00ed th\u00e1o t\u1ea1 l\u00fd t\u01b0\u1edfng nh\u1ea5t cho c\u00e1c b\u00e0i t\u1eadp squat v\u00e0 \u0111\u1ea9y t\u1ea1. C\u00e1c m\u00f3c J \u0111\u01b0\u1ee3c thi\u1ebft k\u1ebf \u0111\u1ec3 gi\u1eef thanh t\u1ea1 ch\u1eafc ch\u1eafn v\u00e0 th\u01b0\u1eddng \u0111\u01b0\u1ee3c l\u00f3t (xem th\u00f4ng s\u1ed1 k\u1ef9 thu\u1eadt) ho\u1eb7c t\u1ea1o h\u00ecnh \u0111\u1ec3 b\u1ea3o v\u1ec7 c\u00e1c v\u00e2n ch\u1ed1ng tr\u01b0\u1ee3t tr\u00ean thanh t\u1ea1.<\/p>\n<h3>5. Tr\u1ea1m t\u1eadp x\u00e0 \u0111\u01a1n<\/h3>\n<p>Thanh n\u1ed1i ph\u00eda tr\u00ean \u0111\u00f3ng vai tr\u00f2 nh\u01b0 m\u1ed9t tr\u1ea1m t\u1eadp x\u00e0 \u0111\u01a1n. Chi\u1ec1u cao c\u1ee7a thanh (2080mm) \u0111\u1ee7 \u0111\u1ec3 ng\u01b0\u1eddi t\u1eadp c\u00f3 th\u1ec3 du\u1ed7i th\u1eb3ng ho\u00e0n to\u00e0n khi treo ng\u01b0\u1eddi. \u0110i\u1ec1u n\u00e0y bi\u1ebfn gi\u00e1 t\u1eadp th\u00e0nh m\u1ed9t thi\u1ebft b\u1ecb t\u1eadp luy\u1ec7n to\u00e0n di\u1ec7n cho ph\u1ea7n th\u00e2n tr\u00ean, h\u1ed7 tr\u1ee3 c\u00e1c b\u00e0i t\u1eadp x\u00e0 \u0111\u01a1n, x\u00e0 k\u00e9p v\u00e0 n\u00e2ng ch\u00e2n khi treo ng\u01b0\u1eddi (ho\u1eb7c g\u1eafn c\u00e1c thi\u1ebft b\u1ecb t\u1eadp treo).<\/p>\n<h3>\u0110\u1ed1i t\u01b0\u1ee3ng d\u00e0nh cho ai?<\/h3>\n<ul style=\"list-style-position: inside; padding-left: 0;\">\n<li>Ch\u1ee7 s\u1edf h\u1eefu ph\u00f2ng t\u1eadp t\u1ea1i nh\u00e0 \u0111ang c\u1ea7n m\u1ed9t khu v\u1ef1c t\u1eadp luy\u1ec7n an to\u00e0n d\u00e0nh cho m\u1ed9t ng\u01b0\u1eddi.<\/li>\n<li>C\u00e1c v\u1eadn \u0111\u1ed9ng vi\u00ean c\u1eed t\u1ea1 v\u00e0 th\u1ec3 h\u00ecnh \u0111ang t\u1eadp t\u1ea1 n\u1eb7ng.<\/li>\n<li>C\u00e1c ph\u00f2ng t\u1eadp th\u1ec3 h\u00ecnh c\u00e1 nh\u00e2n c\u00f3 di\u1ec7n t\u00edch h\u1ea1n ch\u1ebf.<\/li>\n<li>Nh\u1eefng ng\u01b0\u1eddi t\u1eadp t\u1ea1 mong mu\u1ed1n m\u1ed9t h\u1ec7 th\u1ed1ng t\u1eadp luy\u1ec7n g\u1ecdn g\u00e0ng v\u00e0 t\u00edch h\u1ee3p \u0111\u1ea7y \u0111\u1ee7.<\/li>\n<li>B\u1ea5t k\u1ef3 ai th\u1ef1c s\u1ef1 nghi\u00eam t\u00fac v\u1edbi vi\u1ec7c t\u1eadp luy\u1ec7n v\u1edbi t\u1ea1 \u0111\u00f2n.<\/li>\n<\/ul>\n<h3>Th\u00f4ng s\u1ed1 k\u1ef9 thu\u1eadt s\u1ea3n ph\u1ea9m<\/h3>\n<table border=\"1\" width=\"100%\" cellspacing=\"0\" cellpadding=\"5\">\n<tbody>\n<tr>\n<td><strong>M\u1eabu<\/strong><\/td>\n<td>W13AA033<\/td>\n<\/tr>\n<tr>\n<td><strong>K\u00edch th\u01b0\u1edbc<\/strong><\/td>\n<td>D\u00e0i 1635 x R\u1ed9ng 1030 x Cao 2080 mm<\/td>\n<\/tr>\n<tr>\n<td><strong>Ch\u1ea5t li\u1ec7u<\/strong><\/td>\n<td>Th\u00e9p (s\u01a1n t\u0129nh \u0111i\u1ec7n)<\/td>\n<\/tr>\n<tr>\n<td><strong>C\u00f4ng su\u1ea5t<\/strong><\/td>\n<td>300 kg<\/td>\n<\/tr>\n<tr>\n<td><strong>T\u00ednh n\u0103ng<\/strong><\/td>\n<td>Thanh an to\u00e0n, Gi\u00e1 \u0111\u1ec3 \u0111\u0129a t\u1ea1, Thanh x\u00e0 \u0111\u01a1n<\/td>\n<\/tr>\n<\/tbody>\n<\/table>","protected":false},"excerpt":{"rendered":"<p>Gi\u00e1 t\u1eadp squat \u0111a n\u0103ng c\u1ee7a Alex Athletics l\u00e0 n\u1ec1n t\u1ea3ng an to\u00e0n v\u00e0 v\u1eefng ch\u1eafc cho b\u1ea5t k\u1ef3 ph\u00f2ng t\u1eadp chuy\u00ean nghi\u1ec7p n\u00e0o. \u0110\u01b0\u1ee3c ch\u1ebf t\u1ea1o t\u1eeb th\u00e9p ch\u1ecbu l\u1ef1c cao v\u1edbi kh\u1ea3 n\u0103ng ch\u1ecbu t\u1ea3i l\u00ean \u0111\u1ebfn 300kg, s\u1ea3n ph\u1ea9m n\u00e0y \u0111\u1ea3m b\u1ea3o an to\u00e0n khi th\u1ef1c hi\u1ec7n c\u00e1c b\u00e0i t\u1eadp squat v\u00e0 \u0111\u1ea9y t\u1ea1 n\u1eb7ng. S\u1ea3n ph\u1ea9m trang b\u1ecb c\u00e1c thanh \u0111\u1ee1 an to\u00e0n c\u00f3 th\u1ec3 \u0111i\u1ec1u ch\u1ec9nh cho vi\u1ec7c t\u1eadp luy\u1ec7n m\u1ed9t m\u00ecnh, khoang ch\u1ee9a \u0111\u0129a t\u1ea1 v\u00e0 thanh t\u1ea1 t\u00edch h\u1ee3p gi\u00fap gi\u1eef kh\u00f4ng gian g\u1ecdn g\u00e0ng, c\u00f9ng thanh x\u00e0 \u0111\u01a1n \u0111\u1ec3 r\u00e8n luy\u1ec7n c\u01a1 th\u1ec3 ph\u1ea7n tr\u00ean. Thi\u1ebft k\u1ebf nh\u1ecf g\u1ecdn nh\u01b0ng ch\u1eafc ch\u1eafn, \u0111\u00e2y l\u00e0 tr\u1ea1m t\u1eadp \u0111a n\u0103ng ho\u00e0n h\u1ea3o cho c\u1ea3 s\u1eed d\u1ee5ng t\u1ea1i nh\u00e0 v\u00e0 ph\u00f2ng t\u1eadp.<\/p>","protected":false},"featured_media":3386,"comment_status":"open","ping_status":"closed","template":"","meta":{"inline_featured_image":false,"site-sidebar-layout":"default","site-content-layout":"","ast-site-content-layout":"default","site-content-style":"default","site-sidebar-style":"default","ast-global-header-display":"","ast-banner-title-visibility":"","ast-main-header-display":"","ast-hfb-above-header-display":"","ast-hfb-below-header-display":"","ast-hfb-mobile-header-display":"","site-post-title":"","ast-breadcrumbs-content":"","ast-featured-img":"","footer-sml-layout":"","ast-disable-related-posts":"","theme-transparent-header-meta":"default","adv-header-id-meta":"","stick-header-meta":"default","header-above-stick-meta":"","header-main-stick-meta":"","header-below-stick-meta":"","astra-migrate-meta-layouts":"set","ast-page-background-enabled":"default","ast-page-background-meta":{"desktop":{"background-color":"","background-image":"","background-repeat":"repeat","background-position":"center center","background-size":"auto","background-attachment":"scroll","background-type":"","background-media":"","overlay-type":"","overlay-color":"","overlay-opacity":"","overlay-gradient":""},"tablet":{"background-color":"","background-image":"","background-repeat":"repeat","background-position":"center center","background-size":"auto","background-attachment":"scroll","background-type":"","background-media":"","overlay-type":"","overlay-color":"","overlay-opacity":"","overlay-gradient":""},"mobile":{"background-color":"","background-image":"","background-repeat":"repeat","background-position":"center center","background-size":"auto","background-attachment":"scroll","background-type":"","background-media":"","overlay-type":"","overlay-color":"","overlay-opacity":"","overlay-gradient":""}},"ast-content-background-meta":{"desktop":{"background-color":"var(--ast-global-color-5)","background-image":"","background-repeat":"repeat","background-position":"center center","background-size":"auto","background-attachment":"scroll","background-type":"","background-media":"","overlay-type":"","overlay-color":"","overlay-opacity":"","overlay-gradient":""},"tablet":{"background-color":"var(--ast-global-color-5)","background-image":"","background-repeat":"repeat","background-position":"center center","background-size":"auto","background-attachment":"scroll","background-type":"","background-media":"","overlay-type":"","overlay-color":"","overlay-opacity":"","overlay-gradient":""},"mobile":{"background-color":"var(--ast-global-color-5)","background-image":"","background-repeat":"repeat","background-position":"center center","background-size":"auto","background-attachment":"scroll","background-type":"","background-media":"","overlay-type":"","overlay-color":"","overlay-opacity":"","overlay-gradient":""}}},"product_brand":[],"product_cat":[55],"product_tag":[63],"class_list":{"0":"post-2948","1":"product","2":"type-product","3":"status-publish","4":"has-post-thumbnail","6":"product_cat-free-weight-training","7":"product_tag-rack-storage","8":"desktop-align-left","9":"tablet-align-left","10":"mobile-align-left","12":"first","13":"instock","14":"shipping-taxable","15":"purchasable","16":"product-type-simple"},"_links":{"self":[{"href":"https:\/\/alexathletics1982.com\/vi\/wp-json\/wp\/v2\/product\/2948","targetHints":{"allow":["GET"]}}],"collection":[{"href":"https:\/\/alexathletics1982.com\/vi\/wp-json\/wp\/v2\/product"}],"about":[{"href":"https:\/\/alexathletics1982.com\/vi\/wp-json\/wp\/v2\/types\/product"}],"replies":[{"embeddable":true,"href":"https:\/\/alexathletics1982.com\/vi\/wp-json\/wp\/v2\/comments?post=2948"}],"wp:featuredmedia":[{"embeddable":true,"href":"https:\/\/alexathletics1982.com\/vi\/wp-json\/wp\/v2\/media\/3386"}],"wp:attachment":[{"href":"https:\/\/alexathletics1982.com\/vi\/wp-json\/wp\/v2\/media?parent=2948"}],"wp:term":[{"taxonomy":"product_brand","embeddable":true,"href":"https:\/\/alexathletics1982.com\/vi\/wp-json\/wp\/v2\/product_brand?post=2948"},{"taxonomy":"product_cat","embeddable":true,"href":"https:\/\/alexathletics1982.com\/vi\/wp-json\/wp\/v2\/product_cat?post=2948"},{"taxonomy":"product_tag","embeddable":true,"href":"https:\/\/alexathletics1982.com\/vi\/wp-json\/wp\/v2\/product_tag?post=2948"}],"curies":[{"name":"wp","href":"https:\/\/api.w.org\/{rel}","templated":true}]}}