{"id":2952,"date":"2026-01-23T20:20:41","date_gmt":"2026-01-23T12:20:41","guid":{"rendered":"https:\/\/alexathletics1982.com\/?post_type=product&#038;p=2952"},"modified":"2026-04-10T21:16:02","modified_gmt":"2026-04-10T13:16:02","slug":"dong-vfversifunction-loai-2","status":"publish","type":"product","link":"https:\/\/alexathletics1982.com\/vi\/vfversifunction-series-type-2\/","title":{"rendered":"D\u00f2ng s\u1ea3n ph\u1ea9m VF (VersiFunction) \u2013 Lo\u1ea1i 2"},"content":{"rendered":"<h2>The Heavy Hauler: K\u1ec7 l\u01b0u tr\u1eef VersiFunction (Lo\u1ea1i 2)<\/h2>\n<p>Khi c\u1ea7n m\u1ed9t n\u01a1i \u0111\u1ec3 c\u1ea5t gi\u1eef c\u00e1c thi\u1ebft b\u1ecb t\u1eadp luy\u1ec7n n\u1eb7ng, d\u00f2ng s\u1ea3n ph\u1ea9m VF (VersiFunction) Lo\u1ea1i 2 ch\u00ednh l\u00e0 gi\u1ea3i ph\u00e1p. M\u1eabu s\u1ea3n ph\u1ea9m n\u00e0y l\u00e0 \u201cc\u1ed7 m\u00e1y l\u00e0m vi\u1ec7c\u201d b\u1ec1n b\u1ec9 nh\u1ea5t trong d\u00f2ng s\u1ea3n ph\u1ea9m k\u1ec7 l\u01b0u tr\u1eef m\u00f4-\u0111un, th\u01b0\u1eddng \u0111\u01b0\u1ee3c thi\u1ebft k\u1ebf v\u1edbi c\u00e1c khay ph\u1eb3ng ho\u1eb7c thanh ray gia c\u1ed1 chuy\u00ean d\u1ee5ng cho t\u1ea1 \u0111\u01a1n v\u00e0 t\u1ea1 kettlebell. Kh\u00f4ng gi\u1ed1ng nh\u01b0 c\u00e1c k\u1ec7 d\u00e2y th\u00f4ng th\u01b0\u1eddng d\u1ec5 b\u1ecb u\u1ed1n cong d\u01b0\u1edbi t\u1ea3i tr\u1ecdng t\u1eadp trung, Type 2 s\u1edf h\u1eefu c\u00e1c t\u1ea7ng th\u00e9p ch\u1eafc ch\u1eafn c\u00f3 kh\u1ea3 n\u0103ng ch\u1ecbu \u0111\u01b0\u1ee3c tr\u1ecdng l\u01b0\u1ee3ng d\u00e0y \u0111\u1eb7c v\u00e0 t\u1eadp trung c\u1ee7a m\u1ed9t b\u1ed9 t\u1ea1 l\u1ee5c gi\u00e1c \u0111\u1ea7y \u0111\u1ee7 ho\u1eb7c t\u1ea1 kettlebell thi \u0111\u1ea5u. Thi\u1ebft k\u1ebf t\u1ea7ng \u0111\u01b0\u1ee3c nghi\u00eang ho\u1eb7c c\u00e1ch \u0111\u1ec1u \u0111\u1ec3 \u0111\u1ea3m b\u1ea3o ti\u1ebfp c\u1eadn thu\u1eadn ti\u1ec7n v\u00e0 ergonomics, gi\u00fap tr\u00e1nh c\u0103ng c\u1ed5 tay khi \u0111\u1eb7t l\u1ea1i t\u1ea1 n\u1eb7ng gi\u1eefa c\u00e1c hi\u1ec7p t\u1eadp. N\u00f3 bi\u1ebfn m\u1ed9t \u0111\u1ed1ng t\u1ea1 s\u1eaft th\u00e0nh m\u1ed9t kh\u00f4ng gian tr\u01b0ng b\u00e0y g\u1ecdn g\u00e0ng v\u00e0 chuy\u00ean nghi\u1ec7p.<\/p>\n<p>Gi\u1ed1ng nh\u01b0 c\u00e1c s\u1ea3n ph\u1ea9m c\u00f9ng d\u00f2ng VF, Type 2 \u0111\u01b0\u1ee3c ch\u1ebf t\u1ea1o tr\u00ean khung g\u1ea7m di \u0111\u1ed9ng. C\u00e1c b\u00e1nh xe ch\u1ecbu t\u1ea3i l\u1edbn \u0111\u01b0\u1ee3c thi\u1ebft k\u1ebf \u0111\u1ec3 l\u0103n tr\u01a1n tru ngay c\u1ea3 khi gi\u00e1 \u0111\u1ee1 ch\u1ee9a \u0111\u1ea7y h\u00e0ng tr\u0103m pound th\u00e9p. T\u00ednh n\u0103ng n\u00e0y mang l\u1ea1i s\u1ef1 thay \u0111\u1ed5i \u0111\u1ed9t ph\u00e1 trong vi\u1ec7c d\u1ecdn d\u1eb9p s\u00e0n ph\u00f2ng t\u1eadp ho\u1eb7c s\u1eafp x\u1ebfp l\u1ea1i b\u1ed1 c\u1ee5c cho c\u00e1c s\u1ef1 ki\u1ec7n \u0111\u1eb7c bi\u1ec7t. Thi\u1ebft k\u1ebf sang tr\u1ecdng v\u00e0 hi\u1ec7n \u0111\u1ea1i, v\u1edbi l\u1edbp s\u01a1n t\u0129nh \u0111i\u1ec7n ch\u1ed1ng bong tr\u00f3c v\u00e0 \u0103n m\u00f2n do m\u1ed3 h\u00f4i v\u00e0 ma s\u00e1t gi\u1eefa c\u00e1c b\u1ec1 m\u1eb7t kim lo\u1ea1i. D\u00f9 \u0111\u01b0\u1ee3c s\u1eed d\u1ee5ng nh\u01b0 m\u1ed9t gi\u00e1 t\u1ea1 \u0111\u1ed9c l\u1eadp cho ph\u00f2ng t\u1eadp t\u1ea1i nh\u00e0 hay k\u1ebft h\u1ee3p v\u1edbi c\u00e1c \u0111\u01a1n v\u1ecb VF kh\u00e1c trong m\u00f4i tr\u01b0\u1eddng th\u01b0\u01a1ng m\u1ea1i, Type 2 mang l\u1ea1i \u0111\u1ed9 b\u1ec1n v\u00e0 t\u00ednh di \u0111\u1ed9ng kh\u00f4ng th\u1ec3 so s\u00e1nh.<\/p>\n<h3>1. C\u00e1c c\u1ea5p \u0111\u1ed9 ch\u1ecbu t\u1ea3i cao<\/h3>\n<p>Lo\u1ea1i 2 \u0111\u01b0\u1ee3c thi\u1ebft k\u1ebf \u0111\u1ec3 ch\u1ecbu t\u1ea3i tr\u1ecdng l\u1edbn. C\u00e1c k\u1ec7 \u0111\u01b0\u1ee3c gia c\u1ed1 \u0111\u1ec3 ch\u1ecbu \u0111\u01b0\u1ee3c t\u1ea3i tr\u1ecdng \u0111i\u1ec3m c\u1ef1c l\u1edbn t\u1eeb nh\u1eefng qu\u1ea3 t\u1ea1 n\u1eb7ng \u0111\u1eb7t s\u00e1t nhau. S\u1ea3n ph\u1ea9m kh\u00f4ng b\u1ecb v\u00f5ng hay cong v\u00eanh. T\u00ednh to\u00e0n v\u1eb9n v\u1ec1 m\u1eb7t k\u1ebft c\u1ea5u n\u00e0y l\u00e0 y\u1ebfu t\u1ed1 thi\u1ebft y\u1ebfu \u0111\u1ec3 \u0111\u1ea3m b\u1ea3o an to\u00e0n v\u00e0 b\u1ea3o v\u1ec7 c\u00e1c thi\u1ebft b\u1ecb \u0111\u01b0\u1ee3c l\u01b0u tr\u1eef tr\u00ean \u0111\u00f3.<\/p>\n<h3>2. Ti\u1ebfp c\u1eadn k\u1ec7 h\u00e0ng theo nguy\u00ean t\u1eafc c\u00f4ng th\u00e1i h\u1ecdc<\/h3>\n<p>Vi\u1ec7c nh\u1ea5c m\u1ed9t qu\u1ea3 t\u1ea1 30kg \u0111\u00f2i h\u1ecfi k\u1ef9 thu\u1eadt \u0111\u00fang \u0111\u1eafn. C\u00e1c k\u1ec7 \u0111\u01b0\u1ee3c b\u1ed1 tr\u00ed sao cho ng\u01b0\u1eddi d\u00f9ng c\u00f3 th\u1ec3 nh\u1ea5c t\u1ea1 ra kh\u1ecfi gi\u00e1 \u0111\u1ee1 v\u1edbi l\u1ef1c \u0111\u00f2n b\u1ea9y ph\u00f9 h\u1ee3p, t\u1eeb \u0111\u00f3 gi\u1ea3m thi\u1ec3u nguy c\u01a1 ch\u1ea5n th\u01b0\u01a1ng v\u00f9ng l\u01b0ng d\u01b0\u1edbi. Thi\u1ebft k\u1ebf m\u00e9p k\u1ec7 gi\u00fap t\u1ea1 \u0111\u01b0\u1ee3c c\u1ed1 \u0111\u1ecbnh ch\u1eafc ch\u1eafn khi di chuy\u1ec3n gi\u00e1 \u0111\u1ee1, nh\u01b0ng v\u1eabn d\u1ec5 d\u00e0ng nh\u1ea5c qua khi gi\u00e1 \u0111\u1ee1 \u0111\u1ee9ng y\u00ean.<\/p>\n<h3>3. \u1ee8ng d\u1ee5ng ph\u00f2ng t\u1eadp th\u1ec3 d\u1ee5c \u201cPop-Up\u201d di \u0111\u1ed9ng<\/h3>\n<p>Kh\u1ea3 n\u0103ng \u0111\u1ea9y c\u1ea3 m\u1ed9t d\u00e3y t\u1ea1 \u0111\u01a1n v\u00e0o khu v\u1ef1c t\u1eadp luy\u1ec7n l\u00e0 m\u1ed9t \u0111i\u1ec3m \u0111\u1ed9c \u0111\u00e1o. \u0110i\u1ec1u n\u00e0y gi\u00fap hu\u1ea5n luy\u1ec7n vi\u00ean c\u00f3 th\u1ec3 mang t\u1ea1 \u0111\u1ebfn t\u1eadn ch\u1ed7 kh\u00e1ch h\u00e0ng, thay v\u00ec ph\u1ea3i \u0111i l\u1ea1i nhi\u1ec1u l\u1ea7n trong ph\u00f2ng t\u1eadp. Nh\u1edd \u0111\u00f3, c\u00f3 th\u1ec3 d\u1ec5 d\u00e0ng thi\u1ebft l\u1eadp c\u00e1c khu v\u1ef1c t\u1eadp t\u1ea1 \u201ct\u1ea1m th\u1eddi\u201d trong c\u00e1c kh\u00f4ng gian \u0111a n\u0103ng nh\u01b0 s\u00e2n b\u00f3ng r\u1ed5 ho\u1eb7c ph\u00f2ng t\u1eadp nh\u00f3m.<\/p>\n<h3>4. K\u1ebft n\u1ed1i m\u00f4-\u0111un<\/h3>\n<p>D\u00f2ng s\u1ea3n ph\u1ea9m VF \u0111\u01b0\u1ee3c thi\u1ebft k\u1ebf \u0111\u1ec3 c\u00f3 th\u1ec3 m\u1edf r\u1ed9ng. M\u00f4-\u0111un Lo\u1ea1i 2 k\u1ebft h\u1ee3p ho\u00e0n h\u1ea3o v\u1edbi Lo\u1ea1i 1 v\u00e0 Lo\u1ea1i 3, t\u1ea1o th\u00e0nh m\u1ed9t h\u1ec7 th\u1ed1ng k\u1ec7 l\u01b0u tr\u1eef li\u1ec1n m\u1ea1ch. T\u00ednh m\u00f4-\u0111un n\u00e0y cho ph\u00e9p ch\u1ee7 ph\u00f2ng t\u1eadp th\u1ec3 d\u1ee5c k\u1ebft h\u1ee3p c\u00e1c m\u00f4-\u0111un m\u1ed9t c\u00e1ch linh ho\u1ea1t t\u00f9y theo danh m\u1ee5c thi\u1ebft b\u1ecb c\u1ee5 th\u1ec3 c\u1ee7a h\u1ecd (v\u00ed d\u1ee5: nhi\u1ec1u t\u1ea1 tay h\u01a1n so v\u1edbi nhi\u1ec1u qu\u1ea3 b\u00f3ng h\u01a1n).<\/p>\n<h3>5. L\u1edbp ho\u00e0n thi\u1ec7n c\u00f4ng nghi\u1ec7p b\u1ec1n b\u1ec9<\/h3>\n<p>T\u1ea1 \u0111\u01a1n c\u00f3 b\u1ec1 m\u1eb7t nh\u00e1m. Gi\u00e1 \u0111\u1ee1 \u0111\u01b0\u1ee3c ph\u1ee7 m\u1ed9t l\u1edbp s\u01a1n t\u0129nh \u0111i\u1ec7n c\u00f4ng nghi\u1ec7p b\u1ec1n b\u1ec9, c\u00f3 kh\u1ea3 n\u0103ng ch\u1ecbu \u0111\u01b0\u1ee3c ma s\u00e1t li\u00ean t\u1ee5c khi \u0111\u1eb7t l\u00ean v\u00e0 l\u1ea5y ra c\u00e1c tay c\u1ea7m c\u00f3 r\u00e3nh v\u00e0 \u0111\u1ea7u t\u1ea1 b\u1eb1ng cao su. L\u1edbp s\u01a1n n\u00e0y gi\u00fap gi\u00e1 \u0111\u1ee1 gi\u1eef \u0111\u01b0\u1ee3c v\u1ebb ngo\u00e0i s\u1ea1ch s\u1ebd l\u00e2u h\u01a1n so v\u1edbi s\u01a1n th\u00f4ng th\u01b0\u1eddng.<\/p>\n<h3>\u0110\u1ed1i t\u01b0\u1ee3ng d\u00e0nh cho ai?<\/h3>\n<ul style=\"list-style-position: inside; padding-left: 0;\">\n<li>C\u00e1c ph\u00f2ng t\u1eadp th\u1ec3 h\u00ecnh c\u00e1 nh\u00e2n c\u1ea7n c\u00f3 b\u1ed1 tr\u00ed kh\u00f4ng gian linh ho\u1ea1t.<\/li>\n<li>C\u00e1c ph\u00f2ng t\u1eadp th\u1ec3 h\u00ecnh th\u01b0\u01a1ng m\u1ea1i s\u1eafp x\u1ebfp c\u00e1c d\u1ee5ng c\u1ee5 t\u1ea1 t\u1ef1 do.<\/li>\n<li>C\u00e1c ph\u00f2ng t\u1eadp th\u1ec3 d\u1ee5c t\u1ea1i nh\u00e0 c\u00f3 b\u1ed9 s\u01b0u t\u1eadp t\u1ea1 \u0111\u01a1n v\u00e0 t\u1ea1 kettlebell phong ph\u00fa.<\/li>\n<li>C\u00e1c hu\u1ea5n luy\u1ec7n vi\u00ean c\u1ea7n tr\u1ea1m thi\u1ebft b\u1ecb di \u0111\u1ed9ng.<\/li>\n<\/ul>\n<h3>Th\u00f4ng s\u1ed1 k\u1ef9 thu\u1eadt s\u1ea3n ph\u1ea9m<\/h3>\n<table border=\"1\" width=\"100%\" cellspacing=\"0\" cellpadding=\"5\">\n<tbody>\n<tr>\n<td><strong>M\u1eabu<\/strong><\/td>\n<td>F12JC002 (Lo\u1ea1i 2)<\/td>\n<\/tr>\n<tr>\n<td><strong>Lo\u1ea1t phim<\/strong><\/td>\n<td>VF (VersiFunction)<\/td>\n<\/tr>\n<tr>\n<td><strong>T\u1eadp trung v\u00e0o l\u01b0u tr\u1eef<\/strong><\/td>\n<td>T\u1ea1 \u0111\u01a1n, T\u1ea1 kettlebell<\/td>\n<\/tr>\n<tr>\n<td><strong>Kh\u1ea3 n\u0103ng di chuy\u1ec3n<\/strong><\/td>\n<td>B\u00e1nh xe ch\u1ecbu t\u1ea3i n\u1eb7ng<\/td>\n<\/tr>\n<tr>\n<td><strong>Ch\u1ea5t li\u1ec7u<\/strong><\/td>\n<td>Th\u00e9p gia c\u01b0\u1eddng<\/td>\n<\/tr>\n<\/tbody>\n<\/table>","protected":false},"excerpt":{"rendered":"<p>D\u00f2ng s\u1ea3n ph\u1ea9m VF (VersiFunction) Lo\u1ea1i 2 c\u1ee7a Alex Athletics l\u00e0 m\u1ed9t gi\u00e1 \u0111\u1ec3 \u0111\u1ed3 di \u0111\u1ed9ng, ch\u1ecbu t\u1ea3i n\u1eb7ng, \u0111\u01b0\u1ee3c t\u1ed1i \u01b0u h\u00f3a cho c\u00e1c thi\u1ebft b\u1ecb t\u1eadp t\u1ea1 t\u1ef1 do. V\u1edbi c\u00e1c t\u1ea7ng \u0111\u01b0\u1ee3c gia c\u1ed1 b\u1eb1ng th\u00e9p, s\u1ea3n ph\u1ea9m n\u00e0y \u0111\u01b0\u1ee3c thi\u1ebft k\u1ebf \u0111\u1ec3 ch\u1ecbu \u0111\u01b0\u1ee3c t\u1ea3i tr\u1ecdng t\u1eadp trung t\u1eeb t\u1ea1 \u0111\u01a1n v\u00e0 t\u1ea1 kettlebell m\u00e0 kh\u00f4ng b\u1ecb v\u00f5ng. B\u00e1nh xe kh\u00f3a ch\u1ea5t l\u01b0\u1ee3ng c\u00f4ng nghi\u1ec7p cho ph\u00e9p b\u1ea1n di chuy\u1ec3n gi\u00e1 \u0111\u1ee1 \u0111\u00e3 \u0111\u01b0\u1ee3c ch\u1ea5t \u0111\u1ea7y t\u1ea1 m\u1ed9t c\u00e1ch d\u1ec5 d\u00e0ng, khi\u1ebfn n\u00f3 tr\u1edf th\u00e0nh l\u1ef1a ch\u1ecdn l\u00fd t\u01b0\u1edfng cho c\u00e1c b\u1ed1 tr\u00ed ph\u00f2ng t\u1eadp linh ho\u1ea1t v\u00e0 vi\u1ec7c v\u1ec7 sinh. V\u1edbi l\u1edbp s\u01a1n t\u0129nh \u0111i\u1ec7n b\u1ec1n b\u1ec9 v\u00e0 thi\u1ebft k\u1ebf ti\u1ec7n l\u1ee3i, s\u1ea3n ph\u1ea9m n\u00e0y mang \u0111\u1ebfn m\u1ed9t kh\u00f4ng gian an to\u00e0n v\u00e0 chuy\u00ean nghi\u1ec7p \u0111\u1ec3 l\u01b0u tr\u1eef nh\u1eefng d\u1ee5ng c\u1ee5 t\u1ea1 n\u1eb7ng nh\u1ea5t c\u1ee7a b\u1ea1n.<\/p>","protected":false},"featured_media":3678,"comment_status":"open","ping_status":"closed","template":"","meta":{"inline_featured_image":false,"site-sidebar-layout":"default","site-content-layout":"","ast-site-content-layout":"default","site-content-style":"default","site-sidebar-style":"default","ast-global-header-display":"","ast-banner-title-visibility":"","ast-main-header-display":"","ast-hfb-above-header-display":"","ast-hfb-below-header-display":"","ast-hfb-mobile-header-display":"","site-post-title":"","ast-breadcrumbs-content":"","ast-featured-img":"","footer-sml-layout":"","ast-disable-related-posts":"","theme-transparent-header-meta":"default","adv-header-id-meta":"","stick-header-meta":"default","header-above-stick-meta":"","header-main-stick-meta":"","header-below-stick-meta":"","astra-migrate-meta-layouts":"set","ast-page-background-enabled":"default","ast-page-background-meta":{"desktop":{"background-color":"","background-image":"","background-repeat":"repeat","background-position":"center center","background-size":"auto","background-attachment":"scroll","background-type":"","background-media":"","overlay-type":"","overlay-color":"","overlay-opacity":"","overlay-gradient":""},"tablet":{"background-color":"","background-image":"","background-repeat":"repeat","background-position":"center center","background-size":"auto","background-attachment":"scroll","background-type":"","background-media":"","overlay-type":"","overlay-color":"","overlay-opacity":"","overlay-gradient":""},"mobile":{"background-color":"","background-image":"","background-repeat":"repeat","background-position":"center center","background-size":"auto","background-attachment":"scroll","background-type":"","background-media":"","overlay-type":"","overlay-color":"","overlay-opacity":"","overlay-gradient":""}},"ast-content-background-meta":{"desktop":{"background-color":"var(--ast-global-color-5)","background-image":"","background-repeat":"repeat","background-position":"center center","background-size":"auto","background-attachment":"scroll","background-type":"","background-media":"","overlay-type":"","overlay-color":"","overlay-opacity":"","overlay-gradient":""},"tablet":{"background-color":"var(--ast-global-color-5)","background-image":"","background-repeat":"repeat","background-position":"center center","background-size":"auto","background-attachment":"scroll","background-type":"","background-media":"","overlay-type":"","overlay-color":"","overlay-opacity":"","overlay-gradient":""},"mobile":{"background-color":"var(--ast-global-color-5)","background-image":"","background-repeat":"repeat","background-position":"center center","background-size":"auto","background-attachment":"scroll","background-type":"","background-media":"","overlay-type":"","overlay-color":"","overlay-opacity":"","overlay-gradient":""}}},"product_brand":[],"product_cat":[55],"product_tag":[63],"class_list":{"0":"post-2952","1":"product","2":"type-product","3":"status-publish","4":"has-post-thumbnail","6":"product_cat-free-weight-training","7":"product_tag-rack-storage","8":"desktop-align-left","9":"tablet-align-left","10":"mobile-align-left","12":"first","13":"instock","14":"shipping-taxable","15":"purchasable","16":"product-type-simple"},"_links":{"self":[{"href":"https:\/\/alexathletics1982.com\/vi\/wp-json\/wp\/v2\/product\/2952","targetHints":{"allow":["GET"]}}],"collection":[{"href":"https:\/\/alexathletics1982.com\/vi\/wp-json\/wp\/v2\/product"}],"about":[{"href":"https:\/\/alexathletics1982.com\/vi\/wp-json\/wp\/v2\/types\/product"}],"replies":[{"embeddable":true,"href":"https:\/\/alexathletics1982.com\/vi\/wp-json\/wp\/v2\/comments?post=2952"}],"wp:featuredmedia":[{"embeddable":true,"href":"https:\/\/alexathletics1982.com\/vi\/wp-json\/wp\/v2\/media\/3678"}],"wp:attachment":[{"href":"https:\/\/alexathletics1982.com\/vi\/wp-json\/wp\/v2\/media?parent=2952"}],"wp:term":[{"taxonomy":"product_brand","embeddable":true,"href":"https:\/\/alexathletics1982.com\/vi\/wp-json\/wp\/v2\/product_brand?post=2952"},{"taxonomy":"product_cat","embeddable":true,"href":"https:\/\/alexathletics1982.com\/vi\/wp-json\/wp\/v2\/product_cat?post=2952"},{"taxonomy":"product_tag","embeddable":true,"href":"https:\/\/alexathletics1982.com\/vi\/wp-json\/wp\/v2\/product_tag?post=2952"}],"curies":[{"name":"wp","href":"https:\/\/api.w.org\/{rel}","templated":true}]}}