{"id":2955,"date":"2026-01-23T20:21:01","date_gmt":"2026-01-23T12:21:01","guid":{"rendered":"https:\/\/alexathletics1982.com\/?post_type=product&#038;p=2955"},"modified":"2026-04-08T11:18:27","modified_gmt":"2026-04-08T03:18:27","slug":"thap-tam-veta","status":"publish","type":"product","link":"https:\/\/alexathletics1982.com\/vi\/veta-plate-tower\/","title":{"rendered":"Th\u00e1p Veta Plate"},"content":{"rendered":"<h2>C\u00f4ng su\u1ea5t t\u1ea3i d\u1ecdc: Th\u00e1p t\u1ea5m Veta<\/h2>\n<p>T\u1ea5m t\u1ea1 l\u00e0 nh\u1eefng v\u1eadt d\u1ee5ng n\u1eb7ng nh\u1ea5t v\u00e0 c\u1ed3ng k\u1ec1nh nh\u1ea5t trong ph\u00f2ng t\u1eadp, v\u00e0 vi\u1ec7c l\u01b0u tr\u1eef ch\u00fang \u0111\u00f2i h\u1ecfi m\u1ed9t gi\u1ea3i ph\u00e1p chuy\u00ean d\u1ee5ng. Veta Plate Tower (F12BC002) c\u1ee7a Alex Athletics l\u00e0 m\u1ed9t gi\u00e1 l\u01b0u tr\u1eef th\u1eb3ng \u0111\u1ee9ng \u0111\u01b0\u1ee3c thi\u1ebft k\u1ebf \u0111\u1ec3 x\u1eed l\u00fd t\u1ea3i tr\u1ecdng kh\u1ed5ng l\u1ed3 c\u1ee7a c\u00e1c t\u1ea5m t\u1ea1 Olympic m\u1ed9t c\u00e1ch d\u1ec5 d\u00e0ng v\u00e0 \u0111\u1ea7y phong c\u00e1ch. Kh\u00f4ng gi\u1ed1ng nh\u01b0 c\u00e1c gi\u00e1 ngang chi\u1ebfm nhi\u1ec1u kh\u00f4ng gian tr\u00ean t\u01b0\u1eddng, thi\u1ebft k\u1ebf \u201cTower\u201d n\u00e0y t\u1eadn d\u1ee5ng chi\u1ec1u cao \u0111\u1ec3 l\u01b0u tr\u1eef h\u00e0ng tr\u0103m kg s\u1eaft ho\u1eb7c cao su trong m\u1ed9t kh\u00f4ng gian nh\u1ecf g\u1ecdn (th\u01b0\u1eddng d\u01b0\u1edbi 2\u00d72 feet). Ng\u00f4n ng\u1eef thi\u1ebft k\u1ebf \u201cVeta\u201d c\u00f3 l\u1ebd h\u00e0m \u00fd m\u1ed9t th\u1ea9m m\u1ef9 hi\u1ec7n \u0111\u1ea1i, thanh l\u1ecbch v\u1edbi tr\u1ecdng t\u00e2m l\u00e0 \u0111\u1ed9 c\u1ee9ng v\u1eefng v\u1ec1 m\u1eb7t c\u1ea5u tr\u00fac. C\u1ed9t trung t\u00e2m h\u1ed7 tr\u1ee3 nhi\u1ec1u gi\u00e1 \u0111\u1ee1 t\u1ea1 \u0111\u01b0\u1ee3c b\u1ed1 tr\u00ed c\u00e1ch nhau m\u1ed9t kho\u1ea3ng c\u00e1ch c\u1ee5 th\u1ec3 \u0111\u1ec3 ch\u1ee9a c\u00e1c \u0111\u0129a t\u1ea1 c\u00f3 \u0111\u01b0\u1eddng k\u00ednh kh\u00e1c nhau, t\u1eeb c\u00e1c \u0111\u0129a t\u1ea1 nh\u1ecf \u1edf tr\u00ean c\u00f9ng \u0111\u1ebfn c\u00e1c \u0111\u0129a t\u1ea1 kh\u1ed5ng l\u1ed3 25kg\/45lb \u1edf d\u01b0\u1edbi c\u00f9ng.<\/p>\n<p>\u0110\u01b0\u1ee3c ch\u1ebf t\u1ea1o t\u1eeb \u1ed1ng th\u00e9p d\u00e0y, gi\u00e1 \u0111\u1ee1 t\u1ea1 Veta Plate Tower \u0111\u01b0\u1ee3c h\u00e0n ch\u1eafc ch\u1eafn \u0111\u1ec3 \u0111\u1ea3m b\u1ea3o \u0111\u1ed9 b\u1ec1n t\u1ed1i \u0111a. Kh\u00f4ng c\u00f3 \u1ed1c v\u00edt n\u00e0o c\u00f3 th\u1ec3 b\u1ecb l\u1ecfng theo th\u1eddi gian; \u0111\u00e2y l\u00e0 m\u1ed9t kh\u1ed1i th\u1ed1ng nh\u1ea5t v\u1eefng ch\u1eafc. C\u00e1c gi\u00e1 \u0111\u1ee1 t\u1ea1 th\u01b0\u1eddng \u0111\u01b0\u1ee3c m\u1ea1 cr\u00f4m ho\u1eb7c ph\u1ee7 l\u1edbp s\u01a1n b\u1ec1n b\u1ec9, gi\u00fap c\u00e1c \u0111\u0129a t\u1ea1 tr\u01b0\u1ee3t l\u00ean xu\u1ed1ng m\u1ed9t c\u00e1ch tr\u01a1n tru m\u00e0 kh\u00f4ng g\u00e2y tr\u1ea7y x\u01b0\u1edbc. Ph\u1ea7n \u0111\u1ebf \u0111\u01b0\u1ee3c thi\u1ebft k\u1ebf ch\u1ed1ng l\u1eadt, \u0111\u1ea3m b\u1ea3o an to\u00e0n ngay c\u1ea3 khi gi\u00e1 \u0111\u1ee1 b\u1ecb t\u1ea3i kh\u00f4ng \u0111\u1ec1u. B\u1eb1ng c\u00e1ch n\u00e2ng c\u00e1c t\u1ea5m t\u1ea1 l\u00ean kh\u1ecfi s\u00e0n, b\u1ea1n kh\u00f4ng ch\u1ec9 lo\u1ea1i b\u1ecf nguy c\u01a1 v\u1ea5p ng\u00e3 m\u00e0 c\u00f2n gi\u00fap vi\u1ec7c x\u1ebfp v\u00e0 d\u1ee1 t\u1ea1 tr\u1edf n\u00ean nhanh ch\u00f3ng v\u00e0 ti\u1ec7n l\u1ee3i h\u01a1n \u0111\u00e1ng k\u1ec3 cho v\u1eadn \u0111\u1ed9ng vi\u00ean. \u0110\u00e2y l\u00e0 thi\u1ebft b\u1ecb l\u01b0u tr\u1eef c\u01a1 b\u1ea3n cho b\u1ea5t k\u1ef3 khu v\u1ef1c t\u1eadp t\u1ea1 t\u1ef1 do n\u00e0o.<\/p>\n<h3>1. K\u00edch th\u01b0\u1edbc nh\u1ecf g\u1ecdn theo chi\u1ec1u d\u1ecdc<\/h3>\n<p>Di\u1ec7n t\u00edch s\u00e0n ch\u00ednh l\u00e0 ngu\u1ed3n thu. Veta Tower t\u1ed1i \u01b0u h\u00f3a di\u1ec7n t\u00edch l\u01b0u tr\u1eef, gi\u00fap ch\u1ecbu \u0111\u01b0\u1ee3c t\u1ea3i tr\u1ecdng l\u1edbn trong m\u1ed9t c\u1ed9t th\u1eb3ng \u0111\u1ee9ng g\u1ecdn g\u00e0ng. \u0110i\u1ec1u n\u00e0y gi\u00fap gi\u1ea3i ph\u00f3ng di\u1ec7n t\u00edch s\u00e0n cho c\u00e1c b\u1ee5c t\u1eadp v\u00e0 gh\u1ebf t\u1eadp. \u0110\u00e2y l\u00e0 c\u00e1ch hi\u1ec7u qu\u1ea3 nh\u1ea5t \u0111\u1ec3 l\u01b0u tr\u1eef \u0111\u0129a t\u1ea1 trong ph\u00f2ng t\u1eadp t\u1ea1i nh\u00e0 ho\u1eb7c c\u00e1c c\u01a1 s\u1edf th\u01b0\u01a1ng m\u1ea1i ch\u1eadt h\u1eb9p.<\/p>\n<h3>2. Kho\u1ea3ng c\u00e1ch gi\u1eefa c\u00e1c loa k\u00e8n \u0111\u01b0\u1ee3c t\u1ed1i \u01b0u h\u00f3a<\/h3>\n<p>C\u00e1ch b\u1ed1 tr\u00ed n\u00e0y l\u00e0 c\u00f3 ch\u1ee7 \u0111\u00edch. Kho\u1ea3ng c\u00e1ch gi\u1eefa c\u00e1c thanh \u0111\u1ee1 t\u1ea1 \u0111\u01b0\u1ee3c t\u00ednh to\u00e1n sao cho v\u1eeba v\u1eb7n v\u1edbi c\u00e1c \u0111\u0129a t\u1ea1 c\u00f3 \u0111\u01b0\u1eddng k\u00ednh ti\u00eau chu\u1ea9n IWF (450 mm) \u1edf ph\u00eda d\u01b0\u1edbi v\u00e0 c\u00e1c \u0111\u0129a t\u1ea1 nh\u1ecf h\u01a1n \u1edf ph\u00eda tr\u00ean m\u00e0 kh\u00f4ng b\u1ecb ch\u1ed3ng ch\u00e9o hay va ch\u1ea1m. \u0110i\u1ec1u n\u00e0y gi\u00fap b\u1ea1n d\u1ec5 d\u00e0ng l\u1ea5y \u0111\u0129a t\u1ea1 20 kg m\u00e0 kh\u00f4ng lo b\u1ecb \u0111\u0129a t\u1ea1 10 kg ph\u00eda tr\u00ean c\u1ecd x\u00e1t v\u00e0o c\u00e1c kh\u1edbp ng\u00f3n tay.<\/p>\n<h3>3. Khung h\u00e0n ch\u1ecbu l\u1ef1c cao<\/h3>\n<p>\u0110\u1ed9 \u1ed5n \u0111\u1ecbnh l\u00e0 y\u1ebfu t\u1ed1 kh\u00f4ng th\u1ec3 th\u1ecfa hi\u1ec7p. Khung xe c\u00f3 th\u1ec3 l\u00e0 m\u1ed9t c\u1ea5u tr\u00fac \u0111\u01b0\u1ee3c h\u00e0n to\u00e0n b\u1ed9 ho\u1eb7c gh\u00e9p b\u1eb1ng bu-l\u00f4ng ch\u1eafc ch\u1eafn, c\u00f3 kh\u1ea3 n\u0103ng ch\u1ecbu t\u1ea3i tr\u1ecdng tr\u00ean 500kg. C\u1ea3m gi\u00e1c khi s\u1eed d\u1ee5ng r\u1ea5t ch\u1eafc ch\u1eafn v\u00e0 v\u1eefng ch\u00e3i. Thi\u1ebft k\u1ebf c\u1ea5u tr\u00fac c\u01a1 b\u1ea3n gi\u00fap ng\u0103n ng\u1eeba hi\u1ec7n t\u01b0\u1ee3ng l\u1eadt xe, ngay c\u1ea3 khi b\u1ea1n th\u00e1o h\u1ebft c\u00e1c v\u1eadt n\u1eb7ng kh\u1ecfi m\u1ed9t b\u00ean (m\u1eb7c d\u00f9 vi\u1ec7c d\u1ee1 t\u1ea3i c\u00e2n b\u1eb1ng lu\u00f4n \u0111\u01b0\u1ee3c khuy\u1ebfn ngh\u1ecb).<\/p>\n<h3>4. C\u00e1nh c\u00e2n tr\u01a1n<\/h3>\n<p>C\u00e1c m\u00f3c treo t\u1ea1 \u0111\u01b0\u1ee3c thi\u1ebft k\u1ebf v\u1edbi ti\u00eau ch\u00ed ti\u1ec7n d\u1ee5ng. Ch\u00fang c\u00f3 k\u00edch th\u01b0\u1edbc ph\u00f9 h\u1ee3p v\u1edbi \u0111\u0129a t\u1ea1 Olympic 50mm v\u00e0 \u0111\u01b0\u1ee3c gia c\u00f4ng nh\u1eb5n m\u1ecbn. \u0110i\u1ec1u n\u00e0y gi\u00fap gi\u1ea3m ma s\u00e1t khi tr\u01b0\u1ee3t c\u00e1c \u0111\u0129a t\u1ea1 cao su n\u1eb7ng l\u00ean m\u00f3c, nh\u1edd \u0111\u00f3 vi\u1ec7c d\u1ecdn d\u1eb9p sau khi t\u1eadp luy\u1ec7n tr\u1edf n\u00ean d\u1ec5 d\u00e0ng h\u01a1n. C\u00e1c m\u00f3c n\u00e0y th\u01b0\u1eddng \u0111\u01b0\u1ee3c trang b\u1ecb n\u1eafp \u0111\u1eady \u1edf \u0111\u1ea7u \u0111\u1ec3 ng\u0103n \u0111\u0129a t\u1ea1 tr\u01b0\u1ee3t ra ngo\u00e0i do rung l\u1eafc.<\/p>\n<h3>5. T\u1ed5 ch\u1ee9c &amp; An to\u00e0n<\/h3>\n<p>M\u1ed9t \u0111\u1ed1ng \u0111\u0129a t\u1ea1 v\u01b0\u01a1ng v\u00e3i tr\u00ean s\u00e0n c\u00f3 th\u1ec3 khi\u1ebfn b\u1ea1n b\u1ecb g\u00e3y ng\u00f3n ch\u00e2n b\u1ea5t c\u1ee9 l\u00fac n\u00e0o. Veta Tower gi\u00fap s\u1eafp x\u1ebfp c\u00e1c \u0111\u0129a t\u1ea1 theo k\u00edch c\u1ee1, gi\u00fap b\u1ea1n d\u1ec5 d\u00e0ng l\u1ea5y ch\u00ednh x\u00e1c nh\u1eefng g\u00ec m\u00ecnh c\u1ea7n. S\u1ea3n ph\u1ea9m n\u00e0y khuy\u1ebfn kh\u00edch th\u00f3i quen \u201cc\u1ea5t \u0111\u0129a t\u1ea1 v\u1ec1 v\u1ecb tr\u00ed c\u0169\u201d t\u1ea1i ph\u00f2ng t\u1eadp, \u0111\u1ed3ng th\u1eddi gi\u1eef cho m\u00f4i tr\u01b0\u1eddng t\u1eadp luy\u1ec7n an to\u00e0n v\u00e0 thu\u1eadn ti\u1ec7n.<\/p>\n<h3>\u0110\u1ed1i t\u01b0\u1ee3ng d\u00e0nh cho ai?<\/h3>\n<ul style=\"list-style-position: inside; padding-left: 0;\">\n<li>Ch\u1ee7 s\u1edf h\u1eefu ph\u00f2ng t\u1eadp th\u1ec3 d\u1ee5c t\u1ea1i nh\u00e0 c\u00f3 di\u1ec7n t\u00edch s\u00e0n h\u1ea1n ch\u1ebf.<\/li>\n<li>C\u00e1c ph\u00f2ng t\u1eadp th\u1ec3 h\u00ecnh th\u01b0\u01a1ng m\u1ea1i c\u1ea7n kh\u00f4ng gian l\u01b0u tr\u1eef ngay t\u1ea1i ch\u1ed7 g\u1ea7n c\u00e1c gi\u00e1 t\u1eadp.<\/li>\n<li>C\u00e1c c\u00e2u l\u1ea1c b\u1ed9 c\u1eed t\u1ea1 \u0111ang s\u1eafp x\u1ebfp c\u00e1c \u0111\u0129a t\u1ea1 c\u00f3 vi\u1ec1n.<\/li>\n<li>Ai \u0111\u00e3 ch\u00e1n ng\u00e1n vi\u1ec7c v\u1ea5p ph\u1ea3i nh\u1eefng \u0111\u1ed1ng t\u1ea1 r\u1ed3i ch\u01b0a?.<\/li>\n<li>C\u00e1c c\u01a1 s\u1edf \u0111\u1eb7t an to\u00e0n v\u00e0 s\u1ef1 ng\u0103n n\u1eafp l\u00ean h\u00e0ng \u0111\u1ea7u.<\/li>\n<\/ul>\n<h3>Th\u00f4ng s\u1ed1 k\u1ef9 thu\u1eadt s\u1ea3n ph\u1ea9m<\/h3>\n<table border=\"1\" width=\"100%\" cellspacing=\"0\" cellpadding=\"5\">\n<tbody>\n<tr>\n<td><strong>M\u1eabu<\/strong><\/td>\n<td>F12BC002<\/td>\n<\/tr>\n<tr>\n<td><strong>Lo\u1ea1i<\/strong><\/td>\n<td>C\u00e2y l\u00e1 d\u1ecdc<\/td>\n<\/tr>\n<tr>\n<td><strong>Ch\u1ea5t li\u1ec7u<\/strong><\/td>\n<td>Th\u00e9p d\u00e0y<\/td>\n<\/tr>\n<tr>\n<td><strong>C\u00f4ng su\u1ea5t<\/strong><\/td>\n<td>T\u1ea3i tr\u1ecdng th\u01b0\u01a1ng m\u1ea1i (t\u1eeb 500 kg tr\u1edf l\u00ean)<\/td>\n<\/tr>\n<tr>\n<td><strong>D\u1ea5u ch\u00e2n<\/strong><\/td>\n<td>Thi\u1ebft k\u1ebf nh\u1ecf g\u1ecdn \/ D\u1ecdc<\/td>\n<\/tr>\n<\/tbody>\n<\/table>","protected":false},"excerpt":{"rendered":"<p>Gi\u00e1 \u0111\u1ee1 \u0111\u0129a t\u1ea1 Veta Plate Tower c\u1ee7a Alex Athletics l\u00e0 gi\u1ea3i ph\u00e1p ti\u1ebft ki\u1ec7m kh\u00f4ng gian l\u00fd t\u01b0\u1edfng \u0111\u1ec3 l\u01b0u tr\u1eef t\u1ea1 n\u1eb7ng. Thi\u1ebft k\u1ebf th\u1eb3ng \u0111\u1ee9ng c\u1ee7a s\u1ea3n ph\u1ea9m gi\u00fap s\u1eafp x\u1ebfp h\u00e0ng tr\u0103m kilogram \u0111\u0129a t\u1ea1 Olympic tr\u00ean di\u1ec7n t\u00edch nh\u1ecf g\u1ecdn, gi\u1ea3i ph\u00f3ng kh\u00f4ng gian s\u00e0n qu\u00fd gi\u00e1. \u0110\u01b0\u1ee3c ch\u1ebf t\u1ea1o t\u1eeb th\u00e9p d\u00e0y v\u1edbi ch\u00e2n \u0111\u1ebf v\u1eefng ch\u1eafc, ch\u1ed1ng l\u1eadt, s\u1ea3n ph\u1ea9m c\u00f3 c\u00e1c khe \u0111\u1ef1ng t\u1ea1 \u0111\u01b0\u1ee3c b\u1ed1 tr\u00ed h\u1ee3p l\u00fd, gi\u00fap d\u1ec5 d\u00e0ng l\u1ea5y c\u00e1c k\u00edch c\u1ee1 \u0111\u0129a t\u1ea1 kh\u00e1c nhau. B\u1ec1n b\u1ec9 v\u00e0 sang tr\u1ecdng, s\u1ea3n ph\u1ea9m n\u00e0y gi\u00fap ph\u00f2ng t\u1eadp c\u1ee7a b\u1ea1n an to\u00e0n, g\u1ecdn g\u00e0ng v\u00e0 chuy\u00ean nghi\u1ec7p b\u1eb1ng c\u00e1ch \u0111\u01b0a t\u1ea1 l\u00ean gi\u00e1 \u0111\u1ee1 thay v\u00ec \u0111\u1ec3 tr\u00ean s\u00e0n.<\/p>","protected":false},"featured_media":3460,"comment_status":"open","ping_status":"closed","template":"","meta":{"inline_featured_image":false,"site-sidebar-layout":"default","site-content-layout":"","ast-site-content-layout":"default","site-content-style":"default","site-sidebar-style":"default","ast-global-header-display":"","ast-banner-title-visibility":"","ast-main-header-display":"","ast-hfb-above-header-display":"","ast-hfb-below-header-display":"","ast-hfb-mobile-header-display":"","site-post-title":"","ast-breadcrumbs-content":"","ast-featured-img":"","footer-sml-layout":"","ast-disable-related-posts":"","theme-transparent-header-meta":"default","adv-header-id-meta":"","stick-header-meta":"default","header-above-stick-meta":"","header-main-stick-meta":"","header-below-stick-meta":"","astra-migrate-meta-layouts":"set","ast-page-background-enabled":"default","ast-page-background-meta":{"desktop":{"background-color":"","background-image":"","background-repeat":"repeat","background-position":"center center","background-size":"auto","background-attachment":"scroll","background-type":"","background-media":"","overlay-type":"","overlay-color":"","overlay-opacity":"","overlay-gradient":""},"tablet":{"background-color":"","background-image":"","background-repeat":"repeat","background-position":"center center","background-size":"auto","background-attachment":"scroll","background-type":"","background-media":"","overlay-type":"","overlay-color":"","overlay-opacity":"","overlay-gradient":""},"mobile":{"background-color":"","background-image":"","background-repeat":"repeat","background-position":"center center","background-size":"auto","background-attachment":"scroll","background-type":"","background-media":"","overlay-type":"","overlay-color":"","overlay-opacity":"","overlay-gradient":""}},"ast-content-background-meta":{"desktop":{"background-color":"var(--ast-global-color-5)","background-image":"","background-repeat":"repeat","background-position":"center center","background-size":"auto","background-attachment":"scroll","background-type":"","background-media":"","overlay-type":"","overlay-color":"","overlay-opacity":"","overlay-gradient":""},"tablet":{"background-color":"var(--ast-global-color-5)","background-image":"","background-repeat":"repeat","background-position":"center center","background-size":"auto","background-attachment":"scroll","background-type":"","background-media":"","overlay-type":"","overlay-color":"","overlay-opacity":"","overlay-gradient":""},"mobile":{"background-color":"var(--ast-global-color-5)","background-image":"","background-repeat":"repeat","background-position":"center center","background-size":"auto","background-attachment":"scroll","background-type":"","background-media":"","overlay-type":"","overlay-color":"","overlay-opacity":"","overlay-gradient":""}}},"product_brand":[],"product_cat":[55],"product_tag":[63],"class_list":{"0":"post-2955","1":"product","2":"type-product","3":"status-publish","4":"has-post-thumbnail","6":"product_cat-free-weight-training","7":"product_tag-rack-storage","8":"desktop-align-left","9":"tablet-align-left","10":"mobile-align-left","12":"first","13":"instock","14":"shipping-taxable","15":"purchasable","16":"product-type-simple"},"_links":{"self":[{"href":"https:\/\/alexathletics1982.com\/vi\/wp-json\/wp\/v2\/product\/2955","targetHints":{"allow":["GET"]}}],"collection":[{"href":"https:\/\/alexathletics1982.com\/vi\/wp-json\/wp\/v2\/product"}],"about":[{"href":"https:\/\/alexathletics1982.com\/vi\/wp-json\/wp\/v2\/types\/product"}],"replies":[{"embeddable":true,"href":"https:\/\/alexathletics1982.com\/vi\/wp-json\/wp\/v2\/comments?post=2955"}],"wp:featuredmedia":[{"embeddable":true,"href":"https:\/\/alexathletics1982.com\/vi\/wp-json\/wp\/v2\/media\/3460"}],"wp:attachment":[{"href":"https:\/\/alexathletics1982.com\/vi\/wp-json\/wp\/v2\/media?parent=2955"}],"wp:term":[{"taxonomy":"product_brand","embeddable":true,"href":"https:\/\/alexathletics1982.com\/vi\/wp-json\/wp\/v2\/product_brand?post=2955"},{"taxonomy":"product_cat","embeddable":true,"href":"https:\/\/alexathletics1982.com\/vi\/wp-json\/wp\/v2\/product_cat?post=2955"},{"taxonomy":"product_tag","embeddable":true,"href":"https:\/\/alexathletics1982.com\/vi\/wp-json\/wp\/v2\/product_tag?post=2955"}],"curies":[{"name":"wp","href":"https:\/\/api.w.org\/{rel}","templated":true}]}}