{"id":2958,"date":"2026-01-23T20:21:01","date_gmt":"2026-01-23T12:21:01","guid":{"rendered":"https:\/\/alexathletics1982.com\/?post_type=product&#038;p=2958"},"modified":"2026-04-09T00:09:39","modified_gmt":"2026-04-08T16:09:39","slug":"gia-de-5-cap-ta-don","status":"publish","type":"product","link":"https:\/\/alexathletics1982.com\/vi\/5-pairs-dumbbell-rack\/","title":{"rendered":"Gi\u00e1 \u0111\u1ec3 5 c\u1eb7p t\u1ea1 \u0111\u01a1n"},"content":{"rendered":"<h2>Gi\u1ea3i ph\u00e1p n\u1ed9i th\u1ea5t ti\u1ebft ki\u1ec7m kh\u00f4ng gian: Gi\u00e1 \u0111\u1ec3 5 c\u1eb7p t\u1ea1 \u0111\u01a1n<\/h2>\n<p>\u0110\u1ed1i v\u1edbi nh\u1eefng ng\u01b0\u1eddi \u0111am m\u00ea t\u1eadp luy\u1ec7n t\u1ea1i nh\u00e0 ho\u1eb7c c\u00e1c ph\u00f2ng t\u1eadp nh\u1ecf v\u1edbi b\u1ed9 s\u01b0u t\u1eadp t\u1ea1 \u0111\u01b0\u1ee3c ch\u1ecdn l\u1ecdc k\u1ef9 l\u01b0\u1ee1ng, gi\u00e1 \u0111\u1ec3 t\u1ea1 V.EPSILON ch\u00ednh l\u00e0 gi\u1ea3i ph\u00e1p \u201cl\u01b0u tr\u1eef nh\u1ecf g\u1ecdn\u201d l\u00fd t\u01b0\u1edfng. \u0110\u01b0\u1ee3c thi\u1ebft k\u1ebf \u0111\u1ec3 ch\u1ee9a 5 c\u1eb7p t\u1ea1, gi\u00e1 \u0111\u1ec3 t\u1ea1 th\u1eb3ng \u0111\u1ee9ng nh\u1ecf g\u1ecdn n\u00e0y \u0111\u00e1p \u1ee9ng \u0111\u1ea7y \u0111\u1ee7 nhu c\u1ea7u c\u01a1 b\u1ea3n m\u00e0 kh\u00f4ng chi\u1ebfm qu\u00e1 nhi\u1ec1u di\u1ec7n t\u00edch trong ph\u00f2ng. S\u1ea3n ph\u1ea9m \u0111\u01b0\u1ee3c thi\u1ebft k\u1ebf chuy\u00ean bi\u1ec7t cho t\u1ea1 nh\u1eb9 (th\u01b0\u1eddng l\u00ean \u0111\u1ebfn 10kg m\u1ed7i qu\u1ea3), tr\u1edf th\u00e0nh ng\u01b0\u1eddi b\u1ea1n \u0111\u1ed3ng h\u00e0nh ho\u00e0n h\u1ea3o cho b\u1ed9 t\u1ea1 Neoprene ho\u1eb7c Chrome d\u00e0nh cho ng\u01b0\u1eddi m\u1edbi b\u1eaft \u0111\u1ea7u, d\u00f9ng cho c\u00e1c b\u00e0i t\u1eadp s\u0103n ch\u1eafc c\u01a1 b\u1eafp, aerobic ho\u1eb7c ph\u1ee5c h\u1ed3i ch\u1ee9c n\u0103ng. Ki\u1ebfn tr\u00fac d\u1ecdc \u201cA-Frame\u201d ho\u1eb7c d\u1ea1ng c\u1ed9t c\u1ee7a n\u00f3 l\u00e0 thi\u1ebft k\u1ebf ti\u1ebft ki\u1ec7m kh\u00f4ng gian nh\u1ea5t c\u00f3 th\u1ec3, d\u1ec5 d\u00e0ng \u0111\u1eb7t c\u1ea1nh k\u1ec7 tivi, b\u00e0n l\u00e0m vi\u1ec7c ho\u1eb7c th\u1ea3m yoga.<\/p>\n<p>M\u1eb7c d\u00f9 c\u00f3 k\u00edch th\u01b0\u1edbc nh\u1ecf g\u1ecdn, V.EPSILON \u0111\u01b0\u1ee3c ch\u1ebf t\u1ea1o t\u1eeb th\u00e9p ch\u1ea5t l\u01b0\u1ee3ng th\u01b0\u01a1ng m\u1ea1i v\u00e0 c\u00f3 l\u1edbp s\u01a1n t\u0129nh \u0111i\u1ec7n b\u1ec1n b\u1ec9. S\u1ea3n ph\u1ea9m \u0111\u01b0\u1ee3c trang b\u1ecb c\u00e1c khe gi\u1eef an to\u00e0n gi\u00fap c\u1ed1 \u0111\u1ecbnh t\u1ea1 tay ch\u1eafc ch\u1eafn t\u1ea1i ph\u1ea7n tay c\u1ea7m ho\u1eb7c \u0111\u1ea7u t\u1ea1 (t\u00f9y theo h\u00ecnh d\u00e1ng c\u1ee5 th\u1ec3), \u0111\u1ea3m b\u1ea3o ch\u00fang kh\u00f4ng b\u1ecb tr\u01b0\u1ee3t hay l\u0103n. C\u00e1ch s\u1eafp x\u1ebfp n\u00e0y gi\u00fap khu v\u1ef1c t\u1eadp luy\u1ec7n c\u1ee7a b\u1ea1n lu\u00f4n an to\u00e0n v\u00e0 g\u1ecdn g\u00e0ng, lo\u1ea1i b\u1ecf t\u00ecnh tr\u1ea1ng t\u1ea1 n\u1eb1m ng\u1ed5n ngang tr\u00ean s\u00e0n. N\u00f3 bi\u1ebfn b\u1ed9 s\u01b0u t\u1eadp t\u1ea1 tay l\u1ed9n x\u1ed9n th\u00e0nh m\u1ed9t khu v\u1ef1c t\u1eadp luy\u1ec7n chuy\u00ean d\u1ee5ng, g\u1ecdn g\u00e0ng v\u00e0 chuy\u00ean nghi\u1ec7p. \u0110\u01a1n gi\u1ea3n, ch\u1eafc ch\u1eafn v\u00e0 th\u00f4ng minh, V.EPSILON l\u00e0 gi\u00e1 \u0111\u1ee1 c\u01a1 b\u1ea3n mang l\u1ea1i s\u1ef1 s\u1eafp x\u1ebfp chuy\u00ean nghi\u1ec7p.<\/p>\n<h3>1. Si\u00eau nh\u1ecf g\u1ecdn, dung l\u01b0\u1ee3ng 5 c\u1eb7p<\/h3>\n<p>Kh\u00f4ng ph\u1ea3i ai c\u0169ng c\u1ea7n m\u1ed9t b\u1ed9 t\u1ea1 50kg. Gi\u00e1 \u0111\u1ec3 t\u1ea1 n\u00e0y c\u00f3 k\u00edch th\u01b0\u1edbc ho\u00e0n h\u1ea3o cho 5 c\u1eb7p t\u1ea1 \u0111\u01b0\u1ee3c s\u1eed d\u1ee5ng nhi\u1ec1u nh\u1ea5t (v\u00ed d\u1ee5: 1, 2, 3, 4, 5kg). S\u1ea3n ph\u1ea9m chi\u1ebfm di\u1ec7n t\u00edch r\u1ea5t nh\u1ecf (D\u00e0i 320 x R\u1ed9ng 340 mm), n\u00ean r\u1ea5t ph\u00f9 h\u1ee3p cho c\u00e1c c\u0103n h\u1ed9, ph\u00f2ng ng\u1ee7 ho\u1eb7c v\u0103n ph\u00f2ng n\u01a1i kh\u00f4ng gian l\u00e0 y\u1ebfu t\u1ed1 c\u1ef1c k\u1ef3 quan tr\u1ecdng.<\/p>\n<h3>2. Thi\u1ebft k\u1ebf d\u00e0nh cho v\u1eadt n\u1eb7ng nh\u1eb9 (t\u1ed1i \u0111a 10kg)<\/h3>\n<p>\u0110\u00e2y l\u00e0 gi\u00e1 \u0111\u1ec3 t\u1ea1 chuy\u00ean d\u1ee5ng d\u00e0nh cho t\u1ea1 \u201ctoning\u201d. S\u1ea3n ph\u1ea9m \u0111\u01b0\u1ee3c t\u1ed1i \u01b0u h\u00f3a \u0111\u1ec3 s\u1eed d\u1ee5ng v\u1edbi t\u1ea1 tay b\u1eb1ng neoprene ho\u1eb7c m\u1ea1 cr\u00f4m c\u00f3 tr\u1ecdng l\u01b0\u1ee3ng l\u00ean \u0111\u1ebfn 10kg. Kho\u1ea3ng c\u00e1ch gi\u1eefa c\u00e1c thanh v\u00e0 thi\u1ebft k\u1ebf k\u1ebft c\u1ea5u \u0111\u01b0\u1ee3c \u0111i\u1ec1u ch\u1ec9nh ph\u00f9 h\u1ee3p v\u1edbi c\u00e1c k\u00edch c\u1ee1 nh\u1ecf h\u01a1n n\u00e0y, \u0111\u1ea3m b\u1ea3o \u0111\u1ed9 v\u1eeba v\u1eb7n ch\u1eafc ch\u1eafn \u2013 \u0111i\u1ec1u m\u00e0 c\u00f3 th\u1ec3 kh\u00f4ng \u0111\u1ea1t \u0111\u01b0\u1ee3c tr\u00ean nh\u1eefng gi\u00e1 \u0111\u1ec3 t\u1ea1 c\u1ee1 l\u1edbn, ch\u1ecbu t\u1ea3i n\u1eb7ng.<\/p>\n<h3>3. S\u00e0n nh\u00e0 s\u1ea1ch s\u1ebd v\u00e0 g\u1ecdn g\u00e0ng<\/h3>\n<p>T\u1ea1 \u0111\u01a1n \u0111\u1ec3 lung tung c\u00f3 th\u1ec3 g\u00e2y nguy c\u01a1 v\u1ea5p ng\u00e3. V.EPSILON gi\u00fap b\u1ea1n c\u1ea5t ch\u00fang kh\u1ecfi s\u00e0n nh\u00e0 v\u00e0 x\u1ebfp th\u00e0nh ch\u1ed3ng th\u1eb3ng \u0111\u1ee9ng an to\u00e0n. C\u00e1ch s\u1eafp x\u1ebfp \u0111\u01a1n gi\u1ea3n n\u00e0y ngay l\u1eadp t\u1ee9c gi\u00fap ph\u00f2ng t\u1eadp t\u1ea1i nh\u00e0 an to\u00e0n h\u01a1n v\u00e0 tr\u00f4ng g\u1ecdn g\u00e0ng, th\u1ea9m m\u1ef9 h\u01a1n. \u0110i\u1ec1u n\u00e0y khuy\u1ebfn kh\u00edch b\u1ea1n c\u1ea5t t\u1ea1 g\u1ecdn g\u00e0ng sau khi s\u1eed d\u1ee5ng.<\/p>\n<h3>4. K\u1ebft c\u1ea5u th\u00e9p &amp; s\u01a1n t\u0129nh \u0111i\u1ec7n<\/h3>\n<p>D\u00f9 k\u00edch th\u01b0\u1edbc nh\u1ecf g\u1ecdn nh\u01b0ng s\u1ea3n ph\u1ea9m n\u00e0y kh\u00f4ng h\u1ec1 y\u1ebfu \u1edbt. \u0110\u01b0\u1ee3c ch\u1ebf t\u1ea1o t\u1eeb \u1ed1ng th\u00e9p h\u00ecnh b\u1ea7u d\u1ee5c (32 x 76 mm), s\u1ea3n ph\u1ea9m c\u00f3 \u0111\u1ed9 c\u1ee9ng c\u00e1p v\u00e0 \u1ed5n \u0111\u1ecbnh cao. L\u1edbp s\u01a1n t\u0129nh \u0111i\u1ec7n m\u00e0u \u0111en b\u1ec1n b\u1ec9, ph\u00f9 h\u1ee3p v\u1edbi c\u00e1c thi\u1ebft b\u1ecb t\u1eadp gym chuy\u00ean nghi\u1ec7p, \u0111\u1ed3ng th\u1eddi c\u00f3 kh\u1ea3 n\u0103ng ch\u1ed1ng tr\u1ea7y x\u01b0\u1edbc v\u00e0 g\u1ec9 s\u00e9t t\u1ed1t h\u01a1n so v\u1edbi c\u00e1c gi\u00e1 \u0111\u1ee1 b\u1eb1ng d\u00e2y th\u00e9p s\u01a1n th\u00f4ng th\u01b0\u1eddng.<\/p>\n<h3>5. Thi\u1ebft k\u1ebf d\u1ecdc th\u00e2n thi\u1ec7n v\u1edbi ng\u01b0\u1eddi d\u00f9ng<\/h3>\n<p>C\u00e1ch b\u1ed1 tr\u00ed theo chi\u1ec1u d\u1ecdc gi\u00fap b\u1ea1n d\u1ec5 d\u00e0ng v\u1edbi t\u1edbi c\u00e1c qu\u1ea3 t\u1ea1 \u1edf \u0111\u1ed9 cao v\u1eeba t\u1ea7m. B\u1ea1n kh\u00f4ng c\u1ea7n ph\u1ea3i c\u00fai xu\u1ed1ng s\u00e0n \u0111\u1ec3 nh\u1ea5c qu\u1ea3 t\u1ea1 5kg l\u00ean. \u0110i\u1ec1u n\u00e0y gi\u00fap vi\u1ec7c t\u1eadp luy\u1ec7n theo chu\u1ed7i b\u00e0i t\u1eadp ho\u1eb7c theo video h\u01b0\u1edbng d\u1eabn tr\u1edf n\u00ean thu\u1eadn ti\u1ec7n v\u00e0 nhanh ch\u00f3ng h\u01a1n.<\/p>\n<h3>\u0110\u1ed1i t\u01b0\u1ee3ng d\u00e0nh cho ai?<\/h3>\n<ul style=\"list-style-position: inside; padding-left: 0;\">\n<li>Nh\u1eefng ng\u01b0\u1eddi s\u1ed1ng trong c\u0103n h\u1ed9 v\u00e0 nh\u1eefng ng\u01b0\u1eddi s\u1edf h\u1eefu ph\u00f2ng t\u1eadp th\u1ec3 d\u1ee5c t\u1ea1i nh\u00e0.<\/li>\n<li>Ng\u01b0\u1eddi s\u1eed d\u1ee5ng t\u1ea1 th\u1ec3 d\u1ee5c nh\u1ecbp \u0111i\u1ec7u b\u1eb1ng neoprene ho\u1eb7c chrome.<\/li>\n<li>Ng\u01b0\u1eddi cao tu\u1ed5i c\u1ea7n chi\u1ec1u cao k\u1ec7 \u0111\u1ec3 \u0111\u1ed3 ph\u00f9 h\u1ee3p.<\/li>\n<li>C\u00e1c v\u0103n ph\u00f2ng \u0111ang b\u1ed1 tr\u00ed m\u1ed9t g\u00f3c ch\u0103m s\u00f3c s\u1ee9c kh\u1ecfe nh\u1ecf.<\/li>\n<li>B\u1ea5t k\u1ef3 ai c\u00f3 b\u1ed9 t\u1ea1 \u0111\u01a1n t\u1eeb 1\u20135 kg ho\u1eb7c 2\u201310 kg.<\/li>\n<\/ul>\n<h3>Th\u00f4ng s\u1ed1 k\u1ef9 thu\u1eadt s\u1ea3n ph\u1ea9m<\/h3>\n<table border=\"1\" width=\"100%\" cellspacing=\"0\" cellpadding=\"5\">\n<tbody>\n<tr>\n<td><strong>M\u1eabu<\/strong><\/td>\n<td>F12CC005<\/td>\n<\/tr>\n<tr>\n<td><strong>K\u00edch th\u01b0\u1edbc<\/strong><\/td>\n<td>D\u00e0i 320 x R\u1ed9ng 340 x Cao 640 mm<\/td>\n<\/tr>\n<tr>\n<td><strong>C\u00f4ng su\u1ea5t<\/strong><\/td>\n<td>5 \u0111\u00f4i (T\u1ed1i \u0111a 10 kg\/c\u1eb7p)<\/td>\n<\/tr>\n<tr>\n<td><strong>Ch\u1ea5t li\u1ec7u<\/strong><\/td>\n<td>Th\u00e9p, s\u01a1n t\u0129nh \u0111i\u1ec7n<\/td>\n<\/tr>\n<tr>\n<td><strong>Tr\u1ecdng l\u01b0\u1ee3ng<\/strong><\/td>\n<td>10,6 kg<\/td>\n<\/tr>\n<\/tbody>\n<\/table>","protected":false},"excerpt":{"rendered":"<p>Gi\u00e1 \u0111\u1ec3 t\u1ea1 \u0111\u01a1n V.EPSILON c\u1ee7a Alex Athletics l\u00e0 gi\u1ea3i ph\u00e1p ti\u1ebft ki\u1ec7m kh\u00f4ng gian t\u1ed1i \u01b0u cho c\u00e1c b\u1ed9 t\u1ea1 nh\u1ecf. Gi\u00e1 \u0111\u1ec3 d\u1ecdc nh\u1ecf g\u1ecdn n\u00e0y c\u00f3 th\u1ec3 ch\u1ee9a 5 c\u1eb7p t\u1ea1 \u0111\u01a1n (m\u1ed7i c\u1eb7p t\u1ed1i \u0111a 10kg), r\u1ea5t l\u00fd t\u01b0\u1edfng \u0111\u1ec3 s\u1eafp x\u1ebfp c\u00e1c lo\u1ea1i t\u1ea1 Neoprene ho\u1eb7c Chrome trong ph\u00f2ng t\u1eadp t\u1ea1i nh\u00e0, c\u0103n h\u1ed9 ho\u1eb7c ph\u00f2ng t\u1eadp chuy\u00ean nghi\u1ec7p. \u0110\u01b0\u1ee3c ch\u1ebf t\u1ea1o t\u1eeb th\u00e9p ch\u1eafc ch\u1eafn v\u1edbi l\u1edbp s\u01a1n \u0111en b\u1ec1n b\u1ec9, s\u1ea3n ph\u1ea9m gi\u00fap s\u00e0n nh\u00e0 lu\u00f4n g\u1ecdn g\u00e0ng v\u00e0 t\u1ea1 lu\u00f4n trong t\u1ea7m tay. Thi\u1ebft k\u1ebf thanh l\u1ecbch ph\u00f9 h\u1ee3p v\u1edbi m\u1ecdi kh\u00f4ng gian, bi\u1ebfn s\u1ef1 l\u1ed9n x\u1ed9n th\u00e0nh m\u1ed9t kh\u00f4ng gian tr\u01b0ng b\u00e0y chuy\u00ean nghi\u1ec7p.<\/p>","protected":false},"featured_media":3194,"comment_status":"open","ping_status":"closed","template":"","meta":{"inline_featured_image":false,"site-sidebar-layout":"default","site-content-layout":"","ast-site-content-layout":"default","site-content-style":"default","site-sidebar-style":"default","ast-global-header-display":"","ast-banner-title-visibility":"","ast-main-header-display":"","ast-hfb-above-header-display":"","ast-hfb-below-header-display":"","ast-hfb-mobile-header-display":"","site-post-title":"","ast-breadcrumbs-content":"","ast-featured-img":"","footer-sml-layout":"","ast-disable-related-posts":"","theme-transparent-header-meta":"default","adv-header-id-meta":"","stick-header-meta":"default","header-above-stick-meta":"","header-main-stick-meta":"","header-below-stick-meta":"","astra-migrate-meta-layouts":"set","ast-page-background-enabled":"default","ast-page-background-meta":{"desktop":{"background-color":"","background-image":"","background-repeat":"repeat","background-position":"center center","background-size":"auto","background-attachment":"scroll","background-type":"","background-media":"","overlay-type":"","overlay-color":"","overlay-opacity":"","overlay-gradient":""},"tablet":{"background-color":"","background-image":"","background-repeat":"repeat","background-position":"center center","background-size":"auto","background-attachment":"scroll","background-type":"","background-media":"","overlay-type":"","overlay-color":"","overlay-opacity":"","overlay-gradient":""},"mobile":{"background-color":"","background-image":"","background-repeat":"repeat","background-position":"center center","background-size":"auto","background-attachment":"scroll","background-type":"","background-media":"","overlay-type":"","overlay-color":"","overlay-opacity":"","overlay-gradient":""}},"ast-content-background-meta":{"desktop":{"background-color":"var(--ast-global-color-5)","background-image":"","background-repeat":"repeat","background-position":"center center","background-size":"auto","background-attachment":"scroll","background-type":"","background-media":"","overlay-type":"","overlay-color":"","overlay-opacity":"","overlay-gradient":""},"tablet":{"background-color":"var(--ast-global-color-5)","background-image":"","background-repeat":"repeat","background-position":"center center","background-size":"auto","background-attachment":"scroll","background-type":"","background-media":"","overlay-type":"","overlay-color":"","overlay-opacity":"","overlay-gradient":""},"mobile":{"background-color":"var(--ast-global-color-5)","background-image":"","background-repeat":"repeat","background-position":"center center","background-size":"auto","background-attachment":"scroll","background-type":"","background-media":"","overlay-type":"","overlay-color":"","overlay-opacity":"","overlay-gradient":""}}},"product_brand":[],"product_cat":[55],"product_tag":[63],"class_list":{"0":"post-2958","1":"product","2":"type-product","3":"status-publish","4":"has-post-thumbnail","6":"product_cat-free-weight-training","7":"product_tag-rack-storage","8":"desktop-align-left","9":"tablet-align-left","10":"mobile-align-left","12":"first","13":"instock","14":"shipping-taxable","15":"purchasable","16":"product-type-simple"},"_links":{"self":[{"href":"https:\/\/alexathletics1982.com\/vi\/wp-json\/wp\/v2\/product\/2958","targetHints":{"allow":["GET"]}}],"collection":[{"href":"https:\/\/alexathletics1982.com\/vi\/wp-json\/wp\/v2\/product"}],"about":[{"href":"https:\/\/alexathletics1982.com\/vi\/wp-json\/wp\/v2\/types\/product"}],"replies":[{"embeddable":true,"href":"https:\/\/alexathletics1982.com\/vi\/wp-json\/wp\/v2\/comments?post=2958"}],"wp:featuredmedia":[{"embeddable":true,"href":"https:\/\/alexathletics1982.com\/vi\/wp-json\/wp\/v2\/media\/3194"}],"wp:attachment":[{"href":"https:\/\/alexathletics1982.com\/vi\/wp-json\/wp\/v2\/media?parent=2958"}],"wp:term":[{"taxonomy":"product_brand","embeddable":true,"href":"https:\/\/alexathletics1982.com\/vi\/wp-json\/wp\/v2\/product_brand?post=2958"},{"taxonomy":"product_cat","embeddable":true,"href":"https:\/\/alexathletics1982.com\/vi\/wp-json\/wp\/v2\/product_cat?post=2958"},{"taxonomy":"product_tag","embeddable":true,"href":"https:\/\/alexathletics1982.com\/vi\/wp-json\/wp\/v2\/product_tag?post=2958"}],"curies":[{"name":"wp","href":"https:\/\/api.w.org\/{rel}","templated":true}]}}