{"id":2960,"date":"2026-01-23T20:21:01","date_gmt":"2026-01-23T12:21:01","guid":{"rendered":"https:\/\/alexathletics1982.com\/?post_type=product&#038;p=2960"},"modified":"2026-04-08T15:48:27","modified_gmt":"2026-04-08T07:48:27","slug":"gia-de-10-cap-ta-don","status":"publish","type":"product","link":"https:\/\/alexathletics1982.com\/vi\/10-pairs-dumbbell-rack\/","title":{"rendered":"Gi\u00e1 \u0111\u1ec3 10 c\u1eb7p t\u1ea1 \u0111\u01a1n"},"content":{"rendered":"<h2>The Commercial Standard: Gi\u00e1 \u0111\u1ec3 t\u1ea1 \u0111\u00f4i ngang 2 t\u1ea7ng, 10 c\u1eb7p<\/h2>\n<p>Khi n\u00f3i \u0111\u1ebfn vi\u1ec7c n\u00e2ng t\u1ea1 n\u1eb7ng v\u00e0 trang b\u1ecb cho ph\u00f2ng t\u1eadp th\u01b0\u01a1ng m\u1ea1i, gi\u00e1 \u0111\u1ee1 t\u1ea1 n\u1eb1m ngang ch\u00ednh l\u00e0 \u201cvua\u201d kh\u00f4ng th\u1ec3 tranh c\u00e3i. Gi\u00e1 \u0111\u1ee1 10 c\u1eb7p t\u1ea1 \u0111\u01a1n (2 t\u1ea7ng) c\u1ee7a Alex Athletics l\u00e0 h\u1ec7 th\u1ed1ng l\u01b0u tr\u1eef chuy\u00ean nghi\u1ec7p, \u0111\u01b0\u1ee3c thi\u1ebft k\u1ebf \u0111\u1ec3 ch\u1ee9a \u0111\u1ea7y \u0111\u1ee7 c\u00e1c m\u1ee9c t\u1ea1 n\u1eb7ng (th\u01b0\u1eddng t\u1eeb 2,5kg \u0111\u1ebfn 25kg, ho\u1eb7c c\u00e1c b\u1ed9 t\u1ea1 n\u1eb7ng h\u01a1n \u0111\u01b0\u1ee3c chia ra \u0111\u1eb7t tr\u00ean c\u00e1c gi\u00e1 kh\u00e1c nhau). Kh\u00f4ng gi\u1ed1ng nh\u01b0 c\u00e1c gi\u00e1 \u0111\u1ee1 th\u1eb3ng \u0111\u1ee9ng b\u1ecb gi\u1edbi h\u1ea1n b\u1edfi s\u1ef1 c\u00e2n b\u1eb1ng tr\u1ecdng l\u01b0\u1ee3ng, thi\u1ebft k\u1ebf ngang n\u00e0y t\u1ea1o ra m\u1ed9t tr\u1ecdng t\u00e2m th\u1ea5p v\u00e0 r\u1ed9ng, mang l\u1ea1i s\u1ef1 \u1ed5n \u0111\u1ecbnh \u0111\u00e1ng kinh ng\u1ea1c. N\u00f3 cho ph\u00e9p l\u01b0u tr\u1eef nh\u1eefng qu\u1ea3 t\u1ea1 n\u1eb7ng nh\u1ea5t m\u1ed9t c\u00e1ch an to\u00e0n tuy\u1ec7t \u0111\u1ed1i. Khung \u0111\u01b0\u1ee3c ch\u1ebf t\u1ea1o t\u1eeb \u1ed1ng th\u00e9p h\u00ecnh b\u1ea7u d\u1ee5c l\u1edbn (60x120mm), h\u00e0n th\u00e0nh m\u1ed9t c\u1ea5u tr\u00fac li\u1ec1n kh\u1ed1i \u0111\u1ec3 \u0111\u1ea1t \u0111\u1ed9 c\u1ee9ng t\u1ed1i \u0111a. \u0110\u00e2y l\u00e0 m\u1ed9t chi\u1ebfc xe t\u0103ng \u0111\u01b0\u1ee3c thi\u1ebft k\u1ebf \u0111\u1ec3 ch\u1ecbu \u0111\u01b0\u1ee3c t\u00e1c \u0111\u1ed9ng h\u00e0ng ng\u00e0y c\u1ee7a nh\u1eefng qu\u1ea3 t\u1ea1 50kg \u0111\u01b0\u1ee3c \u0111\u1eb7t l\u00ean gi\u00e1 b\u1edfi c\u00e1c v\u1eadn \u0111\u1ed9ng vi\u00ean m\u1ec7t m\u1ecfi.<\/p>\n<p>Gi\u00e1 \u0111\u1ee1 n\u00e0y c\u00f3 c\u00e1c \u201ckhung \u0111\u1ee1\u201d ri\u00eang l\u1ebb \u0111\u01b0\u1ee3c l\u00e0m t\u1eeb cao su ho\u1eb7c nh\u1ef1a b\u1ec1n b\u1ec9. Nh\u1eefng khung \u0111\u1ee1 n\u00e0y \u0111\u00f3ng vai tr\u00f2 quan tr\u1ecdng v\u00ec ba l\u00fd do: ch\u00fang s\u1eafp x\u1ebfp c\u00e1c qu\u1ea3 t\u1ea1 v\u1edbi kho\u1ea3ng c\u00e1ch ch\u00ednh x\u00e1c, gi\u00fap tr\u00e1nh b\u1ecb k\u1eb9p ng\u00f3n tay; b\u1ea3o v\u1ec7 c\u00e1c \u0111\u01b0\u1eddng g\u00e2n v\u00e0 \u0111\u1ea7u t\u1ea1 kh\u1ecfi s\u1ef1 m\u00e0i m\u00f2n do ti\u1ebfp x\u00fac kim lo\u1ea1i v\u1edbi kim lo\u1ea1i; \u0111\u1ed3ng th\u1eddi ng\u0103n kh\u00f4ng cho c\u00e1c qu\u1ea3 t\u1ea1 tr\u00f2n l\u0103n ra ngo\u00e0i. Thi\u1ebft k\u1ebf nhi\u1ec1u t\u1ea7ng \u0111\u01b0\u1ee3c \u0111\u1eb7t nghi\u00eang (l\u1ec7ch) \u0111\u1ec3 gi\u00fap b\u1ea1n d\u1ec5 d\u00e0ng \u0111\u1eb7t t\u1ea1 v\u00e0o h\u00e0ng d\u01b0\u1edbi c\u00f9ng m\u00e0 kh\u00f4ng va v\u00e0o tay \u1edf h\u00e0ng tr\u00ean c\u00f9ng. V\u1edbi chi\u1ec1u d\u00e0i h\u01a1n 2,2 m\u00e9t, gi\u00e1 \u0111\u1ee1 n\u00e0y th\u1ef1c s\u1ef1 r\u1ea5t \u1ea5n t\u01b0\u1ee3ng. \u0110\u00e2y l\u00e0 t\u00e2m \u0111i\u1ec3m c\u1ee7a khu v\u1ef1c t\u1ea1 t\u1ef1 do, mang l\u1ea1i t\u00ednh ti\u1ec7n l\u1ee3i, \u0111\u1ed9 b\u1ec1n v\u00e0 s\u1ef1 an to\u00e0n m\u00e0 c\u00e1c c\u01a1 s\u1edf t\u1eadp th\u1ec3 h\u00ecnh chuy\u00ean nghi\u1ec7p y\u00eau c\u1ea7u.<\/p>\n<h3>1. \u0110\u1ed9 \u1ed5n \u0111\u1ecbnh ngang trong \u0111i\u1ec1u ki\u1ec7n t\u1ea3i n\u1eb7ng<\/h3>\n<p>L\u1ef1c h\u1ea5p d\u1eabn \u0111ang \u0111\u1ee9ng v\u1ec1 ph\u00eda b\u1ea1n. V\u1edbi thi\u1ebft k\u1ebf th\u1ea5p v\u00e0 r\u1ed9ng, gi\u00e1 t\u1ea1 n\u00e0y kh\u00f4ng th\u1ec3 b\u1ecb l\u1eadt \u0111\u1ed5. S\u1ea3n ph\u1ea9m \u0111\u01b0\u1ee3c thi\u1ebft k\u1ebf \u0111\u1ec3 ch\u1ee9a c\u00e1c b\u1ed9 t\u1ea1 th\u01b0\u01a1ng m\u1ea1i n\u1eb7ng (v\u00ed d\u1ee5: 2,5kg\u201325kg). C\u1ea5u tr\u00fac ngang cho ph\u00e9p b\u1ea1n ti\u1ebfn l\u1ea1i g\u1ea7n t\u1ea1, n\u00e2ng t\u1ea1 b\u1eb1ng k\u1ef9 thu\u1eadt deadlift \u0111\u00fang c\u00e1ch v\u00e0 l\u00f9i l\u1ea1i, \u0111\u00e2y l\u00e0 c\u00e1ch an to\u00e0n nh\u1ea5t \u0111\u1ec3 x\u1eed l\u00fd c\u00e1c qu\u1ea3 t\u1ea1 n\u1eb7ng.<\/p>\n<h3>2. Gh\u1ebf ng\u1ed3i b\u1ea3o h\u1ed9 c\u00e1 nh\u00e2n<\/h3>\n<p>Gi\u00e1 \u0111\u1ee1 n\u00e0y c\u00f3 20 khay \u0111\u1ef1ng ri\u00eang bi\u1ec7t. C\u00e1c khay n\u00e0y gi\u1eef m\u1ed7i qu\u1ea3 t\u1ea1 \u1edf v\u1ecb tr\u00ed c\u1ed1 \u0111\u1ecbnh. C\u00e1ch s\u1eafp x\u1ebfp n\u00e0y tr\u00f4ng r\u1ea5t chuy\u00ean nghi\u1ec7p v\u00e0 ng\u0103n kh\u00f4ng cho c\u00e1c qu\u1ea3 t\u1ea1 tr\u01b0\u1ee3t v\u00e0o nhau. Ch\u1ea5t li\u1ec7u c\u1ee7a khay \u0111\u00f3ng vai tr\u00f2 nh\u01b0 m\u1ed9t l\u1edbp \u0111\u1ec7m, gi\u00fap b\u1ea3o v\u1ec7 l\u1edbp ho\u00e0n thi\u1ec7n c\u1ee7a nh\u1eefng qu\u1ea3 t\u1ea1 urethane ho\u1eb7c cao su \u0111\u1eaft ti\u1ec1n c\u1ee7a b\u1ea1n v\u00e0 gi\u1ea3m ti\u1ebfng \u1ed3n.<\/p>\n<h3>3. Thi\u1ebft k\u1ebf t\u1ea7ng b\u00f9<\/h3>\n<p>T\u00ednh c\u00f4ng th\u00e1i h\u1ecdc l\u00e0 y\u1ebfu t\u1ed1 quan tr\u1ecdng. T\u1ea7ng tr\u00ean \u0111\u01b0\u1ee3c thi\u1ebft k\u1ebf l\u00f9i v\u00e0o so v\u1edbi t\u1ea7ng d\u01b0\u1edbi. Thi\u1ebft k\u1ebf \u201cl\u00f9i v\u00e0o\u201d n\u00e0y \u0111\u1ea3m b\u1ea3o r\u1eb1ng khi b\u1ea1n \u0111\u1eb7t t\u1ea1 n\u1eb7ng l\u00ean k\u1ec7 d\u01b0\u1edbi, b\u1ea1n s\u1ebd kh\u00f4ng b\u1ecb c\u00e1c kh\u1edbp ng\u00f3n tay hay c\u1ed5 tay c\u1ecd x\u00e1t v\u00e0o c\u00e1c qu\u1ea3 t\u1ea1 ph\u00eda tr\u00ean. \u0110i\u1ec1u n\u00e0y gi\u00fap cho \u0111\u1ed9ng t\u00e1c x\u1ebfp t\u1ea1 di\u1ec5n ra m\u1ed9t c\u00e1ch t\u1ef1 nhi\u00ean v\u00e0 an to\u00e0n.<\/p>\n<h3>4. Khung th\u00e9p h\u00ecnh b\u1ea7u d\u1ee5c c\u1ee1 l\u1edbn<\/h3>\n<p>\u0110\u00e2y l\u00e0 d\u00f2ng n\u1ed9i th\u1ea5t th\u01b0\u01a1ng m\u1ea1i. Khung ch\u00ednh \u0111\u01b0\u1ee3c ch\u1ebf t\u1ea1o t\u1eeb \u1ed1ng th\u00e9p h\u00ecnh b\u1ea7u d\u1ee5c k\u00edch th\u01b0\u1edbc 60x120mm v\u1edbi \u0111\u1ed9 d\u00e0y th\u00e0nh \u1ed1ng 2,5mm. Thi\u1ebft k\u1ebf n\u00e0y mang l\u1ea1i cho k\u1ec7 kh\u1ea3 n\u0103ng ch\u1ecbu t\u1ea3i c\u1ef1c l\u1edbn c\u00f9ng v\u1ebb ngo\u00e0i hi\u1ec7n \u0111\u1ea1i, sang tr\u1ecdng. S\u1ea3n ph\u1ea9m \u0111\u01b0\u1ee3c s\u01a1n t\u0129nh \u0111i\u1ec7n cao c\u1ea5p, c\u00f3 kh\u1ea3 n\u0103ng ch\u1ed1ng tr\u1ea7y x\u01b0\u1edbc v\u00e0 \u0103n m\u00f2n.<\/p>\n<h3>5. B\u1ea3o v\u1ec7 s\u00e0n<\/h3>\n<p>Ch\u00e2n gi\u00e1 \u0111\u1ee1 \u0111\u01b0\u1ee3c trang b\u1ecb c\u00e1c mi\u1ebfng \u0111\u1ec7m cao su. Nh\u1eefng mi\u1ebfng \u0111\u1ec7m n\u00e0y gi\u00fap ng\u0103n gi\u00e1 \u0111\u1ee1 n\u1eb7ng b\u1ecb tr\u01b0\u1ee3t tr\u00ean s\u00e0n v\u00e0 b\u1ea3o v\u1ec7 l\u1edbp n\u1ec1n (th\u1ea3m, cao su ho\u1eb7c g\u1ed7) kh\u1ecfi b\u1ecb l\u00f5m v\u00e0 tr\u1ea7y x\u01b0\u1edbc. \u0110i\u1ec1u n\u00e0y \u0111\u1ea3m b\u1ea3o gi\u00e1 \u0111\u1ee1 \u0111\u01b0\u1ee3c \u0111\u1eb7t c\u00e2n b\u1eb1ng v\u00e0 v\u1eefng ch\u1eafc.<\/p>\n<h3>\u0110\u1ed1i t\u01b0\u1ee3ng d\u00e0nh cho ai?<\/h3>\n<ul style=\"list-style-position: inside; padding-left: 0;\">\n<li>C\u00e1c ph\u00f2ng t\u1eadp th\u1ec3 d\u1ee5c th\u01b0\u01a1ng m\u1ea1i v\u00e0 c\u00e2u l\u1ea1c b\u1ed9 th\u1ec3 h\u00ecnh.<\/li>\n<li>Ph\u00f2ng t\u1eadp t\u1ea1 t\u1ea1i c\u00e1c tr\u01b0\u1eddng \u0111\u1ea1i h\u1ecdc v\u00e0 c\u00e1c c\u00e2u l\u1ea1c b\u1ed9 th\u1ec3 thao chuy\u00ean nghi\u1ec7p.<\/li>\n<li>Ph\u00f2ng t\u1eadp th\u1ec3 d\u1ee5c t\u1ea1i nh\u00e0 \u0111\u01b0\u1ee3c trang b\u1ecb \u0111\u1ea7y \u0111\u1ee7 b\u1ed9 t\u1ea1 t\u1eeb 2,5 \u0111\u1ebfn 25 kg v\u00e0 c\u00f3 kh\u00f4ng gian r\u1ed9ng r\u00e3i.<\/li>\n<li>C\u00e1c c\u01a1 s\u1edf s\u1eed d\u1ee5ng t\u1ea1 \u0111\u01a1n \u0111\u1ea7u tr\u00f2n d\u00e0nh cho m\u1ee5c \u0111\u00edch th\u01b0\u01a1ng m\u1ea1i.<\/li>\n<li>B\u1ea5t k\u1ef3 ai coi tr\u1ecdng y\u1ebfu t\u1ed1 an to\u00e0n v\u00e0 s\u1ef1 ti\u1ec7n l\u1ee3i khi l\u1eafp \u0111\u1eb7t gi\u00e1 \u0111\u1ee1.<\/li>\n<\/ul>\n<h3>Th\u00f4ng s\u1ed1 k\u1ef9 thu\u1eadt s\u1ea3n ph\u1ea9m<\/h3>\n<table border=\"1\" width=\"100%\" cellspacing=\"0\" cellpadding=\"5\">\n<tbody>\n<tr>\n<td><strong>M\u1eabu<\/strong><\/td>\n<td>F12CA012<\/td>\n<\/tr>\n<tr>\n<td><strong>Lo\u1ea1i<\/strong><\/td>\n<td>Gi\u00e1 \u0111\u1ee1 ngang 2 t\u1ea7ng<\/td>\n<\/tr>\n<tr>\n<td><strong>C\u00f4ng su\u1ea5t<\/strong><\/td>\n<td>10 \u0111\u00f4i (d\u00e0nh cho th\u01b0\u01a1ng m\u1ea1i)<\/td>\n<\/tr>\n<tr>\n<td><strong>K\u00edch th\u01b0\u1edbc<\/strong><\/td>\n<td>D\u00e0i 2210 x R\u1ed9ng 703 x Cao 823 mm<\/td>\n<\/tr>\n<tr>\n<td><strong>T\u00ednh n\u0103ng<\/strong><\/td>\n<td>Mi\u1ebfng \u0111\u1ec7m cao su, l\u1edbp \u0111\u1ec7m l\u1ec7ch t\u00e2m<\/td>\n<\/tr>\n<\/tbody>\n<\/table>","protected":false},"excerpt":{"rendered":"<p>Gi\u00e1 \u0111\u1ec3 t\u1ea1 \u0111\u00f4i 10 c\u1eb7p c\u1ee7a Alex Athletics l\u00e0 ti\u00eau chu\u1ea9n th\u01b0\u01a1ng m\u1ea1i cho vi\u1ec7c l\u01b0u tr\u1eef t\u1ea1 n\u1eb7ng. Gi\u00e1 \u0111\u1ec3 ngang 2 t\u1ea7ng ch\u1eafc ch\u1eafn n\u00e0y s\u1edf h\u1eefu khung th\u00e9p h\u00ecnh b\u1ea7u d\u1ee5c c\u1ee1 l\u1edbn, \u0111\u01b0\u1ee3c thi\u1ebft k\u1ebf \u0111\u1ec3 ch\u1ee9a \u0111\u1ea7y \u0111\u1ee7 c\u00e1c m\u1ee9c t\u1ea1 (v\u00ed d\u1ee5: 2,5kg\u201325kg) v\u1edbi \u0111\u1ed9 \u1ed5n \u0111\u1ecbnh v\u1eefng ch\u1eafc nh\u01b0 \u0111\u00e1. C\u00e1c \u0111\u1ec7m cao su ri\u00eang l\u1ebb b\u1ea3o v\u1ec7 t\u1ea1 kh\u1ecfi h\u01b0 h\u1ecfng v\u00e0 ng\u0103n ng\u1eeba vi\u1ec7c l\u0103n tr\u01b0\u1ee3t, trong khi thi\u1ebft k\u1ebf t\u1ea7ng l\u1ec7ch gi\u00fap \u0111\u1ea3m b\u1ea3o vi\u1ec7c ti\u1ebfp c\u1eadn h\u00e0ng d\u01b0\u1edbi c\u00f9ng m\u1ed9t c\u00e1ch an to\u00e0n v\u00e0 thu\u1eadn ti\u1ec7n. \u0110\u01b0\u1ee3c ch\u1ebf t\u1ea1o d\u00e0nh cho c\u00e1c ph\u00f2ng t\u1eadp c\u00f3 l\u01b0u l\u01b0\u1ee3ng ng\u01b0\u1eddi s\u1eed d\u1ee5ng cao, s\u1ea3n ph\u1ea9m n\u00e0y mang l\u1ea1i \u0111\u1ed9 b\u1ec1n, s\u1ef1 an to\u00e0n v\u00e0 s\u1ef1 s\u1eafp x\u1ebfp chuy\u00ean nghi\u1ec7p c\u1ea7n thi\u1ebft cho c\u00e1c khu v\u1ef1c t\u1eadp luy\u1ec7n s\u1ee9c m\u1ea1nh chuy\u00ean s\u00e2u.<\/p>","protected":false},"featured_media":3198,"comment_status":"open","ping_status":"closed","template":"","meta":{"inline_featured_image":false,"site-sidebar-layout":"default","site-content-layout":"","ast-site-content-layout":"default","site-content-style":"default","site-sidebar-style":"default","ast-global-header-display":"","ast-banner-title-visibility":"","ast-main-header-display":"","ast-hfb-above-header-display":"","ast-hfb-below-header-display":"","ast-hfb-mobile-header-display":"","site-post-title":"","ast-breadcrumbs-content":"","ast-featured-img":"","footer-sml-layout":"","ast-disable-related-posts":"","theme-transparent-header-meta":"default","adv-header-id-meta":"","stick-header-meta":"default","header-above-stick-meta":"","header-main-stick-meta":"","header-below-stick-meta":"","astra-migrate-meta-layouts":"set","ast-page-background-enabled":"default","ast-page-background-meta":{"desktop":{"background-color":"","background-image":"","background-repeat":"repeat","background-position":"center center","background-size":"auto","background-attachment":"scroll","background-type":"","background-media":"","overlay-type":"","overlay-color":"","overlay-opacity":"","overlay-gradient":""},"tablet":{"background-color":"","background-image":"","background-repeat":"repeat","background-position":"center center","background-size":"auto","background-attachment":"scroll","background-type":"","background-media":"","overlay-type":"","overlay-color":"","overlay-opacity":"","overlay-gradient":""},"mobile":{"background-color":"","background-image":"","background-repeat":"repeat","background-position":"center center","background-size":"auto","background-attachment":"scroll","background-type":"","background-media":"","overlay-type":"","overlay-color":"","overlay-opacity":"","overlay-gradient":""}},"ast-content-background-meta":{"desktop":{"background-color":"var(--ast-global-color-5)","background-image":"","background-repeat":"repeat","background-position":"center center","background-size":"auto","background-attachment":"scroll","background-type":"","background-media":"","overlay-type":"","overlay-color":"","overlay-opacity":"","overlay-gradient":""},"tablet":{"background-color":"var(--ast-global-color-5)","background-image":"","background-repeat":"repeat","background-position":"center center","background-size":"auto","background-attachment":"scroll","background-type":"","background-media":"","overlay-type":"","overlay-color":"","overlay-opacity":"","overlay-gradient":""},"mobile":{"background-color":"var(--ast-global-color-5)","background-image":"","background-repeat":"repeat","background-position":"center center","background-size":"auto","background-attachment":"scroll","background-type":"","background-media":"","overlay-type":"","overlay-color":"","overlay-opacity":"","overlay-gradient":""}}},"product_brand":[],"product_cat":[55],"product_tag":[63],"class_list":{"0":"post-2960","1":"product","2":"type-product","3":"status-publish","4":"has-post-thumbnail","6":"product_cat-free-weight-training","7":"product_tag-rack-storage","8":"desktop-align-left","9":"tablet-align-left","10":"mobile-align-left","12":"first","13":"instock","14":"shipping-taxable","15":"purchasable","16":"product-type-simple"},"_links":{"self":[{"href":"https:\/\/alexathletics1982.com\/vi\/wp-json\/wp\/v2\/product\/2960","targetHints":{"allow":["GET"]}}],"collection":[{"href":"https:\/\/alexathletics1982.com\/vi\/wp-json\/wp\/v2\/product"}],"about":[{"href":"https:\/\/alexathletics1982.com\/vi\/wp-json\/wp\/v2\/types\/product"}],"replies":[{"embeddable":true,"href":"https:\/\/alexathletics1982.com\/vi\/wp-json\/wp\/v2\/comments?post=2960"}],"wp:featuredmedia":[{"embeddable":true,"href":"https:\/\/alexathletics1982.com\/vi\/wp-json\/wp\/v2\/media\/3198"}],"wp:attachment":[{"href":"https:\/\/alexathletics1982.com\/vi\/wp-json\/wp\/v2\/media?parent=2960"}],"wp:term":[{"taxonomy":"product_brand","embeddable":true,"href":"https:\/\/alexathletics1982.com\/vi\/wp-json\/wp\/v2\/product_brand?post=2960"},{"taxonomy":"product_cat","embeddable":true,"href":"https:\/\/alexathletics1982.com\/vi\/wp-json\/wp\/v2\/product_cat?post=2960"},{"taxonomy":"product_tag","embeddable":true,"href":"https:\/\/alexathletics1982.com\/vi\/wp-json\/wp\/v2\/product_tag?post=2960"}],"curies":[{"name":"wp","href":"https:\/\/api.w.org\/{rel}","templated":true}]}}