{"id":2964,"date":"2026-01-23T20:21:01","date_gmt":"2026-01-23T12:21:01","guid":{"rendered":"https:\/\/alexathletics1982.com\/?post_type=product&#038;p=2964"},"modified":"2026-04-08T15:38:27","modified_gmt":"2026-04-08T07:38:27","slug":"gia-dung-dia-gia-do-gia-treo-v-v","status":"publish","type":"product","link":"https:\/\/alexathletics1982.com\/vi\/plate-rack-weight-tree-v-eta\/","title":{"rendered":"Gi\u00e1 \u0111\u1ef1ng \u0111\u0129a - C\u00e2y c\u00e2n - V.ETA"},"content":{"rendered":"<h2>Th\u00e1p t\u1eadp t\u1ea1 di \u0111\u1ed9ng: Gi\u00e1 \u0111\u1ee1 \u0111\u0129a t\u1ea1 V.ETA Olympic - Gi\u00e1 \u0111\u1ee1 t\u1ea1<\/h2>\n<p>Gi\u00e1 \u0111\u1ee1 \u0111\u0129a t\u1ea1 - Gi\u00e1 \u0111\u1ee1 t\u1ea1 (V.ETA) c\u1ee7a Alex Athletics l\u00e0 m\u1ed9t gi\u1ea3i ph\u00e1p l\u01b0u tr\u1eef to\u00e0n di\u1ec7n, gi\u00fap gom g\u1ecdn to\u00e0n b\u1ed9 b\u1ed9 t\u1ea1 thanh c\u1ee7a b\u1ea1n v\u00e0o m\u1ed9t \u0111\u01a1n v\u1ecb di \u0111\u1ed9ng duy nh\u1ea5t. Kh\u00e1c v\u1edbi c\u00e1c gi\u00e1 \u0111\u1ee1 c\u1ed1 \u0111\u1ecbnh th\u00f4ng th\u01b0\u1eddng, s\u1ea3n ph\u1ea9m n\u00e0y \u0111\u01b0\u1ee3c trang b\u1ecb b\u00e1nh xe ch\u1ecbu t\u1ea3i n\u1eb7ng, cho ph\u00e9p b\u1ea1n di chuy\u1ec3n h\u01a1n 450kg (1000 lbs) t\u1ea1 m\u1ed9t c\u00e1ch d\u1ec5 d\u00e0ng. Kh\u1ea3 n\u0103ng di chuy\u1ec3n n\u00e0y l\u00e0 m\u1ed9t b\u01b0\u1edbc \u0111\u1ed9t ph\u00e1 \u0111\u1ed1i v\u1edbi c\u00e1c kh\u00f4ng gian \u0111a n\u0103ng ho\u1eb7c ph\u00f2ng t\u1eadp trong nh\u00e0 \u0111\u1ec3 xe, n\u01a1i c\u1ea7n c\u1ea5t g\u1ecdn thi\u1ebft b\u1ecb. Thi\u1ebft k\u1ebf \u201cV.ETA\u201d c\u00f3 c\u1ed9t trung t\u00e2m ch\u1eafc ch\u1eafn v\u1edbi c\u00e1c m\u00f3c t\u1ea1 \u0111\u01b0\u1ee3c b\u1ed1 tr\u00ed chi\u1ebfn l\u01b0\u1ee3c, ph\u00f9 h\u1ee3p v\u1edbi t\u1ea5t c\u1ea3 c\u00e1c k\u00edch c\u1ee1 \u0111\u0129a t\u1ea1 Olympic, t\u1eeb \u0111\u0129a t\u1ea1 nh\u1ecf \u0111\u1ebfn \u0111\u0129a t\u1ea1 l\u1edbn 450mm, m\u00e0 kh\u00f4ng b\u1ecb ch\u1ed3ng ch\u00e9o.<\/p>\n<p>Ngo\u00e0i vi\u1ec7c \u0111\u1ef1ng \u0111\u0129a t\u1ea1, gi\u00e1 \u0111\u1ee1 n\u00e0y c\u00f2n l\u00e0 m\u1ed9t gi\u1ea3i ph\u00e1p t\u1ed5 ch\u1ee9c kh\u00f4ng gian l\u00e0m vi\u1ec7c to\u00e0n di\u1ec7n. S\u1ea3n ph\u1ea9m \u0111\u01b0\u1ee3c trang b\u1ecb hai gi\u00e1 \u0111\u1ee1 thanh t\u1ea1 d\u1ecdc, gi\u00fap b\u1ea1n c\u1ea5t gi\u1eef c\u00e1c thanh t\u1ea1 Olympic m\u1ed9t c\u00e1ch an to\u00e0n v\u00e0 th\u1eb3ng \u0111\u1ee9ng. Ph\u1ea7n \u0111\u1ebf c\u1ee7a gi\u00e1 \u0111\u1ee1 c\u0169ng c\u00f3 kh\u00f4ng gian l\u01b0u tr\u1eef d\u00e0nh cho v\u00f2ng kh\u00f3a ho\u1eb7c \u0111\u0129a t\u1ea1 ph\u00e2n s\u1ed1. Khung \u0111\u01b0\u1ee3c ch\u1ebf t\u1ea1o t\u1eeb \u1ed1ng th\u00e9p vu\u00f4ng th\u01b0\u01a1ng m\u1ea1i (40 x 80 x T 2mm) v\u1edbi l\u1edbp s\u01a1n t\u0129nh \u0111i\u1ec7n, \u0111\u1ea3m b\u1ea3o c\u00f3 th\u1ec3 ch\u1ecbu t\u1ea3i m\u00e0 kh\u00f4ng b\u1ecb u\u1ed1n cong. Mi\u1ebfng \u0111\u1ec7m ch\u00e2n cao su (ho\u1eb7c b\u00e1nh xe kh\u00f3a) \u0111\u1ea3m b\u1ea3o thi\u1ebft b\u1ecb \u0111\u1ee9ng v\u1eefng khi b\u1ea1n \u0111ang x\u1ebfp ho\u1eb7c d\u1ee1 t\u1ea1. N\u00f3 bi\u1ebfn m\u1ed9t \u0111\u1ed1ng t\u1ea1 v\u00e0 thanh t\u1ea1 l\u1ed9n x\u1ed9n th\u00e0nh m\u1ed9t b\u1ed9 s\u01b0u t\u1eadp t\u1ea1 chuy\u00ean nghi\u1ec7p, g\u1ecdn g\u00e0ng v\u00e0 d\u1ec5 di chuy\u1ec3n.<\/p>\n<h3>1. B\u1ed9 l\u01b0u tr\u1eef \u0111\u1ea7y \u0111\u1ee7 (\u0110\u0129a + 2 thanh t\u1ea1)<\/h3>\n<p>\u0110\u00e2y l\u00e0 m\u1ed9t gi\u00e1 t\u1eadp \u0111a n\u0103ng. S\u1ea3n ph\u1ea9m c\u00f3 kh\u1ea3 n\u0103ng ch\u1ee9a m\u1ed9t l\u01b0\u1ee3ng l\u1edbn \u0111\u0129a t\u1ea1 v\u00e0 \u0111\u01b0\u1ee3c trang b\u1ecb hai khe c\u1eafm chuy\u00ean d\u1ee5ng cho thanh t\u1ea1 Olympic. \u0110i\u1ec1u n\u00e0y c\u00f3 ngh\u0129a l\u00e0 to\u00e0n b\u1ed9 b\u1ed9 d\u1ee5ng c\u1ee5 t\u1eadp t\u1ea1 c\u1ee7a b\u1ea1n \u2014 bao g\u1ed3m c\u1ea3 thanh t\u1ea1 v\u00e0 \u0111\u0129a t\u1ea1 \u2014 s\u1ebd \u0111\u01b0\u1ee3c s\u1eafp x\u1ebfp g\u1ecdn g\u00e0ng t\u1ea1i m\u1ed9t ch\u1ed7. S\u1ea3n ph\u1ea9m gi\u00fap gi\u1ea3i ph\u00f3ng ho\u00e0n to\u00e0n kh\u00f4ng gian s\u00e0n, t\u1ed1i \u01b0u h\u00f3a di\u1ec7n t\u00edch t\u1eadp luy\u1ec7n v\u00e0 \u0111\u1ea3m b\u1ea3o an to\u00e0n cho b\u1ea1n.<\/p>\n<h3>2. Kh\u1ea3 n\u0103ng di chuy\u1ec3n trong \u0111i\u1ec1u ki\u1ec7n kh\u1eafc nghi\u1ec7t<\/h3>\n<p>\u0110i\u1ec3m kh\u00e1c bi\u1ec7t so v\u1edbi m\u1ed9t chi\u1ebfc gi\u00e1 t\u1ea1 th\u00f4ng th\u01b0\u1eddng ch\u00ednh l\u00e0 h\u1ec7 th\u1ed1ng b\u00e1nh xe. Kh\u1ea3 n\u0103ng \u0111\u1ea9y t\u1ea1 \u0111\u1ebfn gi\u00e1 \u0111\u1ec3 t\u1ea1 ho\u1eb7c khu v\u1ef1c t\u1eadp t\u1ea1 n\u1eb1m l\u00e0 m\u1ed9t ti\u1ec7n \u00edch gi\u00fap ti\u1ebft ki\u1ec7m th\u1eddi gian v\u00e0 c\u00f4ng s\u1ee9c. C\u00e1c b\u00e1nh xe \u0111\u01b0\u1ee3c thi\u1ebft k\u1ebf ch\u1eafc ch\u1eafn \u0111\u1ec3 ch\u1ecbu \u0111\u01b0\u1ee3c t\u1ea3i tr\u1ecdng l\u00ean \u0111\u1ebfn 454kg, di chuy\u1ec3n \u00eam \u00e1i tr\u00ean s\u00e0n t\u1eadp th\u1ec3 d\u1ee5c b\u1eb1ng cao su.<\/p>\n<h3>3. Kh\u1ea3 n\u0103ng ch\u1ecbu t\u1ea3i cao (454 kg)<\/h3>\n<p>Gi\u00e1 \u0111\u1ee1 n\u00e0y \u0111\u01b0\u1ee3c thi\u1ebft k\u1ebf d\u00e0nh cho nh\u1eefng ng\u01b0\u1eddi t\u1eadp luy\u1ec7n v\u1edbi c\u01b0\u1eddng \u0111\u1ed9 cao. V\u1edbi s\u1ee9c ch\u1ee9a l\u00ean t\u1edbi g\u1ea7n 1000 lbs, n\u00f3 c\u00f3 th\u1ec3 ch\u1ee9a nhi\u1ec1u b\u1ed9 \u0111\u0129a t\u1ea1 25kg. C\u00e1c gi\u00e1 \u0111\u1ee1 t\u1ea1 \u0111\u01b0\u1ee3c h\u00e0n ch\u1eafc ch\u1eafn, c\u00f3 thi\u1ebft k\u1ebf nghi\u00eang ho\u1eb7c \u0111\u01b0\u1ee3c b\u1ecbt k\u00edn \u0111\u1ec3 ng\u0103n \u0111\u0129a t\u1ea1 tr\u01b0\u1ee3t ra ngo\u00e0i khi di chuy\u1ec3n. \u0110\u1ed9 b\u1ec1n k\u1ebft c\u1ea5u \u0111\u1ea1t ti\u00eau chu\u1ea9n th\u01b0\u01a1ng m\u1ea1i.<\/p>\n<h3>4. Thi\u1ebft k\u1ebf kho\u1ea3ng c\u00e1ch c\u00f3 th\u1ec3 \u0111i\u1ec1u ch\u1ec9nh<\/h3>\n<p>M\u00f4 t\u1ea3 ghi ch\u00fa r\u1eb1ng \u201cv\u1ecb tr\u00ed\u2026 c\u00f3 th\u1ec3 \u0111i\u1ec1u ch\u1ec9nh\u201d (ho\u1eb7c ng\u1ee5 \u00fd kho\u1ea3ng c\u00e1ch t\u1ed1i \u01b0u). C\u00e1ch b\u1ed1 tr\u00ed n\u00e0y gi\u00fap tr\u00e1nh t\u00ecnh tr\u1ea1ng \u201ck\u1eb9t \u0111\u0129a t\u1ea1\u201d, khi b\u1ea1n kh\u00f4ng th\u1ec3 th\u00e1o \u0111\u0129a t\u1ea1 10kg ra v\u00ec \u0111\u0129a t\u1ea1 20kg b\u00ean d\u01b0\u1edbi n\u1eb1m qu\u00e1 g\u1ea7n. \u0110i\u1ec1u n\u00e0y gi\u00fap b\u1ea1n d\u1ec5 d\u00e0ng ti\u1ebfp c\u1eadn m\u1ecdi m\u1ee9c tr\u1ecdng l\u01b0\u1ee3ng.<\/p>\n<h3>5. Ph\u1ea7n \u0111\u1ebf c\u1ed5 \u00e1o v\u00e0 ph\u1ee5 ki\u1ec7n<\/h3>\n<p>Ph\u1ea7n \u0111\u1ebf th\u01b0\u1eddng \u0111\u00f3ng vai tr\u00f2 nh\u01b0 m\u1ed9t khay \u0111\u1ef1ng ho\u1eb7c \u0111\u01b0\u1ee3c trang b\u1ecb c\u00e1c ch\u1ed1t chuy\u00ean d\u1ee5ng \u0111\u1ec3 gi\u1eef c\u00e1c v\u00f2ng \u0111\u1ec7m. Chi ti\u1ebft nh\u1ecf n\u00e0y gi\u00fap tr\u00e1nh t\u00ecnh tr\u1ea1ng b\u1ef1c b\u1ed9i khi l\u00e0m m\u1ea5t c\u00e1c k\u1eb9p. Vi\u1ec7c t\u1eadp trung m\u1ecdi th\u1ee9 v\u00e0o m\u1ed9t b\u1ed9 d\u1ee5ng c\u1ee5 di \u0111\u1ed9ng gi\u00fap t\u1ed1i \u01b0u h\u00f3a quy tr\u00ecnh t\u1eadp luy\u1ec7n t\u1ea1i ph\u00f2ng gym, \u0111\u1ea3m b\u1ea3o b\u1ea1n lu\u00f4n c\u00f3 \u0111\u1ea7y \u0111\u1ee7 d\u1ee5ng c\u1ee5 c\u1ea7n thi\u1ebft \u0111\u1ec3 b\u1eaft \u0111\u1ea7u t\u1eadp luy\u1ec7n ngay l\u1eadp t\u1ee9c.<\/p>\n<h3>\u0110\u1ed1i t\u01b0\u1ee3ng d\u00e0nh cho ai?<\/h3>\n<ul style=\"list-style-position: inside; padding-left: 0;\">\n<li>Ch\u1ee7 c\u00e1c ph\u00f2ng t\u1eadp th\u1ec3 d\u1ee5c t\u1ea1i nh\u00e0 c\u00f3 nhu c\u1ea7u qu\u1ea3n l\u00fd kh\u00f4ng gian linh ho\u1ea1t.<\/li>\n<li>C\u00e1c ph\u00f2ng t\u1eadp th\u1ec3 h\u00ecnh th\u01b0\u01a1ng m\u1ea1i \u0111ang thi\u1ebft l\u1eadp c\u00e1c tr\u1ea1m t\u1eadp squat di \u0111\u1ed9ng.<\/li>\n<li>C\u00e1c hu\u1ea5n luy\u1ec7n vi\u00ean c\u1ea7n di chuy\u1ec3n d\u1ee5ng c\u1ee5 gi\u1eefa c\u00e1c bu\u1ed5i t\u1eadp v\u1edbi kh\u00e1ch h\u00e0ng.<\/li>\n<li>Nh\u1eefng ng\u01b0\u1eddi t\u1eadp t\u1ea1 v\u1edbi nhi\u1ec1u thanh t\u1ea1 v\u00e0 b\u1ed9 \u0111\u0129a t\u1ea1 n\u1eb7ng.<\/li>\n<li>D\u00e0nh cho nh\u1eefng ai \u0111ang t\u00ecm ki\u1ebfm m\u1ed9t gi\u1ea3i ph\u00e1p l\u01b0u tr\u1eef g\u1ecdn g\u00e0ng v\u00e0 \u0111a n\u0103ng.<\/li>\n<\/ul>\n<h3>Th\u00f4ng s\u1ed1 k\u1ef9 thu\u1eadt s\u1ea3n ph\u1ea9m<\/h3>\n<table border=\"1\" width=\"100%\" cellspacing=\"0\" cellpadding=\"5\">\n<tbody>\n<tr>\n<td><strong>M\u1eabu<\/strong><\/td>\n<td>F12BC001<\/td>\n<\/tr>\n<tr>\n<td><strong>Lo\u1ea1i<\/strong><\/td>\n<td>C\u00e2y \u0111\u0129a di \u0111\u1ed9ng<\/td>\n<\/tr>\n<tr>\n<td><strong>C\u00f4ng su\u1ea5t<\/strong><\/td>\n<td>454 kg \/ 1.000 lbs<\/td>\n<\/tr>\n<tr>\n<td><strong>L\u01b0u tr\u1eef<\/strong><\/td>\n<td>T\u1ea5m t\u1ea1 + 2 thanh t\u1ea1<\/td>\n<\/tr>\n<tr>\n<td><strong>Kh\u1ea3 n\u0103ng di chuy\u1ec3n<\/strong><\/td>\n<td>B\u00e1nh xe ch\u1ecbu t\u1ea3i n\u1eb7ng<\/td>\n<\/tr>\n<\/tbody>\n<\/table>","protected":false},"excerpt":{"rendered":"<p>Gi\u00e1 \u0111\u1ec3 \u0111\u0129a t\u1ea1 V.ETA c\u1ee7a Alex Athletics l\u00e0 gi\u1ea3i ph\u00e1p l\u01b0u tr\u1eef di \u0111\u1ed9ng t\u1ed1i \u01b0u cho b\u1ed9 t\u1ea1 c\u1ee7a b\u1ea1n. V\u1edbi kh\u1ea3 n\u0103ng ch\u1ecbu t\u1ea3i l\u00ean \u0111\u1ebfn 454kg (1000 lbs) \u0111\u0129a t\u1ea1 v\u00e0 hai thanh t\u1ea1 Olympic, chi\u1ebfc gi\u00e1 \u0111\u1ee1 b\u1eb1ng th\u00e9p ch\u1eafc ch\u1eafn n\u00e0y gi\u00fap gi\u1ea3i ph\u00f3ng kh\u00f4ng gian s\u00e0n v\u00e0 s\u1eafp x\u1ebfp g\u1ecdn g\u00e0ng d\u1ee5ng c\u1ee5 t\u1eadp luy\u1ec7n c\u1ee7a b\u1ea1n. \u0110\u01b0\u1ee3c trang b\u1ecb b\u00e1nh xe ch\u1eafc ch\u1eafn, s\u1ea3n ph\u1ea9m cho ph\u00e9p b\u1ea1n di chuy\u1ec3n to\u00e0n b\u1ed9 b\u1ed9 d\u1ee5ng c\u1ee5 m\u1ed9t c\u00e1ch d\u1ec5 d\u00e0ng kh\u1eafp ph\u00f2ng t\u1eadp. V\u1edbi kho\u1ea3ng c\u00e1ch \u0111\u01b0\u1ee3c t\u1ed1i \u01b0u h\u00f3a \u0111\u1ec3 d\u1ec5 d\u00e0ng ti\u1ebfp c\u1eadn v\u00e0 l\u1edbp s\u01a1n t\u0129nh \u0111i\u1ec7n b\u1ec1n b\u1ec9, \u0111\u00e2y l\u00e0 gi\u1ea3i ph\u00e1p ti\u1ebft ki\u1ec7m kh\u00f4ng gian ho\u00e0n h\u1ea3o cho ph\u00f2ng t\u1eadp t\u1ea1i nh\u00e0 v\u00e0 ph\u00f2ng t\u1eadp th\u01b0\u01a1ng m\u1ea1i.<\/p>","protected":false},"featured_media":3421,"comment_status":"open","ping_status":"closed","template":"","meta":{"inline_featured_image":false,"site-sidebar-layout":"default","site-content-layout":"","ast-site-content-layout":"default","site-content-style":"default","site-sidebar-style":"default","ast-global-header-display":"","ast-banner-title-visibility":"","ast-main-header-display":"","ast-hfb-above-header-display":"","ast-hfb-below-header-display":"","ast-hfb-mobile-header-display":"","site-post-title":"","ast-breadcrumbs-content":"","ast-featured-img":"","footer-sml-layout":"","ast-disable-related-posts":"","theme-transparent-header-meta":"default","adv-header-id-meta":"","stick-header-meta":"default","header-above-stick-meta":"","header-main-stick-meta":"","header-below-stick-meta":"","astra-migrate-meta-layouts":"set","ast-page-background-enabled":"default","ast-page-background-meta":{"desktop":{"background-color":"","background-image":"","background-repeat":"repeat","background-position":"center center","background-size":"auto","background-attachment":"scroll","background-type":"","background-media":"","overlay-type":"","overlay-color":"","overlay-opacity":"","overlay-gradient":""},"tablet":{"background-color":"","background-image":"","background-repeat":"repeat","background-position":"center center","background-size":"auto","background-attachment":"scroll","background-type":"","background-media":"","overlay-type":"","overlay-color":"","overlay-opacity":"","overlay-gradient":""},"mobile":{"background-color":"","background-image":"","background-repeat":"repeat","background-position":"center center","background-size":"auto","background-attachment":"scroll","background-type":"","background-media":"","overlay-type":"","overlay-color":"","overlay-opacity":"","overlay-gradient":""}},"ast-content-background-meta":{"desktop":{"background-color":"var(--ast-global-color-5)","background-image":"","background-repeat":"repeat","background-position":"center center","background-size":"auto","background-attachment":"scroll","background-type":"","background-media":"","overlay-type":"","overlay-color":"","overlay-opacity":"","overlay-gradient":""},"tablet":{"background-color":"var(--ast-global-color-5)","background-image":"","background-repeat":"repeat","background-position":"center center","background-size":"auto","background-attachment":"scroll","background-type":"","background-media":"","overlay-type":"","overlay-color":"","overlay-opacity":"","overlay-gradient":""},"mobile":{"background-color":"var(--ast-global-color-5)","background-image":"","background-repeat":"repeat","background-position":"center center","background-size":"auto","background-attachment":"scroll","background-type":"","background-media":"","overlay-type":"","overlay-color":"","overlay-opacity":"","overlay-gradient":""}}},"product_brand":[],"product_cat":[55],"product_tag":[63],"class_list":{"0":"post-2964","1":"product","2":"type-product","3":"status-publish","4":"has-post-thumbnail","6":"product_cat-free-weight-training","7":"product_tag-rack-storage","8":"desktop-align-left","9":"tablet-align-left","10":"mobile-align-left","12":"first","13":"instock","14":"shipping-taxable","15":"purchasable","16":"product-type-simple"},"_links":{"self":[{"href":"https:\/\/alexathletics1982.com\/vi\/wp-json\/wp\/v2\/product\/2964","targetHints":{"allow":["GET"]}}],"collection":[{"href":"https:\/\/alexathletics1982.com\/vi\/wp-json\/wp\/v2\/product"}],"about":[{"href":"https:\/\/alexathletics1982.com\/vi\/wp-json\/wp\/v2\/types\/product"}],"replies":[{"embeddable":true,"href":"https:\/\/alexathletics1982.com\/vi\/wp-json\/wp\/v2\/comments?post=2964"}],"wp:featuredmedia":[{"embeddable":true,"href":"https:\/\/alexathletics1982.com\/vi\/wp-json\/wp\/v2\/media\/3421"}],"wp:attachment":[{"href":"https:\/\/alexathletics1982.com\/vi\/wp-json\/wp\/v2\/media?parent=2964"}],"wp:term":[{"taxonomy":"product_brand","embeddable":true,"href":"https:\/\/alexathletics1982.com\/vi\/wp-json\/wp\/v2\/product_brand?post=2964"},{"taxonomy":"product_cat","embeddable":true,"href":"https:\/\/alexathletics1982.com\/vi\/wp-json\/wp\/v2\/product_cat?post=2964"},{"taxonomy":"product_tag","embeddable":true,"href":"https:\/\/alexathletics1982.com\/vi\/wp-json\/wp\/v2\/product_tag?post=2964"}],"curies":[{"name":"wp","href":"https:\/\/api.w.org\/{rel}","templated":true}]}}