{"id":3839,"date":"2026-04-10T21:07:43","date_gmt":"2026-04-10T13:07:43","guid":{"rendered":"https:\/\/alexathletics1982.com\/?post_type=product&#038;p=3839"},"modified":"2026-04-17T22:15:37","modified_gmt":"2026-04-17T14:15:37","slug":"power-strider-xc2","status":"publish","type":"product","link":"https:\/\/alexathletics1982.com\/vi\/power-strider-xc2\/","title":{"rendered":"Power Strider XC2"},"content":{"rendered":"<div class=\"ast-oembed-container\" style=\"height: 100%;\"><iframe title=\"POWER STRIDER XC2\" width=\"500\" height=\"281\" src=\"https:\/\/www.youtube.com\/embed\/zfenkYAfFfE?feature=oembed\" frameborder=\"0\" allow=\"accelerometer; autoplay; clipboard-write; encrypted-media; gyroscope; picture-in-picture; web-share\" referrerpolicy=\"strict-origin-when-cross-origin\" allowfullscreen><\/iframe><\/div>\n<h2><img fetchpriority=\"high\" decoding=\"async\" class=\"alignnone wp-image-3828 size-full\" src=\"https:\/\/alexathletics1982.com\/wp-content\/uploads\/2026\/04\/XC2_\u4fee_01.webp\" alt=\"\" width=\"1600\" height=\"1938\" title=\"\" srcset=\"https:\/\/alexathletics1982.com\/wp-content\/uploads\/2026\/04\/XC2_\u4fee_01.webp 1600w, https:\/\/alexathletics1982.com\/wp-content\/uploads\/2026\/04\/XC2_\u4fee_01-248x300.webp 248w, https:\/\/alexathletics1982.com\/wp-content\/uploads\/2026\/04\/XC2_\u4fee_01-845x1024.webp 845w, https:\/\/alexathletics1982.com\/wp-content\/uploads\/2026\/04\/XC2_\u4fee_01-768x930.webp 768w, https:\/\/alexathletics1982.com\/wp-content\/uploads\/2026\/04\/XC2_\u4fee_01-1268x1536.webp 1268w, https:\/\/alexathletics1982.com\/wp-content\/uploads\/2026\/04\/XC2_\u4fee_01-600x727.webp 600w\" sizes=\"(max-width: 1600px) 100vw, 1600px\" \/> <img decoding=\"async\" class=\"alignnone wp-image-3834 size-full\" src=\"https:\/\/alexathletics1982.com\/wp-content\/uploads\/2026\/04\/XC2_\u4fee_07.webp\" alt=\"\" width=\"1600\" height=\"979\" title=\"\" srcset=\"https:\/\/alexathletics1982.com\/wp-content\/uploads\/2026\/04\/XC2_\u4fee_07.webp 1600w, https:\/\/alexathletics1982.com\/wp-content\/uploads\/2026\/04\/XC2_\u4fee_07-300x184.webp 300w, https:\/\/alexathletics1982.com\/wp-content\/uploads\/2026\/04\/XC2_\u4fee_07-1024x627.webp 1024w, https:\/\/alexathletics1982.com\/wp-content\/uploads\/2026\/04\/XC2_\u4fee_07-768x470.webp 768w, https:\/\/alexathletics1982.com\/wp-content\/uploads\/2026\/04\/XC2_\u4fee_07-1536x940.webp 1536w, https:\/\/alexathletics1982.com\/wp-content\/uploads\/2026\/04\/XC2_\u4fee_07-600x367.webp 600w\" sizes=\"(max-width: 1600px) 100vw, 1600px\" \/> <img decoding=\"async\" class=\"alignnone wp-image-3833 size-full\" src=\"https:\/\/alexathletics1982.com\/wp-content\/uploads\/2026\/04\/XC2_\u4fee_06.webp\" alt=\"\" width=\"1600\" height=\"979\" title=\"\" srcset=\"https:\/\/alexathletics1982.com\/wp-content\/uploads\/2026\/04\/XC2_\u4fee_06.webp 1600w, https:\/\/alexathletics1982.com\/wp-content\/uploads\/2026\/04\/XC2_\u4fee_06-300x184.webp 300w, https:\/\/alexathletics1982.com\/wp-content\/uploads\/2026\/04\/XC2_\u4fee_06-1024x627.webp 1024w, https:\/\/alexathletics1982.com\/wp-content\/uploads\/2026\/04\/XC2_\u4fee_06-768x470.webp 768w, https:\/\/alexathletics1982.com\/wp-content\/uploads\/2026\/04\/XC2_\u4fee_06-1536x940.webp 1536w, https:\/\/alexathletics1982.com\/wp-content\/uploads\/2026\/04\/XC2_\u4fee_06-600x367.webp 600w\" sizes=\"(max-width: 1600px) 100vw, 1600px\" \/> <img loading=\"lazy\" decoding=\"async\" class=\"alignnone wp-image-3832 size-full\" src=\"https:\/\/alexathletics1982.com\/wp-content\/uploads\/2026\/04\/XC2_\u4fee_05.webp\" alt=\"\" width=\"1600\" height=\"1344\" title=\"\" srcset=\"https:\/\/alexathletics1982.com\/wp-content\/uploads\/2026\/04\/XC2_\u4fee_05.webp 1600w, https:\/\/alexathletics1982.com\/wp-content\/uploads\/2026\/04\/XC2_\u4fee_05-300x252.webp 300w, https:\/\/alexathletics1982.com\/wp-content\/uploads\/2026\/04\/XC2_\u4fee_05-1024x860.webp 1024w, https:\/\/alexathletics1982.com\/wp-content\/uploads\/2026\/04\/XC2_\u4fee_05-768x645.webp 768w, https:\/\/alexathletics1982.com\/wp-content\/uploads\/2026\/04\/XC2_\u4fee_05-1536x1290.webp 1536w, https:\/\/alexathletics1982.com\/wp-content\/uploads\/2026\/04\/XC2_\u4fee_05-600x504.webp 600w\" sizes=\"(max-width: 1600px) 100vw, 1600px\" \/> <img loading=\"lazy\" decoding=\"async\" class=\"alignnone wp-image-3831 size-full\" src=\"https:\/\/alexathletics1982.com\/wp-content\/uploads\/2026\/04\/XC2_\u4fee_04.webp\" alt=\"\" width=\"1600\" height=\"1104\" title=\"\" srcset=\"https:\/\/alexathletics1982.com\/wp-content\/uploads\/2026\/04\/XC2_\u4fee_04.webp 1600w, https:\/\/alexathletics1982.com\/wp-content\/uploads\/2026\/04\/XC2_\u4fee_04-300x207.webp 300w, https:\/\/alexathletics1982.com\/wp-content\/uploads\/2026\/04\/XC2_\u4fee_04-1024x707.webp 1024w, https:\/\/alexathletics1982.com\/wp-content\/uploads\/2026\/04\/XC2_\u4fee_04-768x530.webp 768w, https:\/\/alexathletics1982.com\/wp-content\/uploads\/2026\/04\/XC2_\u4fee_04-1536x1060.webp 1536w, https:\/\/alexathletics1982.com\/wp-content\/uploads\/2026\/04\/XC2_\u4fee_04-600x414.webp 600w\" sizes=\"(max-width: 1600px) 100vw, 1600px\" \/> <img loading=\"lazy\" decoding=\"async\" class=\"alignnone wp-image-3830 size-full\" src=\"https:\/\/alexathletics1982.com\/wp-content\/uploads\/2026\/04\/XC2_\u4fee_03.webp\" alt=\"\" width=\"1600\" height=\"1451\" title=\"\" srcset=\"https:\/\/alexathletics1982.com\/wp-content\/uploads\/2026\/04\/XC2_\u4fee_03.webp 1600w, https:\/\/alexathletics1982.com\/wp-content\/uploads\/2026\/04\/XC2_\u4fee_03-300x272.webp 300w, https:\/\/alexathletics1982.com\/wp-content\/uploads\/2026\/04\/XC2_\u4fee_03-1024x929.webp 1024w, https:\/\/alexathletics1982.com\/wp-content\/uploads\/2026\/04\/XC2_\u4fee_03-768x696.webp 768w, https:\/\/alexathletics1982.com\/wp-content\/uploads\/2026\/04\/XC2_\u4fee_03-1536x1393.webp 1536w, https:\/\/alexathletics1982.com\/wp-content\/uploads\/2026\/04\/XC2_\u4fee_03-600x544.webp 600w\" sizes=\"(max-width: 1600px) 100vw, 1600px\" \/> <img loading=\"lazy\" decoding=\"async\" class=\"alignnone wp-image-3829 size-full\" src=\"https:\/\/alexathletics1982.com\/wp-content\/uploads\/2026\/04\/XC2_\u4fee_02.webp\" alt=\"\" width=\"1600\" height=\"2012\" title=\"\" srcset=\"https:\/\/alexathletics1982.com\/wp-content\/uploads\/2026\/04\/XC2_\u4fee_02.webp 1600w, https:\/\/alexathletics1982.com\/wp-content\/uploads\/2026\/04\/XC2_\u4fee_02-239x300.webp 239w, https:\/\/alexathletics1982.com\/wp-content\/uploads\/2026\/04\/XC2_\u4fee_02-814x1024.webp 814w, https:\/\/alexathletics1982.com\/wp-content\/uploads\/2026\/04\/XC2_\u4fee_02-768x966.webp 768w, https:\/\/alexathletics1982.com\/wp-content\/uploads\/2026\/04\/XC2_\u4fee_02-1221x1536.webp 1221w, https:\/\/alexathletics1982.com\/wp-content\/uploads\/2026\/04\/XC2_\u4fee_02-600x755.webp 600w\" sizes=\"(max-width: 1600px) 100vw, 1600px\" \/><\/h2>\n<h2>S\u1ef1 t\u1ef1 tin trong t\u1eebng b\u01b0\u1edbc di chuy\u1ec3n: Power Strider XC2<\/h2>\n<p>M\u00e1y ch\u1ea1y b\u1ed9 \u0111i\u1ec1u khi\u1ec3n \u0111a ch\u1ebf \u0111\u1ed9 Power Strider XC2 c\u1ee7a Alexandave Industries Ltd l\u00e0 m\u1ed9t s\u1ea3n ph\u1ea9m c\u00e1ch m\u1ea1ng, \u0111\u01b0\u1ee3c thi\u1ebft k\u1ebf \u0111\u1ec3 k\u1ebft h\u1ee3p s\u1ef1 ch\u00ednh x\u00e1c v\u1ec1 c\u01a1 sinh h\u1ecdc v\u1edbi t\u00ednh linh ho\u1ea1t th\u00edch \u1ee9ng. \u0110\u01b0\u1ee3c thi\u1ebft k\u1ebf ri\u00eang cho c\u00e1c v\u1eadn \u0111\u1ed9ng vi\u00ean, chuy\u00ean gia v\u1eadt l\u00fd tr\u1ecb li\u1ec7u v\u00e0 chuy\u00ean gia ph\u1ee5c h\u1ed3i ch\u1ee9c n\u0103ng, s\u1ea3n ph\u1ea9m n\u00e0y mang l\u1ea1i kh\u1ea3 n\u0103ng ki\u1ec3m so\u00e1t c\u01a1 ch\u1ebf chuy\u1ec3n \u0111\u1ed9ng ch\u01b0a t\u1eebng c\u00f3. B\u1eb1ng c\u00e1ch k\u1ebft h\u1ee3p kh\u1ea3 n\u0103ng \u0111\u1ea9y v\u1ec1 ph\u00eda tr\u01b0\u1edbc, ki\u1ec3m so\u00e1t l\u1ef1c l\u1ec7ch t\u00e2m ng\u01b0\u1ee3c v\u00e0 h\u1ec7 th\u1ed1ng gi\u1ea3m x\u00f3c kh\u00ed n\u00e9n ti\u00ean ti\u1ebfn trong m\u1ed9t n\u1ec1n t\u1ea3ng th\u00edch \u1ee9ng, XC2 \u0111\u00e3 \u0111\u1ecbnh ngh\u0129a l\u1ea1i nh\u1eefng kh\u1ea3 n\u0103ng c\u1ee7a vi\u1ec7c t\u1eadp luy\u1ec7n n\u00e2ng cao hi\u1ec7u su\u1ea5t v\u00e0 ph\u1ee5c h\u1ed3i ch\u1ee9c n\u0103ng tr\u00ean m\u00e1y ch\u1ea1y b\u1ed9. Cho d\u00f9 l\u00e0 ph\u1ee5c h\u1ed3i sau ph\u1eabu thu\u1eadt hay t\u1eadp luy\u1ec7n \u0111\u1ec3 \u0111\u1ea1t \u0111\u01b0\u1ee3c s\u1ee9c m\u1ea1nh b\u00f9ng n\u1ed5 \u0111\u1ec9nh cao, m\u00e1y ch\u1ea1y b\u1ed9 n\u00e0y \u0111\u1ec1u th\u00edch \u1ee9ng v\u1edbi c\u00e1c nhu c\u1ea7u l\u00e2m s\u00e0ng v\u00e0 th\u1ec3 thao ch\u00ednh x\u00e1c c\u1ee7a ng\u01b0\u1eddi d\u00f9ng.<\/p>\n<p>An to\u00e0n v\u00e0 t\u00ednh th\u00e2n thi\u1ec7n v\u1edbi ng\u01b0\u1eddi d\u00f9ng l\u00e0 \u01b0u ti\u00ean h\u00e0ng \u0111\u1ea7u trong thi\u1ebft k\u1ebf c\u1ee7a XC2. M\u00e1y c\u00f3 t\u1ed1c \u0111\u1ed9 kh\u1edfi \u0111\u1ed9ng c\u1ef1c th\u1ea5p ch\u1ec9 0,1 km\/h, gi\u00fap kh\u1edfi \u0111\u1ed9ng chuy\u1ec3n \u0111\u1ed9ng m\u1ed9t c\u00e1ch m\u01b0\u1ee3t m\u00e0 v\u00e0 c\u00f3 ki\u1ec3m so\u00e1t, t\u1eeb \u0111\u00f3 gi\u1ea3m thi\u1ec3u nguy c\u01a1 ng\u00e3 cho nh\u1eefng b\u1ec7nh nh\u00e2n c\u00f3 s\u1ee9c kh\u1ecfe y\u1ebfu. Vi\u1ec7c t\u00edch h\u1ee3p D\u00e2y \u0111ai treo kh\u00ed n\u00e9n gi\u00fap gi\u1ea3m tr\u1ecdng l\u01b0\u1ee3ng c\u01a1 th\u1ec3 l\u00ean \u0111\u1ebfn 35kg, gi\u1ea3m \u00e1p l\u1ef1c l\u00ean kh\u1edbp v\u00e0 c\u1ea3i thi\u1ec7n s\u1ef1 \u1ed5n \u0111\u1ecbnh t\u01b0 th\u1ebf trong c\u00e1c chuy\u1ec3n \u0111\u1ed9ng \u0111a h\u01b0\u1edbng. V\u1edbi b\u0103ng ch\u1ea1y si\u00eau r\u1ed9ng 56cm, tay v\u1ecbn m\u1edf r\u1ed9ng v\u00e0 thi\u1ebft k\u1ebf m\u1edf hai b\u00ean \u0111\u1ec3 hu\u1ea5n luy\u1ec7n vi\u00ean d\u1ec5 d\u00e0ng ti\u1ebfp c\u1eadn, m\u00e1y t\u1ea1o ra m\u1ed9t m\u00f4i tr\u01b0\u1eddng an to\u00e0n, truy\u1ec1n c\u1ea3m h\u1ee9ng t\u1ef1 tin cho c\u1ea3 b\u1ec7nh nh\u00e2n v\u00e0 chuy\u00ean gia.<\/p>\n<h3>1. H\u1ec7 th\u1ed1ng truy\u1ec1n \u0111\u1ed9ng \u0111a ch\u1ebf \u0111\u1ed9<\/h3>\n<p>XC2 kh\u00f4ng ph\u1ea3i l\u00e0 m\u1ed9t chi\u1ebfc m\u00e1y ch\u1ea1y b\u1ed9 th\u00f4ng th\u01b0\u1eddng. M\u00e1y \u0111\u01b0\u1ee3c trang b\u1ecb h\u1ec7 th\u1ed1ng truy\u1ec1n \u0111\u1ed9ng hai chi\u1ec1u, cho ph\u00e9p th\u1ef1c hi\u1ec7n c\u1ea3 ch\u1ea1y aerobic ti\u1ebfn v\u1ec1 ph\u00eda tr\u01b0\u1edbc v\u00e0 t\u1eadp luy\u1ec7n co c\u01a1 ng\u01b0\u1ee3c khi ch\u1ea1y l\u00f9i. \u0110i\u1ec3m \u1ea5n t\u01b0\u1ee3ng nh\u1ea5t l\u00e0 m\u00e1y c\u00f3 ch\u1ebf \u0111\u1ed9 PUSH chuy\u00ean d\u1ee5ng, m\u00f4 ph\u1ecfng vi\u1ec7c \u0111\u1ea9y xe tr\u01b0\u1ee3t n\u1eb7ng. \u0110i\u1ec1u n\u00e0y gi\u00fap c\u00e1c v\u1eadn \u0111\u1ed9ng vi\u00ean ph\u00e1t tri\u1ec3n s\u1ee9c m\u1ea1nh b\u00f9ng n\u1ed5 cho ph\u1ea7n th\u00e2n d\u01b0\u1edbi v\u00e0 kh\u1ea3 n\u0103ng t\u0103ng t\u1ed1c m\u1ed9t c\u00e1ch an to\u00e0n ngay t\u1ea1i nh\u00e0, m\u00e0 kh\u00f4ng c\u1ea7n \u0111\u1ebfn \u0111\u01b0\u1eddng ch\u1ea1y c\u1ecf chuy\u00ean d\u1ee5ng.<\/p>\n<h3>2. Hu\u1ea5n luy\u1ec7n h\u1ec7 th\u1ed1ng treo kh\u00ed n\u00e9n<\/h3>\n<p>H\u1ec7 th\u1ed1ng treo kh\u00ed n\u00e9n t\u00edch h\u1ee3p l\u00e0 m\u1ed9t b\u01b0\u1edbc \u0111\u1ed9t ph\u00e1 trong l\u0129nh v\u1ef1c ph\u1ee5c h\u1ed3i ch\u1ee9c n\u0103ng v\u00e0 r\u00e8n luy\u1ec7n th\u1ec3 l\u1ef1c cao c\u1ea5p. B\u1eb1ng c\u00e1ch gi\u1ea3m t\u1ea3i t\u1edbi 35kg tr\u1ecdng l\u01b0\u1ee3ng c\u01a1 th\u1ec3 ng\u01b0\u1eddi d\u00f9ng, h\u1ec7 th\u1ed1ng n\u00e0y cho ph\u00e9p ki\u1ec3m so\u00e1t chuy\u1ec3n \u0111\u1ed9ng ph\u1ea3n \u1ee9ng v\u1edbi t\u00e1c \u0111\u1ed9ng th\u1ea5p. \u0110i\u1ec1u n\u00e0y gi\u00fap th\u1ef1c hi\u1ec7n an to\u00e0n c\u00e1c \u0111\u1ed9ng t\u00e1c n\u00e2ng cao nh\u01b0 \u0111i l\u00f9i trong t\u01b0 th\u1ebf treo l\u01a1 l\u1eedng, b\u01b0\u1edbc ph\u1ea3n \u1ee9ng l\u1ec7ch t\u00e2m v\u00e0 nh\u1ea3y ch\u1ed1ng tr\u1ecdng l\u1ef1c, t\u1eeb \u0111\u00f3 thu h\u1eb9p kho\u1ea3ng c\u00e1ch gi\u1eefa li\u1ec7u ph\u00e1p v\u1eadt l\u00fd tr\u1ecb li\u1ec7u tinh t\u1ebf v\u00e0 hi\u1ec7u su\u1ea5t th\u1ec3 thao n\u0103ng \u0111\u1ed9ng.<\/p>\n<h3>3. C\u00e1c t\u00ednh n\u0103ng an to\u00e0n \u0111\u1ea1t ti\u00eau chu\u1ea9n y t\u1ebf<\/h3>\n<p>H\u1ec7 th\u1ed1ng b\u1ea3o v\u1ec7 ch\u1ee7 \u0111\u1ed9ng hai l\u1edbp \u0111\u1ea3m b\u1ea3o an to\u00e0n tuy\u1ec7t \u0111\u1ed1i trong m\u1ecdi ch\u1ebf \u0111\u1ed9 t\u1eadp luy\u1ec7n. H\u1ec7 th\u1ed1ng n\u00e0y bao g\u1ed3m n\u00fat d\u1eebng kh\u1ea9n c\u1ea5p ph\u1ea3n \u1ee9ng t\u1ee9c th\u00ec v\u00e0 h\u1ec7 th\u1ed1ng k\u1eb9p an to\u00e0n c\u00f3 th\u1ec3 th\u00e1o r\u1eddi, gi\u00fap d\u1eebng b\u0103ng chuy\u1ec1n ngay l\u1eadp t\u1ee9c n\u1ebfu ng\u01b0\u1eddi d\u00f9ng m\u1ea5t th\u0103ng b\u1eb1ng. Ngo\u00e0i ra, tay v\u1ecbn \u0111\u01b0\u1ee3c k\u00e9o d\u00e0i c\u00f9ng thi\u1ebft k\u1ebf m\u1edf hai b\u00ean cho ph\u00e9p nh\u00e2n vi\u00ean y t\u1ebf d\u1ec5 d\u00e0ng ti\u1ebfp c\u1eadn v\u00e0 h\u1ed7 tr\u1ee3 qu\u00e1 tr\u00ecnh t\u1eadp \u0111i m\u1ed9t c\u00e1ch tr\u01a1n tru v\u00e0 an to\u00e0n.<\/p>\n<h3>4. Hi\u1ec3n th\u1ecb v\u00e0 ph\u1ea3n h\u1ed3i \u0111a h\u01b0\u1edbng<\/h3>\n<p>B\u1ea3ng \u0111i\u1ec1u khi\u1ec3n \u0111\u01b0\u1ee3c l\u1eafp \u0111\u1eb7t tr\u00ean m\u1ed9t m\u00e0n h\u00ecnh \u0111a tr\u1ee5c c\u00f3 th\u1ec3 \u0111i\u1ec1u ch\u1ec9nh, gi\u00fap c\u00e1c nh\u00e0 tr\u1ecb li\u1ec7u ho\u1eb7c nh\u00e2n vi\u00ean y t\u1ebf \u0111\u1ee9ng b\u00ean c\u1ea1nh m\u00e1y c\u00f3 th\u1ec3 quan s\u00e1t d\u1ec5 d\u00e0ng v\u00e0 thao t\u00e1c thu\u1eadn ti\u1ec7n, thay v\u00ec ph\u1ea3i v\u1edbi tay qua ng\u01b0\u1eddi b\u1ec7nh nh\u00e2n. C\u00e1c c\u1ea3m bi\u1ebfn nh\u1ecbp tim ti\u1ebfp x\u00fac \u0111\u01b0\u1ee3c t\u00edch h\u1ee3p tr\u00ean tay c\u1ea7m ph\u00eda tr\u01b0\u1edbc cung c\u1ea5p th\u00f4ng tin ph\u1ea3n h\u1ed3i sinh l\u00fd theo th\u1eddi gian th\u1ef1c, cho ph\u00e9p \u0111i\u1ec1u ch\u1ec9nh c\u01b0\u1eddng \u0111\u1ed9 ch\u00ednh x\u00e1c trong c\u00e1c li\u1ec7u tr\u00ecnh t\u1eadp luy\u1ec7n tim m\u1ea1ch ho\u1eb7c ph\u1ee5c h\u1ed3i.<\/p>\n<h3>5. \u0110\u1ed9 nghi\u00eang 6\u00b0 v\u00e0 b\u1ec1 m\u1eb7t b\u01b0\u1edbc ch\u00e2n r\u1ed9ng<\/h3>\n<p>M\u00e1y ch\u1ea1y b\u1ed9 n\u00e0y c\u00f3 \u0111\u1ed9 nghi\u00eang 6\u00b0 (kho\u1ea3ng 10,51\u00b0) \u0111\u1ec3 r\u00e8n luy\u1ec7n s\u1ee9c b\u1ec1n khi ch\u1ea1y l\u00ean d\u1ed1c v\u00e0 t\u0103ng c\u01b0\u1eddng s\u1ee9c m\u1ea1nh. B\u0103ng ch\u1ea1y r\u1ed9ng 56 cm \u0111\u1ea3m b\u1ea3o s\u1ef1 \u1ed5n \u0111\u1ecbnh t\u1ed1i \u01b0u v\u00e0 s\u1ef1 t\u1ef1 do trong t\u1eebng b\u01b0\u1edbc ch\u1ea1y, ph\u00f9 h\u1ee3p v\u1edbi c\u1ea3 d\u00e1ng \u0111i ch\u1eadp ch\u1eefng, b\u01b0\u1edbc ch\u00e2n r\u1ed9ng c\u1ee7a b\u1ec7nh nh\u00e2n \u0111ang ph\u1ee5c h\u1ed3i ch\u1ee9c n\u0103ng l\u1eabn nh\u1eefng b\u01b0\u1edbc ch\u1ea1y m\u1ea1nh m\u1ebd, d\u00e0i c\u1ee7a v\u1eadn \u0111\u1ed9ng vi\u00ean ch\u1ea1y n\u01b0\u1edbc r\u00fat.<\/p>\n<h3>\u0110\u1ed1i t\u01b0\u1ee3ng d\u00e0nh cho ai?<\/h3>\n<ul style=\"list-style-position: inside; padding-left: 0;\">\n<li>C\u00e1c ph\u00f2ng kh\u00e1m v\u1eadt l\u00fd tr\u1ecb li\u1ec7u v\u00e0 trung t\u00e2m ph\u1ee5c h\u1ed3i ch\u1ee9c n\u0103ng l\u00e2m s\u00e0ng.<\/li>\n<li>C\u00e1c c\u01a1 s\u1edf th\u1ec3 thao cao c\u1ea5p chuy\u00ean r\u00e8n luy\u1ec7n s\u1ee9c m\u1ea1nh b\u00f9ng n\u1ed5 v\u00e0 t\u1ed1c \u0111\u1ed9.<\/li>\n<li>Ng\u01b0\u1eddi cao tu\u1ed5i c\u1ea7n t\u1eadp \u0111i b\u1ed9 an to\u00e0n, \u00edt t\u00e1c \u0111\u1ed9ng v\u00e0 d\u1ef1a v\u00e0o tr\u1ecdng l\u01b0\u1ee3ng c\u01a1 th\u1ec3.<\/li>\n<li>C\u00e1c v\u1eadn \u0111\u1ed9ng vi\u00ean c\u1ea7n ch\u01b0\u01a1ng tr\u00ecnh t\u1eadp luy\u1ec7n chuy\u00ean s\u00e2u v\u1ec1 \u0111\u1ed9ng t\u00e1c co c\u01a1 (\u0111\u1ea9y l\u00f9i) v\u00e0 \u0111\u1ea9y xe tr\u01b0\u1ee3t.<\/li>\n<li>C\u00e1c b\u1ec7nh vi\u1ec7n y\u00eau c\u1ea7u t\u1ed1c \u0111\u1ed9 kh\u1edfi \u0111\u1ed9ng c\u1ef1c th\u1ea5p cho qu\u00e1 tr\u00ecnh h\u1ed3i ph\u1ee5c th\u1ea7n kinh ho\u1eb7c sau ph\u1eabu thu\u1eadt.<\/li>\n<\/ul>\n<h3>Th\u00f4ng s\u1ed1 k\u1ef9 thu\u1eadt s\u1ea3n ph\u1ea9m<\/h3>\n<table border=\"1\" width=\"100%\" cellspacing=\"0\" cellpadding=\"5\">\n<tbody>\n<tr>\n<td><strong>M\u1eabu<\/strong><\/td>\n<td>H02BB002 (Power Strider XC2)<\/td>\n<\/tr>\n<tr>\n<td><strong>Ph\u1ea1m vi t\u1ed1c \u0111\u1ed9<\/strong><\/td>\n<td>Ti\u1ebfn 0,1\u201320 km\/h \/ L\u00f9i 0,1\u201320 km\/h<\/td>\n<\/tr>\n<tr>\n<td><strong>D\u1ea3i \u0111\u1ed9 d\u1ed1c<\/strong><\/td>\n<td>0 \u2013 6\u00b0 (kho\u1ea3ng 10,51 TP3T)<\/td>\n<\/tr>\n<tr>\n<td><strong>T\u1ea1m \u0111\u00ecnh ch\u1ec9<\/strong><\/td>\n<td>Gi\u1ea3m c\u00e2n t\u1eeb 0 \u2013 35 kg<\/td>\n<\/tr>\n<tr>\n<td><strong>K\u00edch th\u01b0\u1edbc th\u1eaft l\u01b0ng<\/strong><\/td>\n<td>56 cm \u00d7 156 cm<\/td>\n<\/tr>\n<tr>\n<td><strong>Tr\u1ecdng l\u01b0\u1ee3ng t\u1ed1i \u0111a c\u1ee7a ng\u01b0\u1eddi d\u00f9ng<\/strong><\/td>\n<td>150 kg<\/td>\n<\/tr>\n<\/tbody>\n<\/table>","protected":false},"excerpt":{"rendered":"<p>M\u00e1y ch\u1ea1y b\u1ed9 \u0111a ch\u1ebf \u0111\u1ed9 Power Strider XC2 c\u1ee7a Alexandave Industries Ltd l\u00e0 m\u1ed9t s\u1ea3n ph\u1ea9m \u0111\u1ed9t ph\u00e1, k\u1ebft h\u1ee3p \u0111\u1ed9 ch\u00ednh x\u00e1c sinh c\u01a1 h\u1ecdc v\u1edbi h\u1ec7 th\u1ed1ng gi\u1ea3m x\u00f3c kh\u00ed n\u00e9n. \u0110\u01b0\u1ee3c thi\u1ebft k\u1ebf d\u00e0nh cho v\u1eadn \u0111\u1ed9ng vi\u00ean \u0111\u1ec9nh cao v\u00e0 ph\u1ee5c h\u1ed3i ch\u1ee9c n\u0103ng y t\u1ebf, s\u1ea3n ph\u1ea9m n\u00e0y t\u00edch h\u1ee3p c\u00e1c ch\u1ebf \u0111\u1ed9 ch\u1ea1y ti\u1ebfn, ch\u1ea1y l\u00f9i v\u00e0 \u0111\u1ea9y xe tr\u01b0\u1ee3t, c\u00f9ng kh\u1ea3 n\u0103ng \u0111i\u1ec1u ch\u1ec9nh gi\u1ea3m tr\u1ecdng l\u01b0\u1ee3ng c\u01a1 th\u1ec3 l\u00ean \u0111\u1ebfn 35kg. V\u1edbi t\u1ed1c \u0111\u1ed9 kh\u1edfi \u0111\u1ed9ng c\u1ef1c th\u1ea5p 0,1 km\/h, b\u0103ng ch\u1ea1y r\u1ed9ng 56 cm v\u00e0 c\u00e1c t\u00ednh n\u0103ng an to\u00e0n to\u00e0n di\u1ec7n, m\u00e1y mang l\u1ea1i kh\u1ea3 n\u0103ng ki\u1ec3m so\u00e1t v\u00f4 song cho vi\u1ec7c t\u1eadp luy\u1ec7n chuy\u1ec3n \u0111\u1ed9ng an to\u00e0n, ch\u1ee9c n\u0103ng v\u00e0 b\u00f9ng n\u1ed5.<\/p>","protected":false},"featured_media":3824,"comment_status":"open","ping_status":"closed","template":"","meta":{"inline_featured_image":false,"site-sidebar-layout":"default","site-content-layout":"","ast-site-content-layout":"default","site-content-style":"default","site-sidebar-style":"default","ast-global-header-display":"","ast-banner-title-visibility":"","ast-main-header-display":"","ast-hfb-above-header-display":"","ast-hfb-below-header-display":"","ast-hfb-mobile-header-display":"","site-post-title":"","ast-breadcrumbs-content":"","ast-featured-img":"","footer-sml-layout":"","ast-disable-related-posts":"","theme-transparent-header-meta":"default","adv-header-id-meta":"","stick-header-meta":"default","header-above-stick-meta":"","header-main-stick-meta":"","header-below-stick-meta":"","astra-migrate-meta-layouts":"set","ast-page-background-enabled":"default","ast-page-background-meta":{"desktop":{"background-color":"","background-image":"","background-repeat":"repeat","background-position":"center center","background-size":"auto","background-attachment":"scroll","background-type":"","background-media":"","overlay-type":"","overlay-color":"","overlay-opacity":"","overlay-gradient":""},"tablet":{"background-color":"","background-image":"","background-repeat":"repeat","background-position":"center center","background-size":"auto","background-attachment":"scroll","background-type":"","background-media":"","overlay-type":"","overlay-color":"","overlay-opacity":"","overlay-gradient":""},"mobile":{"background-color":"","background-image":"","background-repeat":"repeat","background-position":"center center","background-size":"auto","background-attachment":"scroll","background-type":"","background-media":"","overlay-type":"","overlay-color":"","overlay-opacity":"","overlay-gradient":""}},"ast-content-background-meta":{"desktop":{"background-color":"var(--ast-global-color-5)","background-image":"","background-repeat":"repeat","background-position":"center center","background-size":"auto","background-attachment":"scroll","background-type":"","background-media":"","overlay-type":"","overlay-color":"","overlay-opacity":"","overlay-gradient":""},"tablet":{"background-color":"var(--ast-global-color-5)","background-image":"","background-repeat":"repeat","background-position":"center center","background-size":"auto","background-attachment":"scroll","background-type":"","background-media":"","overlay-type":"","overlay-color":"","overlay-opacity":"","overlay-gradient":""},"mobile":{"background-color":"var(--ast-global-color-5)","background-image":"","background-repeat":"repeat","background-position":"center center","background-size":"auto","background-attachment":"scroll","background-type":"","background-media":"","overlay-type":"","overlay-color":"","overlay-opacity":"","overlay-gradient":""}}},"product_brand":[],"product_cat":[54],"product_tag":[56],"class_list":{"0":"post-3839","1":"product","2":"type-product","3":"status-publish","4":"has-post-thumbnail","6":"product_cat-strength-equipment","7":"product_tag-functional-equipment","8":"desktop-align-left","9":"tablet-align-left","10":"mobile-align-left","12":"first","13":"instock","14":"shipping-taxable","15":"purchasable","16":"product-type-simple"},"_links":{"self":[{"href":"https:\/\/alexathletics1982.com\/vi\/wp-json\/wp\/v2\/product\/3839","targetHints":{"allow":["GET"]}}],"collection":[{"href":"https:\/\/alexathletics1982.com\/vi\/wp-json\/wp\/v2\/product"}],"about":[{"href":"https:\/\/alexathletics1982.com\/vi\/wp-json\/wp\/v2\/types\/product"}],"replies":[{"embeddable":true,"href":"https:\/\/alexathletics1982.com\/vi\/wp-json\/wp\/v2\/comments?post=3839"}],"wp:featuredmedia":[{"embeddable":true,"href":"https:\/\/alexathletics1982.com\/vi\/wp-json\/wp\/v2\/media\/3824"}],"wp:attachment":[{"href":"https:\/\/alexathletics1982.com\/vi\/wp-json\/wp\/v2\/media?parent=3839"}],"wp:term":[{"taxonomy":"product_brand","embeddable":true,"href":"https:\/\/alexathletics1982.com\/vi\/wp-json\/wp\/v2\/product_brand?post=3839"},{"taxonomy":"product_cat","embeddable":true,"href":"https:\/\/alexathletics1982.com\/vi\/wp-json\/wp\/v2\/product_cat?post=3839"},{"taxonomy":"product_tag","embeddable":true,"href":"https:\/\/alexathletics1982.com\/vi\/wp-json\/wp\/v2\/product_tag?post=3839"}],"curies":[{"name":"wp","href":"https:\/\/api.w.org\/{rel}","templated":true}]}}